{"id":25048,"date":"2020-12-23T00:09:43","date_gmt":"2020-12-23T07:09:43","guid":{"rendered":"https:\/\/www.caesarstone.ca\/caesarstone-introduces-dramatic-calacatta-maximus-luxury-defined\/"},"modified":"2023-09-23T08:06:29","modified_gmt":"2023-09-23T14:06:29","slug":"caesarstone-surface-calacatta-maximus-le-luxe-defini","status":"publish","type":"page","link":"https:\/\/www.caesarstone.ca\/fr\/caesarstone-surface-calacatta-maximus-le-luxe-defini\/","title":{"rendered":"Caesarstone pr\u00e9sente CALACATTA MAXIMUS               Le luxe d\u00e9fini"},"content":{"rendered":"\n<p>Le&nbsp;5 octobre 2020.\u2014Caesarstone,&nbsp;l\u2019inventeur&nbsp;des surfaces en quartz,&nbsp;a le&nbsp;plaisir de vous pr\u00e9senter son nouveau produit&nbsp;novateur\u202f:&nbsp;5114 CALACATTA MAXIMUS.&nbsp;Dernier ajout \u00e0 la collection&nbsp;Supernatural,&nbsp;CALACATTA MAXIMUS&nbsp;maximise le style classique du marbre, avec la durabilit\u00e9 in\u00e9gal\u00e9e qui fait la renomm\u00e9e de&nbsp;Caesarstone.&nbsp;Offerte&nbsp;partout&nbsp;en&nbsp;Am\u00e9rique du Nord&nbsp;depuis le 5\u202foctobre,&nbsp;cette surface&nbsp;audacieuse&nbsp;est&nbsp;pr\u00eate&nbsp;pour un gros plan.&nbsp;<\/p>\n\n\n\n<p>\u00ab\u2009<strong>CALACATTA MAXIMUS<\/strong>&nbsp;pr\u00e9sente&nbsp;un&nbsp;merveilleux aspect luxueux et&nbsp;contemporain\u2009,&nbsp;affirme Elizabeth Margles, vice-pr\u00e9sidente du marketing de&nbsp;Caesarstone&nbsp;en Am\u00e9rique du Nord.&nbsp;\u2009Ses immenses veinures,&nbsp;avec leur effet&nbsp;\u0153uvre d\u2019art,&nbsp;en font le centre d\u2019attention de toute pi\u00e8ce o\u00f9 elle est install\u00e9e.&nbsp;Contrairement au marbre naturel, la surface&nbsp;<strong>CALACATTA MAXIMUS<\/strong>&nbsp;est non poreuse,&nbsp;comme tous les&nbsp;produits&nbsp;de&nbsp;Caesarstone,&nbsp;ce qui&nbsp;la rend&nbsp;facile \u00e0 nettoyer et tr\u00e8s hygi\u00e9nique.\u2009\u00bb&nbsp;<\/p>\n\n\n\n<p>Lorsqu\u2019il s\u2019agit de cr\u00e9er des motifs organiques frappants, la nature est ma\u00eetre.&nbsp;La beaut\u00e9 classique et \u00e9blouissante du marbre blanc italien en est un parfait exemple, montrant le passage du temps et ses origines montagneuses dans ses couches distinctives. Mais m\u00eame la nature peut \u00eatre am\u00e9lior\u00e9e. De nos jours, la magie du marbre prend vie dans les espaces r\u00e9sidentiels et commerciaux les plus tendance gr\u00e2ce au retour en force des veinures&nbsp;Calacatta&nbsp;pro\u00e9minentes. Avec des d\u00e9tails complexes qui r\u00e9v\u00e8lent l\u2019histoire de la source de la pierre naturelle dans les Alpes&nbsp;apuanes, dans la r\u00e9gion de Carrare du Nord de la Toscane, c\u2019est un look qui transforme les surfaces contemporaines en \u0153uvres d\u2019art d\u2019un graphisme saisissant.&nbsp;<strong>CALACATTA MAXIMUS&nbsp;<\/strong>pousse la tendance encore plus loin, en capturant toute la beaut\u00e9 du marbre et en l\u2019alliant \u00e0 la durabilit\u00e9 accrue et \u00e0 la qualit\u00e9 in\u00e9gal\u00e9e de&nbsp;Caesarstone.&nbsp;<\/p>\n\n\n\n<p>La surface&nbsp;CALACATTA MAXIMUS&nbsp;impressionne imm\u00e9diatement avec ses immenses veinures traversant le plan complexe de la dalle. Ajoutant une d\u00e9coration naturelle \u00e9blouissante qui dynamise son arri\u00e8re-plan d\u2019un blanc \u00e9pur\u00e9, les discr\u00e8tes veinures gr\u00e8ges, que font ressortir des saillies cuivr\u00e9es et dor\u00e9es, rappellent les authentiques gisements min\u00e9raux qu\u2019on trouve dans la nature.&nbsp;Ces traces de mouvement pro\u00e9minentes donnent un aspect saisissant et \u00e9l\u00e9gant aux comptoirs de cuisine, aux dosserets et aux \u00eelots.&nbsp;<\/p>\n\n\n\n<p>La surface&nbsp;CALACATTA MAXIMUS&nbsp;a \u00e9t\u00e9 habilement con\u00e7ue avec des veinures fluides&nbsp;mettant en valeur&nbsp;la beaut\u00e9 de la pierre.&nbsp;Caesarstone&nbsp;a r\u00e9volutionn\u00e9 l\u2019industrie en perfectionnant cette innovation qui permet aux designers de prendre deux dalles de la m\u00eame pierre et de les aligner pour cr\u00e9er une longue surface continue.&nbsp;Cette&nbsp;innovation&nbsp;sur les plans du&nbsp;design&nbsp;et&nbsp;de la&nbsp;production&nbsp;signifie que les dalles peuvent, pour la toute premi\u00e8re fois, \u00eatre align\u00e9es pour cr\u00e9er&nbsp;une longueur maximale&nbsp;convenant aux&nbsp;grands&nbsp;\u00eelots,&nbsp;aux&nbsp;comptoirs de cuisine,&nbsp;aux&nbsp;dosserets,&nbsp;aux&nbsp;parois de douche et&nbsp;aux&nbsp;murs. Une&nbsp;\u0153uvre&nbsp;d\u2019art dans n\u2019importe quelle pi\u00e8ce!\u202f&nbsp;<\/p>\n\n\n\n<p>Gr\u00e2ce \u00e0 sa puissance d\u2019\u00e9vocation \u00e9motionnelle, la surface&nbsp;CALACATTA MAXIMUS&nbsp;est parfaite pour cr\u00e9er un effet de luxe contemporain frappant. Jumel\u00e9e \u00e0 des accessoires en acier bross\u00e9 ou en chrome, elle produit un effet raffin\u00e9, comme une touche de glamour dans un espace autrement minimaliste. Voici quelques mat\u00e9riaux compl\u00e9mentaires qui se marient avec \u00e9quilibre aux dalles&nbsp;CALACATTA MAXIMUS\u202f: un parquet en ch\u00eane (\u00e9l\u00e9gance et discr\u00e9tion), du b\u00e9ton (d\u00e9cor industriel) ou des armoires et des carreaux noirs (effet contrast\u00e9). Le noyer am\u00e9ricain est une solution de rechange haut de gamme au blanc, puisqu\u2019il cr\u00e9e&nbsp;une ambiance plus chaleureuse. La combinaison de couleurs oppos\u00e9es, par exemple des murs aux teintes claires et des appareils color\u00e9s, cr\u00e9e&nbsp;quant \u00e0 elle&nbsp;du dynamisme.&nbsp;<\/p>\n\n\n\n<p>Les dalles&nbsp;CALACATTA MAXIMUS&nbsp;ont 20\u202fmm&nbsp;(3\/4\u202fpo)&nbsp;d\u2019\u00e9paisseur et la dimension standard de 3\u202f050\u202fmm&nbsp;(120\u202fpo)&nbsp;sur&nbsp;440\u202fmm&nbsp;(56 1\/2\u202fpo). Elles sont offertes en deux finis\u202f:&nbsp;le fini poli,&nbsp;qui lui donne un aspect plus d\u00e9fini et luxueux&nbsp;tout en&nbsp;conservant&nbsp;un brillant \u00e9clatant,&nbsp;et le fini naturel,&nbsp;qui met en valeur la beaut\u00e9 organique sans la brillance, avec une texture subtile et une exp\u00e9rience sensorielle chaleureuse.&nbsp;<\/p>\n\n\n\n<p>Comme toutes les surfaces en quartz&nbsp;Caesarstone,&nbsp;la surface&nbsp;<strong>5114 CALACATTA MAXIMUS<\/strong>&nbsp;est le mariage&nbsp;parfait entre&nbsp;nature et technologie\u202f:&nbsp;du quartz de premi\u00e8re qualit\u00e9&nbsp;qui est&nbsp;non poreux,&nbsp;durable, flexible&nbsp;et&nbsp;r\u00e9sistant aux \u00e9gratignures,&nbsp;aux taches&nbsp;et&nbsp;aux moisissures,&nbsp;et qui n\u00e9cessite moins d\u2019entretien que d\u2019autres surfaces en mat\u00e9riaux naturels.&nbsp;<\/p>\n\n\n\n<p><strong>About Caesarstone<\/strong><br>Caesarstone&nbsp;est un important fabricant de surfaces en quartz de premi\u00e8re qualit\u00e9.&nbsp;Fond\u00e9e en 1987, l\u2019entreprise s\u2019est impos\u00e9e comme une pionni\u00e8re gr\u00e2ce \u00e0 son expertise et \u00e0 ses technologies de pointe, et continue aujourd\u2019hui de mener le peloton avec ses nouvelles tendances et couleurs. Ses surfaces de grande qualit\u00e9, dont la teneur en quartz atteint les 93\u202f%, offrent la fra\u00eecheur et la solidit\u00e9 de la pierre naturelle et se pr\u00eatent \u00e0 maintes utilisations\u202f: comptoirs&nbsp;de cuisine et de salle de bain, rev\u00eatements muraux, meubles et plus encore. Les produits&nbsp;Caesarstone&nbsp;sont avant-gardistes, splendides et hautement fonctionnels.&nbsp;Gr\u00e2ce \u00e0 une gamme riche et unique de couleurs, de motifs et de textures, les clients n\u2019ont aucune difficult\u00e9 \u00e0 trouver leur surface de r\u00eave et \u00e0 se cr\u00e9er un espace bien \u00e0 eux. Et cette vaste gamme s\u2019enrichit constamment en fonction des toutes derni\u00e8res tendances mondiales et des normes internationales de qualit\u00e9 les plus strictes.&nbsp;Pour en savoir plus sur&nbsp;Caesarstone\u202f:&nbsp;<a href=\"https:\/\/www.caesarstone.ca\/fr\/\" target=\"_blank\" rel=\"noreferrer noopener\">www.caesarstone.ca<\/a>,&nbsp;<a href=\"https:\/\/www.facebook.com\/CaesarstoneCA\" target=\"_blank\" rel=\"noreferrer noopener\">Facebook<\/a>,&nbsp;<a href=\"https:\/\/twitter.com\/CaesarstoneCA\" target=\"_blank\" rel=\"noreferrer noopener\">Twitter<\/a>,&nbsp;<a href=\"https:\/\/www.youtube.com\/user\/caesarstoneCanada\" target=\"_blank\" rel=\"noreferrer noopener\">YouTube<\/a>,&nbsp;<a href=\"https:\/\/www.pinterest.ca\/caesarstoneca\/_created\/\" target=\"_blank\" rel=\"noreferrer noopener\">Pinterest<\/a>,&nbsp;et&nbsp;<a href=\"https:\/\/www.instagram.com\/caesarstoneca\/\" target=\"_blank\" rel=\"noreferrer noopener\">Instagram<\/a>.&nbsp;<\/p>\n\n\n\n<p>Press Contact:&nbsp;Elizabeth Margles, VP of Marketing Caesarstone North America<\/p>\n\n\n\n<p>Email: EMargles@caesarstone.com<\/p>\n","protected":false},"excerpt":{"rendered":"<p>Le&nbsp;5 octobre 2020.\u2014Caesarstone,&nbsp;l\u2019inventeur&nbsp;des surfaces en quartz,&nbsp;a le&nbsp;plaisir de vous pr\u00e9senter son nouveau produit&nbsp;novateur\u202f:&nbsp;5114 CALACATTA MAXIMUS.&nbsp;Dernier ajout \u00e0 la collection&nbsp;Supernatural,&nbsp;CALACATTA MAXIMUS&nbsp;maximise le style classique du marbre, avec la durabilit\u00e9 in\u00e9gal\u00e9e qui fait la renomm\u00e9e de&nbsp;Caesarstone.&nbsp;Offerte&nbsp;partout&nbsp;en&nbsp;Am\u00e9rique du Nord&nbsp;depuis le 5\u202foctobre,&nbsp;cette surface&nbsp;audacieuse&nbsp;est&nbsp;pr\u00eate&nbsp;pour un gros plan.&nbsp; \u00ab\u2009CALACATTA MAXIMUS&nbsp;pr\u00e9sente&nbsp;un&nbsp;merveilleux aspect luxueux et&nbsp;contemporain\u2009,&nbsp;affirme Elizabeth Margles, vice-pr\u00e9sidente du marketing de&nbsp;Caesarstone&nbsp;en Am\u00e9rique du [&hellip;]<\/p>\n","protected":false},"author":7,"featured_media":0,"parent":0,"menu_order":0,"comment_status":"closed","ping_status":"closed","template":"","meta":{"_acf_changed":false,"footnotes":""},"class_list":["post-25048","page","type-page","status-publish","hentry"],"acf":{"head_strip":{"":null,"background":null,"background_mobile":null,"title":"","subtitle":"","use_cta":false,"video_url":"","cta":null},"cs_related_posts":{"title":"","link":null,"articles":null,"show_pagination":false,"show_arrows":true,"space_desktop":{"top":0,"bottom":0},"space_mobile":{"top":0,"bottom":0},"background":"#f7f7f7","text_color":"#252525"},"related_post_card":{"title":"","desc":"","image":null,"video_url":""}},"yoast_head":"<!-- This site is optimized with the Yoast SEO Premium plugin v27.2 (Yoast SEO v27.2) - https:\/\/yoast.com\/product\/yoast-seo-premium-wordpress\/ -->\n<title>Caesarstone CALACATTA MAXIMUS Le luxe d\u00e9fini<\/title>\n<meta name=\"description\" content=\"Introducing CALACATTA MAXIMUS by Caesarstone: Defined luxury. Explore countertop ideas and styles at Caesarstone Canada.\" \/>\n<meta name=\"robots\" content=\"index, follow, max-snippet:-1, max-image-preview:large, max-video-preview:-1\" \/>\n<link rel=\"canonical\" href=\"https:\/\/www.caesarstone.ca\/fr\/caesarstone-surface-calacatta-maximus-le-luxe-defini\/\" \/>\n<meta property=\"og:locale\" content=\"fr_CA\" \/>\n<meta property=\"og:type\" content=\"article\" \/>\n<meta property=\"og:title\" content=\"Caesarstone pr\u00e9sente CALACATTA MAXIMUS        Le luxe d\u00e9fini\" \/>\n<meta property=\"og:description\" content=\"Introducing CALACATTA MAXIMUS by Caesarstone: Defined luxury. Explore countertop ideas and styles at Caesarstone Canada.\" \/>\n<meta property=\"og:url\" content=\"https:\/\/www.caesarstone.ca\/fr\/caesarstone-surface-calacatta-maximus-le-luxe-defini\/\" \/>\n<meta property=\"og:site_name\" content=\"Caesarstone Canada\" \/>\n<meta property=\"article:publisher\" content=\"https:\/\/www.facebook.com\/CaesarstoneCA\" \/>\n<meta property=\"article:modified_time\" content=\"2023-09-23T14:06:29+00:00\" \/>\n<meta name=\"twitter:card\" content=\"summary_large_image\" \/>\n<meta name=\"twitter:label1\" content=\"Est. reading time\" \/>\n\t<meta name=\"twitter:data1\" content=\"4 minutes\" \/>\n<script type=\"application\/ld+json\" class=\"yoast-schema-graph\">{\"@context\":\"https:\/\/schema.org\",\"@graph\":[{\"@type\":\"WebPage\",\"@id\":\"https:\/\/www.caesarstone.ca\/fr\/caesarstone-surface-calacatta-maximus-le-luxe-defini\/\",\"url\":\"https:\/\/www.caesarstone.ca\/fr\/caesarstone-surface-calacatta-maximus-le-luxe-defini\/\",\"name\":\"Caesarstone CALACATTA MAXIMUS Le luxe d\u00e9fini\",\"isPartOf\":{\"@id\":\"https:\/\/www.caesarstone.ca\/fr\/#website\"},\"datePublished\":\"2020-12-23T07:09:43+00:00\",\"dateModified\":\"2023-09-23T14:06:29+00:00\",\"description\":\"Introducing CALACATTA MAXIMUS by Caesarstone: Defined luxury. Explore countertop ideas and styles at Caesarstone Canada.\",\"breadcrumb\":{\"@id\":\"https:\/\/www.caesarstone.ca\/fr\/caesarstone-surface-calacatta-maximus-le-luxe-defini\/#breadcrumb\"},\"inLanguage\":\"fr-CA\",\"potentialAction\":[{\"@type\":\"ReadAction\",\"target\":[\"https:\/\/www.caesarstone.ca\/fr\/caesarstone-surface-calacatta-maximus-le-luxe-defini\/\"]}]},{\"@type\":\"BreadcrumbList\",\"@id\":\"https:\/\/www.caesarstone.ca\/fr\/caesarstone-surface-calacatta-maximus-le-luxe-defini\/#breadcrumb\",\"itemListElement\":[{\"@type\":\"ListItem\",\"position\":1,\"name\":\"Home\",\"item\":\"https:\/\/www.caesarstone.ca\/fr\/\"},{\"@type\":\"ListItem\",\"position\":2,\"name\":\"Caesarstone pr\u00e9sente CALACATTA MAXIMUS Le luxe d\u00e9fini\"}]},{\"@type\":\"WebSite\",\"@id\":\"https:\/\/www.caesarstone.ca\/fr\/#website\",\"url\":\"https:\/\/www.caesarstone.ca\/fr\/\",\"name\":\"Caesarstone Canada\",\"description\":\"Life in Stone\",\"publisher\":{\"@id\":\"https:\/\/www.caesarstone.ca\/fr\/#organization\"},\"potentialAction\":[{\"@type\":\"SearchAction\",\"target\":{\"@type\":\"EntryPoint\",\"urlTemplate\":\"https:\/\/www.caesarstone.ca\/fr\/?s={search_term_string}\"},\"query-input\":{\"@type\":\"PropertyValueSpecification\",\"valueRequired\":true,\"valueName\":\"search_term_string\"}}],\"inLanguage\":\"fr-CA\"},{\"@type\":\"Organization\",\"@id\":\"https:\/\/www.caesarstone.ca\/fr\/#organization\",\"name\":\"Caesarstone Canada\",\"url\":\"https:\/\/www.caesarstone.ca\/fr\/\",\"logo\":{\"@type\":\"ImageObject\",\"inLanguage\":\"fr-CA\",\"@id\":\"https:\/\/www.caesarstone.ca\/fr\/#\/schema\/logo\/image\/\",\"url\":\"https:\/\/www.caesarstone.ca\/wp-content\/uploads\/sites\/5\/2026\/03\/Caesarstone_logo.jpg\",\"contentUrl\":\"https:\/\/www.caesarstone.ca\/wp-content\/uploads\/sites\/5\/2026\/03\/Caesarstone_logo.jpg\",\"width\":1000,\"height\":158,\"caption\":\"Caesarstone Canada\"},\"image\":{\"@id\":\"https:\/\/www.caesarstone.ca\/fr\/#\/schema\/logo\/image\/\"},\"sameAs\":[\"https:\/\/www.facebook.com\/CaesarstoneCA\",\"https:\/\/www.instagram.com\/caesarstoneca\/\",\"https:\/\/www.linkedin.com\/company\/caesarstone-canada\/\",\"https:\/\/www.youtube.com\/@CaesarstoneNA\"]}]}<\/script>\n<!-- \/ Yoast SEO Premium plugin. -->","yoast_head_json":{"title":"Caesarstone CALACATTA MAXIMUS Le luxe d\u00e9fini","description":"Introducing CALACATTA MAXIMUS by Caesarstone: Defined luxury. Explore countertop ideas and styles at Caesarstone Canada.","robots":{"index":"index","follow":"follow","max-snippet":"max-snippet:-1","max-image-preview":"max-image-preview:large","max-video-preview":"max-video-preview:-1"},"canonical":"https:\/\/www.caesarstone.ca\/fr\/caesarstone-surface-calacatta-maximus-le-luxe-defini\/","og_locale":"fr_CA","og_type":"article","og_title":"Caesarstone pr\u00e9sente CALACATTA MAXIMUS        Le luxe d\u00e9fini","og_description":"Introducing CALACATTA MAXIMUS by Caesarstone: Defined luxury. Explore countertop ideas and styles at Caesarstone Canada.","og_url":"https:\/\/www.caesarstone.ca\/fr\/caesarstone-surface-calacatta-maximus-le-luxe-defini\/","og_site_name":"Caesarstone Canada","article_publisher":"https:\/\/www.facebook.com\/CaesarstoneCA","article_modified_time":"2023-09-23T14:06:29+00:00","twitter_card":"summary_large_image","twitter_misc":{"Est. reading time":"4 minutes"},"schema":{"@context":"https:\/\/schema.org","@graph":[{"@type":"WebPage","@id":"https:\/\/www.caesarstone.ca\/fr\/caesarstone-surface-calacatta-maximus-le-luxe-defini\/","url":"https:\/\/www.caesarstone.ca\/fr\/caesarstone-surface-calacatta-maximus-le-luxe-defini\/","name":"Caesarstone CALACATTA MAXIMUS Le luxe d\u00e9fini","isPartOf":{"@id":"https:\/\/www.caesarstone.ca\/fr\/#website"},"datePublished":"2020-12-23T07:09:43+00:00","dateModified":"2023-09-23T14:06:29+00:00","description":"Introducing CALACATTA MAXIMUS by Caesarstone: Defined luxury. Explore countertop ideas and styles at Caesarstone Canada.","breadcrumb":{"@id":"https:\/\/www.caesarstone.ca\/fr\/caesarstone-surface-calacatta-maximus-le-luxe-defini\/#breadcrumb"},"inLanguage":"fr-CA","potentialAction":[{"@type":"ReadAction","target":["https:\/\/www.caesarstone.ca\/fr\/caesarstone-surface-calacatta-maximus-le-luxe-defini\/"]}]},{"@type":"BreadcrumbList","@id":"https:\/\/www.caesarstone.ca\/fr\/caesarstone-surface-calacatta-maximus-le-luxe-defini\/#breadcrumb","itemListElement":[{"@type":"ListItem","position":1,"name":"Home","item":"https:\/\/www.caesarstone.ca\/fr\/"},{"@type":"ListItem","position":2,"name":"Caesarstone pr\u00e9sente CALACATTA MAXIMUS Le luxe d\u00e9fini"}]},{"@type":"WebSite","@id":"https:\/\/www.caesarstone.ca\/fr\/#website","url":"https:\/\/www.caesarstone.ca\/fr\/","name":"Caesarstone Canada","description":"Life in Stone","publisher":{"@id":"https:\/\/www.caesarstone.ca\/fr\/#organization"},"potentialAction":[{"@type":"SearchAction","target":{"@type":"EntryPoint","urlTemplate":"https:\/\/www.caesarstone.ca\/fr\/?s={search_term_string}"},"query-input":{"@type":"PropertyValueSpecification","valueRequired":true,"valueName":"search_term_string"}}],"inLanguage":"fr-CA"},{"@type":"Organization","@id":"https:\/\/www.caesarstone.ca\/fr\/#organization","name":"Caesarstone Canada","url":"https:\/\/www.caesarstone.ca\/fr\/","logo":{"@type":"ImageObject","inLanguage":"fr-CA","@id":"https:\/\/www.caesarstone.ca\/fr\/#\/schema\/logo\/image\/","url":"https:\/\/www.caesarstone.ca\/wp-content\/uploads\/sites\/5\/2026\/03\/Caesarstone_logo.jpg","contentUrl":"https:\/\/www.caesarstone.ca\/wp-content\/uploads\/sites\/5\/2026\/03\/Caesarstone_logo.jpg","width":1000,"height":158,"caption":"Caesarstone Canada"},"image":{"@id":"https:\/\/www.caesarstone.ca\/fr\/#\/schema\/logo\/image\/"},"sameAs":["https:\/\/www.facebook.com\/CaesarstoneCA","https:\/\/www.instagram.com\/caesarstoneca\/","https:\/\/www.linkedin.com\/company\/caesarstone-canada\/","https:\/\/www.youtube.com\/@CaesarstoneNA"]}]}},"_links":{"self":[{"href":"https:\/\/www.caesarstone.ca\/fr\/wp-json\/wp\/v2\/pages\/25048","targetHints":{"allow":["GET"]}}],"collection":[{"href":"https:\/\/www.caesarstone.ca\/fr\/wp-json\/wp\/v2\/pages"}],"about":[{"href":"https:\/\/www.caesarstone.ca\/fr\/wp-json\/wp\/v2\/types\/page"}],"author":[{"embeddable":true,"href":"https:\/\/www.caesarstone.ca\/fr\/wp-json\/wp\/v2\/users\/7"}],"replies":[{"embeddable":true,"href":"https:\/\/www.caesarstone.ca\/fr\/wp-json\/wp\/v2\/comments?post=25048"}],"version-history":[{"count":2,"href":"https:\/\/www.caesarstone.ca\/fr\/wp-json\/wp\/v2\/pages\/25048\/revisions"}],"predecessor-version":[{"id":25116,"href":"https:\/\/www.caesarstone.ca\/fr\/wp-json\/wp\/v2\/pages\/25048\/revisions\/25116"}],"wp:attachment":[{"href":"https:\/\/www.caesarstone.ca\/fr\/wp-json\/wp\/v2\/media?parent=25048"}],"curies":[{"name":"wp","href":"https:\/\/api.w.org\/{rel}","templated":true}]}}