{"id":25050,"date":"2021-01-11T03:35:55","date_gmt":"2021-01-11T10:35:55","guid":{"rendered":"https:\/\/www.caesarstone.ca\/accessibility-statement\/"},"modified":"2024-02-19T09:21:34","modified_gmt":"2024-02-19T16:21:34","slug":"avis-daccessibilite","status":"publish","type":"page","link":"https:\/\/www.caesarstone.ca\/fr\/avis-daccessibilite\/","title":{"rendered":"Avis d\u2019accessibilit\u00e9"},"content":{"rendered":"\n<p><strong>Le site web de Caesarstone<\/strong> s&rsquo;engage \u00e0 fournir au public en g\u00e9n\u00e9ral qui utilise le site un contenu aussi accessible que possible, peu importe la technologie sur laquelle le site a \u00e9t\u00e9 construit. On s&rsquo;efforce de mettre \u00e0 jour et de mettre en \u0153uvre les r\u00e8gles d&rsquo;accessibilit\u00e9 autant que possible, conform\u00e9ment aux normes d&rsquo;accessibilit\u00e9.<\/p>\n\n\n\n<p>Le site web est optimis\u00e9 pour l&rsquo;accessibilit\u00e9 de niveau 2 (AA) des directives d&rsquo;accessibilit\u00e9 au contenu Web (WCAG) 2.1 du World Wide Web Consortium (W3C). Dans les liens suivants, vous trouverez les directives d&rsquo;accessibilit\u00e9 du site web <a href=\"http:\/\/www.w3.org\/TR\/WCAG20\/\">en anglais<\/a>. Le site a \u00e9t\u00e9 construit selon les normes du W3C pour le CSS et l&rsquo;HTML. Le site web est optimis\u00e9 pour s&rsquo;afficher dans les principaux navigateurs Web, tels que Google Chrome et Firefox. Pour plus d&rsquo;informations et pour consulter le plan d&rsquo;accessibilit\u00e9 de Caesarstone, veuillez <a href=\"https:\/\/www.caesarstone.ca\/wp-content\/uploads\/sites\/5\/2024\/02\/AODACompliant-Multi-Year-Accessibility-Plan-Dec2023-Frenhtranslated.pdf\">cliquer ici<\/a>.<\/p>\n\n\n\n<p><strong>Navigation facile sur le site<\/strong><\/p>\n\n\n\n<p>Vous pouvez naviguer dans le site en avant avec le bouton TAB. Pour naviguer en arri\u00e8re, appuyez sur la combinaison de touches : SHIFT + TAB.<\/p>\n\n\n\n<p>Avant la navigation principale du site, il y a un bouton cach\u00e9 qui appara\u00eet lorsqu&rsquo;il re\u00e7oit le focus du clavier. En cliquant dessus, une fen\u00eatre contextuelle s&rsquo;ouvrira. Dans la fen\u00eatre, le menu du site appara\u00eetra. Il peut \u00eatre ferm\u00e9 en appuyant sur le bouton \u00ab ESC \u00bb sur le clavier, ou en cliquant sur le bouton \u00ab fermer \u00bb dans le menu. Vous pouvez \u00e9galement naviguer avec les petites fl\u00e8ches du clavier (haut et bas).<\/p>\n\n\n\n<p>Vous pouvez naviguer dans le menu principal en utilisant \u00ab TAB \u00bb et \u00ab SHIFT + TAB \u00bb.<\/p>\n\n\n\n<p>En haut du site, il y a des boutons qui permettent de changer la taille de la police et les couleurs du site web, pour faciliter la visualisation.<\/p>\n\n\n\n<p>Pour aider \u00e0 entrer des informations dans les formulaires du site web, il y a un outil unique qui agrandit le texte lorsque vous tapez dans les champs de formulaire. L&rsquo;outil s&rsquo;ouvre et se ferme automatiquement lorsque vous \u00eates dans un champ de formulaire, et n&rsquo;interf\u00e8re pas avec le remplissage du formulaire.<\/p>\n\n\n\n<p><strong>Navigation dans les zones<\/strong><\/p>\n\n\n\n<p>Le site est divis\u00e9 en zones, telles que la zone de contenu principal et le menu polyvalent. Au d\u00e9but de chaque zone, il y a un titre de niveau 5 indiquant le nom de la zone dans laquelle vous vous trouvez. Certains des titres sont \u00e9galement des liens, ce qui vous permet de sauter cette zone et d&rsquo;atteindre le contenu souhait\u00e9 plus rapidement. Par exemple, il est possible de sauter le menu principal.<\/p>\n\n\n\n<p>Utilisation du clavier pour l&rsquo;affichage des dates<\/p>\n\n\n\n<p><strong>Touche gauche sur le clavier<\/strong> \u2014 d\u00e9place le focus du clavier vers le jour pr\u00e9c\u00e9dent. La s\u00e9lection se d\u00e9placera vers le dernier jour du mois pr\u00e9c\u00e9dent, si le jour actuel est le premier du mois.<\/p>\n\n\n\n<p><strong>Touche droite sur le clavier<\/strong> \u2014 d\u00e9place le focus vers le jour suivant. La s\u00e9lection se d\u00e9placera vers le premier jour du mois suivant si le jour actuel est le dernier du mois.<\/p>\n\n\n\n<p><strong>Touche haut sur le clavier<\/strong> \u2014 d\u00e9place le focus vers le m\u00eame jour de la semaine pr\u00e9c\u00e9dente. En continuant \u00e0 taper dans la m\u00eame direction, vous serez transf\u00e9r\u00e9 vers le m\u00eame jour du mois pr\u00e9c\u00e9dent.<\/p>\n\n\n\n<p><strong>Touche bas sur le clavier<\/strong> \u2014 d\u00e9place le focus vers le m\u00eame jour de la semaine suivante. En continuant \u00e0 taper dans la m\u00eame direction, vous serez transf\u00e9r\u00e9 vers le m\u00eame jour du mois suivant.<\/p>\n\n\n\n<p><strong>PgUP<\/strong> \u2014 d\u00e9place le focus vers le m\u00eame jour du mois pr\u00e9c\u00e9dent. Si la date n&rsquo;est pas disponible, le focus sera d\u00e9plac\u00e9 vers le dernier jour de ce mois.<\/p>\n\n\n\n<p><strong>PgDn<\/strong> \u2014 d\u00e9place le focus vers le m\u00eame jour du mois suivant. Si la date n&rsquo;est pas disponible, le focus sera d\u00e9plac\u00e9 vers le dernier jour de ce mois.<\/p>\n\n\n\n<p><strong>Ctrl + PgUp<\/strong> \u2014 d\u00e9place le focus vers le m\u00eame jour de l&rsquo;ann\u00e9e pr\u00e9c\u00e9dente. Si la date n&rsquo;est pas disponible, le focus sera d\u00e9plac\u00e9 vers le dernier jour de ce mois.<\/p>\n\n\n\n<p><strong>Ctrl + PgUp<\/strong> \u2014 d\u00e9place le focus vers le m\u00eame jour de l&rsquo;ann\u00e9e suivante. Si la date n&rsquo;est pas disponible, le focus sera d\u00e9plac\u00e9 vers le dernier jour de ce mois.<\/p>\n\n\n\n<p><strong>Home<\/strong> \u2014 d\u00e9place le focus vers le premier jour du mois pr\u00e9c\u00e9dent.<\/p>\n\n\n\n<p><strong>End<\/strong> \u2014 d\u00e9place le focus vers le dernier jour de ce mois.<\/p>\n\n\n\n<p><strong>Tab \/ Shift + Tab<\/strong> \u2014 si l&rsquo;affichage de la date est en mode Modl, vous pouvez naviguer en s\u00e9lectionnant les boutons ferm\u00e9s\/pr\u00e9c\u00e9dents\/suivants. Dans tous les autres cas, allez aux cases de texte \u00ab connexes \u00bb pour choisir dans l&rsquo;affichage de la date.<\/p>\n\n\n\n<p><strong>Entr\u00e9e \/ Espace<\/strong> \u2014 ouvre la zone de texte pour entrer une date.<\/p>\n\n\n\n<p><strong>R\u00e8gles ARIA<\/strong><\/p>\n\n\n\n<p>Si vous utilisez un logiciel de lecture d&rsquo;\u00e9cran ou d&rsquo;autres technologies d&rsquo;assistance, sachez que dans ce site, les r\u00e8gles Aria ont \u00e9t\u00e9 prises en compte. Ces r\u00e8gles aident \u00e0 interpr\u00e9ter le contenu du site de mani\u00e8re pr\u00e9cise et meilleure pour ces technologies, afin que la technologie que vous utilisez vous fournisse la signification exacte des \u00e9l\u00e9ments existants sur la page.<\/p>\n\n\n\n<p><strong>Probl\u00e8mes d&rsquo;accessibilit\u00e9 du site web<\/strong><\/p>\n\n\n\n<p>Le composant Visualizer \u00e0 l&rsquo;int\u00e9rieur du site web est construit sur une utilisation novatrice des technologies 3D WebGL. Ces technologies ont \u00e9volu\u00e9 \u00e0 partir de l&rsquo;industrie du jeu et n&rsquo;ont \u00e9t\u00e9 introduites dans le monde des applications web que r\u00e9cemment en tant que nouvelle fa\u00e7on d&rsquo;explorer le navigateur. En essence, ces technologies sont con\u00e7ues pour permettre \u00e0 terme une interaction 3D plus naturelle et r\u00e9elle avec l&rsquo;environnement, et sont cens\u00e9es \u00eatre prises en charge sur divers appareils &#8211; allant des t\u00e9l\u00e9phones mobiles aux ordinateurs de bureau en passant par les casques de r\u00e9alit\u00e9 virtuelle. Cependant, \u00e9tant donn\u00e9 que le facteur de forme varie beaucoup et que la technologie est encore en \u00e9volution, il n&rsquo;existe actuellement aucune norme pour un acc\u00e8s et une manipulation corrects de la 3D de mani\u00e8re applicative. De plus, les m\u00e9thodes UX appropri\u00e9es sont encore en formation et aucune application n&rsquo;est totalement identique. Pour ces raisons, les normes d&rsquo;accessibilit\u00e9 actuelles ne s&rsquo;appliquent pas au composant Visualizers.<\/p>\n\n\n\n<p><strong>Un probl\u00e8me trouv\u00e9? Dites-le nous!<\/strong><\/p>\n\n\n\n<p>Soyez conscient que nos efforts sont continus. Nous essayons de maintenir le site au plus haut niveau. Si vous avez des probl\u00e8mes de navigation sur le site, ou si vous avez remarqu\u00e9 des probl\u00e8mes d&rsquo;accessibilit\u00e9 en particulier, n&rsquo;h\u00e9sitez pas \u00e0 nous contacter via le <a href=\"https:\/\/www.caesarstone.ca\/fr\/contactez-nous\/\">formulaire de contact<\/a>, \u00e0 nous appeler au 877.9QUARTZ (978.2789) ou \u00e0 nous envoyer une lettre \u00e0 1<strong>401 W. Morehead Charlotte, NC 28208, USA<\/strong> afin que nous puissions r\u00e9soudre le probl\u00e8me de la meilleure fa\u00e7on possible. Veuillez inclure autant d&rsquo;informations que possible:<\/p>\n\n\n\n<ul class=\"wp-block-list\">\n<li>Description du probl\u00e8me<\/li>\n\n\n\n<li>Type et version de votre navigateur<\/li>\n\n\n\n<li>Votre syst\u00e8me d&rsquo;exploitation<\/li>\n\n\n\n<li>Votre technologie d&rsquo;assistance (si utilis\u00e9e)<\/li>\n\n\n\n<li>Sur quelle page avez-vous rencontr\u00e9 le probl\u00e8me?<\/li>\n\n\n\n<li>Quelle action essayiez-vous de r\u00e9aliser?<\/li>\n<\/ul>\n\n\n\n<p>Nous nous occuperons du probl\u00e8me et vous r\u00e9pondrons d\u00e8s que possible.<\/p>\n","protected":false},"excerpt":{"rendered":"<p>Le site web de Caesarstone s&rsquo;engage \u00e0 fournir au public en g\u00e9n\u00e9ral qui utilise le site un contenu aussi accessible que possible, peu importe la technologie sur laquelle le site a \u00e9t\u00e9 construit. On s&rsquo;efforce de mettre \u00e0 jour et de mettre en \u0153uvre les r\u00e8gles d&rsquo;accessibilit\u00e9 autant que possible, conform\u00e9ment aux normes d&rsquo;accessibilit\u00e9. Le [&hellip;]<\/p>\n","protected":false},"author":5,"featured_media":0,"parent":0,"menu_order":0,"comment_status":"closed","ping_status":"closed","template":"","meta":{"_acf_changed":false,"footnotes":""},"class_list":["post-25050","page","type-page","status-publish","hentry"],"acf":{"head_strip":{"":null,"background":null,"background_mobile":null,"title":"","subtitle":"","use_cta":false,"video_url":"","cta":null},"cs_related_posts":{"title":"","link":null,"articles":null,"show_pagination":false,"show_arrows":true,"space_desktop":{"top":0,"bottom":0},"space_mobile":{"top":0,"bottom":0},"background":"#f7f7f7","text_color":"#252525"},"related_post_card":{"title":"","desc":"","image":null,"video_url":""}},"yoast_head":"<!-- This site is optimized with the Yoast SEO Premium plugin v27.2 (Yoast SEO v27.2) - https:\/\/yoast.com\/product\/yoast-seo-premium-wordpress\/ -->\n<title>Avis d\u2019accessibilit\u00e9 - Caesarstone Canada<\/title>\n<meta name=\"description\" content=\"Avis d\u2019accessibilit\u00e9. Get inspired and discover your own personal style. Click, to explore great countertop ideas and design styles from Caesarstone Canada.\" \/>\n<meta name=\"robots\" content=\"index, follow, max-snippet:-1, max-image-preview:large, max-video-preview:-1\" \/>\n<link rel=\"canonical\" href=\"https:\/\/www.caesarstone.ca\/fr\/avis-daccessibilite\/\" \/>\n<meta property=\"og:locale\" content=\"fr_CA\" \/>\n<meta property=\"og:type\" content=\"article\" \/>\n<meta property=\"og:title\" content=\"Avis d\u2019accessibilit\u00e9\" \/>\n<meta property=\"og:description\" content=\"Avis d\u2019accessibilit\u00e9. Get inspired and discover your own personal style. Click, to explore great countertop ideas and design styles from Caesarstone Canada.\" \/>\n<meta property=\"og:url\" content=\"https:\/\/www.caesarstone.ca\/fr\/avis-daccessibilite\/\" \/>\n<meta property=\"og:site_name\" content=\"Caesarstone Canada\" \/>\n<meta property=\"article:publisher\" content=\"https:\/\/www.facebook.com\/CaesarstoneCA\" \/>\n<meta property=\"article:modified_time\" content=\"2024-02-19T16:21:34+00:00\" \/>\n<meta name=\"twitter:card\" content=\"summary_large_image\" \/>\n<meta name=\"twitter:label1\" content=\"Est. reading time\" \/>\n\t<meta name=\"twitter:data1\" content=\"5 minutes\" \/>\n<script type=\"application\/ld+json\" class=\"yoast-schema-graph\">{\"@context\":\"https:\/\/schema.org\",\"@graph\":[{\"@type\":\"WebPage\",\"@id\":\"https:\/\/www.caesarstone.ca\/fr\/avis-daccessibilite\/\",\"url\":\"https:\/\/www.caesarstone.ca\/fr\/avis-daccessibilite\/\",\"name\":\"Avis d\u2019accessibilit\u00e9 - Caesarstone Canada\",\"isPartOf\":{\"@id\":\"https:\/\/www.caesarstone.ca\/fr\/#website\"},\"datePublished\":\"2021-01-11T10:35:55+00:00\",\"dateModified\":\"2024-02-19T16:21:34+00:00\",\"description\":\"Avis d\u2019accessibilit\u00e9. Get inspired and discover your own personal style. Click, to explore great countertop ideas and design styles from Caesarstone Canada.\",\"breadcrumb\":{\"@id\":\"https:\/\/www.caesarstone.ca\/fr\/avis-daccessibilite\/#breadcrumb\"},\"inLanguage\":\"fr-CA\",\"potentialAction\":[{\"@type\":\"ReadAction\",\"target\":[\"https:\/\/www.caesarstone.ca\/fr\/avis-daccessibilite\/\"]}]},{\"@type\":\"BreadcrumbList\",\"@id\":\"https:\/\/www.caesarstone.ca\/fr\/avis-daccessibilite\/#breadcrumb\",\"itemListElement\":[{\"@type\":\"ListItem\",\"position\":1,\"name\":\"Home\",\"item\":\"https:\/\/www.caesarstone.ca\/fr\/\"},{\"@type\":\"ListItem\",\"position\":2,\"name\":\"Avis d\u2019accessibilit\u00e9\"}]},{\"@type\":\"WebSite\",\"@id\":\"https:\/\/www.caesarstone.ca\/fr\/#website\",\"url\":\"https:\/\/www.caesarstone.ca\/fr\/\",\"name\":\"Caesarstone Canada\",\"description\":\"Life in Stone\",\"publisher\":{\"@id\":\"https:\/\/www.caesarstone.ca\/fr\/#organization\"},\"potentialAction\":[{\"@type\":\"SearchAction\",\"target\":{\"@type\":\"EntryPoint\",\"urlTemplate\":\"https:\/\/www.caesarstone.ca\/fr\/?s={search_term_string}\"},\"query-input\":{\"@type\":\"PropertyValueSpecification\",\"valueRequired\":true,\"valueName\":\"search_term_string\"}}],\"inLanguage\":\"fr-CA\"},{\"@type\":\"Organization\",\"@id\":\"https:\/\/www.caesarstone.ca\/fr\/#organization\",\"name\":\"Caesarstone Canada\",\"url\":\"https:\/\/www.caesarstone.ca\/fr\/\",\"logo\":{\"@type\":\"ImageObject\",\"inLanguage\":\"fr-CA\",\"@id\":\"https:\/\/www.caesarstone.ca\/fr\/#\/schema\/logo\/image\/\",\"url\":\"https:\/\/www.caesarstone.ca\/wp-content\/uploads\/sites\/5\/2026\/03\/Caesarstone_logo.jpg\",\"contentUrl\":\"https:\/\/www.caesarstone.ca\/wp-content\/uploads\/sites\/5\/2026\/03\/Caesarstone_logo.jpg\",\"width\":1000,\"height\":158,\"caption\":\"Caesarstone Canada\"},\"image\":{\"@id\":\"https:\/\/www.caesarstone.ca\/fr\/#\/schema\/logo\/image\/\"},\"sameAs\":[\"https:\/\/www.facebook.com\/CaesarstoneCA\",\"https:\/\/www.instagram.com\/caesarstoneca\/\",\"https:\/\/www.linkedin.com\/company\/caesarstone-canada\/\",\"https:\/\/www.youtube.com\/@CaesarstoneNA\"]}]}<\/script>\n<!-- \/ Yoast SEO Premium plugin. -->","yoast_head_json":{"title":"Avis d\u2019accessibilit\u00e9 - Caesarstone Canada","description":"Avis d\u2019accessibilit\u00e9. Get inspired and discover your own personal style. Click, to explore great countertop ideas and design styles from Caesarstone Canada.","robots":{"index":"index","follow":"follow","max-snippet":"max-snippet:-1","max-image-preview":"max-image-preview:large","max-video-preview":"max-video-preview:-1"},"canonical":"https:\/\/www.caesarstone.ca\/fr\/avis-daccessibilite\/","og_locale":"fr_CA","og_type":"article","og_title":"Avis d\u2019accessibilit\u00e9","og_description":"Avis d\u2019accessibilit\u00e9. Get inspired and discover your own personal style. Click, to explore great countertop ideas and design styles from Caesarstone Canada.","og_url":"https:\/\/www.caesarstone.ca\/fr\/avis-daccessibilite\/","og_site_name":"Caesarstone Canada","article_publisher":"https:\/\/www.facebook.com\/CaesarstoneCA","article_modified_time":"2024-02-19T16:21:34+00:00","twitter_card":"summary_large_image","twitter_misc":{"Est. reading time":"5 minutes"},"schema":{"@context":"https:\/\/schema.org","@graph":[{"@type":"WebPage","@id":"https:\/\/www.caesarstone.ca\/fr\/avis-daccessibilite\/","url":"https:\/\/www.caesarstone.ca\/fr\/avis-daccessibilite\/","name":"Avis d\u2019accessibilit\u00e9 - Caesarstone Canada","isPartOf":{"@id":"https:\/\/www.caesarstone.ca\/fr\/#website"},"datePublished":"2021-01-11T10:35:55+00:00","dateModified":"2024-02-19T16:21:34+00:00","description":"Avis d\u2019accessibilit\u00e9. Get inspired and discover your own personal style. Click, to explore great countertop ideas and design styles from Caesarstone Canada.","breadcrumb":{"@id":"https:\/\/www.caesarstone.ca\/fr\/avis-daccessibilite\/#breadcrumb"},"inLanguage":"fr-CA","potentialAction":[{"@type":"ReadAction","target":["https:\/\/www.caesarstone.ca\/fr\/avis-daccessibilite\/"]}]},{"@type":"BreadcrumbList","@id":"https:\/\/www.caesarstone.ca\/fr\/avis-daccessibilite\/#breadcrumb","itemListElement":[{"@type":"ListItem","position":1,"name":"Home","item":"https:\/\/www.caesarstone.ca\/fr\/"},{"@type":"ListItem","position":2,"name":"Avis d\u2019accessibilit\u00e9"}]},{"@type":"WebSite","@id":"https:\/\/www.caesarstone.ca\/fr\/#website","url":"https:\/\/www.caesarstone.ca\/fr\/","name":"Caesarstone Canada","description":"Life in Stone","publisher":{"@id":"https:\/\/www.caesarstone.ca\/fr\/#organization"},"potentialAction":[{"@type":"SearchAction","target":{"@type":"EntryPoint","urlTemplate":"https:\/\/www.caesarstone.ca\/fr\/?s={search_term_string}"},"query-input":{"@type":"PropertyValueSpecification","valueRequired":true,"valueName":"search_term_string"}}],"inLanguage":"fr-CA"},{"@type":"Organization","@id":"https:\/\/www.caesarstone.ca\/fr\/#organization","name":"Caesarstone Canada","url":"https:\/\/www.caesarstone.ca\/fr\/","logo":{"@type":"ImageObject","inLanguage":"fr-CA","@id":"https:\/\/www.caesarstone.ca\/fr\/#\/schema\/logo\/image\/","url":"https:\/\/www.caesarstone.ca\/wp-content\/uploads\/sites\/5\/2026\/03\/Caesarstone_logo.jpg","contentUrl":"https:\/\/www.caesarstone.ca\/wp-content\/uploads\/sites\/5\/2026\/03\/Caesarstone_logo.jpg","width":1000,"height":158,"caption":"Caesarstone Canada"},"image":{"@id":"https:\/\/www.caesarstone.ca\/fr\/#\/schema\/logo\/image\/"},"sameAs":["https:\/\/www.facebook.com\/CaesarstoneCA","https:\/\/www.instagram.com\/caesarstoneca\/","https:\/\/www.linkedin.com\/company\/caesarstone-canada\/","https:\/\/www.youtube.com\/@CaesarstoneNA"]}]}},"_links":{"self":[{"href":"https:\/\/www.caesarstone.ca\/fr\/wp-json\/wp\/v2\/pages\/25050","targetHints":{"allow":["GET"]}}],"collection":[{"href":"https:\/\/www.caesarstone.ca\/fr\/wp-json\/wp\/v2\/pages"}],"about":[{"href":"https:\/\/www.caesarstone.ca\/fr\/wp-json\/wp\/v2\/types\/page"}],"author":[{"embeddable":true,"href":"https:\/\/www.caesarstone.ca\/fr\/wp-json\/wp\/v2\/users\/5"}],"replies":[{"embeddable":true,"href":"https:\/\/www.caesarstone.ca\/fr\/wp-json\/wp\/v2\/comments?post=25050"}],"version-history":[{"count":5,"href":"https:\/\/www.caesarstone.ca\/fr\/wp-json\/wp\/v2\/pages\/25050\/revisions"}],"predecessor-version":[{"id":71058,"href":"https:\/\/www.caesarstone.ca\/fr\/wp-json\/wp\/v2\/pages\/25050\/revisions\/71058"}],"wp:attachment":[{"href":"https:\/\/www.caesarstone.ca\/fr\/wp-json\/wp\/v2\/media?parent=25050"}],"curies":[{"name":"wp","href":"https:\/\/api.w.org\/{rel}","templated":true}]}}