{"id":25057,"date":"2020-12-23T00:17:25","date_gmt":"2020-12-23T07:17:25","guid":{"rendered":"https:\/\/www.caesarstone.ca\/caesarstone-canada-launches-outdoor-collection\/"},"modified":"2023-09-26T11:01:17","modified_gmt":"2023-09-26T17:01:17","slug":"caesarstone-canada-lance-une-collection-dexterieur","status":"publish","type":"page","link":"https:\/\/www.caesarstone.ca\/fr\/caesarstone-canada-lance-une-collection-dexterieur\/","title":{"rendered":"Caesarstone pr\u00e9sente une collection de quartz pour l&rsquo;ext\u00e9rieur"},"content":{"rendered":"\n<h3 class=\"wp-block-heading\"><strong><em>Trois couleurs classiques et durables qui transposent l\u2019int\u00e9rieur \u00e0 l\u2019ext\u00e9rieur<\/em>&nbsp;<\/strong><\/h3>\n\n\n\n<p><strong>Ao\u00fbt 2020 \u2013&nbsp;<\/strong>Avec le lancement d\u2019une nouvelle collection mariant esth\u00e9tique et innovation de pointe,<a href=\"https:\/\/www.caesarstone.ca\/\" target=\"_blank\" rel=\"noreferrer noopener\"><strong>&nbsp;Caesarstone<\/strong><\/a><strong>&nbsp;<\/strong>devient le premier manufacturier \u00e0 proposer des surfaces en quartz pour l\u2019ext\u00e9rieur.&nbsp;Les surfaces de la collection Solaris se d\u00e9clineront en trois couleurs vedettes.&nbsp;R\u00e9sistantes aux taches et aux \u00e9gratignures, non poreuses et faciles \u00e0 nettoyer, elles tiendront t\u00eate aux diff\u00e9rents \u00e9l\u00e9ments; qu\u2019il pleuve, qu\u2019il neige ou que le soleil plombe.&nbsp;<\/p>\n\n\n\n<p><em>\u00ab\u202fLa nouvelle collection&nbsp;ext\u00e9rieur de&nbsp;Caesarstone, Solaris, symbolise notre d\u00e9termination \u00e0 offrir au consommateur des produits de pointe de&nbsp;qualit\u00e9 sup\u00e9rieure.&nbsp; Ces produits unissent une esth\u00e9tique magnifique \u00e0 des caract\u00e9ristiques exceptionnelles\u202f\u00bb,&nbsp;<\/em><strong>rapporte \u00c9lisabeth&nbsp;Margles, vice-pr\u00e9sidente marketing de&nbsp;Caesarstone.<\/strong>&nbsp;<\/p>\n\n\n\n<p>Con\u00e7ue et test\u00e9e pour r\u00e9sister longtemps aux rayonnements UV et \u00e0 des conditions environnementales extr\u00eames, la nouvelle collection&nbsp;ext\u00e9rieur permet de cuisiner, de manger et de recevoir en plein air. Cette collection polyvalente ne demande aucun entretien particulier. L&rsquo;utilisation de ce quartz exterieure offre plusieurs possibilit\u00e9s; \u00e9vier, dosseret ou comptoir de barbecue, voire m\u00eame table de patio ou bar pour la piscine.&nbsp;<\/p>\n\n\n\n<p>Une s\u00e9rie d\u2019essais rigoureux men\u00e9s&nbsp;en&nbsp;laboratoire et sur le terrain a permis la mise au point d\u2019une r\u00e9sine sp\u00e9ciale qui se comporte extr\u00eamement bien \u00e0 l\u2019ext\u00e9rieur.&nbsp;Caesarstone&nbsp;offre maintenant le quartz&nbsp;ext\u00e9rieur le plus avanc\u00e9 du march\u00e9.&nbsp;<\/p>\n\n\n\n<p>L\u2019\u00e9l\u00e9gance de&nbsp;<strong>515\u202fPalm&nbsp;<\/strong><strong>Shade<\/strong>, l\u2019aspect contemporain \u00e0 la fois&nbsp;brut&nbsp;et raffin\u00e9 de&nbsp;<strong>406\u202f<\/strong><strong>Clearskies<\/strong>&nbsp;et l\u2019allure organique de&nbsp;<strong>405\u202f<\/strong><strong>Midday<\/strong>&nbsp;font de cette collection un \u00e9ventail de surfaces en quartz con\u00e7ues pour compl\u00e9ter et \u00e9voquer la beaut\u00e9 de la nature.&nbsp;<\/p>\n\n\n\n<p><strong>515 Palm Shade<\/strong>, \u00e9l\u00e9gant et inspirant, repousse les fronti\u00e8res du luxe en prolongeant \u00e0 l\u2019ext\u00e9rieur l\u2019allure classique du marbre blanc.&nbsp;De gracieuses veines gris fonc\u00e9 sillonnent une base parfaitement laiteuse, lui ajoutant \u00e0 la fois un raffinement subtil et une certaine profondeur.&nbsp;Palm&nbsp;Shade&nbsp;est con\u00e7ue pour ajouter des accents de fra\u00eecheur et de l\u00e9g\u00e8ret\u00e9 \u00e0 un environnement naturel.&nbsp;<\/p>\n\n\n\n<p><strong>406 Clearskies&nbsp;<\/strong>propose un&nbsp;fond&nbsp;gris b\u00e9ton&nbsp;lisse&nbsp;enjoliv\u00e9 de minuscules flocons clairsem\u00e9s.&nbsp;Comptoirs, dosserets et tables&nbsp;pour l\u2019ext\u00e9rieur rev\u00eatent la min\u00e9ralit\u00e9&nbsp;des galets.&nbsp;Avec la popularit\u00e9 grandissante du b\u00e9ton en architecture et en design, la palette moderne de&nbsp;Clearskies&nbsp;trouvera ais\u00e9ment sa place dans un environnement naturel.&nbsp;<\/p>\n\n\n\n<p>L\u2019allure organique de<strong>&nbsp;405\u202fMidday<\/strong>&nbsp;\u00e9voque la beaut\u00e9 de la nature et s\u2019assortit bien \u00e0 un carrelage de&nbsp;dalles&nbsp;ou de pierres neutres ou \u00e0&nbsp;des planches&nbsp;de bois clair.&nbsp;Agr\u00e9ment\u00e9e de plantes plac\u00e9es dans des pots gris chaud, beiges ou ocres, cette surface styl\u00e9e, panach\u00e9e de lumi\u00e8re et d\u2019ombre, se d\u00e9tachera sur le vert du feuillage.&nbsp;<\/p>\n\n\n\n<p>515 Palm&nbsp;Shade, 406\u202fClearskies&nbsp;et 405\u202fMidday&nbsp;sont disponible depuis septembre 2020.&nbsp;<\/p>\n\n\n\n<p><strong>Vous trouverez des images haute r\u00e9solution de la collection Solaris&nbsp;<\/strong><a href=\"https:\/\/www.dropbox.com\/sh\/si87ktj15vetn20\/AACXlKBa4TqhXm7JP4jiJ8ala?dl=0\" target=\"_blank\" rel=\"noreferrer noopener\"><strong>ici<\/strong><\/a>.&nbsp;<\/p>\n\n\n\n<p><strong><em>###<\/em><\/strong>&nbsp;<\/p>\n\n\n\n<p><strong><em>Pour de plus amples renseignements,&nbsp;<\/em><\/strong><strong><em>veuillez communiquer avec\u202f<\/em><\/strong><strong><em>:<\/em><\/strong>&nbsp;<\/p>\n\n\n\n<p>Amanda&nbsp;Mallat&nbsp;<\/p>\n\n\n\n<p>Faulhaber&nbsp;Communications&nbsp;<br><a href=\"mailto:am@faulhabercommunications.com\" target=\"_blank\" rel=\"noreferrer noopener\">am@faulhabercommunications.com<\/a>&nbsp;&nbsp;<\/p>\n\n\n\n<p><strong>Caesarstone<\/strong>&nbsp;<\/p>\n\n\n\n<p>Caesarstone&nbsp;fabrique des surfaces en quartz de qualit\u00e9 sup\u00e9rieure pour des immeubles r\u00e9sidentiels et commerciaux, tels que comptoirs de cuisine&nbsp;et de&nbsp;salle de bain, rev\u00eatements muraux et de plancher, et autres surfaces int\u00e9rieures. La grande vari\u00e9t\u00e9 de couleurs, de styles, de designs et de textures des produits&nbsp;Caesarstone\u1d39\u1d30,&nbsp;de m\u00eame que leurs caract\u00e9ristiques inh\u00e9rentes (duret\u00e9,&nbsp;non-porosit\u00e9, durabilit\u00e9, r\u00e9sistance aux \u00e9gratignures et aux taches) en font des surfaces parfaites pour les espaces int\u00e9rieurs qui se comparent tr\u00e8s favorablement au granit, aux surfaces manufactur\u00e9es, qu\u2019elles soient massives ou stratifi\u00e9es, ainsi qu\u2019aux autres surfaces de quartz d\u2019ing\u00e9nierie. Les cinq collections de produits&nbsp;Caesarstone&nbsp;\u2013 Classico,&nbsp;Concetto,&nbsp;Supernatural,&nbsp;Metropolitan&nbsp;et&nbsp;Ultranatural&nbsp;\u2013 sont en vente dans plus de 50\u202fpays.&nbsp;<a href=\"https:\/\/www.caesarstone.ca\/fr\/\" target=\"_blank\" rel=\"noreferrer noopener\">www.caesarstone.ca\/fr<\/a>&nbsp;&nbsp; <\/p>\n\n\n\n<p>@CaesarstoneCA&nbsp;<\/p>\n","protected":false},"excerpt":{"rendered":"<p>Trois couleurs classiques et durables qui transposent l\u2019int\u00e9rieur \u00e0 l\u2019ext\u00e9rieur&nbsp; Ao\u00fbt 2020 \u2013&nbsp;Avec le lancement d\u2019une nouvelle collection mariant esth\u00e9tique et innovation de pointe,&nbsp;Caesarstone&nbsp;devient le premier manufacturier \u00e0 proposer des surfaces en quartz pour l\u2019ext\u00e9rieur.&nbsp;Les surfaces de la collection Solaris se d\u00e9clineront en trois couleurs vedettes.&nbsp;R\u00e9sistantes aux taches et aux \u00e9gratignures, non poreuses et faciles [&hellip;]<\/p>\n","protected":false},"author":7,"featured_media":0,"parent":0,"menu_order":0,"comment_status":"closed","ping_status":"closed","template":"","meta":{"_acf_changed":false,"footnotes":""},"class_list":["post-25057","page","type-page","status-publish","hentry"],"acf":{"head_strip":{"":null,"background":null,"background_mobile":null,"title":"","subtitle":"","use_cta":false,"video_url":"","cta":null},"cs_related_posts":{"title":"","link":null,"articles":null,"show_pagination":false,"show_arrows":true,"space_desktop":{"top":0,"bottom":0},"space_mobile":{"top":0,"bottom":0},"background":"#f7f7f7","text_color":"#252525"},"related_post_card":{"title":"","desc":"","image":null,"video_url":""}},"yoast_head":"<!-- This site is optimized with the Yoast SEO Premium plugin v27.2 (Yoast SEO v27.2) - https:\/\/yoast.com\/product\/yoast-seo-premium-wordpress\/ -->\n<title>Caesarstone pr\u00e9sente une collection de quartz pour l&#039;ext\u00e9rieur<\/title>\n<meta name=\"description\" content=\"Caesarstone pr\u00e9sente une collection ext\u00e9rieure de quartz. Inspirez-vous, explorez des id\u00e9es de comptoirs et de design.\" \/>\n<meta name=\"robots\" content=\"index, follow, max-snippet:-1, max-image-preview:large, max-video-preview:-1\" \/>\n<link rel=\"canonical\" href=\"https:\/\/www.caesarstone.ca\/fr\/caesarstone-canada-lance-une-collection-dexterieur\/\" \/>\n<meta property=\"og:locale\" content=\"fr_CA\" \/>\n<meta property=\"og:type\" content=\"article\" \/>\n<meta property=\"og:title\" content=\"Caesarstone pr\u00e9sente une collection de quartz pour l&#039;ext\u00e9rieur\" \/>\n<meta property=\"og:description\" content=\"Caesarstone pr\u00e9sente une collection ext\u00e9rieure de quartz. Inspirez-vous, explorez des id\u00e9es de comptoirs et de design.\" \/>\n<meta property=\"og:url\" content=\"https:\/\/www.caesarstone.ca\/fr\/caesarstone-canada-lance-une-collection-dexterieur\/\" \/>\n<meta property=\"og:site_name\" content=\"Caesarstone Canada\" \/>\n<meta property=\"article:publisher\" content=\"https:\/\/www.facebook.com\/CaesarstoneCA\" \/>\n<meta property=\"article:modified_time\" content=\"2023-09-26T17:01:17+00:00\" \/>\n<meta name=\"twitter:card\" content=\"summary_large_image\" \/>\n<meta name=\"twitter:label1\" content=\"Est. reading time\" \/>\n\t<meta name=\"twitter:data1\" content=\"3 minutes\" \/>\n<script type=\"application\/ld+json\" class=\"yoast-schema-graph\">{\"@context\":\"https:\/\/schema.org\",\"@graph\":[{\"@type\":\"WebPage\",\"@id\":\"https:\/\/www.caesarstone.ca\/fr\/caesarstone-canada-lance-une-collection-dexterieur\/\",\"url\":\"https:\/\/www.caesarstone.ca\/fr\/caesarstone-canada-lance-une-collection-dexterieur\/\",\"name\":\"Caesarstone pr\u00e9sente une collection de quartz pour l'ext\u00e9rieur\",\"isPartOf\":{\"@id\":\"https:\/\/www.caesarstone.ca\/fr\/#website\"},\"datePublished\":\"2020-12-23T07:17:25+00:00\",\"dateModified\":\"2023-09-26T17:01:17+00:00\",\"description\":\"Caesarstone pr\u00e9sente une collection ext\u00e9rieure de quartz. Inspirez-vous, explorez des id\u00e9es de comptoirs et de design.\",\"breadcrumb\":{\"@id\":\"https:\/\/www.caesarstone.ca\/fr\/caesarstone-canada-lance-une-collection-dexterieur\/#breadcrumb\"},\"inLanguage\":\"fr-CA\",\"potentialAction\":[{\"@type\":\"ReadAction\",\"target\":[\"https:\/\/www.caesarstone.ca\/fr\/caesarstone-canada-lance-une-collection-dexterieur\/\"]}]},{\"@type\":\"BreadcrumbList\",\"@id\":\"https:\/\/www.caesarstone.ca\/fr\/caesarstone-canada-lance-une-collection-dexterieur\/#breadcrumb\",\"itemListElement\":[{\"@type\":\"ListItem\",\"position\":1,\"name\":\"Home\",\"item\":\"https:\/\/www.caesarstone.ca\/fr\/\"},{\"@type\":\"ListItem\",\"position\":2,\"name\":\"Caesarstone pr\u00e9sente une collection de quartz pour l&#8217;ext\u00e9rieur\"}]},{\"@type\":\"WebSite\",\"@id\":\"https:\/\/www.caesarstone.ca\/fr\/#website\",\"url\":\"https:\/\/www.caesarstone.ca\/fr\/\",\"name\":\"Caesarstone Canada\",\"description\":\"Life in Stone\",\"publisher\":{\"@id\":\"https:\/\/www.caesarstone.ca\/fr\/#organization\"},\"potentialAction\":[{\"@type\":\"SearchAction\",\"target\":{\"@type\":\"EntryPoint\",\"urlTemplate\":\"https:\/\/www.caesarstone.ca\/fr\/?s={search_term_string}\"},\"query-input\":{\"@type\":\"PropertyValueSpecification\",\"valueRequired\":true,\"valueName\":\"search_term_string\"}}],\"inLanguage\":\"fr-CA\"},{\"@type\":\"Organization\",\"@id\":\"https:\/\/www.caesarstone.ca\/fr\/#organization\",\"name\":\"Caesarstone Canada\",\"url\":\"https:\/\/www.caesarstone.ca\/fr\/\",\"logo\":{\"@type\":\"ImageObject\",\"inLanguage\":\"fr-CA\",\"@id\":\"https:\/\/www.caesarstone.ca\/fr\/#\/schema\/logo\/image\/\",\"url\":\"https:\/\/www.caesarstone.ca\/wp-content\/uploads\/sites\/5\/2026\/03\/Caesarstone_logo.jpg\",\"contentUrl\":\"https:\/\/www.caesarstone.ca\/wp-content\/uploads\/sites\/5\/2026\/03\/Caesarstone_logo.jpg\",\"width\":1000,\"height\":158,\"caption\":\"Caesarstone Canada\"},\"image\":{\"@id\":\"https:\/\/www.caesarstone.ca\/fr\/#\/schema\/logo\/image\/\"},\"sameAs\":[\"https:\/\/www.facebook.com\/CaesarstoneCA\",\"https:\/\/www.instagram.com\/caesarstoneca\/\",\"https:\/\/www.linkedin.com\/company\/caesarstone-canada\/\",\"https:\/\/www.youtube.com\/@CaesarstoneNA\"]}]}<\/script>\n<!-- \/ Yoast SEO Premium plugin. -->","yoast_head_json":{"title":"Caesarstone pr\u00e9sente une collection de quartz pour l'ext\u00e9rieur","description":"Caesarstone pr\u00e9sente une collection ext\u00e9rieure de quartz. Inspirez-vous, explorez des id\u00e9es de comptoirs et de design.","robots":{"index":"index","follow":"follow","max-snippet":"max-snippet:-1","max-image-preview":"max-image-preview:large","max-video-preview":"max-video-preview:-1"},"canonical":"https:\/\/www.caesarstone.ca\/fr\/caesarstone-canada-lance-une-collection-dexterieur\/","og_locale":"fr_CA","og_type":"article","og_title":"Caesarstone pr\u00e9sente une collection de quartz pour l'ext\u00e9rieur","og_description":"Caesarstone pr\u00e9sente une collection ext\u00e9rieure de quartz. Inspirez-vous, explorez des id\u00e9es de comptoirs et de design.","og_url":"https:\/\/www.caesarstone.ca\/fr\/caesarstone-canada-lance-une-collection-dexterieur\/","og_site_name":"Caesarstone Canada","article_publisher":"https:\/\/www.facebook.com\/CaesarstoneCA","article_modified_time":"2023-09-26T17:01:17+00:00","twitter_card":"summary_large_image","twitter_misc":{"Est. reading time":"3 minutes"},"schema":{"@context":"https:\/\/schema.org","@graph":[{"@type":"WebPage","@id":"https:\/\/www.caesarstone.ca\/fr\/caesarstone-canada-lance-une-collection-dexterieur\/","url":"https:\/\/www.caesarstone.ca\/fr\/caesarstone-canada-lance-une-collection-dexterieur\/","name":"Caesarstone pr\u00e9sente une collection de quartz pour l'ext\u00e9rieur","isPartOf":{"@id":"https:\/\/www.caesarstone.ca\/fr\/#website"},"datePublished":"2020-12-23T07:17:25+00:00","dateModified":"2023-09-26T17:01:17+00:00","description":"Caesarstone pr\u00e9sente une collection ext\u00e9rieure de quartz. Inspirez-vous, explorez des id\u00e9es de comptoirs et de design.","breadcrumb":{"@id":"https:\/\/www.caesarstone.ca\/fr\/caesarstone-canada-lance-une-collection-dexterieur\/#breadcrumb"},"inLanguage":"fr-CA","potentialAction":[{"@type":"ReadAction","target":["https:\/\/www.caesarstone.ca\/fr\/caesarstone-canada-lance-une-collection-dexterieur\/"]}]},{"@type":"BreadcrumbList","@id":"https:\/\/www.caesarstone.ca\/fr\/caesarstone-canada-lance-une-collection-dexterieur\/#breadcrumb","itemListElement":[{"@type":"ListItem","position":1,"name":"Home","item":"https:\/\/www.caesarstone.ca\/fr\/"},{"@type":"ListItem","position":2,"name":"Caesarstone pr\u00e9sente une collection de quartz pour l&#8217;ext\u00e9rieur"}]},{"@type":"WebSite","@id":"https:\/\/www.caesarstone.ca\/fr\/#website","url":"https:\/\/www.caesarstone.ca\/fr\/","name":"Caesarstone Canada","description":"Life in Stone","publisher":{"@id":"https:\/\/www.caesarstone.ca\/fr\/#organization"},"potentialAction":[{"@type":"SearchAction","target":{"@type":"EntryPoint","urlTemplate":"https:\/\/www.caesarstone.ca\/fr\/?s={search_term_string}"},"query-input":{"@type":"PropertyValueSpecification","valueRequired":true,"valueName":"search_term_string"}}],"inLanguage":"fr-CA"},{"@type":"Organization","@id":"https:\/\/www.caesarstone.ca\/fr\/#organization","name":"Caesarstone Canada","url":"https:\/\/www.caesarstone.ca\/fr\/","logo":{"@type":"ImageObject","inLanguage":"fr-CA","@id":"https:\/\/www.caesarstone.ca\/fr\/#\/schema\/logo\/image\/","url":"https:\/\/www.caesarstone.ca\/wp-content\/uploads\/sites\/5\/2026\/03\/Caesarstone_logo.jpg","contentUrl":"https:\/\/www.caesarstone.ca\/wp-content\/uploads\/sites\/5\/2026\/03\/Caesarstone_logo.jpg","width":1000,"height":158,"caption":"Caesarstone Canada"},"image":{"@id":"https:\/\/www.caesarstone.ca\/fr\/#\/schema\/logo\/image\/"},"sameAs":["https:\/\/www.facebook.com\/CaesarstoneCA","https:\/\/www.instagram.com\/caesarstoneca\/","https:\/\/www.linkedin.com\/company\/caesarstone-canada\/","https:\/\/www.youtube.com\/@CaesarstoneNA"]}]}},"_links":{"self":[{"href":"https:\/\/www.caesarstone.ca\/fr\/wp-json\/wp\/v2\/pages\/25057","targetHints":{"allow":["GET"]}}],"collection":[{"href":"https:\/\/www.caesarstone.ca\/fr\/wp-json\/wp\/v2\/pages"}],"about":[{"href":"https:\/\/www.caesarstone.ca\/fr\/wp-json\/wp\/v2\/types\/page"}],"author":[{"embeddable":true,"href":"https:\/\/www.caesarstone.ca\/fr\/wp-json\/wp\/v2\/users\/7"}],"replies":[{"embeddable":true,"href":"https:\/\/www.caesarstone.ca\/fr\/wp-json\/wp\/v2\/comments?post=25057"}],"version-history":[{"count":2,"href":"https:\/\/www.caesarstone.ca\/fr\/wp-json\/wp\/v2\/pages\/25057\/revisions"}],"predecessor-version":[{"id":25649,"href":"https:\/\/www.caesarstone.ca\/fr\/wp-json\/wp\/v2\/pages\/25057\/revisions\/25649"}],"wp:attachment":[{"href":"https:\/\/www.caesarstone.ca\/fr\/wp-json\/wp\/v2\/media?parent=25057"}],"curies":[{"name":"wp","href":"https:\/\/api.w.org\/{rel}","templated":true}]}}