{"id":25059,"date":"2020-12-23T00:26:13","date_gmt":"2020-12-23T07:26:13","guid":{"rendered":"https:\/\/www.caesarstone.ca\/caesarstone-introduces-master-of-stone\/"},"modified":"2023-09-12T11:18:29","modified_gmt":"2023-09-12T17:18:29","slug":"caesarstone-presente-master-of-stone","status":"publish","type":"page","link":"https:\/\/www.caesarstone.ca\/fr\/caesarstone-presente-master-of-stone\/","title":{"rendered":"Caesarstone pr\u00e9sente Master of Stone"},"content":{"rendered":"\n<p class=\"has-text-align-center has-medium-font-size\"><strong>Une&nbsp;premi\u00e8re\u202f:&nbsp;le fabricant de surfaces&nbsp;en quartz lance&nbsp;un programme&nbsp;de formation&nbsp;pour&nbsp;tous les fabricants&nbsp;<\/strong><\/p>\n\n\n\n<p class=\"has-text-align-center has-medium-font-size\"><strong>Un coup de ma<\/strong><strong>\u00ee<\/strong><strong>tre pour la<\/strong><strong>&nbsp;<\/strong><strong>production s<\/strong><strong>\u00e9<\/strong><strong>curitaire<\/strong><strong>&nbsp;des<\/strong><strong>&nbsp;surfaces en quartz<\/strong>&nbsp;<\/p>\n\n\n\n<p>Caesarstone,&nbsp;leader mondial de la fabrication de surfaces en quartz,&nbsp;est fi\u00e8re&nbsp;d\u2019orienter l\u2019industrie sur la voie de la s\u00e9curit\u00e9&nbsp;en lan\u00e7ant&nbsp;<strong>MASTER OF STONE<\/strong>.&nbsp;Ce programme complet, qui s\u2019adresse aux fabricants et&nbsp;\u00e0&nbsp;leurs employ\u00e9s,&nbsp;porte&nbsp;sur les questions de sant\u00e9&nbsp;et s\u00e9curit\u00e9&nbsp;au travail,&nbsp;et plus particuli\u00e8rement&nbsp;sur l\u2019am\u00e9nagement d\u2019espaces sans&nbsp;poussi\u00e8re de silice cristalline alv\u00e9olaire, une mati\u00e8re dangereuse&nbsp;qui peut provoquer&nbsp;la silicose.&nbsp;Consid\u00e9r\u00e9&nbsp;par&nbsp;Caesarstone&nbsp;comme un investissement&nbsp;dans les entreprises de ses clients,&nbsp;<strong>MASTER OF STONE<\/strong>&nbsp;sera offert gratuitement&nbsp;\u00e0&nbsp;toute l\u2019industrie.&nbsp;<\/p>\n\n\n\n<p>Le programme&nbsp;<strong>MASTER OF STONE<\/strong>&nbsp;se composera&nbsp;de s\u00e9minaires professionnels&nbsp;partout au pays&nbsp;et d\u2019un site Web&nbsp;complet&nbsp;pour tous les&nbsp;acteurs du domaine.&nbsp;Le lancement officiel aura lieu&nbsp;le&nbsp;20\u202fmars\u202f2020.&nbsp;<\/p>\n\n\n\n<p>\u00ab\u202fLes fabricants&nbsp;du monde entier nous&nbsp;r\u00e9p\u00e8tent&nbsp;que les lignes directrices sur la s\u00e9curit\u00e9&nbsp;sont parfois&nbsp;complexes et&nbsp;difficiles&nbsp;\u00e0&nbsp;comprendre, et qu\u2019il leur manque des connaissances&nbsp;\u00e0&nbsp;ce chapitre,&nbsp;rapporte&nbsp;Elizabeth Margles,&nbsp;vice-pr\u00e9sidente marketing de&nbsp;Caesarstone&nbsp;Am\u00e9rique du Nord.&nbsp;C\u2019est pourquoi nous avons&nbsp;entrepris&nbsp;de&nbsp;faciliter l\u2019acc\u00e8s&nbsp;\u00e0&nbsp;ces connaissances&nbsp;et leur assimilation&nbsp;pour les&nbsp;gestionnaires et les employ\u00e9s&nbsp;de l\u2019industrie&nbsp;en cr\u00e9ant,&nbsp;entre autres choses, un centre de formation en ligne comme nul autre sp\u00e9cialement pour&nbsp;<strong>MASTER OF STONE<\/strong>.&nbsp;Au vu&nbsp;des risques de la poussi\u00e8re et de&nbsp;leurs implications,&nbsp;Caesarstone&nbsp;est r\u00e9solue&nbsp;\u00e0&nbsp;\u00eatre de la solution&nbsp;en&nbsp;se montrant proactive&nbsp;et en menant la r\u00e9volution&nbsp;qui renforcera la s\u00fbret\u00e9&nbsp;de&nbsp;tous&nbsp;nos environnements de travail.\u202f\u00bb&nbsp;<\/p>\n\n\n\n<p>Au lancement officiel&nbsp;de&nbsp;<strong>MASTER OF STONE<\/strong>,&nbsp;le 20\u202fmars\u202f2020,&nbsp;le site Web et les modules d\u2019apprentissage en ligne seront accessibles&nbsp;\u00e0&nbsp;tous les&nbsp;fabricants de&nbsp;Caesarstone.&nbsp;Le programme sera offert en anglais, en fran\u00e7ais, en portugais, en&nbsp;espagnol et en h\u00e9breu.&nbsp;<\/p>\n\n\n\n<p>Le&nbsp;site&nbsp;s\u2019accompagnera&nbsp;d\u2019un&nbsp;riche&nbsp;programme&nbsp;de s\u00e9minaires de formation professionnelle qui aideront les fabricants&nbsp;\u00e0&nbsp;approfondir&nbsp;leurs&nbsp;connaissances en s\u00e9curit\u00e9&nbsp;et&nbsp;leur savoir-faire professionnel.&nbsp;Le calendrier pour&nbsp;2020&nbsp;sera d\u00e9voil\u00e9&nbsp;bient\u00f4t.&nbsp;<\/p>\n\n\n\n<p>Caesarstone&nbsp;a toujours offert un robuste programme de formation et de communication&nbsp;\u00e0&nbsp;ses partenaires de fabrication,&nbsp;mais&nbsp;<strong>MASTER OF STONE<\/strong>&nbsp;se d\u00e9marque du reste\u202f: c\u2019est le fruit&nbsp;de nombreuses ann\u00e9es&nbsp;de&nbsp;recherche et d\u00e9veloppement&nbsp;visant la cr\u00e9ation d\u2019un concept et&nbsp;d\u2019un langage&nbsp;pour&nbsp;aider les fabricants et leurs employ\u00e9s \u00e0 acqu\u00e9rir des connaissances&nbsp;en&nbsp;sant\u00e9&nbsp;et s\u00e9curit\u00e9 ainsi qu\u2019un savoir-faire professionnel&nbsp;\u2013&nbsp;le tout&nbsp;de la fa\u00e7on la plus efficace qui soit,&nbsp;sur diverses plateformes&nbsp;et avec&nbsp;du contenu&nbsp;\u00e0&nbsp;valeur ajout\u00e9e&nbsp;pour les&nbsp;directeurs&nbsp;d\u2019usines.&nbsp;Le site Web des fabricants se veut&nbsp;un portail&nbsp;accessible&nbsp;o\u00f9&nbsp;l\u2019on vulgarise les concepts complexes&nbsp;de s\u00e9curit\u00e9&nbsp;et de savoir-faire professionnel, dans une&nbsp;interface&nbsp;qui demeure&nbsp;intuitive&nbsp;sur les t\u00e9l\u00e9phones&nbsp;et les tablettes.&nbsp;<\/p>\n\n\n\n<p>Sur le&nbsp;<a href=\"https:\/\/mos.caesarstone.ca\/fr\/page-d-accueil\/\" target=\"_blank\" rel=\"noreferrer noopener\">site Web<\/a>&nbsp;du\u202f<strong>Centre de formation de<\/strong>\u202f<strong>MASTER OF STONE<\/strong>,&nbsp;Ceaserstone&nbsp;r\u00e9unira&nbsp;information, lignes directrices, m\u00e9thodes et mat\u00e9riel pour&nbsp;tous les participants.&nbsp;Le processus d\u2019inscription est simple\u202f:&nbsp;chaque&nbsp;fabricant recevra&nbsp;un code unique pour l\u2019inscription et la connexion.&nbsp;Ensuite, le syst\u00e8me enverra&nbsp;automatiquement un courriel chaque fois qu\u2019un membre de l\u2019\u00e9quipe s\u2019inscrira&nbsp;ou terminera&nbsp;un module.&nbsp;On trouve&nbsp;d\u2019ailleurs&nbsp;sur&nbsp;le site&nbsp;une vid\u00e9o&nbsp;qui montre comment&nbsp;se prot\u00e9ger contre les&nbsp;particules fines&nbsp;et&nbsp;pr\u00e9venir leur apparition.&nbsp;S\u2019ajoute&nbsp;\u00e0&nbsp;cela une&nbsp;capsule&nbsp;bas\u00e9e sur les normes\u202f2018 de l\u2019OSHA, dans laquelle nous traitons&nbsp;des dangers de la poussi\u00e8re de silice et&nbsp;des fa\u00e7ons de s\u2019en prot\u00e9ger&nbsp;afin d\u2019aider les fabricants&nbsp;\u00e0&nbsp;atteindre le plus haut degr\u00e9&nbsp;de s\u00fbret\u00e9&nbsp;possible.&nbsp;<\/p>\n\n\n\n<p><strong>Caesarstone<\/strong>&nbsp;<\/p>\n\n\n\n<p>Caesarstone&nbsp;est un important fabricant de surfaces en quartz de premi\u00e8re qualit\u00e9.&nbsp;Fond\u00e9e en&nbsp;1987,&nbsp;l\u2019entreprise&nbsp;s\u2019est impos\u00e9e comme une pionni\u00e8re gr\u00e2ce&nbsp;\u00e0&nbsp;son expertise et&nbsp;\u00e0&nbsp;ses technologies de pointe, et&nbsp;continue&nbsp;aujourd\u2019hui&nbsp;de mener le peloton&nbsp;avec ses nouvelles tendances et couleurs. Ses surfaces de grande qualit\u00e9, dont la teneur en quartz atteint les 93\u202f%, offrent la fra\u00eecheur&nbsp;et la solidit\u00e9&nbsp;de la pierre naturelle&nbsp;et&nbsp;se pr\u00eatent&nbsp;\u00e0&nbsp;maintes utilisations\u202f:&nbsp;comptoir de cuisine et de salle de bain, rev\u00eatements muraux, meubles et plus encore.&nbsp;Les produits&nbsp;Caesarstone&nbsp;sont avant-gardistes, splendides et hautement fonctionnels.&nbsp;Gr\u00e2ce&nbsp;\u00e0&nbsp;une gamme riche et unique de couleurs, de motifs et de textures, les clients n\u2019ont aucune difficult\u00e9&nbsp;\u00e0&nbsp;trouver leur surface de r\u00eave et&nbsp;\u00e0&nbsp;se&nbsp;cr\u00e9er un espace bien&nbsp;\u00e0&nbsp;eux.&nbsp;Et cette vaste gamme&nbsp;s\u2019enrichit constamment en fonction des toutes derni\u00e8res tendances mondiales et&nbsp;des normes internationales de qualit\u00e9&nbsp;les plus strictes.&nbsp;Pour en savoir plus sur&nbsp;Caesarstone,&nbsp;rendez-vous&nbsp;au&nbsp;<a href=\"https:\/\/www.caesarstone.ca\/fr\/\" target=\"_blank\" rel=\"noreferrer noopener\">www.caesarstone.ca<\/a>&nbsp;et sur&nbsp;<a href=\"https:\/\/www.facebook.com\/CaesarstoneCA\/\" target=\"_blank\" rel=\"noreferrer noopener\">Facebook<\/a>,&nbsp;<a href=\"https:\/\/twitter.com\/CaesarstoneCA\" target=\"_blank\" rel=\"noreferrer noopener\">Twitter<\/a>,&nbsp;<a href=\"https:\/\/www.youtube.com\/user\/caesarstoneCanada\" target=\"_blank\" rel=\"noreferrer noopener\">YouTube<\/a>,&nbsp;<a href=\"https:\/\/www.pinterest.ca\/caesarstoneca\/\" target=\"_blank\" rel=\"noreferrer noopener\">Pinterest<\/a>&nbsp;et&nbsp;<a href=\"https:\/\/www.instagram.com\/caesarstoneca\/\" target=\"_blank\" rel=\"noreferrer noopener\">Instagram<\/a>.&nbsp;<\/p>\n","protected":false},"excerpt":{"rendered":"<p>Une&nbsp;premi\u00e8re\u202f:&nbsp;le fabricant de surfaces&nbsp;en quartz lance&nbsp;un programme&nbsp;de formation&nbsp;pour&nbsp;tous les fabricants&nbsp; Un coup de ma\u00eetre pour la&nbsp;production s\u00e9curitaire&nbsp;des&nbsp;surfaces en quartz&nbsp; Caesarstone,&nbsp;leader mondial de la fabrication de surfaces en quartz,&nbsp;est fi\u00e8re&nbsp;d\u2019orienter l\u2019industrie sur la voie de la s\u00e9curit\u00e9&nbsp;en lan\u00e7ant&nbsp;MASTER OF STONE.&nbsp;Ce programme complet, qui s\u2019adresse aux fabricants et&nbsp;\u00e0&nbsp;leurs employ\u00e9s,&nbsp;porte&nbsp;sur les questions de sant\u00e9&nbsp;et s\u00e9curit\u00e9&nbsp;au travail,&nbsp;et plus particuli\u00e8rement&nbsp;sur [&hellip;]<\/p>\n","protected":false},"author":7,"featured_media":0,"parent":0,"menu_order":0,"comment_status":"closed","ping_status":"closed","template":"","meta":{"_acf_changed":false,"footnotes":""},"class_list":["post-25059","page","type-page","status-publish","hentry"],"acf":{"head_strip":{"":null,"background":null,"background_mobile":null,"title":"","subtitle":"","use_cta":false,"video_url":"","cta":null},"cs_related_posts":{"title":"","link":null,"articles":null,"show_pagination":false,"show_arrows":true,"space_desktop":{"top":0,"bottom":0},"space_mobile":{"top":0,"bottom":0},"background":"#f7f7f7","text_color":"#252525"},"related_post_card":{"title":"","desc":"","image":null,"video_url":""}},"yoast_head":"<!-- This site is optimized with the Yoast SEO Premium plugin v27.2 (Yoast SEO v27.2) - https:\/\/yoast.com\/product\/yoast-seo-premium-wordpress\/ -->\n<title>Caesarstone pr\u00e9sente Master of Stone - Caesarstone Canada<\/title>\n<meta name=\"description\" content=\"Caesarstone pr\u00e9sente Master of Stone. Laissez-vous inspirer et d\u00e9couvrez votre propre style personnel. Cliquez pour explorer d&#039;excellentes id\u00e9es de comptoirs et styles de design de Caesarstone Canada.\" \/>\n<meta name=\"robots\" content=\"index, follow, max-snippet:-1, max-image-preview:large, max-video-preview:-1\" \/>\n<link rel=\"canonical\" href=\"https:\/\/www.caesarstone.ca\/fr\/caesarstone-presente-master-of-stone\/\" \/>\n<meta property=\"og:locale\" content=\"fr_CA\" \/>\n<meta property=\"og:type\" content=\"article\" \/>\n<meta property=\"og:title\" content=\"Caesarstone pr\u00e9sente Master of Stone\" \/>\n<meta property=\"og:description\" content=\"Caesarstone pr\u00e9sente Master of Stone. Laissez-vous inspirer et d\u00e9couvrez votre propre style personnel. Cliquez pour explorer d&#039;excellentes id\u00e9es de comptoirs et styles de design de Caesarstone Canada.\" \/>\n<meta property=\"og:url\" content=\"https:\/\/www.caesarstone.ca\/fr\/caesarstone-presente-master-of-stone\/\" \/>\n<meta property=\"og:site_name\" content=\"Caesarstone Canada\" \/>\n<meta property=\"article:publisher\" content=\"https:\/\/www.facebook.com\/CaesarstoneCA\" \/>\n<meta property=\"article:modified_time\" content=\"2023-09-12T17:18:29+00:00\" \/>\n<meta name=\"twitter:card\" content=\"summary_large_image\" \/>\n<meta name=\"twitter:label1\" content=\"Est. reading time\" \/>\n\t<meta name=\"twitter:data1\" content=\"4 minutes\" \/>\n<script type=\"application\/ld+json\" class=\"yoast-schema-graph\">{\"@context\":\"https:\/\/schema.org\",\"@graph\":[{\"@type\":\"WebPage\",\"@id\":\"https:\/\/www.caesarstone.ca\/fr\/caesarstone-presente-master-of-stone\/\",\"url\":\"https:\/\/www.caesarstone.ca\/fr\/caesarstone-presente-master-of-stone\/\",\"name\":\"Caesarstone pr\u00e9sente Master of Stone - Caesarstone Canada\",\"isPartOf\":{\"@id\":\"https:\/\/www.caesarstone.ca\/fr\/#website\"},\"datePublished\":\"2020-12-23T07:26:13+00:00\",\"dateModified\":\"2023-09-12T17:18:29+00:00\",\"description\":\"Caesarstone pr\u00e9sente Master of Stone. Laissez-vous inspirer et d\u00e9couvrez votre propre style personnel. Cliquez pour explorer d'excellentes id\u00e9es de comptoirs et styles de design de Caesarstone Canada.\",\"breadcrumb\":{\"@id\":\"https:\/\/www.caesarstone.ca\/fr\/caesarstone-presente-master-of-stone\/#breadcrumb\"},\"inLanguage\":\"fr-CA\",\"potentialAction\":[{\"@type\":\"ReadAction\",\"target\":[\"https:\/\/www.caesarstone.ca\/fr\/caesarstone-presente-master-of-stone\/\"]}]},{\"@type\":\"BreadcrumbList\",\"@id\":\"https:\/\/www.caesarstone.ca\/fr\/caesarstone-presente-master-of-stone\/#breadcrumb\",\"itemListElement\":[{\"@type\":\"ListItem\",\"position\":1,\"name\":\"Home\",\"item\":\"https:\/\/www.caesarstone.ca\/fr\/\"},{\"@type\":\"ListItem\",\"position\":2,\"name\":\"Caesarstone pr\u00e9sente Master of Stone\"}]},{\"@type\":\"WebSite\",\"@id\":\"https:\/\/www.caesarstone.ca\/fr\/#website\",\"url\":\"https:\/\/www.caesarstone.ca\/fr\/\",\"name\":\"Caesarstone Canada\",\"description\":\"Life in Stone\",\"publisher\":{\"@id\":\"https:\/\/www.caesarstone.ca\/fr\/#organization\"},\"potentialAction\":[{\"@type\":\"SearchAction\",\"target\":{\"@type\":\"EntryPoint\",\"urlTemplate\":\"https:\/\/www.caesarstone.ca\/fr\/?s={search_term_string}\"},\"query-input\":{\"@type\":\"PropertyValueSpecification\",\"valueRequired\":true,\"valueName\":\"search_term_string\"}}],\"inLanguage\":\"fr-CA\"},{\"@type\":\"Organization\",\"@id\":\"https:\/\/www.caesarstone.ca\/fr\/#organization\",\"name\":\"Caesarstone Canada\",\"url\":\"https:\/\/www.caesarstone.ca\/fr\/\",\"logo\":{\"@type\":\"ImageObject\",\"inLanguage\":\"fr-CA\",\"@id\":\"https:\/\/www.caesarstone.ca\/fr\/#\/schema\/logo\/image\/\",\"url\":\"https:\/\/www.caesarstone.ca\/wp-content\/uploads\/sites\/5\/2026\/03\/Caesarstone_logo.jpg\",\"contentUrl\":\"https:\/\/www.caesarstone.ca\/wp-content\/uploads\/sites\/5\/2026\/03\/Caesarstone_logo.jpg\",\"width\":1000,\"height\":158,\"caption\":\"Caesarstone Canada\"},\"image\":{\"@id\":\"https:\/\/www.caesarstone.ca\/fr\/#\/schema\/logo\/image\/\"},\"sameAs\":[\"https:\/\/www.facebook.com\/CaesarstoneCA\",\"https:\/\/www.instagram.com\/caesarstoneca\/\",\"https:\/\/www.linkedin.com\/company\/caesarstone-canada\/\",\"https:\/\/www.youtube.com\/@CaesarstoneNA\"]}]}<\/script>\n<!-- \/ Yoast SEO Premium plugin. -->","yoast_head_json":{"title":"Caesarstone pr\u00e9sente Master of Stone - Caesarstone Canada","description":"Caesarstone pr\u00e9sente Master of Stone. Laissez-vous inspirer et d\u00e9couvrez votre propre style personnel. Cliquez pour explorer d'excellentes id\u00e9es de comptoirs et styles de design de Caesarstone Canada.","robots":{"index":"index","follow":"follow","max-snippet":"max-snippet:-1","max-image-preview":"max-image-preview:large","max-video-preview":"max-video-preview:-1"},"canonical":"https:\/\/www.caesarstone.ca\/fr\/caesarstone-presente-master-of-stone\/","og_locale":"fr_CA","og_type":"article","og_title":"Caesarstone pr\u00e9sente Master of Stone","og_description":"Caesarstone pr\u00e9sente Master of Stone. Laissez-vous inspirer et d\u00e9couvrez votre propre style personnel. Cliquez pour explorer d'excellentes id\u00e9es de comptoirs et styles de design de Caesarstone Canada.","og_url":"https:\/\/www.caesarstone.ca\/fr\/caesarstone-presente-master-of-stone\/","og_site_name":"Caesarstone Canada","article_publisher":"https:\/\/www.facebook.com\/CaesarstoneCA","article_modified_time":"2023-09-12T17:18:29+00:00","twitter_card":"summary_large_image","twitter_misc":{"Est. reading time":"4 minutes"},"schema":{"@context":"https:\/\/schema.org","@graph":[{"@type":"WebPage","@id":"https:\/\/www.caesarstone.ca\/fr\/caesarstone-presente-master-of-stone\/","url":"https:\/\/www.caesarstone.ca\/fr\/caesarstone-presente-master-of-stone\/","name":"Caesarstone pr\u00e9sente Master of Stone - Caesarstone Canada","isPartOf":{"@id":"https:\/\/www.caesarstone.ca\/fr\/#website"},"datePublished":"2020-12-23T07:26:13+00:00","dateModified":"2023-09-12T17:18:29+00:00","description":"Caesarstone pr\u00e9sente Master of Stone. Laissez-vous inspirer et d\u00e9couvrez votre propre style personnel. Cliquez pour explorer d'excellentes id\u00e9es de comptoirs et styles de design de Caesarstone Canada.","breadcrumb":{"@id":"https:\/\/www.caesarstone.ca\/fr\/caesarstone-presente-master-of-stone\/#breadcrumb"},"inLanguage":"fr-CA","potentialAction":[{"@type":"ReadAction","target":["https:\/\/www.caesarstone.ca\/fr\/caesarstone-presente-master-of-stone\/"]}]},{"@type":"BreadcrumbList","@id":"https:\/\/www.caesarstone.ca\/fr\/caesarstone-presente-master-of-stone\/#breadcrumb","itemListElement":[{"@type":"ListItem","position":1,"name":"Home","item":"https:\/\/www.caesarstone.ca\/fr\/"},{"@type":"ListItem","position":2,"name":"Caesarstone pr\u00e9sente Master of Stone"}]},{"@type":"WebSite","@id":"https:\/\/www.caesarstone.ca\/fr\/#website","url":"https:\/\/www.caesarstone.ca\/fr\/","name":"Caesarstone Canada","description":"Life in Stone","publisher":{"@id":"https:\/\/www.caesarstone.ca\/fr\/#organization"},"potentialAction":[{"@type":"SearchAction","target":{"@type":"EntryPoint","urlTemplate":"https:\/\/www.caesarstone.ca\/fr\/?s={search_term_string}"},"query-input":{"@type":"PropertyValueSpecification","valueRequired":true,"valueName":"search_term_string"}}],"inLanguage":"fr-CA"},{"@type":"Organization","@id":"https:\/\/www.caesarstone.ca\/fr\/#organization","name":"Caesarstone Canada","url":"https:\/\/www.caesarstone.ca\/fr\/","logo":{"@type":"ImageObject","inLanguage":"fr-CA","@id":"https:\/\/www.caesarstone.ca\/fr\/#\/schema\/logo\/image\/","url":"https:\/\/www.caesarstone.ca\/wp-content\/uploads\/sites\/5\/2026\/03\/Caesarstone_logo.jpg","contentUrl":"https:\/\/www.caesarstone.ca\/wp-content\/uploads\/sites\/5\/2026\/03\/Caesarstone_logo.jpg","width":1000,"height":158,"caption":"Caesarstone Canada"},"image":{"@id":"https:\/\/www.caesarstone.ca\/fr\/#\/schema\/logo\/image\/"},"sameAs":["https:\/\/www.facebook.com\/CaesarstoneCA","https:\/\/www.instagram.com\/caesarstoneca\/","https:\/\/www.linkedin.com\/company\/caesarstone-canada\/","https:\/\/www.youtube.com\/@CaesarstoneNA"]}]}},"_links":{"self":[{"href":"https:\/\/www.caesarstone.ca\/fr\/wp-json\/wp\/v2\/pages\/25059","targetHints":{"allow":["GET"]}}],"collection":[{"href":"https:\/\/www.caesarstone.ca\/fr\/wp-json\/wp\/v2\/pages"}],"about":[{"href":"https:\/\/www.caesarstone.ca\/fr\/wp-json\/wp\/v2\/types\/page"}],"author":[{"embeddable":true,"href":"https:\/\/www.caesarstone.ca\/fr\/wp-json\/wp\/v2\/users\/7"}],"replies":[{"embeddable":true,"href":"https:\/\/www.caesarstone.ca\/fr\/wp-json\/wp\/v2\/comments?post=25059"}],"version-history":[{"count":2,"href":"https:\/\/www.caesarstone.ca\/fr\/wp-json\/wp\/v2\/pages\/25059\/revisions"}],"predecessor-version":[{"id":25650,"href":"https:\/\/www.caesarstone.ca\/fr\/wp-json\/wp\/v2\/pages\/25059\/revisions\/25650"}],"wp:attachment":[{"href":"https:\/\/www.caesarstone.ca\/fr\/wp-json\/wp\/v2\/media?parent=25059"}],"curies":[{"name":"wp","href":"https:\/\/api.w.org\/{rel}","templated":true}]}}