{"id":25061,"date":"2020-12-23T00:30:35","date_gmt":"2020-12-23T07:30:35","guid":{"rendered":"https:\/\/www.caesarstone.ca\/caesarstone-announces-its-2020-designer-collaboration-with-potter-designer-and-author-jonathan-adler\/"},"modified":"2023-09-26T14:11:33","modified_gmt":"2023-09-26T20:11:33","slug":"dans-le-cadre-de-son-programme-2020-de-collaboration-en-design-caesarstone-sassocie-avec-jonathan-adler","status":"publish","type":"page","link":"https:\/\/www.caesarstone.ca\/fr\/dans-le-cadre-de-son-programme-2020-de-collaboration-en-design-caesarstone-sassocie-avec-jonathan-adler\/","title":{"rendered":"Dans le cadre de son programme\u202f2020 de collaboration en design, Caesarstone s\u2019associe avec Jonathan Adler"},"content":{"rendered":"\n<p>POUR PUBLICATION IMM\u00c9DIATE&nbsp;\u2013&nbsp;D\u00e9cembre\u202f2019. \u2013&nbsp;Le fabricant de produits de luxe en quartz&nbsp;<a href=\"https:\/\/www.caesarstone.ca\/fr\/\" target=\"_blank\" rel=\"noreferrer noopener\">Caesarstone&nbsp;<\/a>annonce pour 2020 une collaboration avec le potier, designer et auteur&nbsp;<a href=\"https:\/\/www.jonathanadler.com\/\" target=\"_blank\" rel=\"noreferrer noopener\">Jonathan Adler.&nbsp;Le partenariat&nbsp;<\/a>sera lanc\u00e9 lors de la plus importante exposition de design du Canada, l\u2019<a href=\"https:\/\/toronto.interiordesignshow.com\/en\/home.html\" target=\"_blank\" rel=\"noreferrer noopener\">Interior Design Show\u202f2020 (IDS20)<\/a>, qui se tiendra du 16 au 19\u202fjanvier\u202f2020 au Palais des congr\u00e8s du Toronto m\u00e9tropolitain, avec une installation attrayante, tr\u00e8s&nbsp;expressive&nbsp;et tr\u00e8s instagrammable, intitul\u00e9e&nbsp;Dreamland.&nbsp;<\/p>\n\n\n\n<figure class=\"wp-block-gallery has-nested-images columns-default is-cropped wp-block-gallery-1 is-layout-flex wp-block-gallery-is-layout-flex\">\n<figure class=\"wp-block-image size-large\"><img loading=\"lazy\" decoding=\"async\" width=\"1024\" height=\"529\" data-id=\"3761\" src=\"https:\/\/www.caesarstone.ca\/wp-content\/uploads\/sites\/5\/2020\/12\/1240x640bannerdreamland-1024x529.jpg\" alt=\"\" class=\"wp-image-3761\" srcset=\"https:\/\/www.caesarstone.ca\/wp-content\/uploads\/sites\/5\/2020\/12\/1240x640bannerdreamland-1024x529.jpg 1024w, https:\/\/www.caesarstone.ca\/wp-content\/uploads\/sites\/5\/2020\/12\/1240x640bannerdreamland-300x155.jpg 300w, https:\/\/www.caesarstone.ca\/wp-content\/uploads\/sites\/5\/2020\/12\/1240x640bannerdreamland-768x396.jpg 768w, https:\/\/www.caesarstone.ca\/wp-content\/uploads\/sites\/5\/2020\/12\/1240x640bannerdreamland.jpg 1240w\" sizes=\"auto, (max-width: 1024px) 100vw, 1024px\" \/><\/figure>\n<figcaption class=\"blocks-gallery-caption wp-element-caption\"><em><em>Repr\u00e9sentation de l\u2019installation de Jonathan Adler \u00e0&nbsp;l\u2019IDS20&nbsp;<\/em>&nbsp;<\/em><\/figcaption><\/figure>\n\n\n\n<p>Le programme de collaboration en design de Caesarstone, qui entame sa septi\u00e8me ann\u00e9e,&nbsp;vise \u00e0 revoir&nbsp;l\u2019utilisation habituelle de son produit et&nbsp;\u00e0 c\u00e9l\u00e9brer la&nbsp;marque&nbsp;gr\u00e2ce \u00e0&nbsp;des partenariats avec des designers multidisciplinaires du monde entier qui proposent une vision futuriste de ce mat\u00e9riau polyvalent. Parmi les partenaires des ann\u00e9es pass\u00e9es, on compte&nbsp;Marije Vogelzang, Snarkitecture, Jaime Hayon&nbsp;et&nbsp;Tom Dixon.&nbsp;<\/p>\n\n\n\n<p class=\"has-text-align-center\"><em>\u00ab\u202fTravailler&nbsp;avec&nbsp;Caesarstone \u2013&nbsp;aussi bien avec son produit de qualit\u00e9 qu\u2019avec sa talentueuse \u00e9quipe&nbsp;\u2013 c\u2019est fabuleux.&nbsp;On ne peut r\u00eaver mieux que d\u2019utiliser un mat\u00e9riau de r\u00eave pour cr\u00e9er un environnement de r\u00eave!\u202f\u00bb&nbsp;<strong>affirme&nbsp;Jonathan Adler.&nbsp;<\/strong><\/em><\/p>\n\n\n\n<p>L\u2019installation&nbsp;\u00ab\u202fDreamland\u202f\u00bb&nbsp;qui r\u00e9sultera de la collaboration entre&nbsp;Caesarstone&nbsp;et&nbsp;Jonathan Adler&nbsp;\u00e0&nbsp;l\u2019IDS20&nbsp;transformera les surfaces Caesarstone en une fiction irr\u00e9elle et \u00e9th\u00e9r\u00e9e. Les visiteurs circuleront dans un paysage&nbsp;vaporeux&nbsp;et&nbsp;paradisiaque qui mettra en valeur la polyvalence du quartz dans toute une gamme de couleurs et de textures.&nbsp;Le designer&nbsp;s\u2019est donn\u00e9 le d\u00e9fi de concevoir un environnement&nbsp;tout en douceur&nbsp;\u00e0 partir&nbsp;du quartz&nbsp;Caesarstone, un mat\u00e9riau habituellement associ\u00e9 \u00e0 des angles droits et \u00e0 des lignes bien d\u00e9coup\u00e9es. Nuages, visages et plumage d\u2019autruche accompagneront&nbsp;notamment&nbsp;des colonnes n\u00e9oclassiques inspir\u00e9es du si\u00e8ge social de Caesarstone dans&nbsp;l\u2019ancien port romain&nbsp;de&nbsp;C\u00e9sar\u00e9e.&nbsp;<\/p>\n\n\n\n<p class=\"has-text-align-center\"><em>\u00ab\u202fNous avons eu beaucoup de plaisir \u00e0 travailler avec Jonathan cette ann\u00e9e. Nous sommes vraiment heureux de donner vie \u00e0 son interpr\u00e9tation cr\u00e9ative et unique&nbsp;du quartz&nbsp;Ceasarstone, qui r\u00e9sulte de sa passion pour&nbsp;le luxe et le travail soign\u00e9. Son concept est si inspirant et imaginatif qu\u2019il repousse les limites de l\u2019utilisation du produit partout dans la maison\u202f\u00bb, affirme&nbsp;Elizabeth Margles,&nbsp;vice-pr\u00e9sidente marketing&nbsp;de&nbsp;Caesarstone&nbsp;Am\u00e9rique du Nord.&nbsp;<\/em><\/p>\n\n\n\n<h3 class=\"wp-block-heading\"><strong><strong>Demandes d\u2019information des m\u00e9dias, notamment&nbsp;au sujet de l\u2019installation de l\u2019IDS20&nbsp;<\/strong>&nbsp;<\/strong><\/h3>\n\n\n\n<p><strong>Faulhaber Communications<\/strong><\/p>\n\n\n\n<p>Kayla Matos,&nbsp;<a href=\"mailto:km@faulhabercommunications.com\" target=\"_blank\" rel=\"noreferrer noopener\">km@faulhabercommunications.com,&nbsp;<\/a>416\u202f5040768,&nbsp;poste\u202f228&nbsp;Taylor Jantzi,&nbsp;<a href=\"mailto:tj@faulhabercommunications.com\" target=\"_blank\" rel=\"noreferrer noopener\">tj@faulhabercommunications.com,&nbsp;<\/a>416\u202f5040768,&nbsp;poste\u202f242&nbsp;<\/p>\n\n\n\n<h3 class=\"wp-block-heading\">Caesarstone<\/h3>\n\n\n\n<p>Caesarstone fabrique des surfaces en quartz de qualit\u00e9 sup\u00e9rieure pour des&nbsp;immeubles&nbsp;r\u00e9sidentiels et commerciaux, tels que comptoirs de cuisine, lavabos de salle de bain, rev\u00eatements muraux et de plancher, et autres surfaces int\u00e9rieures. La grande vari\u00e9t\u00e9 de couleurs, de styles, de designs et de textures des produits Caesarstone\u1d39\u1d30,&nbsp;de m\u00eame&nbsp;que leurs caract\u00e9ristiques inh\u00e9rentes (duret\u00e9, imperm\u00e9abilit\u00e9, durabilit\u00e9, r\u00e9sistance aux \u00e9gratignures et aux taches) en font des surfaces parfaites pour les espaces int\u00e9rieurs qui se comparent tr\u00e8s favorablement au granit, aux surfaces manufactur\u00e9es, qu\u2019elles soient massives ou stratifi\u00e9es, ainsi qu\u2019aux autres surfaces de quartz&nbsp;d\u2019ing\u00e9nierie.&nbsp;Les&nbsp;cinq&nbsp;collections de produits Caesarstone \u2013 Classico, Concetto, Supernatural, Metropolitan&nbsp;et Ultranatural \u2013 sont en vente dans plus de 50\u202fpays.&nbsp;<a href=\"http:\/\/www.global.caesarstone.com\/fr\" target=\"_blank\" rel=\"noreferrer noopener\">www.global.caesarstone.com\/fr<\/a>&nbsp;&nbsp;@CaesarstoneCA&nbsp;<\/p>\n\n\n\n<h3 class=\"wp-block-heading\">Jonathan Adler<\/h3>\n\n\n\n<p>Potier, designer et auteur,&nbsp;Jonathan Adler&nbsp;lance sa propre marque apr\u00e8s avoir quitt\u00e9 son emploi pour revenir \u00e0 ses premi\u00e8res amours, la poterie. En 1993, Barneys ach\u00e8te sa collection de pots,&nbsp;et cinq ans plus tard,&nbsp;il ouvre boutique dans Soho. Son d\u00e9sir de dessiner tous les \u00e9l\u00e9ments n\u00e9cessaires \u00e0 une demeure d\u2019un chic impeccable le pousse toujours plus loin. Jonathan Adler, c\u2019est aujourd\u2019hui une entreprise de design qui a des magasins partout dans le monde, un commerce en ligne florissant, tout un \u00e9ventail de projets r\u00e9sidentiels et commerciaux, et une entreprise de gros qui se targue de plus de 1000\u202fsuccursales dans le monde.&nbsp;Elle s\u2019efforce de cr\u00e9er des int\u00e9rieurs luxueux o\u00f9 il fait bon vivre, con\u00e7us avec s\u00e9rieux,&nbsp;sans se prendre trop au s\u00e9rieux.&nbsp;<\/p>\n","protected":false},"excerpt":{"rendered":"<p>POUR PUBLICATION IMM\u00c9DIATE&nbsp;\u2013&nbsp;D\u00e9cembre\u202f2019. \u2013&nbsp;Le fabricant de produits de luxe en quartz&nbsp;Caesarstone&nbsp;annonce pour 2020 une collaboration avec le potier, designer et auteur&nbsp;Jonathan Adler.&nbsp;Le partenariat&nbsp;sera lanc\u00e9 lors de la plus importante exposition de design du Canada, l\u2019Interior Design Show\u202f2020 (IDS20), qui se tiendra du 16 au 19\u202fjanvier\u202f2020 au Palais des congr\u00e8s du Toronto m\u00e9tropolitain, avec une installation [&hellip;]<\/p>\n","protected":false},"author":7,"featured_media":0,"parent":0,"menu_order":0,"comment_status":"closed","ping_status":"closed","template":"","meta":{"_acf_changed":false,"footnotes":""},"class_list":["post-25061","page","type-page","status-publish","hentry"],"acf":{"head_strip":{"":null,"background":null,"background_mobile":null,"title":"","subtitle":"","use_cta":false,"video_url":"","cta":null},"cs_related_posts":{"title":"","link":null,"articles":null,"show_pagination":false,"show_arrows":true,"space_desktop":{"top":0,"bottom":0},"space_mobile":{"top":0,"bottom":0},"background":"#f7f7f7","text_color":"#252525"},"related_post_card":{"title":"","desc":"","image":null,"video_url":""}},"yoast_head":"<!-- This site is optimized with the Yoast SEO Premium plugin v27.2 (Yoast SEO v27.2) - https:\/\/yoast.com\/product\/yoast-seo-premium-wordpress\/ -->\n<title>Caesarstone s\u2019associe avec Jonathan Adler | Caesarstone Canada<\/title>\n<meta name=\"description\" content=\"Programme 2020 de collaboration en design avec Jonathan Adler. Explorez nos id\u00e9es de comptoirs et styles de design.\" \/>\n<meta name=\"robots\" content=\"index, follow, max-snippet:-1, max-image-preview:large, max-video-preview:-1\" \/>\n<link rel=\"canonical\" href=\"https:\/\/www.caesarstone.ca\/fr\/dans-le-cadre-de-son-programme-2020-de-collaboration-en-design-caesarstone-sassocie-avec-jonathan-adler\/\" \/>\n<meta property=\"og:locale\" content=\"fr_CA\" \/>\n<meta property=\"og:type\" content=\"article\" \/>\n<meta property=\"og:title\" content=\"Dans le cadre de son programme\u202f2020 de collaboration en design, Caesarstone s\u2019associe avec Jonathan Adler\" \/>\n<meta property=\"og:description\" content=\"Programme 2020 de collaboration en design avec Jonathan Adler. Explorez nos id\u00e9es de comptoirs et styles de design.\" \/>\n<meta property=\"og:url\" content=\"https:\/\/www.caesarstone.ca\/fr\/dans-le-cadre-de-son-programme-2020-de-collaboration-en-design-caesarstone-sassocie-avec-jonathan-adler\/\" \/>\n<meta property=\"og:site_name\" content=\"Caesarstone Canada\" \/>\n<meta property=\"article:publisher\" content=\"https:\/\/www.facebook.com\/CaesarstoneCA\" \/>\n<meta property=\"article:modified_time\" content=\"2023-09-26T20:11:33+00:00\" \/>\n<meta property=\"og:image\" content=\"https:\/\/www.caesarstone.ca\/wp-content\/uploads\/sites\/5\/2020\/12\/1240x640bannerdreamland-1024x529.jpg\" \/>\n<meta name=\"twitter:card\" content=\"summary_large_image\" \/>\n<meta name=\"twitter:label1\" content=\"Est. reading time\" \/>\n\t<meta name=\"twitter:data1\" content=\"3 minutes\" \/>\n<script type=\"application\/ld+json\" class=\"yoast-schema-graph\">{\"@context\":\"https:\/\/schema.org\",\"@graph\":[{\"@type\":\"WebPage\",\"@id\":\"https:\/\/www.caesarstone.ca\/fr\/dans-le-cadre-de-son-programme-2020-de-collaboration-en-design-caesarstone-sassocie-avec-jonathan-adler\/\",\"url\":\"https:\/\/www.caesarstone.ca\/fr\/dans-le-cadre-de-son-programme-2020-de-collaboration-en-design-caesarstone-sassocie-avec-jonathan-adler\/\",\"name\":\"Caesarstone s\u2019associe avec Jonathan Adler | Caesarstone Canada\",\"isPartOf\":{\"@id\":\"https:\/\/www.caesarstone.ca\/fr\/#website\"},\"primaryImageOfPage\":{\"@id\":\"https:\/\/www.caesarstone.ca\/fr\/dans-le-cadre-de-son-programme-2020-de-collaboration-en-design-caesarstone-sassocie-avec-jonathan-adler\/#primaryimage\"},\"image\":{\"@id\":\"https:\/\/www.caesarstone.ca\/fr\/dans-le-cadre-de-son-programme-2020-de-collaboration-en-design-caesarstone-sassocie-avec-jonathan-adler\/#primaryimage\"},\"thumbnailUrl\":\"https:\/\/www.caesarstone.ca\/wp-content\/uploads\/sites\/5\/2020\/12\/1240x640bannerdreamland-1024x529.jpg\",\"datePublished\":\"2020-12-23T07:30:35+00:00\",\"dateModified\":\"2023-09-26T20:11:33+00:00\",\"description\":\"Programme 2020 de collaboration en design avec Jonathan Adler. Explorez nos id\u00e9es de comptoirs et styles de design.\",\"breadcrumb\":{\"@id\":\"https:\/\/www.caesarstone.ca\/fr\/dans-le-cadre-de-son-programme-2020-de-collaboration-en-design-caesarstone-sassocie-avec-jonathan-adler\/#breadcrumb\"},\"inLanguage\":\"fr-CA\",\"potentialAction\":[{\"@type\":\"ReadAction\",\"target\":[\"https:\/\/www.caesarstone.ca\/fr\/dans-le-cadre-de-son-programme-2020-de-collaboration-en-design-caesarstone-sassocie-avec-jonathan-adler\/\"]}]},{\"@type\":\"ImageObject\",\"inLanguage\":\"fr-CA\",\"@id\":\"https:\/\/www.caesarstone.ca\/fr\/dans-le-cadre-de-son-programme-2020-de-collaboration-en-design-caesarstone-sassocie-avec-jonathan-adler\/#primaryimage\",\"url\":\"https:\/\/www.caesarstone.ca\/wp-content\/uploads\/sites\/5\/2020\/12\/1240x640bannerdreamland-1024x529.jpg\",\"contentUrl\":\"https:\/\/www.caesarstone.ca\/wp-content\/uploads\/sites\/5\/2020\/12\/1240x640bannerdreamland-1024x529.jpg\"},{\"@type\":\"BreadcrumbList\",\"@id\":\"https:\/\/www.caesarstone.ca\/fr\/dans-le-cadre-de-son-programme-2020-de-collaboration-en-design-caesarstone-sassocie-avec-jonathan-adler\/#breadcrumb\",\"itemListElement\":[{\"@type\":\"ListItem\",\"position\":1,\"name\":\"Home\",\"item\":\"https:\/\/www.caesarstone.ca\/fr\/\"},{\"@type\":\"ListItem\",\"position\":2,\"name\":\"Dans le cadre de son programme\u202f2020 de collaboration en design, Caesarstone s\u2019associe avec Jonathan Adler\"}]},{\"@type\":\"WebSite\",\"@id\":\"https:\/\/www.caesarstone.ca\/fr\/#website\",\"url\":\"https:\/\/www.caesarstone.ca\/fr\/\",\"name\":\"Caesarstone Canada\",\"description\":\"Life in Stone\",\"publisher\":{\"@id\":\"https:\/\/www.caesarstone.ca\/fr\/#organization\"},\"potentialAction\":[{\"@type\":\"SearchAction\",\"target\":{\"@type\":\"EntryPoint\",\"urlTemplate\":\"https:\/\/www.caesarstone.ca\/fr\/?s={search_term_string}\"},\"query-input\":{\"@type\":\"PropertyValueSpecification\",\"valueRequired\":true,\"valueName\":\"search_term_string\"}}],\"inLanguage\":\"fr-CA\"},{\"@type\":\"Organization\",\"@id\":\"https:\/\/www.caesarstone.ca\/fr\/#organization\",\"name\":\"Caesarstone Canada\",\"url\":\"https:\/\/www.caesarstone.ca\/fr\/\",\"logo\":{\"@type\":\"ImageObject\",\"inLanguage\":\"fr-CA\",\"@id\":\"https:\/\/www.caesarstone.ca\/fr\/#\/schema\/logo\/image\/\",\"url\":\"https:\/\/www.caesarstone.ca\/wp-content\/uploads\/sites\/5\/2026\/03\/Caesarstone_logo.jpg\",\"contentUrl\":\"https:\/\/www.caesarstone.ca\/wp-content\/uploads\/sites\/5\/2026\/03\/Caesarstone_logo.jpg\",\"width\":1000,\"height\":158,\"caption\":\"Caesarstone Canada\"},\"image\":{\"@id\":\"https:\/\/www.caesarstone.ca\/fr\/#\/schema\/logo\/image\/\"},\"sameAs\":[\"https:\/\/www.facebook.com\/CaesarstoneCA\",\"https:\/\/www.instagram.com\/caesarstoneca\/\",\"https:\/\/www.linkedin.com\/company\/caesarstone-canada\/\",\"https:\/\/www.youtube.com\/@CaesarstoneNA\"]}]}<\/script>\n<!-- \/ Yoast SEO Premium plugin. -->","yoast_head_json":{"title":"Caesarstone s\u2019associe avec Jonathan Adler | Caesarstone Canada","description":"Programme 2020 de collaboration en design avec Jonathan Adler. Explorez nos id\u00e9es de comptoirs et styles de design.","robots":{"index":"index","follow":"follow","max-snippet":"max-snippet:-1","max-image-preview":"max-image-preview:large","max-video-preview":"max-video-preview:-1"},"canonical":"https:\/\/www.caesarstone.ca\/fr\/dans-le-cadre-de-son-programme-2020-de-collaboration-en-design-caesarstone-sassocie-avec-jonathan-adler\/","og_locale":"fr_CA","og_type":"article","og_title":"Dans le cadre de son programme\u202f2020 de collaboration en design, Caesarstone s\u2019associe avec Jonathan Adler","og_description":"Programme 2020 de collaboration en design avec Jonathan Adler. Explorez nos id\u00e9es de comptoirs et styles de design.","og_url":"https:\/\/www.caesarstone.ca\/fr\/dans-le-cadre-de-son-programme-2020-de-collaboration-en-design-caesarstone-sassocie-avec-jonathan-adler\/","og_site_name":"Caesarstone Canada","article_publisher":"https:\/\/www.facebook.com\/CaesarstoneCA","article_modified_time":"2023-09-26T20:11:33+00:00","og_image":[{"url":"https:\/\/www.caesarstone.ca\/wp-content\/uploads\/sites\/5\/2020\/12\/1240x640bannerdreamland-1024x529.jpg","type":"","width":"","height":""}],"twitter_card":"summary_large_image","twitter_misc":{"Est. reading time":"3 minutes"},"schema":{"@context":"https:\/\/schema.org","@graph":[{"@type":"WebPage","@id":"https:\/\/www.caesarstone.ca\/fr\/dans-le-cadre-de-son-programme-2020-de-collaboration-en-design-caesarstone-sassocie-avec-jonathan-adler\/","url":"https:\/\/www.caesarstone.ca\/fr\/dans-le-cadre-de-son-programme-2020-de-collaboration-en-design-caesarstone-sassocie-avec-jonathan-adler\/","name":"Caesarstone s\u2019associe avec Jonathan Adler | Caesarstone Canada","isPartOf":{"@id":"https:\/\/www.caesarstone.ca\/fr\/#website"},"primaryImageOfPage":{"@id":"https:\/\/www.caesarstone.ca\/fr\/dans-le-cadre-de-son-programme-2020-de-collaboration-en-design-caesarstone-sassocie-avec-jonathan-adler\/#primaryimage"},"image":{"@id":"https:\/\/www.caesarstone.ca\/fr\/dans-le-cadre-de-son-programme-2020-de-collaboration-en-design-caesarstone-sassocie-avec-jonathan-adler\/#primaryimage"},"thumbnailUrl":"https:\/\/www.caesarstone.ca\/wp-content\/uploads\/sites\/5\/2020\/12\/1240x640bannerdreamland-1024x529.jpg","datePublished":"2020-12-23T07:30:35+00:00","dateModified":"2023-09-26T20:11:33+00:00","description":"Programme 2020 de collaboration en design avec Jonathan Adler. Explorez nos id\u00e9es de comptoirs et styles de design.","breadcrumb":{"@id":"https:\/\/www.caesarstone.ca\/fr\/dans-le-cadre-de-son-programme-2020-de-collaboration-en-design-caesarstone-sassocie-avec-jonathan-adler\/#breadcrumb"},"inLanguage":"fr-CA","potentialAction":[{"@type":"ReadAction","target":["https:\/\/www.caesarstone.ca\/fr\/dans-le-cadre-de-son-programme-2020-de-collaboration-en-design-caesarstone-sassocie-avec-jonathan-adler\/"]}]},{"@type":"ImageObject","inLanguage":"fr-CA","@id":"https:\/\/www.caesarstone.ca\/fr\/dans-le-cadre-de-son-programme-2020-de-collaboration-en-design-caesarstone-sassocie-avec-jonathan-adler\/#primaryimage","url":"https:\/\/www.caesarstone.ca\/wp-content\/uploads\/sites\/5\/2020\/12\/1240x640bannerdreamland-1024x529.jpg","contentUrl":"https:\/\/www.caesarstone.ca\/wp-content\/uploads\/sites\/5\/2020\/12\/1240x640bannerdreamland-1024x529.jpg"},{"@type":"BreadcrumbList","@id":"https:\/\/www.caesarstone.ca\/fr\/dans-le-cadre-de-son-programme-2020-de-collaboration-en-design-caesarstone-sassocie-avec-jonathan-adler\/#breadcrumb","itemListElement":[{"@type":"ListItem","position":1,"name":"Home","item":"https:\/\/www.caesarstone.ca\/fr\/"},{"@type":"ListItem","position":2,"name":"Dans le cadre de son programme\u202f2020 de collaboration en design, Caesarstone s\u2019associe avec Jonathan Adler"}]},{"@type":"WebSite","@id":"https:\/\/www.caesarstone.ca\/fr\/#website","url":"https:\/\/www.caesarstone.ca\/fr\/","name":"Caesarstone Canada","description":"Life in Stone","publisher":{"@id":"https:\/\/www.caesarstone.ca\/fr\/#organization"},"potentialAction":[{"@type":"SearchAction","target":{"@type":"EntryPoint","urlTemplate":"https:\/\/www.caesarstone.ca\/fr\/?s={search_term_string}"},"query-input":{"@type":"PropertyValueSpecification","valueRequired":true,"valueName":"search_term_string"}}],"inLanguage":"fr-CA"},{"@type":"Organization","@id":"https:\/\/www.caesarstone.ca\/fr\/#organization","name":"Caesarstone Canada","url":"https:\/\/www.caesarstone.ca\/fr\/","logo":{"@type":"ImageObject","inLanguage":"fr-CA","@id":"https:\/\/www.caesarstone.ca\/fr\/#\/schema\/logo\/image\/","url":"https:\/\/www.caesarstone.ca\/wp-content\/uploads\/sites\/5\/2026\/03\/Caesarstone_logo.jpg","contentUrl":"https:\/\/www.caesarstone.ca\/wp-content\/uploads\/sites\/5\/2026\/03\/Caesarstone_logo.jpg","width":1000,"height":158,"caption":"Caesarstone Canada"},"image":{"@id":"https:\/\/www.caesarstone.ca\/fr\/#\/schema\/logo\/image\/"},"sameAs":["https:\/\/www.facebook.com\/CaesarstoneCA","https:\/\/www.instagram.com\/caesarstoneca\/","https:\/\/www.linkedin.com\/company\/caesarstone-canada\/","https:\/\/www.youtube.com\/@CaesarstoneNA"]}]}},"_links":{"self":[{"href":"https:\/\/www.caesarstone.ca\/fr\/wp-json\/wp\/v2\/pages\/25061","targetHints":{"allow":["GET"]}}],"collection":[{"href":"https:\/\/www.caesarstone.ca\/fr\/wp-json\/wp\/v2\/pages"}],"about":[{"href":"https:\/\/www.caesarstone.ca\/fr\/wp-json\/wp\/v2\/types\/page"}],"author":[{"embeddable":true,"href":"https:\/\/www.caesarstone.ca\/fr\/wp-json\/wp\/v2\/users\/7"}],"replies":[{"embeddable":true,"href":"https:\/\/www.caesarstone.ca\/fr\/wp-json\/wp\/v2\/comments?post=25061"}],"version-history":[{"count":3,"href":"https:\/\/www.caesarstone.ca\/fr\/wp-json\/wp\/v2\/pages\/25061\/revisions"}],"predecessor-version":[{"id":67423,"href":"https:\/\/www.caesarstone.ca\/fr\/wp-json\/wp\/v2\/pages\/25061\/revisions\/67423"}],"wp:attachment":[{"href":"https:\/\/www.caesarstone.ca\/fr\/wp-json\/wp\/v2\/media?parent=25061"}],"curies":[{"name":"wp","href":"https:\/\/api.w.org\/{rel}","templated":true}]}}