{"id":25092,"date":"2021-01-03T07:59:09","date_gmt":"2021-01-03T14:59:09","guid":{"rendered":"https:\/\/www.caesarstone.ca\/why-quartz\/"},"modified":"2024-06-24T11:22:55","modified_gmt":"2024-06-24T17:22:55","slug":"vantages-du-quartz","status":"publish","type":"page","link":"https:\/\/www.caesarstone.ca\/fr\/vantages-du-quartz\/","title":{"rendered":"Avantages du quartz"},"content":{"rendered":"","protected":false},"excerpt":{"rendered":"","protected":false},"author":1,"featured_media":0,"parent":0,"menu_order":0,"comment_status":"closed","ping_status":"closed","template":"templates\/why-quartz.php","meta":{"_acf_changed":false,"footnotes":""},"class_list":["post-25092","page","type-page","status-publish","hentry"],"acf":{"hero":{"items":[{"image":5597,"mobile_image":26505,"video_url":"","mobile_video_url":"","duration":5,"mobile_hide_rectangle":true,"desktop_hide_rectangle":true,"contents_non_video":{"title":"Le quartz brut, transform\u00e9 en la pierre la plus dure qui soit","subtext":"","link":""},"contents_video":null,"down_arrow":false,"show_pebbles_logo":false,"show_porcelain_logo":false,"custom_class":""}],"buttons_framed_layout":"link"},"cs_related_posts":{"title":"","link":"","articles":"","show_pagination":false,"show_arrows":true,"space_desktop":{"top":0,"bottom":0},"space_mobile":{"top":0,"bottom":0},"background":"#f7f7f7","text_color":"#252525"},"intro":{"title":"Le quartz n\u2019a aucun secret pour nous : nous avons invent\u00e9 les comptoirs en quartz","content":"<span style=\"font-weight: 400\">Le quartz brut est une ressource naturelle abondante, aussi courante que le sable mais plus solide que l\u2019acier. Les comptoirs Caesarstone sont faits d\u2019une pierre synth\u00e9tique que nous avons invent\u00e9e et dont la teneur en quartz peut atteindre 90\u00a0%, lui conf\u00e9rant des propri\u00e9t\u00e9s avantageuses par rapport au marbre, au granit et aux autres pierres naturelles. <\/span><b>Nous prenons un min\u00e9ral pur et le transformons en votre surface favorite.<\/b>","cta":""},"accordion_image":5592,"accordion_background_type":false,"accordion_items":[{"title":"Sup\u00e9riorit\u00e9","subtitle":"Chaque dalle met en valeur la r\u00e9sistance et la durabilit\u00e9 immenses du quartz brut.","content":"Surfaces en pierre les plus dures qui soient, les comptoirs en quartz sont faits de min\u00e9raux d\u2019origine naturelle parmi les plus durs (duret\u00e9 de 7 sur 10 sur l\u2019\u00e9chelle de Mohs). Nous utilisons jusqu\u2019\u00e0 90 % de particules de quartz pures et les moulons avec des r\u00e9sines et des pigments pour produire les surfaces les plus r\u00e9sistantes sur le march\u00e9. ","image":5592,"mobile_image":26510,"icon":""},{"title":"Innovation","subtitle":"Gr\u00e2ce \u00e0 notre expertise technique, \u00e0 notre souci de la qualit\u00e9 et \u00e0 notre savoir-faire, nous transformons le quartz en comptoirs r\u00e9volutionnaires.","content":"Nous avons mis au point les surfaces en quartz en 1987 au moyen de technologies de pointe brevet\u00e9e toujours en usage aujourd\u2019hui. Tirant parti des qualit\u00e9s exceptionnelles du quartz, nous en avons fait la pierre id\u00e9ale pour les espaces r\u00e9sidentiels et commerciaux et la surface de choix pour les architectes et designers du monde entier. ","image":29007,"mobile_image":26508,"icon":""},{"title":"Design","subtitle":"Les comptoirs en quartz sont le fruit d\u2019un parcours cr\u00e9atif et d\u2019une grande passion pour le design.","content":"Offrant d\u2019innombrables possibilit\u00e9s de design, le quartz combine beaut\u00e9 intemporelle et durabilit\u00e9 dans des motifs complexes, divers finis et des couleurs riches. Notre passion immense pour le design est l\u2019une de nos valeurs fondamentales, qui nous pousse \u00e0 repousser sans cesse les limites des comptoirs en quartz.","image":5599,"mobile_image":26506,"icon":""},{"title":"S\u00fbret\u00e9","subtitle":"Les surfaces en quartz Caesarstone procurent une grande tranquillit\u00e9 d\u2019esprit gr\u00e2ce \u00e0 leur utilisation sans tracas et \u00e0 leur s\u00fbret\u00e9.","content":"Nous produisons nos comptoirs en quartz dans un environnement strictement contr\u00f4l\u00e9 afin que nos proc\u00e9d\u00e9s de fabrication et nos produits finis r\u00e9pondent aux normes de s\u00e9curit\u00e9 les plus strictes. Nos comptoirs pr\u00e9sentent toutes les caract\u00e9ristiques essentielles d\u2019une bonne surface : ils sont non poreux et non toxiques, ne n\u00e9cessitent pas de scellant ou de cire pour rester conformes \u00e0 notre norme d\u2019hygi\u00e8ne, et pr\u00e9viennent la prolif\u00e9ration de bact\u00e9ries et de moisissures, ce qui assure leur s\u00fbret\u00e9 et leur salubrit\u00e9, et donc une propret\u00e9 impeccable. ","image":5600,"mobile_image":26512,"icon":""}],"benefits":{"title":"Excellente r\u00e9sistance, avantages intemporels","items":[{"title":"Surface non poreuse","global_icon":"nonporous-05-01.svg","alt":"","content":"La surface pr\u00e9sente une imp\u00e9n\u00e9trabilit\u00e9, une densit\u00e9 et une r\u00e9sistance incroyables qui assurent sa qualit\u00e9 \u00e0 long terme."},{"title":"Durabilit\u00e9","global_icon":"durable-10-01.svg","alt":"","content":"Le quartz est <a href=\"https:\/\/www.caesarstone.ca\/fr\/blog\/caesarstone-advantages\/\" target=\"_blank\" rel=\"noopener\">plus dur, plus r\u00e9sistant et plus s\u00fbr<\/a> que le marbre, le granit et les autres pierres naturelles."},{"title":"Nettoyage facile","global_icon":"easy-care_to clean-11-01.svg","alt":"","content":"Puisque le comptoir se nettoie avec <a href=\"https:\/\/www.caesarstone.ca\/fr\/entretien-et-nettoyage\/?preview=true\" target=\"_blank\" rel=\"noopener\"><u>du savon et de l\u2019eau tout simplement<\/u><\/a> et n\u2019a besoin d\u2019aucun scellant, son entretien est des plus ais\u00e9s."},{"title":" Hygi\u00e8ne","global_icon":"hygienic-07-01.svg","alt":"","content":"Le quartz est non absorbant et pr\u00e9vient la prolif\u00e9ration des bact\u00e9ries et des moisissures, et demeure s\u00fbr et salubre, ce qui assure une propret\u00e9 impeccable."},{"title":" R\u00e9sistance aux taches","global_icon":"stain resistance-15.svg","alt":"","content":"La surface imp\u00e9n\u00e9trable, non poreuse et non absorbante r\u00e9siste \u00e0 la plupart des taches et est <a href=\"https:\/\/www.caesarstone.ca\/fr\/entretien-et-nettoyage\/\">facile \u00e0 entretenir<\/a>."},{"title":" R\u00e9sistance \u00e0 la chaleur","global_icon":"heat resistance-13-01.svg","alt":"","content":"<span class=\"TextRun SCXW245360771 BCX9\" lang=\"FR-CA\" xml:lang=\"FR-CA\" data-contrast=\"auto\"><span class=\"NormalTextRun SCXW245360771 BCX9\">Le quartz\u00a0<\/span><\/span><span class=\"TextRun SCXW245360771 BCX9\" lang=\"FR-CA\" xml:lang=\"FR-CA\" data-contrast=\"auto\"><span class=\"NormalTextRun SpellingErrorV2 SCXW245360771 BCX9\">Caesarstone<\/span><\/span><span class=\"TextRun SCXW245360771 BCX9\" lang=\"FR-CA\" xml:lang=\"FR-CA\" data-contrast=\"auto\"><span class=\"NormalTextRun SCXW245360771 BCX9\">\u00a0r\u00e9siste \u00e0 la chaleur, mais un sous-plat est requis pour les temp\u00e9ratures tr\u00e8s \u00e9lev\u00e9es.<\/span><\/span><span class=\"EOP SCXW245360771 BCX9\" data-ccp-props=\"{&quot;201341983&quot;:0,&quot;335559738&quot;:120,&quot;335559739&quot;:60,&quot;335559740&quot;:240}\">\u00a0<\/span>"},{"title":" R\u00e9sistance aux \u00e9gratignures","global_icon":"scratch resistance-14-01.svg","alt":"","content":"<span style=\"font-weight: 400\">L\u2019impressionnante r\u00e9sistance aux \u00e9gratignures pr\u00e9vient tout type de marques.<\/span>"},{"title":" Long\u00e9vit\u00e9","global_icon":"Strength.svg","alt":"","content":"<span style=\"font-weight: 400\">Les comptoirs Caesarstone ont une forte teneur en quartz naturel (jusqu'\u00e0 90% de min\u00e9raux de quartz, et le ratio le plus \u00e9lev\u00e9 est de 92%) et sont assortis d\u2019une <\/span><a href=\"https:\/\/www.caesarstone.ca\/fr\/garantie\/\"><span style=\"font-weight: 400\">garantie \u00e0 vie<\/span><\/a><span style=\"font-weight: 400\">.\u00a0<\/span>"},{"title":"Facilit\u00e9 d\u2019installation","global_icon":"easy to install-12-01.svg","alt":"","content":"Les dalles se taillent, s\u2019installent et se personnalisent facilement par des professionnels, et bien qu\u2019elles conviennent \u00e0 une utilisation int\u00e9rieure, elles se d\u00e9clinent aussi en <a href=\"https:\/\/www.caesarstone.ca\/fr\/caesarstone-canada-lance-une-collection-dexterieur\/\">diverses couleurs pour l\u2019ext\u00e9rieur<\/a>"},{"title":" \u00c9coresponsabilit\u00e9","global_icon":"environmentally friendly-09-01.svg","alt":"","content":"<span style=\"font-weight: 400\">Les comptoirs en quartz sont certifi\u00e9s pour leur durabilit\u00e9 et leur facilit\u00e9 d\u2019entretien. Ils favorisent la cr\u00e9ation <a href=\"https:\/\/www.caesarstone.ca\/fr\/notre-engagement-pour-lenvironnement\/\">d\u2019<\/a><\/span><a href=\"https:\/\/www.caesarstone.ca\/fr\/notre-engagement-pour-lenvironnement\/\"><span style=\"font-weight: 400\">environnements sains<\/span><\/a><span style=\"font-weight: 400\"> et une meilleure utilisation des ressources mat\u00e9rielles.<\/span>"}],"colors_title":"","colors_subtitle":"","colors_association_type":"Linked Objects","colors":[2676,2679,2673,2677,2672,2674,2678,2675,2680,2681],"colors_posts":[4071,4067,4040,3896,4018,4021,4083,4049]},"confidence":{"title":"Vous pouvez faire confiance au quartz Caesarstone","items":[{"global_icon":"caesarstone-Square-03-01.svg","alt":"","link":{"title":" Pourquoi choisir Caesarstone?","url":"https:\/\/www.caesarstone.ca\/fr\/pourquoi-choisir-caesarstone\/","target":""}},{"global_icon":"json\/color-catalog.json","alt":"","link":{"title":" Voir le catalogue","url":"https:\/\/www.caesarstone.ca\/fr\/catalogue\/","target":""}},{"global_icon":"json\/soap-color.json","alt":"","link":{"title":"Entretien et nettoyage","url":"https:\/\/www.caesarstone.ca\/fr\/entretien-et-nettoyage\/","target":""}}]},"related_post_card":{"title":"","desc":"","image":null,"video_url":""}},"yoast_head":"<!-- This site is optimized with the Yoast SEO Premium plugin v27.2 (Yoast SEO v27.2) - https:\/\/yoast.com\/product\/yoast-seo-premium-wordpress\/ -->\n<title>Avantages du quartz - Caesarstone Canada<\/title>\n<meta name=\"description\" content=\"Avantages du quartz. Laissez-vous inspirer et d\u00e9couvrez votre propre style personnel. Cliquez pour explorer d&#039;excellentes id\u00e9es de comptoirs et styles de design de Caesarstone Canada.\" \/>\n<meta name=\"robots\" content=\"index, follow, max-snippet:-1, max-image-preview:large, max-video-preview:-1\" \/>\n<link rel=\"canonical\" href=\"https:\/\/www.caesarstone.ca\/fr\/vantages-du-quartz\/\" \/>\n<meta property=\"og:locale\" content=\"fr_CA\" \/>\n<meta property=\"og:type\" content=\"article\" \/>\n<meta property=\"og:title\" content=\"Avantages du quartz\" \/>\n<meta property=\"og:description\" content=\"Avantages du quartz. Laissez-vous inspirer et d\u00e9couvrez votre propre style personnel. Cliquez pour explorer d&#039;excellentes id\u00e9es de comptoirs et styles de design de Caesarstone Canada.\" \/>\n<meta property=\"og:url\" content=\"https:\/\/www.caesarstone.ca\/fr\/vantages-du-quartz\/\" \/>\n<meta property=\"og:site_name\" content=\"Caesarstone Canada\" \/>\n<meta property=\"article:publisher\" content=\"https:\/\/www.facebook.com\/CaesarstoneCA\" \/>\n<meta property=\"article:modified_time\" content=\"2024-06-24T17:22:55+00:00\" \/>\n<meta name=\"twitter:card\" content=\"summary_large_image\" \/>\n<script type=\"application\/ld+json\" class=\"yoast-schema-graph\">{\"@context\":\"https:\/\/schema.org\",\"@graph\":[{\"@type\":\"WebPage\",\"@id\":\"https:\/\/www.caesarstone.ca\/fr\/vantages-du-quartz\/\",\"url\":\"https:\/\/www.caesarstone.ca\/fr\/vantages-du-quartz\/\",\"name\":\"Avantages du quartz - Caesarstone Canada\",\"isPartOf\":{\"@id\":\"https:\/\/www.caesarstone.ca\/fr\/#website\"},\"datePublished\":\"2021-01-03T14:59:09+00:00\",\"dateModified\":\"2024-06-24T17:22:55+00:00\",\"description\":\"Avantages du quartz. Laissez-vous inspirer et d\u00e9couvrez votre propre style personnel. Cliquez pour explorer d'excellentes id\u00e9es de comptoirs et styles de design de Caesarstone Canada.\",\"breadcrumb\":{\"@id\":\"https:\/\/www.caesarstone.ca\/fr\/vantages-du-quartz\/#breadcrumb\"},\"inLanguage\":\"fr-CA\",\"potentialAction\":[{\"@type\":\"ReadAction\",\"target\":[\"https:\/\/www.caesarstone.ca\/fr\/vantages-du-quartz\/\"]}]},{\"@type\":\"BreadcrumbList\",\"@id\":\"https:\/\/www.caesarstone.ca\/fr\/vantages-du-quartz\/#breadcrumb\",\"itemListElement\":[{\"@type\":\"ListItem\",\"position\":1,\"name\":\"Home\",\"item\":\"https:\/\/www.caesarstone.ca\/fr\/\"},{\"@type\":\"ListItem\",\"position\":2,\"name\":\"Avantages du quartz\"}]},{\"@type\":\"WebSite\",\"@id\":\"https:\/\/www.caesarstone.ca\/fr\/#website\",\"url\":\"https:\/\/www.caesarstone.ca\/fr\/\",\"name\":\"Caesarstone Canada\",\"description\":\"Life in Stone\",\"publisher\":{\"@id\":\"https:\/\/www.caesarstone.ca\/fr\/#organization\"},\"potentialAction\":[{\"@type\":\"SearchAction\",\"target\":{\"@type\":\"EntryPoint\",\"urlTemplate\":\"https:\/\/www.caesarstone.ca\/fr\/?s={search_term_string}\"},\"query-input\":{\"@type\":\"PropertyValueSpecification\",\"valueRequired\":true,\"valueName\":\"search_term_string\"}}],\"inLanguage\":\"fr-CA\"},{\"@type\":\"Organization\",\"@id\":\"https:\/\/www.caesarstone.ca\/fr\/#organization\",\"name\":\"Caesarstone Canada\",\"url\":\"https:\/\/www.caesarstone.ca\/fr\/\",\"logo\":{\"@type\":\"ImageObject\",\"inLanguage\":\"fr-CA\",\"@id\":\"https:\/\/www.caesarstone.ca\/fr\/#\/schema\/logo\/image\/\",\"url\":\"https:\/\/www.caesarstone.ca\/wp-content\/uploads\/sites\/5\/2026\/03\/Caesarstone_logo.jpg\",\"contentUrl\":\"https:\/\/www.caesarstone.ca\/wp-content\/uploads\/sites\/5\/2026\/03\/Caesarstone_logo.jpg\",\"width\":1000,\"height\":158,\"caption\":\"Caesarstone Canada\"},\"image\":{\"@id\":\"https:\/\/www.caesarstone.ca\/fr\/#\/schema\/logo\/image\/\"},\"sameAs\":[\"https:\/\/www.facebook.com\/CaesarstoneCA\",\"https:\/\/www.instagram.com\/caesarstoneca\/\",\"https:\/\/www.linkedin.com\/company\/caesarstone-canada\/\",\"https:\/\/www.youtube.com\/@CaesarstoneNA\"]}]}<\/script>\n<!-- \/ Yoast SEO Premium plugin. -->","yoast_head_json":{"title":"Avantages du quartz - Caesarstone Canada","description":"Avantages du quartz. Laissez-vous inspirer et d\u00e9couvrez votre propre style personnel. Cliquez pour explorer d'excellentes id\u00e9es de comptoirs et styles de design de Caesarstone Canada.","robots":{"index":"index","follow":"follow","max-snippet":"max-snippet:-1","max-image-preview":"max-image-preview:large","max-video-preview":"max-video-preview:-1"},"canonical":"https:\/\/www.caesarstone.ca\/fr\/vantages-du-quartz\/","og_locale":"fr_CA","og_type":"article","og_title":"Avantages du quartz","og_description":"Avantages du quartz. Laissez-vous inspirer et d\u00e9couvrez votre propre style personnel. Cliquez pour explorer d'excellentes id\u00e9es de comptoirs et styles de design de Caesarstone Canada.","og_url":"https:\/\/www.caesarstone.ca\/fr\/vantages-du-quartz\/","og_site_name":"Caesarstone Canada","article_publisher":"https:\/\/www.facebook.com\/CaesarstoneCA","article_modified_time":"2024-06-24T17:22:55+00:00","twitter_card":"summary_large_image","schema":{"@context":"https:\/\/schema.org","@graph":[{"@type":"WebPage","@id":"https:\/\/www.caesarstone.ca\/fr\/vantages-du-quartz\/","url":"https:\/\/www.caesarstone.ca\/fr\/vantages-du-quartz\/","name":"Avantages du quartz - Caesarstone Canada","isPartOf":{"@id":"https:\/\/www.caesarstone.ca\/fr\/#website"},"datePublished":"2021-01-03T14:59:09+00:00","dateModified":"2024-06-24T17:22:55+00:00","description":"Avantages du quartz. Laissez-vous inspirer et d\u00e9couvrez votre propre style personnel. Cliquez pour explorer d'excellentes id\u00e9es de comptoirs et styles de design de Caesarstone Canada.","breadcrumb":{"@id":"https:\/\/www.caesarstone.ca\/fr\/vantages-du-quartz\/#breadcrumb"},"inLanguage":"fr-CA","potentialAction":[{"@type":"ReadAction","target":["https:\/\/www.caesarstone.ca\/fr\/vantages-du-quartz\/"]}]},{"@type":"BreadcrumbList","@id":"https:\/\/www.caesarstone.ca\/fr\/vantages-du-quartz\/#breadcrumb","itemListElement":[{"@type":"ListItem","position":1,"name":"Home","item":"https:\/\/www.caesarstone.ca\/fr\/"},{"@type":"ListItem","position":2,"name":"Avantages du quartz"}]},{"@type":"WebSite","@id":"https:\/\/www.caesarstone.ca\/fr\/#website","url":"https:\/\/www.caesarstone.ca\/fr\/","name":"Caesarstone Canada","description":"Life in Stone","publisher":{"@id":"https:\/\/www.caesarstone.ca\/fr\/#organization"},"potentialAction":[{"@type":"SearchAction","target":{"@type":"EntryPoint","urlTemplate":"https:\/\/www.caesarstone.ca\/fr\/?s={search_term_string}"},"query-input":{"@type":"PropertyValueSpecification","valueRequired":true,"valueName":"search_term_string"}}],"inLanguage":"fr-CA"},{"@type":"Organization","@id":"https:\/\/www.caesarstone.ca\/fr\/#organization","name":"Caesarstone Canada","url":"https:\/\/www.caesarstone.ca\/fr\/","logo":{"@type":"ImageObject","inLanguage":"fr-CA","@id":"https:\/\/www.caesarstone.ca\/fr\/#\/schema\/logo\/image\/","url":"https:\/\/www.caesarstone.ca\/wp-content\/uploads\/sites\/5\/2026\/03\/Caesarstone_logo.jpg","contentUrl":"https:\/\/www.caesarstone.ca\/wp-content\/uploads\/sites\/5\/2026\/03\/Caesarstone_logo.jpg","width":1000,"height":158,"caption":"Caesarstone Canada"},"image":{"@id":"https:\/\/www.caesarstone.ca\/fr\/#\/schema\/logo\/image\/"},"sameAs":["https:\/\/www.facebook.com\/CaesarstoneCA","https:\/\/www.instagram.com\/caesarstoneca\/","https:\/\/www.linkedin.com\/company\/caesarstone-canada\/","https:\/\/www.youtube.com\/@CaesarstoneNA"]}]}},"_links":{"self":[{"href":"https:\/\/www.caesarstone.ca\/fr\/wp-json\/wp\/v2\/pages\/25092","targetHints":{"allow":["GET"]}}],"collection":[{"href":"https:\/\/www.caesarstone.ca\/fr\/wp-json\/wp\/v2\/pages"}],"about":[{"href":"https:\/\/www.caesarstone.ca\/fr\/wp-json\/wp\/v2\/types\/page"}],"author":[{"embeddable":true,"href":"https:\/\/www.caesarstone.ca\/fr\/wp-json\/wp\/v2\/users\/1"}],"replies":[{"embeddable":true,"href":"https:\/\/www.caesarstone.ca\/fr\/wp-json\/wp\/v2\/comments?post=25092"}],"version-history":[{"count":8,"href":"https:\/\/www.caesarstone.ca\/fr\/wp-json\/wp\/v2\/pages\/25092\/revisions"}],"predecessor-version":[{"id":74382,"href":"https:\/\/www.caesarstone.ca\/fr\/wp-json\/wp\/v2\/pages\/25092\/revisions\/74382"}],"wp:attachment":[{"href":"https:\/\/www.caesarstone.ca\/fr\/wp-json\/wp\/v2\/media?parent=25092"}],"curies":[{"name":"wp","href":"https:\/\/api.w.org\/{rel}","templated":true}]}}