{"id":25107,"date":"2020-12-23T00:21:31","date_gmt":"2020-12-23T07:21:31","guid":{"rendered":"https:\/\/www.caesarstone.ca\/caesarstone-enters-global-porcelain-countertop-market-through-majority-ownership-acquisition-of-lioli-ceramica\/"},"modified":"2023-09-26T14:24:56","modified_gmt":"2023-09-26T20:24:56","slug":"caesarstone-perce-le-marche-mondial-des-comptoirs-en-porcelaine-en-devenant-actionnaire-majoritaire-de-lioli-ceramica","status":"publish","type":"page","link":"https:\/\/www.caesarstone.ca\/fr\/caesarstone-perce-le-marche-mondial-des-comptoirs-en-porcelaine-en-devenant-actionnaire-majoritaire-de-lioli-ceramica\/","title":{"rendered":"Caesarstone perce le march\u00e9 mondial des comptoirs en porcelaine en devenant actionnaire majoritaire de Lioli Ceramica"},"content":{"rendered":"\n<p class=\"has-text-align-center\"><strong>Caesarstone&nbsp;poursuit&nbsp;l\u2019ex\u00e9cution de&nbsp;son plan d\u2019acc\u00e9l\u00e9ration de&nbsp;sa croissance&nbsp;mondiale<\/strong>.&nbsp;<strong>L\u2019entreprise perce le march\u00e9 mondial des comptoirs en porcelaine en devenant actionnaire majoritaire de&nbsp;Lioli\u202fCeramica<\/strong>&nbsp;<\/p>\n\n\n\n<p><strong>Le&nbsp;<\/strong><strong>1<\/strong><strong><sup>er<\/sup><\/strong><strong>\u202f<\/strong><strong>septembre<\/strong><strong>\u202f<\/strong><strong>2020. \u2013<\/strong><strong>&nbsp;Caesarstone&nbsp;Ltd<\/strong>. (NASDAQ\u202f: CSTE)&nbsp;a annonc\u00e9 aujourd\u2019hui avoir fait l\u2019acquisition d\u2019une participation majoritaire dans&nbsp;Lioli&nbsp;Ceramica&nbsp;Pvt. Ltd.&nbsp;En per\u00e7ant le march\u00e9 mondial de la porcelaine, l\u2019entreprise franchit une \u00e9tape importante de son plan d\u2019acc\u00e9l\u00e9ration de&nbsp;sa croissance&nbsp;mondiale.&nbsp;<\/p>\n\n\n\n<p>Lioli&nbsp;Ceramica&nbsp;Pvt. Ltd est un fabricant indien de comptoirs en porcelaine de pointe, qui exploite&nbsp;une des usines les plus novatrices et avanc\u00e9es sur le plan technologique.&nbsp;G\u00e9n\u00e9rant des revenus annuels d\u2019environ 18\u202fmillions de dollars,&nbsp;Lioli&nbsp;Ceramica&nbsp;est un partenaire strat\u00e9gique de choix pour concr\u00e9tiser les objectifs de croissance de&nbsp;Caesarstone.&nbsp;<\/p>\n\n\n\n<p>Caesarstone&nbsp;s\u2019est donn\u00e9 pour mission de devenir la marque&nbsp;de comptoirs&nbsp;par excellence&nbsp;en se concentrant sur l\u2019int\u00e9gration de nouveaux mat\u00e9riaux \u00e0 son offre de produits.&nbsp;La porcelaine est l\u2019un des&nbsp;secteurs&nbsp;affichant la plus forte croissance sur le&nbsp;march\u00e9 mondial des comptoirs; l\u2019arriv\u00e9e de&nbsp;Caesarstone&nbsp;dans ce&nbsp;secteur&nbsp;s\u2019ajoute \u00e0 sa mainmise sur&nbsp;celui&nbsp;des surfaces en quartz&nbsp;et vient&nbsp;renforcer son avantage concurrentiel \u00e0 l\u2019\u00e9chelle mondiale.&nbsp;<\/p>\n\n\n\n<p>L\u2019entreprise croit que cette acquisition permettra de mettre \u00e0 profit la force de la marque&nbsp;Caesarstone\u1d39\u1d30, son vaste r\u00e9seau mondial de distribution et ses&nbsp;conceptions prim\u00e9es.&nbsp;En combinant ces atouts aux technologies de production avanc\u00e9es de&nbsp;Lioli,&nbsp;Caesarstone&nbsp;bonifiera encore davantage son offre de comptoirs haut de gamme, pour sa client\u00e8le actuelle comme pour les consommateurs du monde entier.&nbsp;<\/p>\n\n\n\n<p>Selon&nbsp;Yuval&nbsp;Dagim,&nbsp;chef de la direction de l\u2019entreprise\u202f: \u00ab\u202fCette acquisition est une \u00e9tape essentielle pour&nbsp;l\u2019ex\u00e9cution de&nbsp;notre plan d\u2019acc\u00e9l\u00e9ration de&nbsp;notre&nbsp;croissance mondiale&nbsp;et pour&nbsp;notre transformation en&nbsp;fabricant&nbsp;multimat\u00e9riaux&nbsp;majeur&nbsp;dans le&nbsp;march\u00e9&nbsp;mondial des comptoirs haut de gamme.&nbsp;Elle nous assurera une pr\u00e9sence&nbsp;marqu\u00e9e&nbsp;dans la cat\u00e9gorie des comptoirs en porcelaine,&nbsp;l\u2019une de celles affichant la plus forte croissance du march\u00e9,&nbsp;en plus de&nbsp;notre offre r\u00e9put\u00e9e de produits en quartz.&nbsp;Les hautes technologies de production de porcelaine de&nbsp;Lioli, combin\u00e9es \u00e0 la marque prestigieuse de&nbsp;Caesarstone&nbsp;et \u00e0 son r\u00e9seau mondial \u00e9tabli,&nbsp;renforceront notre&nbsp;proposition de valeur&nbsp;unique et notre capacit\u00e9 \u00e0 acc\u00e9l\u00e9rer notre strat\u00e9gie de croissance&nbsp;fond\u00e9e sur la diversit\u00e9 des mat\u00e9riaux. Ainsi,&nbsp;nous am\u00e9liorerons l\u2019exp\u00e9rience de nos clients et de nos partenaires commerciaux, tout en r\u00e9alisant notre mission\u202f: devenir la marque de comptoirs num\u00e9ro&nbsp;un&nbsp;dans le monde entier.\u202f\u00bb&nbsp;<\/p>\n\n\n\n<p>Selon les modalit\u00e9s de la transaction,&nbsp;Caesarstone&nbsp;a conclu une entente d\u00e9finitive&nbsp;pr\u00e9voyant l\u2019acquisition d\u2019une participation majoritaire dans&nbsp;Lioli&nbsp;en contrepartie d\u2019un investissement en esp\u00e8ces de 12\u202fmillions de dollars, ce qui repr\u00e9sente une valeur d\u2019entreprise de 34\u202fmillions de dollars. L\u2019entente&nbsp;comprend&nbsp;aussi&nbsp;la prise en charge de la dette et&nbsp;une contrepartie suppl\u00e9mentaire d\u2019un maximum d\u2019environ 10\u202fmillions de dollars,&nbsp;conditionnelle \u00e0 l\u2019atteinte de certains objectifs.&nbsp;La transaction devrait \u00eatre officialis\u00e9e&nbsp;en\u202f2020, sous r\u00e9serve des conditions de cl\u00f4ture habituelles, et devrait avoir des retomb\u00e9es financi\u00e8res positives dans les ann\u00e9es \u00e0 venir.&nbsp;<\/p>\n\n\n\n<p><strong>\u00c0<\/strong><strong>&nbsp;propos de&nbsp;<\/strong><strong>Caesarstone<\/strong>&nbsp;<\/p>\n\n\n\n<p>Caesarstone&nbsp;est un important fabricant de surfaces en quartz de premi\u00e8re qualit\u00e9. Fond\u00e9e en 1987, l\u2019entreprise s\u2019est impos\u00e9e comme une pionni\u00e8re gr\u00e2ce \u00e0 son expertise et \u00e0 ses technologies de pointe, et continue aujourd\u2019hui de mener le peloton avec ses nouvelles tendances et couleurs. Ses surfaces de grande qualit\u00e9, dont la teneur en quartz atteint les 93\u202f%, offrent la fra\u00eecheur et la solidit\u00e9 de la pierre naturelle et se pr\u00eatent \u00e0 maintes utilisations\u202f: comptoirs de cuisine et de salle de bain, rev\u00eatements muraux, meubles et plus encore. Les produits&nbsp;Caesarstone&nbsp;sont avant-gardistes, splendides et hautement fonctionnels. Gr\u00e2ce \u00e0 une gamme riche et unique de couleurs, de motifs et de textures, les clients n\u2019ont aucune difficult\u00e9 \u00e0 trouver leur surface de r\u00eave et \u00e0 se cr\u00e9er un espace bien \u00e0 eux. Et cette vaste gamme s\u2019enrichit constamment en fonction des toutes derni\u00e8res tendances mondiales et des normes internationales de qualit\u00e9 les plus strictes. Pour en savoir plus sur&nbsp;Caesarstone\u202f:&nbsp;<a href=\"https:\/\/www.caesarstone.ca\/fr\/\" target=\"_blank\" rel=\"noreferrer noopener\">www.caesarstone.ca\/fr<\/a>,&nbsp;<a href=\"https:\/\/www.facebook.com\/CaesarstoneCA\/\" target=\"_blank\" rel=\"noreferrer noopener\">Facebook<\/a>,&nbsp;<a href=\"https:\/\/twitter.com\/CaesarstoneCA\" target=\"_blank\" rel=\"noreferrer noopener\">Twitter<\/a>,&nbsp;<a href=\"https:\/\/www.youtube.com\/user\/caesarstoneCanada\" target=\"_blank\" rel=\"noreferrer noopener\">YouTube<\/a>,&nbsp;<a href=\"https:\/\/www.pinterest.com\/caesarstoneca\/\" target=\"_blank\" rel=\"noreferrer noopener\">Pinterest<\/a>&nbsp;et&nbsp;<a href=\"https:\/\/www.instagram.com\/caesarstoneca\/\" target=\"_blank\" rel=\"noreferrer noopener\">Instagram<\/a>.&nbsp;<\/p>\n\n\n\n<p>Personne-ressource pour les m\u00e9dias\u202f:&nbsp;Elizabeth&nbsp;Margles,&nbsp;vice-pr\u00e9sidente du marketing de&nbsp;Caesarstone&nbsp;en&nbsp;Am\u00e9rique du Nord&nbsp;<\/p>\n\n\n\n<p>Courriel\u202f: EMargles<\/p>\n\n\n\n<p>@caesarstone.com&nbsp;<\/p>\n","protected":false},"excerpt":{"rendered":"<p>Caesarstone&nbsp;poursuit&nbsp;l\u2019ex\u00e9cution de&nbsp;son plan d\u2019acc\u00e9l\u00e9ration de&nbsp;sa croissance&nbsp;mondiale.&nbsp;L\u2019entreprise perce le march\u00e9 mondial des comptoirs en porcelaine en devenant actionnaire majoritaire de&nbsp;Lioli\u202fCeramica&nbsp; Le&nbsp;1er\u202fseptembre\u202f2020. \u2013&nbsp;Caesarstone&nbsp;Ltd. (NASDAQ\u202f: CSTE)&nbsp;a annonc\u00e9 aujourd\u2019hui avoir fait l\u2019acquisition d\u2019une participation majoritaire dans&nbsp;Lioli&nbsp;Ceramica&nbsp;Pvt. Ltd.&nbsp;En per\u00e7ant le march\u00e9 mondial de la porcelaine, l\u2019entreprise franchit une \u00e9tape importante de son plan d\u2019acc\u00e9l\u00e9ration de&nbsp;sa croissance&nbsp;mondiale.&nbsp; Lioli&nbsp;Ceramica&nbsp;Pvt. Ltd est un [&hellip;]<\/p>\n","protected":false},"author":7,"featured_media":0,"parent":0,"menu_order":0,"comment_status":"closed","ping_status":"closed","template":"","meta":{"_acf_changed":false,"footnotes":""},"class_list":["post-25107","page","type-page","status-publish","hentry"],"acf":{"head_strip":{"":null,"background":null,"background_mobile":null,"title":"","subtitle":"","use_cta":false,"video_url":"","cta":null},"cs_related_posts":{"title":"","link":null,"articles":null,"show_pagination":false,"show_arrows":true,"space_desktop":{"top":0,"bottom":0},"space_mobile":{"top":0,"bottom":0},"background":"#f7f7f7","text_color":"#252525"},"related_post_card":{"title":"","desc":"","image":null,"video_url":""}},"yoast_head":"<!-- This site is optimized with the Yoast SEO Premium plugin v27.2 (Yoast SEO v27.2) - https:\/\/yoast.com\/product\/yoast-seo-premium-wordpress\/ -->\n<title>Caesarstone devient l&#039;actionnaire majoritaire de Lioli Ceramica<\/title>\n<meta name=\"description\" content=\"Caesarstone devient actionnaire majoritaire de Lioli Ceramica, p\u00e9n\u00e9trant ainsi le march\u00e9 mondial des comptoirs en porcelaine.\" \/>\n<meta name=\"robots\" content=\"index, follow, max-snippet:-1, max-image-preview:large, max-video-preview:-1\" \/>\n<link rel=\"canonical\" href=\"https:\/\/www.caesarstone.ca\/fr\/caesarstone-perce-le-marche-mondial-des-comptoirs-en-porcelaine-en-devenant-actionnaire-majoritaire-de-lioli-ceramica\/\" \/>\n<meta property=\"og:locale\" content=\"fr_CA\" \/>\n<meta property=\"og:type\" content=\"article\" \/>\n<meta property=\"og:title\" content=\"Caesarstone perce le march\u00e9 mondial des comptoirs en porcelaine en devenant actionnaire majoritaire de Lioli Ceramica\" \/>\n<meta property=\"og:description\" content=\"Caesarstone devient actionnaire majoritaire de Lioli Ceramica, p\u00e9n\u00e9trant ainsi le march\u00e9 mondial des comptoirs en porcelaine.\" \/>\n<meta property=\"og:url\" content=\"https:\/\/www.caesarstone.ca\/fr\/caesarstone-perce-le-marche-mondial-des-comptoirs-en-porcelaine-en-devenant-actionnaire-majoritaire-de-lioli-ceramica\/\" \/>\n<meta property=\"og:site_name\" content=\"Caesarstone Canada\" \/>\n<meta property=\"article:publisher\" content=\"https:\/\/www.facebook.com\/CaesarstoneCA\" \/>\n<meta property=\"article:modified_time\" content=\"2023-09-26T20:24:56+00:00\" \/>\n<meta name=\"twitter:card\" content=\"summary_large_image\" \/>\n<meta name=\"twitter:label1\" content=\"Est. reading time\" \/>\n\t<meta name=\"twitter:data1\" content=\"3 minutes\" \/>\n<script type=\"application\/ld+json\" class=\"yoast-schema-graph\">{\"@context\":\"https:\/\/schema.org\",\"@graph\":[{\"@type\":\"WebPage\",\"@id\":\"https:\/\/www.caesarstone.ca\/fr\/caesarstone-perce-le-marche-mondial-des-comptoirs-en-porcelaine-en-devenant-actionnaire-majoritaire-de-lioli-ceramica\/\",\"url\":\"https:\/\/www.caesarstone.ca\/fr\/caesarstone-perce-le-marche-mondial-des-comptoirs-en-porcelaine-en-devenant-actionnaire-majoritaire-de-lioli-ceramica\/\",\"name\":\"Caesarstone devient l'actionnaire majoritaire de Lioli Ceramica\",\"isPartOf\":{\"@id\":\"https:\/\/www.caesarstone.ca\/fr\/#website\"},\"datePublished\":\"2020-12-23T07:21:31+00:00\",\"dateModified\":\"2023-09-26T20:24:56+00:00\",\"description\":\"Caesarstone devient actionnaire majoritaire de Lioli Ceramica, p\u00e9n\u00e9trant ainsi le march\u00e9 mondial des comptoirs en porcelaine.\",\"breadcrumb\":{\"@id\":\"https:\/\/www.caesarstone.ca\/fr\/caesarstone-perce-le-marche-mondial-des-comptoirs-en-porcelaine-en-devenant-actionnaire-majoritaire-de-lioli-ceramica\/#breadcrumb\"},\"inLanguage\":\"fr-CA\",\"potentialAction\":[{\"@type\":\"ReadAction\",\"target\":[\"https:\/\/www.caesarstone.ca\/fr\/caesarstone-perce-le-marche-mondial-des-comptoirs-en-porcelaine-en-devenant-actionnaire-majoritaire-de-lioli-ceramica\/\"]}]},{\"@type\":\"BreadcrumbList\",\"@id\":\"https:\/\/www.caesarstone.ca\/fr\/caesarstone-perce-le-marche-mondial-des-comptoirs-en-porcelaine-en-devenant-actionnaire-majoritaire-de-lioli-ceramica\/#breadcrumb\",\"itemListElement\":[{\"@type\":\"ListItem\",\"position\":1,\"name\":\"Home\",\"item\":\"https:\/\/www.caesarstone.ca\/fr\/\"},{\"@type\":\"ListItem\",\"position\":2,\"name\":\"Caesarstone perce le march\u00e9 mondial des comptoirs en porcelaine en devenant actionnaire majoritaire de Lioli Ceramica\"}]},{\"@type\":\"WebSite\",\"@id\":\"https:\/\/www.caesarstone.ca\/fr\/#website\",\"url\":\"https:\/\/www.caesarstone.ca\/fr\/\",\"name\":\"Caesarstone Canada\",\"description\":\"Life in Stone\",\"publisher\":{\"@id\":\"https:\/\/www.caesarstone.ca\/fr\/#organization\"},\"potentialAction\":[{\"@type\":\"SearchAction\",\"target\":{\"@type\":\"EntryPoint\",\"urlTemplate\":\"https:\/\/www.caesarstone.ca\/fr\/?s={search_term_string}\"},\"query-input\":{\"@type\":\"PropertyValueSpecification\",\"valueRequired\":true,\"valueName\":\"search_term_string\"}}],\"inLanguage\":\"fr-CA\"},{\"@type\":\"Organization\",\"@id\":\"https:\/\/www.caesarstone.ca\/fr\/#organization\",\"name\":\"Caesarstone Canada\",\"url\":\"https:\/\/www.caesarstone.ca\/fr\/\",\"logo\":{\"@type\":\"ImageObject\",\"inLanguage\":\"fr-CA\",\"@id\":\"https:\/\/www.caesarstone.ca\/fr\/#\/schema\/logo\/image\/\",\"url\":\"https:\/\/www.caesarstone.ca\/wp-content\/uploads\/sites\/5\/2026\/03\/Caesarstone_logo.jpg\",\"contentUrl\":\"https:\/\/www.caesarstone.ca\/wp-content\/uploads\/sites\/5\/2026\/03\/Caesarstone_logo.jpg\",\"width\":1000,\"height\":158,\"caption\":\"Caesarstone Canada\"},\"image\":{\"@id\":\"https:\/\/www.caesarstone.ca\/fr\/#\/schema\/logo\/image\/\"},\"sameAs\":[\"https:\/\/www.facebook.com\/CaesarstoneCA\",\"https:\/\/www.instagram.com\/caesarstoneca\/\",\"https:\/\/www.linkedin.com\/company\/caesarstone-canada\/\",\"https:\/\/www.youtube.com\/@CaesarstoneNA\"]}]}<\/script>\n<!-- \/ Yoast SEO Premium plugin. -->","yoast_head_json":{"title":"Caesarstone devient l'actionnaire majoritaire de Lioli Ceramica","description":"Caesarstone devient actionnaire majoritaire de Lioli Ceramica, p\u00e9n\u00e9trant ainsi le march\u00e9 mondial des comptoirs en porcelaine.","robots":{"index":"index","follow":"follow","max-snippet":"max-snippet:-1","max-image-preview":"max-image-preview:large","max-video-preview":"max-video-preview:-1"},"canonical":"https:\/\/www.caesarstone.ca\/fr\/caesarstone-perce-le-marche-mondial-des-comptoirs-en-porcelaine-en-devenant-actionnaire-majoritaire-de-lioli-ceramica\/","og_locale":"fr_CA","og_type":"article","og_title":"Caesarstone perce le march\u00e9 mondial des comptoirs en porcelaine en devenant actionnaire majoritaire de Lioli Ceramica","og_description":"Caesarstone devient actionnaire majoritaire de Lioli Ceramica, p\u00e9n\u00e9trant ainsi le march\u00e9 mondial des comptoirs en porcelaine.","og_url":"https:\/\/www.caesarstone.ca\/fr\/caesarstone-perce-le-marche-mondial-des-comptoirs-en-porcelaine-en-devenant-actionnaire-majoritaire-de-lioli-ceramica\/","og_site_name":"Caesarstone Canada","article_publisher":"https:\/\/www.facebook.com\/CaesarstoneCA","article_modified_time":"2023-09-26T20:24:56+00:00","twitter_card":"summary_large_image","twitter_misc":{"Est. reading time":"3 minutes"},"schema":{"@context":"https:\/\/schema.org","@graph":[{"@type":"WebPage","@id":"https:\/\/www.caesarstone.ca\/fr\/caesarstone-perce-le-marche-mondial-des-comptoirs-en-porcelaine-en-devenant-actionnaire-majoritaire-de-lioli-ceramica\/","url":"https:\/\/www.caesarstone.ca\/fr\/caesarstone-perce-le-marche-mondial-des-comptoirs-en-porcelaine-en-devenant-actionnaire-majoritaire-de-lioli-ceramica\/","name":"Caesarstone devient l'actionnaire majoritaire de Lioli Ceramica","isPartOf":{"@id":"https:\/\/www.caesarstone.ca\/fr\/#website"},"datePublished":"2020-12-23T07:21:31+00:00","dateModified":"2023-09-26T20:24:56+00:00","description":"Caesarstone devient actionnaire majoritaire de Lioli Ceramica, p\u00e9n\u00e9trant ainsi le march\u00e9 mondial des comptoirs en porcelaine.","breadcrumb":{"@id":"https:\/\/www.caesarstone.ca\/fr\/caesarstone-perce-le-marche-mondial-des-comptoirs-en-porcelaine-en-devenant-actionnaire-majoritaire-de-lioli-ceramica\/#breadcrumb"},"inLanguage":"fr-CA","potentialAction":[{"@type":"ReadAction","target":["https:\/\/www.caesarstone.ca\/fr\/caesarstone-perce-le-marche-mondial-des-comptoirs-en-porcelaine-en-devenant-actionnaire-majoritaire-de-lioli-ceramica\/"]}]},{"@type":"BreadcrumbList","@id":"https:\/\/www.caesarstone.ca\/fr\/caesarstone-perce-le-marche-mondial-des-comptoirs-en-porcelaine-en-devenant-actionnaire-majoritaire-de-lioli-ceramica\/#breadcrumb","itemListElement":[{"@type":"ListItem","position":1,"name":"Home","item":"https:\/\/www.caesarstone.ca\/fr\/"},{"@type":"ListItem","position":2,"name":"Caesarstone perce le march\u00e9 mondial des comptoirs en porcelaine en devenant actionnaire majoritaire de Lioli Ceramica"}]},{"@type":"WebSite","@id":"https:\/\/www.caesarstone.ca\/fr\/#website","url":"https:\/\/www.caesarstone.ca\/fr\/","name":"Caesarstone Canada","description":"Life in Stone","publisher":{"@id":"https:\/\/www.caesarstone.ca\/fr\/#organization"},"potentialAction":[{"@type":"SearchAction","target":{"@type":"EntryPoint","urlTemplate":"https:\/\/www.caesarstone.ca\/fr\/?s={search_term_string}"},"query-input":{"@type":"PropertyValueSpecification","valueRequired":true,"valueName":"search_term_string"}}],"inLanguage":"fr-CA"},{"@type":"Organization","@id":"https:\/\/www.caesarstone.ca\/fr\/#organization","name":"Caesarstone Canada","url":"https:\/\/www.caesarstone.ca\/fr\/","logo":{"@type":"ImageObject","inLanguage":"fr-CA","@id":"https:\/\/www.caesarstone.ca\/fr\/#\/schema\/logo\/image\/","url":"https:\/\/www.caesarstone.ca\/wp-content\/uploads\/sites\/5\/2026\/03\/Caesarstone_logo.jpg","contentUrl":"https:\/\/www.caesarstone.ca\/wp-content\/uploads\/sites\/5\/2026\/03\/Caesarstone_logo.jpg","width":1000,"height":158,"caption":"Caesarstone Canada"},"image":{"@id":"https:\/\/www.caesarstone.ca\/fr\/#\/schema\/logo\/image\/"},"sameAs":["https:\/\/www.facebook.com\/CaesarstoneCA","https:\/\/www.instagram.com\/caesarstoneca\/","https:\/\/www.linkedin.com\/company\/caesarstone-canada\/","https:\/\/www.youtube.com\/@CaesarstoneNA"]}]}},"_links":{"self":[{"href":"https:\/\/www.caesarstone.ca\/fr\/wp-json\/wp\/v2\/pages\/25107","targetHints":{"allow":["GET"]}}],"collection":[{"href":"https:\/\/www.caesarstone.ca\/fr\/wp-json\/wp\/v2\/pages"}],"about":[{"href":"https:\/\/www.caesarstone.ca\/fr\/wp-json\/wp\/v2\/types\/page"}],"author":[{"embeddable":true,"href":"https:\/\/www.caesarstone.ca\/fr\/wp-json\/wp\/v2\/users\/7"}],"replies":[{"embeddable":true,"href":"https:\/\/www.caesarstone.ca\/fr\/wp-json\/wp\/v2\/comments?post=25107"}],"version-history":[{"count":2,"href":"https:\/\/www.caesarstone.ca\/fr\/wp-json\/wp\/v2\/pages\/25107\/revisions"}],"predecessor-version":[{"id":25648,"href":"https:\/\/www.caesarstone.ca\/fr\/wp-json\/wp\/v2\/pages\/25107\/revisions\/25648"}],"wp:attachment":[{"href":"https:\/\/www.caesarstone.ca\/fr\/wp-json\/wp\/v2\/media?parent=25107"}],"curies":[{"name":"wp","href":"https:\/\/api.w.org\/{rel}","templated":true}]}}