{"id":25597,"date":"2021-01-09T23:26:25","date_gmt":"2021-01-10T06:26:25","guid":{"rendered":"https:\/\/www.caesarstone.ca\/careers\/"},"modified":"2023-09-12T11:19:58","modified_gmt":"2023-09-12T17:19:58","slug":"careers","status":"publish","type":"page","link":"https:\/\/www.caesarstone.ca\/fr\/careers\/","title":{"rendered":"Carri\u00e8res"},"content":{"rendered":"\n<figure class=\"wp-block-embed is-type-video is-provider-youtube wp-block-embed-youtube wp-embed-aspect-16-9 wp-has-aspect-ratio\"><div class=\"wp-block-embed__wrapper\">\n<iframe loading=\"lazy\" title=\"Careers: Working at Caesarstone\" width=\"500\" height=\"281\" src=\"https:\/\/www.youtube.com\/embed\/XZbrai2v9Es?feature=oembed\" frameborder=\"0\" allow=\"accelerometer; autoplay; clipboard-write; encrypted-media; gyroscope; picture-in-picture; web-share\" referrerpolicy=\"strict-origin-when-cross-origin\" allowfullscreen><\/iframe>\n<\/div><\/figure>\n\n\n\n<h2 class=\"has-text-align-center wp-block-heading\">Culture et valeurs<\/h2>\n\n\n\n<p class=\"has-text-align-center\">En 1987, Caesarstone a r\u00e9volutionn\u00e9 le march\u00e9 international des comptoirs en proposant la premi\u00e8re surface en quartz. Et nous continuons de transformer l\u2019industrie des surfaces en misant sur la qualit\u00e9, la passion et le travail assidu, en plus de nous employer \u00e0 constituer des \u00e9quipes autonomes et \u00e0 offrir une exp\u00e9rience client in\u00e9gal\u00e9e.<\/p>\n\n\n\n<p class=\"has-text-align-center\">Chez Caesarstone, nous croyons que nos employ\u00e9s sont le c\u0153ur de notre entreprise. Nous sommes r\u00e9solus \u00e0 recruter des gens cr\u00e9atifs, innovateurs, d\u00e9vou\u00e9s et disciplin\u00e9s. Nous sommes une entreprise florissante aux nombreuses possibilit\u00e9s de carri\u00e8re, qui recherche des professionnels avant-gardistes pour joindre l\u2019\u00e9quipe.<\/p>\n\n\n\n<p class=\"has-text-align-center\">\u00ab&nbsp;Le code d\u2019honneur Caesarstone&nbsp;\u00bb repr\u00e9sente les quatre valeurs de l\u2019entreprise qui sont au c\u0153ur de notre fa\u00e7on de travailler et de vivre au quotidien. Les voici&nbsp;:<\/p>\n\n\n\n<p class=\"has-text-align-center\"><strong><em>Esprit de r\u00e9ussite<\/em><\/strong><\/p>\n\n\n\n<p class=\"has-text-align-center\">Nous misons sur notre enthousiasme et une attitude gagnante pour \u00eatre les meilleurs.<\/p>\n\n\n\n<p class=\"has-text-align-center\">Nous visons toujours l\u2019excellence, en nous fixant des objectifs qui nous poussent \u00e0 nous d\u00e9passer et \u00e0 nous remettre en question.&nbsp;<\/p>\n\n\n\n<p class=\"has-text-align-center\">Nous c\u00e9l\u00e9brons et soulignons nos r\u00e9alisations.<\/p>\n\n\n\n<p class=\"has-text-align-center\"><strong><em>Les gens d\u2019abord<\/em><\/strong><\/p>\n\n\n\n<p class=\"has-text-align-center\">Toutes nos relations reposent sur l\u2019\u00e9quit\u00e9 et le respect.<\/p>\n\n\n\n<p class=\"has-text-align-center\">Nous offrons constamment des occasions de d\u00e9veloppement professionnel et personnel \u00e0 notre \u00e9quipe.<\/p>\n\n\n\n<p class=\"has-text-align-center\">La sant\u00e9 et la s\u00e9curit\u00e9 de nos employ\u00e9s, de nos fournisseurs, de nos partenaires et de nos communaut\u00e9s sont notre priorit\u00e9 premi\u00e8re.<\/p>\n\n\n\n<p class=\"has-text-align-center\"><strong><em>Responsabilit\u00e9<\/em><\/strong><\/p>\n\n\n\n<p class=\"has-text-align-center\">Ensemble, nous prenons en main notre entreprise et notre avenir.<\/p>\n\n\n\n<p class=\"has-text-align-center\">Nous sommes responsables des actions que nous suscitons directement et indirectement.<\/p>\n\n\n\n<p class=\"has-text-align-center\">Nos comportements et nos r\u00e9sultats cadrent avec nos objectifs.<\/p>\n\n\n\n<p class=\"has-text-align-center\"><em><strong>Innovation<\/strong><\/em><\/p>\n\n\n\n<p class=\"has-text-align-center\">Nous sommes d\u00e9termin\u00e9s \u00e0 sortir des sentiers battus pour trouver des id\u00e9es novatrices qui g\u00e9n\u00e9reront de la valeur pour nos clients et notre entreprise.<\/p>\n\n\n\n<p class=\"has-text-align-center\">Nous encourageons la curiosit\u00e9 et la cr\u00e9ativit\u00e9 dans nos efforts \u00e0 nous placer \u00e0 la t\u00eate de l\u2019industrie.<\/p>\n\n\n\n<p class=\"has-text-align-center\">Notre entreprise a connu une croissance constante \u00e0 l\u2019\u00e9chelle nationale, ce qui nous am\u00e8ne aujourd\u2019hui \u00e0 ajouter de nouveaux postes et de nouvelles installations au pays.<\/p>\n\n\n\n<div class=\"wp-block-buttons is-horizontal is-content-justification-center is-layout-flex wp-container-core-buttons-is-layout-499968f5 wp-block-buttons-is-layout-flex\">\n<div class=\"wp-block-button is-style-outline is-style-outline--1\"><a class=\"wp-block-button__link has-luminous-vivid-orange-color has-text-color wp-element-button\" href=\"https:\/\/careers.caesarstone.com\/positions\/\" style=\"border-radius:50px\" target=\"_blank\" rel=\"noreferrer noopener\">Explorer les postes \u00e0 pourvoir<\/a><\/div>\n<\/div>\n\n\n\n<div style=\"height:100px\" aria-hidden=\"true\" class=\"wp-block-spacer\"><\/div>\n\n\n\n<h2 class=\"has-text-align-center wp-block-heading\">Pourquoi travailler chez Caesarstone?<\/h2>\n\n\n\n<p class=\"has-text-align-center\">Caesarstone est fi\u00e8re de maintenir une pr\u00e9sence de premier plan dans plus de 50&nbsp;pays. Notre si\u00e8ge social est situ\u00e9 \u00e0 Toronto et nous avons aussi des salles d\u2019exposition et des centres de distribution \u00e0 Vaughan, Montr\u00e9al, Calgary, Edmonton et Vancouver. Nous devons notre position dominante sur le march\u00e9 \u00e0 nos investissements continus, nos importantes initiatives de recherche et d\u00e9veloppement, notre personnel hautement qualifi\u00e9 et notre infrastructure commerciale avanc\u00e9e. Caesarstone est le choix de surface pr\u00e9f\u00e9r\u00e9 des designers et des architectes du monde entier.<\/p>\n\n\n\n<p class=\"has-text-align-center\">Nous offrons des avantages exceptionnels, des salaires concurrentiels et une culture d\u2019entreprise empreinte de compassion et de collaboration.<\/p>\n\n\n\n<p class=\"has-text-align-center\">Joignez-vous \u00e0 notre \u00e9quipe!<\/p>\n\n\n\n<div class=\"wp-block-buttons is-horizontal is-content-justification-center is-layout-flex wp-container-core-buttons-is-layout-499968f5 wp-block-buttons-is-layout-flex\">\n<div class=\"wp-block-button is-style-outline is-style-outline--2\"><a class=\"wp-block-button__link has-luminous-vivid-orange-color has-text-color wp-element-button\" href=\"https:\/\/careers.caesarstone.com\/positions\/\" style=\"border-radius:50px\" target=\"_blank\" rel=\"noreferrer noopener\">Explorer les postes \u00e0 pourvoir<\/a><\/div>\n<\/div>\n\n\n\n<div style=\"height:100px\" aria-hidden=\"true\" class=\"wp-block-spacer\"><\/div>\n\n\n\n<h2 class=\"wp-block-heading\">Faites connaissance avec notre \u00e9quipe<\/h2>\n\n\n\n<div class=\"wp-block-columns is-layout-flex wp-container-core-columns-is-layout-9d6595d7 wp-block-columns-is-layout-flex\">\n<div class=\"wp-block-column is-vertically-aligned-top is-layout-flow wp-block-column-is-layout-flow\">\n<div class=\"wp-block-columns is-layout-flex wp-container-core-columns-is-layout-9d6595d7 wp-block-columns-is-layout-flex\">\n<div class=\"wp-block-column is-layout-flow wp-block-column-is-layout-flow\" style=\"flex-basis:100%\">\n<div class=\"wp-block-columns is-layout-flex wp-container-core-columns-is-layout-9d6595d7 wp-block-columns-is-layout-flex\">\n<div class=\"wp-block-column is-layout-flow wp-block-column-is-layout-flow\" style=\"flex-basis:100%\">\n<div class=\"wp-block-media-text alignwide is-stacked-on-mobile is-vertically-aligned-top is-image-fill\"><figure class=\"wp-block-media-text__media\" style=\"background-image:url(https:\/\/www.caesarstoneus.com\/wp-content\/uploads\/2021\/01\/DSC6923-1024x576.jpg);background-position:50% 50%\"><img decoding=\"async\" src=\"https:\/\/www.caesarstoneus.com\/wp-content\/uploads\/2021\/01\/DSC6923-1024x576.jpg\" alt=\"Shyann - Careers\" class=\"wp-image-3803 size-full\" \/><\/figure><div class=\"wp-block-media-text__content\">\n<h3 class=\"wp-block-heading\">Shyann<\/h3>\n\n\n\n<p>\u00ab&nbsp;Nous savons que notre plus grand atout, c\u2019est nous! Nous nous soutenons les uns les autres pour nous am\u00e9liorer et nous \u00e9panouir&nbsp;: voil\u00e0 ce qui fait de Caesarstone un lieu de travail dynamique.&nbsp;\u00bb<\/p>\n\n\n\n<p>\u00c9couter le t\u00e9moignage de Shyann <a href=\"https:\/\/youtu.be\/rwCVviZgSX4\">ici<\/a> (en anglais seulement).<\/p>\n<\/div><\/div>\n\n\n\n<div class=\"wp-block-media-text alignwide has-media-on-the-right is-stacked-on-mobile is-image-fill\"><div class=\"wp-block-media-text__content\">\n<h3 class=\"wp-block-heading\">Jazmien<\/h3>\n\n\n\n<p>\u00ab&nbsp;Ce que j\u2019aime le plus de mon travail chez Caesarstone, c\u2019est qu\u2019on ne s\u2019ennuie jamais.&nbsp;\u00bb<\/p>\n\n\n\n<p>\u00c9couter le t\u00e9moignage de Jazmien <a href=\"https:\/\/youtu.be\/4RCcovfmETo\">ici <\/a>(en anglais seulement).&nbsp;<\/p>\n<\/div><figure class=\"wp-block-media-text__media\" style=\"background-image:url(https:\/\/www.caesarstoneus.com\/wp-content\/uploads\/2021\/01\/Jazmien-1024x576.jpg);background-position:50% 50%\"><img decoding=\"async\" src=\"https:\/\/www.caesarstoneus.com\/wp-content\/uploads\/2021\/01\/Jazmien-1024x576.jpg\" alt=\"Jazmien - Careers\" class=\"wp-image-3805 size-full\" \/><\/figure><\/div>\n\n\n\n<div class=\"wp-block-media-text alignwide is-stacked-on-mobile is-vertically-aligned-top is-image-fill\"><figure class=\"wp-block-media-text__media\" style=\"background-image:url(https:\/\/www.caesarstoneus.com\/wp-content\/uploads\/2021\/01\/shon-1.jpg);background-position:50% 50%\"><img decoding=\"async\" src=\"https:\/\/www.caesarstoneus.com\/wp-content\/uploads\/2021\/01\/shon-1.jpg\" alt=\"\" class=\"wp-image-3817 size-full\" \/><\/figure><div class=\"wp-block-media-text__content\">\n<h3 class=\"wp-block-heading\">Shon<\/h3>\n\n\n\n<p>\u00ab&nbsp;Caesarstone est un lieu o\u00f9 les gens peuvent \u00eatre eux-m\u00eames.&nbsp;\u00bb<\/p>\n\n\n\n<p>\u00c9couter le t\u00e9moignage de Shon <a href=\"https:\/\/youtu.be\/DleQEr30300\">ici <\/a>(en anglais seulement).<\/p>\n<\/div><\/div>\n\n\n\n<div class=\"wp-block-media-text alignwide has-media-on-the-right is-stacked-on-mobile is-image-fill\"><div class=\"wp-block-media-text__content\">\n<h3 class=\"wp-block-heading\">Jonathan<\/h3>\n\n\n\n<p>\u00ab&nbsp;J\u2019ai choisi de travailler pour Caesarstone, parce que c\u2019est une entreprise internationale, mais elle conserve quand m\u00eame cette impression de petite entreprise.&nbsp;\u00bb<\/p>\n\n\n\n<p>\u00c9couter le t\u00e9moignage de Jonathan <a href=\"https:\/\/youtu.be\/7M0o323U3bg\">ici<\/a> (en anglais seulement).<\/p>\n<\/div><figure class=\"wp-block-media-text__media\" style=\"background-image:url(https:\/\/www.caesarstoneus.com\/wp-content\/uploads\/2021\/01\/Jonathan-Careers-1024x528.jpg);background-position:37% 28%\"><img decoding=\"async\" src=\"https:\/\/www.caesarstoneus.com\/wp-content\/uploads\/2021\/01\/Jonathan-Careers-1024x528.jpg\" alt=\"\" class=\"wp-image-3820 size-full\" \/><\/figure><\/div>\n<\/div>\n<\/div>\n<\/div>\n<\/div>\n<\/div>\n<\/div>\n\n\n\n<p class=\"has-text-align-center\">Caesarstone Canada est un employeur souscrivant au principe de l\u2019\u00e9galit\u00e9 des chances, qui c\u00e9l\u00e8bre, valorise et reconna\u00eet la diversit\u00e9 sous toutes ses formes. Nous travaillons activement \u00e0 maintenir un environnement de travail inclusif, exempt de discrimination fond\u00e9e sur la race, la religion, la couleur, la nationalit\u00e9, le genre (y compris la grossesse, l\u2019accouchement ou les conditions m\u00e9dicales connexes), l\u2019orientation sexuelle, l\u2019identit\u00e9 et l\u2019expression de genre, l\u2019\u00e2ge, le statut d\u2019ancien combattant ou le handicap et de toute situation qui pourrait \u00eatre jug\u00e9e discriminatoire. Toutes les candidates et tous les candidats seront pris en consid\u00e9ration pour un emploi, en fonction de la qualification, du m\u00e9rite et des besoins de l\u2019entreprise.<\/p>\n\n\n\n<p class=\"has-text-align-center has-black-color has-text-color\">D\u00e9couvrez \u00e0 quel point travailler chez Caesarstone est AMUSANT\u00a0: visionnez notre<a><a> <\/a><\/a><span class=\"has-inline-color has-luminous-vivid-orange-color\"><a href=\"https:\/\/youtu.be\/O9YXlTDpGwc\">vid\u00e9o de moments cocasses<\/a><\/span><a>!<\/a><\/p>\n\n\n\n<figure class=\"wp-block-image size-large\"><img loading=\"lazy\" decoding=\"async\" width=\"1024\" height=\"529\" src=\"https:\/\/www.caesarstone.ca\/wp-content\/uploads\/sites\/5\/2021\/01\/Career-CA-01-1024x529.jpg\" alt=\"\" class=\"wp-image-5561\" srcset=\"https:\/\/www.caesarstone.ca\/wp-content\/uploads\/sites\/5\/2021\/01\/Career-CA-01-1024x529.jpg 1024w, https:\/\/www.caesarstone.ca\/wp-content\/uploads\/sites\/5\/2021\/01\/Career-CA-01-300x155.jpg 300w, https:\/\/www.caesarstone.ca\/wp-content\/uploads\/sites\/5\/2021\/01\/Career-CA-01-768x396.jpg 768w, https:\/\/www.caesarstone.ca\/wp-content\/uploads\/sites\/5\/2021\/01\/Career-CA-01.jpg 1240w\" sizes=\"auto, (max-width: 1024px) 100vw, 1024px\" \/><\/figure>\n\n\n\n<figure class=\"wp-block-gallery has-nested-images columns-default is-cropped wp-block-gallery-3 is-layout-flex wp-block-gallery-is-layout-flex\">\n<figure class=\"wp-block-image size-large\"><img loading=\"lazy\" decoding=\"async\" width=\"1024\" height=\"529\" data-id=\"5567\" src=\"https:\/\/www.caesarstone.ca\/wp-content\/uploads\/sites\/5\/2021\/01\/Career-CA-04-1024x529.jpg\" alt=\"\" class=\"wp-image-5567\" srcset=\"https:\/\/www.caesarstone.ca\/wp-content\/uploads\/sites\/5\/2021\/01\/Career-CA-04-1024x529.jpg 1024w, https:\/\/www.caesarstone.ca\/wp-content\/uploads\/sites\/5\/2021\/01\/Career-CA-04-300x155.jpg 300w, https:\/\/www.caesarstone.ca\/wp-content\/uploads\/sites\/5\/2021\/01\/Career-CA-04-768x396.jpg 768w, https:\/\/www.caesarstone.ca\/wp-content\/uploads\/sites\/5\/2021\/01\/Career-CA-04.jpg 1240w\" sizes=\"auto, (max-width: 1024px) 100vw, 1024px\" \/><\/figure>\n\n\n\n<figure class=\"wp-block-image size-large\"><img loading=\"lazy\" decoding=\"async\" width=\"1024\" height=\"529\" data-id=\"5565\" src=\"https:\/\/www.caesarstone.ca\/wp-content\/uploads\/sites\/5\/2021\/01\/Career-CA-03-1024x529.jpg\" alt=\"\" class=\"wp-image-5565\" srcset=\"https:\/\/www.caesarstone.ca\/wp-content\/uploads\/sites\/5\/2021\/01\/Career-CA-03-1024x529.jpg 1024w, https:\/\/www.caesarstone.ca\/wp-content\/uploads\/sites\/5\/2021\/01\/Career-CA-03-300x155.jpg 300w, https:\/\/www.caesarstone.ca\/wp-content\/uploads\/sites\/5\/2021\/01\/Career-CA-03-768x396.jpg 768w, https:\/\/www.caesarstone.ca\/wp-content\/uploads\/sites\/5\/2021\/01\/Career-CA-03.jpg 1240w\" sizes=\"auto, (max-width: 1024px) 100vw, 1024px\" \/><\/figure>\n\n\n\n<figure class=\"wp-block-image size-large\"><img loading=\"lazy\" decoding=\"async\" width=\"1024\" height=\"529\" data-id=\"5563\" src=\"https:\/\/www.caesarstone.ca\/wp-content\/uploads\/sites\/5\/2021\/01\/Career-CA-02-1024x529.jpg\" alt=\"\" class=\"wp-image-5563\" srcset=\"https:\/\/www.caesarstone.ca\/wp-content\/uploads\/sites\/5\/2021\/01\/Career-CA-02-1024x529.jpg 1024w, https:\/\/www.caesarstone.ca\/wp-content\/uploads\/sites\/5\/2021\/01\/Career-CA-02-300x155.jpg 300w, https:\/\/www.caesarstone.ca\/wp-content\/uploads\/sites\/5\/2021\/01\/Career-CA-02-768x396.jpg 768w, https:\/\/www.caesarstone.ca\/wp-content\/uploads\/sites\/5\/2021\/01\/Career-CA-02.jpg 1240w\" sizes=\"auto, (max-width: 1024px) 100vw, 1024px\" \/><\/figure>\n\n\n\n<figure class=\"wp-block-image size-large\"><img decoding=\"async\" data-id=\"4025\" src=\"https:\/\/www.caesarstoneus.com\/wp-content\/uploads\/2021\/01\/DSC7698-1024x529.jpg\" alt=\"\" class=\"wp-image-4025\" \/><\/figure>\n\n\n\n<figure class=\"wp-block-image size-large\"><img decoding=\"async\" data-id=\"4026\" src=\"https:\/\/www.caesarstoneus.com\/wp-content\/uploads\/2021\/01\/DSC7685-1024x529.jpg\" alt=\"\" class=\"wp-image-4026\" \/><\/figure>\n<\/figure>\n\n\n\n<div class=\"wp-block-buttons is-horizontal is-content-justification-center is-layout-flex wp-container-core-buttons-is-layout-499968f5 wp-block-buttons-is-layout-flex\">\n<div class=\"wp-block-button is-style-outline is-style-outline--4\"><a class=\"wp-block-button__link has-luminous-vivid-orange-color has-text-color wp-element-button\" href=\"https:\/\/careers.caesarstone.com\/positions\/\" style=\"border-radius:50px\" target=\"_blank\" rel=\"noreferrer noopener\">Explorer les postes \u00e0 pourvoir<\/a><\/div>\n<\/div>\n","protected":false},"excerpt":{"rendered":"<p>Culture et valeurs En 1987, Caesarstone a r\u00e9volutionn\u00e9 le march\u00e9 international des comptoirs en proposant la premi\u00e8re surface en quartz. Et nous continuons de transformer l\u2019industrie des surfaces en misant sur la qualit\u00e9, la passion et le travail assidu, en plus de nous employer \u00e0 constituer des \u00e9quipes autonomes et \u00e0 offrir une exp\u00e9rience client [&hellip;]<\/p>\n","protected":false},"author":7,"featured_media":0,"parent":0,"menu_order":0,"comment_status":"closed","ping_status":"closed","template":"","meta":{"_acf_changed":false,"footnotes":""},"class_list":["post-25597","page","type-page","status-publish","hentry"],"acf":{"head_strip":{"":null,"background":null,"background_mobile":null,"title":"","subtitle":"","use_cta":false,"video_url":"","cta":null},"cs_related_posts":{"title":"","link":null,"articles":null,"show_pagination":false,"show_arrows":true,"space_desktop":{"top":0,"bottom":0},"space_mobile":{"top":0,"bottom":0},"background":"#f7f7f7","text_color":"#252525"},"related_post_card":{"title":"","desc":"","image":null,"video_url":""}},"yoast_head":"<!-- This site is optimized with the Yoast SEO Premium plugin v27.2 (Yoast SEO v27.2) - https:\/\/yoast.com\/product\/yoast-seo-premium-wordpress\/ -->\n<title>Carri\u00e8res - Caesarstone Canada<\/title>\n<meta name=\"description\" content=\"Carri\u00e8res. Laissez-vous inspirer et d\u00e9couvrez votre propre style personnel. Cliquez pour explorer d&#039;excellentes id\u00e9es de comptoirs et styles de design de Caesarstone Canada.\" \/>\n<meta name=\"robots\" content=\"index, follow, max-snippet:-1, max-image-preview:large, max-video-preview:-1\" \/>\n<link rel=\"canonical\" href=\"https:\/\/www.caesarstone.ca\/fr\/careers\/\" \/>\n<meta property=\"og:locale\" content=\"fr_CA\" \/>\n<meta property=\"og:type\" content=\"article\" \/>\n<meta property=\"og:title\" content=\"Carri\u00e8res\" \/>\n<meta property=\"og:description\" content=\"Carri\u00e8res. Laissez-vous inspirer et d\u00e9couvrez votre propre style personnel. Cliquez pour explorer d&#039;excellentes id\u00e9es de comptoirs et styles de design de Caesarstone Canada.\" \/>\n<meta property=\"og:url\" content=\"https:\/\/www.caesarstone.ca\/fr\/careers\/\" \/>\n<meta property=\"og:site_name\" content=\"Caesarstone Canada\" \/>\n<meta property=\"article:publisher\" content=\"https:\/\/www.facebook.com\/CaesarstoneCA\" \/>\n<meta property=\"article:modified_time\" content=\"2023-09-12T17:19:58+00:00\" \/>\n<meta property=\"og:image\" content=\"https:\/\/www.caesarstoneus.com\/wp-content\/uploads\/2021\/01\/DSC6923-1024x576.jpg\" \/>\n<meta name=\"twitter:card\" content=\"summary_large_image\" \/>\n<meta name=\"twitter:label1\" content=\"Est. reading time\" \/>\n\t<meta name=\"twitter:data1\" content=\"6 minutes\" \/>\n<script type=\"application\/ld+json\" class=\"yoast-schema-graph\">{\"@context\":\"https:\/\/schema.org\",\"@graph\":[{\"@type\":\"WebPage\",\"@id\":\"https:\/\/www.caesarstone.ca\/fr\/careers\/\",\"url\":\"https:\/\/www.caesarstone.ca\/fr\/careers\/\",\"name\":\"Carri\u00e8res - Caesarstone Canada\",\"isPartOf\":{\"@id\":\"https:\/\/www.caesarstone.ca\/fr\/#website\"},\"primaryImageOfPage\":{\"@id\":\"https:\/\/www.caesarstone.ca\/fr\/careers\/#primaryimage\"},\"image\":{\"@id\":\"https:\/\/www.caesarstone.ca\/fr\/careers\/#primaryimage\"},\"thumbnailUrl\":\"https:\/\/www.caesarstoneus.com\/wp-content\/uploads\/2021\/01\/DSC6923-1024x576.jpg\",\"datePublished\":\"2021-01-10T06:26:25+00:00\",\"dateModified\":\"2023-09-12T17:19:58+00:00\",\"description\":\"Carri\u00e8res. Laissez-vous inspirer et d\u00e9couvrez votre propre style personnel. Cliquez pour explorer d'excellentes id\u00e9es de comptoirs et styles de design de Caesarstone Canada.\",\"breadcrumb\":{\"@id\":\"https:\/\/www.caesarstone.ca\/fr\/careers\/#breadcrumb\"},\"inLanguage\":\"fr-CA\",\"potentialAction\":[{\"@type\":\"ReadAction\",\"target\":[\"https:\/\/www.caesarstone.ca\/fr\/careers\/\"]}]},{\"@type\":\"ImageObject\",\"inLanguage\":\"fr-CA\",\"@id\":\"https:\/\/www.caesarstone.ca\/fr\/careers\/#primaryimage\",\"url\":\"https:\/\/www.caesarstoneus.com\/wp-content\/uploads\/2021\/01\/DSC6923-1024x576.jpg\",\"contentUrl\":\"https:\/\/www.caesarstoneus.com\/wp-content\/uploads\/2021\/01\/DSC6923-1024x576.jpg\"},{\"@type\":\"BreadcrumbList\",\"@id\":\"https:\/\/www.caesarstone.ca\/fr\/careers\/#breadcrumb\",\"itemListElement\":[{\"@type\":\"ListItem\",\"position\":1,\"name\":\"Home\",\"item\":\"https:\/\/www.caesarstone.ca\/fr\/\"},{\"@type\":\"ListItem\",\"position\":2,\"name\":\"Carri\u00e8res\"}]},{\"@type\":\"WebSite\",\"@id\":\"https:\/\/www.caesarstone.ca\/fr\/#website\",\"url\":\"https:\/\/www.caesarstone.ca\/fr\/\",\"name\":\"Caesarstone Canada\",\"description\":\"Life in Stone\",\"publisher\":{\"@id\":\"https:\/\/www.caesarstone.ca\/fr\/#organization\"},\"potentialAction\":[{\"@type\":\"SearchAction\",\"target\":{\"@type\":\"EntryPoint\",\"urlTemplate\":\"https:\/\/www.caesarstone.ca\/fr\/?s={search_term_string}\"},\"query-input\":{\"@type\":\"PropertyValueSpecification\",\"valueRequired\":true,\"valueName\":\"search_term_string\"}}],\"inLanguage\":\"fr-CA\"},{\"@type\":\"Organization\",\"@id\":\"https:\/\/www.caesarstone.ca\/fr\/#organization\",\"name\":\"Caesarstone Canada\",\"url\":\"https:\/\/www.caesarstone.ca\/fr\/\",\"logo\":{\"@type\":\"ImageObject\",\"inLanguage\":\"fr-CA\",\"@id\":\"https:\/\/www.caesarstone.ca\/fr\/#\/schema\/logo\/image\/\",\"url\":\"https:\/\/www.caesarstone.ca\/wp-content\/uploads\/sites\/5\/2026\/03\/Caesarstone_logo.jpg\",\"contentUrl\":\"https:\/\/www.caesarstone.ca\/wp-content\/uploads\/sites\/5\/2026\/03\/Caesarstone_logo.jpg\",\"width\":1000,\"height\":158,\"caption\":\"Caesarstone Canada\"},\"image\":{\"@id\":\"https:\/\/www.caesarstone.ca\/fr\/#\/schema\/logo\/image\/\"},\"sameAs\":[\"https:\/\/www.facebook.com\/CaesarstoneCA\",\"https:\/\/www.instagram.com\/caesarstoneca\/\",\"https:\/\/www.linkedin.com\/company\/caesarstone-canada\/\",\"https:\/\/www.youtube.com\/@CaesarstoneNA\"]}]}<\/script>\n<!-- \/ Yoast SEO Premium plugin. -->","yoast_head_json":{"title":"Carri\u00e8res - Caesarstone Canada","description":"Carri\u00e8res. Laissez-vous inspirer et d\u00e9couvrez votre propre style personnel. Cliquez pour explorer d'excellentes id\u00e9es de comptoirs et styles de design de Caesarstone Canada.","robots":{"index":"index","follow":"follow","max-snippet":"max-snippet:-1","max-image-preview":"max-image-preview:large","max-video-preview":"max-video-preview:-1"},"canonical":"https:\/\/www.caesarstone.ca\/fr\/careers\/","og_locale":"fr_CA","og_type":"article","og_title":"Carri\u00e8res","og_description":"Carri\u00e8res. Laissez-vous inspirer et d\u00e9couvrez votre propre style personnel. Cliquez pour explorer d'excellentes id\u00e9es de comptoirs et styles de design de Caesarstone Canada.","og_url":"https:\/\/www.caesarstone.ca\/fr\/careers\/","og_site_name":"Caesarstone Canada","article_publisher":"https:\/\/www.facebook.com\/CaesarstoneCA","article_modified_time":"2023-09-12T17:19:58+00:00","og_image":[{"url":"https:\/\/www.caesarstoneus.com\/wp-content\/uploads\/2021\/01\/DSC6923-1024x576.jpg","type":"","width":"","height":""}],"twitter_card":"summary_large_image","twitter_misc":{"Est. reading time":"6 minutes"},"schema":{"@context":"https:\/\/schema.org","@graph":[{"@type":"WebPage","@id":"https:\/\/www.caesarstone.ca\/fr\/careers\/","url":"https:\/\/www.caesarstone.ca\/fr\/careers\/","name":"Carri\u00e8res - Caesarstone Canada","isPartOf":{"@id":"https:\/\/www.caesarstone.ca\/fr\/#website"},"primaryImageOfPage":{"@id":"https:\/\/www.caesarstone.ca\/fr\/careers\/#primaryimage"},"image":{"@id":"https:\/\/www.caesarstone.ca\/fr\/careers\/#primaryimage"},"thumbnailUrl":"https:\/\/www.caesarstoneus.com\/wp-content\/uploads\/2021\/01\/DSC6923-1024x576.jpg","datePublished":"2021-01-10T06:26:25+00:00","dateModified":"2023-09-12T17:19:58+00:00","description":"Carri\u00e8res. Laissez-vous inspirer et d\u00e9couvrez votre propre style personnel. Cliquez pour explorer d'excellentes id\u00e9es de comptoirs et styles de design de Caesarstone Canada.","breadcrumb":{"@id":"https:\/\/www.caesarstone.ca\/fr\/careers\/#breadcrumb"},"inLanguage":"fr-CA","potentialAction":[{"@type":"ReadAction","target":["https:\/\/www.caesarstone.ca\/fr\/careers\/"]}]},{"@type":"ImageObject","inLanguage":"fr-CA","@id":"https:\/\/www.caesarstone.ca\/fr\/careers\/#primaryimage","url":"https:\/\/www.caesarstoneus.com\/wp-content\/uploads\/2021\/01\/DSC6923-1024x576.jpg","contentUrl":"https:\/\/www.caesarstoneus.com\/wp-content\/uploads\/2021\/01\/DSC6923-1024x576.jpg"},{"@type":"BreadcrumbList","@id":"https:\/\/www.caesarstone.ca\/fr\/careers\/#breadcrumb","itemListElement":[{"@type":"ListItem","position":1,"name":"Home","item":"https:\/\/www.caesarstone.ca\/fr\/"},{"@type":"ListItem","position":2,"name":"Carri\u00e8res"}]},{"@type":"WebSite","@id":"https:\/\/www.caesarstone.ca\/fr\/#website","url":"https:\/\/www.caesarstone.ca\/fr\/","name":"Caesarstone Canada","description":"Life in Stone","publisher":{"@id":"https:\/\/www.caesarstone.ca\/fr\/#organization"},"potentialAction":[{"@type":"SearchAction","target":{"@type":"EntryPoint","urlTemplate":"https:\/\/www.caesarstone.ca\/fr\/?s={search_term_string}"},"query-input":{"@type":"PropertyValueSpecification","valueRequired":true,"valueName":"search_term_string"}}],"inLanguage":"fr-CA"},{"@type":"Organization","@id":"https:\/\/www.caesarstone.ca\/fr\/#organization","name":"Caesarstone Canada","url":"https:\/\/www.caesarstone.ca\/fr\/","logo":{"@type":"ImageObject","inLanguage":"fr-CA","@id":"https:\/\/www.caesarstone.ca\/fr\/#\/schema\/logo\/image\/","url":"https:\/\/www.caesarstone.ca\/wp-content\/uploads\/sites\/5\/2026\/03\/Caesarstone_logo.jpg","contentUrl":"https:\/\/www.caesarstone.ca\/wp-content\/uploads\/sites\/5\/2026\/03\/Caesarstone_logo.jpg","width":1000,"height":158,"caption":"Caesarstone Canada"},"image":{"@id":"https:\/\/www.caesarstone.ca\/fr\/#\/schema\/logo\/image\/"},"sameAs":["https:\/\/www.facebook.com\/CaesarstoneCA","https:\/\/www.instagram.com\/caesarstoneca\/","https:\/\/www.linkedin.com\/company\/caesarstone-canada\/","https:\/\/www.youtube.com\/@CaesarstoneNA"]}]}},"_links":{"self":[{"href":"https:\/\/www.caesarstone.ca\/fr\/wp-json\/wp\/v2\/pages\/25597","targetHints":{"allow":["GET"]}}],"collection":[{"href":"https:\/\/www.caesarstone.ca\/fr\/wp-json\/wp\/v2\/pages"}],"about":[{"href":"https:\/\/www.caesarstone.ca\/fr\/wp-json\/wp\/v2\/types\/page"}],"author":[{"embeddable":true,"href":"https:\/\/www.caesarstone.ca\/fr\/wp-json\/wp\/v2\/users\/7"}],"replies":[{"embeddable":true,"href":"https:\/\/www.caesarstone.ca\/fr\/wp-json\/wp\/v2\/comments?post=25597"}],"version-history":[{"count":3,"href":"https:\/\/www.caesarstone.ca\/fr\/wp-json\/wp\/v2\/pages\/25597\/revisions"}],"predecessor-version":[{"id":67826,"href":"https:\/\/www.caesarstone.ca\/fr\/wp-json\/wp\/v2\/pages\/25597\/revisions\/67826"}],"wp:attachment":[{"href":"https:\/\/www.caesarstone.ca\/fr\/wp-json\/wp\/v2\/media?parent=25597"}],"curies":[{"name":"wp","href":"https:\/\/api.w.org\/{rel}","templated":true}]}}