{"id":25602,"date":"2021-01-10T07:42:15","date_gmt":"2021-01-10T14:42:15","guid":{"rendered":"https:\/\/www.caesarstone.ca\/cookies-policy\/"},"modified":"2023-09-23T02:43:59","modified_gmt":"2023-09-23T08:43:59","slug":"politique-dutilisation-des-temoins","status":"publish","type":"page","link":"https:\/\/www.caesarstone.ca\/fr\/politique-dutilisation-des-temoins\/","title":{"rendered":"CAESARSTONE: POLITIQUE DES COOKIES (CANADA)"},"content":{"rendered":"\n<p>CAESARSTONE LTD. et ses soci\u00e9t\u00e9s affili\u00e9es (collectivement, \u00ab <strong>CAESARSTONE<\/strong> \u00bb ou \u00ab <strong>nous<\/strong> \u00bb) utilisent diff\u00e9rents cookies sur ce site Web (le \u00ab <strong>site Web<\/strong> \u00bb).<\/p>\n\n\n\n<p>Cette politique de cookies a \u00e9t\u00e9 cr\u00e9\u00e9e afin de vous fournir des informations sur les cookies et autres technologies similaires (\u00ab <strong>cookies<\/strong> \u00bb) et la mani\u00e8re dont ils sont utilis\u00e9s par CAESARSTONE sur le site Web. En utilisant le site Web ou naviguant dessus, vous acceptez l&rsquo;utilisation de cookies par CAESARSTONE conform\u00e9ment \u00e0 cette politique de cookies. Si vous n&rsquo;acceptez pas l&rsquo;utilisation de ces cookies, veuillez les d\u00e9sactiver en suivant les instructions de cette politique de cookies, par exemple en modifiant les param\u00e8tres de votre navigateur afin que les cookies du site Web ne puissent pas \u00eatre plac\u00e9s sur votre ordinateur. Nous ne pouvons pas contr\u00f4ler vos param\u00e8tres de cookies.<\/p>\n\n\n\n<p>Nous pouvons modifier cette politique de cookies de temps \u00e0 autre en mettant \u00e0 jour cette page. Nous vous recommandons vivement de consulter cette page de temps en temps pour vous assurer que vous \u00eates satisfait de tout changement.<\/p>\n\n\n\n<ol class=\"wp-block-list\">\n<li><strong>\u00c0 PROPOS DES COOKIES<\/strong><\/li>\n<\/ol>\n\n\n\n<p>Les cookies aident \u00e0 fournir une exp\u00e9rience utilisateur meilleure, plus rapide et plus s\u00fbre aux utilisateurs de notre site Web. Les cookies sont de petits fichiers texte contenant une cha\u00eene de caract\u00e8res qui peuvent \u00eatre plac\u00e9s et stock\u00e9s sur votre appareil (par exemple sur votre ordinateur, tablette ou appareil mobile), ou sont int\u00e9gr\u00e9s de mani\u00e8re invisible sur des pages Web, qui vous identifient ou identifient de mani\u00e8re unique votre navigateur ou appareil lorsque vous visitez un site Web, principalement \u00e0 des fins de tenue de registres. Les cookies permettent \u00e0 un site Web de savoir si votre ordinateur ou appareil a d\u00e9j\u00e0 visit\u00e9 ce site Web afin de vous \u00e9viter de les saisir de nouveau chaque fois que vous revenez sur le site Web ou que vous naviguez d&rsquo;une page \u00e0 une autre. Ils sont couramment utilis\u00e9s pour rendre les sites Web plus efficaces, ainsi que pour fournir des informations sur la communication de donn\u00e9es. Les cookies enregistrent des informations sur vos pr\u00e9f\u00e9rences en ligne et permettent \u00e0 CAESARSTONE d&rsquo;adapter l&rsquo;exp\u00e9rience utilisateur \u00e0 vos centres d\u2019int\u00e9r\u00eat. Les informations fournies par les cookies peuvent aider CAESARSTONE \u00e0 analyser votre utilisation du site Web et \u00e0 vous offrir une meilleure exp\u00e9rience utilisateur. La plupart des cookies ne collecteront pas d&rsquo;informations permettant de vous identifier personnellement. Ils collecteront des informations plus g\u00e9n\u00e9rales, telles que la mani\u00e8re dont les utilisateurs acc\u00e8dent \u00e0 nos sites Web et les utilisent. Pour plus d&rsquo;informations sur les cookies, nous vous recommandons de visiter: <a href=\"https:\/\/aboutcookies.org\/\">https:\/\/www.aboutCookies.org<\/a> ou <a href=\"https:\/\/www.allaboutcookies.org\/\">www.allaboutCookies.org<\/a>.<\/p>\n\n\n\n<ol class=\"wp-block-list\" start=\"2\">\n<li><strong>TYPES DE COOKIES UTILIS\u00c9S PAR CAESARSTONE<\/strong><\/li>\n<\/ol>\n\n\n\n<p>Lorsque vous visitez le site Web, nous pla\u00e7ons des cookies internes sur votre appareil pour activer certaines fonctionnalit\u00e9s du site Web. Nous utilisons des cookies pour am\u00e9liorer le site Web, surveiller et analyser le trafic Web. Cela nous permet de comprendre quelles parties de notre site Web int\u00e9ressent le plus nos visiteurs. Nous utilisons ces informations pour am\u00e9liorer continuellement l&rsquo;offre de notre site Web au profit de nos visiteurs. La liste ci-dessous d\u00e9crit les types de cookies que CAESARSTONE peut utiliser sur le site Web et les fins pour lesquelles ils sont utilis\u00e9s :<\/p>\n\n\n\n<p>2.1. <strong>Cookies de session<\/strong>. Les cookies peuvent rester sur votre appareil pendant diff\u00e9rents laps de temps : les \u00ab <strong>cookies de session<\/strong> \u00bb n&rsquo;existent que lorsque le navigateur de votre site Web est ouvert et ils sont automatiquement supprim\u00e9s une fois le navigateur ferm\u00e9 ; un \u00ab cookie persistant \u00bb, en revanche, survivra apr\u00e8s la fermeture de votre navigateur et restera valide jusqu&rsquo;\u00e0 sa date d&rsquo;expiration d\u00e9finie, \u00e0 moins qu&rsquo;il ne soit supprim\u00e9 par l&rsquo;utilisateur avant la date d&rsquo;expiration. Les cookies persistants peuvent \u00eatre utilis\u00e9s par le site Web pour reconna\u00eetre votre appareil \u00e0 un moment ult\u00e9rieur ou pour plusieurs sessions d&rsquo;utilisation. Par exemple, si vous nous avez demand\u00e9 de m\u00e9moriser des pr\u00e9f\u00e9rences telles que votre emplacement ou votre nom d&rsquo;utilisateur. CAESARSTONE utilise certains cookies de session sur une partie de son site Web pour suivre l&rsquo;activit\u00e9 de nos utilisateurs sur le site Web, afin d\u2019\u00e9viter \u00e0 l\u2019utilisateur d\u2019\u00eatre \u00e0 nouveau invit\u00e9 \u00e0 fournir les m\u00eames informations qu&rsquo;il a d\u00e9j\u00e0 fournies au site Web. Cela lui \u00e9vite \u00e9galement d&rsquo;avoir \u00e0 authentifier chaque nouvelle zone qu&rsquo;il visite&nbsp;; et\/ou permet de d\u00e9tecter une activit\u00e9 frauduleuse.<\/p>\n\n\n\n<p>2.2. <strong>Cookies strictement n\u00e9cessaires<\/strong>. CAESARSTONE utilise des cookies qui sont essentiels, car ils vous permettent de vous d\u00e9placer sur le site Web ou d&rsquo;utiliser des fonctionnalit\u00e9s de base, telles que l&rsquo;acc\u00e8s \u00e0 des zones connect\u00e9es ou s\u00e9curis\u00e9es. Si ces cookies sont d\u00e9sactiv\u00e9s, les diff\u00e9rentes fonctionnalit\u00e9s du site Web ne fonctionneront pas.<\/p>\n\n\n\n<p>2.3. <strong>Cookies de performance<\/strong>. CAESARSTONE utilise des cookies pour collecter des informations sur votre utilisation du site Web, ce qui lui permet d\u2019am\u00e9liorer les performances du site Web et de vous offrir une meilleure exp\u00e9rience utilisateur (par exemple, les informations g\u00e9n\u00e9r\u00e9es \u00e0 partir d&rsquo;un cookie peuvent \u00eatre utilis\u00e9es pour cr\u00e9er des rapports sur votre utilisation du Site Web et\/ou sur toute occurrence de crash ou de bogue lors de votre utilisation du site Web).<\/p>\n\n\n\n<p>2.4. <strong>Cookies de fonctionnalit\u00e9<\/strong>. CAESARSTONE utilise des cookies pour am\u00e9liorer la fonctionnalit\u00e9 du site Web en stockant vos pr\u00e9f\u00e9rences. Ces cookies permettent \u00e9galement \u00e0 CAESARSTONE de personnaliser votre exp\u00e9rience utilisateur et de vous fournir des fonctionnalit\u00e9s et un contenu am\u00e9lior\u00e9s. Les informations collect\u00e9es par ces cookies ne sont pas utilis\u00e9es pour vous identifier personnellement et\/ou pour suivre votre activit\u00e9 de navigation sur d&rsquo;autres sites ou services. Ces cookies ne sont pas essentiels \u00e0 l&rsquo;utilisation du site Web. Cependant, sans ces cookies, certaines fonctionnalit\u00e9s (comme la fonctionnalit\u00e9 de recherche) peuvent devenir indisponibles.<\/p>\n\n\n\n<p>2.5. <strong>Outils d&rsquo;analyse et de recherche<\/strong>. CAESARSTONE peut utiliser ou activer des cookies tiers \u00e0 des fins d&rsquo;analyse et de mesure de l&rsquo;utilisation du site Web et des activit\u00e9s effectu\u00e9es sur le site Web (par exemple, les informations statistiques g\u00e9n\u00e9r\u00e9es \u00e0 partir d&rsquo;un cookie d&rsquo;analyse sont utilis\u00e9es pour compter le nombre de vos visites sur le site Web) (\u00ab <strong>cookies d&rsquo;analyse<\/strong> \u00bb). Si vous avez d\u00e9sactiv\u00e9 un ou plusieurs cookies d\u2019analyse, il se peut que nous continuions d\u2019utiliser les informations collect\u00e9es \u00e0 partir des cookies d\u2019analyse avant que vous n\u2019ayez d\u00e9sactiv\u00e9 ces cookies dans vos pr\u00e9f\u00e9rences, cependant, nous arr\u00eaterons d&rsquo;utiliser le cookie d\u00e9sactiv\u00e9 servant \u00e0 collecter d&rsquo;autres informations.<\/p>\n\n\n\n<p>2.6. <strong>Cookies<\/strong> <strong>marketing<\/strong>. CAESARSTONE peut utiliser des cookies marketing pour diffuser des publicit\u00e9s que nous pensons pertinentes pour vous et vos centres d\u2019int\u00e9r\u00eat. Par exemple, il se peut que nous utilisions des cookies de ciblage ou de publicit\u00e9 pour personnaliser la publicit\u00e9 et le contenu que vous recevez sur notre site Web et pour permettre de mesurer l&rsquo;efficacit\u00e9 de nos campagnes publicitaires. Il est important de noter qu&rsquo;\u00e0 aucun moment nous ou nos prestataires de services ne tenterons de vous identifier individuellement, et \u00e0 aucun moment nous ne savons qui vous \u00eates ou quelles pages vous avez consult\u00e9es individuellement &#8211; nous nous contentons simplement de regrouper les informations pertinentes de sorte \u00e0 cr\u00e9er les segments de march\u00e9 de groupes de personnes ayant des centres d\u2019int\u00e9r\u00eat similaires. Nous consid\u00e9rons que diffuser des publicit\u00e9s qui vous sont plus int\u00e9ressantes et plus utiles rend l\u2019exp\u00e9rience de l\u2019utilisateur plus pr\u00e9cieuse et unique.<\/p>\n\n\n\n<ol class=\"wp-block-list\" start=\"3\">\n<li><strong>COMMENT CONTR\u00d4LER LES COOKIES<\/strong><\/li>\n<\/ol>\n\n\n\n<p>Vous pouvez contr\u00f4ler les cookies et\/ou supprimer les cookies d\u00e9j\u00e0 stock\u00e9s sur l&rsquo;appareil mobile. La plupart des navigateurs permettent aux utilisateurs d&rsquo;acc\u00e9der \u00e0 la plupart des cookies et de les contr\u00f4ler via les param\u00e8tres du navigateur. Chaque navigateur est diff\u00e9rent, consultez donc le menu \u00ab Aide \u00bb de votre navigateur pour savoir comment modifier vos pr\u00e9f\u00e9rences en mati\u00e8re de cookies. Veuillez noter que certains cookies sont strictement n\u00e9cessaires au fonctionnement du site Web. Par cons\u00e9quent, si vous configurez votre navigateur pour d\u00e9sactiver, rejeter ou bloquer les cookies, certaines parties du site Web pourraient ne pas fonctionner correctement et vous ne pourrez peut-\u00eatre pas acc\u00e9der \u00e0 certaines fonctionnalit\u00e9s du site Web, et d&rsquo;autres fonctionnalit\u00e9s de notre service pourraient ne pas fonctionner correctement, ou dans certains cas, notre site Web et\/ou nos services ne seront pas du tout accessibles. Pour plus d&rsquo;informations sur la mani\u00e8re de contr\u00f4ler les cookies et de voir quels cookies ont \u00e9t\u00e9 d\u00e9finis et comment g\u00e9rer et\/ou supprimer les cookies, veuillez consulter les adresses suivantes : <a href=\"https:\/\/www.aboutcookies.org\/\">https:\/\/www.aboutCookies.org<\/a>, <a href=\"http:\/\/www.allaboutcookies.org\">www.allaboutCookies.org<\/a>, ou encore <a href=\"https:\/\/help.yahoo.com\/kb\/devices-cache-Cookies-sln14733.html\">https:\/\/help.yahoo.com\/kb\/devices-cache-Cookies-sln14733.html<\/a>.<\/p>\n\n\n\n<ol class=\"wp-block-list\" start=\"4\">\n<li><strong>CONTACT<\/strong><\/li>\n<\/ol>\n\n\n\n<p>Vous pouvez nous contacter en utilisant le formulaire de contact de notre site Web, disponible \u00e0 l&rsquo;adresse suivante : Contactez-nous.<\/p>\n\n\n\n<p>Cette politique de cookies a \u00e9t\u00e9 mise \u00e0 jour pour la derni\u00e8re fois le : 13.1.2021.<\/p>\n","protected":false},"excerpt":{"rendered":"<p>CAESARSTONE LTD. et ses soci\u00e9t\u00e9s affili\u00e9es (collectivement, \u00ab CAESARSTONE \u00bb ou \u00ab nous \u00bb) utilisent diff\u00e9rents cookies sur ce site Web (le \u00ab site Web \u00bb). Cette politique de cookies a \u00e9t\u00e9 cr\u00e9\u00e9e afin de vous fournir des informations sur les cookies et autres technologies similaires (\u00ab cookies \u00bb) et la mani\u00e8re dont ils sont [&hellip;]<\/p>\n","protected":false},"author":4,"featured_media":0,"parent":0,"menu_order":0,"comment_status":"closed","ping_status":"closed","template":"","meta":{"_acf_changed":false,"footnotes":""},"class_list":["post-25602","page","type-page","status-publish","hentry"],"acf":{"head_strip":{"":null,"background":null,"background_mobile":null,"title":"","subtitle":"","use_cta":false,"video_url":"","cta":null},"cs_related_posts":{"title":"","link":null,"articles":null,"show_pagination":false,"show_arrows":true,"space_desktop":{"top":0,"bottom":0},"space_mobile":{"top":0,"bottom":0},"background":"#f7f7f7","text_color":"#252525"},"related_post_card":{"title":"","desc":"","image":null,"video_url":""}},"yoast_head":"<!-- This site is optimized with the Yoast SEO Premium plugin v27.2 (Yoast SEO v27.2) - https:\/\/yoast.com\/product\/yoast-seo-premium-wordpress\/ -->\n<title>CAESARSTONE: POLITIQUE DES COOKIES (CANADA) - Caesarstone Canada<\/title>\n<meta name=\"description\" content=\"CAESARSTONE: POLITIQUE DES COOKIES (CANADA). Discover your style. Explore standout countertop designs and ideas from Caesarstone Canada.\" \/>\n<meta name=\"robots\" content=\"index, follow, max-snippet:-1, max-image-preview:large, max-video-preview:-1\" \/>\n<link rel=\"canonical\" href=\"https:\/\/www.caesarstone.ca\/fr\/politique-dutilisation-des-temoins\/\" \/>\n<meta property=\"og:locale\" content=\"fr_CA\" \/>\n<meta property=\"og:type\" content=\"article\" \/>\n<meta property=\"og:title\" content=\"CAESARSTONE: POLITIQUE DES COOKIES (CANADA)\" \/>\n<meta property=\"og:description\" content=\"CAESARSTONE: POLITIQUE DES COOKIES (CANADA). Discover your style. Explore standout countertop designs and ideas from Caesarstone Canada.\" \/>\n<meta property=\"og:url\" content=\"https:\/\/www.caesarstone.ca\/fr\/politique-dutilisation-des-temoins\/\" \/>\n<meta property=\"og:site_name\" content=\"Caesarstone Canada\" \/>\n<meta property=\"article:publisher\" content=\"https:\/\/www.facebook.com\/CaesarstoneCA\" \/>\n<meta property=\"article:modified_time\" content=\"2023-09-23T08:43:59+00:00\" \/>\n<meta name=\"twitter:card\" content=\"summary_large_image\" \/>\n<meta name=\"twitter:label1\" content=\"Est. reading time\" \/>\n\t<meta name=\"twitter:data1\" content=\"7 minutes\" \/>\n<script type=\"application\/ld+json\" class=\"yoast-schema-graph\">{\"@context\":\"https:\/\/schema.org\",\"@graph\":[{\"@type\":\"WebPage\",\"@id\":\"https:\/\/www.caesarstone.ca\/fr\/politique-dutilisation-des-temoins\/\",\"url\":\"https:\/\/www.caesarstone.ca\/fr\/politique-dutilisation-des-temoins\/\",\"name\":\"CAESARSTONE: POLITIQUE DES COOKIES (CANADA) - Caesarstone Canada\",\"isPartOf\":{\"@id\":\"https:\/\/www.caesarstone.ca\/fr\/#website\"},\"datePublished\":\"2021-01-10T14:42:15+00:00\",\"dateModified\":\"2023-09-23T08:43:59+00:00\",\"description\":\"CAESARSTONE: POLITIQUE DES COOKIES (CANADA). Discover your style. Explore standout countertop designs and ideas from Caesarstone Canada.\",\"breadcrumb\":{\"@id\":\"https:\/\/www.caesarstone.ca\/fr\/politique-dutilisation-des-temoins\/#breadcrumb\"},\"inLanguage\":\"fr-CA\",\"potentialAction\":[{\"@type\":\"ReadAction\",\"target\":[\"https:\/\/www.caesarstone.ca\/fr\/politique-dutilisation-des-temoins\/\"]}]},{\"@type\":\"BreadcrumbList\",\"@id\":\"https:\/\/www.caesarstone.ca\/fr\/politique-dutilisation-des-temoins\/#breadcrumb\",\"itemListElement\":[{\"@type\":\"ListItem\",\"position\":1,\"name\":\"Home\",\"item\":\"https:\/\/www.caesarstone.ca\/fr\/\"},{\"@type\":\"ListItem\",\"position\":2,\"name\":\"CAESARSTONE: POLITIQUE DES COOKIES (CANADA)\"}]},{\"@type\":\"WebSite\",\"@id\":\"https:\/\/www.caesarstone.ca\/fr\/#website\",\"url\":\"https:\/\/www.caesarstone.ca\/fr\/\",\"name\":\"Caesarstone Canada\",\"description\":\"Life in Stone\",\"publisher\":{\"@id\":\"https:\/\/www.caesarstone.ca\/fr\/#organization\"},\"potentialAction\":[{\"@type\":\"SearchAction\",\"target\":{\"@type\":\"EntryPoint\",\"urlTemplate\":\"https:\/\/www.caesarstone.ca\/fr\/?s={search_term_string}\"},\"query-input\":{\"@type\":\"PropertyValueSpecification\",\"valueRequired\":true,\"valueName\":\"search_term_string\"}}],\"inLanguage\":\"fr-CA\"},{\"@type\":\"Organization\",\"@id\":\"https:\/\/www.caesarstone.ca\/fr\/#organization\",\"name\":\"Caesarstone Canada\",\"url\":\"https:\/\/www.caesarstone.ca\/fr\/\",\"logo\":{\"@type\":\"ImageObject\",\"inLanguage\":\"fr-CA\",\"@id\":\"https:\/\/www.caesarstone.ca\/fr\/#\/schema\/logo\/image\/\",\"url\":\"https:\/\/www.caesarstone.ca\/wp-content\/uploads\/sites\/5\/2026\/03\/Caesarstone_logo.jpg\",\"contentUrl\":\"https:\/\/www.caesarstone.ca\/wp-content\/uploads\/sites\/5\/2026\/03\/Caesarstone_logo.jpg\",\"width\":1000,\"height\":158,\"caption\":\"Caesarstone Canada\"},\"image\":{\"@id\":\"https:\/\/www.caesarstone.ca\/fr\/#\/schema\/logo\/image\/\"},\"sameAs\":[\"https:\/\/www.facebook.com\/CaesarstoneCA\",\"https:\/\/www.instagram.com\/caesarstoneca\/\",\"https:\/\/www.linkedin.com\/company\/caesarstone-canada\/\",\"https:\/\/www.youtube.com\/@CaesarstoneNA\"]}]}<\/script>\n<!-- \/ Yoast SEO Premium plugin. -->","yoast_head_json":{"title":"CAESARSTONE: POLITIQUE DES COOKIES (CANADA) - Caesarstone Canada","description":"CAESARSTONE: POLITIQUE DES COOKIES (CANADA). Discover your style. Explore standout countertop designs and ideas from Caesarstone Canada.","robots":{"index":"index","follow":"follow","max-snippet":"max-snippet:-1","max-image-preview":"max-image-preview:large","max-video-preview":"max-video-preview:-1"},"canonical":"https:\/\/www.caesarstone.ca\/fr\/politique-dutilisation-des-temoins\/","og_locale":"fr_CA","og_type":"article","og_title":"CAESARSTONE: POLITIQUE DES COOKIES (CANADA)","og_description":"CAESARSTONE: POLITIQUE DES COOKIES (CANADA). Discover your style. Explore standout countertop designs and ideas from Caesarstone Canada.","og_url":"https:\/\/www.caesarstone.ca\/fr\/politique-dutilisation-des-temoins\/","og_site_name":"Caesarstone Canada","article_publisher":"https:\/\/www.facebook.com\/CaesarstoneCA","article_modified_time":"2023-09-23T08:43:59+00:00","twitter_card":"summary_large_image","twitter_misc":{"Est. reading time":"7 minutes"},"schema":{"@context":"https:\/\/schema.org","@graph":[{"@type":"WebPage","@id":"https:\/\/www.caesarstone.ca\/fr\/politique-dutilisation-des-temoins\/","url":"https:\/\/www.caesarstone.ca\/fr\/politique-dutilisation-des-temoins\/","name":"CAESARSTONE: POLITIQUE DES COOKIES (CANADA) - Caesarstone Canada","isPartOf":{"@id":"https:\/\/www.caesarstone.ca\/fr\/#website"},"datePublished":"2021-01-10T14:42:15+00:00","dateModified":"2023-09-23T08:43:59+00:00","description":"CAESARSTONE: POLITIQUE DES COOKIES (CANADA). Discover your style. Explore standout countertop designs and ideas from Caesarstone Canada.","breadcrumb":{"@id":"https:\/\/www.caesarstone.ca\/fr\/politique-dutilisation-des-temoins\/#breadcrumb"},"inLanguage":"fr-CA","potentialAction":[{"@type":"ReadAction","target":["https:\/\/www.caesarstone.ca\/fr\/politique-dutilisation-des-temoins\/"]}]},{"@type":"BreadcrumbList","@id":"https:\/\/www.caesarstone.ca\/fr\/politique-dutilisation-des-temoins\/#breadcrumb","itemListElement":[{"@type":"ListItem","position":1,"name":"Home","item":"https:\/\/www.caesarstone.ca\/fr\/"},{"@type":"ListItem","position":2,"name":"CAESARSTONE: POLITIQUE DES COOKIES (CANADA)"}]},{"@type":"WebSite","@id":"https:\/\/www.caesarstone.ca\/fr\/#website","url":"https:\/\/www.caesarstone.ca\/fr\/","name":"Caesarstone Canada","description":"Life in Stone","publisher":{"@id":"https:\/\/www.caesarstone.ca\/fr\/#organization"},"potentialAction":[{"@type":"SearchAction","target":{"@type":"EntryPoint","urlTemplate":"https:\/\/www.caesarstone.ca\/fr\/?s={search_term_string}"},"query-input":{"@type":"PropertyValueSpecification","valueRequired":true,"valueName":"search_term_string"}}],"inLanguage":"fr-CA"},{"@type":"Organization","@id":"https:\/\/www.caesarstone.ca\/fr\/#organization","name":"Caesarstone Canada","url":"https:\/\/www.caesarstone.ca\/fr\/","logo":{"@type":"ImageObject","inLanguage":"fr-CA","@id":"https:\/\/www.caesarstone.ca\/fr\/#\/schema\/logo\/image\/","url":"https:\/\/www.caesarstone.ca\/wp-content\/uploads\/sites\/5\/2026\/03\/Caesarstone_logo.jpg","contentUrl":"https:\/\/www.caesarstone.ca\/wp-content\/uploads\/sites\/5\/2026\/03\/Caesarstone_logo.jpg","width":1000,"height":158,"caption":"Caesarstone Canada"},"image":{"@id":"https:\/\/www.caesarstone.ca\/fr\/#\/schema\/logo\/image\/"},"sameAs":["https:\/\/www.facebook.com\/CaesarstoneCA","https:\/\/www.instagram.com\/caesarstoneca\/","https:\/\/www.linkedin.com\/company\/caesarstone-canada\/","https:\/\/www.youtube.com\/@CaesarstoneNA"]}]}},"_links":{"self":[{"href":"https:\/\/www.caesarstone.ca\/fr\/wp-json\/wp\/v2\/pages\/25602","targetHints":{"allow":["GET"]}}],"collection":[{"href":"https:\/\/www.caesarstone.ca\/fr\/wp-json\/wp\/v2\/pages"}],"about":[{"href":"https:\/\/www.caesarstone.ca\/fr\/wp-json\/wp\/v2\/types\/page"}],"author":[{"embeddable":true,"href":"https:\/\/www.caesarstone.ca\/fr\/wp-json\/wp\/v2\/users\/4"}],"replies":[{"embeddable":true,"href":"https:\/\/www.caesarstone.ca\/fr\/wp-json\/wp\/v2\/comments?post=25602"}],"version-history":[{"count":2,"href":"https:\/\/www.caesarstone.ca\/fr\/wp-json\/wp\/v2\/pages\/25602\/revisions"}],"predecessor-version":[{"id":67833,"href":"https:\/\/www.caesarstone.ca\/fr\/wp-json\/wp\/v2\/pages\/25602\/revisions\/67833"}],"wp:attachment":[{"href":"https:\/\/www.caesarstone.ca\/fr\/wp-json\/wp\/v2\/media?parent=25602"}],"curies":[{"name":"wp","href":"https:\/\/api.w.org\/{rel}","templated":true}]}}