{"id":29590,"date":"2021-01-27T06:41:03","date_gmt":"2021-01-27T13:41:03","guid":{"rendered":"https:\/\/www.caesarstone.ca\/?page_id=29590"},"modified":"2023-09-26T14:17:34","modified_gmt":"2023-09-26T20:17:34","slug":"la-filiale-americaine-de-caesarstone-annonce-lacquisition-strategique-de-toutes-les-installations-domicron","status":"publish","type":"page","link":"https:\/\/www.caesarstone.ca\/fr\/la-filiale-americaine-de-caesarstone-annonce-lacquisition-strategique-de-toutes-les-installations-domicron\/","title":{"rendered":"La filiale am\u00e9ricaine de Caesarstone annonce l\u2019acquisition strat\u00e9gique de toutes les installations d\u2019Omicron"},"content":{"rendered":"\n<p><em>Le chef de file mondial des comptoirs ouvre des nouveaux points de vente et canaux de marketing<\/em><\/p>\n\n\n\n<p>Charlotte (Caroline du Nord), le 6&nbsp;janvier&nbsp;2021.<strong>&nbsp;\u2013&nbsp;<\/strong>Poursuivant l\u2019ex\u00e9cution de son plan d\u2019acc\u00e9l\u00e9ration de croissance en Am\u00e9rique du Nord, la filiale am\u00e9ricaine de Caesarstone annonce aujourd\u2019hui l\u2019acquisition strat\u00e9gique d\u2019<a href=\"http:\/\/www.omicrongranite.net\/\" target=\"_blank\" rel=\"noreferrer noopener\">Omicron Granite and Tile<\/a>. Ainsi, Caesarstone \u00e9largira de fa\u00e7on imm\u00e9diate et consid\u00e9rable son r\u00e9seau de distribution et gagnera 17&nbsp;nouvelles installations o\u00f9 mener ses activit\u00e9s et pr\u00e9senter ses surfaces in\u00e9gal\u00e9es.<\/p>\n\n\n\n<p>Important fournisseur de surfaces en quartz et en pierre \u00e9tabli \u00e0 Pompano Beach, en Floride, Omicron Granite and Tile poss\u00e8de et op\u00e8re 17&nbsp;salles d\u2019exposition et entrep\u00f4ts ferm\u00e9s dans la vall\u00e9e de l\u2019Ohio et le sud-est des \u00c9tats-Unis.<\/p>\n\n\n\n<p>Par cette acquisition, Caesarstone<sup>MD<\/sup> mobilisera la force de sa marque aux \u00c9tats-Unis dans un solide r\u00e9seau de distribution, afin de mieux servir ses clients et de faire la promotion de ses designs prim\u00e9s. Le tout concorde parfaitement avec la mission de Caesarstone de devenir la marque de comptoirs par excellence \u00e0 l\u2019\u00e9chelle mondiale, tout en offrant la meilleure exp\u00e9rience de service \u00e0 la client\u00e8le qui soit.<\/p>\n\n\n\n<p>\u00ab&nbsp;Cette acquisition va accro\u00eetre la valeur de Caesarstone aux yeux des clients et des consommateurs. D\u2019ailleurs, l\u2019empreinte g\u00e9ographique d\u2019Omicron permettra d\u2019\u00e9largir davantage nos initiatives de distribution et d\u2019acc\u00e9l\u00e9rer notre croissance dans ces deux march\u00e9s cibles, en plus d\u2019appuyer nos efforts \u00e0 d\u00e9passer nos objectifs de 2021 et des ann\u00e9es \u00e0 venir, indique Ken Williams, pr\u00e9sident de Caesarstone Am\u00e9rique du Nord. Nous sommes ravis de trouver en Omicron un partenaire strat\u00e9gique de confiance, dont les \u00e9quipes hautement efficaces et l\u2019importante client\u00e8le s\u2019int\u00e8grent parfaitement \u00e0 nos plans d\u2019acc\u00e9l\u00e9ration de croissance. La combinaison des deux entreprises cr\u00e9era une synergie g\u00e9n\u00e9ratrice de valeur pour toutes les parties prenantes internes et externes et d\u2019occasions de croissance pour la marque Caesarstone.&nbsp;\u00bb<\/p>\n\n\n\n<p>Le pr\u00e9sident d\u2019Omicron, Fred Cohen, souligne&nbsp;: \u00ab&nbsp;Au cours des derniers mois, j\u2019ai travaill\u00e9 \u00e9troitement avec l\u2019\u00e9quipe de direction de Caesarstone<sup>MD<\/sup> pour que la transition se fasse tout en douceur et en positivit\u00e9 pour les employ\u00e9s, les clients et les fournisseurs. Nous avons h\u00e2te de nous joindre \u00e0 la famille Caesarstone<sup>MD<\/sup>.&nbsp;\u00bb<\/p>\n\n\n\n<p>\u00c0 propos d\u2019Omicron<\/p>\n\n\n\n<p>\u00c9tablie \u00e0 Pompano Beach en Floride, Omicron Granite and Tile est un important fournisseur de surfaces en quartz et en pierre. L\u2019entreprise poss\u00e8de et exploite 17&nbsp;salles d\u2019exposition et entrep\u00f4ts ferm\u00e9s, situ\u00e9s \u00e0 Miami, Pompano Beach, West Palm Beach, Orlando, Fort Myers, Naples, Tampa, Sarasota, Melbourne, Jacksonville et Panama City Beach, en Floride; \u00e0 Mobile, en Alabama; \u00e0 la Nouvelle-Orl\u00e9ans, en Louisiane; \u00e0 Cincinnati, Cleveland et Columbus, en Ohio; ainsi qu\u2019\u00e0 Detroit, au Michigan, sa toute derni\u00e8re installation.<\/p>\n\n\n\n<p>\u00c0 propos de Caesarstone<\/p>\n\n\n\n<p>Entreprise ax\u00e9e sur la cr\u00e9ation de concepts et l\u2019am\u00e9lioration de modes de vie, Caesarstone place le client au c\u0153ur de la conception, la cr\u00e9ation et la production de ses comptoirs en pierre d\u2019ing\u00e9nierie haut de gamme pour espaces r\u00e9sidentiels ou commerciaux. Ses produits allient une beaut\u00e9 et une fonctionnalit\u00e9 in\u00e9gal\u00e9es gr\u00e2ce \u00e0 une gamme unique de couleurs, de styles, de textures et de finis employ\u00e9s dans diverses applications de surfaces \u00e0 la durabilit\u00e9 exceptionnelle. En faisant du service sa priorit\u00e9, l\u2019entreprise a pu tisser des liens solides avec ses clients dans plus de 50&nbsp;pays o\u00f9 les collections de Caesarstone sont offertes&nbsp;: Classico, Supernatural, Metropolitan et Solaris. Pour en savoir plus, rendez-vous au <a href=\"http:\/\/www.caesarstone.ca\/fr\">www.caesarstone.ca\/fr<\/a>.<\/p>\n","protected":false},"excerpt":{"rendered":"<p>Le chef de file mondial des comptoirs ouvre des nouveaux points de vente et canaux de marketing Charlotte (Caroline du Nord), le 6&nbsp;janvier&nbsp;2021.&nbsp;\u2013&nbsp;Poursuivant l\u2019ex\u00e9cution de son plan d\u2019acc\u00e9l\u00e9ration de croissance en Am\u00e9rique du Nord, la filiale am\u00e9ricaine de Caesarstone annonce aujourd\u2019hui l\u2019acquisition strat\u00e9gique d\u2019Omicron Granite and Tile. Ainsi, Caesarstone \u00e9largira de fa\u00e7on imm\u00e9diate et consid\u00e9rable [&hellip;]<\/p>\n","protected":false},"author":13,"featured_media":0,"parent":0,"menu_order":0,"comment_status":"closed","ping_status":"closed","template":"","meta":{"_acf_changed":false,"footnotes":""},"class_list":["post-29590","page","type-page","status-publish","hentry"],"acf":{"head_strip":{"":null,"background":null,"background_mobile":null,"title":"","subtitle":"","use_cta":false,"video_url":"","cta":null},"cs_related_posts":{"title":"","link":null,"articles":null,"show_pagination":false,"show_arrows":true,"space_desktop":{"top":0,"bottom":0},"space_mobile":{"top":0,"bottom":0},"background":"#f7f7f7","text_color":"#252525"},"related_post_card":{"title":"","desc":"","image":null,"video_url":""}},"yoast_head":"<!-- This site is optimized with the Yoast SEO Premium plugin v27.2 (Yoast SEO v27.2) - https:\/\/yoast.com\/product\/yoast-seo-premium-wordpress\/ -->\n<title>Caesarstone US annonce l&#039;acquisition de toutes les installations d&#039;Omicron<\/title>\n<meta name=\"description\" content=\"Caesarstone USA acquiert toutes les installations d&#039;Omicron pour \u00e9largir notre offre de plans de travail et id\u00e9es de design.\" \/>\n<meta name=\"robots\" content=\"index, follow, max-snippet:-1, max-image-preview:large, max-video-preview:-1\" \/>\n<link rel=\"canonical\" href=\"https:\/\/www.caesarstone.ca\/fr\/la-filiale-americaine-de-caesarstone-annonce-lacquisition-strategique-de-toutes-les-installations-domicron\/\" \/>\n<meta property=\"og:locale\" content=\"fr_CA\" \/>\n<meta property=\"og:type\" content=\"article\" \/>\n<meta property=\"og:title\" content=\"La filiale am\u00e9ricaine de Caesarstone annonce l\u2019acquisition strat\u00e9gique de toutes les installations d\u2019Omicron\" \/>\n<meta property=\"og:description\" content=\"Caesarstone USA acquiert toutes les installations d&#039;Omicron pour \u00e9largir notre offre de plans de travail et id\u00e9es de design.\" \/>\n<meta property=\"og:url\" content=\"https:\/\/www.caesarstone.ca\/fr\/la-filiale-americaine-de-caesarstone-annonce-lacquisition-strategique-de-toutes-les-installations-domicron\/\" \/>\n<meta property=\"og:site_name\" content=\"Caesarstone Canada\" \/>\n<meta property=\"article:publisher\" content=\"https:\/\/www.facebook.com\/CaesarstoneCA\" \/>\n<meta property=\"article:modified_time\" content=\"2023-09-26T20:17:34+00:00\" \/>\n<meta name=\"twitter:card\" content=\"summary_large_image\" \/>\n<meta name=\"twitter:label1\" content=\"Est. reading time\" \/>\n\t<meta name=\"twitter:data1\" content=\"3 minutes\" \/>\n<script type=\"application\/ld+json\" class=\"yoast-schema-graph\">{\"@context\":\"https:\/\/schema.org\",\"@graph\":[{\"@type\":\"WebPage\",\"@id\":\"https:\/\/www.caesarstone.ca\/fr\/la-filiale-americaine-de-caesarstone-annonce-lacquisition-strategique-de-toutes-les-installations-domicron\/\",\"url\":\"https:\/\/www.caesarstone.ca\/fr\/la-filiale-americaine-de-caesarstone-annonce-lacquisition-strategique-de-toutes-les-installations-domicron\/\",\"name\":\"Caesarstone US annonce l'acquisition de toutes les installations d'Omicron\",\"isPartOf\":{\"@id\":\"https:\/\/www.caesarstone.ca\/fr\/#website\"},\"datePublished\":\"2021-01-27T13:41:03+00:00\",\"dateModified\":\"2023-09-26T20:17:34+00:00\",\"description\":\"Caesarstone USA acquiert toutes les installations d'Omicron pour \u00e9largir notre offre de plans de travail et id\u00e9es de design.\",\"breadcrumb\":{\"@id\":\"https:\/\/www.caesarstone.ca\/fr\/la-filiale-americaine-de-caesarstone-annonce-lacquisition-strategique-de-toutes-les-installations-domicron\/#breadcrumb\"},\"inLanguage\":\"fr-CA\",\"potentialAction\":[{\"@type\":\"ReadAction\",\"target\":[\"https:\/\/www.caesarstone.ca\/fr\/la-filiale-americaine-de-caesarstone-annonce-lacquisition-strategique-de-toutes-les-installations-domicron\/\"]}]},{\"@type\":\"BreadcrumbList\",\"@id\":\"https:\/\/www.caesarstone.ca\/fr\/la-filiale-americaine-de-caesarstone-annonce-lacquisition-strategique-de-toutes-les-installations-domicron\/#breadcrumb\",\"itemListElement\":[{\"@type\":\"ListItem\",\"position\":1,\"name\":\"Home\",\"item\":\"https:\/\/www.caesarstone.ca\/fr\/\"},{\"@type\":\"ListItem\",\"position\":2,\"name\":\"La filiale am\u00e9ricaine de Caesarstone annonce l\u2019acquisition strat\u00e9gique de toutes les installations d\u2019Omicron\"}]},{\"@type\":\"WebSite\",\"@id\":\"https:\/\/www.caesarstone.ca\/fr\/#website\",\"url\":\"https:\/\/www.caesarstone.ca\/fr\/\",\"name\":\"Caesarstone Canada\",\"description\":\"Life in Stone\",\"publisher\":{\"@id\":\"https:\/\/www.caesarstone.ca\/fr\/#organization\"},\"potentialAction\":[{\"@type\":\"SearchAction\",\"target\":{\"@type\":\"EntryPoint\",\"urlTemplate\":\"https:\/\/www.caesarstone.ca\/fr\/?s={search_term_string}\"},\"query-input\":{\"@type\":\"PropertyValueSpecification\",\"valueRequired\":true,\"valueName\":\"search_term_string\"}}],\"inLanguage\":\"fr-CA\"},{\"@type\":\"Organization\",\"@id\":\"https:\/\/www.caesarstone.ca\/fr\/#organization\",\"name\":\"Caesarstone Canada\",\"url\":\"https:\/\/www.caesarstone.ca\/fr\/\",\"logo\":{\"@type\":\"ImageObject\",\"inLanguage\":\"fr-CA\",\"@id\":\"https:\/\/www.caesarstone.ca\/fr\/#\/schema\/logo\/image\/\",\"url\":\"https:\/\/www.caesarstone.ca\/wp-content\/uploads\/sites\/5\/2026\/03\/Caesarstone_logo.jpg\",\"contentUrl\":\"https:\/\/www.caesarstone.ca\/wp-content\/uploads\/sites\/5\/2026\/03\/Caesarstone_logo.jpg\",\"width\":1000,\"height\":158,\"caption\":\"Caesarstone Canada\"},\"image\":{\"@id\":\"https:\/\/www.caesarstone.ca\/fr\/#\/schema\/logo\/image\/\"},\"sameAs\":[\"https:\/\/www.facebook.com\/CaesarstoneCA\",\"https:\/\/www.instagram.com\/caesarstoneca\/\",\"https:\/\/www.linkedin.com\/company\/caesarstone-canada\/\",\"https:\/\/www.youtube.com\/@CaesarstoneNA\"]}]}<\/script>\n<!-- \/ Yoast SEO Premium plugin. -->","yoast_head_json":{"title":"Caesarstone US annonce l'acquisition de toutes les installations d'Omicron","description":"Caesarstone USA acquiert toutes les installations d'Omicron pour \u00e9largir notre offre de plans de travail et id\u00e9es de design.","robots":{"index":"index","follow":"follow","max-snippet":"max-snippet:-1","max-image-preview":"max-image-preview:large","max-video-preview":"max-video-preview:-1"},"canonical":"https:\/\/www.caesarstone.ca\/fr\/la-filiale-americaine-de-caesarstone-annonce-lacquisition-strategique-de-toutes-les-installations-domicron\/","og_locale":"fr_CA","og_type":"article","og_title":"La filiale am\u00e9ricaine de Caesarstone annonce l\u2019acquisition strat\u00e9gique de toutes les installations d\u2019Omicron","og_description":"Caesarstone USA acquiert toutes les installations d'Omicron pour \u00e9largir notre offre de plans de travail et id\u00e9es de design.","og_url":"https:\/\/www.caesarstone.ca\/fr\/la-filiale-americaine-de-caesarstone-annonce-lacquisition-strategique-de-toutes-les-installations-domicron\/","og_site_name":"Caesarstone Canada","article_publisher":"https:\/\/www.facebook.com\/CaesarstoneCA","article_modified_time":"2023-09-26T20:17:34+00:00","twitter_card":"summary_large_image","twitter_misc":{"Est. reading time":"3 minutes"},"schema":{"@context":"https:\/\/schema.org","@graph":[{"@type":"WebPage","@id":"https:\/\/www.caesarstone.ca\/fr\/la-filiale-americaine-de-caesarstone-annonce-lacquisition-strategique-de-toutes-les-installations-domicron\/","url":"https:\/\/www.caesarstone.ca\/fr\/la-filiale-americaine-de-caesarstone-annonce-lacquisition-strategique-de-toutes-les-installations-domicron\/","name":"Caesarstone US annonce l'acquisition de toutes les installations d'Omicron","isPartOf":{"@id":"https:\/\/www.caesarstone.ca\/fr\/#website"},"datePublished":"2021-01-27T13:41:03+00:00","dateModified":"2023-09-26T20:17:34+00:00","description":"Caesarstone USA acquiert toutes les installations d'Omicron pour \u00e9largir notre offre de plans de travail et id\u00e9es de design.","breadcrumb":{"@id":"https:\/\/www.caesarstone.ca\/fr\/la-filiale-americaine-de-caesarstone-annonce-lacquisition-strategique-de-toutes-les-installations-domicron\/#breadcrumb"},"inLanguage":"fr-CA","potentialAction":[{"@type":"ReadAction","target":["https:\/\/www.caesarstone.ca\/fr\/la-filiale-americaine-de-caesarstone-annonce-lacquisition-strategique-de-toutes-les-installations-domicron\/"]}]},{"@type":"BreadcrumbList","@id":"https:\/\/www.caesarstone.ca\/fr\/la-filiale-americaine-de-caesarstone-annonce-lacquisition-strategique-de-toutes-les-installations-domicron\/#breadcrumb","itemListElement":[{"@type":"ListItem","position":1,"name":"Home","item":"https:\/\/www.caesarstone.ca\/fr\/"},{"@type":"ListItem","position":2,"name":"La filiale am\u00e9ricaine de Caesarstone annonce l\u2019acquisition strat\u00e9gique de toutes les installations d\u2019Omicron"}]},{"@type":"WebSite","@id":"https:\/\/www.caesarstone.ca\/fr\/#website","url":"https:\/\/www.caesarstone.ca\/fr\/","name":"Caesarstone Canada","description":"Life in Stone","publisher":{"@id":"https:\/\/www.caesarstone.ca\/fr\/#organization"},"potentialAction":[{"@type":"SearchAction","target":{"@type":"EntryPoint","urlTemplate":"https:\/\/www.caesarstone.ca\/fr\/?s={search_term_string}"},"query-input":{"@type":"PropertyValueSpecification","valueRequired":true,"valueName":"search_term_string"}}],"inLanguage":"fr-CA"},{"@type":"Organization","@id":"https:\/\/www.caesarstone.ca\/fr\/#organization","name":"Caesarstone Canada","url":"https:\/\/www.caesarstone.ca\/fr\/","logo":{"@type":"ImageObject","inLanguage":"fr-CA","@id":"https:\/\/www.caesarstone.ca\/fr\/#\/schema\/logo\/image\/","url":"https:\/\/www.caesarstone.ca\/wp-content\/uploads\/sites\/5\/2026\/03\/Caesarstone_logo.jpg","contentUrl":"https:\/\/www.caesarstone.ca\/wp-content\/uploads\/sites\/5\/2026\/03\/Caesarstone_logo.jpg","width":1000,"height":158,"caption":"Caesarstone Canada"},"image":{"@id":"https:\/\/www.caesarstone.ca\/fr\/#\/schema\/logo\/image\/"},"sameAs":["https:\/\/www.facebook.com\/CaesarstoneCA","https:\/\/www.instagram.com\/caesarstoneca\/","https:\/\/www.linkedin.com\/company\/caesarstone-canada\/","https:\/\/www.youtube.com\/@CaesarstoneNA"]}]}},"_links":{"self":[{"href":"https:\/\/www.caesarstone.ca\/fr\/wp-json\/wp\/v2\/pages\/29590","targetHints":{"allow":["GET"]}}],"collection":[{"href":"https:\/\/www.caesarstone.ca\/fr\/wp-json\/wp\/v2\/pages"}],"about":[{"href":"https:\/\/www.caesarstone.ca\/fr\/wp-json\/wp\/v2\/types\/page"}],"author":[{"embeddable":true,"href":"https:\/\/www.caesarstone.ca\/fr\/wp-json\/wp\/v2\/users\/13"}],"replies":[{"embeddable":true,"href":"https:\/\/www.caesarstone.ca\/fr\/wp-json\/wp\/v2\/comments?post=29590"}],"version-history":[{"count":1,"href":"https:\/\/www.caesarstone.ca\/fr\/wp-json\/wp\/v2\/pages\/29590\/revisions"}],"predecessor-version":[{"id":67422,"href":"https:\/\/www.caesarstone.ca\/fr\/wp-json\/wp\/v2\/pages\/29590\/revisions\/67422"}],"wp:attachment":[{"href":"https:\/\/www.caesarstone.ca\/fr\/wp-json\/wp\/v2\/media?parent=29590"}],"curies":[{"name":"wp","href":"https:\/\/api.w.org\/{rel}","templated":true}]}}