{"id":33904,"date":"2021-02-09T09:50:15","date_gmt":"2021-02-09T16:50:15","guid":{"rendered":"https:\/\/www.caesarstone.ca\/whitelight-collection\/"},"modified":"2024-09-05T09:44:08","modified_gmt":"2024-09-05T15:44:08","slug":"whitelight-collection","status":"publish","type":"page","link":"https:\/\/www.caesarstone.ca\/fr\/whitelight-collection\/","title":{"rendered":"Collection Whitelight"},"content":{"rendered":"","protected":false},"excerpt":{"rendered":"","protected":false},"author":4,"featured_media":0,"parent":0,"menu_order":0,"comment_status":"closed","ping_status":"closed","template":"templates\/collection-intro.php","meta":{"_acf_changed":false,"footnotes":""},"class_list":["post-33904","page","type-page","status-publish","hentry"],"acf":{"hero":{"items":[{"image":33436,"mobile_image":33437,"video_url":"https:\/\/vimeo.com\/680001113","mobile_video_url":"","duration":5,"mobile_hide_rectangle":true,"desktop_hide_rectangle":true,"contents_non_video":{"title":"","subtext":"","link":null},"contents_video":[{"minified":false,"title":"D\u00e9couvrez la collection Whitelight","subtext":"","link":"","logo":false,"mobile_null_mt":true,"start":0,"end":5.9,"ltr":false},{"minified":true,"title":"5112 Aterra Blanca","subtext":"","link":null,"logo":false,"mobile_null_mt":true,"start":5.6,"end":7,"ltr":false},{"minified":true,"title":"5171 Arabetto","subtext":"","link":null,"logo":false,"mobile_null_mt":true,"start":7,"end":9,"ltr":false},{"minified":false,"title":"D\u00e9couvrez la collection Whitelight","subtext":"","link":"","logo":false,"mobile_null_mt":true,"start":13,"end":15,"ltr":false}],"down_arrow":false,"show_pebbles_logo":false,"show_porcelain_logo":false,"custom_class":""}],"buttons_framed_layout":"link"},"cs_related_posts":{"title":"","link":"","articles":"","show_pagination":false,"show_arrows":true,"space_desktop":{"top":0,"bottom":0},"space_mobile":{"top":0,"bottom":0},"background":"#f7f7f7","text_color":"#252525"},"related_post_card":{"title":"","desc":"","image":null,"video_url":""}},"yoast_head":"<!-- This site is optimized with the Yoast SEO Premium plugin v27.2 (Yoast SEO v27.2) - https:\/\/yoast.com\/product\/yoast-seo-premium-wordpress\/ -->\n<title>Collection Whitelight - Caesarstone Canada<\/title>\n<meta name=\"description\" content=\"La Collection Whitelight est la premi\u00e8re sortie de Caesarstone en 2021 de couleurs claires qui inspirent la s\u00e9r\u00e9nit\u00e9 et le bien-\u00eatre.\" \/>\n<meta name=\"robots\" content=\"index, follow, max-snippet:-1, max-image-preview:large, max-video-preview:-1\" \/>\n<link rel=\"canonical\" href=\"https:\/\/www.caesarstone.ca\/fr\/whitelight-collection\/\" \/>\n<meta property=\"og:locale\" content=\"fr_CA\" \/>\n<meta property=\"og:type\" content=\"article\" \/>\n<meta property=\"og:title\" content=\"Collection Whitelight\" \/>\n<meta property=\"og:description\" content=\"La Collection Whitelight est la premi\u00e8re sortie de Caesarstone en 2021 de couleurs claires qui inspirent la s\u00e9r\u00e9nit\u00e9 et le bien-\u00eatre.\" \/>\n<meta property=\"og:url\" content=\"https:\/\/www.caesarstone.ca\/fr\/whitelight-collection\/\" \/>\n<meta property=\"og:site_name\" content=\"Caesarstone Canada\" \/>\n<meta property=\"article:publisher\" content=\"https:\/\/www.facebook.com\/CaesarstoneCA\" \/>\n<meta property=\"article:modified_time\" content=\"2024-09-05T15:44:08+00:00\" \/>\n<meta name=\"twitter:card\" content=\"summary_large_image\" \/>\n<script type=\"application\/ld+json\" class=\"yoast-schema-graph\">{\"@context\":\"https:\/\/schema.org\",\"@graph\":[{\"@type\":\"WebPage\",\"@id\":\"https:\/\/www.caesarstone.ca\/fr\/whitelight-collection\/\",\"url\":\"https:\/\/www.caesarstone.ca\/fr\/whitelight-collection\/\",\"name\":\"Collection Whitelight - Caesarstone Canada\",\"isPartOf\":{\"@id\":\"https:\/\/www.caesarstone.ca\/fr\/#website\"},\"datePublished\":\"2021-02-09T16:50:15+00:00\",\"dateModified\":\"2024-09-05T15:44:08+00:00\",\"description\":\"La Collection Whitelight est la premi\u00e8re sortie de Caesarstone en 2021 de couleurs claires qui inspirent la s\u00e9r\u00e9nit\u00e9 et le bien-\u00eatre.\",\"breadcrumb\":{\"@id\":\"https:\/\/www.caesarstone.ca\/fr\/whitelight-collection\/#breadcrumb\"},\"inLanguage\":\"fr-CA\",\"potentialAction\":[{\"@type\":\"ReadAction\",\"target\":[\"https:\/\/www.caesarstone.ca\/fr\/whitelight-collection\/\"]}]},{\"@type\":\"BreadcrumbList\",\"@id\":\"https:\/\/www.caesarstone.ca\/fr\/whitelight-collection\/#breadcrumb\",\"itemListElement\":[{\"@type\":\"ListItem\",\"position\":1,\"name\":\"Home\",\"item\":\"https:\/\/www.caesarstone.ca\/fr\/\"},{\"@type\":\"ListItem\",\"position\":2,\"name\":\"Collection Whitelight\"}]},{\"@type\":\"WebSite\",\"@id\":\"https:\/\/www.caesarstone.ca\/fr\/#website\",\"url\":\"https:\/\/www.caesarstone.ca\/fr\/\",\"name\":\"Caesarstone Canada\",\"description\":\"Life in Stone\",\"publisher\":{\"@id\":\"https:\/\/www.caesarstone.ca\/fr\/#organization\"},\"potentialAction\":[{\"@type\":\"SearchAction\",\"target\":{\"@type\":\"EntryPoint\",\"urlTemplate\":\"https:\/\/www.caesarstone.ca\/fr\/?s={search_term_string}\"},\"query-input\":{\"@type\":\"PropertyValueSpecification\",\"valueRequired\":true,\"valueName\":\"search_term_string\"}}],\"inLanguage\":\"fr-CA\"},{\"@type\":\"Organization\",\"@id\":\"https:\/\/www.caesarstone.ca\/fr\/#organization\",\"name\":\"Caesarstone Canada\",\"url\":\"https:\/\/www.caesarstone.ca\/fr\/\",\"logo\":{\"@type\":\"ImageObject\",\"inLanguage\":\"fr-CA\",\"@id\":\"https:\/\/www.caesarstone.ca\/fr\/#\/schema\/logo\/image\/\",\"url\":\"https:\/\/www.caesarstone.ca\/wp-content\/uploads\/sites\/5\/2026\/03\/Caesarstone_logo.jpg\",\"contentUrl\":\"https:\/\/www.caesarstone.ca\/wp-content\/uploads\/sites\/5\/2026\/03\/Caesarstone_logo.jpg\",\"width\":1000,\"height\":158,\"caption\":\"Caesarstone Canada\"},\"image\":{\"@id\":\"https:\/\/www.caesarstone.ca\/fr\/#\/schema\/logo\/image\/\"},\"sameAs\":[\"https:\/\/www.facebook.com\/CaesarstoneCA\",\"https:\/\/www.instagram.com\/caesarstoneca\/\",\"https:\/\/www.linkedin.com\/company\/caesarstone-canada\/\",\"https:\/\/www.youtube.com\/@CaesarstoneNA\"]}]}<\/script>\n<!-- \/ Yoast SEO Premium plugin. -->","yoast_head_json":{"title":"Collection Whitelight - Caesarstone Canada","description":"La Collection Whitelight est la premi\u00e8re sortie de Caesarstone en 2021 de couleurs claires qui inspirent la s\u00e9r\u00e9nit\u00e9 et le bien-\u00eatre.","robots":{"index":"index","follow":"follow","max-snippet":"max-snippet:-1","max-image-preview":"max-image-preview:large","max-video-preview":"max-video-preview:-1"},"canonical":"https:\/\/www.caesarstone.ca\/fr\/whitelight-collection\/","og_locale":"fr_CA","og_type":"article","og_title":"Collection Whitelight","og_description":"La Collection Whitelight est la premi\u00e8re sortie de Caesarstone en 2021 de couleurs claires qui inspirent la s\u00e9r\u00e9nit\u00e9 et le bien-\u00eatre.","og_url":"https:\/\/www.caesarstone.ca\/fr\/whitelight-collection\/","og_site_name":"Caesarstone Canada","article_publisher":"https:\/\/www.facebook.com\/CaesarstoneCA","article_modified_time":"2024-09-05T15:44:08+00:00","twitter_card":"summary_large_image","schema":{"@context":"https:\/\/schema.org","@graph":[{"@type":"WebPage","@id":"https:\/\/www.caesarstone.ca\/fr\/whitelight-collection\/","url":"https:\/\/www.caesarstone.ca\/fr\/whitelight-collection\/","name":"Collection Whitelight - Caesarstone Canada","isPartOf":{"@id":"https:\/\/www.caesarstone.ca\/fr\/#website"},"datePublished":"2021-02-09T16:50:15+00:00","dateModified":"2024-09-05T15:44:08+00:00","description":"La Collection Whitelight est la premi\u00e8re sortie de Caesarstone en 2021 de couleurs claires qui inspirent la s\u00e9r\u00e9nit\u00e9 et le bien-\u00eatre.","breadcrumb":{"@id":"https:\/\/www.caesarstone.ca\/fr\/whitelight-collection\/#breadcrumb"},"inLanguage":"fr-CA","potentialAction":[{"@type":"ReadAction","target":["https:\/\/www.caesarstone.ca\/fr\/whitelight-collection\/"]}]},{"@type":"BreadcrumbList","@id":"https:\/\/www.caesarstone.ca\/fr\/whitelight-collection\/#breadcrumb","itemListElement":[{"@type":"ListItem","position":1,"name":"Home","item":"https:\/\/www.caesarstone.ca\/fr\/"},{"@type":"ListItem","position":2,"name":"Collection Whitelight"}]},{"@type":"WebSite","@id":"https:\/\/www.caesarstone.ca\/fr\/#website","url":"https:\/\/www.caesarstone.ca\/fr\/","name":"Caesarstone Canada","description":"Life in Stone","publisher":{"@id":"https:\/\/www.caesarstone.ca\/fr\/#organization"},"potentialAction":[{"@type":"SearchAction","target":{"@type":"EntryPoint","urlTemplate":"https:\/\/www.caesarstone.ca\/fr\/?s={search_term_string}"},"query-input":{"@type":"PropertyValueSpecification","valueRequired":true,"valueName":"search_term_string"}}],"inLanguage":"fr-CA"},{"@type":"Organization","@id":"https:\/\/www.caesarstone.ca\/fr\/#organization","name":"Caesarstone Canada","url":"https:\/\/www.caesarstone.ca\/fr\/","logo":{"@type":"ImageObject","inLanguage":"fr-CA","@id":"https:\/\/www.caesarstone.ca\/fr\/#\/schema\/logo\/image\/","url":"https:\/\/www.caesarstone.ca\/wp-content\/uploads\/sites\/5\/2026\/03\/Caesarstone_logo.jpg","contentUrl":"https:\/\/www.caesarstone.ca\/wp-content\/uploads\/sites\/5\/2026\/03\/Caesarstone_logo.jpg","width":1000,"height":158,"caption":"Caesarstone Canada"},"image":{"@id":"https:\/\/www.caesarstone.ca\/fr\/#\/schema\/logo\/image\/"},"sameAs":["https:\/\/www.facebook.com\/CaesarstoneCA","https:\/\/www.instagram.com\/caesarstoneca\/","https:\/\/www.linkedin.com\/company\/caesarstone-canada\/","https:\/\/www.youtube.com\/@CaesarstoneNA"]}]}},"_links":{"self":[{"href":"https:\/\/www.caesarstone.ca\/fr\/wp-json\/wp\/v2\/pages\/33904","targetHints":{"allow":["GET"]}}],"collection":[{"href":"https:\/\/www.caesarstone.ca\/fr\/wp-json\/wp\/v2\/pages"}],"about":[{"href":"https:\/\/www.caesarstone.ca\/fr\/wp-json\/wp\/v2\/types\/page"}],"author":[{"embeddable":true,"href":"https:\/\/www.caesarstone.ca\/fr\/wp-json\/wp\/v2\/users\/4"}],"replies":[{"embeddable":true,"href":"https:\/\/www.caesarstone.ca\/fr\/wp-json\/wp\/v2\/comments?post=33904"}],"version-history":[{"count":7,"href":"https:\/\/www.caesarstone.ca\/fr\/wp-json\/wp\/v2\/pages\/33904\/revisions"}],"predecessor-version":[{"id":75686,"href":"https:\/\/www.caesarstone.ca\/fr\/wp-json\/wp\/v2\/pages\/33904\/revisions\/75686"}],"wp:attachment":[{"href":"https:\/\/www.caesarstone.ca\/fr\/wp-json\/wp\/v2\/media?parent=33904"}],"curies":[{"name":"wp","href":"https:\/\/api.w.org\/{rel}","templated":true}]}}