{"id":3517,"date":"2020-11-12T12:35:33","date_gmt":"2020-11-12T10:35:33","guid":{"rendered":"https:\/\/www.caesarstone.ca\/order-sample-intro\/"},"modified":"2025-07-18T10:43:00","modified_gmt":"2025-07-18T16:43:00","slug":"commande-dechantillons","status":"publish","type":"page","link":"https:\/\/www.caesarstone.ca\/fr\/commande-dechantillons\/","title":{"rendered":"Commande d\u2019\u00e9chantillons de Caesarstone"},"content":{"rendered":"\n<p>Commandez des \u00e9chantillons de vos couleurs pr\u00e9f\u00e9r\u00e9es et obtenez un avant-go\u00fbt de votre nouveau comptoir<\/p>\n","protected":false},"excerpt":{"rendered":"<p>Commandez des \u00e9chantillons de vos couleurs pr\u00e9f\u00e9r\u00e9es et obtenez un avant-go\u00fbt de votre nouveau comptoir<\/p>\n","protected":false},"author":1,"featured_media":0,"parent":0,"menu_order":0,"comment_status":"closed","ping_status":"closed","template":"templates\/order-sample-page.php","meta":{"_acf_changed":false,"footnotes":""},"class_list":["post-3517","page","type-page","status-publish","hentry"],"acf":{"intro":{"desktop_image":null},"cta_title":"S\u00e9lectionnez de une \u00e0 quatre couleurs","cta_text":"<b>**Nous avons re\u00e7u un volume important de commandes d\u2019\u00e9chantillons, et donc, votre livraison pourrait \u00eatre retard\u00e9e.**<\/b><\/br><\/br>Obtenez votre choix d'\u00e9chantillons de quartz de 5 x 17,8 cm (2 x 7 po) ou de porcelaine de 12 x 9 cm (4,72 x 3,54 po) chacun pour vous aider \u00e0 visualiser \u00e0 quoi ressemblera votre comptoir dans votre maison. <br><sub>*Le contenu des trousses d\u2019\u00e9chantillons peut varier selon les inventaires<sub>","cta":{"title":"Choisir Dans Le Catalogue","url":"https:\/\/www.caesarstone.ca\/fr\/countertops\/","target":""},"use_collapse":true,"collapse_title":"Vous \u00eates un partenaire commercial de Caesarstone?","collapse_content":"Si vous \u00eates un partenaire professionnel de Caesarstone, veuillez visiter CS Studio \u00e0 l\u2019adresse <a href=\"https:\/\/csstudio.caesarstone.ca\/fr\/\">csstudio.caesarstone.ca\/fr\/ <\/a> pour commander des \u00e9chantillons ou communiquer avec votre repr\u00e9sentant Caesarstone local.","description_title":"Aimez chaque pi\u00e8ce de votre maison.","description_content":"Trouver le bon comptoir est un projet de longue haleine, qui exige collaboration et cr\u00e9ativit\u00e9, et nous sommes l\u00e0 pour vous \u00e0 chaque \u00e9tape.\r\n\r\nLa trousse d\u2019\u00e9chantillons est id\u00e9ale pour tester vos couleurs pr\u00e9f\u00e9r\u00e9es \u00e0 la maison et trouver la surface parfaite pour vous.","hiw_title":"Comment \u00e7a fonctionne?","hiw_list":[{"global_icon":"json\/color-catalog.json","title":"S\u00e9lectionnez des couleurs","content":"S\u00e9lectionnez de une \u00e0 quatre couleurs; nous vous enverrons un \u00e9chantillon de quartz de 5 x 17,8 cm (2 x 7 po) ou de porcelaine de 12 x 9 cm (4,72 x 3,54 po) pour chacune d\u2019entre elles."},{"global_icon":"json\/box.json","title":"Essayez les \u00e9chantillons","content":"Essayez les \u00e9chantillons que nous vous avons envoy\u00e9s \u00e0 la maison en les pla\u00e7ant dans l\u2019espace pr\u00e9vu pour votre comptoir, et voyez l\u2019effet produit avec d\u2019autres mat\u00e9riaux et sous un \u00e9clairage diff\u00e9rent."},{"global_icon":"json\/explore-inspiration.json","title":"Procurez-vous votre comptoir","content":"Obtenez votre trousse d\u2019\u00e9chantillons\r\n"}],"kit_title":"Obtenez votre trousse d\u2019\u00e9chantillons","kit_labels":[{"label":"Conseils pour tirer le maximum de votre trousse d\u2019\u00e9chantillons","tag":""},{"label":"\u00c9chantillon de quartz de 5 x 17,8 cm (2 x 7 po) ou de porcelaine de 12 x 9 cm (4,72 x 3,54 po) dans les couleurs de votre choix (maximum de quatre)","tag":""}],"faq_items":[{"post_title":"Quelle est la taille de l'\u00e9chantillon ?","post_content":"La taille de notre \u00e9chantillon de quartz est de 2 x 7\" et la taille de notre \u00e9chantillon de porcelaine est de 12 x 9\" chacun."},{"post_title":"Y a-t-il un co\u00fbt pour commander des \u00e9chantillons?","post_content":"Non, notre \u00e9chantillon est gratuit."},{"post_title":"Les \u00e9chantillons racontent-ils toute l'histoire ?","post_content":"Bien que nos \u00e9chantillons soient une partie essentielle du voyage, nous vous recommandons toujours de faire une s\u00e9lection finale de couleurs en visualisant des \u00e9crans de panneaux plus grands chez votre <a href=\"https:\/\/www.caesarstone.ca\/fr\/ou-acheter-nos-produits\/\">d\u00e9taillant<\/a> le plus proche pour appr\u00e9cier le mouvement du design sur une grande surface."},{"post_title":"Comment puis-je recevoir des \u00e9chantillons en tant qu'entreprise ?","post_content":"Si vous \u00eates un partenaire professionnel de Caesarstone, veuillez appeler votre repr\u00e9sentant Caesarstone local ou appeler le 877.978.2789 pour commander des \u00e9chantillons."}],"head_strip":{"":null,"background":60470,"background_mobile":60472,"title":"Trousse d'\u00e9chantillons de surfaces Caesarstone","subtitle":"Commandez des \u00e9chantillons de vos couleurs pr\u00e9f\u00e9r\u00e9es et d\u00e9couvrez votre nouveau comptoir","use_cta":false,"video_url":"","cta":null},"related_post_card":{"title":"","desc":"","image":null,"video_url":""}},"yoast_head":"<!-- This site is optimized with the Yoast SEO Premium plugin v27.2 (Yoast SEO v27.2) - https:\/\/yoast.com\/product\/yoast-seo-premium-wordpress\/ -->\n<title>Commande d\u2019\u00e9chantillons de Caesarstone - Caesarstone Canada<\/title>\n<meta name=\"description\" content=\"Explorez les Couleurs Caesarstone avec un Kit d&#039;\u00c9chantillons pour Tester chez Vous et Trouver Votre Surface Parfaite\" \/>\n<meta name=\"robots\" content=\"index, follow, max-snippet:-1, max-image-preview:large, max-video-preview:-1\" \/>\n<link rel=\"canonical\" href=\"https:\/\/www.caesarstone.ca\/fr\/commande-dechantillons\/\" \/>\n<meta property=\"og:locale\" content=\"fr_CA\" \/>\n<meta property=\"og:type\" content=\"article\" \/>\n<meta property=\"og:title\" content=\"Commande d\u2019\u00e9chantillons de Caesarstone\" \/>\n<meta property=\"og:description\" content=\"Explorez les Couleurs Caesarstone avec un Kit d&#039;\u00c9chantillons pour Tester chez Vous et Trouver Votre Surface Parfaite\" \/>\n<meta property=\"og:url\" content=\"https:\/\/www.caesarstone.ca\/fr\/commande-dechantillons\/\" \/>\n<meta property=\"og:site_name\" content=\"Caesarstone Canada\" \/>\n<meta property=\"article:publisher\" content=\"https:\/\/www.facebook.com\/CaesarstoneCA\" \/>\n<meta property=\"article:modified_time\" content=\"2025-07-18T16:43:00+00:00\" \/>\n<meta name=\"twitter:card\" content=\"summary_large_image\" \/>\n<meta name=\"twitter:label1\" content=\"Est. reading time\" \/>\n\t<meta name=\"twitter:data1\" content=\"1 minute\" \/>\n<script type=\"application\/ld+json\" class=\"yoast-schema-graph\">{\"@context\":\"https:\/\/schema.org\",\"@graph\":[{\"@type\":\"WebPage\",\"@id\":\"https:\/\/www.caesarstone.ca\/fr\/commande-dechantillons\/\",\"url\":\"https:\/\/www.caesarstone.ca\/fr\/commande-dechantillons\/\",\"name\":\"Commande d\u2019\u00e9chantillons de Caesarstone - Caesarstone Canada\",\"isPartOf\":{\"@id\":\"https:\/\/www.caesarstone.ca\/fr\/#website\"},\"datePublished\":\"2020-11-12T10:35:33+00:00\",\"dateModified\":\"2025-07-18T16:43:00+00:00\",\"description\":\"Explorez les Couleurs Caesarstone avec un Kit d'\u00c9chantillons pour Tester chez Vous et Trouver Votre Surface Parfaite\",\"breadcrumb\":{\"@id\":\"https:\/\/www.caesarstone.ca\/fr\/commande-dechantillons\/#breadcrumb\"},\"inLanguage\":\"fr-CA\",\"potentialAction\":[{\"@type\":\"ReadAction\",\"target\":[\"https:\/\/www.caesarstone.ca\/fr\/commande-dechantillons\/\"]}]},{\"@type\":\"BreadcrumbList\",\"@id\":\"https:\/\/www.caesarstone.ca\/fr\/commande-dechantillons\/#breadcrumb\",\"itemListElement\":[{\"@type\":\"ListItem\",\"position\":1,\"name\":\"Home\",\"item\":\"https:\/\/www.caesarstone.ca\/fr\/\"},{\"@type\":\"ListItem\",\"position\":2,\"name\":\"Commande d\u2019\u00e9chantillons de Caesarstone\"}]},{\"@type\":\"WebSite\",\"@id\":\"https:\/\/www.caesarstone.ca\/fr\/#website\",\"url\":\"https:\/\/www.caesarstone.ca\/fr\/\",\"name\":\"Caesarstone Canada\",\"description\":\"Life in Stone\",\"publisher\":{\"@id\":\"https:\/\/www.caesarstone.ca\/fr\/#organization\"},\"potentialAction\":[{\"@type\":\"SearchAction\",\"target\":{\"@type\":\"EntryPoint\",\"urlTemplate\":\"https:\/\/www.caesarstone.ca\/fr\/?s={search_term_string}\"},\"query-input\":{\"@type\":\"PropertyValueSpecification\",\"valueRequired\":true,\"valueName\":\"search_term_string\"}}],\"inLanguage\":\"fr-CA\"},{\"@type\":\"Organization\",\"@id\":\"https:\/\/www.caesarstone.ca\/fr\/#organization\",\"name\":\"Caesarstone Canada\",\"url\":\"https:\/\/www.caesarstone.ca\/fr\/\",\"logo\":{\"@type\":\"ImageObject\",\"inLanguage\":\"fr-CA\",\"@id\":\"https:\/\/www.caesarstone.ca\/fr\/#\/schema\/logo\/image\/\",\"url\":\"https:\/\/www.caesarstone.ca\/wp-content\/uploads\/sites\/5\/2026\/03\/Caesarstone_logo.jpg\",\"contentUrl\":\"https:\/\/www.caesarstone.ca\/wp-content\/uploads\/sites\/5\/2026\/03\/Caesarstone_logo.jpg\",\"width\":1000,\"height\":158,\"caption\":\"Caesarstone Canada\"},\"image\":{\"@id\":\"https:\/\/www.caesarstone.ca\/fr\/#\/schema\/logo\/image\/\"},\"sameAs\":[\"https:\/\/www.facebook.com\/CaesarstoneCA\",\"https:\/\/www.instagram.com\/caesarstoneca\/\",\"https:\/\/www.linkedin.com\/company\/caesarstone-canada\/\",\"https:\/\/www.youtube.com\/@CaesarstoneNA\"]}]}<\/script>\n<!-- \/ Yoast SEO Premium plugin. -->","yoast_head_json":{"title":"Commande d\u2019\u00e9chantillons de Caesarstone - Caesarstone Canada","description":"Explorez les Couleurs Caesarstone avec un Kit d'\u00c9chantillons pour Tester chez Vous et Trouver Votre Surface Parfaite","robots":{"index":"index","follow":"follow","max-snippet":"max-snippet:-1","max-image-preview":"max-image-preview:large","max-video-preview":"max-video-preview:-1"},"canonical":"https:\/\/www.caesarstone.ca\/fr\/commande-dechantillons\/","og_locale":"fr_CA","og_type":"article","og_title":"Commande d\u2019\u00e9chantillons de Caesarstone","og_description":"Explorez les Couleurs Caesarstone avec un Kit d'\u00c9chantillons pour Tester chez Vous et Trouver Votre Surface Parfaite","og_url":"https:\/\/www.caesarstone.ca\/fr\/commande-dechantillons\/","og_site_name":"Caesarstone Canada","article_publisher":"https:\/\/www.facebook.com\/CaesarstoneCA","article_modified_time":"2025-07-18T16:43:00+00:00","twitter_card":"summary_large_image","twitter_misc":{"Est. reading time":"1 minute"},"schema":{"@context":"https:\/\/schema.org","@graph":[{"@type":"WebPage","@id":"https:\/\/www.caesarstone.ca\/fr\/commande-dechantillons\/","url":"https:\/\/www.caesarstone.ca\/fr\/commande-dechantillons\/","name":"Commande d\u2019\u00e9chantillons de Caesarstone - Caesarstone Canada","isPartOf":{"@id":"https:\/\/www.caesarstone.ca\/fr\/#website"},"datePublished":"2020-11-12T10:35:33+00:00","dateModified":"2025-07-18T16:43:00+00:00","description":"Explorez les Couleurs Caesarstone avec un Kit d'\u00c9chantillons pour Tester chez Vous et Trouver Votre Surface Parfaite","breadcrumb":{"@id":"https:\/\/www.caesarstone.ca\/fr\/commande-dechantillons\/#breadcrumb"},"inLanguage":"fr-CA","potentialAction":[{"@type":"ReadAction","target":["https:\/\/www.caesarstone.ca\/fr\/commande-dechantillons\/"]}]},{"@type":"BreadcrumbList","@id":"https:\/\/www.caesarstone.ca\/fr\/commande-dechantillons\/#breadcrumb","itemListElement":[{"@type":"ListItem","position":1,"name":"Home","item":"https:\/\/www.caesarstone.ca\/fr\/"},{"@type":"ListItem","position":2,"name":"Commande d\u2019\u00e9chantillons de Caesarstone"}]},{"@type":"WebSite","@id":"https:\/\/www.caesarstone.ca\/fr\/#website","url":"https:\/\/www.caesarstone.ca\/fr\/","name":"Caesarstone Canada","description":"Life in Stone","publisher":{"@id":"https:\/\/www.caesarstone.ca\/fr\/#organization"},"potentialAction":[{"@type":"SearchAction","target":{"@type":"EntryPoint","urlTemplate":"https:\/\/www.caesarstone.ca\/fr\/?s={search_term_string}"},"query-input":{"@type":"PropertyValueSpecification","valueRequired":true,"valueName":"search_term_string"}}],"inLanguage":"fr-CA"},{"@type":"Organization","@id":"https:\/\/www.caesarstone.ca\/fr\/#organization","name":"Caesarstone Canada","url":"https:\/\/www.caesarstone.ca\/fr\/","logo":{"@type":"ImageObject","inLanguage":"fr-CA","@id":"https:\/\/www.caesarstone.ca\/fr\/#\/schema\/logo\/image\/","url":"https:\/\/www.caesarstone.ca\/wp-content\/uploads\/sites\/5\/2026\/03\/Caesarstone_logo.jpg","contentUrl":"https:\/\/www.caesarstone.ca\/wp-content\/uploads\/sites\/5\/2026\/03\/Caesarstone_logo.jpg","width":1000,"height":158,"caption":"Caesarstone Canada"},"image":{"@id":"https:\/\/www.caesarstone.ca\/fr\/#\/schema\/logo\/image\/"},"sameAs":["https:\/\/www.facebook.com\/CaesarstoneCA","https:\/\/www.instagram.com\/caesarstoneca\/","https:\/\/www.linkedin.com\/company\/caesarstone-canada\/","https:\/\/www.youtube.com\/@CaesarstoneNA"]}]}},"_links":{"self":[{"href":"https:\/\/www.caesarstone.ca\/fr\/wp-json\/wp\/v2\/pages\/3517","targetHints":{"allow":["GET"]}}],"collection":[{"href":"https:\/\/www.caesarstone.ca\/fr\/wp-json\/wp\/v2\/pages"}],"about":[{"href":"https:\/\/www.caesarstone.ca\/fr\/wp-json\/wp\/v2\/types\/page"}],"author":[{"embeddable":true,"href":"https:\/\/www.caesarstone.ca\/fr\/wp-json\/wp\/v2\/users\/1"}],"replies":[{"embeddable":true,"href":"https:\/\/www.caesarstone.ca\/fr\/wp-json\/wp\/v2\/comments?post=3517"}],"version-history":[{"count":18,"href":"https:\/\/www.caesarstone.ca\/fr\/wp-json\/wp\/v2\/pages\/3517\/revisions"}],"predecessor-version":[{"id":80560,"href":"https:\/\/www.caesarstone.ca\/fr\/wp-json\/wp\/v2\/pages\/3517\/revisions\/80560"}],"wp:attachment":[{"href":"https:\/\/www.caesarstone.ca\/fr\/wp-json\/wp\/v2\/media?parent=3517"}],"curies":[{"name":"wp","href":"https:\/\/api.w.org\/{rel}","templated":true}]}}