{"id":3519,"date":"2020-10-13T11:55:19","date_gmt":"2020-10-13T08:55:19","guid":{"rendered":"https:\/\/www.caesarstone.ca\/homepage\/"},"modified":"2024-07-18T07:07:31","modified_gmt":"2024-07-18T13:07:31","slug":"homepage","status":"publish","type":"page","link":"https:\/\/www.caesarstone.ca\/fr\/homepage\/","title":{"rendered":"Page d&rsquo;accueil"},"content":{"rendered":"","protected":false},"excerpt":{"rendered":"","protected":false},"author":1,"featured_media":0,"parent":0,"menu_order":0,"comment_status":"closed","ping_status":"closed","template":"front-page-old.php","meta":{"_acf_changed":false,"footnotes":""},"class_list":["post-3519","page","type-page","status-publish","hentry"],"acf":{"hero":{"items":[{"image":74343,"mobile_image":67575,"video_url":"https:\/\/vimeo.com\/953504452?share","mobile_video_url":"https:\/\/vimeo.com\/939504560?share","duration":5,"mobile_hide_rectangle":true,"desktop_hide_rectangle":true,"contents_non_video":{"title":"La Collection Time","subtext":"L'\u00e9l\u00e9gance d\u00e9voil\u00e9e","link":{"title":"Explorez maintenant","url":"https:\/\/www.caesarstone.ca\/fr\/time-collection\/","target":""}},"contents_video":[{"minified":false,"title":"Pr\u00e9sentation de<br>la nouvelle collection OOAK","subtext":"Des designs uniques en leur genre Pour une personne unique en son genre comme vous","link":{"title":"Voir la collection OOAK","url":"https:\/\/www.caesarstone.ca\/fr\/ooak-collection\/","target":""},"logo":false,"mobile_null_mt":true,"start":0,"end":8.6,"ltr":false}],"down_arrow":false,"show_pebbles_logo":false,"show_porcelain_logo":false,"custom_class":""},{"image":67573,"mobile_image":67575,"video_url":"https:\/\/vimeo.com\/843775807?share","mobile_video_url":"https:\/\/vimeo.com\/843775783?share","duration":5,"mobile_hide_rectangle":true,"desktop_hide_rectangle":true,"contents_non_video":{"title":"","subtext":"","link":""},"contents_video":[{"minified":false,"title":"La collection Time","subtext":"L'\u00e9l\u00e9gance d\u00e9voil\u00e9e","link":{"title":"Explorez maintenant","url":"https:\/\/www.caesarstone.ca\/fr\/time-collection\/","target":""},"logo":false,"mobile_null_mt":true,"start":0,"end":7.9,"ltr":false}],"down_arrow":false,"show_pebbles_logo":false,"show_porcelain_logo":false,"custom_class":""},{"image":66373,"mobile_image":67601,"video_url":"https:\/\/vimeo.com\/749547005","mobile_video_url":"https:\/\/vimeo.com\/749546925","duration":5,"mobile_hide_rectangle":true,"desktop_hide_rectangle":true,"contents_non_video":{"title":"Planifiez-le. Sp\u00e9cifiez-le. Cr\u00e9ez-le.","subtext":"Le compagnon num\u00e9rique ultime pour les architectes et les designers.","link":{"title":"Explorez maintenant","url":"https:\/\/csstudio.caesarstone.ca\/?utm_source=brand+site&utm_medium=hero+banner&utm_campaign=studio+site+launch","target":"_blank"}},"contents_video":[{"minified":false,"title":"Notre Porcelaine. <br>Un nouveau point de vue","subtext":"","link":{"title":"Explorez maintenant","url":"https:\/\/www.caesarstone.ca\/fr\/caesarstone-porcelain-collection\/","target":""},"logo":false,"mobile_null_mt":true,"start":0,"end":8.9,"ltr":false}],"down_arrow":true,"show_pebbles_logo":false,"show_porcelain_logo":false,"custom_class":""},{"image":67239,"mobile_image":67241,"video_url":"","mobile_video_url":"","duration":5,"mobile_hide_rectangle":true,"desktop_hide_rectangle":true,"contents_non_video":{"title":"Planifiez-le. Sp\u00e9cifiez-le. Cr\u00e9ez-le.","subtext":"Le compagnon num\u00e9rique ultime pour les architectes et les designers.","link":{"title":"Explorez maintenant","url":"https:\/\/csstudio.caesarstone.ca\/?utm_source=brand+site&utm_medium=hero+banner&utm_campaign=studio+site+launch","target":"_blank"}},"contents_video":null,"down_arrow":false,"show_pebbles_logo":false,"show_porcelain_logo":false,"custom_class":""}],"buttons_framed_layout":"link"},"intro_title":"Votre r\u00eave grav\u00e9 dans la pierre","intro_text":"Depuis plus de 30 ans, nous concevons les comptoirs les plus fiables en alliant un design exquis \u00e0 une durabilit\u00e9 optimale. Joignez-vous \u00e0 nous sur ce chemin de partenariat et de cr\u00e9ativit\u00e9, pour r\u00e9aliser votre r\u00eave avec le comptoir qui lui donne vie.","intro_carousel":[{"color":3989,"image":2681},{"color":4040,"image":2680},{"color":"","image":2679},{"color":4049,"image":2678},{"color":4071,"image":2677},{"color":58155,"image":2676},{"color":56622,"image":2675},{"color":56621,"image":2674},{"color":56619,"image":2673},{"color":56603,"image":2672}],"top_icons":[{"global_icon":"json\/color-catalog.json","alt":"","link":{"title":"Choisir parmi notre catalogue de couleurs","url":"https:\/\/www.caesarstone.ca\/fr\/catalogue\/","target":""}},{"global_icon":"json\/visualize.json","alt":"","link":{"title":"Visualiser votre espace ","url":"https:\/\/www.caesarstone.ca\/fr\/visualiseur\/","target":""}},{"global_icon":"json\/location.json","alt":"","link":{"title":"O\u00f9 acheter","url":"https:\/\/www.caesarstone.ca\/fr\/ou-acheter-nos-produits\/","target":""}},{"global_icon":"json\/samples.json","alt":"","link":{"title":"Commande d\u2019\u00e9chantillons","url":"https:\/\/www.caesarstone.ca\/fr\/commande-dechantillons\/","target":""}}],"personal_style":{"show":true,"lead":"Laissez-nous vous aider \u00e0 r\u00e9aliser votre r\u00eave. <br> Commencez par conna\u00eetre le style que vous aimez le plus","link":{"title":"Guide De Style Personnel","url":"https:\/\/www.caesarstone.ca\/fr\/votre-guide-de-style-personnel\/","target":""},"top_image":2667,"background_layer_color":"#D7D6D1","side_image":2682},"insp_gallery":{"lead":"Cherchez parmi une foule d\u2019id\u00e9es pour vous inspirer","link":{"title":"Galerie D\u2019inspiration","url":"https:\/\/www.caesarstone.ca\/fr\/galerie-dinspiration\/","target":""},"image":2668},"catalog":{"title":"Catalogue de Couleurs","subtext":"","link":{"title":"Voir Le Catalogue","url":"https:\/\/www.caesarstone.ca\/fr\/catalogue\/","target":""},"colors":[{"color":3989},{"color":4040},{"color":3997},{"color":4049},{"color":4071},{"color":58155},{"color":56622},{"color":56621},{"color":56619},{"color":56603}]},"visualizer":{"video_url":"","video_type":false,"lead":"Voyez comment tout s\u2019assemble pour cr\u00e9er votre espace de r\u00eave.","link":{"title":"Visualiseur Interactif","url":"https:\/\/www.caesarstone.ca\/fr\/visualiseur\/","target":""},"image":2669},"warranty":{"lead":"Nous sommes toujours l\u00e0 pour vous, en mati\u00e8re de qualit\u00e9 et d\u2019entretien","show_circle":false,"link":{"title":"Garantie \u00c0 Vie","url":"https:\/\/www.caesarstone.ca\/fr\/garantie\/","target":""},"image":2683},"next_step":{"title":"Passez \u00e0 l\u2019\u00e9tape suivante. \r\nFaites de votre comptoir le c\u0153ur de votre maison","items":[{"global_icon":"json\/color-catalog.json","alt":"","link":{"title":"Voir Le Catalogue De Couleurs","url":"https:\/\/www.caesarstone.ca\/fr\/catalogue\/","target":""}},{"global_icon":"json\/book.json","alt":"","link":{"title":"d\u00e9pliant num\u00e9rique","url":"https:\/\/www.caesarstone.ca\/wp-content\/uploads\/sites\/5\/2023\/04\/multi_material_brochure_-CDN-FR.pdf","target":"_blank"}},{"global_icon":"json\/location.json","alt":"","link":{"title":"O\u00f9 Acheter","url":"https:\/\/www.caesarstone.ca\/fr\/ou-acheter-nos-produits\/","target":""}}]},"related_post_card":{"title":"https:\/\/vimeo.com\/680001113","desc":"","image":null,"video_url":""}},"yoast_head":"<!-- This site is optimized with the Yoast SEO Premium plugin v27.2 (Yoast SEO v27.2) - https:\/\/yoast.com\/product\/yoast-seo-premium-wordpress\/ -->\n<title>Comptoirs de Quartz et de Porcelaine de Caesarstone Canada<\/title>\n<meta name=\"description\" content=\"Des surfaces durables dans des designs intemporels, par Caesarstone Canada, le pionnier des comptoirs en quartz depuis 1987, maintenant disponible en porcelaine.\" \/>\n<meta name=\"robots\" content=\"noindex, follow\" \/>\n<meta property=\"og:locale\" content=\"fr_CA\" \/>\n<meta property=\"og:type\" content=\"article\" \/>\n<meta property=\"og:title\" content=\"Page d&#039;accueil\" \/>\n<meta property=\"og:description\" content=\"Des surfaces durables dans des designs intemporels, par Caesarstone Canada, le pionnier des comptoirs en quartz depuis 1987, maintenant disponible en porcelaine.\" \/>\n<meta property=\"og:url\" content=\"https:\/\/www.caesarstone.ca\/fr\/homepage\/\" \/>\n<meta property=\"og:site_name\" content=\"Caesarstone Canada\" \/>\n<meta property=\"article:publisher\" content=\"https:\/\/www.facebook.com\/CaesarstoneCA\" \/>\n<meta property=\"article:modified_time\" content=\"2024-07-18T13:07:31+00:00\" \/>\n<meta name=\"twitter:card\" content=\"summary_large_image\" \/>\n<script type=\"application\/ld+json\" class=\"yoast-schema-graph\">{\"@context\":\"https:\/\/schema.org\",\"@graph\":[{\"@type\":\"WebPage\",\"@id\":\"https:\/\/www.caesarstone.ca\/fr\/homepage\/\",\"url\":\"https:\/\/www.caesarstone.ca\/fr\/homepage\/\",\"name\":\"Comptoirs de Quartz et de Porcelaine de Caesarstone Canada\",\"isPartOf\":{\"@id\":\"https:\/\/www.caesarstone.ca\/fr\/#website\"},\"datePublished\":\"2020-10-13T08:55:19+00:00\",\"dateModified\":\"2024-07-18T13:07:31+00:00\",\"description\":\"Des surfaces durables dans des designs intemporels, par Caesarstone Canada, le pionnier des comptoirs en quartz depuis 1987, maintenant disponible en porcelaine.\",\"breadcrumb\":{\"@id\":\"https:\/\/www.caesarstone.ca\/fr\/homepage\/#breadcrumb\"},\"inLanguage\":\"fr-CA\",\"potentialAction\":[{\"@type\":\"ReadAction\",\"target\":[\"https:\/\/www.caesarstone.ca\/fr\/homepage\/\"]}]},{\"@type\":\"BreadcrumbList\",\"@id\":\"https:\/\/www.caesarstone.ca\/fr\/homepage\/#breadcrumb\",\"itemListElement\":[{\"@type\":\"ListItem\",\"position\":1,\"name\":\"Home\",\"item\":\"https:\/\/www.caesarstone.ca\/fr\/\"},{\"@type\":\"ListItem\",\"position\":2,\"name\":\"Page d&#8217;accueil\"}]},{\"@type\":\"WebSite\",\"@id\":\"https:\/\/www.caesarstone.ca\/fr\/#website\",\"url\":\"https:\/\/www.caesarstone.ca\/fr\/\",\"name\":\"Caesarstone Canada\",\"description\":\"Life in Stone\",\"publisher\":{\"@id\":\"https:\/\/www.caesarstone.ca\/fr\/#organization\"},\"potentialAction\":[{\"@type\":\"SearchAction\",\"target\":{\"@type\":\"EntryPoint\",\"urlTemplate\":\"https:\/\/www.caesarstone.ca\/fr\/?s={search_term_string}\"},\"query-input\":{\"@type\":\"PropertyValueSpecification\",\"valueRequired\":true,\"valueName\":\"search_term_string\"}}],\"inLanguage\":\"fr-CA\"},{\"@type\":\"Organization\",\"@id\":\"https:\/\/www.caesarstone.ca\/fr\/#organization\",\"name\":\"Caesarstone Canada\",\"url\":\"https:\/\/www.caesarstone.ca\/fr\/\",\"logo\":{\"@type\":\"ImageObject\",\"inLanguage\":\"fr-CA\",\"@id\":\"https:\/\/www.caesarstone.ca\/fr\/#\/schema\/logo\/image\/\",\"url\":\"https:\/\/www.caesarstone.ca\/wp-content\/uploads\/sites\/5\/2026\/03\/Caesarstone_logo.jpg\",\"contentUrl\":\"https:\/\/www.caesarstone.ca\/wp-content\/uploads\/sites\/5\/2026\/03\/Caesarstone_logo.jpg\",\"width\":1000,\"height\":158,\"caption\":\"Caesarstone Canada\"},\"image\":{\"@id\":\"https:\/\/www.caesarstone.ca\/fr\/#\/schema\/logo\/image\/\"},\"sameAs\":[\"https:\/\/www.facebook.com\/CaesarstoneCA\",\"https:\/\/www.instagram.com\/caesarstoneca\/\",\"https:\/\/www.linkedin.com\/company\/caesarstone-canada\/\",\"https:\/\/www.youtube.com\/@CaesarstoneNA\"]}]}<\/script>\n<!-- \/ Yoast SEO Premium plugin. -->","yoast_head_json":{"title":"Comptoirs de Quartz et de Porcelaine de Caesarstone Canada","description":"Des surfaces durables dans des designs intemporels, par Caesarstone Canada, le pionnier des comptoirs en quartz depuis 1987, maintenant disponible en porcelaine.","robots":{"index":"noindex","follow":"follow"},"og_locale":"fr_CA","og_type":"article","og_title":"Page d'accueil","og_description":"Des surfaces durables dans des designs intemporels, par Caesarstone Canada, le pionnier des comptoirs en quartz depuis 1987, maintenant disponible en porcelaine.","og_url":"https:\/\/www.caesarstone.ca\/fr\/homepage\/","og_site_name":"Caesarstone Canada","article_publisher":"https:\/\/www.facebook.com\/CaesarstoneCA","article_modified_time":"2024-07-18T13:07:31+00:00","twitter_card":"summary_large_image","schema":{"@context":"https:\/\/schema.org","@graph":[{"@type":"WebPage","@id":"https:\/\/www.caesarstone.ca\/fr\/homepage\/","url":"https:\/\/www.caesarstone.ca\/fr\/homepage\/","name":"Comptoirs de Quartz et de Porcelaine de Caesarstone Canada","isPartOf":{"@id":"https:\/\/www.caesarstone.ca\/fr\/#website"},"datePublished":"2020-10-13T08:55:19+00:00","dateModified":"2024-07-18T13:07:31+00:00","description":"Des surfaces durables dans des designs intemporels, par Caesarstone Canada, le pionnier des comptoirs en quartz depuis 1987, maintenant disponible en porcelaine.","breadcrumb":{"@id":"https:\/\/www.caesarstone.ca\/fr\/homepage\/#breadcrumb"},"inLanguage":"fr-CA","potentialAction":[{"@type":"ReadAction","target":["https:\/\/www.caesarstone.ca\/fr\/homepage\/"]}]},{"@type":"BreadcrumbList","@id":"https:\/\/www.caesarstone.ca\/fr\/homepage\/#breadcrumb","itemListElement":[{"@type":"ListItem","position":1,"name":"Home","item":"https:\/\/www.caesarstone.ca\/fr\/"},{"@type":"ListItem","position":2,"name":"Page d&#8217;accueil"}]},{"@type":"WebSite","@id":"https:\/\/www.caesarstone.ca\/fr\/#website","url":"https:\/\/www.caesarstone.ca\/fr\/","name":"Caesarstone Canada","description":"Life in Stone","publisher":{"@id":"https:\/\/www.caesarstone.ca\/fr\/#organization"},"potentialAction":[{"@type":"SearchAction","target":{"@type":"EntryPoint","urlTemplate":"https:\/\/www.caesarstone.ca\/fr\/?s={search_term_string}"},"query-input":{"@type":"PropertyValueSpecification","valueRequired":true,"valueName":"search_term_string"}}],"inLanguage":"fr-CA"},{"@type":"Organization","@id":"https:\/\/www.caesarstone.ca\/fr\/#organization","name":"Caesarstone Canada","url":"https:\/\/www.caesarstone.ca\/fr\/","logo":{"@type":"ImageObject","inLanguage":"fr-CA","@id":"https:\/\/www.caesarstone.ca\/fr\/#\/schema\/logo\/image\/","url":"https:\/\/www.caesarstone.ca\/wp-content\/uploads\/sites\/5\/2026\/03\/Caesarstone_logo.jpg","contentUrl":"https:\/\/www.caesarstone.ca\/wp-content\/uploads\/sites\/5\/2026\/03\/Caesarstone_logo.jpg","width":1000,"height":158,"caption":"Caesarstone Canada"},"image":{"@id":"https:\/\/www.caesarstone.ca\/fr\/#\/schema\/logo\/image\/"},"sameAs":["https:\/\/www.facebook.com\/CaesarstoneCA","https:\/\/www.instagram.com\/caesarstoneca\/","https:\/\/www.linkedin.com\/company\/caesarstone-canada\/","https:\/\/www.youtube.com\/@CaesarstoneNA"]}]}},"_links":{"self":[{"href":"https:\/\/www.caesarstone.ca\/fr\/wp-json\/wp\/v2\/pages\/3519","targetHints":{"allow":["GET"]}}],"collection":[{"href":"https:\/\/www.caesarstone.ca\/fr\/wp-json\/wp\/v2\/pages"}],"about":[{"href":"https:\/\/www.caesarstone.ca\/fr\/wp-json\/wp\/v2\/types\/page"}],"author":[{"embeddable":true,"href":"https:\/\/www.caesarstone.ca\/fr\/wp-json\/wp\/v2\/users\/1"}],"replies":[{"embeddable":true,"href":"https:\/\/www.caesarstone.ca\/fr\/wp-json\/wp\/v2\/comments?post=3519"}],"version-history":[{"count":65,"href":"https:\/\/www.caesarstone.ca\/fr\/wp-json\/wp\/v2\/pages\/3519\/revisions"}],"predecessor-version":[{"id":74345,"href":"https:\/\/www.caesarstone.ca\/fr\/wp-json\/wp\/v2\/pages\/3519\/revisions\/74345"}],"wp:attachment":[{"href":"https:\/\/www.caesarstone.ca\/fr\/wp-json\/wp\/v2\/media?parent=3519"}],"curies":[{"name":"wp","href":"https:\/\/api.w.org\/{rel}","templated":true}]}}