{"id":35349,"date":"2021-03-19T07:50:59","date_gmt":"2021-03-19T13:50:59","guid":{"rendered":"https:\/\/www.caesarstone.ca\/?page_id=35349"},"modified":"2023-09-26T14:36:13","modified_gmt":"2023-09-26T20:36:13","slug":"lassociation-international-surface-fabricators-reconnait-la-formation-master-of-stone-de-caesarstone-comme-une-occasion-dapprentissage-de-premier-plan-dans-lindustrie","status":"publish","type":"page","link":"https:\/\/www.caesarstone.ca\/fr\/lassociation-international-surface-fabricators-reconnait-la-formation-master-of-stone-de-caesarstone-comme-une-occasion-dapprentissage-de-premier-plan-dans-lindustrie\/","title":{"rendered":"L&rsquo;association International Surface Fabricators reconna\u00eet la formation Master of Stone de Caesarstone comme une occasion d&rsquo;apprentissage de premier plan dans l&rsquo;industrie"},"content":{"rendered":"\n<p><strong>L\u2019association professionnelle recommande la formation sur la sant\u00e9 et la s\u00e9curit\u00e9 \u00e0 ses membres<\/strong><\/p>\n\n\n\n<p><strong>Charlotte (Caroline du Nord), le 17&nbsp;mars&nbsp;2021. \u2013 <\/strong>Caesarstone, l\u2019inventeuse des surfaces de quartz, renouvelle aujourd\u2019hui son partenariat avec l\u2019International Surface Fabricators Association (ISFA), un organisme professionnel sans but lucratif repr\u00e9sentant des fabricants de 13&nbsp;pays qui suivent les plus rigoureux principes d\u2019\u00e9thique et de fabrication pour leurs projets commerciaux et r\u00e9sidentiels. Cette relation renouvel\u00e9e aidera le fabricant \u00e0 continuer d\u2019\u00eatre la figure de proue de l\u2019industrie en mati\u00e8re de normes de sant\u00e9 et de s\u00e9curit\u00e9. L\u2019IFSA recommande \u00e0 ses membres de profiter pleinement de la <a href=\"https:\/\/mos.caesarstone.ca\/fr\/\" target=\"_blank\" rel=\"noreferrer noopener\">plateforme de formation Master of Stone<\/a> de Caesarstone, une formation unique en son genre sur la sant\u00e9 et la s\u00e9curit\u00e9 au travail, traitant notamment de la poussi\u00e8re de silice.<\/p>\n\n\n\n<p>\u00ab&nbsp;Les fabricants sont indispensables au succ\u00e8s de Caesarstone, alors soutenir le travail de l\u2019ISFA aupr\u00e8s de ses membres a des avantages commerciaux pour notre marque, explique Elizabeth&nbsp;Margles, vice-pr\u00e9sidente du marketing de Caesarstone en Am\u00e9rique du Nord. Mais ce n\u2019est pas que \u00e7a&nbsp;: c\u2019est un travail de collaboration pour que l\u2019industrie enti\u00e8re comprenne mieux comment prot\u00e9ger les fabricants des risques pour la sant\u00e9 et la s\u00e9curit\u00e9 et comment consolider son avenir. Nous esp\u00e9rons que tous les membres de l\u2019ISFA suivront la formation Master of Stone et l\u2019offriront \u00e0 tous leurs employ\u00e9s concern\u00e9s afin que les pratiques exemplaires pr\u00e9sent\u00e9es dans la plateforme deviennent la norme de l\u2019industrie dans le monde entier.&nbsp;\u00bb<\/p>\n\n\n\n<p>La formation Master of Stone, lanc\u00e9e l\u2019ann\u00e9e derni\u00e8re, est une courte s\u00e9rie de modules en ligne gratuits qui donnent droit \u00e0 un certificat. Le site offre \u00e9galement d\u2019autres ressources utiles, dont un guide de bonnes pratiques, des fiches signal\u00e9tiques et plus encore. Plus de 600&nbsp;fabricants au Canada et aux \u00c9tats-Unis ont d\u00e9j\u00e0 obtenu leur certificat Master of Stone.<\/p>\n\n\n\n<p>\u00ab&nbsp;L\u2019ISFA est tr\u00e8s reconnaissante du soutien de Caesarstone et de sa volont\u00e9 de former tous les fabricants, y compris nos membres, par sa plateforme Master of Stone, d\u00e9clare Nancy&nbsp;Busch, directrice g\u00e9n\u00e9rale de l\u2019ISFA. Nos membres cherchent constamment des occasions d\u2019apprentissage pour faire progresser leur entreprise. Ce programme complet, offert gratuitement en ligne, sera une ressource pr\u00e9cieuse de sant\u00e9 et de s\u00e9curit\u00e9.&nbsp;\u00bb<\/p>\n\n\n\n<p>Rendez-vous sur le site Web de Caesarstone pour en savoir plus sur le programme <a href=\"https:\/\/mos.caesarstone.ca\/fr\/page-d-accueil\/\">Master of Stone<\/a> et le <a href=\"https:\/\/www.isfanow.org\/\">site<\/a> de l\u2019International Surface Fabricators Association pour en savoir plus \u00e0 son sujet.<\/p>\n\n\n\n<p><strong>\u00c0 propos de Caesarstone<\/strong><\/p>\n\n\n\n<p>Caesarstone est un important fabricant de surfaces en quartz de premi\u00e8re qualit\u00e9. Fond\u00e9e en 1987, l\u2019entreprise s\u2019est impos\u00e9e comme une pionni\u00e8re gr\u00e2ce \u00e0 son expertise et \u00e0 ses technologies de pointe, et continue aujourd\u2019hui de mener le peloton avec ses nouvelles tendances et couleurs. Ses surfaces de grande qualit\u00e9, dont la teneur en quartz atteint les 90&nbsp;%, offrent la fra\u00eecheur et la solidit\u00e9 de la pierre naturelle et se pr\u00eatent \u00e0 maintes utilisations&nbsp;: comptoirs de cuisine et de salle de bain, rev\u00eatements muraux, meubles et plus encore. Les produits Caesarstone sont avant-gardistes, splendides et hautement fonctionnels. Gr\u00e2ce \u00e0 une gamme riche et unique de couleurs, de motifs et de textures, les clients n\u2019ont aucune difficult\u00e9 \u00e0 trouver leur surface de r\u00eave et \u00e0 se cr\u00e9er un espace bien \u00e0 eux. Et cette vaste gamme s\u2019enrichit constamment en fonction des toutes derni\u00e8res tendances mondiales et des normes internationales de qualit\u00e9 les plus strictes. Pour en savoir plus sur Caesarstone&nbsp;: <a href=\"http:\/\/www.caesarstone.ca\/fr\/\">www.caesarstone.ca\/fr\/<\/a>,<a href=\"https:\/\/www.facebook.com\/CaesarstoneCA\/\">Facebook<\/a>,<a href=\"https:\/\/twitter.com\/Caesarstoneca\">Twitter<\/a> <a href=\"https:\/\/www.youtube.com\/user\/caesarstoneCanada\">YouTube<\/a>,<a href=\"http:\/\/www.pinterest.com\/caesarstoneca\"> Pinterest<\/a>, et <a href=\"https:\/\/www.instagram.com\/caesarstoneca\">Instagram<\/a>.<\/p>\n","protected":false},"excerpt":{"rendered":"<p>L\u2019association professionnelle recommande la formation sur la sant\u00e9 et la s\u00e9curit\u00e9 \u00e0 ses membres Charlotte (Caroline du Nord), le 17&nbsp;mars&nbsp;2021. \u2013 Caesarstone, l\u2019inventeuse des surfaces de quartz, renouvelle aujourd\u2019hui son partenariat avec l\u2019International Surface Fabricators Association (ISFA), un organisme professionnel sans but lucratif repr\u00e9sentant des fabricants de 13&nbsp;pays qui suivent les plus rigoureux principes d\u2019\u00e9thique [&hellip;]<\/p>\n","protected":false},"author":13,"featured_media":0,"parent":0,"menu_order":0,"comment_status":"closed","ping_status":"closed","template":"","meta":{"_acf_changed":false,"footnotes":""},"class_list":["post-35349","page","type-page","status-publish","hentry"],"acf":{"head_strip":{"":null,"background":null,"background_mobile":null,"title":"","subtitle":"","use_cta":false,"video_url":"","cta":null},"cs_related_posts":{"title":"","link":null,"articles":null,"show_pagination":false,"show_arrows":true,"space_desktop":{"top":0,"bottom":0},"space_mobile":{"top":0,"bottom":0},"background":"#f7f7f7","text_color":"#252525"},"related_post_card":{"title":"","desc":"","image":null,"video_url":""}},"yoast_head":"<!-- This site is optimized with the Yoast SEO Premium plugin v27.2 (Yoast SEO v27.2) - https:\/\/yoast.com\/product\/yoast-seo-premium-wordpress\/ -->\n<title>ISFA reconna\u00eet la formation Master of Stone de Caesarstone<\/title>\n<meta name=\"description\" content=\"&quot;L&#039;International Surface Fabricators Association reconna\u00eet la formation Master of Stone de Caesarstone comme une opportunit\u00e9 d&#039;apprentissage de premier plan.&quot;\" \/>\n<meta name=\"robots\" content=\"index, follow, max-snippet:-1, max-image-preview:large, max-video-preview:-1\" \/>\n<link rel=\"canonical\" href=\"https:\/\/www.caesarstone.ca\/fr\/lassociation-international-surface-fabricators-reconnait-la-formation-master-of-stone-de-caesarstone-comme-une-occasion-dapprentissage-de-premier-plan-dans-lindustrie\/\" \/>\n<meta property=\"og:locale\" content=\"fr_CA\" \/>\n<meta property=\"og:type\" content=\"article\" \/>\n<meta property=\"og:title\" content=\"L&#039;association International Surface Fabricators reconna\u00eet la formation Master of Stone de Caesarstone comme une occasion d&#039;apprentissage de premier plan dans l&#039;industrie\" \/>\n<meta property=\"og:description\" content=\"&quot;L&#039;International Surface Fabricators Association reconna\u00eet la formation Master of Stone de Caesarstone comme une opportunit\u00e9 d&#039;apprentissage de premier plan.&quot;\" \/>\n<meta property=\"og:url\" content=\"https:\/\/www.caesarstone.ca\/fr\/lassociation-international-surface-fabricators-reconnait-la-formation-master-of-stone-de-caesarstone-comme-une-occasion-dapprentissage-de-premier-plan-dans-lindustrie\/\" \/>\n<meta property=\"og:site_name\" content=\"Caesarstone Canada\" \/>\n<meta property=\"article:publisher\" content=\"https:\/\/www.facebook.com\/CaesarstoneCA\" \/>\n<meta property=\"article:modified_time\" content=\"2023-09-26T20:36:13+00:00\" \/>\n<meta name=\"twitter:card\" content=\"summary_large_image\" \/>\n<meta name=\"twitter:label1\" content=\"Est. reading time\" \/>\n\t<meta name=\"twitter:data1\" content=\"3 minutes\" \/>\n<script type=\"application\/ld+json\" class=\"yoast-schema-graph\">{\"@context\":\"https:\/\/schema.org\",\"@graph\":[{\"@type\":\"WebPage\",\"@id\":\"https:\/\/www.caesarstone.ca\/fr\/lassociation-international-surface-fabricators-reconnait-la-formation-master-of-stone-de-caesarstone-comme-une-occasion-dapprentissage-de-premier-plan-dans-lindustrie\/\",\"url\":\"https:\/\/www.caesarstone.ca\/fr\/lassociation-international-surface-fabricators-reconnait-la-formation-master-of-stone-de-caesarstone-comme-une-occasion-dapprentissage-de-premier-plan-dans-lindustrie\/\",\"name\":\"ISFA reconna\u00eet la formation Master of Stone de Caesarstone\",\"isPartOf\":{\"@id\":\"https:\/\/www.caesarstone.ca\/fr\/#website\"},\"datePublished\":\"2021-03-19T13:50:59+00:00\",\"dateModified\":\"2023-09-26T20:36:13+00:00\",\"description\":\"\\\"L'International Surface Fabricators Association reconna\u00eet la formation Master of Stone de Caesarstone comme une opportunit\u00e9 d'apprentissage de premier plan.\\\"\",\"breadcrumb\":{\"@id\":\"https:\/\/www.caesarstone.ca\/fr\/lassociation-international-surface-fabricators-reconnait-la-formation-master-of-stone-de-caesarstone-comme-une-occasion-dapprentissage-de-premier-plan-dans-lindustrie\/#breadcrumb\"},\"inLanguage\":\"fr-CA\",\"potentialAction\":[{\"@type\":\"ReadAction\",\"target\":[\"https:\/\/www.caesarstone.ca\/fr\/lassociation-international-surface-fabricators-reconnait-la-formation-master-of-stone-de-caesarstone-comme-une-occasion-dapprentissage-de-premier-plan-dans-lindustrie\/\"]}]},{\"@type\":\"BreadcrumbList\",\"@id\":\"https:\/\/www.caesarstone.ca\/fr\/lassociation-international-surface-fabricators-reconnait-la-formation-master-of-stone-de-caesarstone-comme-une-occasion-dapprentissage-de-premier-plan-dans-lindustrie\/#breadcrumb\",\"itemListElement\":[{\"@type\":\"ListItem\",\"position\":1,\"name\":\"Home\",\"item\":\"https:\/\/www.caesarstone.ca\/fr\/\"},{\"@type\":\"ListItem\",\"position\":2,\"name\":\"L&#8217;association International Surface Fabricators reconna\u00eet la formation Master of Stone de Caesarstone comme une occasion d&#8217;apprentissage de premier plan dans l&#8217;industrie\"}]},{\"@type\":\"WebSite\",\"@id\":\"https:\/\/www.caesarstone.ca\/fr\/#website\",\"url\":\"https:\/\/www.caesarstone.ca\/fr\/\",\"name\":\"Caesarstone Canada\",\"description\":\"Life in Stone\",\"publisher\":{\"@id\":\"https:\/\/www.caesarstone.ca\/fr\/#organization\"},\"potentialAction\":[{\"@type\":\"SearchAction\",\"target\":{\"@type\":\"EntryPoint\",\"urlTemplate\":\"https:\/\/www.caesarstone.ca\/fr\/?s={search_term_string}\"},\"query-input\":{\"@type\":\"PropertyValueSpecification\",\"valueRequired\":true,\"valueName\":\"search_term_string\"}}],\"inLanguage\":\"fr-CA\"},{\"@type\":\"Organization\",\"@id\":\"https:\/\/www.caesarstone.ca\/fr\/#organization\",\"name\":\"Caesarstone Canada\",\"url\":\"https:\/\/www.caesarstone.ca\/fr\/\",\"logo\":{\"@type\":\"ImageObject\",\"inLanguage\":\"fr-CA\",\"@id\":\"https:\/\/www.caesarstone.ca\/fr\/#\/schema\/logo\/image\/\",\"url\":\"https:\/\/www.caesarstone.ca\/wp-content\/uploads\/sites\/5\/2026\/03\/Caesarstone_logo.jpg\",\"contentUrl\":\"https:\/\/www.caesarstone.ca\/wp-content\/uploads\/sites\/5\/2026\/03\/Caesarstone_logo.jpg\",\"width\":1000,\"height\":158,\"caption\":\"Caesarstone Canada\"},\"image\":{\"@id\":\"https:\/\/www.caesarstone.ca\/fr\/#\/schema\/logo\/image\/\"},\"sameAs\":[\"https:\/\/www.facebook.com\/CaesarstoneCA\",\"https:\/\/www.instagram.com\/caesarstoneca\/\",\"https:\/\/www.linkedin.com\/company\/caesarstone-canada\/\",\"https:\/\/www.youtube.com\/@CaesarstoneNA\"]}]}<\/script>\n<!-- \/ Yoast SEO Premium plugin. -->","yoast_head_json":{"title":"ISFA reconna\u00eet la formation Master of Stone de Caesarstone","description":"\"L'International Surface Fabricators Association reconna\u00eet la formation Master of Stone de Caesarstone comme une opportunit\u00e9 d'apprentissage de premier plan.\"","robots":{"index":"index","follow":"follow","max-snippet":"max-snippet:-1","max-image-preview":"max-image-preview:large","max-video-preview":"max-video-preview:-1"},"canonical":"https:\/\/www.caesarstone.ca\/fr\/lassociation-international-surface-fabricators-reconnait-la-formation-master-of-stone-de-caesarstone-comme-une-occasion-dapprentissage-de-premier-plan-dans-lindustrie\/","og_locale":"fr_CA","og_type":"article","og_title":"L'association International Surface Fabricators reconna\u00eet la formation Master of Stone de Caesarstone comme une occasion d'apprentissage de premier plan dans l'industrie","og_description":"\"L'International Surface Fabricators Association reconna\u00eet la formation Master of Stone de Caesarstone comme une opportunit\u00e9 d'apprentissage de premier plan.\"","og_url":"https:\/\/www.caesarstone.ca\/fr\/lassociation-international-surface-fabricators-reconnait-la-formation-master-of-stone-de-caesarstone-comme-une-occasion-dapprentissage-de-premier-plan-dans-lindustrie\/","og_site_name":"Caesarstone Canada","article_publisher":"https:\/\/www.facebook.com\/CaesarstoneCA","article_modified_time":"2023-09-26T20:36:13+00:00","twitter_card":"summary_large_image","twitter_misc":{"Est. reading time":"3 minutes"},"schema":{"@context":"https:\/\/schema.org","@graph":[{"@type":"WebPage","@id":"https:\/\/www.caesarstone.ca\/fr\/lassociation-international-surface-fabricators-reconnait-la-formation-master-of-stone-de-caesarstone-comme-une-occasion-dapprentissage-de-premier-plan-dans-lindustrie\/","url":"https:\/\/www.caesarstone.ca\/fr\/lassociation-international-surface-fabricators-reconnait-la-formation-master-of-stone-de-caesarstone-comme-une-occasion-dapprentissage-de-premier-plan-dans-lindustrie\/","name":"ISFA reconna\u00eet la formation Master of Stone de Caesarstone","isPartOf":{"@id":"https:\/\/www.caesarstone.ca\/fr\/#website"},"datePublished":"2021-03-19T13:50:59+00:00","dateModified":"2023-09-26T20:36:13+00:00","description":"\"L'International Surface Fabricators Association reconna\u00eet la formation Master of Stone de Caesarstone comme une opportunit\u00e9 d'apprentissage de premier plan.\"","breadcrumb":{"@id":"https:\/\/www.caesarstone.ca\/fr\/lassociation-international-surface-fabricators-reconnait-la-formation-master-of-stone-de-caesarstone-comme-une-occasion-dapprentissage-de-premier-plan-dans-lindustrie\/#breadcrumb"},"inLanguage":"fr-CA","potentialAction":[{"@type":"ReadAction","target":["https:\/\/www.caesarstone.ca\/fr\/lassociation-international-surface-fabricators-reconnait-la-formation-master-of-stone-de-caesarstone-comme-une-occasion-dapprentissage-de-premier-plan-dans-lindustrie\/"]}]},{"@type":"BreadcrumbList","@id":"https:\/\/www.caesarstone.ca\/fr\/lassociation-international-surface-fabricators-reconnait-la-formation-master-of-stone-de-caesarstone-comme-une-occasion-dapprentissage-de-premier-plan-dans-lindustrie\/#breadcrumb","itemListElement":[{"@type":"ListItem","position":1,"name":"Home","item":"https:\/\/www.caesarstone.ca\/fr\/"},{"@type":"ListItem","position":2,"name":"L&#8217;association International Surface Fabricators reconna\u00eet la formation Master of Stone de Caesarstone comme une occasion d&#8217;apprentissage de premier plan dans l&#8217;industrie"}]},{"@type":"WebSite","@id":"https:\/\/www.caesarstone.ca\/fr\/#website","url":"https:\/\/www.caesarstone.ca\/fr\/","name":"Caesarstone Canada","description":"Life in Stone","publisher":{"@id":"https:\/\/www.caesarstone.ca\/fr\/#organization"},"potentialAction":[{"@type":"SearchAction","target":{"@type":"EntryPoint","urlTemplate":"https:\/\/www.caesarstone.ca\/fr\/?s={search_term_string}"},"query-input":{"@type":"PropertyValueSpecification","valueRequired":true,"valueName":"search_term_string"}}],"inLanguage":"fr-CA"},{"@type":"Organization","@id":"https:\/\/www.caesarstone.ca\/fr\/#organization","name":"Caesarstone Canada","url":"https:\/\/www.caesarstone.ca\/fr\/","logo":{"@type":"ImageObject","inLanguage":"fr-CA","@id":"https:\/\/www.caesarstone.ca\/fr\/#\/schema\/logo\/image\/","url":"https:\/\/www.caesarstone.ca\/wp-content\/uploads\/sites\/5\/2026\/03\/Caesarstone_logo.jpg","contentUrl":"https:\/\/www.caesarstone.ca\/wp-content\/uploads\/sites\/5\/2026\/03\/Caesarstone_logo.jpg","width":1000,"height":158,"caption":"Caesarstone Canada"},"image":{"@id":"https:\/\/www.caesarstone.ca\/fr\/#\/schema\/logo\/image\/"},"sameAs":["https:\/\/www.facebook.com\/CaesarstoneCA","https:\/\/www.instagram.com\/caesarstoneca\/","https:\/\/www.linkedin.com\/company\/caesarstone-canada\/","https:\/\/www.youtube.com\/@CaesarstoneNA"]}]}},"_links":{"self":[{"href":"https:\/\/www.caesarstone.ca\/fr\/wp-json\/wp\/v2\/pages\/35349","targetHints":{"allow":["GET"]}}],"collection":[{"href":"https:\/\/www.caesarstone.ca\/fr\/wp-json\/wp\/v2\/pages"}],"about":[{"href":"https:\/\/www.caesarstone.ca\/fr\/wp-json\/wp\/v2\/types\/page"}],"author":[{"embeddable":true,"href":"https:\/\/www.caesarstone.ca\/fr\/wp-json\/wp\/v2\/users\/13"}],"replies":[{"embeddable":true,"href":"https:\/\/www.caesarstone.ca\/fr\/wp-json\/wp\/v2\/comments?post=35349"}],"version-history":[{"count":1,"href":"https:\/\/www.caesarstone.ca\/fr\/wp-json\/wp\/v2\/pages\/35349\/revisions"}],"predecessor-version":[{"id":67417,"href":"https:\/\/www.caesarstone.ca\/fr\/wp-json\/wp\/v2\/pages\/35349\/revisions\/67417"}],"wp:attachment":[{"href":"https:\/\/www.caesarstone.ca\/fr\/wp-json\/wp\/v2\/media?parent=35349"}],"curies":[{"name":"wp","href":"https:\/\/api.w.org\/{rel}","templated":true}]}}