{"id":3553,"date":"2020-10-11T11:49:32","date_gmt":"2020-10-11T08:49:32","guid":{"rendered":"https:\/\/www.caesarstone.ca\/?page_id=3553"},"modified":"2025-06-25T09:12:05","modified_gmt":"2025-06-25T15:12:05","slug":"garantie","status":"publish","type":"page","link":"https:\/\/www.caesarstone.ca\/fr\/garantie\/","title":{"rendered":"Notre garantie \u00e0 vie"},"content":{"rendered":"","protected":false},"excerpt":{"rendered":"","protected":false},"author":1,"featured_media":0,"parent":0,"menu_order":0,"comment_status":"closed","ping_status":"closed","template":"templates\/warranty.php","meta":{"_acf_changed":false,"footnotes":""},"class_list":["post-3553","page","type-page","status-publish","hentry"],"acf":{"head_strip":{"":null,"background":74545,"background_mobile":74547,"title":"Notre garantie \u00e0 vie<small>*<\/small>,\r\nvotre tranquillit\u00e9 d\u2019esprit.","subtitle":"","use_cta":false,"video_url":"","cta":null},"intro":{"title":"Prenez un instant pour enregistrer votre garantie","text":"Nous allons au-del\u00e0 de l\u2019excellence pour que vous soyez assur\u00e9 que votre surface demeure prot\u00e9g\u00e9e, durable et d\u2019une beaut\u00e9 intemporelle.\r\n <br><sub>*La garantie \u00e0 vie s\u2019applique \u00e0 certains produits d\u2019int\u00e9rieur r\u00e9sidentiels et commerciaux, <br>sous r\u00e9serve des dispositions \u00e9nonc\u00e9es ci-dessous.<\/sub>","links_preface":"","link":{"title":"ENREGISTRER LA GARANTIE","url":"https:\/\/www.caesarstone.ca\/fr\/enregistrement-de-la-garantie\/","target":""},"link2":"","link3":"","hide_section":false},"why_register":{"title":"En enregistrant votre garantie, vous b\u00e9n\u00e9ficiez de notre engagement \u00e0 vie \u00e0 vous fournir des surfaces de qualit\u00e9 sup\u00e9rieure.","text":"","icons":[{"global_icon":"durable-10-01.svg","alt":"","text":"Qualit\u00e9","subtext":"Incroyablement durable"},{"global_icon":"support-appearance.svg","alt":"","text":"Apparence","subtext":"Beaut\u00e9 intemporelle"},{"global_icon":"support-service.svg","alt":"","text":"Service","subtext":"Entretien personnalis\u00e9"}],"link":{"title":"FAIRE L\u2019ENREGISTREMENT","url":"https:\/\/www.caesarstone.ca\/fr\/enregistrement-de-la-garantie\/","target":""}},"terms":{"title":"Soyez confiant, notre garantie vous offre une couverture in\u00e9gal\u00e9e pour des ann\u00e9es \u00e0 venir.\r\n","text":"Vous pouvez lire ci-dessous les modalit\u00e9s compl\u00e8tes de la garantie.","link":"","surfaces":[{"image":74552,"title":"Fusion, mineral &amp; quartz d\u2019int\u00e9rieur","links":[{"link":{"title":"R\u00e9sidentielle","url":"https:\/\/www.caesarstone.ca\/wp-content\/uploads\/sites\/5\/2025\/06\/CSIndoorSurfaces-Residential-Lifetime-WarrantyJune2025_FR.pdf","target":"_blank"}},{"link":{"title":"Commerciale","url":"https:\/\/www.caesarstone.ca\/wp-content\/uploads\/sites\/5\/2025\/06\/CSIndoorSurface-Commercial-Lifetime-WarrantyJune2025_FR.pdf","target":"_blank"}}]},{"image":74554,"title":"Quartz d\u2019ext\u00e9rieur","links":[{"link":{"title":"R\u00e9sidentielle","url":"https:\/\/www.caesarstone.ca\/wp-content\/uploads\/sites\/5\/2021\/06\/CA-Outdoor-Residential-Warranty_FR.pdf","target":"_blank"}},{"link":{"title":"Commerciale","url":"https:\/\/www.caesarstone.ca\/wp-content\/uploads\/sites\/5\/2021\/06\/CA-Outdoor-Commerical-Warranty_FR.pdf","target":"_blank"}}]},{"image":74556,"title":"Porcelaine d'int\u00e9rieur","links":[{"link":{"title":"R\u00e9sidentielle","url":"https:\/\/www.caesarstone.ca\/wp-content\/uploads\/sites\/5\/2023\/04\/porelain_warranty_FR.pdf","target":"_blank"}}]}]},"register":{"title":"","text":"","links_preface":"","link":"","link2":"","link3":"","hide_section":false},"maintenance":{"image":74530,"mobile_image":74532,"title":"Obtenez des conseils d'entretien simples.","text":"Pr\u00e9servez la beaut\u00e9 de votre surface; facile \u00e0 entretenir et \u00e0 nettoyer, elle est hautement durable.","link":{"title":"Entretien","url":"https:\/\/www.caesarstone.ca\/fr\/entretien-et-nettoyage\/","target":""}},"faqs":{"title":"Foire aux questions concernant la garantie","results_limit":4,"tags":[82]},"cta_section":{"lead":"","content":"","link":"","image":null,"reverse":false},"related_post_card":{"title":"","desc":"","image":null,"video_url":""}},"yoast_head":"<!-- This site is optimized with the Yoast SEO Premium plugin v27.2 (Yoast SEO v27.2) - https:\/\/yoast.com\/product\/yoast-seo-premium-wordpress\/ -->\n<title>Notre garantie \u00e0 vie - Caesarstone Canada<\/title>\n<meta name=\"description\" content=\"Notre garantie \u00e0 vie. Laissez-vous inspirer et d\u00e9couvrez votre propre style personnel. Cliquez pour explorer d&#039;excellentes id\u00e9es de comptoirs et styles de design de Caesarstone Canada.\" \/>\n<meta name=\"robots\" content=\"index, follow, max-snippet:-1, max-image-preview:large, max-video-preview:-1\" \/>\n<link rel=\"canonical\" href=\"https:\/\/www.caesarstone.ca\/fr\/garantie\/\" \/>\n<meta property=\"og:locale\" content=\"fr_CA\" \/>\n<meta property=\"og:type\" content=\"article\" \/>\n<meta property=\"og:title\" content=\"Notre garantie \u00e0 vie\" \/>\n<meta property=\"og:description\" content=\"Notre garantie \u00e0 vie. Laissez-vous inspirer et d\u00e9couvrez votre propre style personnel. Cliquez pour explorer d&#039;excellentes id\u00e9es de comptoirs et styles de design de Caesarstone Canada.\" \/>\n<meta property=\"og:url\" content=\"https:\/\/www.caesarstone.ca\/fr\/garantie\/\" \/>\n<meta property=\"og:site_name\" content=\"Caesarstone Canada\" \/>\n<meta property=\"article:publisher\" content=\"https:\/\/www.facebook.com\/CaesarstoneCA\" \/>\n<meta property=\"article:modified_time\" content=\"2025-06-25T15:12:05+00:00\" \/>\n<meta name=\"twitter:card\" content=\"summary_large_image\" \/>\n<script type=\"application\/ld+json\" class=\"yoast-schema-graph\">{\"@context\":\"https:\/\/schema.org\",\"@graph\":[{\"@type\":\"WebPage\",\"@id\":\"https:\/\/www.caesarstone.ca\/fr\/garantie\/\",\"url\":\"https:\/\/www.caesarstone.ca\/fr\/garantie\/\",\"name\":\"Notre garantie \u00e0 vie - Caesarstone Canada\",\"isPartOf\":{\"@id\":\"https:\/\/www.caesarstone.ca\/fr\/#website\"},\"datePublished\":\"2020-10-11T08:49:32+00:00\",\"dateModified\":\"2025-06-25T15:12:05+00:00\",\"description\":\"Notre garantie \u00e0 vie. Laissez-vous inspirer et d\u00e9couvrez votre propre style personnel. Cliquez pour explorer d'excellentes id\u00e9es de comptoirs et styles de design de Caesarstone Canada.\",\"breadcrumb\":{\"@id\":\"https:\/\/www.caesarstone.ca\/fr\/garantie\/#breadcrumb\"},\"inLanguage\":\"fr-CA\",\"potentialAction\":[{\"@type\":\"ReadAction\",\"target\":[\"https:\/\/www.caesarstone.ca\/fr\/garantie\/\"]}]},{\"@type\":\"BreadcrumbList\",\"@id\":\"https:\/\/www.caesarstone.ca\/fr\/garantie\/#breadcrumb\",\"itemListElement\":[{\"@type\":\"ListItem\",\"position\":1,\"name\":\"Home\",\"item\":\"https:\/\/www.caesarstone.ca\/fr\/\"},{\"@type\":\"ListItem\",\"position\":2,\"name\":\"Notre garantie \u00e0 vie\"}]},{\"@type\":\"WebSite\",\"@id\":\"https:\/\/www.caesarstone.ca\/fr\/#website\",\"url\":\"https:\/\/www.caesarstone.ca\/fr\/\",\"name\":\"Caesarstone Canada\",\"description\":\"Life in Stone\",\"publisher\":{\"@id\":\"https:\/\/www.caesarstone.ca\/fr\/#organization\"},\"potentialAction\":[{\"@type\":\"SearchAction\",\"target\":{\"@type\":\"EntryPoint\",\"urlTemplate\":\"https:\/\/www.caesarstone.ca\/fr\/?s={search_term_string}\"},\"query-input\":{\"@type\":\"PropertyValueSpecification\",\"valueRequired\":true,\"valueName\":\"search_term_string\"}}],\"inLanguage\":\"fr-CA\"},{\"@type\":\"Organization\",\"@id\":\"https:\/\/www.caesarstone.ca\/fr\/#organization\",\"name\":\"Caesarstone Canada\",\"url\":\"https:\/\/www.caesarstone.ca\/fr\/\",\"logo\":{\"@type\":\"ImageObject\",\"inLanguage\":\"fr-CA\",\"@id\":\"https:\/\/www.caesarstone.ca\/fr\/#\/schema\/logo\/image\/\",\"url\":\"https:\/\/www.caesarstone.ca\/wp-content\/uploads\/sites\/5\/2026\/03\/Caesarstone_logo.jpg\",\"contentUrl\":\"https:\/\/www.caesarstone.ca\/wp-content\/uploads\/sites\/5\/2026\/03\/Caesarstone_logo.jpg\",\"width\":1000,\"height\":158,\"caption\":\"Caesarstone Canada\"},\"image\":{\"@id\":\"https:\/\/www.caesarstone.ca\/fr\/#\/schema\/logo\/image\/\"},\"sameAs\":[\"https:\/\/www.facebook.com\/CaesarstoneCA\",\"https:\/\/www.instagram.com\/caesarstoneca\/\",\"https:\/\/www.linkedin.com\/company\/caesarstone-canada\/\",\"https:\/\/www.youtube.com\/@CaesarstoneNA\"]}]}<\/script>\n<!-- \/ Yoast SEO Premium plugin. -->","yoast_head_json":{"title":"Notre garantie \u00e0 vie - Caesarstone Canada","description":"Notre garantie \u00e0 vie. Laissez-vous inspirer et d\u00e9couvrez votre propre style personnel. Cliquez pour explorer d'excellentes id\u00e9es de comptoirs et styles de design de Caesarstone Canada.","robots":{"index":"index","follow":"follow","max-snippet":"max-snippet:-1","max-image-preview":"max-image-preview:large","max-video-preview":"max-video-preview:-1"},"canonical":"https:\/\/www.caesarstone.ca\/fr\/garantie\/","og_locale":"fr_CA","og_type":"article","og_title":"Notre garantie \u00e0 vie","og_description":"Notre garantie \u00e0 vie. Laissez-vous inspirer et d\u00e9couvrez votre propre style personnel. Cliquez pour explorer d'excellentes id\u00e9es de comptoirs et styles de design de Caesarstone Canada.","og_url":"https:\/\/www.caesarstone.ca\/fr\/garantie\/","og_site_name":"Caesarstone Canada","article_publisher":"https:\/\/www.facebook.com\/CaesarstoneCA","article_modified_time":"2025-06-25T15:12:05+00:00","twitter_card":"summary_large_image","schema":{"@context":"https:\/\/schema.org","@graph":[{"@type":"WebPage","@id":"https:\/\/www.caesarstone.ca\/fr\/garantie\/","url":"https:\/\/www.caesarstone.ca\/fr\/garantie\/","name":"Notre garantie \u00e0 vie - Caesarstone Canada","isPartOf":{"@id":"https:\/\/www.caesarstone.ca\/fr\/#website"},"datePublished":"2020-10-11T08:49:32+00:00","dateModified":"2025-06-25T15:12:05+00:00","description":"Notre garantie \u00e0 vie. Laissez-vous inspirer et d\u00e9couvrez votre propre style personnel. Cliquez pour explorer d'excellentes id\u00e9es de comptoirs et styles de design de Caesarstone Canada.","breadcrumb":{"@id":"https:\/\/www.caesarstone.ca\/fr\/garantie\/#breadcrumb"},"inLanguage":"fr-CA","potentialAction":[{"@type":"ReadAction","target":["https:\/\/www.caesarstone.ca\/fr\/garantie\/"]}]},{"@type":"BreadcrumbList","@id":"https:\/\/www.caesarstone.ca\/fr\/garantie\/#breadcrumb","itemListElement":[{"@type":"ListItem","position":1,"name":"Home","item":"https:\/\/www.caesarstone.ca\/fr\/"},{"@type":"ListItem","position":2,"name":"Notre garantie \u00e0 vie"}]},{"@type":"WebSite","@id":"https:\/\/www.caesarstone.ca\/fr\/#website","url":"https:\/\/www.caesarstone.ca\/fr\/","name":"Caesarstone Canada","description":"Life in Stone","publisher":{"@id":"https:\/\/www.caesarstone.ca\/fr\/#organization"},"potentialAction":[{"@type":"SearchAction","target":{"@type":"EntryPoint","urlTemplate":"https:\/\/www.caesarstone.ca\/fr\/?s={search_term_string}"},"query-input":{"@type":"PropertyValueSpecification","valueRequired":true,"valueName":"search_term_string"}}],"inLanguage":"fr-CA"},{"@type":"Organization","@id":"https:\/\/www.caesarstone.ca\/fr\/#organization","name":"Caesarstone Canada","url":"https:\/\/www.caesarstone.ca\/fr\/","logo":{"@type":"ImageObject","inLanguage":"fr-CA","@id":"https:\/\/www.caesarstone.ca\/fr\/#\/schema\/logo\/image\/","url":"https:\/\/www.caesarstone.ca\/wp-content\/uploads\/sites\/5\/2026\/03\/Caesarstone_logo.jpg","contentUrl":"https:\/\/www.caesarstone.ca\/wp-content\/uploads\/sites\/5\/2026\/03\/Caesarstone_logo.jpg","width":1000,"height":158,"caption":"Caesarstone Canada"},"image":{"@id":"https:\/\/www.caesarstone.ca\/fr\/#\/schema\/logo\/image\/"},"sameAs":["https:\/\/www.facebook.com\/CaesarstoneCA","https:\/\/www.instagram.com\/caesarstoneca\/","https:\/\/www.linkedin.com\/company\/caesarstone-canada\/","https:\/\/www.youtube.com\/@CaesarstoneNA"]}]}},"_links":{"self":[{"href":"https:\/\/www.caesarstone.ca\/fr\/wp-json\/wp\/v2\/pages\/3553","targetHints":{"allow":["GET"]}}],"collection":[{"href":"https:\/\/www.caesarstone.ca\/fr\/wp-json\/wp\/v2\/pages"}],"about":[{"href":"https:\/\/www.caesarstone.ca\/fr\/wp-json\/wp\/v2\/types\/page"}],"author":[{"embeddable":true,"href":"https:\/\/www.caesarstone.ca\/fr\/wp-json\/wp\/v2\/users\/1"}],"replies":[{"embeddable":true,"href":"https:\/\/www.caesarstone.ca\/fr\/wp-json\/wp\/v2\/comments?post=3553"}],"version-history":[{"count":14,"href":"https:\/\/www.caesarstone.ca\/fr\/wp-json\/wp\/v2\/pages\/3553\/revisions"}],"predecessor-version":[{"id":79933,"href":"https:\/\/www.caesarstone.ca\/fr\/wp-json\/wp\/v2\/pages\/3553\/revisions\/79933"}],"wp:attachment":[{"href":"https:\/\/www.caesarstone.ca\/fr\/wp-json\/wp\/v2\/media?parent=3553"}],"curies":[{"name":"wp","href":"https:\/\/api.w.org\/{rel}","templated":true}]}}