{"id":35668,"date":"2021-03-26T07:10:05","date_gmt":"2021-03-26T13:10:05","guid":{"rendered":"https:\/\/www.caesarstone.ca\/?page_id=35668"},"modified":"2023-12-22T11:03:28","modified_gmt":"2023-12-22T18:03:28","slug":"caesarstone-canada-salles-de-ditribution-et-dexposition","status":"publish","type":"page","link":"https:\/\/www.caesarstone.ca\/fr\/caesarstone-canada-salles-de-ditribution-et-dexposition\/","title":{"rendered":"Caesarstone Canada \u2013 Salles de distribution et d\u2019exposition"},"content":{"rendered":"\n<p>Caesarstone consid\u00e8re la s\u00e9curit\u00e9 de ses employ\u00e9s, clients, fournisseurs et partenaires comme sa priorit\u00e9 absolue et sa principale pr\u00e9occupation \u00e0 tout moment. Revenez souvent pour les informations les plus r\u00e9centes.<\/p>\n\n\n\n<p><br><strong>SALLE DE MONTRE DE L&rsquo;ONTARIO <\/strong><br><br>La salle de montre est actuellement <strong><strong><strong>ouverte<\/strong><\/strong><\/strong>. <\/p>\n\n\n\n<figure class=\"wp-block-image size-large\"><img loading=\"lazy\" decoding=\"async\" width=\"2000\" height=\"1333\" src=\"https:\/\/www.caesarstone.ca\/wp-content\/uploads\/sites\/5\/2021\/03\/toronto-showroom-r1-2025.jpg\" alt=\"\" class=\"wp-image-35605\" srcset=\"https:\/\/www.caesarstone.ca\/wp-content\/uploads\/sites\/5\/2021\/03\/toronto-showroom-r1-2025.jpg 2000w, https:\/\/www.caesarstone.ca\/wp-content\/uploads\/sites\/5\/2021\/03\/toronto-showroom-r1-2025-300x200.jpg 300w, https:\/\/www.caesarstone.ca\/wp-content\/uploads\/sites\/5\/2021\/03\/toronto-showroom-r1-2025-1024x682.jpg 1024w, https:\/\/www.caesarstone.ca\/wp-content\/uploads\/sites\/5\/2021\/03\/toronto-showroom-r1-2025-768x512.jpg 768w, https:\/\/www.caesarstone.ca\/wp-content\/uploads\/sites\/5\/2021\/03\/toronto-showroom-r1-2025-1536x1024.jpg 1536w\" sizes=\"auto, (max-width: 2000px) 100vw, 2000px\" \/><\/figure>\n\n\n\n<div class=\"wp-block-columns is-layout-flex wp-container-core-columns-is-layout-9d6595d7 wp-block-columns-is-layout-flex\">\n<div class=\"wp-block-column is-layout-flow wp-block-column-is-layout-flow\">\n<figure class=\"wp-block-image size-large\"><img loading=\"lazy\" decoding=\"async\" width=\"400\" height=\"500\" src=\"https:\/\/www.caesarstone.ca\/wp-content\/uploads\/sites\/5\/2021\/03\/Caesarstone-Showroom_400x500.jpg\" alt=\"\" class=\"wp-image-35603\" srcset=\"https:\/\/www.caesarstone.ca\/wp-content\/uploads\/sites\/5\/2021\/03\/Caesarstone-Showroom_400x500.jpg 400w, https:\/\/www.caesarstone.ca\/wp-content\/uploads\/sites\/5\/2021\/03\/Caesarstone-Showroom_400x500-240x300.jpg 240w\" sizes=\"auto, (max-width: 400px) 100vw, 400px\" \/><\/figure>\n<\/div>\n\n\n\n<div class=\"wp-block-column is-layout-flow wp-block-column-is-layout-flow\">\n<p>Pour r\u00e9server votre place, \u00e9crivez \u00e0 <a href=\"mailto:on.showroom@caesarstone.ca\">on.showroom@caesarstone.ca<\/a>.<\/p>\n\n\n\n<p><strong><strong><strong><strong><strong>Heures normales d&rsquo;ouverture :<\/strong><\/strong><\/strong><\/strong><\/strong><br>Du lundi au vendredi, de 9\u00a0h \u00e0 17\u00a0h<br>Le samedi, de 10\u00a0h \u00e0 16\u00a0h<br><br><a href=\"https:\/\/www.caesarstone.ca\/fr\/nos-emplacements\/\">Nous joindre<\/a><\/p>\n<\/div>\n<\/div>\n\n\n\n<p><strong>SALLE DE MONTRE<\/strong> <strong>DE<\/strong> <strong>COLOMBIE-BRITANNIQUE  <\/strong><\/p>\n\n\n\n<p>La salle de montre est actuellement <strong>ouverte<\/strong>.<\/p>\n\n\n\n<figure class=\"wp-block-image size-large\"><img loading=\"lazy\" decoding=\"async\" width=\"800\" height=\"500\" src=\"https:\/\/www.caesarstone.ca\/wp-content\/uploads\/sites\/5\/2021\/03\/MG_8257-HDR_800x500.jpg\" alt=\"\" class=\"wp-image-35607\" srcset=\"https:\/\/www.caesarstone.ca\/wp-content\/uploads\/sites\/5\/2021\/03\/MG_8257-HDR_800x500.jpg 800w, https:\/\/www.caesarstone.ca\/wp-content\/uploads\/sites\/5\/2021\/03\/MG_8257-HDR_800x500-300x188.jpg 300w, https:\/\/www.caesarstone.ca\/wp-content\/uploads\/sites\/5\/2021\/03\/MG_8257-HDR_800x500-768x480.jpg 768w\" sizes=\"auto, (max-width: 800px) 100vw, 800px\" \/><\/figure>\n\n\n\n<div class=\"wp-block-columns is-layout-flex wp-container-core-columns-is-layout-9d6595d7 wp-block-columns-is-layout-flex\">\n<div class=\"wp-block-column is-layout-flow wp-block-column-is-layout-flow\">\n<figure class=\"wp-block-image size-large\"><img loading=\"lazy\" decoding=\"async\" width=\"400\" height=\"500\" src=\"https:\/\/www.caesarstone.ca\/wp-content\/uploads\/sites\/5\/2021\/03\/MG_8296-HDR_reception_400x500.jpg\" alt=\"\" class=\"wp-image-35614\" srcset=\"https:\/\/www.caesarstone.ca\/wp-content\/uploads\/sites\/5\/2021\/03\/MG_8296-HDR_reception_400x500.jpg 400w, https:\/\/www.caesarstone.ca\/wp-content\/uploads\/sites\/5\/2021\/03\/MG_8296-HDR_reception_400x500-240x300.jpg 240w\" sizes=\"auto, (max-width: 400px) 100vw, 400px\" \/><\/figure>\n<\/div>\n\n\n\n<div class=\"wp-block-column is-layout-flow wp-block-column-is-layout-flow\">\n<p>Les personnes sans rendez-vous sont les bienvenues.<\/p>\n\n\n\n<p><strong>Heures normales d&rsquo;ouverture :<\/strong><br>Du lundi au vendredi, de 8&nbsp;h \u00e0 16&nbsp;h 30<br><br><a href=\"https:\/\/www.caesarstone.ca\/fr\/nos-emplacements\/\">Nous joindre<\/a><\/p>\n<\/div>\n<\/div>\n\n\n\n<p><strong>SALLE DE MONTRE<\/strong> <strong>D&rsquo;ALBERTA <\/strong><\/p>\n\n\n\n<p>La salle de montre est actuellement <strong><strong>ouverte<\/strong><\/strong>. <\/p>\n\n\n\n<p><\/p>\n\n\n\n<p><strong>Heures normales d\u2019ouverture :<\/strong><br>Du lundi au vendredi, de 10\u00a0h \u00e0 15\u00a0h<br><br><a href=\"https:\/\/www.caesarstone.ca\/fr\/nos-emplacements\/\">Nous joindre<\/a><\/p>\n\n\n\n<p><br><\/p>\n\n\n\n<p><strong>SALLE DE MONTRE<\/strong> <strong>DU<\/strong> <strong>QUEBEC <\/strong><\/p>\n\n\n\n<p>La salle de montre est actuellement <strong><strong>ouverte<\/strong><\/strong>. <\/p>\n\n\n\n<p>Les personnes sans rendez-vous sont les bienvenues.<\/p>\n\n\n\n<p><strong>Heures normales d\u2019ouverture :<\/strong><br>Du lundi au vendredi, de 8&nbsp;h \u00e0 16&nbsp;h<br><br><a href=\"https:\/\/www.caesarstone.ca\/fr\/nos-emplacements\/\">Nous joindre<\/a><br><\/p>\n\n\n\n<p><strong>Chers clients, les ressources de notre site web demeurent \u00e0 votre disposition, y compris le <\/strong><a href=\"https:\/\/www.caesarstone.ca\/fr\/visualiseur\/\">visualiseur<\/a><strong> et la <\/strong><a href=\"https:\/\/www.caesarstone.ca\/fr\/commande-dechantillons\/\">trousse d\u2019\u00e9chantillons<\/a><strong>. Vous pouvez aussi voir nos inspirantes nouvelles couleurs juste <\/strong><a href=\"https:\/\/www.caesarstone.ca\/fr\/catalogue\/\">ici<\/a><strong>!<\/strong><\/p>\n\n\n\n<p><strong>Chers partenaires commerciaux, professionnels et architectes et designers<\/strong><strong>, n\u2019oubliez pas que vous pouvez aussi commander des \u00e9chantillons aupr\u00e8s de votre repr\u00e9sentant commercial, qui demeure \u2013 comme toujours \u2013 \u00e0 votre disposition par t\u00e9l\u00e9phone et par courriel.<\/strong><\/p>\n\n\n\n<p>Merci de votre compr\u00e9hension et de votre soutien en ces temps difficiles pour tous. La s\u00e9curit\u00e9 est notre priorit\u00e9.<\/p>\n\n\n\n<div class=\"wp-block-columns is-layout-flex wp-container-core-columns-is-layout-9d6595d7 wp-block-columns-is-layout-flex\">\n<div class=\"wp-block-column is-layout-flow wp-block-column-is-layout-flow\">\n<figure class=\"wp-block-image size-large is-resized\"><a href=\"https:\/\/www.caesarstone.ca\/fr\/commande-dechantillons\/\" target=\"_blank\" rel=\"noopener\"><img loading=\"lazy\" decoding=\"async\" src=\"https:\/\/www.caesarstone.ca\/wp-content\/uploads\/sites\/5\/2021\/03\/Order_Samples.gif\" alt=\"\" class=\"wp-image-35628\" width=\"171\" height=\"171\"\/><\/a><figcaption class=\"wp-element-caption\"><a href=\"https:\/\/www.caesarstone.ca\/fr\/commande-dechantillons\/\" target=\"_blank\" rel=\"noreferrer noopener\">COMMANDER DES ECHANTILLONS<\/a><a href=\"https:\/\/www.caesarstone.ca\/caesarstone-samples\/\"><\/a><\/figcaption><\/figure>\n<\/div>\n\n\n\n<div class=\"wp-block-column is-layout-flow wp-block-column-is-layout-flow\">\n<figure class=\"wp-block-image size-large is-resized\"><a href=\"https:\/\/www.caesarstone.ca\/fr\/catalogue\/\" target=\"_blank\" rel=\"noopener\"><img loading=\"lazy\" decoding=\"async\" src=\"https:\/\/www.caesarstone.ca\/wp-content\/uploads\/sites\/5\/2021\/03\/Color_Catalog.gif\" alt=\"\" class=\"wp-image-35630\" width=\"158\" height=\"158\"\/><\/a><figcaption class=\"wp-element-caption\"><a href=\"https:\/\/www.caesarstone.ca\/fr\/catalogue\/\" target=\"_blank\" rel=\"noreferrer noopener\">CATALOGUE DE <br>COULEURS<\/a><a href=\"https:\/\/www.caesarstone.ca\/catalogue\/\" target=\"_blank\" rel=\"noreferrer noopener\"><\/a><\/figcaption><\/figure>\n<\/div>\n\n\n\n<div class=\"wp-block-column is-layout-flow wp-block-column-is-layout-flow\">\n<figure class=\"wp-block-image size-large is-resized\"><a href=\"https:\/\/www.caesarstone.ca\/fr\/ou-acheter-nos-produits\/\" target=\"_blank\" rel=\"noopener\"><img loading=\"lazy\" decoding=\"async\" src=\"https:\/\/www.caesarstone.ca\/wp-content\/uploads\/sites\/5\/2021\/03\/Where_to_Buy.jpg\" alt=\"\" class=\"wp-image-35632\" width=\"164\" height=\"164\" srcset=\"https:\/\/www.caesarstone.ca\/wp-content\/uploads\/sites\/5\/2021\/03\/Where_to_Buy.jpg 399w, https:\/\/www.caesarstone.ca\/wp-content\/uploads\/sites\/5\/2021\/03\/Where_to_Buy-300x300.jpg 300w, https:\/\/www.caesarstone.ca\/wp-content\/uploads\/sites\/5\/2021\/03\/Where_to_Buy-150x150.jpg 150w\" sizes=\"auto, (max-width: 164px) 100vw, 164px\" \/><\/a><figcaption class=\"wp-element-caption\"><a href=\"https:\/\/www.caesarstone.ca\/fr\/ou-acheter-nos-produits\/\" target=\"_blank\" rel=\"noreferrer noopener\">OU ACHETER<\/a><a href=\"https:\/\/www.caesarstone.ca\/where-to-buy\/\" target=\"_blank\" rel=\"noreferrer noopener\"><\/a><\/figcaption><\/figure>\n<\/div>\n<\/div>\n\n\n\n<p><br><\/p>\n","protected":false},"excerpt":{"rendered":"<p>Caesarstone consid\u00e8re la s\u00e9curit\u00e9 de ses employ\u00e9s, clients, fournisseurs et partenaires comme sa priorit\u00e9 absolue et sa principale pr\u00e9occupation \u00e0 tout moment. Revenez souvent pour les informations les plus r\u00e9centes. SALLE DE MONTRE DE L&rsquo;ONTARIO La salle de montre est actuellement ouverte. Pour r\u00e9server votre place, \u00e9crivez \u00e0 on.showroom@caesarstone.ca. Heures normales d&rsquo;ouverture :Du lundi au [&hellip;]<\/p>\n","protected":false},"author":13,"featured_media":35602,"parent":0,"menu_order":0,"comment_status":"closed","ping_status":"closed","template":"","meta":{"_acf_changed":false,"footnotes":""},"class_list":["post-35668","page","type-page","status-publish","has-post-thumbnail","hentry"],"acf":{"head_strip":{"":null,"background":null,"background_mobile":null,"title":"","subtitle":"","use_cta":false,"video_url":"","cta":null},"cs_related_posts":{"title":"","link":null,"articles":null,"show_pagination":false,"show_arrows":true,"space_desktop":{"top":0,"bottom":0},"space_mobile":{"top":0,"bottom":0},"background":"#f7f7f7","text_color":"#252525"},"related_post_card":{"title":"","desc":"","image":null,"video_url":""}},"yoast_head":"<!-- This site is optimized with the Yoast SEO Premium plugin v27.2 (Yoast SEO v27.2) - https:\/\/yoast.com\/product\/yoast-seo-premium-wordpress\/ -->\n<title>Caesarstone Canada \u2013 Salles de distribution et d\u2019exposition<\/title>\n<meta name=\"description\" content=\"Caesarstone Canada - Espaces de distribution et d&#039;exposition. Explorez des id\u00e9es de comptoir inspirantes et des designs par Caesarstone Canada.\" \/>\n<meta name=\"robots\" content=\"index, follow, max-snippet:-1, max-image-preview:large, max-video-preview:-1\" \/>\n<link rel=\"canonical\" href=\"https:\/\/www.caesarstone.ca\/fr\/caesarstone-canada-salles-de-ditribution-et-dexposition\/\" \/>\n<meta property=\"og:locale\" content=\"fr_CA\" \/>\n<meta property=\"og:type\" content=\"article\" \/>\n<meta property=\"og:title\" content=\"Caesarstone Canada \u2013 Salles de distribution et d\u2019exposition\" \/>\n<meta property=\"og:description\" content=\"Caesarstone Canada - Espaces de distribution et d&#039;exposition. Explorez des id\u00e9es de comptoir inspirantes et des designs par Caesarstone Canada.\" \/>\n<meta property=\"og:url\" content=\"https:\/\/www.caesarstone.ca\/fr\/caesarstone-canada-salles-de-ditribution-et-dexposition\/\" \/>\n<meta property=\"og:site_name\" content=\"Caesarstone Canada\" \/>\n<meta property=\"article:publisher\" content=\"https:\/\/www.facebook.com\/CaesarstoneCA\" \/>\n<meta property=\"article:modified_time\" content=\"2023-12-22T18:03:28+00:00\" \/>\n<meta property=\"og:image\" content=\"https:\/\/www.caesarstone.ca\/wp-content\/uploads\/sites\/5\/2021\/03\/MG_8337_1160x500.jpg\" \/>\n\t<meta property=\"og:image:width\" content=\"1160\" \/>\n\t<meta property=\"og:image:height\" content=\"500\" \/>\n\t<meta property=\"og:image:type\" content=\"image\/jpeg\" \/>\n<meta name=\"twitter:card\" content=\"summary_large_image\" \/>\n<meta name=\"twitter:label1\" content=\"Est. reading time\" \/>\n\t<meta name=\"twitter:data1\" content=\"3 minutes\" \/>\n<script type=\"application\/ld+json\" class=\"yoast-schema-graph\">{\"@context\":\"https:\/\/schema.org\",\"@graph\":[{\"@type\":\"WebPage\",\"@id\":\"https:\/\/www.caesarstone.ca\/fr\/caesarstone-canada-salles-de-ditribution-et-dexposition\/\",\"url\":\"https:\/\/www.caesarstone.ca\/fr\/caesarstone-canada-salles-de-ditribution-et-dexposition\/\",\"name\":\"Caesarstone Canada \u2013 Salles de distribution et d\u2019exposition\",\"isPartOf\":{\"@id\":\"https:\/\/www.caesarstone.ca\/fr\/#website\"},\"primaryImageOfPage\":{\"@id\":\"https:\/\/www.caesarstone.ca\/fr\/caesarstone-canada-salles-de-ditribution-et-dexposition\/#primaryimage\"},\"image\":{\"@id\":\"https:\/\/www.caesarstone.ca\/fr\/caesarstone-canada-salles-de-ditribution-et-dexposition\/#primaryimage\"},\"thumbnailUrl\":\"https:\/\/www.caesarstone.ca\/wp-content\/uploads\/sites\/5\/2021\/03\/MG_8337_1160x500.jpg\",\"datePublished\":\"2021-03-26T13:10:05+00:00\",\"dateModified\":\"2023-12-22T18:03:28+00:00\",\"description\":\"Caesarstone Canada - Espaces de distribution et d'exposition. Explorez des id\u00e9es de comptoir inspirantes et des designs par Caesarstone Canada.\",\"breadcrumb\":{\"@id\":\"https:\/\/www.caesarstone.ca\/fr\/caesarstone-canada-salles-de-ditribution-et-dexposition\/#breadcrumb\"},\"inLanguage\":\"fr-CA\",\"potentialAction\":[{\"@type\":\"ReadAction\",\"target\":[\"https:\/\/www.caesarstone.ca\/fr\/caesarstone-canada-salles-de-ditribution-et-dexposition\/\"]}]},{\"@type\":\"ImageObject\",\"inLanguage\":\"fr-CA\",\"@id\":\"https:\/\/www.caesarstone.ca\/fr\/caesarstone-canada-salles-de-ditribution-et-dexposition\/#primaryimage\",\"url\":\"https:\/\/www.caesarstone.ca\/wp-content\/uploads\/sites\/5\/2021\/03\/MG_8337_1160x500.jpg\",\"contentUrl\":\"https:\/\/www.caesarstone.ca\/wp-content\/uploads\/sites\/5\/2021\/03\/MG_8337_1160x500.jpg\",\"width\":1160,\"height\":500,\"caption\":\"_MG_8337_1160x500\"},{\"@type\":\"BreadcrumbList\",\"@id\":\"https:\/\/www.caesarstone.ca\/fr\/caesarstone-canada-salles-de-ditribution-et-dexposition\/#breadcrumb\",\"itemListElement\":[{\"@type\":\"ListItem\",\"position\":1,\"name\":\"Home\",\"item\":\"https:\/\/www.caesarstone.ca\/fr\/\"},{\"@type\":\"ListItem\",\"position\":2,\"name\":\"Caesarstone Canada \u2013 Salles de distribution et d\u2019exposition\"}]},{\"@type\":\"WebSite\",\"@id\":\"https:\/\/www.caesarstone.ca\/fr\/#website\",\"url\":\"https:\/\/www.caesarstone.ca\/fr\/\",\"name\":\"Caesarstone Canada\",\"description\":\"Life in Stone\",\"publisher\":{\"@id\":\"https:\/\/www.caesarstone.ca\/fr\/#organization\"},\"potentialAction\":[{\"@type\":\"SearchAction\",\"target\":{\"@type\":\"EntryPoint\",\"urlTemplate\":\"https:\/\/www.caesarstone.ca\/fr\/?s={search_term_string}\"},\"query-input\":{\"@type\":\"PropertyValueSpecification\",\"valueRequired\":true,\"valueName\":\"search_term_string\"}}],\"inLanguage\":\"fr-CA\"},{\"@type\":\"Organization\",\"@id\":\"https:\/\/www.caesarstone.ca\/fr\/#organization\",\"name\":\"Caesarstone Canada\",\"url\":\"https:\/\/www.caesarstone.ca\/fr\/\",\"logo\":{\"@type\":\"ImageObject\",\"inLanguage\":\"fr-CA\",\"@id\":\"https:\/\/www.caesarstone.ca\/fr\/#\/schema\/logo\/image\/\",\"url\":\"https:\/\/www.caesarstone.ca\/wp-content\/uploads\/sites\/5\/2026\/03\/Caesarstone_logo.jpg\",\"contentUrl\":\"https:\/\/www.caesarstone.ca\/wp-content\/uploads\/sites\/5\/2026\/03\/Caesarstone_logo.jpg\",\"width\":1000,\"height\":158,\"caption\":\"Caesarstone Canada\"},\"image\":{\"@id\":\"https:\/\/www.caesarstone.ca\/fr\/#\/schema\/logo\/image\/\"},\"sameAs\":[\"https:\/\/www.facebook.com\/CaesarstoneCA\",\"https:\/\/www.instagram.com\/caesarstoneca\/\",\"https:\/\/www.linkedin.com\/company\/caesarstone-canada\/\",\"https:\/\/www.youtube.com\/@CaesarstoneNA\"]}]}<\/script>\n<!-- \/ Yoast SEO Premium plugin. -->","yoast_head_json":{"title":"Caesarstone Canada \u2013 Salles de distribution et d\u2019exposition","description":"Caesarstone Canada - Espaces de distribution et d'exposition. Explorez des id\u00e9es de comptoir inspirantes et des designs par Caesarstone Canada.","robots":{"index":"index","follow":"follow","max-snippet":"max-snippet:-1","max-image-preview":"max-image-preview:large","max-video-preview":"max-video-preview:-1"},"canonical":"https:\/\/www.caesarstone.ca\/fr\/caesarstone-canada-salles-de-ditribution-et-dexposition\/","og_locale":"fr_CA","og_type":"article","og_title":"Caesarstone Canada \u2013 Salles de distribution et d\u2019exposition","og_description":"Caesarstone Canada - Espaces de distribution et d'exposition. Explorez des id\u00e9es de comptoir inspirantes et des designs par Caesarstone Canada.","og_url":"https:\/\/www.caesarstone.ca\/fr\/caesarstone-canada-salles-de-ditribution-et-dexposition\/","og_site_name":"Caesarstone Canada","article_publisher":"https:\/\/www.facebook.com\/CaesarstoneCA","article_modified_time":"2023-12-22T18:03:28+00:00","og_image":[{"width":1160,"height":500,"url":"https:\/\/www.caesarstone.ca\/wp-content\/uploads\/sites\/5\/2021\/03\/MG_8337_1160x500.jpg","type":"image\/jpeg"}],"twitter_card":"summary_large_image","twitter_misc":{"Est. reading time":"3 minutes"},"schema":{"@context":"https:\/\/schema.org","@graph":[{"@type":"WebPage","@id":"https:\/\/www.caesarstone.ca\/fr\/caesarstone-canada-salles-de-ditribution-et-dexposition\/","url":"https:\/\/www.caesarstone.ca\/fr\/caesarstone-canada-salles-de-ditribution-et-dexposition\/","name":"Caesarstone Canada \u2013 Salles de distribution et d\u2019exposition","isPartOf":{"@id":"https:\/\/www.caesarstone.ca\/fr\/#website"},"primaryImageOfPage":{"@id":"https:\/\/www.caesarstone.ca\/fr\/caesarstone-canada-salles-de-ditribution-et-dexposition\/#primaryimage"},"image":{"@id":"https:\/\/www.caesarstone.ca\/fr\/caesarstone-canada-salles-de-ditribution-et-dexposition\/#primaryimage"},"thumbnailUrl":"https:\/\/www.caesarstone.ca\/wp-content\/uploads\/sites\/5\/2021\/03\/MG_8337_1160x500.jpg","datePublished":"2021-03-26T13:10:05+00:00","dateModified":"2023-12-22T18:03:28+00:00","description":"Caesarstone Canada - Espaces de distribution et d'exposition. Explorez des id\u00e9es de comptoir inspirantes et des designs par Caesarstone Canada.","breadcrumb":{"@id":"https:\/\/www.caesarstone.ca\/fr\/caesarstone-canada-salles-de-ditribution-et-dexposition\/#breadcrumb"},"inLanguage":"fr-CA","potentialAction":[{"@type":"ReadAction","target":["https:\/\/www.caesarstone.ca\/fr\/caesarstone-canada-salles-de-ditribution-et-dexposition\/"]}]},{"@type":"ImageObject","inLanguage":"fr-CA","@id":"https:\/\/www.caesarstone.ca\/fr\/caesarstone-canada-salles-de-ditribution-et-dexposition\/#primaryimage","url":"https:\/\/www.caesarstone.ca\/wp-content\/uploads\/sites\/5\/2021\/03\/MG_8337_1160x500.jpg","contentUrl":"https:\/\/www.caesarstone.ca\/wp-content\/uploads\/sites\/5\/2021\/03\/MG_8337_1160x500.jpg","width":1160,"height":500,"caption":"_MG_8337_1160x500"},{"@type":"BreadcrumbList","@id":"https:\/\/www.caesarstone.ca\/fr\/caesarstone-canada-salles-de-ditribution-et-dexposition\/#breadcrumb","itemListElement":[{"@type":"ListItem","position":1,"name":"Home","item":"https:\/\/www.caesarstone.ca\/fr\/"},{"@type":"ListItem","position":2,"name":"Caesarstone Canada \u2013 Salles de distribution et d\u2019exposition"}]},{"@type":"WebSite","@id":"https:\/\/www.caesarstone.ca\/fr\/#website","url":"https:\/\/www.caesarstone.ca\/fr\/","name":"Caesarstone Canada","description":"Life in Stone","publisher":{"@id":"https:\/\/www.caesarstone.ca\/fr\/#organization"},"potentialAction":[{"@type":"SearchAction","target":{"@type":"EntryPoint","urlTemplate":"https:\/\/www.caesarstone.ca\/fr\/?s={search_term_string}"},"query-input":{"@type":"PropertyValueSpecification","valueRequired":true,"valueName":"search_term_string"}}],"inLanguage":"fr-CA"},{"@type":"Organization","@id":"https:\/\/www.caesarstone.ca\/fr\/#organization","name":"Caesarstone Canada","url":"https:\/\/www.caesarstone.ca\/fr\/","logo":{"@type":"ImageObject","inLanguage":"fr-CA","@id":"https:\/\/www.caesarstone.ca\/fr\/#\/schema\/logo\/image\/","url":"https:\/\/www.caesarstone.ca\/wp-content\/uploads\/sites\/5\/2026\/03\/Caesarstone_logo.jpg","contentUrl":"https:\/\/www.caesarstone.ca\/wp-content\/uploads\/sites\/5\/2026\/03\/Caesarstone_logo.jpg","width":1000,"height":158,"caption":"Caesarstone Canada"},"image":{"@id":"https:\/\/www.caesarstone.ca\/fr\/#\/schema\/logo\/image\/"},"sameAs":["https:\/\/www.facebook.com\/CaesarstoneCA","https:\/\/www.instagram.com\/caesarstoneca\/","https:\/\/www.linkedin.com\/company\/caesarstone-canada\/","https:\/\/www.youtube.com\/@CaesarstoneNA"]}]}},"_links":{"self":[{"href":"https:\/\/www.caesarstone.ca\/fr\/wp-json\/wp\/v2\/pages\/35668","targetHints":{"allow":["GET"]}}],"collection":[{"href":"https:\/\/www.caesarstone.ca\/fr\/wp-json\/wp\/v2\/pages"}],"about":[{"href":"https:\/\/www.caesarstone.ca\/fr\/wp-json\/wp\/v2\/types\/page"}],"author":[{"embeddable":true,"href":"https:\/\/www.caesarstone.ca\/fr\/wp-json\/wp\/v2\/users\/13"}],"replies":[{"embeddable":true,"href":"https:\/\/www.caesarstone.ca\/fr\/wp-json\/wp\/v2\/comments?post=35668"}],"version-history":[{"count":12,"href":"https:\/\/www.caesarstone.ca\/fr\/wp-json\/wp\/v2\/pages\/35668\/revisions"}],"predecessor-version":[{"id":69955,"href":"https:\/\/www.caesarstone.ca\/fr\/wp-json\/wp\/v2\/pages\/35668\/revisions\/69955"}],"wp:featuredmedia":[{"embeddable":true,"href":"https:\/\/www.caesarstone.ca\/fr\/wp-json\/wp\/v2\/media\/35602"}],"wp:attachment":[{"href":"https:\/\/www.caesarstone.ca\/fr\/wp-json\/wp\/v2\/media?parent=35668"}],"curies":[{"name":"wp","href":"https:\/\/api.w.org\/{rel}","templated":true}]}}