{"id":38856,"date":"2021-05-23T06:21:08","date_gmt":"2021-05-23T12:21:08","guid":{"rendered":"https:\/\/www.caesarstone.ca\/blog-new-version\/"},"modified":"2026-03-23T08:12:07","modified_gmt":"2026-03-23T14:12:07","slug":"ecrit-dans-la-pierre","status":"publish","type":"page","link":"https:\/\/www.caesarstone.ca\/fr\/ecrit-dans-la-pierre\/","title":{"rendered":"Ecrit dans la pierre"},"content":{"rendered":"","protected":false},"excerpt":{"rendered":"","protected":false},"author":1,"featured_media":0,"parent":0,"menu_order":0,"comment_status":"closed","ping_status":"closed","template":"templates\/blog.php","meta":{"_acf_changed":false,"footnotes":""},"class_list":["post-38856","page","type-page","status-publish","hentry"],"acf":{"sections":[{"type":"Custom","title":"Articles pr\u00e9f\u00e9r\u00e9s","posts":[84683,82941,5445,79692,78737,78908],"slideshow_posts":null,"category_banners":[{"title":"Votre aventure cr\u00e9ative, nos conseils","image":39311,"subtitle":"Planifiez le voyage qui donne vie \u00e0 votre r\u00eave","cta":{"title":"Liste de v\u00e9rification du projet","url":"https:\/\/www.caesarstone.ca\/fr\/liste-de-verification-du-projet\/","target":""},"category":[155]},{"title":"Conna\u00eetre votre style de d\u00e9coration d'int\u00e9rieur","image":null,"subtitle":"Imaginez l'espace que vous aimeriez cr\u00e9er autour de votre comptoir","cta":{"title":"Histoires de style","url":"https:\/\/www.caesarstone.ca\/fr\/histoires-de-style\/","target":""},"category":[156]}],"number_of_posts":"","grid_render":true,"show_dates":false,"revert":false}],"hide_gallery_button":false,"related_post_card":{"title":"","desc":"","image":null,"video_url":""}},"yoast_head":"<!-- This site is optimized with the Yoast SEO Premium plugin v27.2 (Yoast SEO v27.2) - https:\/\/yoast.com\/product\/yoast-seo-premium-wordpress\/ -->\n<title>Ecrit dans la pierre - Caesarstone Canada<\/title>\n<meta name=\"description\" content=\"Ecrit dans la pierre. Laissez-vous inspirer et d\u00e9couvrez votre propre style personnel. Cliquez pour explorer d&#039;excellentes id\u00e9es de comptoirs et styles de design de Caesarstone Canada.\" \/>\n<meta name=\"robots\" content=\"index, follow, max-snippet:-1, max-image-preview:large, max-video-preview:-1\" \/>\n<link rel=\"canonical\" href=\"https:\/\/www.caesarstone.ca\/fr\/ecrit-dans-la-pierre\/\" \/>\n<meta property=\"og:locale\" content=\"fr_CA\" \/>\n<meta property=\"og:type\" content=\"article\" \/>\n<meta property=\"og:title\" content=\"Ecrit dans la pierre\" \/>\n<meta property=\"og:description\" content=\"Ecrit dans la pierre. Laissez-vous inspirer et d\u00e9couvrez votre propre style personnel. Cliquez pour explorer d&#039;excellentes id\u00e9es de comptoirs et styles de design de Caesarstone Canada.\" \/>\n<meta property=\"og:url\" content=\"https:\/\/www.caesarstone.ca\/fr\/ecrit-dans-la-pierre\/\" \/>\n<meta property=\"og:site_name\" content=\"Caesarstone Canada\" \/>\n<meta property=\"article:publisher\" content=\"https:\/\/www.facebook.com\/CaesarstoneCA\" \/>\n<meta property=\"article:modified_time\" content=\"2026-03-23T14:12:07+00:00\" \/>\n<meta name=\"twitter:card\" content=\"summary_large_image\" \/>\n<script type=\"application\/ld+json\" class=\"yoast-schema-graph\">{\"@context\":\"https:\/\/schema.org\",\"@graph\":[{\"@type\":\"WebPage\",\"@id\":\"https:\/\/www.caesarstone.ca\/fr\/ecrit-dans-la-pierre\/\",\"url\":\"https:\/\/www.caesarstone.ca\/fr\/ecrit-dans-la-pierre\/\",\"name\":\"Ecrit dans la pierre - Caesarstone Canada\",\"isPartOf\":{\"@id\":\"https:\/\/www.caesarstone.ca\/fr\/#website\"},\"datePublished\":\"2021-05-23T12:21:08+00:00\",\"dateModified\":\"2026-03-23T14:12:07+00:00\",\"description\":\"Ecrit dans la pierre. Laissez-vous inspirer et d\u00e9couvrez votre propre style personnel. Cliquez pour explorer d'excellentes id\u00e9es de comptoirs et styles de design de Caesarstone Canada.\",\"breadcrumb\":{\"@id\":\"https:\/\/www.caesarstone.ca\/fr\/ecrit-dans-la-pierre\/#breadcrumb\"},\"inLanguage\":\"fr-CA\",\"potentialAction\":[{\"@type\":\"ReadAction\",\"target\":[\"https:\/\/www.caesarstone.ca\/fr\/ecrit-dans-la-pierre\/\"]}]},{\"@type\":\"BreadcrumbList\",\"@id\":\"https:\/\/www.caesarstone.ca\/fr\/ecrit-dans-la-pierre\/#breadcrumb\",\"itemListElement\":[{\"@type\":\"ListItem\",\"position\":1,\"name\":\"Home\",\"item\":\"https:\/\/www.caesarstone.ca\/fr\/\"},{\"@type\":\"ListItem\",\"position\":2,\"name\":\"Ecrit dans la pierre\"}]},{\"@type\":\"WebSite\",\"@id\":\"https:\/\/www.caesarstone.ca\/fr\/#website\",\"url\":\"https:\/\/www.caesarstone.ca\/fr\/\",\"name\":\"Caesarstone Canada\",\"description\":\"Life in Stone\",\"publisher\":{\"@id\":\"https:\/\/www.caesarstone.ca\/fr\/#organization\"},\"potentialAction\":[{\"@type\":\"SearchAction\",\"target\":{\"@type\":\"EntryPoint\",\"urlTemplate\":\"https:\/\/www.caesarstone.ca\/fr\/?s={search_term_string}\"},\"query-input\":{\"@type\":\"PropertyValueSpecification\",\"valueRequired\":true,\"valueName\":\"search_term_string\"}}],\"inLanguage\":\"fr-CA\"},{\"@type\":\"Organization\",\"@id\":\"https:\/\/www.caesarstone.ca\/fr\/#organization\",\"name\":\"Caesarstone Canada\",\"url\":\"https:\/\/www.caesarstone.ca\/fr\/\",\"logo\":{\"@type\":\"ImageObject\",\"inLanguage\":\"fr-CA\",\"@id\":\"https:\/\/www.caesarstone.ca\/fr\/#\/schema\/logo\/image\/\",\"url\":\"https:\/\/www.caesarstone.ca\/wp-content\/uploads\/sites\/5\/2026\/03\/Caesarstone_logo.jpg\",\"contentUrl\":\"https:\/\/www.caesarstone.ca\/wp-content\/uploads\/sites\/5\/2026\/03\/Caesarstone_logo.jpg\",\"width\":1000,\"height\":158,\"caption\":\"Caesarstone Canada\"},\"image\":{\"@id\":\"https:\/\/www.caesarstone.ca\/fr\/#\/schema\/logo\/image\/\"},\"sameAs\":[\"https:\/\/www.facebook.com\/CaesarstoneCA\",\"https:\/\/www.instagram.com\/caesarstoneca\/\",\"https:\/\/www.linkedin.com\/company\/caesarstone-canada\/\",\"https:\/\/www.youtube.com\/@CaesarstoneNA\"]}]}<\/script>\n<!-- \/ Yoast SEO Premium plugin. -->","yoast_head_json":{"title":"Ecrit dans la pierre - Caesarstone Canada","description":"Ecrit dans la pierre. Laissez-vous inspirer et d\u00e9couvrez votre propre style personnel. Cliquez pour explorer d'excellentes id\u00e9es de comptoirs et styles de design de Caesarstone Canada.","robots":{"index":"index","follow":"follow","max-snippet":"max-snippet:-1","max-image-preview":"max-image-preview:large","max-video-preview":"max-video-preview:-1"},"canonical":"https:\/\/www.caesarstone.ca\/fr\/ecrit-dans-la-pierre\/","og_locale":"fr_CA","og_type":"article","og_title":"Ecrit dans la pierre","og_description":"Ecrit dans la pierre. Laissez-vous inspirer et d\u00e9couvrez votre propre style personnel. Cliquez pour explorer d'excellentes id\u00e9es de comptoirs et styles de design de Caesarstone Canada.","og_url":"https:\/\/www.caesarstone.ca\/fr\/ecrit-dans-la-pierre\/","og_site_name":"Caesarstone Canada","article_publisher":"https:\/\/www.facebook.com\/CaesarstoneCA","article_modified_time":"2026-03-23T14:12:07+00:00","twitter_card":"summary_large_image","schema":{"@context":"https:\/\/schema.org","@graph":[{"@type":"WebPage","@id":"https:\/\/www.caesarstone.ca\/fr\/ecrit-dans-la-pierre\/","url":"https:\/\/www.caesarstone.ca\/fr\/ecrit-dans-la-pierre\/","name":"Ecrit dans la pierre - Caesarstone Canada","isPartOf":{"@id":"https:\/\/www.caesarstone.ca\/fr\/#website"},"datePublished":"2021-05-23T12:21:08+00:00","dateModified":"2026-03-23T14:12:07+00:00","description":"Ecrit dans la pierre. Laissez-vous inspirer et d\u00e9couvrez votre propre style personnel. Cliquez pour explorer d'excellentes id\u00e9es de comptoirs et styles de design de Caesarstone Canada.","breadcrumb":{"@id":"https:\/\/www.caesarstone.ca\/fr\/ecrit-dans-la-pierre\/#breadcrumb"},"inLanguage":"fr-CA","potentialAction":[{"@type":"ReadAction","target":["https:\/\/www.caesarstone.ca\/fr\/ecrit-dans-la-pierre\/"]}]},{"@type":"BreadcrumbList","@id":"https:\/\/www.caesarstone.ca\/fr\/ecrit-dans-la-pierre\/#breadcrumb","itemListElement":[{"@type":"ListItem","position":1,"name":"Home","item":"https:\/\/www.caesarstone.ca\/fr\/"},{"@type":"ListItem","position":2,"name":"Ecrit dans la pierre"}]},{"@type":"WebSite","@id":"https:\/\/www.caesarstone.ca\/fr\/#website","url":"https:\/\/www.caesarstone.ca\/fr\/","name":"Caesarstone Canada","description":"Life in Stone","publisher":{"@id":"https:\/\/www.caesarstone.ca\/fr\/#organization"},"potentialAction":[{"@type":"SearchAction","target":{"@type":"EntryPoint","urlTemplate":"https:\/\/www.caesarstone.ca\/fr\/?s={search_term_string}"},"query-input":{"@type":"PropertyValueSpecification","valueRequired":true,"valueName":"search_term_string"}}],"inLanguage":"fr-CA"},{"@type":"Organization","@id":"https:\/\/www.caesarstone.ca\/fr\/#organization","name":"Caesarstone Canada","url":"https:\/\/www.caesarstone.ca\/fr\/","logo":{"@type":"ImageObject","inLanguage":"fr-CA","@id":"https:\/\/www.caesarstone.ca\/fr\/#\/schema\/logo\/image\/","url":"https:\/\/www.caesarstone.ca\/wp-content\/uploads\/sites\/5\/2026\/03\/Caesarstone_logo.jpg","contentUrl":"https:\/\/www.caesarstone.ca\/wp-content\/uploads\/sites\/5\/2026\/03\/Caesarstone_logo.jpg","width":1000,"height":158,"caption":"Caesarstone Canada"},"image":{"@id":"https:\/\/www.caesarstone.ca\/fr\/#\/schema\/logo\/image\/"},"sameAs":["https:\/\/www.facebook.com\/CaesarstoneCA","https:\/\/www.instagram.com\/caesarstoneca\/","https:\/\/www.linkedin.com\/company\/caesarstone-canada\/","https:\/\/www.youtube.com\/@CaesarstoneNA"]}]}},"_links":{"self":[{"href":"https:\/\/www.caesarstone.ca\/fr\/wp-json\/wp\/v2\/pages\/38856","targetHints":{"allow":["GET"]}}],"collection":[{"href":"https:\/\/www.caesarstone.ca\/fr\/wp-json\/wp\/v2\/pages"}],"about":[{"href":"https:\/\/www.caesarstone.ca\/fr\/wp-json\/wp\/v2\/types\/page"}],"author":[{"embeddable":true,"href":"https:\/\/www.caesarstone.ca\/fr\/wp-json\/wp\/v2\/users\/1"}],"replies":[{"embeddable":true,"href":"https:\/\/www.caesarstone.ca\/fr\/wp-json\/wp\/v2\/comments?post=38856"}],"version-history":[{"count":10,"href":"https:\/\/www.caesarstone.ca\/fr\/wp-json\/wp\/v2\/pages\/38856\/revisions"}],"predecessor-version":[{"id":85077,"href":"https:\/\/www.caesarstone.ca\/fr\/wp-json\/wp\/v2\/pages\/38856\/revisions\/85077"}],"wp:attachment":[{"href":"https:\/\/www.caesarstone.ca\/fr\/wp-json\/wp\/v2\/media?parent=38856"}],"curies":[{"name":"wp","href":"https:\/\/api.w.org\/{rel}","templated":true}]}}