{"id":40090,"date":"2021-07-20T09:42:37","date_gmt":"2021-07-20T15:42:37","guid":{"rendered":"https:\/\/www.caesarstone.ca\/?page_id=40090"},"modified":"2023-09-12T11:34:43","modified_gmt":"2023-09-12T17:34:43","slug":"professional-partners-portal","status":"publish","type":"page","link":"https:\/\/www.caesarstone.ca\/fr\/professional-partners-portal\/","title":{"rendered":"Portail des partenaires professionnels"},"content":{"rendered":"\n<p class=\"has-text-align-center\">Cette page est notamment destin\u00e9e aux fabricants, architectes, concepteurs et professionnels en am\u00e9nagement de cuisine et de salle de bain. Vous y trouverez des fichiers 3D, des images couleur Caesarstone et des documents publicitaires. Vous pouvez \u00e9galement y commander des \u00e9chantillons et vous inscrire \u00e0 nos tout nouveaux cours donnant droit \u00e0 des CEP!<\/p>\n\n\n\n<div class=\"editor-widgets__spacer\" style=\"--mob-space-top:0px;--desk-space-top:0px\"><\/div>\n\n\n<div class=\"wp-block-columns are-vertically-aligned-top is-layout-flex wp-container-core-columns-is-layout-9d6595d7 wp-block-columns-is-layout-flex\">\n<div class=\"wp-block-column is-vertically-aligned-top is-layout-flow wp-block-column-is-layout-flow\">\n<figure class=\"wp-block-image size-full is-resized\"><img loading=\"lazy\" decoding=\"async\" src=\"https:\/\/www.caesarstoneus.com\/wp-content\/uploads\/2021\/02\/\u200f\u200f\u05dc\u05db\u05d9\u05d3\u05d4.jpg\" alt=\"\" class=\"wp-image-32933\" width=\"227\" height=\"146\"\/><\/figure>\n\n\n\n<p><strong><strong>FORMATION MASTER OF STONE<\/strong><br><\/strong><a href=\"https:\/\/mos.caesarstone.ca\/fr\/\" target=\"_blank\" rel=\"noreferrer noopener\">Visitez la zone professionnelle Caesarstone pour les fabricants<\/a>.<\/p>\n<\/div>\n\n\n\n<div class=\"wp-block-column is-vertically-aligned-top is-layout-flow wp-block-column-is-layout-flow\">\n<figure class=\"wp-block-image size-large is-resized\"><img loading=\"lazy\" decoding=\"async\" src=\"https:\/\/www.caesarstoneus.com\/wp-content\/uploads\/2021\/02\/pro-site-01.jpg\" alt=\"\" class=\"wp-image-33515\" width=\"228\" height=\"143\"\/><\/figure>\n\n\n\n<p><strong><strong><strong>COURS DONNANT DROIT <\/strong><\/strong><\/strong><br><strong><strong><strong>\u00c0 DES CEP<\/strong><\/strong><\/strong><br>Inscrivez-vous \u00e0 un <a href=\"https:\/\/www.hanleywooduniversity.com\/course\/7319\/aia\/health-and-wellness\/outdoor-living\/aia\/canada-potential\/idcec\/la-ces-hsw\/responding-to-the-increased-demand-for-outdoor-living-spaces-with-innovative-outdoor-quartz-surfaces\" target=\"_blank\" rel=\"noreferrer noopener\">NOUVEAU cours sur les surfaces de quartz ext\u00e9rieures<\/a> ou \u00e0 tout autre cours que nous offrons <a href=\"https:\/\/www.hanleywooduniversity.com\/search\/caesarstone\/\" target=\"_blank\" rel=\"noreferrer noopener\">ici<\/a>.&nbsp;<\/p>\n<\/div>\n\n\n\n<div class=\"wp-block-column is-vertically-aligned-top is-layout-flow wp-block-column-is-layout-flow\">\n<figure class=\"wp-block-image size-large is-resized\"><img loading=\"lazy\" decoding=\"async\" src=\"https:\/\/www.caesarstoneus.com\/wp-content\/uploads\/2021\/02\/pro-site-03.jpg\" alt=\"\" class=\"wp-image-33516\" width=\"229\" height=\"146\"\/><\/figure>\n\n\n\n<p><strong><strong>\u00c9CHANTILLONS<\/strong><\/strong><a href=\"https:\/\/caesarstone.assetbank-server.com\/assetbank-caesarstone\/action\/browseItems?categoryId=2575&amp;categoryTypeId=2\" target=\"_blank\" rel=\"noreferrer noopener\"><br><\/a><strong>Vous aimeriez des \u00e9chantillons <\/strong>Caesarstone? Contactez votre repr\u00e9sentant commercial local. Les architectes et concepteurs peuvent \u00e9galement commander des \u00e9chantillons \u00e0 partir de <a href=\"https:\/\/www.materialbank.com\/search?material=All+Materials&amp;q=Caesarstone&amp;queryAssumption=correction\" target=\"_blank\" rel=\"noreferrer noopener\"> Material Bank<\/a>.<\/p>\n<\/div>\n<\/div>\n\n\n\n<div class=\"wp-block-columns is-layout-flex wp-container-core-columns-is-layout-9d6595d7 wp-block-columns-is-layout-flex\">\n<div class=\"wp-block-column is-layout-flow wp-block-column-is-layout-flow\">\n<figure class=\"wp-block-image size-large is-resized\"><img loading=\"lazy\" decoding=\"async\" src=\"https:\/\/www.caesarstoneus.com\/wp-content\/uploads\/2021\/02\/marketing-assets.jpg\" alt=\"Marketing assets\" class=\"wp-image-33517\" width=\"256\" height=\"156\"\/><\/figure>\n\n\n\n<p><strong><strong>DOCUMENTS PUBLICITAIRES<\/strong><br><\/strong><a href=\"https:\/\/caesarstone.assetbank-server.com\/assetbank-caesarstone\/action\/browseItems?categoryId=3482&amp;categoryTypeId=2\" target=\"_blank\" rel=\"noreferrer noopener\">T\u00e9l\u00e9chargez des articles, des images de dalles et de produits et des logos de Caesarstone.<\/a><\/p>\n<\/div>\n\n\n\n<div class=\"wp-block-column is-layout-flow wp-block-column-is-layout-flow\">\n<figure class=\"wp-block-image size-large is-resized\"><img loading=\"lazy\" decoding=\"async\" src=\"https:\/\/www.caesarstoneus.com\/wp-content\/uploads\/2021\/02\/pro-site-03.jpg\" alt=\"\" class=\"wp-image-33516\" width=\"252\" height=\"158\"\/><\/figure>\n\n\n\n<p><strong><strong>FICHIERS 3D<\/strong><br><\/strong><a href=\"https:\/\/caesarstone.assetbank-server.com\/assetbank-caesarstone\/action\/browseItems?categoryId=3481&amp;categoryTypeId=2\" target=\"_blank\" rel=\"noreferrer noopener\">T\u00e9l\u00e9chargez des fichiers 3D de Caesarstone pour 2020, Revit, GSM et SketchUp.<\/a><\/p>\n<\/div>\n\n\n\n<div class=\"wp-block-column is-layout-flow wp-block-column-is-layout-flow\">\n<figure class=\"wp-block-image size-large is-resized\"><img loading=\"lazy\" decoding=\"async\" src=\"https:\/\/www.caesarstoneus.com\/wp-content\/uploads\/2021\/02\/product-lit..jpg\" alt=\"PRODUCT LITERATURE\" class=\"wp-image-33521\" width=\"263\" height=\"156\"\/><\/figure>\n\n\n\n<p><strong><strong>DOCUMENTS SUR LES PRODUITS<\/strong><\/strong><br>T\u00e9l\u00e9chargez les <a href=\"https:\/\/caesarstone.assetbank-server.com\/assetbank-caesarstone\/action\/browseItems?categoryId=3483&amp;categoryTypeId=2\" target=\"_blank\" rel=\"noreferrer noopener\">documents sur les produits<\/a> et les <a href=\"https:\/\/www.caesarstone.ca\/fr\/catalogues-en-ligne\/\">catalogues en ligne <\/a>de Caesarstone.<\/p>\n<\/div>\n<\/div>\n\n\n\n<div class=\"wp-block-columns are-vertically-aligned-top is-layout-flex wp-container-core-columns-is-layout-9d6595d7 wp-block-columns-is-layout-flex\">\n<div class=\"wp-block-column is-vertically-aligned-top is-layout-flow wp-block-column-is-layout-flow\"><div class=\"wp-block-image\">\n<figure class=\"aligncenter size-large is-resized\"><img loading=\"lazy\" decoding=\"async\" src=\"https:\/\/www.caesarstoneus.com\/wp-content\/uploads\/2021\/02\/pro-site-01.jpg\" alt=\"SPECIFICATION TEMPLATE DOCS\" class=\"wp-image-33515\" width=\"224\" height=\"140\"\/><\/figure>\n<\/div>\n\n\n<p><strong><strong><strong>CARACT\u00c9RISTIQUES TECHNIQUES<\/strong><br><\/strong><\/strong>T\u00e9l\u00e9chargez <a href=\"https:\/\/caesarstone.assetbank-server.com\/assetbank-caesarstone\/action\/browseItems?categoryId=3480&amp;categoryTypeId=2\" target=\"_blank\" rel=\"noreferrer noopener\">les documents techniques de Caesarstone<\/a>.<\/p>\n<\/div>\n\n\n\n<div class=\"wp-block-column is-vertically-aligned-top is-layout-flow wp-block-column-is-layout-flow\"><div class=\"wp-block-image\">\n<figure class=\"aligncenter size-full is-resized\"><img loading=\"lazy\" decoding=\"async\" src=\"https:\/\/www.caesarstoneus.com\/wp-content\/uploads\/2021\/02\/\u200f\u200f\u05dc\u05db\u05d9\u05d3\u05d40111.jpg\" alt=\"\" class=\"wp-image-33520\" width=\"219\" height=\"140\"\/><\/figure>\n<\/div>\n\n\n<p><strong>CARACT\u00c9RISTIQUES ET DESIGN<\/strong><br><a href=\"https:\/\/www.caesarstone.ca\/fr\/caracteristiques-et-design\/\" target=\"_blank\" rel=\"noreferrer noopener\">D\u00e9couvrez les finitions, les dimensions et les bordures offertes.<\/a><\/p>\n<\/div>\n\n\n\n<div class=\"wp-block-column is-vertically-aligned-top is-layout-flow wp-block-column-is-layout-flow\">\n<figure class=\"wp-block-image size-large is-resized\"><img loading=\"lazy\" decoding=\"async\" src=\"https:\/\/www.caesarstoneus.com\/wp-content\/uploads\/2021\/04\/featured-designer.jpg\" alt=\"\" class=\"wp-image-36185\" width=\"232\" height=\"139\"\/><\/figure>\n\n\n\n<p><strong><strong>PROGRAMME PLEINS FEUX SUR LES CONCEPTEURS<\/strong><br><\/strong>Identifiez @caesarstoneus sur les photos de votre projet Caesarstone pour que nous puissions les partager!<\/p>\n<\/div>\n<\/div>\n\n\n\n<div class=\"wp-block-columns is-layout-flex wp-container-core-columns-is-layout-9d6595d7 wp-block-columns-is-layout-flex\">\n<div class=\"wp-block-column is-layout-flow wp-block-column-is-layout-flow\"><\/div>\n<\/div>\n","protected":false},"excerpt":{"rendered":"<p>Cette page est notamment destin\u00e9e aux fabricants, architectes, concepteurs et professionnels en am\u00e9nagement de cuisine et de salle de bain. Vous y trouverez des fichiers 3D, des images couleur Caesarstone et des documents publicitaires. Vous pouvez \u00e9galement y commander des \u00e9chantillons et vous inscrire \u00e0 nos tout nouveaux cours donnant droit \u00e0 des CEP! FORMATION [&hellip;]<\/p>\n","protected":false},"author":13,"featured_media":0,"parent":0,"menu_order":0,"comment_status":"closed","ping_status":"closed","template":"","meta":{"_acf_changed":false,"footnotes":""},"class_list":["post-40090","page","type-page","status-publish","hentry"],"acf":{"head_strip":{"":null,"background":null,"background_mobile":null,"title":"","subtitle":"","use_cta":false,"video_url":"","cta":null},"cs_related_posts":{"title":"","link":null,"articles":null,"show_pagination":false,"show_arrows":true,"space_desktop":{"top":0,"bottom":0},"space_mobile":{"top":0,"bottom":0},"background":"#f7f7f7","text_color":"#252525"},"related_post_card":{"title":"","desc":"","image":null,"video_url":""}},"yoast_head":"<!-- This site is optimized with the Yoast SEO Premium plugin v27.2 (Yoast SEO v27.2) - https:\/\/yoast.com\/product\/yoast-seo-premium-wordpress\/ -->\n<title>Portail des partenaires professionnels - Caesarstone Canada<\/title>\n<meta name=\"description\" content=\"Portail des partenaires professionnels. Laissez-vous inspirer et d\u00e9couvrez votre propre style personnel. Cliquez pour explorer d&#039;excellentes id\u00e9es de comptoirs et styles de design de Caesarstone Canada.\" \/>\n<meta name=\"robots\" content=\"index, follow, max-snippet:-1, max-image-preview:large, max-video-preview:-1\" \/>\n<link rel=\"canonical\" href=\"https:\/\/www.caesarstone.ca\/fr\/professional-partners-portal\/\" \/>\n<meta property=\"og:locale\" content=\"fr_CA\" \/>\n<meta property=\"og:type\" content=\"article\" \/>\n<meta property=\"og:title\" content=\"Portail des partenaires professionnels\" \/>\n<meta property=\"og:description\" content=\"Portail des partenaires professionnels. Laissez-vous inspirer et d\u00e9couvrez votre propre style personnel. Cliquez pour explorer d&#039;excellentes id\u00e9es de comptoirs et styles de design de Caesarstone Canada.\" \/>\n<meta property=\"og:url\" content=\"https:\/\/www.caesarstone.ca\/fr\/professional-partners-portal\/\" \/>\n<meta property=\"og:site_name\" content=\"Caesarstone Canada\" \/>\n<meta property=\"article:publisher\" content=\"https:\/\/www.facebook.com\/CaesarstoneCA\" \/>\n<meta property=\"article:modified_time\" content=\"2023-09-12T17:34:43+00:00\" \/>\n<meta property=\"og:image\" content=\"https:\/\/www.caesarstoneus.com\/wp-content\/uploads\/2021\/02\/pro-site-01.jpg\" \/>\n<meta name=\"twitter:card\" content=\"summary_large_image\" \/>\n<meta name=\"twitter:label1\" content=\"Est. reading time\" \/>\n\t<meta name=\"twitter:data1\" content=\"3 minutes\" \/>\n<script type=\"application\/ld+json\" class=\"yoast-schema-graph\">{\"@context\":\"https:\/\/schema.org\",\"@graph\":[{\"@type\":\"WebPage\",\"@id\":\"https:\/\/www.caesarstone.ca\/fr\/professional-partners-portal\/\",\"url\":\"https:\/\/www.caesarstone.ca\/fr\/professional-partners-portal\/\",\"name\":\"Portail des partenaires professionnels - Caesarstone Canada\",\"isPartOf\":{\"@id\":\"https:\/\/www.caesarstone.ca\/fr\/#website\"},\"primaryImageOfPage\":{\"@id\":\"https:\/\/www.caesarstone.ca\/fr\/professional-partners-portal\/#primaryimage\"},\"image\":{\"@id\":\"https:\/\/www.caesarstone.ca\/fr\/professional-partners-portal\/#primaryimage\"},\"thumbnailUrl\":\"https:\/\/www.caesarstoneus.com\/wp-content\/uploads\/2021\/02\/pro-site-01.jpg\",\"datePublished\":\"2021-07-20T15:42:37+00:00\",\"dateModified\":\"2023-09-12T17:34:43+00:00\",\"description\":\"Portail des partenaires professionnels. Laissez-vous inspirer et d\u00e9couvrez votre propre style personnel. Cliquez pour explorer d'excellentes id\u00e9es de comptoirs et styles de design de Caesarstone Canada.\",\"breadcrumb\":{\"@id\":\"https:\/\/www.caesarstone.ca\/fr\/professional-partners-portal\/#breadcrumb\"},\"inLanguage\":\"fr-CA\",\"potentialAction\":[{\"@type\":\"ReadAction\",\"target\":[\"https:\/\/www.caesarstone.ca\/fr\/professional-partners-portal\/\"]}]},{\"@type\":\"ImageObject\",\"inLanguage\":\"fr-CA\",\"@id\":\"https:\/\/www.caesarstone.ca\/fr\/professional-partners-portal\/#primaryimage\",\"url\":\"https:\/\/www.caesarstoneus.com\/wp-content\/uploads\/2021\/02\/pro-site-01.jpg\",\"contentUrl\":\"https:\/\/www.caesarstoneus.com\/wp-content\/uploads\/2021\/02\/pro-site-01.jpg\"},{\"@type\":\"BreadcrumbList\",\"@id\":\"https:\/\/www.caesarstone.ca\/fr\/professional-partners-portal\/#breadcrumb\",\"itemListElement\":[{\"@type\":\"ListItem\",\"position\":1,\"name\":\"Home\",\"item\":\"https:\/\/www.caesarstone.ca\/fr\/\"},{\"@type\":\"ListItem\",\"position\":2,\"name\":\"Portail des partenaires professionnels\"}]},{\"@type\":\"WebSite\",\"@id\":\"https:\/\/www.caesarstone.ca\/fr\/#website\",\"url\":\"https:\/\/www.caesarstone.ca\/fr\/\",\"name\":\"Caesarstone Canada\",\"description\":\"Life in Stone\",\"publisher\":{\"@id\":\"https:\/\/www.caesarstone.ca\/fr\/#organization\"},\"potentialAction\":[{\"@type\":\"SearchAction\",\"target\":{\"@type\":\"EntryPoint\",\"urlTemplate\":\"https:\/\/www.caesarstone.ca\/fr\/?s={search_term_string}\"},\"query-input\":{\"@type\":\"PropertyValueSpecification\",\"valueRequired\":true,\"valueName\":\"search_term_string\"}}],\"inLanguage\":\"fr-CA\"},{\"@type\":\"Organization\",\"@id\":\"https:\/\/www.caesarstone.ca\/fr\/#organization\",\"name\":\"Caesarstone Canada\",\"url\":\"https:\/\/www.caesarstone.ca\/fr\/\",\"logo\":{\"@type\":\"ImageObject\",\"inLanguage\":\"fr-CA\",\"@id\":\"https:\/\/www.caesarstone.ca\/fr\/#\/schema\/logo\/image\/\",\"url\":\"https:\/\/www.caesarstone.ca\/wp-content\/uploads\/sites\/5\/2026\/03\/Caesarstone_logo.jpg\",\"contentUrl\":\"https:\/\/www.caesarstone.ca\/wp-content\/uploads\/sites\/5\/2026\/03\/Caesarstone_logo.jpg\",\"width\":1000,\"height\":158,\"caption\":\"Caesarstone Canada\"},\"image\":{\"@id\":\"https:\/\/www.caesarstone.ca\/fr\/#\/schema\/logo\/image\/\"},\"sameAs\":[\"https:\/\/www.facebook.com\/CaesarstoneCA\",\"https:\/\/www.instagram.com\/caesarstoneca\/\",\"https:\/\/www.linkedin.com\/company\/caesarstone-canada\/\",\"https:\/\/www.youtube.com\/@CaesarstoneNA\"]}]}<\/script>\n<!-- \/ Yoast SEO Premium plugin. -->","yoast_head_json":{"title":"Portail des partenaires professionnels - Caesarstone Canada","description":"Portail des partenaires professionnels. Laissez-vous inspirer et d\u00e9couvrez votre propre style personnel. Cliquez pour explorer d'excellentes id\u00e9es de comptoirs et styles de design de Caesarstone Canada.","robots":{"index":"index","follow":"follow","max-snippet":"max-snippet:-1","max-image-preview":"max-image-preview:large","max-video-preview":"max-video-preview:-1"},"canonical":"https:\/\/www.caesarstone.ca\/fr\/professional-partners-portal\/","og_locale":"fr_CA","og_type":"article","og_title":"Portail des partenaires professionnels","og_description":"Portail des partenaires professionnels. Laissez-vous inspirer et d\u00e9couvrez votre propre style personnel. Cliquez pour explorer d'excellentes id\u00e9es de comptoirs et styles de design de Caesarstone Canada.","og_url":"https:\/\/www.caesarstone.ca\/fr\/professional-partners-portal\/","og_site_name":"Caesarstone Canada","article_publisher":"https:\/\/www.facebook.com\/CaesarstoneCA","article_modified_time":"2023-09-12T17:34:43+00:00","og_image":[{"url":"https:\/\/www.caesarstoneus.com\/wp-content\/uploads\/2021\/02\/pro-site-01.jpg","type":"","width":"","height":""}],"twitter_card":"summary_large_image","twitter_misc":{"Est. reading time":"3 minutes"},"schema":{"@context":"https:\/\/schema.org","@graph":[{"@type":"WebPage","@id":"https:\/\/www.caesarstone.ca\/fr\/professional-partners-portal\/","url":"https:\/\/www.caesarstone.ca\/fr\/professional-partners-portal\/","name":"Portail des partenaires professionnels - Caesarstone Canada","isPartOf":{"@id":"https:\/\/www.caesarstone.ca\/fr\/#website"},"primaryImageOfPage":{"@id":"https:\/\/www.caesarstone.ca\/fr\/professional-partners-portal\/#primaryimage"},"image":{"@id":"https:\/\/www.caesarstone.ca\/fr\/professional-partners-portal\/#primaryimage"},"thumbnailUrl":"https:\/\/www.caesarstoneus.com\/wp-content\/uploads\/2021\/02\/pro-site-01.jpg","datePublished":"2021-07-20T15:42:37+00:00","dateModified":"2023-09-12T17:34:43+00:00","description":"Portail des partenaires professionnels. Laissez-vous inspirer et d\u00e9couvrez votre propre style personnel. Cliquez pour explorer d'excellentes id\u00e9es de comptoirs et styles de design de Caesarstone Canada.","breadcrumb":{"@id":"https:\/\/www.caesarstone.ca\/fr\/professional-partners-portal\/#breadcrumb"},"inLanguage":"fr-CA","potentialAction":[{"@type":"ReadAction","target":["https:\/\/www.caesarstone.ca\/fr\/professional-partners-portal\/"]}]},{"@type":"ImageObject","inLanguage":"fr-CA","@id":"https:\/\/www.caesarstone.ca\/fr\/professional-partners-portal\/#primaryimage","url":"https:\/\/www.caesarstoneus.com\/wp-content\/uploads\/2021\/02\/pro-site-01.jpg","contentUrl":"https:\/\/www.caesarstoneus.com\/wp-content\/uploads\/2021\/02\/pro-site-01.jpg"},{"@type":"BreadcrumbList","@id":"https:\/\/www.caesarstone.ca\/fr\/professional-partners-portal\/#breadcrumb","itemListElement":[{"@type":"ListItem","position":1,"name":"Home","item":"https:\/\/www.caesarstone.ca\/fr\/"},{"@type":"ListItem","position":2,"name":"Portail des partenaires professionnels"}]},{"@type":"WebSite","@id":"https:\/\/www.caesarstone.ca\/fr\/#website","url":"https:\/\/www.caesarstone.ca\/fr\/","name":"Caesarstone Canada","description":"Life in Stone","publisher":{"@id":"https:\/\/www.caesarstone.ca\/fr\/#organization"},"potentialAction":[{"@type":"SearchAction","target":{"@type":"EntryPoint","urlTemplate":"https:\/\/www.caesarstone.ca\/fr\/?s={search_term_string}"},"query-input":{"@type":"PropertyValueSpecification","valueRequired":true,"valueName":"search_term_string"}}],"inLanguage":"fr-CA"},{"@type":"Organization","@id":"https:\/\/www.caesarstone.ca\/fr\/#organization","name":"Caesarstone Canada","url":"https:\/\/www.caesarstone.ca\/fr\/","logo":{"@type":"ImageObject","inLanguage":"fr-CA","@id":"https:\/\/www.caesarstone.ca\/fr\/#\/schema\/logo\/image\/","url":"https:\/\/www.caesarstone.ca\/wp-content\/uploads\/sites\/5\/2026\/03\/Caesarstone_logo.jpg","contentUrl":"https:\/\/www.caesarstone.ca\/wp-content\/uploads\/sites\/5\/2026\/03\/Caesarstone_logo.jpg","width":1000,"height":158,"caption":"Caesarstone Canada"},"image":{"@id":"https:\/\/www.caesarstone.ca\/fr\/#\/schema\/logo\/image\/"},"sameAs":["https:\/\/www.facebook.com\/CaesarstoneCA","https:\/\/www.instagram.com\/caesarstoneca\/","https:\/\/www.linkedin.com\/company\/caesarstone-canada\/","https:\/\/www.youtube.com\/@CaesarstoneNA"]}]}},"_links":{"self":[{"href":"https:\/\/www.caesarstone.ca\/fr\/wp-json\/wp\/v2\/pages\/40090","targetHints":{"allow":["GET"]}}],"collection":[{"href":"https:\/\/www.caesarstone.ca\/fr\/wp-json\/wp\/v2\/pages"}],"about":[{"href":"https:\/\/www.caesarstone.ca\/fr\/wp-json\/wp\/v2\/types\/page"}],"author":[{"embeddable":true,"href":"https:\/\/www.caesarstone.ca\/fr\/wp-json\/wp\/v2\/users\/13"}],"replies":[{"embeddable":true,"href":"https:\/\/www.caesarstone.ca\/fr\/wp-json\/wp\/v2\/comments?post=40090"}],"version-history":[{"count":2,"href":"https:\/\/www.caesarstone.ca\/fr\/wp-json\/wp\/v2\/pages\/40090\/revisions"}],"predecessor-version":[{"id":67834,"href":"https:\/\/www.caesarstone.ca\/fr\/wp-json\/wp\/v2\/pages\/40090\/revisions\/67834"}],"wp:attachment":[{"href":"https:\/\/www.caesarstone.ca\/fr\/wp-json\/wp\/v2\/media?parent=40090"}],"curies":[{"name":"wp","href":"https:\/\/api.w.org\/{rel}","templated":true}]}}