{"id":42014,"date":"2021-09-12T07:28:39","date_gmt":"2021-09-12T13:28:39","guid":{"rendered":"https:\/\/www.caesarstone.ca\/about-caesarstone\/"},"modified":"2025-06-02T06:51:22","modified_gmt":"2025-06-02T12:51:22","slug":"a-propos-de-caesarstone","status":"publish","type":"page","link":"https:\/\/www.caesarstone.ca\/fr\/a-propos-de-caesarstone\/","title":{"rendered":"\u00c0 propos de Caesarstone"},"content":{"rendered":"","protected":false},"excerpt":{"rendered":"","protected":false},"author":7,"featured_media":0,"parent":0,"menu_order":0,"comment_status":"closed","ping_status":"closed","template":"templates\/about-us.php","meta":{"_acf_changed":false,"footnotes":""},"class_list":["post-42014","page","type-page","status-publish","hentry"],"acf":{"intro":{"title":"L\u2019art de transformer un grain de sable en espace intemporel ","content":"Pionni\u00e8re des comptoirs en quartz, Caesarstone est un chef de file mondial de la fabrication de surfaces haut de gamme, \u00e0 la t\u00eate de cette cat\u00e9gorie depuis 1987. Nous concevons, fabriquons et commercialisons des pierres d\u2019ing\u00e9nierie \u00e0 la s\u00fbret\u00e9 et la durabilit\u00e9 garanties, apportant une beaut\u00e9 qui traverse les \u00e2ges aux espaces r\u00e9sidentiels et commerciaux, int\u00e9rieurs comme ext\u00e9rieurs.","articles":[{"title":"Une conception humaine","description":"En priorisant les clients, Caesarstone r\u00e9pond \u00e0 leur besoin de tranquillit\u00e9 d\u2019esprit. C\u2019est notre passion du design et notre volont\u00e9 in\u00e9branlable de mat\u00e9rialiser le r\u00eave de nos clients dans la pierre qui nous animent.\r\n","link":{"title":"POURQUOI CHOISIR CAESARSTONE?","url":"https:\/\/www.caesarstone.ca\/fr\/pourquoi-choisir-caesarstone\/","target":""},"image":74590},{"title":"Cibles \u00e9cologiques","description":"Nous sommes r\u00e9solus \u00e0 r\u00e9duire au maximum notre empreinte \u00e9cologique et \u00e0 adopter des pratiques durables pour vous donner l\u2019assurance de choisir le meilleur comptoir Caesarstone.","link":{"title":"Durabilit\u00e9 symbiotique","url":"https:\/\/www.caesarstone.ca\/fr\/sustainability\/","target":""},"image":74592}]},"map":{"title":"Au c\u0153ur de millions de demeures dans le monde","content":"Dominant le march\u00e9 dans plus de 50 pays, Caesarstone exploite deux usines en Isra\u00ebl et Inde.","dots_titles":[{"title":"Vente directe"},{"title":"Distributeur "},{"title":"Usine"}]},"careers":{"show":true,"title":"Notre d\u00e9claration de politique EHS mondiale","content":"Chez Caesarstone, nous pensons que chaque personne a droit \u00e0 un environnement de travail s\u00fbr et sain et que les blessures et les incidents de s\u00e9curit\u00e9 sont \u00e9vitables.","link":{"title":"Lire notre politique","url":"https:\/\/caesarstone.assetbank-server.com\/assetbank-caesarstone\/assetfile\/24502.pdf","target":"_blank"},"image":70508},"image_banner":{"show":false,"title":"","content":"","link":"","image":null},"bottom_articles":{"title":"Informez-vous sur nos derni\u00e8res r\u00e9alisations.","link":{"title":"SALLE DE PRESSE","url":"https:\/\/www.caesarstone.ca\/fr\/communiques-de-presse\/","target":""},"articles":[{"image":42167,"date":"20210106","link":{"title":"l\u2019acquisition strat\u00e9gique de toutes les installations d\u2019Omicron","url":"https:\/\/www.caesarstone.ca\/fr\/la-filiale-americaine-de-caesarstone-annonce-lacquisition-strategique-de-toutes-les-installations-domicron\/","target":""}},{"image":42117,"date":"20210317","link":{"title":"Master of Stone de Caesarstone comme une occasion d'apprentissage de premier plan dans l'industrie","url":"https:\/\/www.caesarstone.ca\/fr\/lassociation-international-surface-fabricators-reconnait-la-formation-master-of-stone-de-caesarstone-comme-une-occasion-dapprentissage-de-premier-plan-dans-lindustrie\/?preview=true","target":""}},{"image":42164,"date":"20201020","link":{"title":"Caesarstone pr\u00e9sente CALACATTA MAXIMUS","url":"https:\/\/www.caesarstone.ca\/fr\/caesarstone-surface-calacatta-maximus-le-luxe-defini\/","target":""}}]},"video":{"title":"","sub_title":"","image":null,"image_mobile":null,"video_url":""},"hero":{"items":[{"image":74584,"mobile_image":74586,"video_url":"","mobile_video_url":"","duration":5,"mobile_hide_rectangle":true,"desktop_hide_rectangle":true,"contents_non_video":{"title":"Les meilleures surfaces, depuis 1987","subtext":"","link":""},"contents_video":null,"down_arrow":true,"show_pebbles_logo":false,"show_porcelain_logo":false,"custom_class":""}],"buttons_framed_layout":"link"},"cs_related_posts":{"title":"Related Articles","link":"","articles":"","show_pagination":false,"show_arrows":true,"space_desktop":{"top":0,"bottom":0},"space_mobile":{"top":0,"bottom":0},"background":"#f7f7f7","text_color":"#252525"},"related_post_card":{"title":"","desc":"","image":null,"video_url":""}},"yoast_head":"<!-- This site is optimized with the Yoast SEO Premium plugin v27.2 (Yoast SEO v27.2) - https:\/\/yoast.com\/product\/yoast-seo-premium-wordpress\/ -->\n<title>\u00c0 propos de Caesarstone - Caesarstone Canada<\/title>\n<meta name=\"description\" content=\"\u00c0 propos de Caesarstone. Get inspired and discover your own personal style. Click, to explore great countertop ideas and design styles from Caesarstone Canada.\" \/>\n<meta name=\"robots\" content=\"index, follow, max-snippet:-1, max-image-preview:large, max-video-preview:-1\" \/>\n<link rel=\"canonical\" href=\"https:\/\/www.caesarstone.ca\/fr\/a-propos-de-caesarstone\/\" \/>\n<meta property=\"og:locale\" content=\"fr_CA\" \/>\n<meta property=\"og:type\" content=\"article\" \/>\n<meta property=\"og:title\" content=\"\u00c0 propos de Caesarstone\" \/>\n<meta property=\"og:description\" content=\"\u00c0 propos de Caesarstone. Get inspired and discover your own personal style. Click, to explore great countertop ideas and design styles from Caesarstone Canada.\" \/>\n<meta property=\"og:url\" content=\"https:\/\/www.caesarstone.ca\/fr\/a-propos-de-caesarstone\/\" \/>\n<meta property=\"og:site_name\" content=\"Caesarstone Canada\" \/>\n<meta property=\"article:publisher\" content=\"https:\/\/www.facebook.com\/CaesarstoneCA\" \/>\n<meta property=\"article:modified_time\" content=\"2025-06-02T12:51:22+00:00\" \/>\n<meta name=\"twitter:card\" content=\"summary_large_image\" \/>\n<script type=\"application\/ld+json\" class=\"yoast-schema-graph\">{\"@context\":\"https:\/\/schema.org\",\"@graph\":[{\"@type\":\"WebPage\",\"@id\":\"https:\/\/www.caesarstone.ca\/fr\/a-propos-de-caesarstone\/\",\"url\":\"https:\/\/www.caesarstone.ca\/fr\/a-propos-de-caesarstone\/\",\"name\":\"\u00c0 propos de Caesarstone - Caesarstone Canada\",\"isPartOf\":{\"@id\":\"https:\/\/www.caesarstone.ca\/fr\/#website\"},\"datePublished\":\"2021-09-12T13:28:39+00:00\",\"dateModified\":\"2025-06-02T12:51:22+00:00\",\"description\":\"\u00c0 propos de Caesarstone. Get inspired and discover your own personal style. Click, to explore great countertop ideas and design styles from Caesarstone Canada.\",\"breadcrumb\":{\"@id\":\"https:\/\/www.caesarstone.ca\/fr\/a-propos-de-caesarstone\/#breadcrumb\"},\"inLanguage\":\"fr-CA\",\"potentialAction\":[{\"@type\":\"ReadAction\",\"target\":[\"https:\/\/www.caesarstone.ca\/fr\/a-propos-de-caesarstone\/\"]}]},{\"@type\":\"BreadcrumbList\",\"@id\":\"https:\/\/www.caesarstone.ca\/fr\/a-propos-de-caesarstone\/#breadcrumb\",\"itemListElement\":[{\"@type\":\"ListItem\",\"position\":1,\"name\":\"Home\",\"item\":\"https:\/\/www.caesarstone.ca\/fr\/\"},{\"@type\":\"ListItem\",\"position\":2,\"name\":\"\u00c0 propos de Caesarstone\"}]},{\"@type\":\"WebSite\",\"@id\":\"https:\/\/www.caesarstone.ca\/fr\/#website\",\"url\":\"https:\/\/www.caesarstone.ca\/fr\/\",\"name\":\"Caesarstone Canada\",\"description\":\"Life in Stone\",\"publisher\":{\"@id\":\"https:\/\/www.caesarstone.ca\/fr\/#organization\"},\"potentialAction\":[{\"@type\":\"SearchAction\",\"target\":{\"@type\":\"EntryPoint\",\"urlTemplate\":\"https:\/\/www.caesarstone.ca\/fr\/?s={search_term_string}\"},\"query-input\":{\"@type\":\"PropertyValueSpecification\",\"valueRequired\":true,\"valueName\":\"search_term_string\"}}],\"inLanguage\":\"fr-CA\"},{\"@type\":\"Organization\",\"@id\":\"https:\/\/www.caesarstone.ca\/fr\/#organization\",\"name\":\"Caesarstone Canada\",\"url\":\"https:\/\/www.caesarstone.ca\/fr\/\",\"logo\":{\"@type\":\"ImageObject\",\"inLanguage\":\"fr-CA\",\"@id\":\"https:\/\/www.caesarstone.ca\/fr\/#\/schema\/logo\/image\/\",\"url\":\"https:\/\/www.caesarstone.ca\/wp-content\/uploads\/sites\/5\/2026\/03\/Caesarstone_logo.jpg\",\"contentUrl\":\"https:\/\/www.caesarstone.ca\/wp-content\/uploads\/sites\/5\/2026\/03\/Caesarstone_logo.jpg\",\"width\":1000,\"height\":158,\"caption\":\"Caesarstone Canada\"},\"image\":{\"@id\":\"https:\/\/www.caesarstone.ca\/fr\/#\/schema\/logo\/image\/\"},\"sameAs\":[\"https:\/\/www.facebook.com\/CaesarstoneCA\",\"https:\/\/www.instagram.com\/caesarstoneca\/\",\"https:\/\/www.linkedin.com\/company\/caesarstone-canada\/\",\"https:\/\/www.youtube.com\/@CaesarstoneNA\"]}]}<\/script>\n<!-- \/ Yoast SEO Premium plugin. -->","yoast_head_json":{"title":"\u00c0 propos de Caesarstone - Caesarstone Canada","description":"\u00c0 propos de Caesarstone. Get inspired and discover your own personal style. Click, to explore great countertop ideas and design styles from Caesarstone Canada.","robots":{"index":"index","follow":"follow","max-snippet":"max-snippet:-1","max-image-preview":"max-image-preview:large","max-video-preview":"max-video-preview:-1"},"canonical":"https:\/\/www.caesarstone.ca\/fr\/a-propos-de-caesarstone\/","og_locale":"fr_CA","og_type":"article","og_title":"\u00c0 propos de Caesarstone","og_description":"\u00c0 propos de Caesarstone. Get inspired and discover your own personal style. Click, to explore great countertop ideas and design styles from Caesarstone Canada.","og_url":"https:\/\/www.caesarstone.ca\/fr\/a-propos-de-caesarstone\/","og_site_name":"Caesarstone Canada","article_publisher":"https:\/\/www.facebook.com\/CaesarstoneCA","article_modified_time":"2025-06-02T12:51:22+00:00","twitter_card":"summary_large_image","schema":{"@context":"https:\/\/schema.org","@graph":[{"@type":"WebPage","@id":"https:\/\/www.caesarstone.ca\/fr\/a-propos-de-caesarstone\/","url":"https:\/\/www.caesarstone.ca\/fr\/a-propos-de-caesarstone\/","name":"\u00c0 propos de Caesarstone - Caesarstone Canada","isPartOf":{"@id":"https:\/\/www.caesarstone.ca\/fr\/#website"},"datePublished":"2021-09-12T13:28:39+00:00","dateModified":"2025-06-02T12:51:22+00:00","description":"\u00c0 propos de Caesarstone. Get inspired and discover your own personal style. Click, to explore great countertop ideas and design styles from Caesarstone Canada.","breadcrumb":{"@id":"https:\/\/www.caesarstone.ca\/fr\/a-propos-de-caesarstone\/#breadcrumb"},"inLanguage":"fr-CA","potentialAction":[{"@type":"ReadAction","target":["https:\/\/www.caesarstone.ca\/fr\/a-propos-de-caesarstone\/"]}]},{"@type":"BreadcrumbList","@id":"https:\/\/www.caesarstone.ca\/fr\/a-propos-de-caesarstone\/#breadcrumb","itemListElement":[{"@type":"ListItem","position":1,"name":"Home","item":"https:\/\/www.caesarstone.ca\/fr\/"},{"@type":"ListItem","position":2,"name":"\u00c0 propos de Caesarstone"}]},{"@type":"WebSite","@id":"https:\/\/www.caesarstone.ca\/fr\/#website","url":"https:\/\/www.caesarstone.ca\/fr\/","name":"Caesarstone Canada","description":"Life in Stone","publisher":{"@id":"https:\/\/www.caesarstone.ca\/fr\/#organization"},"potentialAction":[{"@type":"SearchAction","target":{"@type":"EntryPoint","urlTemplate":"https:\/\/www.caesarstone.ca\/fr\/?s={search_term_string}"},"query-input":{"@type":"PropertyValueSpecification","valueRequired":true,"valueName":"search_term_string"}}],"inLanguage":"fr-CA"},{"@type":"Organization","@id":"https:\/\/www.caesarstone.ca\/fr\/#organization","name":"Caesarstone Canada","url":"https:\/\/www.caesarstone.ca\/fr\/","logo":{"@type":"ImageObject","inLanguage":"fr-CA","@id":"https:\/\/www.caesarstone.ca\/fr\/#\/schema\/logo\/image\/","url":"https:\/\/www.caesarstone.ca\/wp-content\/uploads\/sites\/5\/2026\/03\/Caesarstone_logo.jpg","contentUrl":"https:\/\/www.caesarstone.ca\/wp-content\/uploads\/sites\/5\/2026\/03\/Caesarstone_logo.jpg","width":1000,"height":158,"caption":"Caesarstone Canada"},"image":{"@id":"https:\/\/www.caesarstone.ca\/fr\/#\/schema\/logo\/image\/"},"sameAs":["https:\/\/www.facebook.com\/CaesarstoneCA","https:\/\/www.instagram.com\/caesarstoneca\/","https:\/\/www.linkedin.com\/company\/caesarstone-canada\/","https:\/\/www.youtube.com\/@CaesarstoneNA"]}]}},"_links":{"self":[{"href":"https:\/\/www.caesarstone.ca\/fr\/wp-json\/wp\/v2\/pages\/42014","targetHints":{"allow":["GET"]}}],"collection":[{"href":"https:\/\/www.caesarstone.ca\/fr\/wp-json\/wp\/v2\/pages"}],"about":[{"href":"https:\/\/www.caesarstone.ca\/fr\/wp-json\/wp\/v2\/types\/page"}],"author":[{"embeddable":true,"href":"https:\/\/www.caesarstone.ca\/fr\/wp-json\/wp\/v2\/users\/7"}],"replies":[{"embeddable":true,"href":"https:\/\/www.caesarstone.ca\/fr\/wp-json\/wp\/v2\/comments?post=42014"}],"version-history":[{"count":96,"href":"https:\/\/www.caesarstone.ca\/fr\/wp-json\/wp\/v2\/pages\/42014\/revisions"}],"predecessor-version":[{"id":79681,"href":"https:\/\/www.caesarstone.ca\/fr\/wp-json\/wp\/v2\/pages\/42014\/revisions\/79681"}],"wp:attachment":[{"href":"https:\/\/www.caesarstone.ca\/fr\/wp-json\/wp\/v2\/media?parent=42014"}],"curies":[{"name":"wp","href":"https:\/\/api.w.org\/{rel}","templated":true}]}}