{"id":42207,"date":"2021-09-13T14:18:56","date_gmt":"2021-09-13T20:18:56","guid":{"rendered":"https:\/\/www.caesarstone.ca\/?page_id=42207"},"modified":"2023-09-26T14:37:04","modified_gmt":"2023-09-26T20:37:04","slug":"le-design-au-service-dune-bonne-cause-caesarstone-sassocie-a-la-princess-margaret-home-lottery-en-tant-que-fournisseur-officiel-des-surfaces-de-la-maison-offerte-comme-grand-prix-e","status":"publish","type":"page","link":"https:\/\/www.caesarstone.ca\/fr\/le-design-au-service-dune-bonne-cause-caesarstone-sassocie-a-la-princess-margaret-home-lottery-en-tant-que-fournisseur-officiel-des-surfaces-de-la-maison-offerte-comme-grand-prix-e\/","title":{"rendered":"Le design au service d\u2019une bonne cause : Caesarstone s\u2019associe \u00e0 la Princess Margaret Home Lottery en tant que fournisseur officiel des surfaces de la maison offerte comme grand prix en automne 2021"},"content":{"rendered":"\n<p><em>L<\/em><em>e<\/em><em> <\/em><em>q<\/em><em>u<\/em><em>a<\/em><em>rt<\/em><em>z<\/em><em> <\/em><em>C<\/em><em>a<\/em><em>e<\/em><em>s<\/em><em>a<\/em><em>rs<\/em><em>t<\/em><em>o<\/em><em>n<\/em><em>e<\/em><em> <\/em><em>e<\/em><em>s<\/em><em>t<\/em><em> <\/em><em>p<\/em><em>r\u00e9<\/em><em>s<\/em><em>e<\/em><em>n<\/em><em>t<\/em><em> <\/em><em>d<\/em><em>a<\/em><em>n<\/em><em>s<\/em><em> <\/em><em>t<\/em><em>o<\/em><em>u<\/em><em>t<\/em><em>e<\/em><em> <\/em><em>l<\/em><em>a<\/em><em> <\/em><em>p<\/em><em>r<\/em><em>o<\/em><em>p<\/em><em>ri<\/em><em>\u00e9<\/em><em>t<\/em><em>\u00e9<\/em><em> <\/em><em>d<\/em><em>e<\/em><em> <\/em><em>5<\/em><em>,<\/em><em>5<\/em><em> <\/em><em>m<\/em><em>i<\/em><em>ll<\/em><em>i<\/em><em>o<\/em><em>n<\/em><em>s<\/em><em> <\/em><em>d<\/em><em>e<\/em><em> <\/em><em>d<\/em><em>o<\/em><em>ll<\/em><em>a<\/em><em>r<\/em><em>s<\/em><em> <\/em><em>c<\/em><em>o<\/em><em>n<\/em><em>s<\/em><em>t<\/em><em>r<\/em><em>u<\/em><em>i<\/em><em>t<\/em><em>e <\/em><em>sur mesure \u00e0 Oakville<\/em><em><\/em><\/p>\n\n\n\n<p><strong>M<\/strong><strong>o<\/strong><strong>n<\/strong><strong>t<\/strong><strong>r\u00e9<\/strong><strong>a<\/strong><strong>l<\/strong><strong>,<\/strong><strong> <\/strong><strong>le<\/strong><strong> <\/strong><strong>25<\/strong><strong> <\/strong><strong>a<\/strong><strong>o<\/strong><strong>\u00fb<\/strong><strong>t<\/strong><strong> <\/strong><strong>20<\/strong><strong>21<\/strong><strong> <\/strong>\u2013 Caesarstone, pionni\u00e8re des comptoirs en quartz, est heureuse d\u2019annoncer son partenariat avec la Princess Margaret Home Lottery au profit du Centre de canc\u00e9rologie Princess-Margaret.<\/p>\n\n\n\n<p>Caesarstone est \u00e0 l\u2019avant-garde de l&rsquo;innovation en mati\u00e8re de surfaces depuis plus de trois d\u00e9cennies, fabriquant les comptoirs les plus fiables qui allient un design exquis \u00e0 une s\u00e9curit\u00e9 et une durabilit\u00e9 optimales. La marque est fi\u00e8re d&rsquo;\u00eatre le fournisseur officiel des surfaces de la maison t\u00e9moin constituant le grand prix \u00e0 gagner cette ann\u00e9e dans le cadre de la Princess Margaret Home Lottery, soit une maison de luxe con\u00e7ue sur mesure par le c\u00e9l\u00e8bre architecte d&rsquo;int\u00e9rieur Brian Gluckstein.<\/p>\n\n\n\n<p>Les amateurs de design ont de quoi se r\u00e9jouir au vu des nouvelles id\u00e9es et inspirations dont regorge le grand prix, l&rsquo;impressionnante maison t\u00e9moin d\u2019Oakville. Cette magnifique maison, d\u2019une superficie de 7220 pieds carr\u00e9s sur deux \u00e9tages et situ\u00e9e \u00e0 30 minutes du centre-ville de Toronto, offre un parfait m\u00e9lange de design classique et contemporain avec cinq chambres, quatre salles de bains et un salon de toilette. Ses caract\u00e9ristiques comprennent une cuisine de chef, une salle \u00e0 manger d\u2019inspiration cour arri\u00e8re, un centre de conditionnement physique, un cin\u00e9ma maison, un spa style bain turc, une piscine ovale et plus encore. On retrouve le quartz Caesarstone dans presque toutes les pi\u00e8ces et dans diverses innovations cr\u00e9atives de la maison, ce qui illustre le luxe, la polyvalence et les possibilit\u00e9s infinies qu\u2019offre ce mat\u00e9riau en tant qu&rsquo;\u00e9l\u00e9ment de design.<\/p>\n\n\n\n<p>Avec des mod\u00e8les issus d&rsquo;un large \u00e9ventail de collections Caesarstone, Brian Gluckstein et son \u00e9quipe ont opt\u00e9 pour une beaut\u00e9 \u00e9l\u00e9gante et un design artistique afin de mettre en valeur le mouvement et la richesse de la pierre naturelle pour lesquels Caesarstone est reconnue.<\/p>\n\n\n\n<p>Les couleurs 5131 Calacatta Nuvo, 5130 Cosmopolitan White et 5100 Vanilla Noir, des blancs cr\u00e8me et un noir \u00e9b\u00e8ne somptueux, ont \u00e9t\u00e9 utilis\u00e9es pour les rev\u00eatements de sol du vestibule et du salon de toilette. Ce contraste saisissant se marie \u00e0 merveille avec la couleur 5101 Empira Black du vestiaire d\u2019entr\u00e9e ainsi qu\u2019avec le rev\u00eatement de comptoir de l\u2019\u00eelot de la cuisine, pi\u00e8ce o\u00f9 la couleur 5111 Statuario Nuvo, un magnifique jeu d\u2019opulence et de luminosit\u00e9, a \u00e9t\u00e9 choisie pour le rev\u00eatement des comptoirs tout autour et pour le dosseret, ainsi que pour les \u00e9tag\u00e8res flottantes.<\/p>\n\n\n\n<p>Puisque la couleur 405 Midday de la collection Outdoor de Caesarstone r\u00e9siste aux intemp\u00e9ries, c\u2019\u00e9tait le choix tout indiqu\u00e9 pour le foyer de la salle familiale et la table personnalis\u00e9e de la salle \u00e0 manger. Le designer a opt\u00e9 pour la couleur 515 Palm Shade, aussi de la collection Outdoor, pour le foyer de la chambre principale, le corridor, le spa, le meuble-lavabo, le pourtour et les marches de la baignoire, le meuble-lavabo avec vapeur et le banc. La surface polie d\u2019un blanc immacul\u00e9 de la couleur 1141 Pure White a \u00e9t\u00e9 utilis\u00e9e pour le rev\u00eatement du comptoir de la buanderie ainsi que pour les murs, les bancs et les niches pour le shampooing dans les salles de bains attenantes. &nbsp;La niche de la&nbsp; salle de bains des invit\u00e9s met en valeur la simplicit\u00e9 luxueuse de la couleur 1111 Vivid White. Enfin, l\u2019\u00eelot du placard principal a \u00e9t\u00e9 recouvert de la couleur sombre 6003 Coastal Grey, alors que la couleur 4044 Airy Concrete ajoute raffinement et sophistication au cin\u00e9ma maison.<\/p>\n\n\n\n<p>Gr\u00e2ce \u00e0 des innovations de pointe en mati\u00e8re de design, Caesarstone apporte la magie des min\u00e9raux bruts de la Terre au c\u0153ur de cette magnifique maison t\u00e9moin, avec des surfaces intemporelles con\u00e7ues pour durer toute la vie.<\/p>\n\n\n\n<p>\u00ab Nous sommes honor\u00e9s de participer \u00e0 cette initiative qui donne vie \u00e0 notre engagement de transformer les r\u00eaves en r\u00e9alit\u00e9 gr\u00e2ce \u00e0 nos surfaces. Non seulement contribuons-nous \u00e0 rendre cela possible pour un heureux gagnant ou une heureuse gagnante, mais nous participons \u00e0 une collecte de fonds pour une cause importante. \u00c0 notre avis, nous sommes tous gagnants dans ce partenariat constructif \u00bb, a d\u00e9clar\u00e9 Yael Goldshmid, directrice principale du marketing chez Caesarstone Canada.<\/p>\n\n\n\n<p>Pour plus d\u2019information au sujet de Caesarstone, visitez le site caesarstone.ca. Si vous souhaitez participer au tirage de la maison, les billets pour la Princess Margaret Home Lottery sont en vente sur le site princessmargaretlotto.com. Suivez les pages @caesarstoneca, @PMLotto et @BrianGluckstein sur les m\u00e9dias sociaux.<\/p>\n\n\n\n<h4 class=\"wp-block-heading\">\u00c0 PROPOS DE CAESARSTONE<\/h4>\n\n\n\n<p>Caesarstone est un important fabricant de surfaces en quartz de premi\u00e8re qualit\u00e9. Fond\u00e9e en 1987, l\u2019entreprise s\u2019est impos\u00e9e comme une pionni\u00e8re gr\u00e2ce \u00e0 son expertise et \u00e0 ses technologies de pointe, et continue aujourd\u2019hui de mener le peloton avec ses nouvelles tendances et couleurs. Ses surfaces de grande qualit\u00e9, dont la teneur en quartz atteint les 90 %, offrent la fra\u00eecheur et la solidit\u00e9 de la pierre naturelle et se pr\u00eatent \u00e0 maintes utilisations : comptoirs de cuisine et de salle de bains, rev\u00eatements muraux, meubles et plus encore. Les produits Caesarstone sont<\/p>\n\n\n\n<p>avant-gardistes, splendides et hautement fonctionnels. Gr\u00e2ce \u00e0 une gamme riche et unique de couleurs, de motifs et de textures, les clients n\u2019ont aucune difficult\u00e9 \u00e0 trouver leur surface de r\u00eave et \u00e0 se cr\u00e9er un espace bien \u00e0 eux. Et&nbsp; cette vaste gamme s\u2019enrichit constamment en fonction des toutes derni\u00e8res tendances mondiales et des normes internationales de qualit\u00e9 les plus strictes.<\/p>\n\n\n\n<h4 class=\"wp-block-heading\">\u00c0 PROPOS DE GLUCKSTEIN DESIGN PLANNING<\/h4>\n\n\n\n<p>Dirig\u00e9e par le c\u00e9l\u00e8bre architecte d&rsquo;int\u00e9rieur Brian Gluckstein, Gluckstein Design Planning cr\u00e9e des int\u00e9rieurs r\u00e9fl\u00e9chis et sophistiqu\u00e9s, m\u00e9langeant des \u00e9l\u00e9ments de diff\u00e9rents styles et \u00e9poques avec une approche avant-gardiste.<\/p>\n\n\n\n<p>S&rsquo;adressant \u00e0 une client\u00e8le de prestige, l&rsquo;entreprise se concentre sur les r\u00e9sidences de luxe, les h\u00f4tels haut de gamme et les halls d&rsquo;entr\u00e9e, commodit\u00e9s et centres des ventes de condominiums tr\u00e8s pris\u00e9s partout en Am\u00e9rique du Nord.<\/p>\n\n\n\n<p>Connue pour ses espaces caract\u00e9ristiques intemporels mais pleins d&rsquo;\u00e2me, l\u2019entreprise participe \u00e0 toutes les \u00e9tapes du processus d&rsquo;am\u00e9nagement int\u00e9rieur, travaillant de concert avec les clients pour conceptualiser l&rsquo;espace de leurs r\u00eaves pour ensuite donner vie \u00e0 cette vision.<\/p>\n\n\n\n<h4 class=\"wp-block-heading\">\u00c0 PROPOS DU CENTRE DE CANC\u00c9ROLOGIE PRINCESS-MARGARET ET DE LA PRINCESS MARGARET HOME LOTTERY<\/h4>\n\n\n\n<p>Le Centre de canc\u00e9rologie Princess-Margaret jouit d&rsquo;une r\u00e9putation internationale en tant que chef de file mondial dans la lutte et les traitements m\u00e9dicaux personnalis\u00e9s contre le cancer. L&rsquo;un des cinq premiers centres de recherche sur le cancer au monde, il est membre de l\u2019University Health Network, qui comprend \u00e9galement les h\u00f4pitaux Toronto General et Toronto Western, le Toronto Rehabilitation Institute et le Michener Institute for Education de l&rsquo;UHN.&nbsp; L\u2019University Health Network est un h\u00f4pital de recherche affili\u00e9 \u00e0 l&rsquo;Universit\u00e9 de Toronto. Les loteries Princess Margaret figurent parmi les 10 premiers annonceurs de la r\u00e9gion du Grand Toronto; leur popularit\u00e9 et leurs programmes en font la marque de m\u00e9galoterie caritative la plus reconnue et la plus passionnante en Am\u00e9rique du Nord. Plus de 472 millions de dollars en produits nets de loterie ont \u00e9t\u00e9 recueillis \u00e0 ce jour pour aider \u00e0 vaincre le cancer de notre vivant.<br><br>Pour des images en haute r\u00e9solution ou des renseignements suppl\u00e9mentaires, pri\u00e8re de communiquer avec:<br><\/p>\n\n\n\n<p>Alanna Ramgoolam<\/p>\n\n\n\n<p>Gestionnaire de comptes <br>1Milk2Sugars Communications <br><a href=\"mailto:alanna@1milk2sugars.com\">alanna@1milk2sugars.com<\/a><\/p>\n","protected":false},"excerpt":{"rendered":"<p>Le quartz Caesarstone est pr\u00e9sent dans toute la propri\u00e9t\u00e9 de 5,5 millions de dollars construite sur mesure \u00e0 Oakville Montr\u00e9al, le 25 ao\u00fbt 2021 \u2013 Caesarstone, pionni\u00e8re des comptoirs en quartz, est heureuse d\u2019annoncer son partenariat avec la Princess Margaret Home Lottery au profit du Centre de canc\u00e9rologie Princess-Margaret. Caesarstone est \u00e0 l\u2019avant-garde de l&rsquo;innovation [&hellip;]<\/p>\n","protected":false},"author":13,"featured_media":0,"parent":0,"menu_order":0,"comment_status":"closed","ping_status":"closed","template":"","meta":{"_acf_changed":false,"footnotes":""},"class_list":["post-42207","page","type-page","status-publish","hentry"],"acf":{"head_strip":{"":null,"background":null,"background_mobile":null,"title":"","subtitle":"","use_cta":false,"video_url":"","cta":null},"cs_related_posts":{"title":"","link":null,"articles":null,"show_pagination":false,"show_arrows":true,"space_desktop":{"top":0,"bottom":0},"space_mobile":{"top":0,"bottom":0},"background":"#f7f7f7","text_color":"#252525"},"related_post_card":{"title":"","desc":"","image":null,"video_url":""}},"yoast_head":"<!-- This site is optimized with the Yoast SEO Premium plugin v27.2 (Yoast SEO v27.2) - https:\/\/yoast.com\/product\/yoast-seo-premium-wordpress\/ -->\n<title>Caesarstone s\u2019associe \u00e0 la Princess Margaret Home Lottery<\/title>\n<meta name=\"description\" content=\"Caesarstone, partenaire de la Princess Margaret Home Lottery en 2021, offrant des surfaces exceptionnelles pour la maison grand prix.\" \/>\n<meta name=\"robots\" content=\"index, follow, max-snippet:-1, max-image-preview:large, max-video-preview:-1\" \/>\n<link rel=\"canonical\" href=\"https:\/\/www.caesarstone.ca\/fr\/le-design-au-service-dune-bonne-cause-caesarstone-sassocie-a-la-princess-margaret-home-lottery-en-tant-que-fournisseur-officiel-des-surfaces-de-la-maison-offerte-comme-grand-prix-e\/\" \/>\n<meta property=\"og:locale\" content=\"fr_CA\" \/>\n<meta property=\"og:type\" content=\"article\" \/>\n<meta property=\"og:title\" content=\"Le design au service d\u2019une bonne cause : Caesarstone s\u2019associe \u00e0 la Princess Margaret Home Lottery en tant que fournisseur officiel des surfaces de la maison offerte comme grand prix en automne 2021\" \/>\n<meta property=\"og:description\" content=\"Caesarstone, partenaire de la Princess Margaret Home Lottery en 2021, offrant des surfaces exceptionnelles pour la maison grand prix.\" \/>\n<meta property=\"og:url\" content=\"https:\/\/www.caesarstone.ca\/fr\/le-design-au-service-dune-bonne-cause-caesarstone-sassocie-a-la-princess-margaret-home-lottery-en-tant-que-fournisseur-officiel-des-surfaces-de-la-maison-offerte-comme-grand-prix-e\/\" \/>\n<meta property=\"og:site_name\" content=\"Caesarstone Canada\" \/>\n<meta property=\"article:publisher\" content=\"https:\/\/www.facebook.com\/CaesarstoneCA\" \/>\n<meta property=\"article:modified_time\" content=\"2023-09-26T20:37:04+00:00\" \/>\n<meta name=\"twitter:card\" content=\"summary_large_image\" \/>\n<meta name=\"twitter:label1\" content=\"Est. reading time\" \/>\n\t<meta name=\"twitter:data1\" content=\"6 minutes\" \/>\n<script type=\"application\/ld+json\" class=\"yoast-schema-graph\">{\"@context\":\"https:\/\/schema.org\",\"@graph\":[{\"@type\":\"WebPage\",\"@id\":\"https:\/\/www.caesarstone.ca\/fr\/le-design-au-service-dune-bonne-cause-caesarstone-sassocie-a-la-princess-margaret-home-lottery-en-tant-que-fournisseur-officiel-des-surfaces-de-la-maison-offerte-comme-grand-prix-e\/\",\"url\":\"https:\/\/www.caesarstone.ca\/fr\/le-design-au-service-dune-bonne-cause-caesarstone-sassocie-a-la-princess-margaret-home-lottery-en-tant-que-fournisseur-officiel-des-surfaces-de-la-maison-offerte-comme-grand-prix-e\/\",\"name\":\"Caesarstone s\u2019associe \u00e0 la Princess Margaret Home Lottery\",\"isPartOf\":{\"@id\":\"https:\/\/www.caesarstone.ca\/fr\/#website\"},\"datePublished\":\"2021-09-13T20:18:56+00:00\",\"dateModified\":\"2023-09-26T20:37:04+00:00\",\"description\":\"Caesarstone, partenaire de la Princess Margaret Home Lottery en 2021, offrant des surfaces exceptionnelles pour la maison grand prix.\",\"breadcrumb\":{\"@id\":\"https:\/\/www.caesarstone.ca\/fr\/le-design-au-service-dune-bonne-cause-caesarstone-sassocie-a-la-princess-margaret-home-lottery-en-tant-que-fournisseur-officiel-des-surfaces-de-la-maison-offerte-comme-grand-prix-e\/#breadcrumb\"},\"inLanguage\":\"fr-CA\",\"potentialAction\":[{\"@type\":\"ReadAction\",\"target\":[\"https:\/\/www.caesarstone.ca\/fr\/le-design-au-service-dune-bonne-cause-caesarstone-sassocie-a-la-princess-margaret-home-lottery-en-tant-que-fournisseur-officiel-des-surfaces-de-la-maison-offerte-comme-grand-prix-e\/\"]}]},{\"@type\":\"BreadcrumbList\",\"@id\":\"https:\/\/www.caesarstone.ca\/fr\/le-design-au-service-dune-bonne-cause-caesarstone-sassocie-a-la-princess-margaret-home-lottery-en-tant-que-fournisseur-officiel-des-surfaces-de-la-maison-offerte-comme-grand-prix-e\/#breadcrumb\",\"itemListElement\":[{\"@type\":\"ListItem\",\"position\":1,\"name\":\"Home\",\"item\":\"https:\/\/www.caesarstone.ca\/fr\/\"},{\"@type\":\"ListItem\",\"position\":2,\"name\":\"Le design au service d\u2019une bonne cause : Caesarstone s\u2019associe \u00e0 la Princess Margaret Home Lottery en tant que fournisseur officiel des surfaces de la maison offerte comme grand prix en automne 2021\"}]},{\"@type\":\"WebSite\",\"@id\":\"https:\/\/www.caesarstone.ca\/fr\/#website\",\"url\":\"https:\/\/www.caesarstone.ca\/fr\/\",\"name\":\"Caesarstone Canada\",\"description\":\"Life in Stone\",\"publisher\":{\"@id\":\"https:\/\/www.caesarstone.ca\/fr\/#organization\"},\"potentialAction\":[{\"@type\":\"SearchAction\",\"target\":{\"@type\":\"EntryPoint\",\"urlTemplate\":\"https:\/\/www.caesarstone.ca\/fr\/?s={search_term_string}\"},\"query-input\":{\"@type\":\"PropertyValueSpecification\",\"valueRequired\":true,\"valueName\":\"search_term_string\"}}],\"inLanguage\":\"fr-CA\"},{\"@type\":\"Organization\",\"@id\":\"https:\/\/www.caesarstone.ca\/fr\/#organization\",\"name\":\"Caesarstone Canada\",\"url\":\"https:\/\/www.caesarstone.ca\/fr\/\",\"logo\":{\"@type\":\"ImageObject\",\"inLanguage\":\"fr-CA\",\"@id\":\"https:\/\/www.caesarstone.ca\/fr\/#\/schema\/logo\/image\/\",\"url\":\"https:\/\/www.caesarstone.ca\/wp-content\/uploads\/sites\/5\/2026\/03\/Caesarstone_logo.jpg\",\"contentUrl\":\"https:\/\/www.caesarstone.ca\/wp-content\/uploads\/sites\/5\/2026\/03\/Caesarstone_logo.jpg\",\"width\":1000,\"height\":158,\"caption\":\"Caesarstone Canada\"},\"image\":{\"@id\":\"https:\/\/www.caesarstone.ca\/fr\/#\/schema\/logo\/image\/\"},\"sameAs\":[\"https:\/\/www.facebook.com\/CaesarstoneCA\",\"https:\/\/www.instagram.com\/caesarstoneca\/\",\"https:\/\/www.linkedin.com\/company\/caesarstone-canada\/\",\"https:\/\/www.youtube.com\/@CaesarstoneNA\"]}]}<\/script>\n<!-- \/ Yoast SEO Premium plugin. -->","yoast_head_json":{"title":"Caesarstone s\u2019associe \u00e0 la Princess Margaret Home Lottery","description":"Caesarstone, partenaire de la Princess Margaret Home Lottery en 2021, offrant des surfaces exceptionnelles pour la maison grand prix.","robots":{"index":"index","follow":"follow","max-snippet":"max-snippet:-1","max-image-preview":"max-image-preview:large","max-video-preview":"max-video-preview:-1"},"canonical":"https:\/\/www.caesarstone.ca\/fr\/le-design-au-service-dune-bonne-cause-caesarstone-sassocie-a-la-princess-margaret-home-lottery-en-tant-que-fournisseur-officiel-des-surfaces-de-la-maison-offerte-comme-grand-prix-e\/","og_locale":"fr_CA","og_type":"article","og_title":"Le design au service d\u2019une bonne cause : Caesarstone s\u2019associe \u00e0 la Princess Margaret Home Lottery en tant que fournisseur officiel des surfaces de la maison offerte comme grand prix en automne 2021","og_description":"Caesarstone, partenaire de la Princess Margaret Home Lottery en 2021, offrant des surfaces exceptionnelles pour la maison grand prix.","og_url":"https:\/\/www.caesarstone.ca\/fr\/le-design-au-service-dune-bonne-cause-caesarstone-sassocie-a-la-princess-margaret-home-lottery-en-tant-que-fournisseur-officiel-des-surfaces-de-la-maison-offerte-comme-grand-prix-e\/","og_site_name":"Caesarstone Canada","article_publisher":"https:\/\/www.facebook.com\/CaesarstoneCA","article_modified_time":"2023-09-26T20:37:04+00:00","twitter_card":"summary_large_image","twitter_misc":{"Est. reading time":"6 minutes"},"schema":{"@context":"https:\/\/schema.org","@graph":[{"@type":"WebPage","@id":"https:\/\/www.caesarstone.ca\/fr\/le-design-au-service-dune-bonne-cause-caesarstone-sassocie-a-la-princess-margaret-home-lottery-en-tant-que-fournisseur-officiel-des-surfaces-de-la-maison-offerte-comme-grand-prix-e\/","url":"https:\/\/www.caesarstone.ca\/fr\/le-design-au-service-dune-bonne-cause-caesarstone-sassocie-a-la-princess-margaret-home-lottery-en-tant-que-fournisseur-officiel-des-surfaces-de-la-maison-offerte-comme-grand-prix-e\/","name":"Caesarstone s\u2019associe \u00e0 la Princess Margaret Home Lottery","isPartOf":{"@id":"https:\/\/www.caesarstone.ca\/fr\/#website"},"datePublished":"2021-09-13T20:18:56+00:00","dateModified":"2023-09-26T20:37:04+00:00","description":"Caesarstone, partenaire de la Princess Margaret Home Lottery en 2021, offrant des surfaces exceptionnelles pour la maison grand prix.","breadcrumb":{"@id":"https:\/\/www.caesarstone.ca\/fr\/le-design-au-service-dune-bonne-cause-caesarstone-sassocie-a-la-princess-margaret-home-lottery-en-tant-que-fournisseur-officiel-des-surfaces-de-la-maison-offerte-comme-grand-prix-e\/#breadcrumb"},"inLanguage":"fr-CA","potentialAction":[{"@type":"ReadAction","target":["https:\/\/www.caesarstone.ca\/fr\/le-design-au-service-dune-bonne-cause-caesarstone-sassocie-a-la-princess-margaret-home-lottery-en-tant-que-fournisseur-officiel-des-surfaces-de-la-maison-offerte-comme-grand-prix-e\/"]}]},{"@type":"BreadcrumbList","@id":"https:\/\/www.caesarstone.ca\/fr\/le-design-au-service-dune-bonne-cause-caesarstone-sassocie-a-la-princess-margaret-home-lottery-en-tant-que-fournisseur-officiel-des-surfaces-de-la-maison-offerte-comme-grand-prix-e\/#breadcrumb","itemListElement":[{"@type":"ListItem","position":1,"name":"Home","item":"https:\/\/www.caesarstone.ca\/fr\/"},{"@type":"ListItem","position":2,"name":"Le design au service d\u2019une bonne cause : Caesarstone s\u2019associe \u00e0 la Princess Margaret Home Lottery en tant que fournisseur officiel des surfaces de la maison offerte comme grand prix en automne 2021"}]},{"@type":"WebSite","@id":"https:\/\/www.caesarstone.ca\/fr\/#website","url":"https:\/\/www.caesarstone.ca\/fr\/","name":"Caesarstone Canada","description":"Life in Stone","publisher":{"@id":"https:\/\/www.caesarstone.ca\/fr\/#organization"},"potentialAction":[{"@type":"SearchAction","target":{"@type":"EntryPoint","urlTemplate":"https:\/\/www.caesarstone.ca\/fr\/?s={search_term_string}"},"query-input":{"@type":"PropertyValueSpecification","valueRequired":true,"valueName":"search_term_string"}}],"inLanguage":"fr-CA"},{"@type":"Organization","@id":"https:\/\/www.caesarstone.ca\/fr\/#organization","name":"Caesarstone Canada","url":"https:\/\/www.caesarstone.ca\/fr\/","logo":{"@type":"ImageObject","inLanguage":"fr-CA","@id":"https:\/\/www.caesarstone.ca\/fr\/#\/schema\/logo\/image\/","url":"https:\/\/www.caesarstone.ca\/wp-content\/uploads\/sites\/5\/2026\/03\/Caesarstone_logo.jpg","contentUrl":"https:\/\/www.caesarstone.ca\/wp-content\/uploads\/sites\/5\/2026\/03\/Caesarstone_logo.jpg","width":1000,"height":158,"caption":"Caesarstone Canada"},"image":{"@id":"https:\/\/www.caesarstone.ca\/fr\/#\/schema\/logo\/image\/"},"sameAs":["https:\/\/www.facebook.com\/CaesarstoneCA","https:\/\/www.instagram.com\/caesarstoneca\/","https:\/\/www.linkedin.com\/company\/caesarstone-canada\/","https:\/\/www.youtube.com\/@CaesarstoneNA"]}]}},"_links":{"self":[{"href":"https:\/\/www.caesarstone.ca\/fr\/wp-json\/wp\/v2\/pages\/42207","targetHints":{"allow":["GET"]}}],"collection":[{"href":"https:\/\/www.caesarstone.ca\/fr\/wp-json\/wp\/v2\/pages"}],"about":[{"href":"https:\/\/www.caesarstone.ca\/fr\/wp-json\/wp\/v2\/types\/page"}],"author":[{"embeddable":true,"href":"https:\/\/www.caesarstone.ca\/fr\/wp-json\/wp\/v2\/users\/13"}],"replies":[{"embeddable":true,"href":"https:\/\/www.caesarstone.ca\/fr\/wp-json\/wp\/v2\/comments?post=42207"}],"version-history":[{"count":2,"href":"https:\/\/www.caesarstone.ca\/fr\/wp-json\/wp\/v2\/pages\/42207\/revisions"}],"predecessor-version":[{"id":42209,"href":"https:\/\/www.caesarstone.ca\/fr\/wp-json\/wp\/v2\/pages\/42207\/revisions\/42209"}],"wp:attachment":[{"href":"https:\/\/www.caesarstone.ca\/fr\/wp-json\/wp\/v2\/media?parent=42207"}],"curies":[{"name":"wp","href":"https:\/\/api.w.org\/{rel}","templated":true}]}}