{"id":44014,"date":"2021-10-19T12:14:25","date_gmt":"2021-10-19T18:14:25","guid":{"rendered":"https:\/\/www.caesarstone.ca\/?page_id=44014"},"modified":"2023-09-25T00:23:53","modified_gmt":"2023-09-25T06:23:53","slug":"caesarstone-publie-son-premier-rapport-sur-les-enjeux-esg","status":"publish","type":"page","link":"https:\/\/www.caesarstone.ca\/fr\/caesarstone-publie-son-premier-rapport-sur-les-enjeux-esg\/","title":{"rendered":"CAESARSTONE PUBLIE SON PREMIER RAPPORT SUR LES ENJEUX ESG"},"content":{"rendered":"\n<p><\/p>\n\n\n\n<figure class=\"wp-block-gallery has-nested-images columns-default is-cropped wp-block-gallery-1 is-layout-flex wp-block-gallery-is-layout-flex\"><\/figure>\n\n\n\n<p>Le fabricant mondial de surfaces pr\u00e9sente sa vision&nbsp;: celle d\u2019un avenir s\u00fbr et vert pour ses employ\u00e9s, ses clients, ses partenaires et la soci\u00e9t\u00e9.<\/p>\n\n\n\n<p>Toronto (Ontario), le 18&nbsp;octobre&nbsp;2021. \u2013 Caesarstone Ltd., chef de file des surfaces haut de gamme et pionnier des surfaces de quartz, a annonc\u00e9 aujourd\u2019hui la publication de son premier rapport sur les enjeux environnementaux, sociaux et de gouvernance (ESG), r\u00e9dig\u00e9 conform\u00e9ment aux exigences de la Global Reporting Initiative (GRI), du Sustainability Accounting Standards Board (SASB) et des objectifs de d\u00e9veloppement durable (ODD) des Nations Unies.<\/p>\n\n\n\n<blockquote class=\"wp-block-quote is-layout-flow wp-block-quote-is-layout-flow\">\n<p>\u00ab&nbsp;Chez Caesarstone, nous avons le privil\u00e8ge de faire partie du quotidien de millions de foyers dans le monde, et c\u2019est pourquoi nous sommes r\u00e9solus \u00e0 atteindre la durabilit\u00e9 en r\u00e9volutionnant continuellement nos produits et en rendant nos proc\u00e9d\u00e9s de production plus \u00e9cologiques, le tout en assoyant notre cha\u00eene de valeur sur des pratiques environnementales, de sant\u00e9 et de s\u00e9curit\u00e9, explique Yuval Dagim, chef de la direction de Caesarstone Ltd. Nous voulons inspirer un parcours sous le signe de l\u2019entraide et de la cr\u00e9ativit\u00e9 tout en c\u00e9l\u00e9brant notre devise \u201cLa pierre, source de vie\u201d. Nous sommes satisfaits de nos r\u00e9alisations ESG jusqu\u2019\u00e0 maintenant et heureux d\u2019avoir b\u00e2ti un cadre qui nous permettra d\u2019atteindre de nouveaux buts ESG et nous aidera \u00e0 cr\u00e9er un avenir durable pour notre entreprise. Nous croyons que notre succ\u00e8s est directement li\u00e9 \u00e0 la mani\u00e8re dont nous prenons soin de nos clients, nos employ\u00e9s, nos collectivit\u00e9s et notre environnement, et nous entendons positionner Caesarstone pour qu\u2019elle produise une valeur optimis\u00e9e \u00e0 long terme.&nbsp;\u00bb<\/p>\n<\/blockquote>\n\n\n\n<p><\/p>\n\n\n\n<p>Ce rapport s\u2019inscrit dans les efforts continus de l\u2019entreprise \u00e0 agir sur les enjeux environnementaux et sociaux, preuve de sa promesse de cr\u00e9er un avenir plus vert et s\u00fbr pour ses employ\u00e9s, ses clients, ses partenaires ainsi que les collectivit\u00e9s o\u00f9 elle \u0153uvre. La strat\u00e9gie ESG de Caesarstone repose sur quatre grands piliers&nbsp;: des produits durables, une production \u00e9coresponsable, la sant\u00e9 et la s\u00e9curit\u00e9, et la responsabilit\u00e9 sociale.<\/p>\n\n\n\n<p>On voit les d\u00e9marches entreprises pour incarner ces piliers dans plusieurs des initiatives durables et des accomplissements ESG de Caesarstone au Canada&nbsp;:<\/p>\n\n\n\n<ul class=\"wp-block-list\">\n<li><strong>Produits durables<\/strong>\n<ul class=\"wp-block-list\">\n<li>Caesarstone con\u00e7oit des produits \u00e9cologiques qui durent toute une vie. Tous les produits d\u2019int\u00e9rieur sont assortis d\u2019une garantie \u00e0 vie, et ceux d\u2019ext\u00e9rieur, d\u2019une garantie de 10&nbsp;ans.<\/li>\n\n\n\n<li>Les d\u00e9chets d\u2019emballage provenant de mat\u00e9riaux bruts de Caesarstone ont connu une baisse de 70&nbsp;%.<\/li>\n\n\n\n<li>Chaque bo\u00eete d\u2019\u00e9chantillons est faite de carton recycl\u00e9.<\/li>\n<\/ul>\n<\/li>\n<\/ul>\n\n\n\n<ul class=\"wp-block-list\">\n<li><strong>Production \u00e9coresponsable<\/strong>\n<ul class=\"wp-block-list\">\n<li>Caesarstone fait montre d\u2019une utilisation efficace des ressources dans tous ses proc\u00e9d\u00e9s de production, notamment par une r\u00e9duction globale de son empreinte carbone, de ses \u00e9missions de styr\u00e8ne, de sa consommation d\u2019eau et de sa production de d\u00e9chets.<\/li>\n\n\n\n<li>Les usines ont r\u00e9duit de 24&nbsp;% leur consommation d\u2019eau par dalle depuis cinq ans.<\/li>\n\n\n\n<li>Caesarstone utilise de l\u2019\u00e9nergie renouvelable, notamment gr\u00e2ce \u00e0 des chariots \u00e9l\u00e9vateurs \u00e0 fourche \u00e9lectriques et \u00e0 de la machinerie \u00e9co\u00e9nerg\u00e9tique.<\/li>\n\n\n\n<li>D\u2019ici 2025, l\u2019entreprise entend r\u00e9duire sa consommation d\u2019\u00e9nergie de 10&nbsp;%, sa pollution atmosph\u00e9rique de 5&nbsp;% et sa consommation d\u2019eau de 10&nbsp;% notamment par sa r\u00e9utilisation.<\/li>\n<\/ul>\n<\/li>\n<\/ul>\n\n\n\n<ul class=\"wp-block-list\">\n<li><strong>Sant\u00e9 et s\u00e9curit\u00e9<\/strong>\n<ul class=\"wp-block-list\">\n<li>Par la cr\u00e9ation d\u2019un milieu de travail sain et la formation de son personnel sur les proc\u00e9dures de travail s\u00e9curitaires, l\u2019entreprise a r\u00e9duit de 72&nbsp;% le nombre de blessures avec arr\u00eat de travail dans les trois derni\u00e8res ann\u00e9es.<\/li>\n\n\n\n<li>Caesarstone a lanc\u00e9 le programme <strong>Master of Stone<\/strong> \u00e0 l\u2019intention des fabricants en 2019, qui comprend une formation en ligne gratuite sur les enjeux de sant\u00e9, de s\u00e9curit\u00e9 et de comp\u00e9tences professionnelles ainsi que du contenu bonifi\u00e9 pour les directeurs d\u2019usines. Le programme est maintenant offert dans plusieurs pays, notamment le Canada.<\/li>\n<\/ul>\n<\/li>\n<\/ul>\n\n\n\n<blockquote class=\"wp-block-quote is-layout-flow wp-block-quote-is-layout-flow\">\n<p>\u00ab&nbsp;Ce premier rapport mondial, r\u00e9dig\u00e9 de notre propre initiative, sur les enjeux ESG est une \u00e9tape importante pour mettre de l\u2019avant nos efforts \u00e0 servir nos actionnaires aux \u00c9tats-Unis et ailleurs, affirme Ken Williams, pr\u00e9sident de Caesarstone en Am\u00e9rique du Nord. Nous continuerons de faire \u00e9tat de nos progr\u00e8s par la publication d\u2019autres rapports sur les enjeux ESG.&nbsp;\u00bb<\/p>\n<\/blockquote>\n\n\n\n<div class=\"editor-widgets__button button-align-default\">\n        <a href=\"https:\/\/www.caesarstone.ca\/wp-content\/uploads\/sites\/5\/2021\/10\/Caesarstone_ESG-report-summary_2020_Fra.pdf\"\n            class=\"btn btn-framed \"\n            disabled=\"false\"\n            >\n        <span>LIRE LE RAPPORT<\/span>\n        <span class=\"arrow\" aria-hidden=\"true\"><svg><use xlink:href=\"#svg-arrow-right\"><\/use><\/svg><\/span>\n    <\/a>\n<\/div>\n\n\n\n<div class=\"editor-widgets__spacer\" style=\"--mob-space-top:px;--desk-space-top:px\"><\/div>\n\n\n<p><\/p>\n\n\n\n<p><strong>\u00c0 propos de Caesarstone<\/strong><\/p>\n\n\n\n<p>Entreprise ax\u00e9e sur la cr\u00e9ation de concepts et l\u2019am\u00e9lioration de modes de vie, Caesarstone place le client au c\u0153ur de la conception, la cr\u00e9ation et la production de ses comptoirs en pierre d\u2019ing\u00e9nierie haut de gamme pour espaces r\u00e9sidentiels ou commerciaux. Ses produits allient une beaut\u00e9 et une fonctionnalit\u00e9 in\u00e9gal\u00e9es gr\u00e2ce \u00e0 une gamme unique de couleurs, de styles, de textures et de finis employ\u00e9s dans diverses applications de surfaces \u00e0 la durabilit\u00e9 exceptionnelle. En faisant du service sa priorit\u00e9, l\u2019entreprise a pu tisser des liens solides avec ses clients dans plus de 50&nbsp;pays o\u00f9 les collections de Caesarstone sont offertes: Classico, Supernatural, Metropolitan et Outdoor. Pour en savoir plus, rendez-vous au <a href=\"http:\/\/www.caesarstone.ca\/fr\/\">www.caesarstone.ca\/fr<\/a>.<\/p>\n\n\n\n<p><strong>Personne-ressource pour les relations publiques et m\u00e9diatiques<\/strong><br>1Milk2Sugars<br>Amanpreet Dhami<br><a href=\"mailto:amanpreet@1milk2sugars.com\">amanpreet@1milk2sugars.com<\/a><\/p>\n","protected":false},"excerpt":{"rendered":"<p>Le fabricant mondial de surfaces pr\u00e9sente sa vision&nbsp;: celle d\u2019un avenir s\u00fbr et vert pour ses employ\u00e9s, ses clients, ses partenaires et la soci\u00e9t\u00e9. Toronto (Ontario), le 18&nbsp;octobre&nbsp;2021. \u2013 Caesarstone Ltd., chef de file des surfaces haut de gamme et pionnier des surfaces de quartz, a annonc\u00e9 aujourd\u2019hui la publication de son premier rapport sur [&hellip;]<\/p>\n","protected":false},"author":13,"featured_media":0,"parent":0,"menu_order":0,"comment_status":"closed","ping_status":"closed","template":"","meta":{"_acf_changed":false,"footnotes":""},"class_list":["post-44014","page","type-page","status-publish","hentry"],"acf":{"head_strip":{"":null,"background":null,"background_mobile":null,"title":"","subtitle":"","use_cta":false,"video_url":"","cta":null},"cs_related_posts":{"title":"","link":null,"articles":null,"show_pagination":false,"show_arrows":true,"space_desktop":{"top":0,"bottom":0},"space_mobile":{"top":0,"bottom":0},"background":"#f7f7f7","text_color":"#252525"},"related_post_card":{"title":"","desc":"","image":null,"video_url":""}},"yoast_head":"<!-- This site is optimized with the Yoast SEO Premium plugin v27.2 (Yoast SEO v27.2) - https:\/\/yoast.com\/product\/yoast-seo-premium-wordpress\/ -->\n<title>CAESARSTONE PUBLIE SON PREMIER RAPPORT SUR LES ENJEUX ESG<\/title>\n<meta name=\"description\" content=\"CAESARSTONE&#039;S FIRST ESG REPORT. Explore inspiring countertop ideas and designs by Caesarstone Canada.\" \/>\n<meta name=\"robots\" content=\"index, follow, max-snippet:-1, max-image-preview:large, max-video-preview:-1\" \/>\n<link rel=\"canonical\" href=\"https:\/\/www.caesarstone.ca\/fr\/caesarstone-publie-son-premier-rapport-sur-les-enjeux-esg\/\" \/>\n<meta property=\"og:locale\" content=\"fr_CA\" \/>\n<meta property=\"og:type\" content=\"article\" \/>\n<meta property=\"og:title\" content=\"CAESARSTONE PUBLIE SON PREMIER RAPPORT SUR LES ENJEUX ESG\" \/>\n<meta property=\"og:description\" content=\"CAESARSTONE&#039;S FIRST ESG REPORT. Explore inspiring countertop ideas and designs by Caesarstone Canada.\" \/>\n<meta property=\"og:url\" content=\"https:\/\/www.caesarstone.ca\/fr\/caesarstone-publie-son-premier-rapport-sur-les-enjeux-esg\/\" \/>\n<meta property=\"og:site_name\" content=\"Caesarstone Canada\" \/>\n<meta property=\"article:publisher\" content=\"https:\/\/www.facebook.com\/CaesarstoneCA\" \/>\n<meta property=\"article:modified_time\" content=\"2023-09-25T06:23:53+00:00\" \/>\n<meta name=\"twitter:card\" content=\"summary_large_image\" \/>\n<meta name=\"twitter:label1\" content=\"Est. reading time\" \/>\n\t<meta name=\"twitter:data1\" content=\"4 minutes\" \/>\n<script type=\"application\/ld+json\" class=\"yoast-schema-graph\">{\"@context\":\"https:\/\/schema.org\",\"@graph\":[{\"@type\":\"WebPage\",\"@id\":\"https:\/\/www.caesarstone.ca\/fr\/caesarstone-publie-son-premier-rapport-sur-les-enjeux-esg\/\",\"url\":\"https:\/\/www.caesarstone.ca\/fr\/caesarstone-publie-son-premier-rapport-sur-les-enjeux-esg\/\",\"name\":\"CAESARSTONE PUBLIE SON PREMIER RAPPORT SUR LES ENJEUX ESG\",\"isPartOf\":{\"@id\":\"https:\/\/www.caesarstone.ca\/fr\/#website\"},\"datePublished\":\"2021-10-19T18:14:25+00:00\",\"dateModified\":\"2023-09-25T06:23:53+00:00\",\"description\":\"CAESARSTONE'S FIRST ESG REPORT. Explore inspiring countertop ideas and designs by Caesarstone Canada.\",\"breadcrumb\":{\"@id\":\"https:\/\/www.caesarstone.ca\/fr\/caesarstone-publie-son-premier-rapport-sur-les-enjeux-esg\/#breadcrumb\"},\"inLanguage\":\"fr-CA\",\"potentialAction\":[{\"@type\":\"ReadAction\",\"target\":[\"https:\/\/www.caesarstone.ca\/fr\/caesarstone-publie-son-premier-rapport-sur-les-enjeux-esg\/\"]}]},{\"@type\":\"BreadcrumbList\",\"@id\":\"https:\/\/www.caesarstone.ca\/fr\/caesarstone-publie-son-premier-rapport-sur-les-enjeux-esg\/#breadcrumb\",\"itemListElement\":[{\"@type\":\"ListItem\",\"position\":1,\"name\":\"Home\",\"item\":\"https:\/\/www.caesarstone.ca\/fr\/\"},{\"@type\":\"ListItem\",\"position\":2,\"name\":\"CAESARSTONE PUBLIE SON PREMIER RAPPORT SUR LES ENJEUX ESG\"}]},{\"@type\":\"WebSite\",\"@id\":\"https:\/\/www.caesarstone.ca\/fr\/#website\",\"url\":\"https:\/\/www.caesarstone.ca\/fr\/\",\"name\":\"Caesarstone Canada\",\"description\":\"Life in Stone\",\"publisher\":{\"@id\":\"https:\/\/www.caesarstone.ca\/fr\/#organization\"},\"potentialAction\":[{\"@type\":\"SearchAction\",\"target\":{\"@type\":\"EntryPoint\",\"urlTemplate\":\"https:\/\/www.caesarstone.ca\/fr\/?s={search_term_string}\"},\"query-input\":{\"@type\":\"PropertyValueSpecification\",\"valueRequired\":true,\"valueName\":\"search_term_string\"}}],\"inLanguage\":\"fr-CA\"},{\"@type\":\"Organization\",\"@id\":\"https:\/\/www.caesarstone.ca\/fr\/#organization\",\"name\":\"Caesarstone Canada\",\"url\":\"https:\/\/www.caesarstone.ca\/fr\/\",\"logo\":{\"@type\":\"ImageObject\",\"inLanguage\":\"fr-CA\",\"@id\":\"https:\/\/www.caesarstone.ca\/fr\/#\/schema\/logo\/image\/\",\"url\":\"https:\/\/www.caesarstone.ca\/wp-content\/uploads\/sites\/5\/2026\/03\/Caesarstone_logo.jpg\",\"contentUrl\":\"https:\/\/www.caesarstone.ca\/wp-content\/uploads\/sites\/5\/2026\/03\/Caesarstone_logo.jpg\",\"width\":1000,\"height\":158,\"caption\":\"Caesarstone Canada\"},\"image\":{\"@id\":\"https:\/\/www.caesarstone.ca\/fr\/#\/schema\/logo\/image\/\"},\"sameAs\":[\"https:\/\/www.facebook.com\/CaesarstoneCA\",\"https:\/\/www.instagram.com\/caesarstoneca\/\",\"https:\/\/www.linkedin.com\/company\/caesarstone-canada\/\",\"https:\/\/www.youtube.com\/@CaesarstoneNA\"]}]}<\/script>\n<!-- \/ Yoast SEO Premium plugin. -->","yoast_head_json":{"title":"CAESARSTONE PUBLIE SON PREMIER RAPPORT SUR LES ENJEUX ESG","description":"CAESARSTONE'S FIRST ESG REPORT. Explore inspiring countertop ideas and designs by Caesarstone Canada.","robots":{"index":"index","follow":"follow","max-snippet":"max-snippet:-1","max-image-preview":"max-image-preview:large","max-video-preview":"max-video-preview:-1"},"canonical":"https:\/\/www.caesarstone.ca\/fr\/caesarstone-publie-son-premier-rapport-sur-les-enjeux-esg\/","og_locale":"fr_CA","og_type":"article","og_title":"CAESARSTONE PUBLIE SON PREMIER RAPPORT SUR LES ENJEUX ESG","og_description":"CAESARSTONE'S FIRST ESG REPORT. Explore inspiring countertop ideas and designs by Caesarstone Canada.","og_url":"https:\/\/www.caesarstone.ca\/fr\/caesarstone-publie-son-premier-rapport-sur-les-enjeux-esg\/","og_site_name":"Caesarstone Canada","article_publisher":"https:\/\/www.facebook.com\/CaesarstoneCA","article_modified_time":"2023-09-25T06:23:53+00:00","twitter_card":"summary_large_image","twitter_misc":{"Est. reading time":"4 minutes"},"schema":{"@context":"https:\/\/schema.org","@graph":[{"@type":"WebPage","@id":"https:\/\/www.caesarstone.ca\/fr\/caesarstone-publie-son-premier-rapport-sur-les-enjeux-esg\/","url":"https:\/\/www.caesarstone.ca\/fr\/caesarstone-publie-son-premier-rapport-sur-les-enjeux-esg\/","name":"CAESARSTONE PUBLIE SON PREMIER RAPPORT SUR LES ENJEUX ESG","isPartOf":{"@id":"https:\/\/www.caesarstone.ca\/fr\/#website"},"datePublished":"2021-10-19T18:14:25+00:00","dateModified":"2023-09-25T06:23:53+00:00","description":"CAESARSTONE'S FIRST ESG REPORT. Explore inspiring countertop ideas and designs by Caesarstone Canada.","breadcrumb":{"@id":"https:\/\/www.caesarstone.ca\/fr\/caesarstone-publie-son-premier-rapport-sur-les-enjeux-esg\/#breadcrumb"},"inLanguage":"fr-CA","potentialAction":[{"@type":"ReadAction","target":["https:\/\/www.caesarstone.ca\/fr\/caesarstone-publie-son-premier-rapport-sur-les-enjeux-esg\/"]}]},{"@type":"BreadcrumbList","@id":"https:\/\/www.caesarstone.ca\/fr\/caesarstone-publie-son-premier-rapport-sur-les-enjeux-esg\/#breadcrumb","itemListElement":[{"@type":"ListItem","position":1,"name":"Home","item":"https:\/\/www.caesarstone.ca\/fr\/"},{"@type":"ListItem","position":2,"name":"CAESARSTONE PUBLIE SON PREMIER RAPPORT SUR LES ENJEUX ESG"}]},{"@type":"WebSite","@id":"https:\/\/www.caesarstone.ca\/fr\/#website","url":"https:\/\/www.caesarstone.ca\/fr\/","name":"Caesarstone Canada","description":"Life in Stone","publisher":{"@id":"https:\/\/www.caesarstone.ca\/fr\/#organization"},"potentialAction":[{"@type":"SearchAction","target":{"@type":"EntryPoint","urlTemplate":"https:\/\/www.caesarstone.ca\/fr\/?s={search_term_string}"},"query-input":{"@type":"PropertyValueSpecification","valueRequired":true,"valueName":"search_term_string"}}],"inLanguage":"fr-CA"},{"@type":"Organization","@id":"https:\/\/www.caesarstone.ca\/fr\/#organization","name":"Caesarstone Canada","url":"https:\/\/www.caesarstone.ca\/fr\/","logo":{"@type":"ImageObject","inLanguage":"fr-CA","@id":"https:\/\/www.caesarstone.ca\/fr\/#\/schema\/logo\/image\/","url":"https:\/\/www.caesarstone.ca\/wp-content\/uploads\/sites\/5\/2026\/03\/Caesarstone_logo.jpg","contentUrl":"https:\/\/www.caesarstone.ca\/wp-content\/uploads\/sites\/5\/2026\/03\/Caesarstone_logo.jpg","width":1000,"height":158,"caption":"Caesarstone Canada"},"image":{"@id":"https:\/\/www.caesarstone.ca\/fr\/#\/schema\/logo\/image\/"},"sameAs":["https:\/\/www.facebook.com\/CaesarstoneCA","https:\/\/www.instagram.com\/caesarstoneca\/","https:\/\/www.linkedin.com\/company\/caesarstone-canada\/","https:\/\/www.youtube.com\/@CaesarstoneNA"]}]}},"_links":{"self":[{"href":"https:\/\/www.caesarstone.ca\/fr\/wp-json\/wp\/v2\/pages\/44014","targetHints":{"allow":["GET"]}}],"collection":[{"href":"https:\/\/www.caesarstone.ca\/fr\/wp-json\/wp\/v2\/pages"}],"about":[{"href":"https:\/\/www.caesarstone.ca\/fr\/wp-json\/wp\/v2\/types\/page"}],"author":[{"embeddable":true,"href":"https:\/\/www.caesarstone.ca\/fr\/wp-json\/wp\/v2\/users\/13"}],"replies":[{"embeddable":true,"href":"https:\/\/www.caesarstone.ca\/fr\/wp-json\/wp\/v2\/comments?post=44014"}],"version-history":[{"count":15,"href":"https:\/\/www.caesarstone.ca\/fr\/wp-json\/wp\/v2\/pages\/44014\/revisions"}],"predecessor-version":[{"id":68073,"href":"https:\/\/www.caesarstone.ca\/fr\/wp-json\/wp\/v2\/pages\/44014\/revisions\/68073"}],"wp:attachment":[{"href":"https:\/\/www.caesarstone.ca\/fr\/wp-json\/wp\/v2\/media?parent=44014"}],"curies":[{"name":"wp","href":"https:\/\/api.w.org\/{rel}","templated":true}]}}