{"id":46163,"date":"2022-01-06T00:17:11","date_gmt":"2022-01-06T07:17:11","guid":{"rendered":"https:\/\/www.caesarstone.ca\/design-and-specification-2\/"},"modified":"2026-02-24T02:14:22","modified_gmt":"2026-02-24T09:14:22","slug":"caracteristiques-et-design","status":"publish","type":"page","link":"https:\/\/www.caesarstone.ca\/fr\/caracteristiques-et-design\/","title":{"rendered":"Caract\u00e9ristiques et design"},"content":{"rendered":"","protected":false},"excerpt":{"rendered":"","protected":false},"author":5,"featured_media":0,"parent":0,"menu_order":0,"comment_status":"closed","ping_status":"closed","template":"templates\/design-specifications.php","meta":{"_acf_changed":false,"footnotes":""},"class_list":["post-46163","page","type-page","status-publish","hentry"],"acf":{"intro":{"title":"Caract\u00e9ristiques et design","content":"Nous cr\u00e9ons des surfaces en quartz qui repoussent les limites de la cr\u00e9ativit\u00e9 et du design. Nos multiples couleurs sont offertes en deux formats, dans diff\u00e9rents finis et types de bordures, pour convenir \u00e0 toutes sortes de go\u00fbts et d\u2019usages, que ce soit dans la cuisine, la salle de bain, la buanderie ou ailleurs.","nav":[{"type":"finish","title":"Finis","content":"Les designs Caesarstone sont disponibles dans une vari\u00e9t\u00e9 de finitions","anchor_text":"Apprendre encore plus","image":74604},{"type":"size","title":"Formats de dalles","content":"Les dalles Caesarstone sont offertes en diff\u00e9rentes tailles et jusqu'\u00e0 3 \u00e9paisseurs","anchor_text":"Apprendre encore plus","image":74606},{"type":"edge","title":"Options de bordures","content":"Le profil de bord de votre surface peut \u00eatre con\u00e7u sur mesure par n'importe quel fabricant","anchor_text":"Apprendre encore plus","image":74608}]},"finishes":{"title":"Nos finis","content":"Caesarstone offre une vari\u00e9t\u00e9 de six finitions, habillant la surface d'une mani\u00e8re qui fait ressortir le meilleur de la conception tout en garantissant qu'elle reste durable sans avoir besoin de mastics ou de cire.","link":"","gallery":[{"image":68433,"material_tab":"","title":"Poli","subtitle":"Finis Poli ","description":"Empreint d\u2019une douceur \u00e9clatante, le fini poli fait ressortir les caract\u00e9ristiques de la surface avec son splendide lustre. Il attire la lumi\u00e8re et la refl\u00e8te avec \u00e9l\u00e9gance, illuminant ainsi la pi\u00e8ce d\u2019une brillance naturelle qui lui conf\u00e8re grandeur et somptuosit\u00e9.","list_title":"Disponible pour:","list_items":[{"label":"Min\u00e9ral","checked":true},{"label":"Quartz","checked":true},{"label":"Fusion","checked":true}],"link":{"title":"Voir fini Poli dans le catalogue","url":"https:\/\/www.caesarstone.ca\/fr\/countertops\/?finish=poli-fr","target":"_blank"}},{"image":68435,"material_tab":"","title":"Naturel","subtitle":"Finis Naturel","description":"Avec son lustre satin\u00e9 l\u00e9g\u00e8rement textur\u00e9, le fini naturel rappelle le c\u00f4t\u00e9 rassurant de la pierre : sa chaleur, sa granularit\u00e9 et son exp\u00e9rience sensorielle sans pareil. Il refl\u00e8te doucement la lumi\u00e8re, mettant en valeur la richesse des couleurs et des motifs, surtout dans les teintes fonc\u00e9es.","list_title":"Disponible pour:","list_items":[{"label":"Min\u00e9ral","checked":true},{"label":"Quartz","checked":true}],"link":{"title":"Voir fini Naturel dans le catalogue","url":"https:\/\/www.caesarstone.ca\/fr\/countertops\/?finish=naturel-fr","target":"_blank"}},{"image":68437,"material_tab":"","title":"Adoucie","subtitle":"Finis Adoucie","description":"Douce au toucher et douce pour les yeux, la finition Honed offre une luminosit\u00e9 organique mate et peu brillante. Son esth\u00e9tique subtile est combin\u00e9e \u00e0 une qualit\u00e9 modeste et discr\u00e8te, ajoutant une sophistication d\u00e9licate \u00e0 la surface.","list_title":"Disponible pour:","list_items":[{"label":"Min\u00e9ral","checked":true},{"label":"Porcelaine","checked":true},{"label":"Quartz","checked":true}],"link":{"title":"Voir la finition Adoucie dans le catalogue","url":"https:\/\/www.caesarstone.ca\/fr\/countertops\/?finish=adoucie","target":"_blank"}},{"image":68439,"material_tab":"","title":"B\u00e9ton ","subtitle":"Finis B\u00e9ton ","description":"L\u00e9g\u00e8rement textur\u00e9, le fini b\u00e9ton fait \u00e9cho au grain du b\u00e9ton doux avec sa discr\u00e8te et matte min\u00e9ralit\u00e9. Au toucher, sa granularit\u00e9 rappelle les mat\u00e9riaux naturels dans toute leur robustesse","list_title":"Disponible pour:","list_items":[{"label":"Quartz","checked":true}],"link":{"title":"Voir la finition B\u00e9ton dans le catalogue","url":"https:\/\/www.caesarstone.ca\/fr\/countertops\/?finish=beton","target":"_blank"}},{"image":68441,"material_tab":"","title":"Rugueux","subtitle":"Finis Rugueux","description":"D'apparence et de sensation robustes et complexes, la finition Rough est bas\u00e9e sur des technologies avanc\u00e9es qui cr\u00e9ent une exp\u00e9rience tactile convaincante. Les surfaces obtiennent l'effet distinctif des mat\u00e9riaux industriels grossiers, tout en restant suffisamment lisses pour un nettoyage facile et offrent une sensation intensifi\u00e9e de profondeur r\u00e9elle avec des couleurs rehauss\u00e9es.","list_title":"Disponible pour:","list_items":[{"label":"Min\u00e9ral","checked":true},{"label":"Quartz","checked":true}],"link":{"title":"Voir la finition Rugueux dans le catalogue","url":"https:\/\/www.caesarstone.ca\/fr\/countertops\/?finish=rugueux-finish","target":"_blank"}},{"image":57521,"material_tab":"","title":"Ultra Rugueux","subtitle":"Finis Ultra Rugueux","description":"Notre finition la plus tactile, ultra rugueux, est une innovation r\u00e9volutionnaire con\u00e7ue exclusivement pour donner un toucher granuleux unique \u00e0 la porcelaine. En ajoutant une dimension de mat\u00e9rialit\u00e9 qui est authentique aux patines que l\u2019on trouve sur les roches brutes, les marbres naturels et les m\u00e9taux industriels ou le b\u00e9ton, la lumi\u00e8re r\u00e9fl\u00e9chie par chaque surface met en valeur ses nuances naturelles tout en garantissant une durabilit\u00e9 maximale pour un entretien facile.","list_title":"Disponible pour:","list_items":[{"label":"Porcelaine","checked":true}],"link":{"title":"Voir la finition Ultra Rugueux dans le catalogue","url":"https:\/\/www.caesarstone.ca\/fr\/countertops\/?finish=ultra-rugueux-fr","target":"_blank"}}],"tip":"Veuillez noter que les finitions adoucies, concr\u00e8tes et rugueuses n\u00e9cessitent plus de nettoyage que nos finitions polies. Comme il y a une surface plus expos\u00e9e avec ces finitions, des marques de m\u00e9tal, des empreintes digitales et d'autres signes de la vie quotidienne appara\u00eetront. Cependant, la plupart de ces marques peuvent \u00eatre enlev\u00e9es avec peu d'effort et des produits de nettoyage non abrasifs comme Vim Lemon Cream Cleaner.","tip_extra_content":"Caesarstone conserve sa beaut\u00e9 sans mastics ni cires. En raison des propri\u00e9t\u00e9s uniques, nos photos et images de site Web ne sont pas enti\u00e8rement repr\u00e9sentatives de la surface. Veuillez <a href=\"https:\/\/www.caesarstone.ca\/fr\/commande-dechantillons\/\">commander un \u00e9chantillon<\/a> ou voir une dalle compl\u00e8te dans un <a href=\"https:\/\/www.caesarstone.ca\/fr\/ou-acheter-nos-produits\/\">point de vente<\/a> lorsque vous envisagez ces finitions."},"dimensions":{"title":"Nos formats de dalles","content":"","parts":[{"part_name":"Fusion,mineral &amp; quartz","disable_part":false,"intro_title":"Fusion,mineral &amp; quartz","intro_content":"Les surfaces en quartz Caesarstone sont de taille standard. De plus, certaines surfaces en quartz Caesarstone sont disponibles en grande taille Jumbo, ce qui facilite plus que jamais le remplissage des espaces avec moins de joints.<br>Veuillez noter que les tailles Jumbo varient entre 128\" (327cm) \u00b11.5% de longueur \u00d7 64.5\" (164cm) \u00b11.5% de largeur. <br>\r\nDe l\u00e9g\u00e8res variations dans l\u2019apparence r\u00e9elle du produit, sa composition, ses dimensions, son \u00e9paisseur, sa teinte ou son motif sont inh\u00e9rentes au processus de fabrication et ne constituent pas des non-conformit\u00e9s.\r\n","unit":false,"sizes":[{"type":"standard","title":"Standard","width":"","height":"","deviation":"","tooltip":""},{"type":"jumbo","title":"Jumbo","width":164,"height":327,"deviation":"\u00b11.5%","tooltip":""}],"disable_unit_toggle":false,"thickness_title":"\u00c9paisseur","thickness_description":"Selon la couleur, les dalles standard sont propos\u00e9es jusqu'\u00e0 trois \u00e9paisseurs. Dalles Jumbo jusqu'\u00e0 deux \u00e9paisseurs","thicknesses":null,"weight":{"title":"Poids de la dalle","table_rows":[{"table_columns":[{"value":"\u00c9paisseur","allow_conversion":false},{"value":"Poids de la dalle standard","allow_conversion":false},{"value":"Poids de la dalle g\u00e9ante","allow_conversion":false},{"value":"kg\/m2","allow_conversion":false}]},{"table_columns":[{"value":"2 cm","allow_conversion":false},{"value":"189-210 kg","allow_conversion":true},{"value":"236-261 kg","allow_conversion":true},{"value":"43-48 kg","allow_conversion":true}]},{"table_columns":[{"value":"3 cm","allow_conversion":false},{"value":"290-306 kg","allow_conversion":true},{"value":"362-382 kg","allow_conversion":true},{"value":"66-70 kg","allow_conversion":true}]}]},"disable_weight_toggle":false,"tip":"<div style=\"text-align: center;\">Consultez et t\u00e9l\u00e9chargez nos documents de donn\u00e9es techniques:<\/div>\r\n<div style=\"text-align: center;\"><a href=\"https:\/\/caesarstone.assetbank-server.com\/assetbank-caesarstone\/assetfile\/18766.pdf\" target=\"_blank\" rel=\"noopener\">Quartz ext\u00e9rieur 20mm<\/a> | <a href=\"https:\/\/caesarstone.assetbank-server.com\/assetbank-caesarstone\/assetfile\/18765.pdf\" target=\"_blank\" rel=\"noopener\">Quartz int\u00e9rieur 30mm<\/a> | <a href=\"https:\/\/caesarstone.assetbank-server.com\/assetbank-caesarstone\/assetfile\/18764.pdf\" target=\"_blank\" rel=\"noopener\">Quartz int\u00e9rieur 20mm<\/a> | <a href=\"https:\/\/caesarstone.assetbank-server.com\/assetbank-caesarstone\/assetfile\/18763.pdf\" target=\"_blank\" rel=\"noopener\">Porcelaine<\/a><\/div>","tip_extra_content":""},{"part_name":"Porcelaine","disable_part":false,"intro_title":"Porcelaine","intro_content":"Toutes les surfaces en porcelaine Caesarstone sont offertes dans une seule grande taille et une seule \u00e9paisseur.","unit":false,"sizes":[{"type":"porcelain","title":"Taille de la dalle en porcelaine","width":"","height":"","deviation":"","tooltip":""}],"disable_unit_toggle":false,"thickness_title":"\u00c9paisseur de la surface en porcelaine","thickness_description":"Les surfaces en porcelaine Caesarstone ont une \u00e9paisseur de 12 mm, ce qui permet de les utiliser dans de nombreuses applications int\u00e9rieures et ext\u00e9rieures.","thicknesses":null,"weight":{"title":"Poids","table_rows":[{"table_columns":[{"value":"Poids moyen des dalles en porcelaine Caesarstone","allow_conversion":false},{"value":"","allow_conversion":false},{"value":"","allow_conversion":false},{"value":"","allow_conversion":false}]},{"table_columns":[{"value":"150-160 kg","allow_conversion":false},{"value":"","allow_conversion":false},{"value":"","allow_conversion":false},{"value":"","allow_conversion":false}]}]},"disable_weight_toggle":false,"tip":"<div style=\"text-align: center;\">Consultez et t\u00e9l\u00e9chargez nos documents de donn\u00e9es techniques:<\/div>\r\n<div style=\"text-align: center;\"><a href=\"https:\/\/caesarstone.assetbank-server.com\/assetbank-caesarstone\/assetfile\/18766.pdf\" target=\"_blank\" rel=\"noopener\">Quartz ext\u00e9rieur 20mm<\/a> | <a href=\"https:\/\/caesarstone.assetbank-server.com\/assetbank-caesarstone\/assetfile\/18765.pdf\" target=\"_blank\" rel=\"noopener\">Quartz int\u00e9rieur 30mm<\/a> | <a href=\"https:\/\/caesarstone.assetbank-server.com\/assetbank-caesarstone\/assetfile\/18764.pdf\" target=\"_blank\" rel=\"noopener\">Quartz int\u00e9rieur 20mm<\/a> | <a href=\"https:\/\/caesarstone.assetbank-server.com\/assetbank-caesarstone\/assetfile\/18763.pdf\" target=\"_blank\" rel=\"noopener\">Porcelaine<\/a><\/div>","tip_extra_content":""}]},"edges":{"title":"Options de bordures","content":"<strong>Les propri\u00e9t\u00e9s de bord uniques et la durabilit\u00e9 des surfaces en quartz Caesarstone permettent une large gamme de conceptions de profils de bord, y compris un bord standard ou un bord lamin\u00e9 ou \u00e0 onglet qui cr\u00e9e l'apparence d'une dalle plus \u00e9paisse.<\/strong>\r\n\r\n<strong>Choisir le bon profil de bord pour votre style de conception et votre esth\u00e9tique sp\u00e9cifiques ajoute la touche finale \u00e0 votre surface et optimise votre conception.<\/strong>","link":"","notice_msg":"","":null,"version":false,"edges":[{"image":46150,"title":"Biseau","description":""},{"image":46149,"title":"Biseau double","description":""},{"image":46153,"title":"Arrondi","description":""},{"image":46154,"title":"Double arrondi","description":""},{"image":46155,"title":"Triple arrondi stratifi\u00e9","description":""},{"image":46151,"title":"Doucine","description":""},{"image":46156,"title":"En onglet","description":""},{"image":46152,"title":"Double rayon","description":""},{"image":46157,"title":"L\u00e9g\u00e8rement arrondi","description":""},{"image":46158,"title":"Adouci","description":""}],"tabs":[{"title":"Options de bordure Quartz","edges":[{"image":5332,"title":"Double biseau","description":"Il est recommand\u00e9 d\u2019adoucir le haut et le bas du rebord. "},{"image":5328,"title":"Biseau","description":"Il est recommand\u00e9 d\u2019adoucir le haut et le bas du rebord. "},{"image":5334,"title":"Enti\u00e8rement arrondi","description":""},{"image":5336,"title":"Doublement arrondi","description":""},{"image":5338,"title":"Arrondi triplement lamin\u00e9","description":""},{"image":5340,"title":"En accolade","description":""},{"image":5342,"title":"Busqu\u00e9","description":"Recommand\u00e9 pour le design Supernatural. Le rayon sup\u00e9rieur doit \u00eatre de 3 mm"},{"image":5344,"title":"\u00c0 double rayon","description":"Dessus et dessous lamin\u00e9s ronds de 7 mm "},{"image":5346,"title":"En faisceau \u00e9troit","description":"7 mm recommand\u00e9s "},{"image":5348,"title":"\u00c9mouss\u00e9","description":"3 mm "}]},{"title":"Options de bordure Porcelaine","edges":[{"image":5348,"title":"\u00c9mouss\u00e9","description":"3 mm "},{"image":57549,"title":"Semi-\u00e9mouss\u00e9","description":""},{"image":5342,"title":"Busqu\u00e9","description":"Recommand\u00e9 pour le design Supernatural. Le rayon sup\u00e9rieur doit \u00eatre de 3 mm"},{"image":5334,"title":"Enti\u00e8rement arrondi","description":""},{"image":57545,"title":"Demi-arrondi","description":""},{"image":57821,"title":" Demi-biseau","description":""}]}],"tip":"Nous recommandons de tenir compte des \u00e9l\u00e9ments suivants\u00a0:","tip_extra_content":"<ul>\r\n \t<li>Les bordures expos\u00e9es devraient avoir le m\u00eame fini que la surface.<\/li>\r\n \t<li>Le haut et le bas des bordures doivent \u00eatre arrondis. \u00c9viter les bordures carr\u00e9es, puisque plus la surface de la bordure (son rayon) est large, plus elle est r\u00e9sistante aux \u00e9br\u00e9chures.<\/li>\r\n \t<li>Toutes les bordures devraient avoir un rayon d\u2019au moins 3\u00a0\u00e0 4\u00a0mm, peu importe le profil choisi. Pour une durabilit\u00e9 maximale, il est recommand\u00e9 d\u2019opter pour un rayon de 6\u00a0mm.<\/li>\r\n \t<li>Pour les lavabos encastr\u00e9s, le bord sup\u00e9rieur de la surface Caesarstone devrait avoir un rayon d\u2019au moins 6\u00a0mm.<\/li>\r\n \t<li>Caesarstone recommande un rayon d\u2019au moins 3\u00a0\u00e0 4\u00a0mm sur les bords arrondis pour r\u00e9duire le risque d\u2019\u00e9br\u00e9chures et rendre les contours de la surface plus s\u00e9curitaires dans votre espace.<\/li>\r\n<\/ul>"},"bottom_icons":{"title":"Passez \u00e0 l'\u00e9tape suivante. <br \/>Faites de votre plan de travail le c\u0153ur de votre maison.","items":[{"global_icon":"json\/color-catalog.json","alt":"notre catalogue de couleurs","link":{"title":"notre catalogue de couleurs","url":"https:\/\/www.caesarstone.ca\/catalogue\/","target":""}},{"global_icon":"json\/samples.json","alt":"\u00e9chantillon de commande","link":{"title":"d\u00e9pliant num\u00e9rique","url":"https:\/\/www.caesarstone.ca\/wp-content\/uploads\/sites\/5\/2023\/04\/multi_material_brochure_-CDN-FR.pdf","target":"_blank"}},{"global_icon":"json\/location.json","alt":"o\u00f9 acheter","link":{"title":"O\u00f9 acheter","url":"https:\/\/www.caesarstone.ca\/fr\/ou-acheter-nos-produits\/","target":""}}]},"related_post_card":{"title":"","desc":"","image":null,"video_url":""}},"yoast_head":"<!-- This site is optimized with the Yoast SEO Premium plugin v27.2 (Yoast SEO v27.2) - https:\/\/yoast.com\/product\/yoast-seo-premium-wordpress\/ -->\n<title>Caesarstone Quartz Countertop design and specification<\/title>\n<meta name=\"description\" content=\"D\u00e9couvrez le quartz Caesarstone : taille de dalle, finitions, et plus. Tout sur nos comptoirs en quartz, cliquez ici.\" \/>\n<meta name=\"robots\" content=\"index, follow, max-snippet:-1, max-image-preview:large, max-video-preview:-1\" \/>\n<link rel=\"canonical\" href=\"https:\/\/www.caesarstone.ca\/fr\/caracteristiques-et-design\/\" \/>\n<meta property=\"og:locale\" content=\"fr_CA\" \/>\n<meta property=\"og:type\" content=\"article\" \/>\n<meta property=\"og:title\" content=\"Caract\u00e9ristiques et design\" \/>\n<meta property=\"og:description\" content=\"D\u00e9couvrez le quartz Caesarstone : taille de dalle, finitions, et plus. Tout sur nos comptoirs en quartz, cliquez ici.\" \/>\n<meta property=\"og:url\" content=\"https:\/\/www.caesarstone.ca\/fr\/caracteristiques-et-design\/\" \/>\n<meta property=\"og:site_name\" content=\"Caesarstone Canada\" \/>\n<meta property=\"article:publisher\" content=\"https:\/\/www.facebook.com\/CaesarstoneCA\" \/>\n<meta property=\"article:modified_time\" content=\"2026-02-24T09:14:22+00:00\" \/>\n<meta name=\"twitter:card\" content=\"summary_large_image\" \/>\n<script type=\"application\/ld+json\" class=\"yoast-schema-graph\">{\"@context\":\"https:\/\/schema.org\",\"@graph\":[{\"@type\":\"WebPage\",\"@id\":\"https:\/\/www.caesarstone.ca\/fr\/caracteristiques-et-design\/\",\"url\":\"https:\/\/www.caesarstone.ca\/fr\/caracteristiques-et-design\/\",\"name\":\"Caesarstone Quartz Countertop design and specification\",\"isPartOf\":{\"@id\":\"https:\/\/www.caesarstone.ca\/fr\/#website\"},\"datePublished\":\"2022-01-06T07:17:11+00:00\",\"dateModified\":\"2026-02-24T09:14:22+00:00\",\"description\":\"D\u00e9couvrez le quartz Caesarstone : taille de dalle, finitions, et plus. Tout sur nos comptoirs en quartz, cliquez ici.\",\"breadcrumb\":{\"@id\":\"https:\/\/www.caesarstone.ca\/fr\/caracteristiques-et-design\/#breadcrumb\"},\"inLanguage\":\"fr-CA\",\"potentialAction\":[{\"@type\":\"ReadAction\",\"target\":[\"https:\/\/www.caesarstone.ca\/fr\/caracteristiques-et-design\/\"]}]},{\"@type\":\"BreadcrumbList\",\"@id\":\"https:\/\/www.caesarstone.ca\/fr\/caracteristiques-et-design\/#breadcrumb\",\"itemListElement\":[{\"@type\":\"ListItem\",\"position\":1,\"name\":\"Home\",\"item\":\"https:\/\/www.caesarstone.ca\/fr\/\"},{\"@type\":\"ListItem\",\"position\":2,\"name\":\"Caract\u00e9ristiques et design\"}]},{\"@type\":\"WebSite\",\"@id\":\"https:\/\/www.caesarstone.ca\/fr\/#website\",\"url\":\"https:\/\/www.caesarstone.ca\/fr\/\",\"name\":\"Caesarstone Canada\",\"description\":\"Life in Stone\",\"publisher\":{\"@id\":\"https:\/\/www.caesarstone.ca\/fr\/#organization\"},\"potentialAction\":[{\"@type\":\"SearchAction\",\"target\":{\"@type\":\"EntryPoint\",\"urlTemplate\":\"https:\/\/www.caesarstone.ca\/fr\/?s={search_term_string}\"},\"query-input\":{\"@type\":\"PropertyValueSpecification\",\"valueRequired\":true,\"valueName\":\"search_term_string\"}}],\"inLanguage\":\"fr-CA\"},{\"@type\":\"Organization\",\"@id\":\"https:\/\/www.caesarstone.ca\/fr\/#organization\",\"name\":\"Caesarstone Canada\",\"url\":\"https:\/\/www.caesarstone.ca\/fr\/\",\"logo\":{\"@type\":\"ImageObject\",\"inLanguage\":\"fr-CA\",\"@id\":\"https:\/\/www.caesarstone.ca\/fr\/#\/schema\/logo\/image\/\",\"url\":\"https:\/\/www.caesarstone.ca\/wp-content\/uploads\/sites\/5\/2026\/03\/Caesarstone_logo.jpg\",\"contentUrl\":\"https:\/\/www.caesarstone.ca\/wp-content\/uploads\/sites\/5\/2026\/03\/Caesarstone_logo.jpg\",\"width\":1000,\"height\":158,\"caption\":\"Caesarstone Canada\"},\"image\":{\"@id\":\"https:\/\/www.caesarstone.ca\/fr\/#\/schema\/logo\/image\/\"},\"sameAs\":[\"https:\/\/www.facebook.com\/CaesarstoneCA\",\"https:\/\/www.instagram.com\/caesarstoneca\/\",\"https:\/\/www.linkedin.com\/company\/caesarstone-canada\/\",\"https:\/\/www.youtube.com\/@CaesarstoneNA\"]}]}<\/script>\n<!-- \/ Yoast SEO Premium plugin. -->","yoast_head_json":{"title":"Caesarstone Quartz Countertop design and specification","description":"D\u00e9couvrez le quartz Caesarstone : taille de dalle, finitions, et plus. Tout sur nos comptoirs en quartz, cliquez ici.","robots":{"index":"index","follow":"follow","max-snippet":"max-snippet:-1","max-image-preview":"max-image-preview:large","max-video-preview":"max-video-preview:-1"},"canonical":"https:\/\/www.caesarstone.ca\/fr\/caracteristiques-et-design\/","og_locale":"fr_CA","og_type":"article","og_title":"Caract\u00e9ristiques et design","og_description":"D\u00e9couvrez le quartz Caesarstone : taille de dalle, finitions, et plus. Tout sur nos comptoirs en quartz, cliquez ici.","og_url":"https:\/\/www.caesarstone.ca\/fr\/caracteristiques-et-design\/","og_site_name":"Caesarstone Canada","article_publisher":"https:\/\/www.facebook.com\/CaesarstoneCA","article_modified_time":"2026-02-24T09:14:22+00:00","twitter_card":"summary_large_image","schema":{"@context":"https:\/\/schema.org","@graph":[{"@type":"WebPage","@id":"https:\/\/www.caesarstone.ca\/fr\/caracteristiques-et-design\/","url":"https:\/\/www.caesarstone.ca\/fr\/caracteristiques-et-design\/","name":"Caesarstone Quartz Countertop design and specification","isPartOf":{"@id":"https:\/\/www.caesarstone.ca\/fr\/#website"},"datePublished":"2022-01-06T07:17:11+00:00","dateModified":"2026-02-24T09:14:22+00:00","description":"D\u00e9couvrez le quartz Caesarstone : taille de dalle, finitions, et plus. Tout sur nos comptoirs en quartz, cliquez ici.","breadcrumb":{"@id":"https:\/\/www.caesarstone.ca\/fr\/caracteristiques-et-design\/#breadcrumb"},"inLanguage":"fr-CA","potentialAction":[{"@type":"ReadAction","target":["https:\/\/www.caesarstone.ca\/fr\/caracteristiques-et-design\/"]}]},{"@type":"BreadcrumbList","@id":"https:\/\/www.caesarstone.ca\/fr\/caracteristiques-et-design\/#breadcrumb","itemListElement":[{"@type":"ListItem","position":1,"name":"Home","item":"https:\/\/www.caesarstone.ca\/fr\/"},{"@type":"ListItem","position":2,"name":"Caract\u00e9ristiques et design"}]},{"@type":"WebSite","@id":"https:\/\/www.caesarstone.ca\/fr\/#website","url":"https:\/\/www.caesarstone.ca\/fr\/","name":"Caesarstone Canada","description":"Life in Stone","publisher":{"@id":"https:\/\/www.caesarstone.ca\/fr\/#organization"},"potentialAction":[{"@type":"SearchAction","target":{"@type":"EntryPoint","urlTemplate":"https:\/\/www.caesarstone.ca\/fr\/?s={search_term_string}"},"query-input":{"@type":"PropertyValueSpecification","valueRequired":true,"valueName":"search_term_string"}}],"inLanguage":"fr-CA"},{"@type":"Organization","@id":"https:\/\/www.caesarstone.ca\/fr\/#organization","name":"Caesarstone Canada","url":"https:\/\/www.caesarstone.ca\/fr\/","logo":{"@type":"ImageObject","inLanguage":"fr-CA","@id":"https:\/\/www.caesarstone.ca\/fr\/#\/schema\/logo\/image\/","url":"https:\/\/www.caesarstone.ca\/wp-content\/uploads\/sites\/5\/2026\/03\/Caesarstone_logo.jpg","contentUrl":"https:\/\/www.caesarstone.ca\/wp-content\/uploads\/sites\/5\/2026\/03\/Caesarstone_logo.jpg","width":1000,"height":158,"caption":"Caesarstone Canada"},"image":{"@id":"https:\/\/www.caesarstone.ca\/fr\/#\/schema\/logo\/image\/"},"sameAs":["https:\/\/www.facebook.com\/CaesarstoneCA","https:\/\/www.instagram.com\/caesarstoneca\/","https:\/\/www.linkedin.com\/company\/caesarstone-canada\/","https:\/\/www.youtube.com\/@CaesarstoneNA"]}]}},"_links":{"self":[{"href":"https:\/\/www.caesarstone.ca\/fr\/wp-json\/wp\/v2\/pages\/46163","targetHints":{"allow":["GET"]}}],"collection":[{"href":"https:\/\/www.caesarstone.ca\/fr\/wp-json\/wp\/v2\/pages"}],"about":[{"href":"https:\/\/www.caesarstone.ca\/fr\/wp-json\/wp\/v2\/types\/page"}],"author":[{"embeddable":true,"href":"https:\/\/www.caesarstone.ca\/fr\/wp-json\/wp\/v2\/users\/5"}],"replies":[{"embeddable":true,"href":"https:\/\/www.caesarstone.ca\/fr\/wp-json\/wp\/v2\/comments?post=46163"}],"version-history":[{"count":44,"href":"https:\/\/www.caesarstone.ca\/fr\/wp-json\/wp\/v2\/pages\/46163\/revisions"}],"predecessor-version":[{"id":84489,"href":"https:\/\/www.caesarstone.ca\/fr\/wp-json\/wp\/v2\/pages\/46163\/revisions\/84489"}],"wp:attachment":[{"href":"https:\/\/www.caesarstone.ca\/fr\/wp-json\/wp\/v2\/media?parent=46163"}],"curies":[{"name":"wp","href":"https:\/\/api.w.org\/{rel}","templated":true}]}}