{"id":48826,"date":"2022-03-12T12:46:36","date_gmt":"2022-03-12T19:46:36","guid":{"rendered":"https:\/\/www.caesarstone.ca\/?page_id=48826"},"modified":"2023-09-26T14:22:18","modified_gmt":"2023-09-26T20:22:18","slug":"caesarstone-devoile-8-nouveaux-designs-inspires-de-la-nature-dont-la-collection-pebbles-au-interior-design-show","status":"publish","type":"page","link":"https:\/\/www.caesarstone.ca\/fr\/caesarstone-devoile-8-nouveaux-designs-inspires-de-la-nature-dont-la-collection-pebbles-au-interior-design-show\/","title":{"rendered":"Caesarstone d\u00e9voile 8 nouveaux designs inspir\u00e9s de la nature, dont la collection Pebbles, au Interior Design Show"},"content":{"rendered":"\n<h3 class=\"has-text-align-center wp-block-heading\"><strong>Installation sensorielle con\u00e7ue par Alessandro Munge<\/strong><\/h3>\n\n\n\n<p>Mars 2022 \u2013 Pour c\u00e9l\u00e9brer son 35<sup>e<\/sup> anniversaire en 2022, <a href=\"https:\/\/www.caesarstone.ca\/fr\/\">Caesarstone<\/a>, marque de quartz de luxe, pr\u00e9sentera huit nouvelles surfaces inspir\u00e9es de la nature au <a href=\"https:\/\/toronto.interiordesignshow.com\/en\/home.html\">Interior Design Show (IDS22)<\/a> (en anglais) gr\u00e2ce \u00e0 une installation immersive con\u00e7ue par l\u2019architecte canadien Alessandro Munge. <em>Neo Colosseo<\/em> pr\u00e9sente la toute nouvelle collection <a href=\"https:\/\/www.caesarstone.ca\/fr\/the-pebbles-collection\/\">Pebbles<\/a> de Caesarstone et promet de faire vivre aux visiteurs un voyage fantaisiste et sensoriel entre terre, art, nature et expression.<\/p>\n\n\n\n<figure class=\"wp-block-image size-large\"><img loading=\"lazy\" decoding=\"async\" width=\"1024\" height=\"576\" src=\"https:\/\/www.caesarstone.ca\/wp-content\/uploads\/sites\/5\/2022\/01\/1001_hero_hz_CMYK_1920X1080-1024x576.jpg\" alt=\"1001 Riverlet\" class=\"wp-image-47057\" srcset=\"https:\/\/www.caesarstone.ca\/wp-content\/uploads\/sites\/5\/2022\/01\/1001_hero_hz_CMYK_1920X1080-1024x576.jpg 1024w, https:\/\/www.caesarstone.ca\/wp-content\/uploads\/sites\/5\/2022\/01\/1001_hero_hz_CMYK_1920X1080-300x169.jpg 300w, https:\/\/www.caesarstone.ca\/wp-content\/uploads\/sites\/5\/2022\/01\/1001_hero_hz_CMYK_1920X1080-768x432.jpg 768w, https:\/\/www.caesarstone.ca\/wp-content\/uploads\/sites\/5\/2022\/01\/1001_hero_hz_CMYK_1920X1080-1536x864.jpg 1536w, https:\/\/www.caesarstone.ca\/wp-content\/uploads\/sites\/5\/2022\/01\/1001_hero_hz_CMYK_1920X1080.jpg 1920w\" sizes=\"auto, (max-width: 1024px) 100vw, 1024px\" \/><figcaption class=\"wp-element-caption\">1001 Riverlet<\/figcaption><\/figure>\n\n\n\n<p>L\u2019installation met en vedette la collection Pebbles, une s\u00e9rie de surfaces durables dans une palette dynamique de gris monochromes et chaleureux agr\u00e9ment\u00e9s de teintes plus douces, qui nourrissent, r\u00e9confortent et calment pour transposer les bienfaits de la nature au c\u0153ur du domicile.<\/p>\n\n\n\n<p><em>\u00ab&nbsp;J\u2019ai \u00e9t\u00e9 inspir\u00e9 par ces designs et je voulais vraiment \u00e9veiller la nature curieuse et l\u2019imagination des personnes qui passeront dans cet espace en les immergeant dans la beaut\u00e9 des produits Caesarstone et dans ce que la terre a \u00e0 offrir&nbsp;\u00bb, explique Alessandro Munge du Studio Munge. <\/em>\u00ab&nbsp;<em>Neo Colosseo est destin\u00e9 \u00e0 vous ancrer, \u00e0 vous provoquer et \u00e0 vous propulser vers la d\u00e9couverte de ce qui pourrait \u00eatre<\/em>.&nbsp;\u00bb<\/p>\n\n\n\n<p>Les nouveaux designs incarnent les valeurs fondamentales de Caesarstone, \u00e0 savoir la durabilit\u00e9, la s\u00e9curit\u00e9, la touche humaine et le c\u0153ur du domicile, pour faire de la collection Pebbles un moyen parfait de souligner le 35<sup>e<\/sup> anniversaire de la marque. Comme toutes les surfaces Caesarstone, les nouveaux designs sont cr\u00e9\u00e9s avec la m\u00eame r\u00e9silience efficace et les m\u00eames avantages intemporels que tous les comptoirs Caesarstone&nbsp;: non poreux, durables, hygi\u00e9niques, r\u00e9sistants \u00e0 la chaleur et aux \u00e9gratignures et n\u00e9cessitant peu d\u2019entretien pour appuyer l\u2019engagement de la marque envers un environnement plus sain et une meilleure utilisation des ressources mat\u00e9rielles.<\/p>\n\n\n<div class=\"wp-block-image\">\n<figure class=\"aligncenter size-large is-resized\"><img loading=\"lazy\" decoding=\"async\" src=\"https:\/\/www.caesarstone.ca\/wp-content\/uploads\/sites\/5\/2022\/03\/Alessandro-Munge-for-Caesarstone-by-Maxime-Bocken-02-683x1024.jpg\" alt=\"Alessandro-Munge-for-Caesarstone-by-Maxime-Bocken\" class=\"wp-image-48772\" width=\"512\" height=\"768\" srcset=\"https:\/\/www.caesarstone.ca\/wp-content\/uploads\/sites\/5\/2022\/03\/Alessandro-Munge-for-Caesarstone-by-Maxime-Bocken-02-683x1024.jpg 683w, https:\/\/www.caesarstone.ca\/wp-content\/uploads\/sites\/5\/2022\/03\/Alessandro-Munge-for-Caesarstone-by-Maxime-Bocken-02-200x300.jpg 200w, https:\/\/www.caesarstone.ca\/wp-content\/uploads\/sites\/5\/2022\/03\/Alessandro-Munge-for-Caesarstone-by-Maxime-Bocken-02-768x1152.jpg 768w, https:\/\/www.caesarstone.ca\/wp-content\/uploads\/sites\/5\/2022\/03\/Alessandro-Munge-for-Caesarstone-by-Maxime-Bocken-02.jpg 1000w\" sizes=\"auto, (max-width: 512px) 100vw, 512px\" \/><figcaption class=\"wp-element-caption\">Alessandro Munge, by Maxime Bocken<\/figcaption><\/figure>\n<\/div>\n\n\n<p><em>\u00ab&nbsp;Cette ann\u00e9e, nous nous sommes vraiment sentis inspir\u00e9s par notre besoin d\u2019int\u00e9grer le calme, la s\u00e9r\u00e9nit\u00e9 et la douceur dans nos demeures, ce qui a v\u00e9ritablement conduit \u00e0 l\u2019\u00e9volution de notre collection Pebbles&nbsp;\u00bb, a d\u00e9clar\u00e9 Ken Williams, pr\u00e9sident et chef de la direction de Caesarstone, Am\u00e9riques. \u00ab&nbsp;Nous nous effor\u00e7ons d\u2019\u00eatre un chef de file en mati\u00e8re de design, d\u2019innovation et de durabilit\u00e9 et nous sommes incroyablement fiers de faire part de ce lancement \u00e0 la communaut\u00e9 canadienne du design.&nbsp;\u00bb<\/em><em><\/em><\/p>\n\n\n\n<p>Voici les cinq couleurs de la collection Pebbles&nbsp;:<\/p>\n\n\n\n<ul class=\"wp-block-list\">\n<li><strong>1001 Riverlet<\/strong>&nbsp;: Un doux blanc cass\u00e9 qui comporte des capillaires ambr\u00e9s qui coulent doucement sur la surface, avec une finition brute pour une teinte de fra\u00eecheur qui refl\u00e8te plus de lumi\u00e8re dans la cuisine. Offert avec une finition brute.<\/li>\n\n\n\n<li><strong>1002 Wyndigo<\/strong>&nbsp;: Des d\u00e9grad\u00e9s terreux et chaleureux s\u2019\u00e9tendent sur une surface gr\u00e8ge douce vein\u00e9e de gris mousseux pour capturer la patine mouchet\u00e9e \u00e0 deux tons d\u2019un galet. Offert avec une finition brute.<\/li>\n\n\n\n<li><strong>1003 Raindream<\/strong>&nbsp;: Deux couches de gris ardoise sont accentu\u00e9es par de doux traits gris fonc\u00e9 contourn\u00e9s de reflets neutres avec une finition qui donne \u00e0 la surface l\u2019aspect d\u2019une pierre de rivi\u00e8re mouill\u00e9e. Offert avec une finition polie.<\/li>\n\n\n\n<li><strong>1004 Stoneburst<\/strong>&nbsp;: Deux nuances de gris sauge avec des sous-tons min\u00e9raux doux et des veines grises subtiles qui compl\u00e8tent ce teint calme. Offert avec une finition brute.<\/li>\n\n\n\n<li><strong>1006 Agger Grey<\/strong>&nbsp;: Une riche base bicolore de gris fum\u00e9s chaleureux avec de d\u00e9licats sous-tons d\u2019argile et des veines blanches qui cr\u00e9ent une surface bicolore. Offert avec une finition brute ou polie.<\/li>\n<\/ul>\n\n\n<div class=\"wp-block-image\">\n<figure class=\"aligncenter size-large is-resized\"><img loading=\"lazy\" decoding=\"async\" src=\"https:\/\/www.caesarstone.ca\/wp-content\/uploads\/sites\/5\/2022\/01\/1006_Agger-Grey_1006_Render_1920X1080-1024x576.jpg\" alt=\"1006_Agger-Grey\" class=\"wp-image-46740\" width=\"768\" height=\"432\" srcset=\"https:\/\/www.caesarstone.ca\/wp-content\/uploads\/sites\/5\/2022\/01\/1006_Agger-Grey_1006_Render_1920X1080-1024x576.jpg 1024w, https:\/\/www.caesarstone.ca\/wp-content\/uploads\/sites\/5\/2022\/01\/1006_Agger-Grey_1006_Render_1920X1080-300x169.jpg 300w, https:\/\/www.caesarstone.ca\/wp-content\/uploads\/sites\/5\/2022\/01\/1006_Agger-Grey_1006_Render_1920X1080-768x432.jpg 768w, https:\/\/www.caesarstone.ca\/wp-content\/uploads\/sites\/5\/2022\/01\/1006_Agger-Grey_1006_Render_1920X1080-1536x864.jpg 1536w, https:\/\/www.caesarstone.ca\/wp-content\/uploads\/sites\/5\/2022\/01\/1006_Agger-Grey_1006_Render_1920X1080.jpg 1920w\" sizes=\"auto, (max-width: 768px) 100vw, 768px\" \/><figcaption class=\"wp-element-caption\">1006 Agger Grey<\/figcaption><\/figure>\n<\/div>\n\n\n<p>En plus de la collection Pebbles, Caesarstone pr\u00e9sentera trois nouveaux designs vifs qui sont \u00e9galement inspir\u00e9s par la nature, destin\u00e9s \u00e0 r\u00e9v\u00e9ler le jeu des \u00e9l\u00e9ments dans des paysages infinis.<\/p>\n\n\n\n<ul class=\"wp-block-list\">\n<li><strong>5161 Icellion<\/strong>&nbsp;: Un paysage \u00e9tonnant de blancs givr\u00e9s perc\u00e9s d\u2019\u00e9l\u00e9gants traits gris qui imitent les grands mouvements g\u00e9ologiques et honorent la pr\u00e9sence tenace de la nature. Offert avec une finition polie.<\/li>\n\n\n\n<li><strong>5820 Darcrest<\/strong>&nbsp;: Une base terreuse myst\u00e9rieusement sombre, enrichie de minuscules taches et s\u00e9diments avec un voile d\u2019ocres organiques et de verts brun\u00e2tres comme l\u2019\u00e9rosion sur une colline rocheuse. Offert avec une finition brute.<\/li>\n\n\n\n<li><strong>5121 Layalite<\/strong>&nbsp;: Le blanc le plus pur, comme de la neige fra\u00eeche fondant en larges bandes, s\u2019\u00e9tend largement pour exposer doucement les gris rugueux de la roche m\u00e9tamorphique sous-jacente et cr\u00e9er un effet \u00e9mouvant. Offert avec une finition polie.<\/li>\n<\/ul>\n\n\n<div class=\"wp-block-image\">\n<figure class=\"aligncenter size-large is-resized\"><img loading=\"lazy\" decoding=\"async\" src=\"https:\/\/www.caesarstone.ca\/wp-content\/uploads\/sites\/5\/2022\/01\/5820_Darcrest_Render_5820_1920X1080-1024x576.jpg\" alt=\"5820 Darcrest\" class=\"wp-image-46472\" width=\"768\" height=\"432\" srcset=\"https:\/\/www.caesarstone.ca\/wp-content\/uploads\/sites\/5\/2022\/01\/5820_Darcrest_Render_5820_1920X1080-1024x576.jpg 1024w, https:\/\/www.caesarstone.ca\/wp-content\/uploads\/sites\/5\/2022\/01\/5820_Darcrest_Render_5820_1920X1080-300x169.jpg 300w, https:\/\/www.caesarstone.ca\/wp-content\/uploads\/sites\/5\/2022\/01\/5820_Darcrest_Render_5820_1920X1080-768x432.jpg 768w, https:\/\/www.caesarstone.ca\/wp-content\/uploads\/sites\/5\/2022\/01\/5820_Darcrest_Render_5820_1920X1080-1536x864.jpg 1536w, https:\/\/www.caesarstone.ca\/wp-content\/uploads\/sites\/5\/2022\/01\/5820_Darcrest_Render_5820_1920X1080.jpg 1920w\" sizes=\"auto, (max-width: 768px) 100vw, 768px\" \/><figcaption class=\"wp-element-caption\">5820 Darcrest<\/figcaption><\/figure>\n<\/div>\n\n\n<p>Fort du succ\u00e8s des pr\u00e9c\u00e9dentes collaborations avec Jonathan Adler, Marije Vogelzang, Snarkitecture, Jaime Hayon et Tom Dixon, le Designer Program de Caesarstone commence sa 8<sup>e<\/sup> ann\u00e9e comme source d\u2019art et d\u2019innovation. La collaboration de cette ann\u00e9e avec Alessandro Munge ne fait pas exception. Elle promet d\u2019\u00e9clairer notre compr\u00e9hension du monde naturel et son influence sur nos espaces de vie quotidiens.<\/p>\n\n\n\n<p>\u00ab&nbsp;Neo Colosseo&nbsp;\u00bb pr\u00e9sent\u00e9 par Caesarstone et Alessandro Munge ainsi que les nouveaux designs seront lanc\u00e9s au salon The Interior Design Show du 7 au 11 avril au Metro Toronto Convention Centre. Pour obtenir de plus amples renseignements, consulter &nbsp;<a href=\"https:\/\/toronto.interiordesignshow.com\/en\/home.html\">toronto.interiordesignshow.com<\/a> (en anglais).<\/p>\n\n\n\n<p>Pour obtenir de plus amples renseignements sur l\u2019installation de Caesarstone \u00e0 IDS22, communiquer avec&nbsp;:<\/p>\n\n\n\n<p>Patricia Amato, directrice principale des comptes, 1Milk2Sugars, <a href=\"mailto:patricia@1Milk2Sugars.com\">patricia@1Milk2Sugars.com<\/a> 416-995-7883<\/p>\n\n\n\n<p><strong>Au sujet de Caesarstone&nbsp;: <\/strong>Caesarstone est une entreprise ax\u00e9e sur le concept et le style de vie, avec une approche centr\u00e9e sur le client pour concevoir, d\u00e9velopper et produire des comptoirs en pierre fabriqu\u00e9e haut de gamme \u00e0 utiliser dans les b\u00e2timents r\u00e9sidentiels et commerciaux. Ses produits offrent un attrait esth\u00e9tique sup\u00e9rieur et une fonctionnalit\u00e9 parfaite gr\u00e2ce \u00e0 une vari\u00e9t\u00e9 distincte de couleurs, de styles, de textures et de finitions utilis\u00e9s dans diverses applications de comptoirs, marqu\u00e9s par une long\u00e9vit\u00e9 inh\u00e9rente. Un engagement fort envers le service a favoris\u00e9 la fid\u00e9lit\u00e9 croissante de sa client\u00e8le dans plus de 50 pays o\u00f9 les collections de produits Caesarstone sont en vente&nbsp;: Classico, Supernatural, Metropolitan et Outdoor. Pour obtenir de plus amples renseignements, consulter&nbsp;: <a href=\"https:\/\/www.caesarstone.ca\/fr\">caesarstone.ca<\/a> | <a href=\"https:\/\/www.facebook.com\/CaesarstoneCA\/\">Facebook<\/a> | <a href=\"https:\/\/www.instagram.com\/caesarstoneca\/?hl=en\">Instagram<\/a> | <a href=\"https:\/\/twitter.com\/caesarstoneca\">Twitter<\/a> |<\/p>\n","protected":false},"excerpt":{"rendered":"<p>Installation sensorielle con\u00e7ue par Alessandro Munge Mars 2022 \u2013 Pour c\u00e9l\u00e9brer son 35e anniversaire en 2022, Caesarstone, marque de quartz de luxe, pr\u00e9sentera huit nouvelles surfaces inspir\u00e9es de la nature au Interior Design Show (IDS22) (en anglais) gr\u00e2ce \u00e0 une installation immersive con\u00e7ue par l\u2019architecte canadien Alessandro Munge. Neo Colosseo pr\u00e9sente la toute nouvelle collection [&hellip;]<\/p>\n","protected":false},"author":7,"featured_media":0,"parent":0,"menu_order":0,"comment_status":"closed","ping_status":"closed","template":"","meta":{"_acf_changed":false,"footnotes":""},"class_list":["post-48826","page","type-page","status-publish","hentry"],"acf":{"head_strip":{"":null,"background":null,"background_mobile":null,"title":"","subtitle":"","use_cta":false,"video_url":"","cta":null},"cs_related_posts":{"title":"","link":null,"articles":null,"show_pagination":false,"show_arrows":true,"space_desktop":{"top":0,"bottom":0},"space_mobile":{"top":0,"bottom":0},"background":"#f7f7f7","text_color":"#252525"},"related_post_card":{"title":"","desc":"","image":null,"video_url":""}},"yoast_head":"<!-- This site is optimized with the Yoast SEO Premium plugin v27.2 (Yoast SEO v27.2) - https:\/\/yoast.com\/product\/yoast-seo-premium-wordpress\/ -->\n<title>Caesarstone d\u00e9voile 8 nouveaux designs inspir\u00e9s de la nature<\/title>\n<meta name=\"description\" content=\"Caesarstone pr\u00e9sente 8 nouveaux designs inspir\u00e9s par la nature, dont Pebbles, au Interior Design Show.\" \/>\n<meta name=\"robots\" content=\"index, follow, max-snippet:-1, max-image-preview:large, max-video-preview:-1\" \/>\n<link rel=\"canonical\" href=\"https:\/\/www.caesarstone.ca\/fr\/caesarstone-devoile-8-nouveaux-designs-inspires-de-la-nature-dont-la-collection-pebbles-au-interior-design-show\/\" \/>\n<meta property=\"og:locale\" content=\"fr_CA\" \/>\n<meta property=\"og:type\" content=\"article\" \/>\n<meta property=\"og:title\" content=\"Caesarstone d\u00e9voile 8 nouveaux designs inspir\u00e9s de la nature, dont la collection Pebbles, au Interior Design Show\" \/>\n<meta property=\"og:description\" content=\"Caesarstone pr\u00e9sente 8 nouveaux designs inspir\u00e9s par la nature, dont Pebbles, au Interior Design Show.\" \/>\n<meta property=\"og:url\" content=\"https:\/\/www.caesarstone.ca\/fr\/caesarstone-devoile-8-nouveaux-designs-inspires-de-la-nature-dont-la-collection-pebbles-au-interior-design-show\/\" \/>\n<meta property=\"og:site_name\" content=\"Caesarstone Canada\" \/>\n<meta property=\"article:publisher\" content=\"https:\/\/www.facebook.com\/CaesarstoneCA\" \/>\n<meta property=\"article:modified_time\" content=\"2023-09-26T20:22:18+00:00\" \/>\n<meta property=\"og:image\" content=\"https:\/\/www.caesarstone.ca\/wp-content\/uploads\/sites\/5\/2022\/01\/1001_hero_hz_CMYK_1920X1080-1024x576.jpg\" \/>\n<meta name=\"twitter:card\" content=\"summary_large_image\" \/>\n<meta name=\"twitter:label1\" content=\"Est. reading time\" \/>\n\t<meta name=\"twitter:data1\" content=\"5 minutes\" \/>\n<script type=\"application\/ld+json\" class=\"yoast-schema-graph\">{\"@context\":\"https:\/\/schema.org\",\"@graph\":[{\"@type\":\"WebPage\",\"@id\":\"https:\/\/www.caesarstone.ca\/fr\/caesarstone-devoile-8-nouveaux-designs-inspires-de-la-nature-dont-la-collection-pebbles-au-interior-design-show\/\",\"url\":\"https:\/\/www.caesarstone.ca\/fr\/caesarstone-devoile-8-nouveaux-designs-inspires-de-la-nature-dont-la-collection-pebbles-au-interior-design-show\/\",\"name\":\"Caesarstone d\u00e9voile 8 nouveaux designs inspir\u00e9s de la nature\",\"isPartOf\":{\"@id\":\"https:\/\/www.caesarstone.ca\/fr\/#website\"},\"primaryImageOfPage\":{\"@id\":\"https:\/\/www.caesarstone.ca\/fr\/caesarstone-devoile-8-nouveaux-designs-inspires-de-la-nature-dont-la-collection-pebbles-au-interior-design-show\/#primaryimage\"},\"image\":{\"@id\":\"https:\/\/www.caesarstone.ca\/fr\/caesarstone-devoile-8-nouveaux-designs-inspires-de-la-nature-dont-la-collection-pebbles-au-interior-design-show\/#primaryimage\"},\"thumbnailUrl\":\"https:\/\/www.caesarstone.ca\/wp-content\/uploads\/sites\/5\/2022\/01\/1001_hero_hz_CMYK_1920X1080-1024x576.jpg\",\"datePublished\":\"2022-03-12T19:46:36+00:00\",\"dateModified\":\"2023-09-26T20:22:18+00:00\",\"description\":\"Caesarstone pr\u00e9sente 8 nouveaux designs inspir\u00e9s par la nature, dont Pebbles, au Interior Design Show.\",\"breadcrumb\":{\"@id\":\"https:\/\/www.caesarstone.ca\/fr\/caesarstone-devoile-8-nouveaux-designs-inspires-de-la-nature-dont-la-collection-pebbles-au-interior-design-show\/#breadcrumb\"},\"inLanguage\":\"fr-CA\",\"potentialAction\":[{\"@type\":\"ReadAction\",\"target\":[\"https:\/\/www.caesarstone.ca\/fr\/caesarstone-devoile-8-nouveaux-designs-inspires-de-la-nature-dont-la-collection-pebbles-au-interior-design-show\/\"]}]},{\"@type\":\"ImageObject\",\"inLanguage\":\"fr-CA\",\"@id\":\"https:\/\/www.caesarstone.ca\/fr\/caesarstone-devoile-8-nouveaux-designs-inspires-de-la-nature-dont-la-collection-pebbles-au-interior-design-show\/#primaryimage\",\"url\":\"https:\/\/www.caesarstone.ca\/wp-content\/uploads\/sites\/5\/2022\/01\/1001_hero_hz_CMYK_1920X1080-1024x576.jpg\",\"contentUrl\":\"https:\/\/www.caesarstone.ca\/wp-content\/uploads\/sites\/5\/2022\/01\/1001_hero_hz_CMYK_1920X1080-1024x576.jpg\"},{\"@type\":\"BreadcrumbList\",\"@id\":\"https:\/\/www.caesarstone.ca\/fr\/caesarstone-devoile-8-nouveaux-designs-inspires-de-la-nature-dont-la-collection-pebbles-au-interior-design-show\/#breadcrumb\",\"itemListElement\":[{\"@type\":\"ListItem\",\"position\":1,\"name\":\"Home\",\"item\":\"https:\/\/www.caesarstone.ca\/fr\/\"},{\"@type\":\"ListItem\",\"position\":2,\"name\":\"Caesarstone d\u00e9voile 8 nouveaux designs inspir\u00e9s de la nature, dont la collection Pebbles, au Interior Design Show\"}]},{\"@type\":\"WebSite\",\"@id\":\"https:\/\/www.caesarstone.ca\/fr\/#website\",\"url\":\"https:\/\/www.caesarstone.ca\/fr\/\",\"name\":\"Caesarstone Canada\",\"description\":\"Life in Stone\",\"publisher\":{\"@id\":\"https:\/\/www.caesarstone.ca\/fr\/#organization\"},\"potentialAction\":[{\"@type\":\"SearchAction\",\"target\":{\"@type\":\"EntryPoint\",\"urlTemplate\":\"https:\/\/www.caesarstone.ca\/fr\/?s={search_term_string}\"},\"query-input\":{\"@type\":\"PropertyValueSpecification\",\"valueRequired\":true,\"valueName\":\"search_term_string\"}}],\"inLanguage\":\"fr-CA\"},{\"@type\":\"Organization\",\"@id\":\"https:\/\/www.caesarstone.ca\/fr\/#organization\",\"name\":\"Caesarstone Canada\",\"url\":\"https:\/\/www.caesarstone.ca\/fr\/\",\"logo\":{\"@type\":\"ImageObject\",\"inLanguage\":\"fr-CA\",\"@id\":\"https:\/\/www.caesarstone.ca\/fr\/#\/schema\/logo\/image\/\",\"url\":\"https:\/\/www.caesarstone.ca\/wp-content\/uploads\/sites\/5\/2026\/03\/Caesarstone_logo.jpg\",\"contentUrl\":\"https:\/\/www.caesarstone.ca\/wp-content\/uploads\/sites\/5\/2026\/03\/Caesarstone_logo.jpg\",\"width\":1000,\"height\":158,\"caption\":\"Caesarstone Canada\"},\"image\":{\"@id\":\"https:\/\/www.caesarstone.ca\/fr\/#\/schema\/logo\/image\/\"},\"sameAs\":[\"https:\/\/www.facebook.com\/CaesarstoneCA\",\"https:\/\/www.instagram.com\/caesarstoneca\/\",\"https:\/\/www.linkedin.com\/company\/caesarstone-canada\/\",\"https:\/\/www.youtube.com\/@CaesarstoneNA\"]}]}<\/script>\n<!-- \/ Yoast SEO Premium plugin. -->","yoast_head_json":{"title":"Caesarstone d\u00e9voile 8 nouveaux designs inspir\u00e9s de la nature","description":"Caesarstone pr\u00e9sente 8 nouveaux designs inspir\u00e9s par la nature, dont Pebbles, au Interior Design Show.","robots":{"index":"index","follow":"follow","max-snippet":"max-snippet:-1","max-image-preview":"max-image-preview:large","max-video-preview":"max-video-preview:-1"},"canonical":"https:\/\/www.caesarstone.ca\/fr\/caesarstone-devoile-8-nouveaux-designs-inspires-de-la-nature-dont-la-collection-pebbles-au-interior-design-show\/","og_locale":"fr_CA","og_type":"article","og_title":"Caesarstone d\u00e9voile 8 nouveaux designs inspir\u00e9s de la nature, dont la collection Pebbles, au Interior Design Show","og_description":"Caesarstone pr\u00e9sente 8 nouveaux designs inspir\u00e9s par la nature, dont Pebbles, au Interior Design Show.","og_url":"https:\/\/www.caesarstone.ca\/fr\/caesarstone-devoile-8-nouveaux-designs-inspires-de-la-nature-dont-la-collection-pebbles-au-interior-design-show\/","og_site_name":"Caesarstone Canada","article_publisher":"https:\/\/www.facebook.com\/CaesarstoneCA","article_modified_time":"2023-09-26T20:22:18+00:00","og_image":[{"url":"https:\/\/www.caesarstone.ca\/wp-content\/uploads\/sites\/5\/2022\/01\/1001_hero_hz_CMYK_1920X1080-1024x576.jpg","type":"","width":"","height":""}],"twitter_card":"summary_large_image","twitter_misc":{"Est. reading time":"5 minutes"},"schema":{"@context":"https:\/\/schema.org","@graph":[{"@type":"WebPage","@id":"https:\/\/www.caesarstone.ca\/fr\/caesarstone-devoile-8-nouveaux-designs-inspires-de-la-nature-dont-la-collection-pebbles-au-interior-design-show\/","url":"https:\/\/www.caesarstone.ca\/fr\/caesarstone-devoile-8-nouveaux-designs-inspires-de-la-nature-dont-la-collection-pebbles-au-interior-design-show\/","name":"Caesarstone d\u00e9voile 8 nouveaux designs inspir\u00e9s de la nature","isPartOf":{"@id":"https:\/\/www.caesarstone.ca\/fr\/#website"},"primaryImageOfPage":{"@id":"https:\/\/www.caesarstone.ca\/fr\/caesarstone-devoile-8-nouveaux-designs-inspires-de-la-nature-dont-la-collection-pebbles-au-interior-design-show\/#primaryimage"},"image":{"@id":"https:\/\/www.caesarstone.ca\/fr\/caesarstone-devoile-8-nouveaux-designs-inspires-de-la-nature-dont-la-collection-pebbles-au-interior-design-show\/#primaryimage"},"thumbnailUrl":"https:\/\/www.caesarstone.ca\/wp-content\/uploads\/sites\/5\/2022\/01\/1001_hero_hz_CMYK_1920X1080-1024x576.jpg","datePublished":"2022-03-12T19:46:36+00:00","dateModified":"2023-09-26T20:22:18+00:00","description":"Caesarstone pr\u00e9sente 8 nouveaux designs inspir\u00e9s par la nature, dont Pebbles, au Interior Design Show.","breadcrumb":{"@id":"https:\/\/www.caesarstone.ca\/fr\/caesarstone-devoile-8-nouveaux-designs-inspires-de-la-nature-dont-la-collection-pebbles-au-interior-design-show\/#breadcrumb"},"inLanguage":"fr-CA","potentialAction":[{"@type":"ReadAction","target":["https:\/\/www.caesarstone.ca\/fr\/caesarstone-devoile-8-nouveaux-designs-inspires-de-la-nature-dont-la-collection-pebbles-au-interior-design-show\/"]}]},{"@type":"ImageObject","inLanguage":"fr-CA","@id":"https:\/\/www.caesarstone.ca\/fr\/caesarstone-devoile-8-nouveaux-designs-inspires-de-la-nature-dont-la-collection-pebbles-au-interior-design-show\/#primaryimage","url":"https:\/\/www.caesarstone.ca\/wp-content\/uploads\/sites\/5\/2022\/01\/1001_hero_hz_CMYK_1920X1080-1024x576.jpg","contentUrl":"https:\/\/www.caesarstone.ca\/wp-content\/uploads\/sites\/5\/2022\/01\/1001_hero_hz_CMYK_1920X1080-1024x576.jpg"},{"@type":"BreadcrumbList","@id":"https:\/\/www.caesarstone.ca\/fr\/caesarstone-devoile-8-nouveaux-designs-inspires-de-la-nature-dont-la-collection-pebbles-au-interior-design-show\/#breadcrumb","itemListElement":[{"@type":"ListItem","position":1,"name":"Home","item":"https:\/\/www.caesarstone.ca\/fr\/"},{"@type":"ListItem","position":2,"name":"Caesarstone d\u00e9voile 8 nouveaux designs inspir\u00e9s de la nature, dont la collection Pebbles, au Interior Design Show"}]},{"@type":"WebSite","@id":"https:\/\/www.caesarstone.ca\/fr\/#website","url":"https:\/\/www.caesarstone.ca\/fr\/","name":"Caesarstone Canada","description":"Life in Stone","publisher":{"@id":"https:\/\/www.caesarstone.ca\/fr\/#organization"},"potentialAction":[{"@type":"SearchAction","target":{"@type":"EntryPoint","urlTemplate":"https:\/\/www.caesarstone.ca\/fr\/?s={search_term_string}"},"query-input":{"@type":"PropertyValueSpecification","valueRequired":true,"valueName":"search_term_string"}}],"inLanguage":"fr-CA"},{"@type":"Organization","@id":"https:\/\/www.caesarstone.ca\/fr\/#organization","name":"Caesarstone Canada","url":"https:\/\/www.caesarstone.ca\/fr\/","logo":{"@type":"ImageObject","inLanguage":"fr-CA","@id":"https:\/\/www.caesarstone.ca\/fr\/#\/schema\/logo\/image\/","url":"https:\/\/www.caesarstone.ca\/wp-content\/uploads\/sites\/5\/2026\/03\/Caesarstone_logo.jpg","contentUrl":"https:\/\/www.caesarstone.ca\/wp-content\/uploads\/sites\/5\/2026\/03\/Caesarstone_logo.jpg","width":1000,"height":158,"caption":"Caesarstone Canada"},"image":{"@id":"https:\/\/www.caesarstone.ca\/fr\/#\/schema\/logo\/image\/"},"sameAs":["https:\/\/www.facebook.com\/CaesarstoneCA","https:\/\/www.instagram.com\/caesarstoneca\/","https:\/\/www.linkedin.com\/company\/caesarstone-canada\/","https:\/\/www.youtube.com\/@CaesarstoneNA"]}]}},"_links":{"self":[{"href":"https:\/\/www.caesarstone.ca\/fr\/wp-json\/wp\/v2\/pages\/48826","targetHints":{"allow":["GET"]}}],"collection":[{"href":"https:\/\/www.caesarstone.ca\/fr\/wp-json\/wp\/v2\/pages"}],"about":[{"href":"https:\/\/www.caesarstone.ca\/fr\/wp-json\/wp\/v2\/types\/page"}],"author":[{"embeddable":true,"href":"https:\/\/www.caesarstone.ca\/fr\/wp-json\/wp\/v2\/users\/7"}],"replies":[{"embeddable":true,"href":"https:\/\/www.caesarstone.ca\/fr\/wp-json\/wp\/v2\/comments?post=48826"}],"version-history":[{"count":13,"href":"https:\/\/www.caesarstone.ca\/fr\/wp-json\/wp\/v2\/pages\/48826\/revisions"}],"predecessor-version":[{"id":68065,"href":"https:\/\/www.caesarstone.ca\/fr\/wp-json\/wp\/v2\/pages\/48826\/revisions\/68065"}],"wp:attachment":[{"href":"https:\/\/www.caesarstone.ca\/fr\/wp-json\/wp\/v2\/media?parent=48826"}],"curies":[{"name":"wp","href":"https:\/\/api.w.org\/{rel}","templated":true}]}}