{"id":56660,"date":"2022-12-20T11:18:11","date_gmt":"2022-12-20T18:18:11","guid":{"rendered":"https:\/\/www.caesarstone.ca\/?page_id=56660"},"modified":"2023-09-26T14:29:55","modified_gmt":"2023-09-26T20:29:55","slug":"ken-williams-named-to-nkba-board","status":"publish","type":"page","link":"https:\/\/www.caesarstone.ca\/fr\/communiques-de-presse\/ken-williams-named-to-nkba-board\/","title":{"rendered":"Ken Williams, Pr\u00e9sident Et Directeur G\u00e9n\u00e9ral De Caesarstone The Americas, Nomm\u00e9 Secr\u00e9taire-Tr\u00e9sorier Du Conseil D\u2019administration De La NKBA"},"content":{"rendered":"\n<p><strong>CHARLOTTE, Caroline du Nord (19 D\u00e9cembre 2022)<\/strong> \u2013 Caesarstone est heureuse d\u2019annoncer que la National Kitchen &amp; Bath Association (NKBA) a nomm\u00e9 Ken Williams comme secr\u00e9taire-tr\u00e9sorier de son conseil d\u2019administration pour 2023. M. Williams s\u2019est joint \u00e0 l\u2019organisme, principale association professionnelle de l\u2019industrie de la cuisine et de la salle de bain et propri\u00e9taire du Kitchen and Bath Industry Show (KBIS), au d\u00e9but de 2022 pour un mandat de quatre ans.<\/p>\n\n\n\n<p>En annon\u00e7ant la composition du conseil d\u2019administration de 2023, Bill Darcy, pr\u00e9sident et chef de la direction de la NKBA, a d\u00e9clar\u00e9&nbsp;: \u201c&#8230; Tandis que la NKBA contribue \u00e0 faire progresser l\u2019industrie de la cuisine et de la salle de bains en Am\u00e9rique du Nord et \u00e0 \u00e9tablir une pr\u00e9sence mondiale, nous sommes tr\u00e8s heureux que plusieurs de nos membres actuels du conseil d\u2019administration aient une exp\u00e9rience directe du march\u00e9 international, ce qui est inestimable pour la NKBA tandis que nous continuons \u00e0 prendre de l\u2019expansion dans le monde. Nous sommes reconnaissants \u00e0 l\u2019\u00e9gard de notre conseil d\u2019administration de son engagement envers ce secteur et ses pr\u00e9cieuses id\u00e9es.\u201d<\/p>\n\n\n\n<p>Parmi les autres annonces de la NKBA au sujet des dirigeant.e.s du conseil d\u2019administration de 2023, Jan Heck, pr\u00e9sident et chef de la direction de Miele USA, a \u00e9t\u00e9 \u00e9lu pr\u00e9sident du conseil d\u2019administration de la NKBA et Kristen Elder, vice-pr\u00e9sidente de Residential Builder &amp; Showrooms, Ferguson Enterprises, a \u00e9t\u00e9 \u00e9lue vice-pr\u00e9sidente.<\/p>\n\n\n\n<p>\u201cC\u2019est l\u2019honneur d\u2019une vie de faire partie du conseil d\u2019administration de la NKBA&nbsp;,\u201d a d\u00e9clar\u00e9 M. Williams. \u201cLe travail qu\u2019elle accomplit pour faire progresser notre industrie et former la prochaine g\u00e9n\u00e9ration de talents est inestimable. J\u2019ai h\u00e2te \u00e0 l\u2019ann\u00e9e \u00e0 venir, tandis que nous c\u00e9l\u00e9brons le 60<sup>e<\/sup> anniversaire de l\u2019organisme et que nous contribuons \u00e0 faire en sorte que l\u2019avenir continue d\u2019\u00eatre brillant et fructueux.\u201d<\/p>\n\n\n\n<p>M. Williams s\u2019est joint \u00e0 Caesarstone en 2016 comme pr\u00e9sident de Caesarstone Canada, avant d\u2019\u00eatre promu en 2019 au poste de pr\u00e9sident de Caesarstone Am\u00e9rique du Nord, une r\u00e9gion nouvellement cr\u00e9\u00e9e pour combiner les activit\u00e9s am\u00e9ricaines et canadiennes. Auparavant, il a occup\u00e9 plusieurs postes de direction, notamment celui de vice-pr\u00e9sident directeur des ventes et du marketing dans plusieurs divisions de Masco Corporation ainsi que des postes de direction g\u00e9n\u00e9rale aupr\u00e8s de Fortune Brands, de Redhill Company Ltd. et de Thorn Stevenson Kellogg Management Consultants.<\/p>\n\n\n\n<p><strong>Au sujet de la National Kitchen &amp; Bath Association et du Kitchen &amp; Bath Industry Show<\/strong><\/p>\n\n\n\n<p>La National Kitchen &amp; Bath Association (NKBA) est l\u2019association commerciale sans but lucratif propri\u00e9taire du Kitchen &amp; Bath Industry Show (KBIS), le plus grand salon de la cuisine et de la salle de bains en Am\u00e9rique du Nord. Avec pr\u00e8s de 50&nbsp;000 membres dans tous les segments du secteur de la conception et de la r\u00e9novation de cuisines et de salles de bains, la NKBA \u00e9duque et conseille le secteur depuis sa cr\u00e9ation en 1963. La mission de la NKBA est d\u2019inspirer et d\u2019appuyer l\u2019industrie de la cuisine et de la salle de bains par le biais de la communaut\u00e9, d\u2019\u00e9v\u00e9nements, d\u2019apprentissage et de certifications professionnelles. Pour obtenir de plus amples renseignements, consulter <a href=\"http:\/\/www.nkba.org\">www.nkba.org<\/a> (en anglais). KBIS et NKBA sont des marques d\u00e9pos\u00e9es de la National Kitchen &amp; Bath Association.<\/p>\n\n\n\n<p><strong>Au sujet de Caesarstone<\/strong><strong><\/strong><\/p>\n\n\n\n<p>Caesarstone est un chef de file mondial des surfaces haut de gamme, qui se sp\u00e9cialise dans les comptoirs qui cr\u00e9ent des espaces dynamiques au c\u0153ur du domicile. La gamme de produits multimat\u00e9riaux de plus de 100 couleurs de l\u2019entreprise cr\u00e9\u00e9e en 1987 combine la technologie novatrice de l\u2019entreprise \u00e0 sa passion pour le design. Fer de lance des surfaces durables de haute qualit\u00e9, Caesarstone propose une r\u00e9silience fonctionnelle et une beaut\u00e9 intemporelle, pour une vaste gamme d\u2019applications, y compris les comptoirs de cuisine, les meubles-lavabos de salle de bains, et plus encore, pour les espaces int\u00e9rieurs et ext\u00e9rieurs. Depuis le lancement des comptoirs en quartz il y a plus de 30 ans, la marque a pris de l\u2019expansion en ajoutant la porcelaine et la pierre naturelle et est pr\u00e9sente dans plus de 50 pays au monde, tout en am\u00e9liorant l\u2019exp\u00e9rience client\u00e8le gr\u00e2ce \u00e0 la conception de plateformes et de services num\u00e9riques r\u00e9volutionnaires.<\/p>\n\n\n\n<p>More information on Caesarstone:&nbsp;<a href=\"https:\/\/www.caesarstone.ca\/fr\/\">caesarstone.ca\/fr<\/a>, <a href=\"https:\/\/www.facebook.com\/CaesarstoneUS\/\">Facebook<\/a>,&nbsp;<a href=\"https:\/\/twitter.com\/CaesarstoneUSA\">Twitter,<\/a>&nbsp;<a href=\"https:\/\/www.youtube.com\/user\/CaesarStoneQuartz\">YouTube<\/a>,&nbsp;<a href=\"https:\/\/www.pinterest.com\/caesarstoneus\/\">Pinterest<\/a>, and&nbsp;<a href=\"https:\/\/www.instagram.com\/caesarstoneus\/\">Instagram<\/a><\/p>\n","protected":false},"excerpt":{"rendered":"<p>CHARLOTTE, Caroline du Nord (19 D\u00e9cembre 2022) \u2013 Caesarstone est heureuse d\u2019annoncer que la National Kitchen &amp; Bath Association (NKBA) a nomm\u00e9 Ken Williams comme secr\u00e9taire-tr\u00e9sorier de son conseil d\u2019administration pour 2023. M. Williams s\u2019est joint \u00e0 l\u2019organisme, principale association professionnelle de l\u2019industrie de la cuisine et de la salle de bain et propri\u00e9taire du [&hellip;]<\/p>\n","protected":false},"author":8,"featured_media":57118,"parent":25606,"menu_order":0,"comment_status":"closed","ping_status":"closed","template":"","meta":{"_acf_changed":false,"footnotes":""},"class_list":["post-56660","page","type-page","status-publish","has-post-thumbnail","hentry"],"acf":{"head_strip":{"":null,"background":null,"background_mobile":null,"title":"","subtitle":"","use_cta":false,"video_url":"","cta":null},"cs_related_posts":{"title":"","link":null,"articles":null,"show_pagination":false,"show_arrows":true,"space_desktop":{"top":0,"bottom":0},"space_mobile":{"top":0,"bottom":0},"background":"#f7f7f7","text_color":"#252525"},"related_post_card":{"title":"","desc":"","image":null,"video_url":""}},"yoast_head":"<!-- This site is optimized with the Yoast SEO Premium plugin v27.2 (Yoast SEO v27.2) - https:\/\/yoast.com\/product\/yoast-seo-premium-wordpress\/ -->\n<title>Ken Williams Nomm\u00e9 Secr\u00e9taire-Tr\u00e9sorier Du Conseil D\u2019administration<\/title>\n<meta name=\"description\" content=\"Ken Williams, President and CEO of Caesarstone The Americas, Named Secretary-Treasurer of the NKBA Board of Directors.\" \/>\n<meta name=\"robots\" content=\"index, follow, max-snippet:-1, max-image-preview:large, max-video-preview:-1\" \/>\n<link rel=\"canonical\" href=\"https:\/\/www.caesarstone.ca\/fr\/communiques-de-presse\/ken-williams-named-to-nkba-board\/\" \/>\n<meta property=\"og:locale\" content=\"fr_CA\" \/>\n<meta property=\"og:type\" content=\"article\" \/>\n<meta property=\"og:title\" content=\"Ken Williams, Pr\u00e9sident Et Directeur G\u00e9n\u00e9ral De Caesarstone The Americas, Nomm\u00e9 Secr\u00e9taire-Tr\u00e9sorier Du Conseil D\u2019administration De La NKBA\" \/>\n<meta property=\"og:description\" content=\"Ken Williams, President and CEO of Caesarstone The Americas, Named Secretary-Treasurer of the NKBA Board of Directors.\" \/>\n<meta property=\"og:url\" content=\"https:\/\/www.caesarstone.ca\/fr\/communiques-de-presse\/ken-williams-named-to-nkba-board\/\" \/>\n<meta property=\"og:site_name\" content=\"Caesarstone Canada\" \/>\n<meta property=\"article:publisher\" content=\"https:\/\/www.facebook.com\/CaesarstoneCA\" \/>\n<meta property=\"article:modified_time\" content=\"2023-09-26T20:29:55+00:00\" \/>\n<meta property=\"og:image\" content=\"https:\/\/www.caesarstone.ca\/wp-content\/uploads\/sites\/5\/2023\/01\/Ken-KBIS-French.jpg\" \/>\n\t<meta property=\"og:image:width\" content=\"800\" \/>\n\t<meta property=\"og:image:height\" content=\"397\" \/>\n\t<meta property=\"og:image:type\" content=\"image\/jpeg\" \/>\n<meta name=\"twitter:card\" content=\"summary_large_image\" \/>\n<meta name=\"twitter:label1\" content=\"Est. reading time\" \/>\n\t<meta name=\"twitter:data1\" content=\"4 minutes\" \/>\n<script type=\"application\/ld+json\" class=\"yoast-schema-graph\">{\"@context\":\"https:\/\/schema.org\",\"@graph\":[{\"@type\":\"WebPage\",\"@id\":\"https:\/\/www.caesarstone.ca\/fr\/communiques-de-presse\/ken-williams-named-to-nkba-board\/\",\"url\":\"https:\/\/www.caesarstone.ca\/fr\/communiques-de-presse\/ken-williams-named-to-nkba-board\/\",\"name\":\"Ken Williams Nomm\u00e9 Secr\u00e9taire-Tr\u00e9sorier Du Conseil D\u2019administration\",\"isPartOf\":{\"@id\":\"https:\/\/www.caesarstone.ca\/fr\/#website\"},\"primaryImageOfPage\":{\"@id\":\"https:\/\/www.caesarstone.ca\/fr\/communiques-de-presse\/ken-williams-named-to-nkba-board\/#primaryimage\"},\"image\":{\"@id\":\"https:\/\/www.caesarstone.ca\/fr\/communiques-de-presse\/ken-williams-named-to-nkba-board\/#primaryimage\"},\"thumbnailUrl\":\"https:\/\/www.caesarstone.ca\/wp-content\/uploads\/sites\/5\/2023\/01\/Ken-KBIS-French.jpg\",\"datePublished\":\"2022-12-20T18:18:11+00:00\",\"dateModified\":\"2023-09-26T20:29:55+00:00\",\"description\":\"Ken Williams, President and CEO of Caesarstone The Americas, Named Secretary-Treasurer of the NKBA Board of Directors.\",\"breadcrumb\":{\"@id\":\"https:\/\/www.caesarstone.ca\/fr\/communiques-de-presse\/ken-williams-named-to-nkba-board\/#breadcrumb\"},\"inLanguage\":\"fr-CA\",\"potentialAction\":[{\"@type\":\"ReadAction\",\"target\":[\"https:\/\/www.caesarstone.ca\/fr\/communiques-de-presse\/ken-williams-named-to-nkba-board\/\"]}]},{\"@type\":\"ImageObject\",\"inLanguage\":\"fr-CA\",\"@id\":\"https:\/\/www.caesarstone.ca\/fr\/communiques-de-presse\/ken-williams-named-to-nkba-board\/#primaryimage\",\"url\":\"https:\/\/www.caesarstone.ca\/wp-content\/uploads\/sites\/5\/2023\/01\/Ken-KBIS-French.jpg\",\"contentUrl\":\"https:\/\/www.caesarstone.ca\/wp-content\/uploads\/sites\/5\/2023\/01\/Ken-KBIS-French.jpg\",\"width\":800,\"height\":397},{\"@type\":\"BreadcrumbList\",\"@id\":\"https:\/\/www.caesarstone.ca\/fr\/communiques-de-presse\/ken-williams-named-to-nkba-board\/#breadcrumb\",\"itemListElement\":[{\"@type\":\"ListItem\",\"position\":1,\"name\":\"Home\",\"item\":\"https:\/\/www.caesarstone.ca\/fr\/\"},{\"@type\":\"ListItem\",\"position\":2,\"name\":\"Communiqu\u00e9s de presse\",\"item\":\"https:\/\/www.caesarstone.ca\/fr\/communiques-de-presse\/\"},{\"@type\":\"ListItem\",\"position\":3,\"name\":\"Ken Williams, Pr\u00e9sident Et Directeur G\u00e9n\u00e9ral De Caesarstone The Americas, Nomm\u00e9 Secr\u00e9taire-Tr\u00e9sorier Du Conseil D\u2019administration De La NKBA\"}]},{\"@type\":\"WebSite\",\"@id\":\"https:\/\/www.caesarstone.ca\/fr\/#website\",\"url\":\"https:\/\/www.caesarstone.ca\/fr\/\",\"name\":\"Caesarstone Canada\",\"description\":\"Life in Stone\",\"publisher\":{\"@id\":\"https:\/\/www.caesarstone.ca\/fr\/#organization\"},\"potentialAction\":[{\"@type\":\"SearchAction\",\"target\":{\"@type\":\"EntryPoint\",\"urlTemplate\":\"https:\/\/www.caesarstone.ca\/fr\/?s={search_term_string}\"},\"query-input\":{\"@type\":\"PropertyValueSpecification\",\"valueRequired\":true,\"valueName\":\"search_term_string\"}}],\"inLanguage\":\"fr-CA\"},{\"@type\":\"Organization\",\"@id\":\"https:\/\/www.caesarstone.ca\/fr\/#organization\",\"name\":\"Caesarstone Canada\",\"url\":\"https:\/\/www.caesarstone.ca\/fr\/\",\"logo\":{\"@type\":\"ImageObject\",\"inLanguage\":\"fr-CA\",\"@id\":\"https:\/\/www.caesarstone.ca\/fr\/#\/schema\/logo\/image\/\",\"url\":\"https:\/\/www.caesarstone.ca\/wp-content\/uploads\/sites\/5\/2026\/03\/Caesarstone_logo.jpg\",\"contentUrl\":\"https:\/\/www.caesarstone.ca\/wp-content\/uploads\/sites\/5\/2026\/03\/Caesarstone_logo.jpg\",\"width\":1000,\"height\":158,\"caption\":\"Caesarstone Canada\"},\"image\":{\"@id\":\"https:\/\/www.caesarstone.ca\/fr\/#\/schema\/logo\/image\/\"},\"sameAs\":[\"https:\/\/www.facebook.com\/CaesarstoneCA\",\"https:\/\/www.instagram.com\/caesarstoneca\/\",\"https:\/\/www.linkedin.com\/company\/caesarstone-canada\/\",\"https:\/\/www.youtube.com\/@CaesarstoneNA\"]}]}<\/script>\n<!-- \/ Yoast SEO Premium plugin. -->","yoast_head_json":{"title":"Ken Williams Nomm\u00e9 Secr\u00e9taire-Tr\u00e9sorier Du Conseil D\u2019administration","description":"Ken Williams, President and CEO of Caesarstone The Americas, Named Secretary-Treasurer of the NKBA Board of Directors.","robots":{"index":"index","follow":"follow","max-snippet":"max-snippet:-1","max-image-preview":"max-image-preview:large","max-video-preview":"max-video-preview:-1"},"canonical":"https:\/\/www.caesarstone.ca\/fr\/communiques-de-presse\/ken-williams-named-to-nkba-board\/","og_locale":"fr_CA","og_type":"article","og_title":"Ken Williams, Pr\u00e9sident Et Directeur G\u00e9n\u00e9ral De Caesarstone The Americas, Nomm\u00e9 Secr\u00e9taire-Tr\u00e9sorier Du Conseil D\u2019administration De La NKBA","og_description":"Ken Williams, President and CEO of Caesarstone The Americas, Named Secretary-Treasurer of the NKBA Board of Directors.","og_url":"https:\/\/www.caesarstone.ca\/fr\/communiques-de-presse\/ken-williams-named-to-nkba-board\/","og_site_name":"Caesarstone Canada","article_publisher":"https:\/\/www.facebook.com\/CaesarstoneCA","article_modified_time":"2023-09-26T20:29:55+00:00","og_image":[{"width":800,"height":397,"url":"https:\/\/www.caesarstone.ca\/wp-content\/uploads\/sites\/5\/2023\/01\/Ken-KBIS-French.jpg","type":"image\/jpeg"}],"twitter_card":"summary_large_image","twitter_misc":{"Est. reading time":"4 minutes"},"schema":{"@context":"https:\/\/schema.org","@graph":[{"@type":"WebPage","@id":"https:\/\/www.caesarstone.ca\/fr\/communiques-de-presse\/ken-williams-named-to-nkba-board\/","url":"https:\/\/www.caesarstone.ca\/fr\/communiques-de-presse\/ken-williams-named-to-nkba-board\/","name":"Ken Williams Nomm\u00e9 Secr\u00e9taire-Tr\u00e9sorier Du Conseil D\u2019administration","isPartOf":{"@id":"https:\/\/www.caesarstone.ca\/fr\/#website"},"primaryImageOfPage":{"@id":"https:\/\/www.caesarstone.ca\/fr\/communiques-de-presse\/ken-williams-named-to-nkba-board\/#primaryimage"},"image":{"@id":"https:\/\/www.caesarstone.ca\/fr\/communiques-de-presse\/ken-williams-named-to-nkba-board\/#primaryimage"},"thumbnailUrl":"https:\/\/www.caesarstone.ca\/wp-content\/uploads\/sites\/5\/2023\/01\/Ken-KBIS-French.jpg","datePublished":"2022-12-20T18:18:11+00:00","dateModified":"2023-09-26T20:29:55+00:00","description":"Ken Williams, President and CEO of Caesarstone The Americas, Named Secretary-Treasurer of the NKBA Board of Directors.","breadcrumb":{"@id":"https:\/\/www.caesarstone.ca\/fr\/communiques-de-presse\/ken-williams-named-to-nkba-board\/#breadcrumb"},"inLanguage":"fr-CA","potentialAction":[{"@type":"ReadAction","target":["https:\/\/www.caesarstone.ca\/fr\/communiques-de-presse\/ken-williams-named-to-nkba-board\/"]}]},{"@type":"ImageObject","inLanguage":"fr-CA","@id":"https:\/\/www.caesarstone.ca\/fr\/communiques-de-presse\/ken-williams-named-to-nkba-board\/#primaryimage","url":"https:\/\/www.caesarstone.ca\/wp-content\/uploads\/sites\/5\/2023\/01\/Ken-KBIS-French.jpg","contentUrl":"https:\/\/www.caesarstone.ca\/wp-content\/uploads\/sites\/5\/2023\/01\/Ken-KBIS-French.jpg","width":800,"height":397},{"@type":"BreadcrumbList","@id":"https:\/\/www.caesarstone.ca\/fr\/communiques-de-presse\/ken-williams-named-to-nkba-board\/#breadcrumb","itemListElement":[{"@type":"ListItem","position":1,"name":"Home","item":"https:\/\/www.caesarstone.ca\/fr\/"},{"@type":"ListItem","position":2,"name":"Communiqu\u00e9s de presse","item":"https:\/\/www.caesarstone.ca\/fr\/communiques-de-presse\/"},{"@type":"ListItem","position":3,"name":"Ken Williams, Pr\u00e9sident Et Directeur G\u00e9n\u00e9ral De Caesarstone The Americas, Nomm\u00e9 Secr\u00e9taire-Tr\u00e9sorier Du Conseil D\u2019administration De La NKBA"}]},{"@type":"WebSite","@id":"https:\/\/www.caesarstone.ca\/fr\/#website","url":"https:\/\/www.caesarstone.ca\/fr\/","name":"Caesarstone Canada","description":"Life in Stone","publisher":{"@id":"https:\/\/www.caesarstone.ca\/fr\/#organization"},"potentialAction":[{"@type":"SearchAction","target":{"@type":"EntryPoint","urlTemplate":"https:\/\/www.caesarstone.ca\/fr\/?s={search_term_string}"},"query-input":{"@type":"PropertyValueSpecification","valueRequired":true,"valueName":"search_term_string"}}],"inLanguage":"fr-CA"},{"@type":"Organization","@id":"https:\/\/www.caesarstone.ca\/fr\/#organization","name":"Caesarstone Canada","url":"https:\/\/www.caesarstone.ca\/fr\/","logo":{"@type":"ImageObject","inLanguage":"fr-CA","@id":"https:\/\/www.caesarstone.ca\/fr\/#\/schema\/logo\/image\/","url":"https:\/\/www.caesarstone.ca\/wp-content\/uploads\/sites\/5\/2026\/03\/Caesarstone_logo.jpg","contentUrl":"https:\/\/www.caesarstone.ca\/wp-content\/uploads\/sites\/5\/2026\/03\/Caesarstone_logo.jpg","width":1000,"height":158,"caption":"Caesarstone Canada"},"image":{"@id":"https:\/\/www.caesarstone.ca\/fr\/#\/schema\/logo\/image\/"},"sameAs":["https:\/\/www.facebook.com\/CaesarstoneCA","https:\/\/www.instagram.com\/caesarstoneca\/","https:\/\/www.linkedin.com\/company\/caesarstone-canada\/","https:\/\/www.youtube.com\/@CaesarstoneNA"]}]}},"_links":{"self":[{"href":"https:\/\/www.caesarstone.ca\/fr\/wp-json\/wp\/v2\/pages\/56660","targetHints":{"allow":["GET"]}}],"collection":[{"href":"https:\/\/www.caesarstone.ca\/fr\/wp-json\/wp\/v2\/pages"}],"about":[{"href":"https:\/\/www.caesarstone.ca\/fr\/wp-json\/wp\/v2\/types\/page"}],"author":[{"embeddable":true,"href":"https:\/\/www.caesarstone.ca\/fr\/wp-json\/wp\/v2\/users\/8"}],"replies":[{"embeddable":true,"href":"https:\/\/www.caesarstone.ca\/fr\/wp-json\/wp\/v2\/comments?post=56660"}],"version-history":[{"count":3,"href":"https:\/\/www.caesarstone.ca\/fr\/wp-json\/wp\/v2\/pages\/56660\/revisions"}],"predecessor-version":[{"id":57120,"href":"https:\/\/www.caesarstone.ca\/fr\/wp-json\/wp\/v2\/pages\/56660\/revisions\/57120"}],"up":[{"embeddable":true,"href":"https:\/\/www.caesarstone.ca\/fr\/wp-json\/wp\/v2\/pages\/25606"}],"wp:featuredmedia":[{"embeddable":true,"href":"https:\/\/www.caesarstone.ca\/fr\/wp-json\/wp\/v2\/media\/57118"}],"wp:attachment":[{"href":"https:\/\/www.caesarstone.ca\/fr\/wp-json\/wp\/v2\/media?parent=56660"}],"curies":[{"name":"wp","href":"https:\/\/api.w.org\/{rel}","templated":true}]}}