{"id":57159,"date":"2023-01-10T20:37:10","date_gmt":"2023-01-11T03:37:10","guid":{"rendered":"https:\/\/www.caesarstone.ca\/?page_id=57159"},"modified":"2026-01-06T09:31:47","modified_gmt":"2026-01-06T16:31:47","slug":"sustainability","status":"publish","type":"page","link":"https:\/\/www.caesarstone.ca\/fr\/sustainability\/","title":{"rendered":"Sustainability"},"content":{"rendered":"","protected":false},"excerpt":{"rendered":"","protected":false},"author":7,"featured_media":0,"parent":0,"menu_order":0,"comment_status":"closed","ping_status":"closed","template":"templates\/sustainability.php","meta":{"_acf_changed":false,"footnotes":""},"class_list":["post-57159","page","type-page","status-publish","hentry"],"acf":{"hero":{"items":[{"image":76102,"mobile_image":76104,"video_url":"https:\/\/vimeo.com\/825813148","mobile_video_url":"https:\/\/vimeo.com\/1013963609","duration":5,"mobile_hide_rectangle":true,"desktop_hide_rectangle":true,"contents_non_video":{"title":"","subtext":"","link":null},"contents_video":[{"minified":false,"title":"Tout comme vous, <br>nous tenons \u00e0 c\u0153ur le sort de la plan\u00e8te.  ","subtext":"","link":"","logo":false,"mobile_null_mt":false,"start":0,"end":100,"ltr":false}],"down_arrow":false,"show_pebbles_logo":false,"show_porcelain_logo":false,"custom_class":""}],"buttons_framed_layout":"link"},"crafts":{"title":"La durabilit\u00e9, c\u2019est plus qu\u2019un simple objectif pour nous \u2013 c\u2019est un principe directeur qui r\u00e9git tout ce que nous faisons.  ","use_small_icons":true,"icons":null,"content":"<span class=\"TextRun SCXW164581674 BCX0\" lang=\"FR-CA\" xml:lang=\"FR-CA\" data-contrast=\"auto\"><span class=\"NormalTextRun SCXW164581674 BCX0\">Nous nous engageons \u00e0 poursuivre l\u2019am\u00e9lioration continue et l\u2019innovation afin de rehausser la durabilit\u00e9 de nos produits tout au long de leur cycle de vie. Notre engagement en mati\u00e8re de durabilit\u00e9, de sant\u00e9 et de s\u00e9curit\u00e9 rel\u00e8ve de l\u2019holisme et englobe l\u2019ensemble de la cha\u00eene de valeur, de la fabrication \u00e0 l\u2019utilisation finale.\u00a0<\/span><\/span><span class=\"EOP SCXW164581674 BCX0\" data-ccp-props=\"{&quot;201341983&quot;:0,&quot;335559740&quot;:259}\">\u00a0<\/span>","more_info":{"text":"\u00e9l\u00e9chargez la version int\u00e9grale de notre rapport 2024 ESG afin d\u2019en apprendre davantage sur nos r\u00e9alisations, nos engagements et nos objectifs futurs.","link":{"title":"Rapport ESG ","url":"https:\/\/caesarstone.assetbank-server.com\/assetbank-caesarstone\/assetfile\/36439.pdf","target":"_blank"},"link_2":"","icon":null},"additional_heading":"es efforts que nous avons d\u00e9ploy\u00e9s en mati\u00e8re de durabilit\u00e9 sont enracin\u00e9s dans tout ce que nous faisons afin d\u2019avoir une incidence positive sur la plan\u00e8te et sa population:   "},"claims":[{"anchor":"","title":"La plan\u00e8te  ","image":76110,"mobile_image":76818,"video":"","center_video_text":false,"custom_video_text":{"text":"Nous minimisons \r\nl\u2019incidence environnementale \r\nqu\u2019ont nos produits sur la plan\u00e8te  ","color":"#fff","font_size":{"mobile":15,"tablet":40,"desktop":50}},"claims":[{"title":"D\u00e9claration environnementale de produit (Environmental Product Declaration [EPD])  ","constent":"<span data-contrast=\"auto\">Forts de la certification de 39\u202fmod\u00e8les et la certification pr\u00e9vue de 33\u202fmod\u00e8les suppl\u00e9mentaires, nous nous engageons \u00e0 r\u00e9duire l\u2019incidence environnementale de nos surfaces en nous appuyant sur une \u00e9valuation exhaustive du cycle de vie (ECV), assur\u00e9e par la certification EPD, la r\u00e9f\u00e9rence en mati\u00e8re de certification environnementale des produits.\u00a0<\/span><span data-ccp-props=\"{&quot;201341983&quot;:0,&quot;335559740&quot;:259}\">\u00a0<\/span>\r\n\r\n<a href=\"https:\/\/caesarstone.assetbank-server.com\/assetbank-caesarstone\/assetfile\/27361.pdf\" target=\"_blank\" rel=\"noopener\">Consultez <i>ici<\/i> nos rapports de certification EPD afin de conna\u00eetre nos mod\u00e8les certifi\u00e9s et leur incidence environnementale<\/a>"},{"title":"Mat\u00e9riaux recycl\u00e9s ","constent":"<span class=\"TextRun SCXW40371501 BCX0\" lang=\"FR-CA\" xml:lang=\"FR-CA\" data-contrast=\"auto\"><span class=\"NormalTextRun SCXW40371501 BCX0\">Parmi l\u2019ensemble de notre portefeuille actuel, on note que 31\u202f% de ses produits se composent d\u2019au moins 40\u202f% de mat\u00e9riaux recycl\u00e9s. Nous comptons incorporer jusqu\u2019\u00e0 50\u202f% de mat\u00e9riaux recycl\u00e9s dans toute notre collection de min\u00e9raux d\u2019ici 2026. Nous disposons aussi de sept mod\u00e8les certifi\u00e9s SCS gr\u00e2ce \u00e0 leur teneur en mat\u00e9riaux recycl\u00e9s, en plus des autres produits en cours de certification.<\/span><\/span>"},{"title":"Aucun d\u00e9chet mis en d\u00e9charge ","constent":"<span class=\"TextRun SCXW228260154 BCX0\" lang=\"FR-CA\" xml:lang=\"FR-CA\" data-contrast=\"auto\"><span class=\"NormalTextRun SCXW228260154 BCX0\">Nous ne produisons plus de d\u00e9chets mis en d\u00e9charge dans nos proc\u00e9d\u00e9s de fabrication \u00e0 base de porcelaine. Par ailleurs, nous nous employons activement \u00e0 r\u00e9duire la quantit\u00e9 de d\u00e9chets mis en d\u00e9charge dans nos proc\u00e9d\u00e9s de fabrication \u00e0 base de silice cristalline et de min\u00e9raux.<\/span><\/span><span class=\"EOP SCXW228260154 BCX0\" data-ccp-props=\"{&quot;201341983&quot;:0,&quot;335559740&quot;:259}\">\u00a0<\/span>"},{"title":"R\u00e9cup\u00e9ration des eaux us\u00e9es  ","constent":"<span class=\"TextRun SCXW233927055 BCX0\" lang=\"FR-CA\" xml:lang=\"FR-CA\" data-contrast=\"auto\"><span class=\"NormalTextRun SCXW233927055 BCX0\">La minimisation de la consommation d\u2019eaux us\u00e9es et l\u2019\u00e9limination des rejets d\u2019eaux us\u00e9es sont des priorit\u00e9s absolues pour nous. Tous nos sites de fabrication sont dot\u00e9s d\u2019installations de traitement des eaux us\u00e9es, ce qui nous permet de r\u00e9utiliser compl\u00e8tement nos eaux us\u00e9es et de r\u00e9duire \u00e0 z\u00e9ro les quantit\u00e9s d\u2019effluents rejet\u00e9s.<\/span><\/span><span class=\"EOP SCXW233927055 BCX0\" data-ccp-props=\"{&quot;201341983&quot;:0,&quot;335559740&quot;:259}\">\u00a0<\/span>"},{"title":"Transport aliment\u00e9 \u00e0 l\u2019\u00e9lectricit\u00e9  ","constent":"<span class=\"TextRun SCXW95186524 BCX0\" lang=\"FR-CA\" xml:lang=\"FR-CA\" data-contrast=\"auto\"><span class=\"NormalTextRun SCXW95186524 BCX0\">En 2023, nous avons atteint un important jalon dans notre programme d\u2019action climatique \u00e0 long terme en menant \u00e0 bien la transformation de l\u2019ensemble de notre parc de chariots \u00e9l\u00e9vateurs \u00e0 fourche, qui ne sont plus aliment\u00e9s au diesel, mais plut\u00f4t \u00e0 l\u2019\u00e9lectricit\u00e9, dans notre site Bar Lev. Cette transformation a pour effet d\u2019att\u00e9nuer consid\u00e9rablement l\u2019empreinte carbone de nos activit\u00e9s.<\/span><\/span><span class=\"EOP SCXW95186524 BCX0\" data-ccp-props=\"{&quot;201341983&quot;:0,&quot;335559740&quot;:259}\">\u00a0<\/span>"},{"title":"R\u00e9duire la consommation de mati\u00e8res brutes  ","constent":"<span class=\"TextRun SCXW130741018 BCX0\" lang=\"FR-CA\" xml:lang=\"FR-CA\" data-contrast=\"auto\"><span class=\"NormalTextRun SCXW130741018 BCX0\">Compte tenu du fait que la production et le transport de mati\u00e8res brutes figurent parmi les stades les plus percutants du cycle de vie de nos produits, nous travaillons sans cesse \u00e0 l\u2019am\u00e9lioration de l\u2019efficacit\u00e9 op\u00e9rationnelle et \u00e0 la r\u00e9duction de la consommation de mati\u00e8res. Depuis 2021, nous avons pu r\u00e9duire de 6\u202f% l\u2019utilisation de mati\u00e8res par tonne de produit fabriqu\u00e9 dans notre portefeuille de produits \u00e0 base de silice cristalline et de min\u00e9raux.<\/span><\/span><span class=\"EOP SCXW130741018 BCX0\" data-ccp-props=\"{&quot;201341983&quot;:0,&quot;335559740&quot;:259}\">\u00a0<\/span>"},{"title":"Partenariats en faveur de la durabilit\u00e9  ","constent":"<span class=\"TextRun SCXW223917972 BCX0\" lang=\"FR-CA\" xml:lang=\"FR-CA\" data-contrast=\"auto\"><span class=\"NormalTextRun SCXW223917972 BCX0\">\u00c0 l\u2019avant-garde de notre secteur, nous travaillons activement avec les principaux organismes de d\u00e9veloppement durable ainsi qu\u2019en faveur de diverses initiatives connexes du secteur de la construction verte et nous <\/span><span class=\"NormalTextRun SCXW223917972 BCX0\">mettons en commun notre expertise afin de contribuer \u00e0 l\u2019avancement des pratiques de durabilit\u00e9.<\/span><\/span><span class=\"EOP SCXW223917972 BCX0\" data-ccp-props=\"{&quot;201341983&quot;:0,&quot;335559740&quot;:259}\">\u00a0<\/span>"},{"title":"Programmes d\u2019am\u00e9lioration  ","constent":"<span class=\"TextRun SCXW79892980 BCX0\" lang=\"FR-CA\" xml:lang=\"FR-CA\" data-contrast=\"auto\"><span class=\"NormalTextRun SCXW79892980 BCX0\">Dans le cadre des programmes d\u2019am\u00e9lioration environnementale et climatique que nous avons mis en \u0153uvre dans tous nos sites, nous travaillons en \u00e9troite collaboration avec nos partenaires commerciaux afin d\u2019\u00e9tablir des initiatives semblables au sein de leurs installations.<\/span><\/span><span class=\"EOP SCXW79892980 BCX0\" data-ccp-props=\"{&quot;201341983&quot;:0,&quot;335559740&quot;:259}\">\u00a0<\/span>"}]},{"anchor":"","title":"Les gens  ","image":76106,"mobile_image":76821,"video":"","center_video_text":false,"custom_video_text":{"text":"Nous cr\u00e9ons un avenir durable \r\npour les gens le long du cycle \r\nde vie de nos produits  ","color":"#fff","font_size":{"mobile":14,"tablet":40,"desktop":50}},"claims":[{"title":"Mineral\u2122 de Caesarstone ","constent":"<span class=\"TextRun SCXW247679510 BCX0\" lang=\"FR-CA\" xml:lang=\"FR-CA\" data-contrast=\"auto\"><span class=\"NormalTextRun SCXW247679510 BCX0\">Le mat\u00e9riau de nos surfaces novatrices <\/span><span class=\"NormalTextRun SCXW247679510 BCX0\">Mineral<span class=\"TextRun SCXW37061261 BCX0\" lang=\"EN-US\" xml:lang=\"EN-US\" data-contrast=\"auto\"><span class=\"NormalTextRun SCXW37061261 BCX0\">\u2122<\/span><\/span><\/span><\/span><span class=\"TextRun SCXW247679510 BCX0\" lang=\"FR-CA\" xml:lang=\"FR-CA\" data-contrast=\"auto\"><span class=\"NormalTextRun SCXW247679510 BCX0\">\u00a0de <\/span><span class=\"NormalTextRun SpellingErrorV2Themed SCXW247679510 BCX0\">Caesarstone<\/span><span class=\"NormalTextRun SCXW247679510 BCX0\"> sans silice cristalline et \u00e0 faible teneur en silice est r\u00e9volutionnaire dont le proc\u00e9d\u00e9 de fabrication am\u00e9liore la s\u00e9curit\u00e9 de notre personnel et de nos fabricants. Ce produit offre \u00e9galement d\u2019importants avantages environnementaux, tout en pr\u00e9servant la qualit\u00e9 et la conception exceptionnelles que vous attendez de nous.<\/span><\/span><span class=\"EOP SCXW247679510 BCX0\" data-ccp-props=\"{&quot;201341983&quot;:0,&quot;335559740&quot;:259}\">\u00a0<\/span>"},{"title":"Master of Stone ","constent":"<span class=\"TextRun SCXW8751254 BCX0\" lang=\"FR-CA\" xml:lang=\"FR-CA\" data-contrast=\"auto\"><span class=\"NormalTextRun SCXW8751254 BCX0\">Gr\u00e2ce \u00e0 notre plateforme de formation gratuite unique Master of Stone<\/span><span class=\"NormalTextRun SCXW8751254 BCX0\"> (ma\u00eetre de la pierre)<\/span><span class=\"NormalTextRun SCXW8751254 BCX0\">, nous tra\u00e7ons la voie du secteur vers des milieux de travail plus s\u00e9curitaires et plus sains. Notre programme a aid\u00e9 plus de 4\u202f600\u202ffabricants r\u00e9partis sur 15\u202fpays, en les dotant du savoir n\u00e9cessaire pour mieux se prot\u00e9ger. &gt;&gt; <a href=\"https:\/\/mos.caesarstone.ca\/fr\/page-d-accueil\/lobby-collection\/csu-universit%C3%A9-de-caesarstone\/\" target=\"_blank\" rel=\"noopener\">Apprenez-en davantage sur le programme Master of Stone.\u00a0<\/a><\/span><\/span><span class=\"EOP SCXW8751254 BCX0\" data-ccp-props=\"{&quot;201341983&quot;:0,&quot;335559740&quot;:259}\">\u00a0<\/span>"},{"title":"R\u00e9duire le nombre d\u2019incidents li\u00e9s \u00e0 la s\u00e9curit\u00e9 ","constent":"<span class=\"TextRun SCXW35156292 BCX0\" lang=\"FR-CA\" xml:lang=\"FR-CA\" data-contrast=\"auto\"><span class=\"NormalTextRun SCXW35156292 BCX0\">Nos pratiques avanc\u00e9es de gestion de la sant\u00e9 et de la s\u00e9curit\u00e9 ont abouti \u00e0 une baisse de 40\u202f% du nombre de blessures li\u00e9es au travail par heure de travail.<\/span><\/span><span class=\"EOP SCXW35156292 BCX0\" data-ccp-props=\"{&quot;201341983&quot;:0,&quot;335559740&quot;:259}\">\u00a0<\/span>"},{"title":"Apprentissage continu ","constent":"<span class=\"TextRun SCXW98629062 BCX0\" lang=\"FR-CA\" xml:lang=\"FR-CA\" data-contrast=\"auto\"><span class=\"NormalTextRun SCXW98629062 BCX0\">Notre succ\u00e8s repose sur le savoir-faire de notre plus pr\u00e9cieux atout \u2013 nos gens. Nous favorisons le perfectionnement de notre personnel et leur offrons des possibilit\u00e9s d\u2019apprentissage continu, et ce, \u00e0 l\u2019appui de leur \u00e9panouissement tant professionnel que personnel. En 2023, nous avons investi plus de 10\u202f000\u202fheures d\u2019apprentissage au sein de nos effectifs mondiaux.<\/span><\/span><span class=\"EOP SCXW98629062 BCX0\" data-ccp-props=\"{&quot;201341983&quot;:0,&quot;335559740&quot;:259}\">\u00a0<\/span>"},{"title":"Inspections ESS ","constent":"<span class=\"TextRun SCXW192177280 BCX0\" lang=\"FR-CA\" xml:lang=\"FR-CA\" data-contrast=\"auto\"><span class=\"NormalTextRun SCXW192177280 BCX0\">Afin d\u2019assurer le respect des normes \u00e9lev\u00e9es auxquelles nous aspirons, nous proc\u00e9dons \u00e0 des inspections et des v\u00e9rifications r\u00e9guli\u00e8res li\u00e9es aux pratiques en mati\u00e8re d\u2019environnement, de sant\u00e9 et de s\u00e9curit\u00e9. En 2023, nous avons augment\u00e9 de plus de 230\u202f% le nombre d\u2019inspections, ce qui a aid\u00e9 \u00e0 pr\u00e9venir les risques \u00e9ventuels et \u00e0 am\u00e9liorer la s\u00e9curit\u00e9 en milieu de travail.<\/span><\/span><span class=\"EOP SCXW192177280 BCX0\" data-ccp-props=\"{&quot;201341983&quot;:0,&quot;335559740&quot;:259}\">\u00a0<\/span>"},{"title":"Promouvoir la repr\u00e9sentation f\u00e9minine aux postes de direction  ","constent":"<span class=\"TextRun SCXW5901974 BCX0\" lang=\"FR-CA\" xml:lang=\"FR-CA\" data-contrast=\"auto\"><span class=\"NormalTextRun SCXW5901974 BCX0\">Nous croyons que la diversit\u00e9 est essentielle pour favoriser l\u2019innovation et inspirer la r\u00e9flexion cr\u00e9ative. Fid\u00e8les \u00e0 cette conviction, nous nous engageons fi\u00e8rement en faveur des femmes aux postes de direction, comme en t\u00e9moigne le fait que 44\u202f% de notre conseil d\u2019administration se compose de femmes.<\/span><\/span><span class=\"EOP SCXW5901974 BCX0\" data-ccp-props=\"{&quot;201341983&quot;:0,&quot;335559740&quot;:259}\">\u00a0<\/span>"},{"title":"Au service de notre client\u00e8le ","constent":"<span class=\"TextRun SCXW20984391 BCX0\" lang=\"FR-CA\" xml:lang=\"FR-CA\" data-contrast=\"auto\"><span class=\"NormalTextRun SCXW20984391 BCX0\">Notre client\u00e8le est au c\u0153ur de tout ce que nous faisons. Un investissement continu dans nos capacit\u00e9s de service nous a permis de r\u00e9duire consid\u00e9rablement les temps d\u2019attente pour les services d\u2019entretien. En 2023, nous avons atteint un jalon digne de mention\u202f: nous avons r\u00e9gl\u00e9 plus de 80\u202f% des demandes de service dans les 6\u202fjours suivant l\u2019\u00e9mission du billet correspondant.\u00a0<\/span><\/span><span class=\"EOP SCXW20984391 BCX0\" data-ccp-props=\"{&quot;201341983&quot;:0,&quot;335559740&quot;:259}\">\u00a0<\/span>"}]}],"certificates_title":"Continuez \u00e0 explorer notre parcours durabilit\u00e9 ","certificates":[{"image":68977,"link":{"title":"","url":"https:\/\/www.caesarstone.ca\/fr\/sustainability\/nos-normes-et-certifications\/#Environmental%20Product%20Declaration","target":"_blank"}},{"image":65558,"link":{"title":"","url":"https:\/\/www.caesarstone.ca\/fr\/sustainability\/nos-normes-et-certifications\/#Greenguard","target":""}},{"image":68638,"link":{"title":"","url":"https:\/\/www.caesarstone.ca\/fr\/sustainability\/nos-normes-et-certifications\/#Declare","target":""}},{"image":57058,"link":{"title":"","url":"https:\/\/www.caesarstone.ca\/fr\/sustainability\/nos-normes-et-certifications\/#ISO","target":""}},{"image":57059,"link":{"title":"","url":"https:\/\/www.caesarstone.ca\/fr\/sustainability\/nos-normes-et-certifications\/#la-s%C3%A9curit%C3%A9-alimentaire","target":""}},{"image":68971,"link":{"title":"","url":"https:\/\/www.caesarstone.ca\/fr\/sustainability\/nos-normes-et-certifications\/#European-Food-Contact-Materials","target":""}},{"image":57061,"link":{"title":"","url":"https:\/\/www.caesarstone.ca\/fr\/sustainability\/nos-normes-et-certifications\/#LEED","target":""}},{"image":57062,"link":{"title":"","url":"https:\/\/www.caesarstone.ca\/fr\/sustainability\/nos-normes-et-certifications\/#Red-List","target":""}},{"image":57063,"link":{"title":"","url":"https:\/\/www.caesarstone.ca\/fr\/sustainability\/nos-normes-et-certifications\/#HPD","target":""}},{"image":68660,"link":{"title":"","url":"https:\/\/www.caesarstone.ca\/fr\/sustainability\/nos-normes-et-certifications\/#SCS","target":""}},{"image":58730,"link":{"title":"","url":"https:\/\/www.caesarstone.ca\/fr\/sustainability\/nos-normes-et-certifications\/#USGBC","target":""}},{"image":57067,"link":{"title":"","url":"https:\/\/www.caesarstone.ca\/fr\/sustainability\/nos-normes-et-certifications\/#mindful-Materials","target":""}}],"products_slider":{"badge":"","title":"Tous les parcours se d\u00e9finissent par des jalons en cours de route \u2013 ce sont nos r\u00e9alisations en mati\u00e8re de durabilit\u00e9 des produits: ","background_image":76097,"products":[{"badge":"","title":"Nos mod\u00e8les sans silice cristalline ","link":{"title":"Apprendre encore plus","url":"https:\/\/www.caesarstone.ca\/fr\/icon\/","target":""},"image":76811},{"badge":"","title":"Nos mod\u00e8les \u00e0 faible teneur en silice cristalline","link":{"title":"D\u00e9couvrir la gamme","url":"https:\/\/www.caesarstone.ca\/fr\/countertops\/?material=mineral-fr","target":""},"image":76813},{"badge":"","title":"Nos mod\u00e8les certifi\u00e9s - EPD","link":{"title":"D\u00e9claration environnementale de produit","url":"https:\/\/www.caesarstone.ca\/fr\/sustainability\/nos-normes-et-certifications\/#Environmental%20Product%20Declaration","target":""},"image":76815}]},"banner":{"image":null,"video":"","title":""},"articles":null,"icons_title":"","icons":null,"bottom_banner":{"image":null,"video":"","title":""},"surfaces":{"title":"","content":"","show_image":false,"image":null,"link":""},"related_post_card":{"title":"","desc":"","image":null,"video_url":""}},"yoast_head":"<!-- This site is optimized with the Yoast SEO Premium plugin v27.2 (Yoast SEO v27.2) - https:\/\/yoast.com\/product\/yoast-seo-premium-wordpress\/ -->\n<title>Durabilit\u00e9 | Caesarstone Canada<\/title>\n<meta name=\"description\" content=\"Caesarstone d\u00e9fend l&#039;essence de la durabilit\u00e9 symbiotique. D\u00e9couvrez le voyage vers une harmonie collective et un avenir durable.\" \/>\n<meta name=\"robots\" content=\"index, follow, max-snippet:-1, max-image-preview:large, max-video-preview:-1\" \/>\n<link rel=\"canonical\" href=\"https:\/\/www.caesarstone.ca\/fr\/sustainability\/\" \/>\n<meta property=\"og:locale\" content=\"fr_CA\" \/>\n<meta property=\"og:type\" content=\"article\" \/>\n<meta property=\"og:title\" content=\"Sustainability\" \/>\n<meta property=\"og:description\" content=\"Caesarstone d\u00e9fend l&#039;essence de la durabilit\u00e9 symbiotique. D\u00e9couvrez le voyage vers une harmonie collective et un avenir durable.\" \/>\n<meta property=\"og:url\" content=\"https:\/\/www.caesarstone.ca\/fr\/sustainability\/\" \/>\n<meta property=\"og:site_name\" content=\"Caesarstone Canada\" \/>\n<meta property=\"article:publisher\" content=\"https:\/\/www.facebook.com\/CaesarstoneCA\" \/>\n<meta property=\"article:modified_time\" content=\"2026-01-06T16:31:47+00:00\" \/>\n<meta name=\"twitter:card\" content=\"summary_large_image\" \/>\n<script type=\"application\/ld+json\" class=\"yoast-schema-graph\">{\"@context\":\"https:\/\/schema.org\",\"@graph\":[{\"@type\":\"WebPage\",\"@id\":\"https:\/\/www.caesarstone.ca\/fr\/sustainability\/\",\"url\":\"https:\/\/www.caesarstone.ca\/fr\/sustainability\/\",\"name\":\"Durabilit\u00e9 | Caesarstone Canada\",\"isPartOf\":{\"@id\":\"https:\/\/www.caesarstone.ca\/fr\/#website\"},\"datePublished\":\"2023-01-11T03:37:10+00:00\",\"dateModified\":\"2026-01-06T16:31:47+00:00\",\"description\":\"Caesarstone d\u00e9fend l'essence de la durabilit\u00e9 symbiotique. D\u00e9couvrez le voyage vers une harmonie collective et un avenir durable.\",\"breadcrumb\":{\"@id\":\"https:\/\/www.caesarstone.ca\/fr\/sustainability\/#breadcrumb\"},\"inLanguage\":\"fr-CA\",\"potentialAction\":[{\"@type\":\"ReadAction\",\"target\":[\"https:\/\/www.caesarstone.ca\/fr\/sustainability\/\"]}]},{\"@type\":\"BreadcrumbList\",\"@id\":\"https:\/\/www.caesarstone.ca\/fr\/sustainability\/#breadcrumb\",\"itemListElement\":[{\"@type\":\"ListItem\",\"position\":1,\"name\":\"Home\",\"item\":\"https:\/\/www.caesarstone.ca\/fr\/\"},{\"@type\":\"ListItem\",\"position\":2,\"name\":\"Sustainability\"}]},{\"@type\":\"WebSite\",\"@id\":\"https:\/\/www.caesarstone.ca\/fr\/#website\",\"url\":\"https:\/\/www.caesarstone.ca\/fr\/\",\"name\":\"Caesarstone Canada\",\"description\":\"Life in Stone\",\"publisher\":{\"@id\":\"https:\/\/www.caesarstone.ca\/fr\/#organization\"},\"potentialAction\":[{\"@type\":\"SearchAction\",\"target\":{\"@type\":\"EntryPoint\",\"urlTemplate\":\"https:\/\/www.caesarstone.ca\/fr\/?s={search_term_string}\"},\"query-input\":{\"@type\":\"PropertyValueSpecification\",\"valueRequired\":true,\"valueName\":\"search_term_string\"}}],\"inLanguage\":\"fr-CA\"},{\"@type\":\"Organization\",\"@id\":\"https:\/\/www.caesarstone.ca\/fr\/#organization\",\"name\":\"Caesarstone Canada\",\"url\":\"https:\/\/www.caesarstone.ca\/fr\/\",\"logo\":{\"@type\":\"ImageObject\",\"inLanguage\":\"fr-CA\",\"@id\":\"https:\/\/www.caesarstone.ca\/fr\/#\/schema\/logo\/image\/\",\"url\":\"https:\/\/www.caesarstone.ca\/wp-content\/uploads\/sites\/5\/2026\/03\/Caesarstone_logo.jpg\",\"contentUrl\":\"https:\/\/www.caesarstone.ca\/wp-content\/uploads\/sites\/5\/2026\/03\/Caesarstone_logo.jpg\",\"width\":1000,\"height\":158,\"caption\":\"Caesarstone Canada\"},\"image\":{\"@id\":\"https:\/\/www.caesarstone.ca\/fr\/#\/schema\/logo\/image\/\"},\"sameAs\":[\"https:\/\/www.facebook.com\/CaesarstoneCA\",\"https:\/\/www.instagram.com\/caesarstoneca\/\",\"https:\/\/www.linkedin.com\/company\/caesarstone-canada\/\",\"https:\/\/www.youtube.com\/@CaesarstoneNA\"]}]}<\/script>\n<!-- \/ Yoast SEO Premium plugin. -->","yoast_head_json":{"title":"Durabilit\u00e9 | Caesarstone Canada","description":"Caesarstone d\u00e9fend l'essence de la durabilit\u00e9 symbiotique. D\u00e9couvrez le voyage vers une harmonie collective et un avenir durable.","robots":{"index":"index","follow":"follow","max-snippet":"max-snippet:-1","max-image-preview":"max-image-preview:large","max-video-preview":"max-video-preview:-1"},"canonical":"https:\/\/www.caesarstone.ca\/fr\/sustainability\/","og_locale":"fr_CA","og_type":"article","og_title":"Sustainability","og_description":"Caesarstone d\u00e9fend l'essence de la durabilit\u00e9 symbiotique. D\u00e9couvrez le voyage vers une harmonie collective et un avenir durable.","og_url":"https:\/\/www.caesarstone.ca\/fr\/sustainability\/","og_site_name":"Caesarstone Canada","article_publisher":"https:\/\/www.facebook.com\/CaesarstoneCA","article_modified_time":"2026-01-06T16:31:47+00:00","twitter_card":"summary_large_image","schema":{"@context":"https:\/\/schema.org","@graph":[{"@type":"WebPage","@id":"https:\/\/www.caesarstone.ca\/fr\/sustainability\/","url":"https:\/\/www.caesarstone.ca\/fr\/sustainability\/","name":"Durabilit\u00e9 | Caesarstone Canada","isPartOf":{"@id":"https:\/\/www.caesarstone.ca\/fr\/#website"},"datePublished":"2023-01-11T03:37:10+00:00","dateModified":"2026-01-06T16:31:47+00:00","description":"Caesarstone d\u00e9fend l'essence de la durabilit\u00e9 symbiotique. D\u00e9couvrez le voyage vers une harmonie collective et un avenir durable.","breadcrumb":{"@id":"https:\/\/www.caesarstone.ca\/fr\/sustainability\/#breadcrumb"},"inLanguage":"fr-CA","potentialAction":[{"@type":"ReadAction","target":["https:\/\/www.caesarstone.ca\/fr\/sustainability\/"]}]},{"@type":"BreadcrumbList","@id":"https:\/\/www.caesarstone.ca\/fr\/sustainability\/#breadcrumb","itemListElement":[{"@type":"ListItem","position":1,"name":"Home","item":"https:\/\/www.caesarstone.ca\/fr\/"},{"@type":"ListItem","position":2,"name":"Sustainability"}]},{"@type":"WebSite","@id":"https:\/\/www.caesarstone.ca\/fr\/#website","url":"https:\/\/www.caesarstone.ca\/fr\/","name":"Caesarstone Canada","description":"Life in Stone","publisher":{"@id":"https:\/\/www.caesarstone.ca\/fr\/#organization"},"potentialAction":[{"@type":"SearchAction","target":{"@type":"EntryPoint","urlTemplate":"https:\/\/www.caesarstone.ca\/fr\/?s={search_term_string}"},"query-input":{"@type":"PropertyValueSpecification","valueRequired":true,"valueName":"search_term_string"}}],"inLanguage":"fr-CA"},{"@type":"Organization","@id":"https:\/\/www.caesarstone.ca\/fr\/#organization","name":"Caesarstone Canada","url":"https:\/\/www.caesarstone.ca\/fr\/","logo":{"@type":"ImageObject","inLanguage":"fr-CA","@id":"https:\/\/www.caesarstone.ca\/fr\/#\/schema\/logo\/image\/","url":"https:\/\/www.caesarstone.ca\/wp-content\/uploads\/sites\/5\/2026\/03\/Caesarstone_logo.jpg","contentUrl":"https:\/\/www.caesarstone.ca\/wp-content\/uploads\/sites\/5\/2026\/03\/Caesarstone_logo.jpg","width":1000,"height":158,"caption":"Caesarstone Canada"},"image":{"@id":"https:\/\/www.caesarstone.ca\/fr\/#\/schema\/logo\/image\/"},"sameAs":["https:\/\/www.facebook.com\/CaesarstoneCA","https:\/\/www.instagram.com\/caesarstoneca\/","https:\/\/www.linkedin.com\/company\/caesarstone-canada\/","https:\/\/www.youtube.com\/@CaesarstoneNA"]}]}},"_links":{"self":[{"href":"https:\/\/www.caesarstone.ca\/fr\/wp-json\/wp\/v2\/pages\/57159","targetHints":{"allow":["GET"]}}],"collection":[{"href":"https:\/\/www.caesarstone.ca\/fr\/wp-json\/wp\/v2\/pages"}],"about":[{"href":"https:\/\/www.caesarstone.ca\/fr\/wp-json\/wp\/v2\/types\/page"}],"author":[{"embeddable":true,"href":"https:\/\/www.caesarstone.ca\/fr\/wp-json\/wp\/v2\/users\/7"}],"replies":[{"embeddable":true,"href":"https:\/\/www.caesarstone.ca\/fr\/wp-json\/wp\/v2\/comments?post=57159"}],"version-history":[{"count":61,"href":"https:\/\/www.caesarstone.ca\/fr\/wp-json\/wp\/v2\/pages\/57159\/revisions"}],"predecessor-version":[{"id":83721,"href":"https:\/\/www.caesarstone.ca\/fr\/wp-json\/wp\/v2\/pages\/57159\/revisions\/83721"}],"wp:attachment":[{"href":"https:\/\/www.caesarstone.ca\/fr\/wp-json\/wp\/v2\/media?parent=57159"}],"curies":[{"name":"wp","href":"https:\/\/api.w.org\/{rel}","templated":true}]}}