{"id":63982,"date":"2023-05-07T02:54:16","date_gmt":"2023-05-07T08:54:16","guid":{"rendered":"https:\/\/www.caesarstone.ca\/?page_id=63982"},"modified":"2025-10-31T13:32:41","modified_gmt":"2025-10-31T19:32:41","slug":"visualiseur-de-comptoir-de-cuisine","status":"publish","type":"page","link":"https:\/\/www.caesarstone.ca\/fr\/visualiseur-de-comptoir-de-cuisine\/","title":{"rendered":"Visualiseur"},"content":{"rendered":"","protected":false},"excerpt":{"rendered":"","protected":false},"author":4462,"featured_media":0,"parent":0,"menu_order":0,"comment_status":"closed","ping_status":"closed","template":"templates\/fabricator.php","meta":{"_acf_changed":false,"footnotes":""},"class_list":["post-63982","page","type-page","status-publish","hentry"],"acf":{"hero":{"title":"La visualisation<br>des surfaces simplifi\u00e9e","subtitle":"Visualiser dans la pi\u00e8ce","background":82779,"background_mobile":null,"video_url":"","video_url_mobile":""},"intro":{"title":"Simple. Source d\u2019inspiration. Solution.","content":"Nos outils de visualisation conviviaux vous aident \u00e0 choisir la surface id\u00e9ale pour votre domicile.<br><br>\r\nOubliez les devinettes et commencez \u00e0 explorer!\r\n","image_swiper":[{"title":"Visualiser dans votre pi\u00e8ce","description":"T\u00e9l\u00e9versez la photo de votre pi\u00e8ce pour voir nos surfaces prendre vie.","link":{"title":"T\u00e9l\u00e9verser ","url":"#roomvo-visualizer","target":""},"image":82782,"is_white":false,"video_url":""},{"title":"Choisissez une pi\u00e8ce de d\u00e9monstration","description":"D\u00e9couvrez nos surfaces dans l\u2019une de nos pi\u00e8ces de d\u00e9monstration.","link":{"title":"Commencez \u00e0 explorer","url":"#roomvo-visualizer","target":""},"image":82784,"is_white":false,"video_url":""}]},"show_first_card":false,"first_card":{"title":"","content":"","link":null,"background":null,"background_video":"","is_white":true},"tools":{"title":"","items":null},"show_second_card":false,"second_card":{"title":"","content":"","link":null,"background":null,"background_video":"","is_white":true},"blog_resources":{"title":"","description":"","link":"","items":null},"contact":{"title":"","content":"Just a heads-up: these images and 3D views are for inspiration only, not installation guides. Actual product colors, patterns, veining, and scale may vary.\t\r\n","link":""},"related_post_card":{"title":"","desc":"","image":null,"video_url":""}},"yoast_head":"<!-- This site is optimized with the Yoast SEO Premium plugin v27.2 (Yoast SEO v27.2) - https:\/\/yoast.com\/product\/yoast-seo-premium-wordpress\/ -->\n<title>Visualiseur Ext\u00e9rieur | Caesarstone Canada<\/title>\n<meta name=\"description\" content=\"Cherchez-vous un visualiseur en ligne gratuit pour la cuisine? Essayez notre visualiseur de cuisine 3D Caesarstone et faites en toute confiance votre s\u00e9lection.\" \/>\n<meta name=\"robots\" content=\"index, follow, max-snippet:-1, max-image-preview:large, max-video-preview:-1\" \/>\n<link rel=\"canonical\" href=\"https:\/\/www.caesarstone.ca\/fr\/visualiseur-de-comptoir-de-cuisine\/\" \/>\n<meta property=\"og:locale\" content=\"fr_CA\" \/>\n<meta property=\"og:type\" content=\"article\" \/>\n<meta property=\"og:title\" content=\"Visualiseur\" \/>\n<meta property=\"og:description\" content=\"Cherchez-vous un visualiseur en ligne gratuit pour la cuisine? Essayez notre visualiseur de cuisine 3D Caesarstone et faites en toute confiance votre s\u00e9lection.\" \/>\n<meta property=\"og:url\" content=\"https:\/\/www.caesarstone.ca\/fr\/visualiseur-de-comptoir-de-cuisine\/\" \/>\n<meta property=\"og:site_name\" content=\"Caesarstone Canada\" \/>\n<meta property=\"article:publisher\" content=\"https:\/\/www.facebook.com\/CaesarstoneCA\" \/>\n<meta property=\"article:modified_time\" content=\"2025-10-31T19:32:41+00:00\" \/>\n<meta name=\"twitter:card\" content=\"summary_large_image\" \/>\n<script type=\"application\/ld+json\" class=\"yoast-schema-graph\">{\"@context\":\"https:\/\/schema.org\",\"@graph\":[{\"@type\":\"WebPage\",\"@id\":\"https:\/\/www.caesarstone.ca\/fr\/visualiseur-de-comptoir-de-cuisine\/\",\"url\":\"https:\/\/www.caesarstone.ca\/fr\/visualiseur-de-comptoir-de-cuisine\/\",\"name\":\"Visualiseur Ext\u00e9rieur | Caesarstone Canada\",\"isPartOf\":{\"@id\":\"https:\/\/www.caesarstone.ca\/fr\/#website\"},\"datePublished\":\"2023-05-07T08:54:16+00:00\",\"dateModified\":\"2025-10-31T19:32:41+00:00\",\"description\":\"Cherchez-vous un visualiseur en ligne gratuit pour la cuisine? Essayez notre visualiseur de cuisine 3D Caesarstone et faites en toute confiance votre s\u00e9lection.\",\"breadcrumb\":{\"@id\":\"https:\/\/www.caesarstone.ca\/fr\/visualiseur-de-comptoir-de-cuisine\/#breadcrumb\"},\"inLanguage\":\"fr-CA\",\"potentialAction\":[{\"@type\":\"ReadAction\",\"target\":[\"https:\/\/www.caesarstone.ca\/fr\/visualiseur-de-comptoir-de-cuisine\/\"]}]},{\"@type\":\"BreadcrumbList\",\"@id\":\"https:\/\/www.caesarstone.ca\/fr\/visualiseur-de-comptoir-de-cuisine\/#breadcrumb\",\"itemListElement\":[{\"@type\":\"ListItem\",\"position\":1,\"name\":\"Home\",\"item\":\"https:\/\/www.caesarstone.ca\/fr\/\"},{\"@type\":\"ListItem\",\"position\":2,\"name\":\"Visualiseur\"}]},{\"@type\":\"WebSite\",\"@id\":\"https:\/\/www.caesarstone.ca\/fr\/#website\",\"url\":\"https:\/\/www.caesarstone.ca\/fr\/\",\"name\":\"Caesarstone Canada\",\"description\":\"Life in Stone\",\"publisher\":{\"@id\":\"https:\/\/www.caesarstone.ca\/fr\/#organization\"},\"potentialAction\":[{\"@type\":\"SearchAction\",\"target\":{\"@type\":\"EntryPoint\",\"urlTemplate\":\"https:\/\/www.caesarstone.ca\/fr\/?s={search_term_string}\"},\"query-input\":{\"@type\":\"PropertyValueSpecification\",\"valueRequired\":true,\"valueName\":\"search_term_string\"}}],\"inLanguage\":\"fr-CA\"},{\"@type\":\"Organization\",\"@id\":\"https:\/\/www.caesarstone.ca\/fr\/#organization\",\"name\":\"Caesarstone Canada\",\"url\":\"https:\/\/www.caesarstone.ca\/fr\/\",\"logo\":{\"@type\":\"ImageObject\",\"inLanguage\":\"fr-CA\",\"@id\":\"https:\/\/www.caesarstone.ca\/fr\/#\/schema\/logo\/image\/\",\"url\":\"https:\/\/www.caesarstone.ca\/wp-content\/uploads\/sites\/5\/2026\/03\/Caesarstone_logo.jpg\",\"contentUrl\":\"https:\/\/www.caesarstone.ca\/wp-content\/uploads\/sites\/5\/2026\/03\/Caesarstone_logo.jpg\",\"width\":1000,\"height\":158,\"caption\":\"Caesarstone Canada\"},\"image\":{\"@id\":\"https:\/\/www.caesarstone.ca\/fr\/#\/schema\/logo\/image\/\"},\"sameAs\":[\"https:\/\/www.facebook.com\/CaesarstoneCA\",\"https:\/\/www.instagram.com\/caesarstoneca\/\",\"https:\/\/www.linkedin.com\/company\/caesarstone-canada\/\",\"https:\/\/www.youtube.com\/@CaesarstoneNA\"]}]}<\/script>\n<!-- \/ Yoast SEO Premium plugin. -->","yoast_head_json":{"title":"Visualiseur Ext\u00e9rieur | Caesarstone Canada","description":"Cherchez-vous un visualiseur en ligne gratuit pour la cuisine? Essayez notre visualiseur de cuisine 3D Caesarstone et faites en toute confiance votre s\u00e9lection.","robots":{"index":"index","follow":"follow","max-snippet":"max-snippet:-1","max-image-preview":"max-image-preview:large","max-video-preview":"max-video-preview:-1"},"canonical":"https:\/\/www.caesarstone.ca\/fr\/visualiseur-de-comptoir-de-cuisine\/","og_locale":"fr_CA","og_type":"article","og_title":"Visualiseur","og_description":"Cherchez-vous un visualiseur en ligne gratuit pour la cuisine? Essayez notre visualiseur de cuisine 3D Caesarstone et faites en toute confiance votre s\u00e9lection.","og_url":"https:\/\/www.caesarstone.ca\/fr\/visualiseur-de-comptoir-de-cuisine\/","og_site_name":"Caesarstone Canada","article_publisher":"https:\/\/www.facebook.com\/CaesarstoneCA","article_modified_time":"2025-10-31T19:32:41+00:00","twitter_card":"summary_large_image","schema":{"@context":"https:\/\/schema.org","@graph":[{"@type":"WebPage","@id":"https:\/\/www.caesarstone.ca\/fr\/visualiseur-de-comptoir-de-cuisine\/","url":"https:\/\/www.caesarstone.ca\/fr\/visualiseur-de-comptoir-de-cuisine\/","name":"Visualiseur Ext\u00e9rieur | Caesarstone Canada","isPartOf":{"@id":"https:\/\/www.caesarstone.ca\/fr\/#website"},"datePublished":"2023-05-07T08:54:16+00:00","dateModified":"2025-10-31T19:32:41+00:00","description":"Cherchez-vous un visualiseur en ligne gratuit pour la cuisine? Essayez notre visualiseur de cuisine 3D Caesarstone et faites en toute confiance votre s\u00e9lection.","breadcrumb":{"@id":"https:\/\/www.caesarstone.ca\/fr\/visualiseur-de-comptoir-de-cuisine\/#breadcrumb"},"inLanguage":"fr-CA","potentialAction":[{"@type":"ReadAction","target":["https:\/\/www.caesarstone.ca\/fr\/visualiseur-de-comptoir-de-cuisine\/"]}]},{"@type":"BreadcrumbList","@id":"https:\/\/www.caesarstone.ca\/fr\/visualiseur-de-comptoir-de-cuisine\/#breadcrumb","itemListElement":[{"@type":"ListItem","position":1,"name":"Home","item":"https:\/\/www.caesarstone.ca\/fr\/"},{"@type":"ListItem","position":2,"name":"Visualiseur"}]},{"@type":"WebSite","@id":"https:\/\/www.caesarstone.ca\/fr\/#website","url":"https:\/\/www.caesarstone.ca\/fr\/","name":"Caesarstone Canada","description":"Life in Stone","publisher":{"@id":"https:\/\/www.caesarstone.ca\/fr\/#organization"},"potentialAction":[{"@type":"SearchAction","target":{"@type":"EntryPoint","urlTemplate":"https:\/\/www.caesarstone.ca\/fr\/?s={search_term_string}"},"query-input":{"@type":"PropertyValueSpecification","valueRequired":true,"valueName":"search_term_string"}}],"inLanguage":"fr-CA"},{"@type":"Organization","@id":"https:\/\/www.caesarstone.ca\/fr\/#organization","name":"Caesarstone Canada","url":"https:\/\/www.caesarstone.ca\/fr\/","logo":{"@type":"ImageObject","inLanguage":"fr-CA","@id":"https:\/\/www.caesarstone.ca\/fr\/#\/schema\/logo\/image\/","url":"https:\/\/www.caesarstone.ca\/wp-content\/uploads\/sites\/5\/2026\/03\/Caesarstone_logo.jpg","contentUrl":"https:\/\/www.caesarstone.ca\/wp-content\/uploads\/sites\/5\/2026\/03\/Caesarstone_logo.jpg","width":1000,"height":158,"caption":"Caesarstone Canada"},"image":{"@id":"https:\/\/www.caesarstone.ca\/fr\/#\/schema\/logo\/image\/"},"sameAs":["https:\/\/www.facebook.com\/CaesarstoneCA","https:\/\/www.instagram.com\/caesarstoneca\/","https:\/\/www.linkedin.com\/company\/caesarstone-canada\/","https:\/\/www.youtube.com\/@CaesarstoneNA"]}]}},"_links":{"self":[{"href":"https:\/\/www.caesarstone.ca\/fr\/wp-json\/wp\/v2\/pages\/63982","targetHints":{"allow":["GET"]}}],"collection":[{"href":"https:\/\/www.caesarstone.ca\/fr\/wp-json\/wp\/v2\/pages"}],"about":[{"href":"https:\/\/www.caesarstone.ca\/fr\/wp-json\/wp\/v2\/types\/page"}],"author":[{"embeddable":true,"href":"https:\/\/www.caesarstone.ca\/fr\/wp-json\/wp\/v2\/users\/4462"}],"replies":[{"embeddable":true,"href":"https:\/\/www.caesarstone.ca\/fr\/wp-json\/wp\/v2\/comments?post=63982"}],"version-history":[{"count":10,"href":"https:\/\/www.caesarstone.ca\/fr\/wp-json\/wp\/v2\/pages\/63982\/revisions"}],"predecessor-version":[{"id":82859,"href":"https:\/\/www.caesarstone.ca\/fr\/wp-json\/wp\/v2\/pages\/63982\/revisions\/82859"}],"wp:attachment":[{"href":"https:\/\/www.caesarstone.ca\/fr\/wp-json\/wp\/v2\/media?parent=63982"}],"curies":[{"name":"wp","href":"https:\/\/api.w.org\/{rel}","templated":true}]}}