{"id":66377,"date":"2023-06-26T00:07:27","date_gmt":"2023-06-26T06:07:27","guid":{"rendered":"https:\/\/www.caesarstone.ca\/pro-entrance-page\/"},"modified":"2023-07-03T02:12:36","modified_gmt":"2023-07-03T08:12:36","slug":"centre-caesarstone-pro","status":"publish","type":"page","link":"https:\/\/www.caesarstone.ca\/fr\/centre-caesarstone-pro\/","title":{"rendered":"Centre Caesarstone Pro"},"content":{"rendered":"","protected":false},"excerpt":{"rendered":"","protected":false},"author":5,"featured_media":66346,"parent":0,"menu_order":0,"comment_status":"closed","ping_status":"closed","template":"templates\/entrance.php","meta":{"_acf_changed":false,"footnotes":""},"class_list":["post-66377","page","type-page","status-publish","has-post-thumbnail","hentry"],"acf":{"intro":{"title":"Commencez votre d\u00e9couverte d\u00e8s aujourd\u2019hui.","content":"Nos plateformes professionnelles proposent une vari\u00e9t\u00e9 d\u2019outils et de ressources qui vous permettent d\u2019\u00e9largir vos connaissances et de parfaire votre expertise. ","cards":[{"image":66345,"title":"Fabricant\u00b7e\u00b7s","desc":"Notre service de fabrication professionnelle rec\u00e8le un foisonnement de renseignements qui vise \u00e0 favoriser la s\u00e9curit\u00e9 et le professionnalisme de votre environnement de travail.","link":{"title":"Voir plus","url":"https:\/\/www.caesarstone.ca\/fr\/centre-caesarstone-pro\/fabricants\/","target":""}},{"image":66346,"title":"Architectes et designers","desc":"Une plateforme, d\u2019innombrables possibilit\u00e9s : Faites connaissance avec votre partenaire pour le processus complet de planification de comptoirs. ","link":{"title":"Consultez le site Web","url":"https:\/\/csstudio.caesarstone.ca\/fr\/","target":"_blank"}},{"image":66347,"title":"D\u00e9taillant\u00b7e\u00b7s","desc":"Comme d\u00e9taillant\u00b7e Caesarstone, vous pouvez acc\u00e9der \u00e0 des outils qui contribueront \u00e0 votre succ\u00e8s.","link":{"title":"Voir plus","url":"https:\/\/www.caesarstone.ca\/fr\/centre-caesarstone-pro\/detaillantes\/","target":""}}]},"icons":[{"title":"Outils et fonctions exclusifs","text":"Les surfaces ne sont que le commencement\r\nProfitez pleinement de l\u2019exp\u00e9rience Caesarstone. ","global_icon":"pazzle.svg"},{"title":"Renseignements pertinents","text":"Acc\u00e9dez \u00e0 des renseignements qui vous permettront de maximiser le potentiel des surfaces Caesarstone.","global_icon":"support-service.svg"},{"title":"Services de devis et de commandes d\u2019\u00e9chantillons","text":"Obtenez des devis rapides et pr\u00e9cis. \r\nCommandez des \u00e9chantillons et prenez de meilleures d\u00e9cisions.","global_icon":"Quote & sample.svg"}],"vertical_slider":[{"image":66348,"title":"Min\u00e9raux naturels","description":"Un morceau de la Terre, dans votre demeure"},{"image":66595,"title":"Touche humaine","description":"La transmission de notre savoir-faire et de notre souci de la qualit\u00e9"},{"image":66597,"title":"Tranquillit\u00e9 d\u2019esprit","description":"Les surfaces Caesarstone, des comptoirs id\u00e9aux et dignes de confiance"},{"image":66599,"title":"Intemporalit\u00e9","description":"Comptoir Caesarstone : le c\u0153ur du foyer, ann\u00e9e apr\u00e8s ann\u00e9e"}],"hero":{"items":[{"image":66352,"mobile_image":66353,"video_url":"","mobile_video_url":"","duration":5,"mobile_hide_rectangle":false,"desktop_hide_rectangle":false,"contents_non_video":{"title":"Bienvenue \u00e0 Caesarstone PRO","subtext":"Joignez-vous \u00e0 nous sur un parcours de partenariat et de cr\u00e9ativit\u00e9.","link":""},"contents_video":null,"down_arrow":false,"show_pebbles_logo":false,"show_porcelain_logo":false,"custom_class":""}],"buttons_framed_layout":"link"},"related_post_card":{"title":"","desc":"","image":null,"video_url":""}},"yoast_head":"<!-- This site is optimized with the Yoast SEO Premium plugin v27.2 (Yoast SEO v27.2) - https:\/\/yoast.com\/product\/yoast-seo-premium-wordpress\/ -->\n<title>Centre Caesarstone Pro | Caesarstone CA<\/title>\n<meta name=\"description\" content=\"Le centre professionnel Caesarstone offre une vari\u00e9t\u00e9 d&#039;outils et de ressources pour tous nos partenaires. Rejoignez-nous dans un voyage de partenariat et de cr\u00e9ativit\u00e9.\" \/>\n<meta name=\"robots\" content=\"index, follow, max-snippet:-1, max-image-preview:large, max-video-preview:-1\" \/>\n<link rel=\"canonical\" href=\"https:\/\/www.caesarstone.ca\/fr\/centre-caesarstone-pro\/\" \/>\n<meta property=\"og:locale\" content=\"fr_CA\" \/>\n<meta property=\"og:type\" content=\"article\" \/>\n<meta property=\"og:title\" content=\"Centre Caesarstone Pro\" \/>\n<meta property=\"og:description\" content=\"Le centre professionnel Caesarstone offre une vari\u00e9t\u00e9 d&#039;outils et de ressources pour tous nos partenaires. Rejoignez-nous dans un voyage de partenariat et de cr\u00e9ativit\u00e9.\" \/>\n<meta property=\"og:url\" content=\"https:\/\/www.caesarstone.ca\/fr\/centre-caesarstone-pro\/\" \/>\n<meta property=\"og:site_name\" content=\"Caesarstone Canada\" \/>\n<meta property=\"article:publisher\" content=\"https:\/\/www.facebook.com\/CaesarstoneCA\" \/>\n<meta property=\"article:modified_time\" content=\"2023-07-03T08:12:36+00:00\" \/>\n<meta property=\"og:image\" content=\"https:\/\/www.caesarstone.ca\/wp-content\/uploads\/sites\/5\/2023\/06\/entrace-03-380.jpg\" \/>\n\t<meta property=\"og:image:width\" content=\"380\" \/>\n\t<meta property=\"og:image:height\" content=\"510\" \/>\n\t<meta property=\"og:image:type\" content=\"image\/jpeg\" \/>\n<meta name=\"twitter:card\" content=\"summary_large_image\" \/>\n<script type=\"application\/ld+json\" class=\"yoast-schema-graph\">{\"@context\":\"https:\/\/schema.org\",\"@graph\":[{\"@type\":\"WebPage\",\"@id\":\"https:\/\/www.caesarstone.ca\/fr\/centre-caesarstone-pro\/\",\"url\":\"https:\/\/www.caesarstone.ca\/fr\/centre-caesarstone-pro\/\",\"name\":\"Centre Caesarstone Pro | Caesarstone CA\",\"isPartOf\":{\"@id\":\"https:\/\/www.caesarstone.ca\/fr\/#website\"},\"primaryImageOfPage\":{\"@id\":\"https:\/\/www.caesarstone.ca\/fr\/centre-caesarstone-pro\/#primaryimage\"},\"image\":{\"@id\":\"https:\/\/www.caesarstone.ca\/fr\/centre-caesarstone-pro\/#primaryimage\"},\"thumbnailUrl\":\"https:\/\/www.caesarstone.ca\/wp-content\/uploads\/sites\/5\/2023\/06\/entrace-03-380.jpg\",\"datePublished\":\"2023-06-26T06:07:27+00:00\",\"dateModified\":\"2023-07-03T08:12:36+00:00\",\"description\":\"Le centre professionnel Caesarstone offre une vari\u00e9t\u00e9 d'outils et de ressources pour tous nos partenaires. Rejoignez-nous dans un voyage de partenariat et de cr\u00e9ativit\u00e9.\",\"breadcrumb\":{\"@id\":\"https:\/\/www.caesarstone.ca\/fr\/centre-caesarstone-pro\/#breadcrumb\"},\"inLanguage\":\"fr-CA\",\"potentialAction\":[{\"@type\":\"ReadAction\",\"target\":[\"https:\/\/www.caesarstone.ca\/fr\/centre-caesarstone-pro\/\"]}]},{\"@type\":\"ImageObject\",\"inLanguage\":\"fr-CA\",\"@id\":\"https:\/\/www.caesarstone.ca\/fr\/centre-caesarstone-pro\/#primaryimage\",\"url\":\"https:\/\/www.caesarstone.ca\/wp-content\/uploads\/sites\/5\/2023\/06\/entrace-03-380.jpg\",\"contentUrl\":\"https:\/\/www.caesarstone.ca\/wp-content\/uploads\/sites\/5\/2023\/06\/entrace-03-380.jpg\",\"width\":380,\"height\":510,\"caption\":\"entrace-03-380\"},{\"@type\":\"BreadcrumbList\",\"@id\":\"https:\/\/www.caesarstone.ca\/fr\/centre-caesarstone-pro\/#breadcrumb\",\"itemListElement\":[{\"@type\":\"ListItem\",\"position\":1,\"name\":\"Home\",\"item\":\"https:\/\/www.caesarstone.ca\/fr\/\"},{\"@type\":\"ListItem\",\"position\":2,\"name\":\"Centre Caesarstone Pro\"}]},{\"@type\":\"WebSite\",\"@id\":\"https:\/\/www.caesarstone.ca\/fr\/#website\",\"url\":\"https:\/\/www.caesarstone.ca\/fr\/\",\"name\":\"Caesarstone Canada\",\"description\":\"Life in Stone\",\"publisher\":{\"@id\":\"https:\/\/www.caesarstone.ca\/fr\/#organization\"},\"potentialAction\":[{\"@type\":\"SearchAction\",\"target\":{\"@type\":\"EntryPoint\",\"urlTemplate\":\"https:\/\/www.caesarstone.ca\/fr\/?s={search_term_string}\"},\"query-input\":{\"@type\":\"PropertyValueSpecification\",\"valueRequired\":true,\"valueName\":\"search_term_string\"}}],\"inLanguage\":\"fr-CA\"},{\"@type\":\"Organization\",\"@id\":\"https:\/\/www.caesarstone.ca\/fr\/#organization\",\"name\":\"Caesarstone Canada\",\"url\":\"https:\/\/www.caesarstone.ca\/fr\/\",\"logo\":{\"@type\":\"ImageObject\",\"inLanguage\":\"fr-CA\",\"@id\":\"https:\/\/www.caesarstone.ca\/fr\/#\/schema\/logo\/image\/\",\"url\":\"https:\/\/www.caesarstone.ca\/wp-content\/uploads\/sites\/5\/2026\/03\/Caesarstone_logo.jpg\",\"contentUrl\":\"https:\/\/www.caesarstone.ca\/wp-content\/uploads\/sites\/5\/2026\/03\/Caesarstone_logo.jpg\",\"width\":1000,\"height\":158,\"caption\":\"Caesarstone Canada\"},\"image\":{\"@id\":\"https:\/\/www.caesarstone.ca\/fr\/#\/schema\/logo\/image\/\"},\"sameAs\":[\"https:\/\/www.facebook.com\/CaesarstoneCA\",\"https:\/\/www.instagram.com\/caesarstoneca\/\",\"https:\/\/www.linkedin.com\/company\/caesarstone-canada\/\",\"https:\/\/www.youtube.com\/@CaesarstoneNA\"]}]}<\/script>\n<!-- \/ Yoast SEO Premium plugin. -->","yoast_head_json":{"title":"Centre Caesarstone Pro | Caesarstone CA","description":"Le centre professionnel Caesarstone offre une vari\u00e9t\u00e9 d'outils et de ressources pour tous nos partenaires. Rejoignez-nous dans un voyage de partenariat et de cr\u00e9ativit\u00e9.","robots":{"index":"index","follow":"follow","max-snippet":"max-snippet:-1","max-image-preview":"max-image-preview:large","max-video-preview":"max-video-preview:-1"},"canonical":"https:\/\/www.caesarstone.ca\/fr\/centre-caesarstone-pro\/","og_locale":"fr_CA","og_type":"article","og_title":"Centre Caesarstone Pro","og_description":"Le centre professionnel Caesarstone offre une vari\u00e9t\u00e9 d'outils et de ressources pour tous nos partenaires. Rejoignez-nous dans un voyage de partenariat et de cr\u00e9ativit\u00e9.","og_url":"https:\/\/www.caesarstone.ca\/fr\/centre-caesarstone-pro\/","og_site_name":"Caesarstone Canada","article_publisher":"https:\/\/www.facebook.com\/CaesarstoneCA","article_modified_time":"2023-07-03T08:12:36+00:00","og_image":[{"width":380,"height":510,"url":"https:\/\/www.caesarstone.ca\/wp-content\/uploads\/sites\/5\/2023\/06\/entrace-03-380.jpg","type":"image\/jpeg"}],"twitter_card":"summary_large_image","schema":{"@context":"https:\/\/schema.org","@graph":[{"@type":"WebPage","@id":"https:\/\/www.caesarstone.ca\/fr\/centre-caesarstone-pro\/","url":"https:\/\/www.caesarstone.ca\/fr\/centre-caesarstone-pro\/","name":"Centre Caesarstone Pro | Caesarstone CA","isPartOf":{"@id":"https:\/\/www.caesarstone.ca\/fr\/#website"},"primaryImageOfPage":{"@id":"https:\/\/www.caesarstone.ca\/fr\/centre-caesarstone-pro\/#primaryimage"},"image":{"@id":"https:\/\/www.caesarstone.ca\/fr\/centre-caesarstone-pro\/#primaryimage"},"thumbnailUrl":"https:\/\/www.caesarstone.ca\/wp-content\/uploads\/sites\/5\/2023\/06\/entrace-03-380.jpg","datePublished":"2023-06-26T06:07:27+00:00","dateModified":"2023-07-03T08:12:36+00:00","description":"Le centre professionnel Caesarstone offre une vari\u00e9t\u00e9 d'outils et de ressources pour tous nos partenaires. Rejoignez-nous dans un voyage de partenariat et de cr\u00e9ativit\u00e9.","breadcrumb":{"@id":"https:\/\/www.caesarstone.ca\/fr\/centre-caesarstone-pro\/#breadcrumb"},"inLanguage":"fr-CA","potentialAction":[{"@type":"ReadAction","target":["https:\/\/www.caesarstone.ca\/fr\/centre-caesarstone-pro\/"]}]},{"@type":"ImageObject","inLanguage":"fr-CA","@id":"https:\/\/www.caesarstone.ca\/fr\/centre-caesarstone-pro\/#primaryimage","url":"https:\/\/www.caesarstone.ca\/wp-content\/uploads\/sites\/5\/2023\/06\/entrace-03-380.jpg","contentUrl":"https:\/\/www.caesarstone.ca\/wp-content\/uploads\/sites\/5\/2023\/06\/entrace-03-380.jpg","width":380,"height":510,"caption":"entrace-03-380"},{"@type":"BreadcrumbList","@id":"https:\/\/www.caesarstone.ca\/fr\/centre-caesarstone-pro\/#breadcrumb","itemListElement":[{"@type":"ListItem","position":1,"name":"Home","item":"https:\/\/www.caesarstone.ca\/fr\/"},{"@type":"ListItem","position":2,"name":"Centre Caesarstone Pro"}]},{"@type":"WebSite","@id":"https:\/\/www.caesarstone.ca\/fr\/#website","url":"https:\/\/www.caesarstone.ca\/fr\/","name":"Caesarstone Canada","description":"Life in Stone","publisher":{"@id":"https:\/\/www.caesarstone.ca\/fr\/#organization"},"potentialAction":[{"@type":"SearchAction","target":{"@type":"EntryPoint","urlTemplate":"https:\/\/www.caesarstone.ca\/fr\/?s={search_term_string}"},"query-input":{"@type":"PropertyValueSpecification","valueRequired":true,"valueName":"search_term_string"}}],"inLanguage":"fr-CA"},{"@type":"Organization","@id":"https:\/\/www.caesarstone.ca\/fr\/#organization","name":"Caesarstone Canada","url":"https:\/\/www.caesarstone.ca\/fr\/","logo":{"@type":"ImageObject","inLanguage":"fr-CA","@id":"https:\/\/www.caesarstone.ca\/fr\/#\/schema\/logo\/image\/","url":"https:\/\/www.caesarstone.ca\/wp-content\/uploads\/sites\/5\/2026\/03\/Caesarstone_logo.jpg","contentUrl":"https:\/\/www.caesarstone.ca\/wp-content\/uploads\/sites\/5\/2026\/03\/Caesarstone_logo.jpg","width":1000,"height":158,"caption":"Caesarstone Canada"},"image":{"@id":"https:\/\/www.caesarstone.ca\/fr\/#\/schema\/logo\/image\/"},"sameAs":["https:\/\/www.facebook.com\/CaesarstoneCA","https:\/\/www.instagram.com\/caesarstoneca\/","https:\/\/www.linkedin.com\/company\/caesarstone-canada\/","https:\/\/www.youtube.com\/@CaesarstoneNA"]}]}},"_links":{"self":[{"href":"https:\/\/www.caesarstone.ca\/fr\/wp-json\/wp\/v2\/pages\/66377","targetHints":{"allow":["GET"]}}],"collection":[{"href":"https:\/\/www.caesarstone.ca\/fr\/wp-json\/wp\/v2\/pages"}],"about":[{"href":"https:\/\/www.caesarstone.ca\/fr\/wp-json\/wp\/v2\/types\/page"}],"author":[{"embeddable":true,"href":"https:\/\/www.caesarstone.ca\/fr\/wp-json\/wp\/v2\/users\/5"}],"replies":[{"embeddable":true,"href":"https:\/\/www.caesarstone.ca\/fr\/wp-json\/wp\/v2\/comments?post=66377"}],"version-history":[{"count":12,"href":"https:\/\/www.caesarstone.ca\/fr\/wp-json\/wp\/v2\/pages\/66377\/revisions"}],"predecessor-version":[{"id":66604,"href":"https:\/\/www.caesarstone.ca\/fr\/wp-json\/wp\/v2\/pages\/66377\/revisions\/66604"}],"wp:featuredmedia":[{"embeddable":true,"href":"https:\/\/www.caesarstone.ca\/fr\/wp-json\/wp\/v2\/media\/66346"}],"wp:attachment":[{"href":"https:\/\/www.caesarstone.ca\/fr\/wp-json\/wp\/v2\/media?parent=66377"}],"curies":[{"name":"wp","href":"https:\/\/api.w.org\/{rel}","templated":true}]}}