{"id":66384,"date":"2023-06-26T00:11:39","date_gmt":"2023-06-26T06:11:39","guid":{"rendered":"https:\/\/www.caesarstone.ca\/pro-entrance-page\/retailers\/"},"modified":"2023-06-26T03:59:04","modified_gmt":"2023-06-26T09:59:04","slug":"detaillantes","status":"publish","type":"page","link":"https:\/\/www.caesarstone.ca\/fr\/centre-caesarstone-pro\/detaillantes\/","title":{"rendered":"Pro Retailers page"},"content":{"rendered":"","protected":false},"excerpt":{"rendered":"","protected":false},"author":5,"featured_media":66358,"parent":66377,"menu_order":2,"comment_status":"closed","ping_status":"closed","template":"templates\/fabricator.php","meta":{"_acf_changed":false,"footnotes":""},"class_list":["post-66384","page","type-page","status-publish","has-post-thumbnail","hentry"],"acf":{"hero":{"title":"Bienvenue, d\u00e9taillant\u00b7e\u00b7s Caesarstone!","subtitle":"Explorez nos plateformes con\u00e7ues selon les besoins et les objectifs des d\u00e9taillant\u00b7e\u00b7s.","background":66357,"background_mobile":66358,"video_url":"","video_url_mobile":""},"intro":{"title":"Un \u00e9ventail de ressources ","content":"Nous nous engageons \u00e0 fournir aux d\u00e9taillant\u00b7e\u00b7s un service de pointe et \u00e0 les accompagner \u00e0 toutes les \u00e9tapes du processus.","image_swiper":[{"title":"\uf0d8\tOutil de gestion : d\u00e8s le devis jusqu\u2019\u00e0 l\u2019installation ","description":"","link":{"title":"Pour en savoir plus","url":"https:\/\/cspartners.caesarstone.ca\/","target":"_blank"},"image":66346,"is_white":true,"video_url":""},{"title":"Order a sample","description":"","link":{"title":"Commencer","url":"https:\/\/csstudio.caesarstone.ca\/fr\/caesarstone-echantillons\/","target":"_blank"},"image":39311,"is_white":true,"video_url":""}]},"show_first_card":false,"first_card":{"title":"","content":"","link":"","background":null,"background_video":"","is_white":true},"tools":{"title":"Nous avons d\u2019autres outils et ressources pour vous","items":[{"global_icon":false,"title":"T\u00e9l\u00e9charger le fichier MDB","content":"Parcourez notre vaste s\u00e9lection et t\u00e9l\u00e9chargez les formats qui sont compatibles avec vos besoins.  ","show_button":true,"button":{"title":"parcourir et t\u00e9l\u00e9charger","url":"https:\/\/caesarstone.assetbank-server.com\/assetbank-caesarstone\/action\/browseItems?categoryId=3297&categoryTypeId=2&cachedCriteria=1","target":"_blank"}},{"global_icon":false,"title":"Obtenir une fiche technique","content":"Apr\u00e8s avoir s\u00e9lectionn\u00e9 une surface, nous vous invitons \u00e0 choisir les sp\u00e9cifications pour obtenir une fiche technique.","show_button":true,"button":{"title":"Choisissez et g\u00e9n\u00e9rez","url":"https:\/\/csstudio.caesarstone.ca\/fr\/catalogue\/","target":"_blank"}},{"global_icon":false,"title":"Project Gallery","content":"D\u00e9couvrez des projets Caesarstone inspirants issus des quatre coins du monde.","show_button":true,"button":{"title":"Inspirez-vous","url":"https:\/\/csstudio.caesarstone.ca\/fr\/projets\/","target":"_blank"}}]},"show_second_card":false,"second_card":{"title":"Nous fabriquons des comptoirs durables","content":"Renseignez-vous sur notre approche de la durabilit\u00e9 symbiotique","link":{"title":"Sustainability","url":"https:\/\/www.caesarstone.ca\/fr\/sustainability\/","target":""},"background":66359,"background_video":"","is_white":true},"blog_resources":{"title":"","description":"","link":"","items":null},"contact":{"title":"Avoir des questions?","content":"Pour recevoir des conseils d'experts, contactez un repr\u00e9sentant de Caesarstone.\r\n","link":{"title":"Contactez-nous","url":"https:\/\/csstudio.caesarstone.ca\/fr\/projets\/","target":"_blank"}},"related_post_card":{"title":"","desc":"","image":null,"video_url":""}},"yoast_head":"<!-- This site is optimized with the Yoast SEO Premium plugin v27.2 (Yoast SEO v27.2) - https:\/\/yoast.com\/product\/yoast-seo-premium-wordpress\/ -->\n<title>Centre des d\u00e9taillants de Caesarston | C\u00e9sarone CA<\/title>\n<meta name=\"description\" content=\"Nous avons une vari\u00e9t\u00e9 d&#039;outils et de ressources professionnels Explorez nos plateformes orient\u00e9es d\u00e9taillants, con\u00e7ues pour soutenir vos objectifs.\" \/>\n<meta name=\"robots\" content=\"index, follow, max-snippet:-1, max-image-preview:large, max-video-preview:-1\" \/>\n<link rel=\"canonical\" href=\"https:\/\/www.caesarstone.ca\/fr\/centre-caesarstone-pro\/detaillantes\/\" \/>\n<meta property=\"og:locale\" content=\"fr_CA\" \/>\n<meta property=\"og:type\" content=\"article\" \/>\n<meta property=\"og:title\" content=\"Pro Retailers page\" \/>\n<meta property=\"og:description\" content=\"Nous avons une vari\u00e9t\u00e9 d&#039;outils et de ressources professionnels Explorez nos plateformes orient\u00e9es d\u00e9taillants, con\u00e7ues pour soutenir vos objectifs.\" \/>\n<meta property=\"og:url\" content=\"https:\/\/www.caesarstone.ca\/fr\/centre-caesarstone-pro\/detaillantes\/\" \/>\n<meta property=\"og:site_name\" content=\"Caesarstone Canada\" \/>\n<meta property=\"article:publisher\" content=\"https:\/\/www.facebook.com\/CaesarstoneCA\" \/>\n<meta property=\"article:modified_time\" content=\"2023-06-26T09:59:04+00:00\" \/>\n<meta property=\"og:image\" content=\"https:\/\/www.caesarstone.ca\/wp-content\/uploads\/sites\/5\/2023\/06\/image-15_mobile.png\" \/>\n\t<meta property=\"og:image:width\" content=\"800\" \/>\n\t<meta property=\"og:image:height\" content=\"1000\" \/>\n\t<meta property=\"og:image:type\" content=\"image\/png\" \/>\n<meta name=\"twitter:card\" content=\"summary_large_image\" \/>\n<script type=\"application\/ld+json\" class=\"yoast-schema-graph\">{\"@context\":\"https:\/\/schema.org\",\"@graph\":[{\"@type\":\"WebPage\",\"@id\":\"https:\/\/www.caesarstone.ca\/fr\/centre-caesarstone-pro\/detaillantes\/\",\"url\":\"https:\/\/www.caesarstone.ca\/fr\/centre-caesarstone-pro\/detaillantes\/\",\"name\":\"Centre des d\u00e9taillants de Caesarston | C\u00e9sarone CA\",\"isPartOf\":{\"@id\":\"https:\/\/www.caesarstone.ca\/fr\/#website\"},\"primaryImageOfPage\":{\"@id\":\"https:\/\/www.caesarstone.ca\/fr\/centre-caesarstone-pro\/detaillantes\/#primaryimage\"},\"image\":{\"@id\":\"https:\/\/www.caesarstone.ca\/fr\/centre-caesarstone-pro\/detaillantes\/#primaryimage\"},\"thumbnailUrl\":\"https:\/\/www.caesarstone.ca\/wp-content\/uploads\/sites\/5\/2023\/06\/image-15_mobile.png\",\"datePublished\":\"2023-06-26T06:11:39+00:00\",\"dateModified\":\"2023-06-26T09:59:04+00:00\",\"description\":\"Nous avons une vari\u00e9t\u00e9 d'outils et de ressources professionnels Explorez nos plateformes orient\u00e9es d\u00e9taillants, con\u00e7ues pour soutenir vos objectifs.\",\"breadcrumb\":{\"@id\":\"https:\/\/www.caesarstone.ca\/fr\/centre-caesarstone-pro\/detaillantes\/#breadcrumb\"},\"inLanguage\":\"fr-CA\",\"potentialAction\":[{\"@type\":\"ReadAction\",\"target\":[\"https:\/\/www.caesarstone.ca\/fr\/centre-caesarstone-pro\/detaillantes\/\"]}]},{\"@type\":\"ImageObject\",\"inLanguage\":\"fr-CA\",\"@id\":\"https:\/\/www.caesarstone.ca\/fr\/centre-caesarstone-pro\/detaillantes\/#primaryimage\",\"url\":\"https:\/\/www.caesarstone.ca\/wp-content\/uploads\/sites\/5\/2023\/06\/image-15_mobile.png\",\"contentUrl\":\"https:\/\/www.caesarstone.ca\/wp-content\/uploads\/sites\/5\/2023\/06\/image-15_mobile.png\",\"width\":800,\"height\":1000,\"caption\":\"image-15_mobile\"},{\"@type\":\"BreadcrumbList\",\"@id\":\"https:\/\/www.caesarstone.ca\/fr\/centre-caesarstone-pro\/detaillantes\/#breadcrumb\",\"itemListElement\":[{\"@type\":\"ListItem\",\"position\":1,\"name\":\"Home\",\"item\":\"https:\/\/www.caesarstone.ca\/fr\/\"},{\"@type\":\"ListItem\",\"position\":2,\"name\":\"Centre Caesarstone Pro\",\"item\":\"https:\/\/www.caesarstone.ca\/fr\/centre-caesarstone-pro\/\"},{\"@type\":\"ListItem\",\"position\":3,\"name\":\"Pro Retailers page\"}]},{\"@type\":\"WebSite\",\"@id\":\"https:\/\/www.caesarstone.ca\/fr\/#website\",\"url\":\"https:\/\/www.caesarstone.ca\/fr\/\",\"name\":\"Caesarstone Canada\",\"description\":\"Life in Stone\",\"publisher\":{\"@id\":\"https:\/\/www.caesarstone.ca\/fr\/#organization\"},\"potentialAction\":[{\"@type\":\"SearchAction\",\"target\":{\"@type\":\"EntryPoint\",\"urlTemplate\":\"https:\/\/www.caesarstone.ca\/fr\/?s={search_term_string}\"},\"query-input\":{\"@type\":\"PropertyValueSpecification\",\"valueRequired\":true,\"valueName\":\"search_term_string\"}}],\"inLanguage\":\"fr-CA\"},{\"@type\":\"Organization\",\"@id\":\"https:\/\/www.caesarstone.ca\/fr\/#organization\",\"name\":\"Caesarstone Canada\",\"url\":\"https:\/\/www.caesarstone.ca\/fr\/\",\"logo\":{\"@type\":\"ImageObject\",\"inLanguage\":\"fr-CA\",\"@id\":\"https:\/\/www.caesarstone.ca\/fr\/#\/schema\/logo\/image\/\",\"url\":\"https:\/\/www.caesarstone.ca\/wp-content\/uploads\/sites\/5\/2026\/03\/Caesarstone_logo.jpg\",\"contentUrl\":\"https:\/\/www.caesarstone.ca\/wp-content\/uploads\/sites\/5\/2026\/03\/Caesarstone_logo.jpg\",\"width\":1000,\"height\":158,\"caption\":\"Caesarstone Canada\"},\"image\":{\"@id\":\"https:\/\/www.caesarstone.ca\/fr\/#\/schema\/logo\/image\/\"},\"sameAs\":[\"https:\/\/www.facebook.com\/CaesarstoneCA\",\"https:\/\/www.instagram.com\/caesarstoneca\/\",\"https:\/\/www.linkedin.com\/company\/caesarstone-canada\/\",\"https:\/\/www.youtube.com\/@CaesarstoneNA\"]}]}<\/script>\n<!-- \/ Yoast SEO Premium plugin. -->","yoast_head_json":{"title":"Centre des d\u00e9taillants de Caesarston | C\u00e9sarone CA","description":"Nous avons une vari\u00e9t\u00e9 d'outils et de ressources professionnels Explorez nos plateformes orient\u00e9es d\u00e9taillants, con\u00e7ues pour soutenir vos objectifs.","robots":{"index":"index","follow":"follow","max-snippet":"max-snippet:-1","max-image-preview":"max-image-preview:large","max-video-preview":"max-video-preview:-1"},"canonical":"https:\/\/www.caesarstone.ca\/fr\/centre-caesarstone-pro\/detaillantes\/","og_locale":"fr_CA","og_type":"article","og_title":"Pro Retailers page","og_description":"Nous avons une vari\u00e9t\u00e9 d'outils et de ressources professionnels Explorez nos plateformes orient\u00e9es d\u00e9taillants, con\u00e7ues pour soutenir vos objectifs.","og_url":"https:\/\/www.caesarstone.ca\/fr\/centre-caesarstone-pro\/detaillantes\/","og_site_name":"Caesarstone Canada","article_publisher":"https:\/\/www.facebook.com\/CaesarstoneCA","article_modified_time":"2023-06-26T09:59:04+00:00","og_image":[{"width":800,"height":1000,"url":"https:\/\/www.caesarstone.ca\/wp-content\/uploads\/sites\/5\/2023\/06\/image-15_mobile.png","type":"image\/png"}],"twitter_card":"summary_large_image","schema":{"@context":"https:\/\/schema.org","@graph":[{"@type":"WebPage","@id":"https:\/\/www.caesarstone.ca\/fr\/centre-caesarstone-pro\/detaillantes\/","url":"https:\/\/www.caesarstone.ca\/fr\/centre-caesarstone-pro\/detaillantes\/","name":"Centre des d\u00e9taillants de Caesarston | C\u00e9sarone CA","isPartOf":{"@id":"https:\/\/www.caesarstone.ca\/fr\/#website"},"primaryImageOfPage":{"@id":"https:\/\/www.caesarstone.ca\/fr\/centre-caesarstone-pro\/detaillantes\/#primaryimage"},"image":{"@id":"https:\/\/www.caesarstone.ca\/fr\/centre-caesarstone-pro\/detaillantes\/#primaryimage"},"thumbnailUrl":"https:\/\/www.caesarstone.ca\/wp-content\/uploads\/sites\/5\/2023\/06\/image-15_mobile.png","datePublished":"2023-06-26T06:11:39+00:00","dateModified":"2023-06-26T09:59:04+00:00","description":"Nous avons une vari\u00e9t\u00e9 d'outils et de ressources professionnels Explorez nos plateformes orient\u00e9es d\u00e9taillants, con\u00e7ues pour soutenir vos objectifs.","breadcrumb":{"@id":"https:\/\/www.caesarstone.ca\/fr\/centre-caesarstone-pro\/detaillantes\/#breadcrumb"},"inLanguage":"fr-CA","potentialAction":[{"@type":"ReadAction","target":["https:\/\/www.caesarstone.ca\/fr\/centre-caesarstone-pro\/detaillantes\/"]}]},{"@type":"ImageObject","inLanguage":"fr-CA","@id":"https:\/\/www.caesarstone.ca\/fr\/centre-caesarstone-pro\/detaillantes\/#primaryimage","url":"https:\/\/www.caesarstone.ca\/wp-content\/uploads\/sites\/5\/2023\/06\/image-15_mobile.png","contentUrl":"https:\/\/www.caesarstone.ca\/wp-content\/uploads\/sites\/5\/2023\/06\/image-15_mobile.png","width":800,"height":1000,"caption":"image-15_mobile"},{"@type":"BreadcrumbList","@id":"https:\/\/www.caesarstone.ca\/fr\/centre-caesarstone-pro\/detaillantes\/#breadcrumb","itemListElement":[{"@type":"ListItem","position":1,"name":"Home","item":"https:\/\/www.caesarstone.ca\/fr\/"},{"@type":"ListItem","position":2,"name":"Centre Caesarstone Pro","item":"https:\/\/www.caesarstone.ca\/fr\/centre-caesarstone-pro\/"},{"@type":"ListItem","position":3,"name":"Pro Retailers page"}]},{"@type":"WebSite","@id":"https:\/\/www.caesarstone.ca\/fr\/#website","url":"https:\/\/www.caesarstone.ca\/fr\/","name":"Caesarstone Canada","description":"Life in Stone","publisher":{"@id":"https:\/\/www.caesarstone.ca\/fr\/#organization"},"potentialAction":[{"@type":"SearchAction","target":{"@type":"EntryPoint","urlTemplate":"https:\/\/www.caesarstone.ca\/fr\/?s={search_term_string}"},"query-input":{"@type":"PropertyValueSpecification","valueRequired":true,"valueName":"search_term_string"}}],"inLanguage":"fr-CA"},{"@type":"Organization","@id":"https:\/\/www.caesarstone.ca\/fr\/#organization","name":"Caesarstone Canada","url":"https:\/\/www.caesarstone.ca\/fr\/","logo":{"@type":"ImageObject","inLanguage":"fr-CA","@id":"https:\/\/www.caesarstone.ca\/fr\/#\/schema\/logo\/image\/","url":"https:\/\/www.caesarstone.ca\/wp-content\/uploads\/sites\/5\/2026\/03\/Caesarstone_logo.jpg","contentUrl":"https:\/\/www.caesarstone.ca\/wp-content\/uploads\/sites\/5\/2026\/03\/Caesarstone_logo.jpg","width":1000,"height":158,"caption":"Caesarstone Canada"},"image":{"@id":"https:\/\/www.caesarstone.ca\/fr\/#\/schema\/logo\/image\/"},"sameAs":["https:\/\/www.facebook.com\/CaesarstoneCA","https:\/\/www.instagram.com\/caesarstoneca\/","https:\/\/www.linkedin.com\/company\/caesarstone-canada\/","https:\/\/www.youtube.com\/@CaesarstoneNA"]}]}},"_links":{"self":[{"href":"https:\/\/www.caesarstone.ca\/fr\/wp-json\/wp\/v2\/pages\/66384","targetHints":{"allow":["GET"]}}],"collection":[{"href":"https:\/\/www.caesarstone.ca\/fr\/wp-json\/wp\/v2\/pages"}],"about":[{"href":"https:\/\/www.caesarstone.ca\/fr\/wp-json\/wp\/v2\/types\/page"}],"author":[{"embeddable":true,"href":"https:\/\/www.caesarstone.ca\/fr\/wp-json\/wp\/v2\/users\/5"}],"replies":[{"embeddable":true,"href":"https:\/\/www.caesarstone.ca\/fr\/wp-json\/wp\/v2\/comments?post=66384"}],"version-history":[{"count":2,"href":"https:\/\/www.caesarstone.ca\/fr\/wp-json\/wp\/v2\/pages\/66384\/revisions"}],"predecessor-version":[{"id":66390,"href":"https:\/\/www.caesarstone.ca\/fr\/wp-json\/wp\/v2\/pages\/66384\/revisions\/66390"}],"up":[{"embeddable":true,"href":"https:\/\/www.caesarstone.ca\/fr\/wp-json\/wp\/v2\/pages\/66377"}],"wp:featuredmedia":[{"embeddable":true,"href":"https:\/\/www.caesarstone.ca\/fr\/wp-json\/wp\/v2\/media\/66358"}],"wp:attachment":[{"href":"https:\/\/www.caesarstone.ca\/fr\/wp-json\/wp\/v2\/media?parent=66384"}],"curies":[{"name":"wp","href":"https:\/\/api.w.org\/{rel}","templated":true}]}}