{"id":66420,"date":"2023-06-26T00:09:23","date_gmt":"2023-06-26T06:09:23","guid":{"rendered":"https:\/\/www.caesarstone.ca\/centre-caesarstone-pro\/fabricators\/"},"modified":"2025-03-17T07:25:16","modified_gmt":"2025-03-17T13:25:16","slug":"fabricants","status":"publish","type":"page","link":"https:\/\/www.caesarstone.ca\/fr\/centre-caesarstone-pro\/fabricants\/","title":{"rendered":"Centre de fabrication"},"content":{"rendered":"","protected":false},"excerpt":{"rendered":"","protected":false},"author":5,"featured_media":41664,"parent":66377,"menu_order":1,"comment_status":"closed","ping_status":"closed","template":"templates\/fabricator.php","meta":{"_acf_changed":false,"footnotes":""},"class_list":["post-66420","page","type-page","status-publish","has-post-thumbnail","hentry"],"acf":{"hero":{"title":"Bienvenue, fabricant\u00b7e\u00b7s Caesarstone!","subtitle":"Vous \u00eates nos partenaires privil\u00e9gi\u00e9\u00b7e\u00b7s et vous m\u00e9ritez donc un service optimal. Notre service de fabrication professionnelle satisfait \u00e0 tous vos besoins et d\u00e9passe vos attentes. ","background":66364,"background_mobile":66364,"video_url":"","video_url_mobile":""},"intro":{"title":"Un \u00e9ventail de ressources ","content":"Nos diff\u00e9rentes plateformes vous offrent un encadrement professionnel \u00e0 toutes les \u00e9tapes de votre projet.","image_swiper":[{"title":"Centre de formation professionnelle","description":"","link":{"title":"apprendre encore plus","url":"https:\/\/mos.caesarstone.ca\/fr\/page-d-accueil\/article-collection\/centre-de-formation\/","target":"_blank"},"image":66365,"is_white":true,"video_url":""},{"title":"Commandez une dalle","description":"","link":{"title":"Commencer","url":"https:\/\/cspartners.caesarstone.ca\/","target":"_blank"},"image":66366,"is_white":true,"video_url":""},{"title":"Technical Manuals","description":"","link":{"title":"Explorer","url":"https:\/\/mos.caesarstone.ca\/fr\/page-d-accueil\/lobby-collection\/csu-universit%C3%A9-de-caesarstone\/","target":"_blank"},"image":66367,"is_white":true,"video_url":""},{"title":"Sant\u00e9 et s\u00e9curit\u00e9","description":"","link":{"title":"Pour en savoir plus","url":"https:\/\/mos.caesarstone.ca\/fr\/page-d-accueil\/lobby-collection\/sant%C3%A9-et-s%C3%A9curit%C3%A9\/","target":"_blank"},"image":42117,"is_white":true,"video_url":""}]},"show_first_card":false,"first_card":{"title":"","content":"","link":"","background":null,"background_video":"","is_white":true},"tools":{"title":"Nous avons d\u2019autres outils et ressources pour vous","items":[{"global_icon":"Appearance_10.svg","title":"Commandez un \u00e9chantillon","content":"Examinez et comparez diff\u00e9rents \u00e9chantillons de quartz et de porcelaine pour prendre une d\u00e9cision r\u00e9fl\u00e9chie. ","show_button":true,"button":{"title":"Commandez d\u00e8s maintenant ","url":"https:\/\/csstudio.caesarstone.ca\/fr\/caesarstone-echantillons\/","target":"_blank"}},{"global_icon":"Appearance_10.svg","title":"Obtenir une fiche technique","content":"S\u00e9lectionnez une surface et les sp\u00e9cifications de votre choix pour obtenir une fiche technique sur mesure.","show_button":true,"button":{"title":"Choisissez et g\u00e9n\u00e9rez","url":"https:\/\/csstudio.caesarstone.ca\/fr\/pdf-lobby\/","target":"_blank"}},{"global_icon":"Appearance_10.svg","title":"Galerie de projets","content":"D\u00e9couvrez des projets Caesarstone inspirants issus des quatre coins du monde.","show_button":true,"button":{"title":"Parcourir ","url":"https:\/\/csstudio.caesarstone.ca\/projects\/","target":"_blank"}}]},"show_second_card":false,"second_card":{"title":"Nous fabriquons des comptoirs durables","content":"Renseignez-vous sur notre approche de la durabilit\u00e9 symbiotique","link":{"title":"Sustainability","url":"https:\/\/www.caesarstone.ca\/fr\/sustainability\/","target":""},"background":66359,"background_video":"","is_white":true},"blog_resources":{"title":"","description":"","link":"","items":null},"contact":{"title":"Avez-vous des questions? ","content":"Veuillez remplir ce formulaire. Et nous vous r\u00e9pondrons d\u00e8s que possible.\r\n\r\n","link":{"title":"Communiquez avec nous","url":"https:\/\/mos.caesarstone.ca\/fr\/page-d-accueil\/contactez-nous\/","target":"_blank"}},"related_post_card":{"title":"","desc":"","image":null,"video_url":""}},"yoast_head":"<!-- This site is optimized with the Yoast SEO Premium plugin v27.2 (Yoast SEO v27.2) - https:\/\/yoast.com\/product\/yoast-seo-premium-wordpress\/ -->\n<title>Centre de fabrication Caesarstone | Caesarstone Canada<\/title>\n<meta name=\"description\" content=\"Visitez notre zone de fabrication pour nos pr\u00e9cieux partenaires, offrant une assistance de premier ordre et des ressources compl\u00e8tes \u00e0 chaque \u00e9tape du processus.\" \/>\n<meta name=\"robots\" content=\"index, follow, max-snippet:-1, max-image-preview:large, max-video-preview:-1\" \/>\n<link rel=\"canonical\" href=\"https:\/\/www.caesarstone.ca\/fr\/centre-caesarstone-pro\/fabricants\/\" \/>\n<meta property=\"og:locale\" content=\"fr_CA\" \/>\n<meta property=\"og:type\" content=\"article\" \/>\n<meta property=\"og:title\" content=\"Centre de fabrication\" \/>\n<meta property=\"og:description\" content=\"Visitez notre zone de fabrication pour nos pr\u00e9cieux partenaires, offrant une assistance de premier ordre et des ressources compl\u00e8tes \u00e0 chaque \u00e9tape du processus.\" \/>\n<meta property=\"og:url\" content=\"https:\/\/www.caesarstone.ca\/fr\/centre-caesarstone-pro\/fabricants\/\" \/>\n<meta property=\"og:site_name\" content=\"Caesarstone Canada\" \/>\n<meta property=\"article:publisher\" content=\"https:\/\/www.facebook.com\/CaesarstoneCA\" \/>\n<meta property=\"article:modified_time\" content=\"2025-03-17T13:25:16+00:00\" \/>\n<meta property=\"og:image\" content=\"https:\/\/www.caesarstone.ca\/wp-content\/uploads\/sites\/5\/2021\/03\/MOS-590X800.jpg\" \/>\n\t<meta property=\"og:image:width\" content=\"590\" \/>\n\t<meta property=\"og:image:height\" content=\"800\" \/>\n\t<meta property=\"og:image:type\" content=\"image\/jpeg\" \/>\n<meta name=\"twitter:card\" content=\"summary_large_image\" \/>\n<script type=\"application\/ld+json\" class=\"yoast-schema-graph\">{\"@context\":\"https:\/\/schema.org\",\"@graph\":[{\"@type\":\"WebPage\",\"@id\":\"https:\/\/www.caesarstone.ca\/fr\/centre-caesarstone-pro\/fabricants\/\",\"url\":\"https:\/\/www.caesarstone.ca\/fr\/centre-caesarstone-pro\/fabricants\/\",\"name\":\"Centre de fabrication Caesarstone | Caesarstone Canada\",\"isPartOf\":{\"@id\":\"https:\/\/www.caesarstone.ca\/fr\/#website\"},\"primaryImageOfPage\":{\"@id\":\"https:\/\/www.caesarstone.ca\/fr\/centre-caesarstone-pro\/fabricants\/#primaryimage\"},\"image\":{\"@id\":\"https:\/\/www.caesarstone.ca\/fr\/centre-caesarstone-pro\/fabricants\/#primaryimage\"},\"thumbnailUrl\":\"https:\/\/www.caesarstone.ca\/wp-content\/uploads\/sites\/5\/2021\/03\/MOS-590X800.jpg\",\"datePublished\":\"2023-06-26T06:09:23+00:00\",\"dateModified\":\"2025-03-17T13:25:16+00:00\",\"description\":\"Visitez notre zone de fabrication pour nos pr\u00e9cieux partenaires, offrant une assistance de premier ordre et des ressources compl\u00e8tes \u00e0 chaque \u00e9tape du processus.\",\"breadcrumb\":{\"@id\":\"https:\/\/www.caesarstone.ca\/fr\/centre-caesarstone-pro\/fabricants\/#breadcrumb\"},\"inLanguage\":\"fr-CA\",\"potentialAction\":[{\"@type\":\"ReadAction\",\"target\":[\"https:\/\/www.caesarstone.ca\/fr\/centre-caesarstone-pro\/fabricants\/\"]}]},{\"@type\":\"ImageObject\",\"inLanguage\":\"fr-CA\",\"@id\":\"https:\/\/www.caesarstone.ca\/fr\/centre-caesarstone-pro\/fabricants\/#primaryimage\",\"url\":\"https:\/\/www.caesarstone.ca\/wp-content\/uploads\/sites\/5\/2021\/03\/MOS-590X800.jpg\",\"contentUrl\":\"https:\/\/www.caesarstone.ca\/wp-content\/uploads\/sites\/5\/2021\/03\/MOS-590X800.jpg\",\"width\":590,\"height\":800,\"caption\":\"MOS\"},{\"@type\":\"BreadcrumbList\",\"@id\":\"https:\/\/www.caesarstone.ca\/fr\/centre-caesarstone-pro\/fabricants\/#breadcrumb\",\"itemListElement\":[{\"@type\":\"ListItem\",\"position\":1,\"name\":\"Home\",\"item\":\"https:\/\/www.caesarstone.ca\/fr\/\"},{\"@type\":\"ListItem\",\"position\":2,\"name\":\"Centre Caesarstone Pro\",\"item\":\"https:\/\/www.caesarstone.ca\/fr\/centre-caesarstone-pro\/\"},{\"@type\":\"ListItem\",\"position\":3,\"name\":\"Centre de fabrication\"}]},{\"@type\":\"WebSite\",\"@id\":\"https:\/\/www.caesarstone.ca\/fr\/#website\",\"url\":\"https:\/\/www.caesarstone.ca\/fr\/\",\"name\":\"Caesarstone Canada\",\"description\":\"Life in Stone\",\"publisher\":{\"@id\":\"https:\/\/www.caesarstone.ca\/fr\/#organization\"},\"potentialAction\":[{\"@type\":\"SearchAction\",\"target\":{\"@type\":\"EntryPoint\",\"urlTemplate\":\"https:\/\/www.caesarstone.ca\/fr\/?s={search_term_string}\"},\"query-input\":{\"@type\":\"PropertyValueSpecification\",\"valueRequired\":true,\"valueName\":\"search_term_string\"}}],\"inLanguage\":\"fr-CA\"},{\"@type\":\"Organization\",\"@id\":\"https:\/\/www.caesarstone.ca\/fr\/#organization\",\"name\":\"Caesarstone Canada\",\"url\":\"https:\/\/www.caesarstone.ca\/fr\/\",\"logo\":{\"@type\":\"ImageObject\",\"inLanguage\":\"fr-CA\",\"@id\":\"https:\/\/www.caesarstone.ca\/fr\/#\/schema\/logo\/image\/\",\"url\":\"https:\/\/www.caesarstone.ca\/wp-content\/uploads\/sites\/5\/2026\/03\/Caesarstone_logo.jpg\",\"contentUrl\":\"https:\/\/www.caesarstone.ca\/wp-content\/uploads\/sites\/5\/2026\/03\/Caesarstone_logo.jpg\",\"width\":1000,\"height\":158,\"caption\":\"Caesarstone Canada\"},\"image\":{\"@id\":\"https:\/\/www.caesarstone.ca\/fr\/#\/schema\/logo\/image\/\"},\"sameAs\":[\"https:\/\/www.facebook.com\/CaesarstoneCA\",\"https:\/\/www.instagram.com\/caesarstoneca\/\",\"https:\/\/www.linkedin.com\/company\/caesarstone-canada\/\",\"https:\/\/www.youtube.com\/@CaesarstoneNA\"]}]}<\/script>\n<!-- \/ Yoast SEO Premium plugin. -->","yoast_head_json":{"title":"Centre de fabrication Caesarstone | Caesarstone Canada","description":"Visitez notre zone de fabrication pour nos pr\u00e9cieux partenaires, offrant une assistance de premier ordre et des ressources compl\u00e8tes \u00e0 chaque \u00e9tape du processus.","robots":{"index":"index","follow":"follow","max-snippet":"max-snippet:-1","max-image-preview":"max-image-preview:large","max-video-preview":"max-video-preview:-1"},"canonical":"https:\/\/www.caesarstone.ca\/fr\/centre-caesarstone-pro\/fabricants\/","og_locale":"fr_CA","og_type":"article","og_title":"Centre de fabrication","og_description":"Visitez notre zone de fabrication pour nos pr\u00e9cieux partenaires, offrant une assistance de premier ordre et des ressources compl\u00e8tes \u00e0 chaque \u00e9tape du processus.","og_url":"https:\/\/www.caesarstone.ca\/fr\/centre-caesarstone-pro\/fabricants\/","og_site_name":"Caesarstone Canada","article_publisher":"https:\/\/www.facebook.com\/CaesarstoneCA","article_modified_time":"2025-03-17T13:25:16+00:00","og_image":[{"width":590,"height":800,"url":"https:\/\/www.caesarstone.ca\/wp-content\/uploads\/sites\/5\/2021\/03\/MOS-590X800.jpg","type":"image\/jpeg"}],"twitter_card":"summary_large_image","schema":{"@context":"https:\/\/schema.org","@graph":[{"@type":"WebPage","@id":"https:\/\/www.caesarstone.ca\/fr\/centre-caesarstone-pro\/fabricants\/","url":"https:\/\/www.caesarstone.ca\/fr\/centre-caesarstone-pro\/fabricants\/","name":"Centre de fabrication Caesarstone | Caesarstone Canada","isPartOf":{"@id":"https:\/\/www.caesarstone.ca\/fr\/#website"},"primaryImageOfPage":{"@id":"https:\/\/www.caesarstone.ca\/fr\/centre-caesarstone-pro\/fabricants\/#primaryimage"},"image":{"@id":"https:\/\/www.caesarstone.ca\/fr\/centre-caesarstone-pro\/fabricants\/#primaryimage"},"thumbnailUrl":"https:\/\/www.caesarstone.ca\/wp-content\/uploads\/sites\/5\/2021\/03\/MOS-590X800.jpg","datePublished":"2023-06-26T06:09:23+00:00","dateModified":"2025-03-17T13:25:16+00:00","description":"Visitez notre zone de fabrication pour nos pr\u00e9cieux partenaires, offrant une assistance de premier ordre et des ressources compl\u00e8tes \u00e0 chaque \u00e9tape du processus.","breadcrumb":{"@id":"https:\/\/www.caesarstone.ca\/fr\/centre-caesarstone-pro\/fabricants\/#breadcrumb"},"inLanguage":"fr-CA","potentialAction":[{"@type":"ReadAction","target":["https:\/\/www.caesarstone.ca\/fr\/centre-caesarstone-pro\/fabricants\/"]}]},{"@type":"ImageObject","inLanguage":"fr-CA","@id":"https:\/\/www.caesarstone.ca\/fr\/centre-caesarstone-pro\/fabricants\/#primaryimage","url":"https:\/\/www.caesarstone.ca\/wp-content\/uploads\/sites\/5\/2021\/03\/MOS-590X800.jpg","contentUrl":"https:\/\/www.caesarstone.ca\/wp-content\/uploads\/sites\/5\/2021\/03\/MOS-590X800.jpg","width":590,"height":800,"caption":"MOS"},{"@type":"BreadcrumbList","@id":"https:\/\/www.caesarstone.ca\/fr\/centre-caesarstone-pro\/fabricants\/#breadcrumb","itemListElement":[{"@type":"ListItem","position":1,"name":"Home","item":"https:\/\/www.caesarstone.ca\/fr\/"},{"@type":"ListItem","position":2,"name":"Centre Caesarstone Pro","item":"https:\/\/www.caesarstone.ca\/fr\/centre-caesarstone-pro\/"},{"@type":"ListItem","position":3,"name":"Centre de fabrication"}]},{"@type":"WebSite","@id":"https:\/\/www.caesarstone.ca\/fr\/#website","url":"https:\/\/www.caesarstone.ca\/fr\/","name":"Caesarstone Canada","description":"Life in Stone","publisher":{"@id":"https:\/\/www.caesarstone.ca\/fr\/#organization"},"potentialAction":[{"@type":"SearchAction","target":{"@type":"EntryPoint","urlTemplate":"https:\/\/www.caesarstone.ca\/fr\/?s={search_term_string}"},"query-input":{"@type":"PropertyValueSpecification","valueRequired":true,"valueName":"search_term_string"}}],"inLanguage":"fr-CA"},{"@type":"Organization","@id":"https:\/\/www.caesarstone.ca\/fr\/#organization","name":"Caesarstone Canada","url":"https:\/\/www.caesarstone.ca\/fr\/","logo":{"@type":"ImageObject","inLanguage":"fr-CA","@id":"https:\/\/www.caesarstone.ca\/fr\/#\/schema\/logo\/image\/","url":"https:\/\/www.caesarstone.ca\/wp-content\/uploads\/sites\/5\/2026\/03\/Caesarstone_logo.jpg","contentUrl":"https:\/\/www.caesarstone.ca\/wp-content\/uploads\/sites\/5\/2026\/03\/Caesarstone_logo.jpg","width":1000,"height":158,"caption":"Caesarstone Canada"},"image":{"@id":"https:\/\/www.caesarstone.ca\/fr\/#\/schema\/logo\/image\/"},"sameAs":["https:\/\/www.facebook.com\/CaesarstoneCA","https:\/\/www.instagram.com\/caesarstoneca\/","https:\/\/www.linkedin.com\/company\/caesarstone-canada\/","https:\/\/www.youtube.com\/@CaesarstoneNA"]}]}},"_links":{"self":[{"href":"https:\/\/www.caesarstone.ca\/fr\/wp-json\/wp\/v2\/pages\/66420","targetHints":{"allow":["GET"]}}],"collection":[{"href":"https:\/\/www.caesarstone.ca\/fr\/wp-json\/wp\/v2\/pages"}],"about":[{"href":"https:\/\/www.caesarstone.ca\/fr\/wp-json\/wp\/v2\/types\/page"}],"author":[{"embeddable":true,"href":"https:\/\/www.caesarstone.ca\/fr\/wp-json\/wp\/v2\/users\/5"}],"replies":[{"embeddable":true,"href":"https:\/\/www.caesarstone.ca\/fr\/wp-json\/wp\/v2\/comments?post=66420"}],"version-history":[{"count":4,"href":"https:\/\/www.caesarstone.ca\/fr\/wp-json\/wp\/v2\/pages\/66420\/revisions"}],"predecessor-version":[{"id":78541,"href":"https:\/\/www.caesarstone.ca\/fr\/wp-json\/wp\/v2\/pages\/66420\/revisions\/78541"}],"up":[{"embeddable":true,"href":"https:\/\/www.caesarstone.ca\/fr\/wp-json\/wp\/v2\/pages\/66377"}],"wp:featuredmedia":[{"embeddable":true,"href":"https:\/\/www.caesarstone.ca\/fr\/wp-json\/wp\/v2\/media\/41664"}],"wp:attachment":[{"href":"https:\/\/www.caesarstone.ca\/fr\/wp-json\/wp\/v2\/media?parent=66420"}],"curies":[{"name":"wp","href":"https:\/\/api.w.org\/{rel}","templated":true}]}}