{"id":67468,"date":"2023-08-24T10:30:04","date_gmt":"2023-08-24T16:30:04","guid":{"rendered":"https:\/\/www.caesarstone.ca\/?page_id=67468"},"modified":"2024-06-24T11:22:21","modified_gmt":"2024-06-24T17:22:21","slug":"caesarstone-mineral","status":"publish","type":"page","link":"https:\/\/www.caesarstone.ca\/fr\/caesarstone-mineral\/","title":{"rendered":"Caesarstone Min\u00e9ral"},"content":{"rendered":"","protected":false},"excerpt":{"rendered":"","protected":false},"author":6064,"featured_media":0,"parent":0,"menu_order":0,"comment_status":"closed","ping_status":"closed","template":"templates\/why-quartz.php","meta":{"_acf_changed":false,"footnotes":""},"class_list":["post-67468","page","type-page","status-publish","hentry"],"acf":{"hero":{"items":[{"image":67438,"mobile_image":67440,"video_url":"","mobile_video_url":"","duration":5,"mobile_hide_rectangle":true,"desktop_hide_rectangle":true,"contents_non_video":{"title":"Caesarstone Min\u00e9ral<sup>MC<\/sup> Surfaces","subtext":"Surfaces de qualit\u00e9 sup\u00e9rieure, durables et \u00e0 faible teneur en silice","link":""},"contents_video":null,"down_arrow":true,"show_pebbles_logo":false,"show_porcelain_logo":false,"custom_class":""}],"buttons_framed_layout":"link"},"cs_related_posts":{"title":"","link":"","articles":"","show_pagination":false,"show_arrows":true,"space_desktop":{"top":0,"bottom":0},"space_mobile":{"top":0,"bottom":0},"background":"#f7f7f7","text_color":"#252525"},"intro":{"title":"La nouvelle g\u00e9n\u00e9ration de surfaces min\u00e9rales","content":"Forts d\u2019un h\u00e9ritage de leadership depuis plus de 35 ans, nous sommes fiers d\u2019\u00eatre des pionniers du secteur. Nous sommes heureux de pr\u00e9senter la nouvelle g\u00e9n\u00e9ration de surfaces min\u00e9rales de Caesarstone : des surfaces durables de qualit\u00e9 sup\u00e9rieure formul\u00e9es avec un m\u00e9lange unique de mat\u00e9riaux, d\u00e9velopp\u00e9 par notre expertise pionni\u00e8re et notre technologie de pointe.","cta":""},"accordion_image":67442,"accordion_background_type":false,"accordion_items":[{"title":"Une qualit\u00e9 in\u00e9branlable","subtitle":"Nos surfaces respectent les normes de qualit\u00e9 les plus \u00e9lev\u00e9es, garantissant long\u00e9vit\u00e9 et tranquillit\u00e9 d\u2019esprit.","content":"La qualit\u00e9 est au c\u0153ur de tout ce que nous faisons. Nos surfaces r\u00e9pondent aux normes de qualit\u00e9 les plus strictes, garantissant une long\u00e9vit\u00e9 exceptionnelle et la satisfaction de nos clients. Nous garantissons la durabilit\u00e9 et la fiabilit\u00e9 de nos produits, offrant une garantie \u00e0 vie comme t\u00e9moignage de leur qualit\u00e9 in\u00e9gal\u00e9e.","image":67442,"mobile_image":67442,"icon":""},{"title":"Avanc\u00e9es durables","subtitle":"Nous accordons la priorit\u00e9 \u00e0 une production s\u00fbre et respectueuse de l\u2019environnement pour contribuer \u00e0 un avenir meilleur pour tous.","content":"Notre derni\u00e8re innovation soutient cet engagement en proposant des solutions avanc\u00e9es qui correspondent \u00e0 nos objectifs de d\u00e9veloppement durable. Nous nous engageons en faveur du d\u00e9veloppement durable, promouvons la responsabilit\u00e9 sociale et nous effor\u00e7ons continuellement de r\u00e9pondre aux demandes changeantes de nos clients.","image":67444,"mobile_image":67444,"icon":""},{"title":"Faible teneur en silice","subtitle":"Caesarstone pr\u00e9sente la nouvelle g\u00e9n\u00e9ration de surfaces min\u00e9rales, avec une teneur r\u00e9duite en silice cristalline.","content":"Notre derni\u00e8re innovation t\u00e9moigne de notre engagement in\u00e9branlable \u00e0 r\u00e9pondre aux besoins changeants des clients tout en donnant la priorit\u00e9 \u00e0 la durabilit\u00e9. En exploitant notre m\u00e9lange unique de min\u00e9raux naturels et de mat\u00e9riaux innovants avanc\u00e9s, notamment des mat\u00e9riaux recycl\u00e9s, nous proposons des solutions plus avanc\u00e9es et durables dans le cadre de notre engagement in\u00e9branlable envers nos clients et l'environnement. Nous continuons de garantir que nos produits r\u00e9pondent \u00e0 des normes strictes sans compromettre la durabilit\u00e9 ou l'esth\u00e9tique.","image":67446,"mobile_image":67446,"icon":""},{"title":"Composition synergique","subtitle":"Une formulation innovante et unique qui am\u00e9liore les performances et augmente le contenu recycl\u00e9. Cette nouvelle surface contient moins de 40 % de silice cristalline et, dans certains cas, moins de 10 %.","content":"Nos surfaces pr\u00e9sentent un effet synergique qui met en valeur les meilleures caract\u00e9ristiques de chaque composant avec un puissant m\u00e9lange de min\u00e9raux uniques, tels que le feldspath, et de mat\u00e9riaux recycl\u00e9s, dont jusqu'\u00e0 30 % de verre recycl\u00e9.","image":67448,"mobile_image":67448,"icon":""}],"benefits":{"title":"Surfaces durables pour une durabilit\u00e9 sup\u00e9rieure","items":[{"title":"D\u00e9dicace \u00e0 la durabilit\u00e9","global_icon":"environmentally friendly-09-01.svg","alt":"","content":"Nous utilisons des min\u00e9raux naturels, des mat\u00e9riaux innovants et des mat\u00e9riaux recycl\u00e9s pour des <a href=\"https:\/\/www.caesarstone.ca\/fr\/sustainability\/\"><u>solutions avanc\u00e9es et durables.<\/u><\/a>"},{"title":"Qualit\u00e9 sup\u00e9rieure","global_icon":"Strength.svg","alt":"","content":"<u>Nos surfaces r\u00e9pondent \u00e0 des normes de qualit\u00e9 \u00e9lev\u00e9es en mati\u00e8re de comptoirs et sont<\/u><a href=\"https:\/\/www.caesarstone.ca\/fr\/garantie\/\"><u> garanties \u00e0 vie.<\/u><\/a>"},{"title":"Durabilit\u00e9","global_icon":"durable-10-01.svg","alt":"","content":"Plus dur et plus r\u00e9sistant que les comptoirs stratifi\u00e9s et autres surfaces."},{"title":"Non poreux","global_icon":"nonporous-05-01.svg","alt":"","content":"Incroyablement solide, durable et r\u00e9silient, garantissant une haute qualit\u00e9 et des performances durables."},{"title":"Facile \u00e0 nettoyer","global_icon":"easy-care_to clean-11-01.svg","alt":"","content":"Presque sans effort \u00e0 entretenir et tr\u00e8s facile \u00e0 entretenir simplement avec de l\u2019eau et du savon. Pas besoin de scellement."},{"title":"Hygi\u00e9nique","global_icon":"hygienic-07-01.svg","alt":"","content":"La surface non poreuse inhibe la croissance des bact\u00e9ries, des moisissures ou du mildiou, restant s\u00fbre et hygi\u00e9nique pour une propret\u00e9 ultime."},{"title":"Sans taches","global_icon":"stain resistance-15.svg","alt":"","content":"Tr\u00e8s imp\u00e9n\u00e9trable, surface non poreuse, r\u00e9sistante aux taches et facile \u00e0 entretenir."},{"title":"R\u00e9sistant aux rayures","global_icon":"scratch resistance-14-01.svg","alt":"","content":"Propri\u00e9t\u00e9s remarquables de r\u00e9sistance aux rayures et difficilement affect\u00e9es par les \u00e9raflures ou les \u00e9raflures."},{"title":"R\u00e9sistant \u00e0 la chaleur","global_icon":"heat resistance-13-01.svg","alt":"","content":"Caesarstone Min\u00e9ral r\u00e9siste \u00e0 la chaleur, mais un dessous de plat est n\u00e9cessaire pour les temp\u00e9ratures \u00e9lev\u00e9es."},{"title":"Facilit\u00e9 d'installation","global_icon":"easy to install-12-01.svg","alt":"","content":"Facile \u00e0 mod\u00e9liser, \u00e0 installer et \u00e0 personnaliser par des <a href=\"https:\/\/www.caesarstone.ca\/fr\/ou-acheter-nos-produits\/\">professionnels.<\/a>"}],"colors_title":"","colors_subtitle":"","colors_association_type":"Linked Objects","colors":null,"colors_posts":[66983,66974,66980,4058,4006,4064,4098]},"confidence":{"title":"Ayez confiance avec Caesarstone Min\u00e9ral","items":[{"global_icon":"menu-why-caesarstone.svg","alt":"","link":{"title":"D\u00e9couvrez pourquoi Caesarstone","url":"https:\/\/www.caesarstone.ca\/fr\/pourquoi-choisir-caesarstone\/","target":""}},{"global_icon":"json\/color-catalog.json","alt":"","link":{"title":"D\u00e9couvrez les couleurs min\u00e9rales Caesarstone","url":"https:\/\/www.caesarstone.ca\/fr\/countertops\/?material=mineral","target":""}},{"global_icon":"json\/soap-color.json","alt":"","link":{"title":"Apprenez \u00e0 entretenir et \u00e0 entretenir","url":"https:\/\/www.caesarstone.ca\/fr\/entretien-et-nettoyage\/surfaces-en-quartz\/","target":""}}]},"related_post_card":{"title":"","desc":"","image":null,"video_url":""}},"yoast_head":"<!-- This site is optimized with the Yoast SEO Premium plugin v27.2 (Yoast SEO v27.2) - https:\/\/yoast.com\/product\/yoast-seo-premium-wordpress\/ -->\n<title>Caesarstone Min\u00e9ral - Caesarstone Canada<\/title>\n<meta name=\"description\" content=\"Caesarstone Min\u00e9ral. Laissez-vous inspirer et d\u00e9couvrez votre propre style personnel. Cliquez pour explorer d&#039;excellentes id\u00e9es de comptoirs et styles de design de Caesarstone Canada.\" \/>\n<meta name=\"robots\" content=\"index, follow, max-snippet:-1, max-image-preview:large, max-video-preview:-1\" \/>\n<link rel=\"canonical\" href=\"https:\/\/www.caesarstone.ca\/fr\/caesarstone-mineral\/\" \/>\n<meta property=\"og:locale\" content=\"fr_CA\" \/>\n<meta property=\"og:type\" content=\"article\" \/>\n<meta property=\"og:title\" content=\"Caesarstone Min\u00e9ral\" \/>\n<meta property=\"og:description\" content=\"Caesarstone Min\u00e9ral. Laissez-vous inspirer et d\u00e9couvrez votre propre style personnel. Cliquez pour explorer d&#039;excellentes id\u00e9es de comptoirs et styles de design de Caesarstone Canada.\" \/>\n<meta property=\"og:url\" content=\"https:\/\/www.caesarstone.ca\/fr\/caesarstone-mineral\/\" \/>\n<meta property=\"og:site_name\" content=\"Caesarstone Canada\" \/>\n<meta property=\"article:publisher\" content=\"https:\/\/www.facebook.com\/CaesarstoneCA\" \/>\n<meta property=\"article:modified_time\" content=\"2024-06-24T17:22:21+00:00\" \/>\n<meta name=\"twitter:card\" content=\"summary_large_image\" \/>\n<script type=\"application\/ld+json\" class=\"yoast-schema-graph\">{\"@context\":\"https:\/\/schema.org\",\"@graph\":[{\"@type\":\"WebPage\",\"@id\":\"https:\/\/www.caesarstone.ca\/fr\/caesarstone-mineral\/\",\"url\":\"https:\/\/www.caesarstone.ca\/fr\/caesarstone-mineral\/\",\"name\":\"Caesarstone Min\u00e9ral - Caesarstone Canada\",\"isPartOf\":{\"@id\":\"https:\/\/www.caesarstone.ca\/fr\/#website\"},\"datePublished\":\"2023-08-24T16:30:04+00:00\",\"dateModified\":\"2024-06-24T17:22:21+00:00\",\"description\":\"Caesarstone Min\u00e9ral. Laissez-vous inspirer et d\u00e9couvrez votre propre style personnel. Cliquez pour explorer d'excellentes id\u00e9es de comptoirs et styles de design de Caesarstone Canada.\",\"breadcrumb\":{\"@id\":\"https:\/\/www.caesarstone.ca\/fr\/caesarstone-mineral\/#breadcrumb\"},\"inLanguage\":\"fr-CA\",\"potentialAction\":[{\"@type\":\"ReadAction\",\"target\":[\"https:\/\/www.caesarstone.ca\/fr\/caesarstone-mineral\/\"]}]},{\"@type\":\"BreadcrumbList\",\"@id\":\"https:\/\/www.caesarstone.ca\/fr\/caesarstone-mineral\/#breadcrumb\",\"itemListElement\":[{\"@type\":\"ListItem\",\"position\":1,\"name\":\"Home\",\"item\":\"https:\/\/www.caesarstone.ca\/fr\/\"},{\"@type\":\"ListItem\",\"position\":2,\"name\":\"Caesarstone Min\u00e9ral\"}]},{\"@type\":\"WebSite\",\"@id\":\"https:\/\/www.caesarstone.ca\/fr\/#website\",\"url\":\"https:\/\/www.caesarstone.ca\/fr\/\",\"name\":\"Caesarstone Canada\",\"description\":\"Life in Stone\",\"publisher\":{\"@id\":\"https:\/\/www.caesarstone.ca\/fr\/#organization\"},\"potentialAction\":[{\"@type\":\"SearchAction\",\"target\":{\"@type\":\"EntryPoint\",\"urlTemplate\":\"https:\/\/www.caesarstone.ca\/fr\/?s={search_term_string}\"},\"query-input\":{\"@type\":\"PropertyValueSpecification\",\"valueRequired\":true,\"valueName\":\"search_term_string\"}}],\"inLanguage\":\"fr-CA\"},{\"@type\":\"Organization\",\"@id\":\"https:\/\/www.caesarstone.ca\/fr\/#organization\",\"name\":\"Caesarstone Canada\",\"url\":\"https:\/\/www.caesarstone.ca\/fr\/\",\"logo\":{\"@type\":\"ImageObject\",\"inLanguage\":\"fr-CA\",\"@id\":\"https:\/\/www.caesarstone.ca\/fr\/#\/schema\/logo\/image\/\",\"url\":\"https:\/\/www.caesarstone.ca\/wp-content\/uploads\/sites\/5\/2026\/03\/Caesarstone_logo.jpg\",\"contentUrl\":\"https:\/\/www.caesarstone.ca\/wp-content\/uploads\/sites\/5\/2026\/03\/Caesarstone_logo.jpg\",\"width\":1000,\"height\":158,\"caption\":\"Caesarstone Canada\"},\"image\":{\"@id\":\"https:\/\/www.caesarstone.ca\/fr\/#\/schema\/logo\/image\/\"},\"sameAs\":[\"https:\/\/www.facebook.com\/CaesarstoneCA\",\"https:\/\/www.instagram.com\/caesarstoneca\/\",\"https:\/\/www.linkedin.com\/company\/caesarstone-canada\/\",\"https:\/\/www.youtube.com\/@CaesarstoneNA\"]}]}<\/script>\n<!-- \/ Yoast SEO Premium plugin. -->","yoast_head_json":{"title":"Caesarstone Min\u00e9ral - Caesarstone Canada","description":"Caesarstone Min\u00e9ral. Laissez-vous inspirer et d\u00e9couvrez votre propre style personnel. Cliquez pour explorer d'excellentes id\u00e9es de comptoirs et styles de design de Caesarstone Canada.","robots":{"index":"index","follow":"follow","max-snippet":"max-snippet:-1","max-image-preview":"max-image-preview:large","max-video-preview":"max-video-preview:-1"},"canonical":"https:\/\/www.caesarstone.ca\/fr\/caesarstone-mineral\/","og_locale":"fr_CA","og_type":"article","og_title":"Caesarstone Min\u00e9ral","og_description":"Caesarstone Min\u00e9ral. Laissez-vous inspirer et d\u00e9couvrez votre propre style personnel. Cliquez pour explorer d'excellentes id\u00e9es de comptoirs et styles de design de Caesarstone Canada.","og_url":"https:\/\/www.caesarstone.ca\/fr\/caesarstone-mineral\/","og_site_name":"Caesarstone Canada","article_publisher":"https:\/\/www.facebook.com\/CaesarstoneCA","article_modified_time":"2024-06-24T17:22:21+00:00","twitter_card":"summary_large_image","schema":{"@context":"https:\/\/schema.org","@graph":[{"@type":"WebPage","@id":"https:\/\/www.caesarstone.ca\/fr\/caesarstone-mineral\/","url":"https:\/\/www.caesarstone.ca\/fr\/caesarstone-mineral\/","name":"Caesarstone Min\u00e9ral - Caesarstone Canada","isPartOf":{"@id":"https:\/\/www.caesarstone.ca\/fr\/#website"},"datePublished":"2023-08-24T16:30:04+00:00","dateModified":"2024-06-24T17:22:21+00:00","description":"Caesarstone Min\u00e9ral. Laissez-vous inspirer et d\u00e9couvrez votre propre style personnel. Cliquez pour explorer d'excellentes id\u00e9es de comptoirs et styles de design de Caesarstone Canada.","breadcrumb":{"@id":"https:\/\/www.caesarstone.ca\/fr\/caesarstone-mineral\/#breadcrumb"},"inLanguage":"fr-CA","potentialAction":[{"@type":"ReadAction","target":["https:\/\/www.caesarstone.ca\/fr\/caesarstone-mineral\/"]}]},{"@type":"BreadcrumbList","@id":"https:\/\/www.caesarstone.ca\/fr\/caesarstone-mineral\/#breadcrumb","itemListElement":[{"@type":"ListItem","position":1,"name":"Home","item":"https:\/\/www.caesarstone.ca\/fr\/"},{"@type":"ListItem","position":2,"name":"Caesarstone Min\u00e9ral"}]},{"@type":"WebSite","@id":"https:\/\/www.caesarstone.ca\/fr\/#website","url":"https:\/\/www.caesarstone.ca\/fr\/","name":"Caesarstone Canada","description":"Life in Stone","publisher":{"@id":"https:\/\/www.caesarstone.ca\/fr\/#organization"},"potentialAction":[{"@type":"SearchAction","target":{"@type":"EntryPoint","urlTemplate":"https:\/\/www.caesarstone.ca\/fr\/?s={search_term_string}"},"query-input":{"@type":"PropertyValueSpecification","valueRequired":true,"valueName":"search_term_string"}}],"inLanguage":"fr-CA"},{"@type":"Organization","@id":"https:\/\/www.caesarstone.ca\/fr\/#organization","name":"Caesarstone Canada","url":"https:\/\/www.caesarstone.ca\/fr\/","logo":{"@type":"ImageObject","inLanguage":"fr-CA","@id":"https:\/\/www.caesarstone.ca\/fr\/#\/schema\/logo\/image\/","url":"https:\/\/www.caesarstone.ca\/wp-content\/uploads\/sites\/5\/2026\/03\/Caesarstone_logo.jpg","contentUrl":"https:\/\/www.caesarstone.ca\/wp-content\/uploads\/sites\/5\/2026\/03\/Caesarstone_logo.jpg","width":1000,"height":158,"caption":"Caesarstone Canada"},"image":{"@id":"https:\/\/www.caesarstone.ca\/fr\/#\/schema\/logo\/image\/"},"sameAs":["https:\/\/www.facebook.com\/CaesarstoneCA","https:\/\/www.instagram.com\/caesarstoneca\/","https:\/\/www.linkedin.com\/company\/caesarstone-canada\/","https:\/\/www.youtube.com\/@CaesarstoneNA"]}]}},"_links":{"self":[{"href":"https:\/\/www.caesarstone.ca\/fr\/wp-json\/wp\/v2\/pages\/67468","targetHints":{"allow":["GET"]}}],"collection":[{"href":"https:\/\/www.caesarstone.ca\/fr\/wp-json\/wp\/v2\/pages"}],"about":[{"href":"https:\/\/www.caesarstone.ca\/fr\/wp-json\/wp\/v2\/types\/page"}],"author":[{"embeddable":true,"href":"https:\/\/www.caesarstone.ca\/fr\/wp-json\/wp\/v2\/users\/6064"}],"replies":[{"embeddable":true,"href":"https:\/\/www.caesarstone.ca\/fr\/wp-json\/wp\/v2\/comments?post=67468"}],"version-history":[{"count":15,"href":"https:\/\/www.caesarstone.ca\/fr\/wp-json\/wp\/v2\/pages\/67468\/revisions"}],"predecessor-version":[{"id":74521,"href":"https:\/\/www.caesarstone.ca\/fr\/wp-json\/wp\/v2\/pages\/67468\/revisions\/74521"}],"wp:attachment":[{"href":"https:\/\/www.caesarstone.ca\/fr\/wp-json\/wp\/v2\/media?parent=67468"}],"curies":[{"name":"wp","href":"https:\/\/api.w.org\/{rel}","templated":true}]}}