{"id":72537,"date":"2024-04-29T11:22:20","date_gmt":"2024-04-29T17:22:20","guid":{"rendered":"https:\/\/www.caesarstone.ca\/?page_id=72537"},"modified":"2024-09-24T16:48:51","modified_gmt":"2024-09-24T22:48:51","slug":"ooak-collection","status":"publish","type":"page","link":"https:\/\/www.caesarstone.ca\/fr\/ooak-collection\/","title":{"rendered":"OOAK Collection"},"content":{"rendered":"","protected":false},"excerpt":{"rendered":"","protected":false},"author":6064,"featured_media":72754,"parent":0,"menu_order":0,"comment_status":"closed","ping_status":"closed","template":"templates\/collection-new.php","meta":{"_acf_changed":false,"footnotes":""},"class_list":["post-72537","page","type-page","status-publish","has-post-thumbnail","hentry"],"acf":{"intro":{"title":"D\u00e9couvrez la collection OOAK de Caesarstone","content":"Vivez la beaut\u00e9 des d\u00e9tails. Nous vous pr\u00e9sentons notre collection \u00ab\u00a0One of a Kind\u00a0\u00bb qui pr\u00e9sente de nouvelles surfaces tout en respectant notre engagement envers des d\u00e9tails et une qualit\u00e9 irr\u00e9prochables. Avec notre nouvelle collection OOAK Quartz et Porcelain, nous c\u00e9l\u00e9brons la nature irrempla\u00e7able des veinures. Chaque surface est con\u00e7ue avec des \u00e9l\u00e9ments utiles, du mouvement et de la profondeur. Cr\u00e9ez votre espace unique selon votre style personnel, un espace qui vous ressemble.","link":""},"upper_gallery":null,"technical_information":{"title":"","items":[{"catalog_item":[71560],"desc":"Une base blanche \u00e9clatante avec des \u00e9clats de teintes dor\u00e9es illuminant des veines audacieuses qui balayent la surface en bandes de gris clair et de min\u00e9raux terreux avec des nuances d\u2019orange dor\u00e9, envelopp\u00e9e dans une aura luxueuse d\u2019or.","link_1":"","link_2":{"title":"O\u00f9 acheter","url":"https:\/\/www.caesarstone.ca\/fr\/ou-acheter-nos-produits\/","target":""},"frame_url":"https:\/\/app.vectary.com\/p\/3wOGn0FT6toxBQ4qTQzadv"},{"catalog_item":[71557],"desc":"Un fond blanc lumineux richement textur\u00e9 avec une juxtaposition de larges veines noires audacieuses, serpentant dans un courant granulaire de min\u00e9raux sombres et de d\u00e9p\u00f4ts brun\u00e2tres qui se d\u00e9placent, \u00e9clatent et se rompent avec un tempo organique.","link_1":"","link_2":{"title":"O\u00f9 acheter","url":"https:\/\/www.caesarstone.ca\/fr\/ou-acheter-nos-produits\/","target":""},"frame_url":"https:\/\/app.vectary.com\/p\/3k8zTLnRBicvHjxUXvkUHW"},{"catalog_item":[71561],"desc":"Une base blanche \u00e9clatante parcourue par un flot de veines audacieuses dans des blancs subtils et des gris p\u00e2les, touch\u00e9e par des s\u00e9diments argent\u00e9s semblables \u00e0 des nuages parsem\u00e9s de jaune verd\u00e2tre, fusionnant de mani\u00e8re organique dans la surface \u00e9voquant une puret\u00e9 paisible et une sophistication apaisante.","link_1":"","link_2":{"title":"O\u00f9 acheter","url":"https:\/\/www.caesarstone.ca\/fr\/ou-acheter-nos-produits\/","target":""},"frame_url":"https:\/\/app.vectary.com\/p\/6hNUXy8M6w4eBQLQnsLRQl"},{"catalog_item":[71562],"desc":"Un fond blanc cr\u00e9meux orn\u00e9 d\u2019un voile veineux de gris, de bruns terreux et de nuances verd\u00e2tres, s\u2019\u00e9tendant dans toutes les directions comme une toile organique, craquelant autour de fines fissures avec une \u00e9nergie primordiale qui se transforme en opulence moderne.","link_1":"","link_2":{"title":"O\u00f9 acheter","url":"https:\/\/www.caesarstone.ca\/fr\/ou-acheter-nos-produits\/","target":""},"frame_url":"https:\/\/app.vectary.com\/p\/3o0jR8zSetmiu3IFAReqmv"},{"catalog_item":[71567],"desc":"Une base de couleur cr\u00e8me parcourue du mouvement directionnel de veines archa\u00efques, tel un souvenir ancien de paysages alluviaux, apaisantes dans leurs tons terreux, d\u00e9licatement teint\u00e9es de gradients ambr\u00e9s et d\u2019accents dor\u00e9s profonds.","link_1":"","link_2":{"title":"O\u00f9 acheter","url":"https:\/\/www.caesarstone.ca\/fr\/ou-acheter-nos-produits\/","target":""},"frame_url":"https:\/\/app.vectary.com\/p\/0454EbBZIRSdpS4PgGh5gd"},{"catalog_item":[71553],"desc":"Une base blanche et nette entrelac\u00e9e de fines balayures lin\u00e9aires de bronze et de cuivre impressionn\u00e9es sur la surface nuageuse dans diverses intensit\u00e9s, telles des chemins anciens vus de loin, cr\u00e9ant une topographie calme, apaisante et remplie de lumi\u00e8re.","link_1":"","link_2":{"title":"O\u00f9 acheter","url":"https:\/\/www.caesarstone.ca\/fr\/ou-acheter-nos-produits\/","target":""},"frame_url":"https:\/\/app.vectary.com\/p\/2iDtFfjbW5cVRyn0sfPaHB"},{"catalog_item":[71596],"desc":"Un blanc chaud luxueusement soyeux, rendu tactile par le flux dynamique de lignes dor\u00e9es, taupe et grises \u00e9touff\u00e9es qui se dissolvent dans un nuage s\u00e9dimentaire translucide, rehauss\u00e9 par une sensation velout\u00e9e et une lumi\u00e8re r\u00e9confortante en finition douce comme la soie.","link_1":"","link_2":{"title":"O\u00f9 acheter","url":"https:\/\/www.caesarstone.ca\/fr\/ou-acheter-nos-produits\/","target":""},"frame_url":"https:\/\/app.vectary.com\/p\/0XajdmfHydSHeVW6QGuo8a"},{"catalog_item":[71597],"desc":"Une incarnation spectaculaire de la marque du temps sur une base neutre de couleur blanc cass\u00e9, \u00e9clatant d\u2019un entrelacement anim\u00e9 de veines surdimensionn\u00e9es et de fines lignes craquel\u00e9es orn\u00e9es d\u2019une superposition de cuivre antique, de stries dor\u00e9es textur\u00e9es et de s\u00e9diments terrestres primordiaux, dans une composition exceptionnelle jamais vue auparavant, avec une finition lisse et douce comme la soie.","link_1":"","link_2":{"title":"O\u00f9 acheter","url":"https:\/\/www.caesarstone.ca\/fr\/ou-acheter-nos-produits\/","target":""},"frame_url":"https:\/\/app.vectary.com\/p\/6deQkAhsp3zLJFn0j0nmCU"},{"catalog_item":[71602],"desc":"Une base neutre et s\u00e8che impr\u00e9gn\u00e9e de granules ivoire et beige, comme de fines particules de sable et de coquillages broy\u00e9s qui se sont transform\u00e9s en une pierre ancienne au fil des mill\u00e9naires. Des reflets mouchet\u00e9s et des \u00e9raflures brunes \u00e9voquent l'aspect rugueux d'une humble roche s\u00e9dimentaire, avec une finition en pierre.","link_1":"","link_2":{"title":"O\u00f9 acheter","url":"https:\/\/www.caesarstone.ca\/fr\/ou-acheter-nos-produits\/","target":""},"frame_url":"https:\/\/app.vectary.com\/p\/6WFraZFyfLQlYvpLaVrWts"},{"catalog_item":[71425],"desc":"Un gris neutre avec une esth\u00e9tique granulaire riche en d\u00e9tails, compos\u00e9e de petites coquilles, de grains, d\u2019agr\u00e9gats et d\u2019impuret\u00e9s, fusionn\u00e9s dans une texture archa\u00efque \u00e9labor\u00e9e de fossiles ton sur ton. Le gris chaud et la couleur noix de cajou sont parsem\u00e9s de petits anneaux de mousse et de traits plus fonc\u00e9s, dans une finition pierre.","link_1":"","link_2":"","frame_url":"https:\/\/app.vectary.com\/p\/3qhw3PZMhYazW2HHJNdud2"},{"catalog_item":[71426],"desc":"Un blanc chaud s\u00e9duisant avec une aura apaisante, des couches subtiles ton sur ton voil\u00e9es de fines veines glac\u00e9es craquel\u00e9es de mani\u00e8re uniforme et des accents caramel, comme un rocher m\u00e9tamorphique us\u00e9 combinant le luxe du marbre avec la tactile de la pierre envelopp\u00e9e dans une finition soyeuse et douce.","link_1":"","link_2":"","frame_url":"https:\/\/app.vectary.com\/p\/3IsAcysD5vfPbEaVnfgozh"},{"catalog_item":[71599],"desc":"Les argiles brumeuses cr\u00e9ent une base terreuse bicolore bord\u00e9e de gris argent\u00e9, cr\u00e9ant l'apparence lin\u00e9aire dense du travertin ancien, rehauss\u00e9e de petites flaques oxyd\u00e9es. Les accents m\u00e9talliques, les couches de fine strate d'alliage et les stries cr\u00e9meuses se fondent dans la palette neutre, lui donnant une apparence a\u00e9r\u00e9e, avec une finition en pierre.","link_1":"","link_2":"","frame_url":"https:\/\/app.vectary.com\/p\/2iDtFfjbW5cVRyn0sfPaHB"},{"catalog_item":[71600],"desc":"Une base laiteuse parsem\u00e9e d'infusions de sauge att\u00e9nu\u00e9es et de mousse plus sombres, capturant le mouvement du temps sur la pierre naturelle. Les zones plus claires sont anim\u00e9es de grands agr\u00e9gats dynamiques, d'impuret\u00e9s iod\u00e9es et de veines de rouille qui ajoutent chaleur et profondeur \u00e0 cette surface r\u00e9confortante, avec une finition en pierre.","link_1":"","link_2":{"title":"O\u00f9 acheter","url":"https:\/\/www.caesarstone.ca\/fr\/ou-acheter-nos-produits\/","target":""},"frame_url":"https:\/\/app.vectary.com\/p\/5ajYWFXWWpesOT6PL8XlZs"},{"catalog_item":[71565],"desc":"Une base de couleur cr\u00e8me parcourue du mouvement directionnel de veines archa\u00efques, tel un souvenir ancien de paysages alluviaux, apaisantes dans leurs tons terreux, d\u00e9licatement teint\u00e9es de gradients ambr\u00e9s et d\u2019accents dor\u00e9s profonds.","link_1":"","link_2":{"title":"O\u00f9 acheter","url":"https:\/\/www.caesarstone.ca\/fr\/ou-acheter-nos-produits\/","target":""},"frame_url":"https:\/\/app.vectary.com\/p\/0454EbBZIRSdpS4PgGh5gd"}]},"lower_gallery":[{"use_dynamic_data":false,"catalog_item":[71599],"dynamic_data":{"upper_text":"","upper_desc":"","title":"","link":null},"render_image":74427,"slab_image":74132,"is_white":false},{"use_dynamic_data":false,"catalog_item":[71596],"dynamic_data":{"upper_text":"","upper_desc":"","title":"","link":null},"render_image":74429,"slab_image":74110,"is_white":false},{"use_dynamic_data":false,"catalog_item":[71562],"dynamic_data":{"upper_text":"","upper_desc":"","title":"","link":null},"render_image":74425,"slab_image":71168,"is_white":false},{"use_dynamic_data":false,"catalog_item":[71565],"dynamic_data":{"upper_text":"","upper_desc":"","title":"","link":null},"render_image":74423,"slab_image":71245,"is_white":false}],"paragraph":{"title":"La collection OOAK","content":"D\u00e9couvrez nos surfaces magnifiquement con\u00e7ues et durables de la nouvelle collection OOAK. Plusieurs d'entre eux sont d\u00e9j\u00e0 disponibles mais d'autres seront bient\u00f4t disponibles.","link":""},"color_strip":[71553,71602,71565,71600,71599,71567,71596,71597,71426,71562,71425,71561,71560,71557],"technologies":{"title":"Afficher plus de surfaces","cards":[{"image":62688,"title":"Quartz","desc":"Une surface \u00e9poustouflante pour votre espace sacr\u00e9.","link":{"title":"Explorez","url":"https:\/\/www.caesarstone.ca\/fr\/comptoirs-en-quartz\/","target":""}},{"image":73192,"title":"Min\u00e9ral","desc":"Trouvez la pierre parfaite pour votre maison parfaite.","link":{"title":"Explorez","url":"https:\/\/www.caesarstone.ca\/fr\/caesarstone-mineral\/","target":""}},{"image":73344,"title":"Porcelaine","desc":"Profitez d'une surface qui compl\u00e8te votre style de vie.","link":{"title":"Explorez","url":"https:\/\/www.caesarstone.ca\/fr\/porcelain-countertops-collection\/","target":""}}]},"wide_video":{"title":"","image":72754,"mobile_image":72756,"show_video":true,"video_url":"https:\/\/vimeo.com\/968229147?share=copy","mobile_video_url":"https:\/\/vimeo.com\/947965899?share"},"closing_cta":{"title":"Cr\u00e9e ton \r\n*espace de r\u00eave*\r\navec Caesarstone","items":[{"global_icon":"json\/color-catalog.json","alt":"","link":{"title":"Voir Le Catalogue De Couleurs","url":"https:\/\/www.caesarstone.ca\/fr\/comptoirs-en-quartz\/","target":""}},{"global_icon":"json\/location.json","alt":"","link":{"title":"O\u00f9 Acheter","url":"https:\/\/www.caesarstone.ca\/fr\/ou-acheter-nos-produits\/","target":""}},{"global_icon":"json\/Testemonials.json","alt":"","link":{"title":"t\u00e9moignages et critiques","url":"https:\/\/www.caesarstone.ca\/fr\/temoignages-et-commentaires-sur-caesarstone\/","target":""}}]},"use_geniq_logo":false,"cs_related_posts":{"title":"Articles Li\u00e9s","link":"","articles":[67644,72942,67465,56691],"show_pagination":false,"show_arrows":true,"space_desktop":{"top":0,"bottom":0},"space_mobile":{"top":0,"bottom":0},"background":"#f7f7f7","text_color":"#252525"},"hero":{"items":[{"image":74343,"mobile_image":72756,"video_url":"https:\/\/vimeo.com\/953504452?share","mobile_video_url":"https:\/\/vimeo.com\/967606003","contents":[{"title":"Pr\u00e9sentation de la <br>collection OOAK","link":""}]}]},"related_post_card":{"title":"","desc":"","image":null,"video_url":""}},"yoast_head":"<!-- This site is optimized with the Yoast SEO Premium plugin v27.2 (Yoast SEO v27.2) - https:\/\/yoast.com\/product\/yoast-seo-premium-wordpress\/ -->\n<title>Collection OOAK - Caesarstone Canada<\/title>\n<meta name=\"description\" content=\"OOAK Collection. Laissez-vous inspirer et d\u00e9couvrez votre propre style personnel. Cliquez pour explorer d&#039;excellentes id\u00e9es de comptoirs et styles de design de Caesarstone Canada.\" \/>\n<meta name=\"robots\" content=\"index, follow, max-snippet:-1, max-image-preview:large, max-video-preview:-1\" \/>\n<link rel=\"canonical\" href=\"https:\/\/www.caesarstone.ca\/fr\/ooak-collection\/\" \/>\n<meta property=\"og:locale\" content=\"fr_CA\" \/>\n<meta property=\"og:type\" content=\"article\" \/>\n<meta property=\"og:title\" content=\"OOAK Collection\" \/>\n<meta property=\"og:description\" content=\"OOAK Collection. Laissez-vous inspirer et d\u00e9couvrez votre propre style personnel. Cliquez pour explorer d&#039;excellentes id\u00e9es de comptoirs et styles de design de Caesarstone Canada.\" \/>\n<meta property=\"og:url\" content=\"https:\/\/www.caesarstone.ca\/fr\/ooak-collection\/\" \/>\n<meta property=\"og:site_name\" content=\"Caesarstone Canada\" \/>\n<meta property=\"article:publisher\" content=\"https:\/\/www.facebook.com\/CaesarstoneCA\" \/>\n<meta property=\"article:modified_time\" content=\"2024-09-24T22:48:51+00:00\" \/>\n<meta property=\"og:image\" content=\"https:\/\/www.caesarstone.ca\/wp-content\/uploads\/sites\/5\/2024\/04\/5152_Goldfinch_Render2_1920x1080-1-4.jpg\" \/>\n\t<meta property=\"og:image:width\" content=\"1778\" \/>\n\t<meta property=\"og:image:height\" content=\"1000\" \/>\n\t<meta property=\"og:image:type\" content=\"image\/jpeg\" \/>\n<meta name=\"twitter:card\" content=\"summary_large_image\" \/>\n<script type=\"application\/ld+json\" class=\"yoast-schema-graph\">{\"@context\":\"https:\/\/schema.org\",\"@graph\":[{\"@type\":\"WebPage\",\"@id\":\"https:\/\/www.caesarstone.ca\/fr\/ooak-collection\/\",\"url\":\"https:\/\/www.caesarstone.ca\/fr\/ooak-collection\/\",\"name\":\"Collection OOAK - Caesarstone Canada\",\"isPartOf\":{\"@id\":\"https:\/\/www.caesarstone.ca\/fr\/#website\"},\"primaryImageOfPage\":{\"@id\":\"https:\/\/www.caesarstone.ca\/fr\/ooak-collection\/#primaryimage\"},\"image\":{\"@id\":\"https:\/\/www.caesarstone.ca\/fr\/ooak-collection\/#primaryimage\"},\"thumbnailUrl\":\"https:\/\/www.caesarstone.ca\/wp-content\/uploads\/sites\/5\/2024\/04\/5152_Goldfinch_Render2_1920x1080-1-4.jpg\",\"datePublished\":\"2024-04-29T17:22:20+00:00\",\"dateModified\":\"2024-09-24T22:48:51+00:00\",\"description\":\"OOAK Collection. Laissez-vous inspirer et d\u00e9couvrez votre propre style personnel. Cliquez pour explorer d'excellentes id\u00e9es de comptoirs et styles de design de Caesarstone Canada.\",\"breadcrumb\":{\"@id\":\"https:\/\/www.caesarstone.ca\/fr\/ooak-collection\/#breadcrumb\"},\"inLanguage\":\"fr-CA\",\"potentialAction\":[{\"@type\":\"ReadAction\",\"target\":[\"https:\/\/www.caesarstone.ca\/fr\/ooak-collection\/\"]}]},{\"@type\":\"ImageObject\",\"inLanguage\":\"fr-CA\",\"@id\":\"https:\/\/www.caesarstone.ca\/fr\/ooak-collection\/#primaryimage\",\"url\":\"https:\/\/www.caesarstone.ca\/wp-content\/uploads\/sites\/5\/2024\/04\/5152_Goldfinch_Render2_1920x1080-1-4.jpg\",\"contentUrl\":\"https:\/\/www.caesarstone.ca\/wp-content\/uploads\/sites\/5\/2024\/04\/5152_Goldfinch_Render2_1920x1080-1-4.jpg\",\"width\":1778,\"height\":1000,\"caption\":\"5152 Goldfinch\"},{\"@type\":\"BreadcrumbList\",\"@id\":\"https:\/\/www.caesarstone.ca\/fr\/ooak-collection\/#breadcrumb\",\"itemListElement\":[{\"@type\":\"ListItem\",\"position\":1,\"name\":\"Home\",\"item\":\"https:\/\/www.caesarstone.ca\/fr\/\"},{\"@type\":\"ListItem\",\"position\":2,\"name\":\"OOAK Collection\"}]},{\"@type\":\"WebSite\",\"@id\":\"https:\/\/www.caesarstone.ca\/fr\/#website\",\"url\":\"https:\/\/www.caesarstone.ca\/fr\/\",\"name\":\"Caesarstone Canada\",\"description\":\"Life in Stone\",\"publisher\":{\"@id\":\"https:\/\/www.caesarstone.ca\/fr\/#organization\"},\"potentialAction\":[{\"@type\":\"SearchAction\",\"target\":{\"@type\":\"EntryPoint\",\"urlTemplate\":\"https:\/\/www.caesarstone.ca\/fr\/?s={search_term_string}\"},\"query-input\":{\"@type\":\"PropertyValueSpecification\",\"valueRequired\":true,\"valueName\":\"search_term_string\"}}],\"inLanguage\":\"fr-CA\"},{\"@type\":\"Organization\",\"@id\":\"https:\/\/www.caesarstone.ca\/fr\/#organization\",\"name\":\"Caesarstone Canada\",\"url\":\"https:\/\/www.caesarstone.ca\/fr\/\",\"logo\":{\"@type\":\"ImageObject\",\"inLanguage\":\"fr-CA\",\"@id\":\"https:\/\/www.caesarstone.ca\/fr\/#\/schema\/logo\/image\/\",\"url\":\"https:\/\/www.caesarstone.ca\/wp-content\/uploads\/sites\/5\/2026\/03\/Caesarstone_logo.jpg\",\"contentUrl\":\"https:\/\/www.caesarstone.ca\/wp-content\/uploads\/sites\/5\/2026\/03\/Caesarstone_logo.jpg\",\"width\":1000,\"height\":158,\"caption\":\"Caesarstone Canada\"},\"image\":{\"@id\":\"https:\/\/www.caesarstone.ca\/fr\/#\/schema\/logo\/image\/\"},\"sameAs\":[\"https:\/\/www.facebook.com\/CaesarstoneCA\",\"https:\/\/www.instagram.com\/caesarstoneca\/\",\"https:\/\/www.linkedin.com\/company\/caesarstone-canada\/\",\"https:\/\/www.youtube.com\/@CaesarstoneNA\"]}]}<\/script>\n<!-- \/ Yoast SEO Premium plugin. -->","yoast_head_json":{"title":"Collection OOAK - Caesarstone Canada","description":"OOAK Collection. Laissez-vous inspirer et d\u00e9couvrez votre propre style personnel. Cliquez pour explorer d'excellentes id\u00e9es de comptoirs et styles de design de Caesarstone Canada.","robots":{"index":"index","follow":"follow","max-snippet":"max-snippet:-1","max-image-preview":"max-image-preview:large","max-video-preview":"max-video-preview:-1"},"canonical":"https:\/\/www.caesarstone.ca\/fr\/ooak-collection\/","og_locale":"fr_CA","og_type":"article","og_title":"OOAK Collection","og_description":"OOAK Collection. Laissez-vous inspirer et d\u00e9couvrez votre propre style personnel. Cliquez pour explorer d'excellentes id\u00e9es de comptoirs et styles de design de Caesarstone Canada.","og_url":"https:\/\/www.caesarstone.ca\/fr\/ooak-collection\/","og_site_name":"Caesarstone Canada","article_publisher":"https:\/\/www.facebook.com\/CaesarstoneCA","article_modified_time":"2024-09-24T22:48:51+00:00","og_image":[{"width":1778,"height":1000,"url":"https:\/\/www.caesarstone.ca\/wp-content\/uploads\/sites\/5\/2024\/04\/5152_Goldfinch_Render2_1920x1080-1-4.jpg","type":"image\/jpeg"}],"twitter_card":"summary_large_image","schema":{"@context":"https:\/\/schema.org","@graph":[{"@type":"WebPage","@id":"https:\/\/www.caesarstone.ca\/fr\/ooak-collection\/","url":"https:\/\/www.caesarstone.ca\/fr\/ooak-collection\/","name":"Collection OOAK - Caesarstone Canada","isPartOf":{"@id":"https:\/\/www.caesarstone.ca\/fr\/#website"},"primaryImageOfPage":{"@id":"https:\/\/www.caesarstone.ca\/fr\/ooak-collection\/#primaryimage"},"image":{"@id":"https:\/\/www.caesarstone.ca\/fr\/ooak-collection\/#primaryimage"},"thumbnailUrl":"https:\/\/www.caesarstone.ca\/wp-content\/uploads\/sites\/5\/2024\/04\/5152_Goldfinch_Render2_1920x1080-1-4.jpg","datePublished":"2024-04-29T17:22:20+00:00","dateModified":"2024-09-24T22:48:51+00:00","description":"OOAK Collection. Laissez-vous inspirer et d\u00e9couvrez votre propre style personnel. Cliquez pour explorer d'excellentes id\u00e9es de comptoirs et styles de design de Caesarstone Canada.","breadcrumb":{"@id":"https:\/\/www.caesarstone.ca\/fr\/ooak-collection\/#breadcrumb"},"inLanguage":"fr-CA","potentialAction":[{"@type":"ReadAction","target":["https:\/\/www.caesarstone.ca\/fr\/ooak-collection\/"]}]},{"@type":"ImageObject","inLanguage":"fr-CA","@id":"https:\/\/www.caesarstone.ca\/fr\/ooak-collection\/#primaryimage","url":"https:\/\/www.caesarstone.ca\/wp-content\/uploads\/sites\/5\/2024\/04\/5152_Goldfinch_Render2_1920x1080-1-4.jpg","contentUrl":"https:\/\/www.caesarstone.ca\/wp-content\/uploads\/sites\/5\/2024\/04\/5152_Goldfinch_Render2_1920x1080-1-4.jpg","width":1778,"height":1000,"caption":"5152 Goldfinch"},{"@type":"BreadcrumbList","@id":"https:\/\/www.caesarstone.ca\/fr\/ooak-collection\/#breadcrumb","itemListElement":[{"@type":"ListItem","position":1,"name":"Home","item":"https:\/\/www.caesarstone.ca\/fr\/"},{"@type":"ListItem","position":2,"name":"OOAK Collection"}]},{"@type":"WebSite","@id":"https:\/\/www.caesarstone.ca\/fr\/#website","url":"https:\/\/www.caesarstone.ca\/fr\/","name":"Caesarstone Canada","description":"Life in Stone","publisher":{"@id":"https:\/\/www.caesarstone.ca\/fr\/#organization"},"potentialAction":[{"@type":"SearchAction","target":{"@type":"EntryPoint","urlTemplate":"https:\/\/www.caesarstone.ca\/fr\/?s={search_term_string}"},"query-input":{"@type":"PropertyValueSpecification","valueRequired":true,"valueName":"search_term_string"}}],"inLanguage":"fr-CA"},{"@type":"Organization","@id":"https:\/\/www.caesarstone.ca\/fr\/#organization","name":"Caesarstone Canada","url":"https:\/\/www.caesarstone.ca\/fr\/","logo":{"@type":"ImageObject","inLanguage":"fr-CA","@id":"https:\/\/www.caesarstone.ca\/fr\/#\/schema\/logo\/image\/","url":"https:\/\/www.caesarstone.ca\/wp-content\/uploads\/sites\/5\/2026\/03\/Caesarstone_logo.jpg","contentUrl":"https:\/\/www.caesarstone.ca\/wp-content\/uploads\/sites\/5\/2026\/03\/Caesarstone_logo.jpg","width":1000,"height":158,"caption":"Caesarstone Canada"},"image":{"@id":"https:\/\/www.caesarstone.ca\/fr\/#\/schema\/logo\/image\/"},"sameAs":["https:\/\/www.facebook.com\/CaesarstoneCA","https:\/\/www.instagram.com\/caesarstoneca\/","https:\/\/www.linkedin.com\/company\/caesarstone-canada\/","https:\/\/www.youtube.com\/@CaesarstoneNA"]}]}},"_links":{"self":[{"href":"https:\/\/www.caesarstone.ca\/fr\/wp-json\/wp\/v2\/pages\/72537","targetHints":{"allow":["GET"]}}],"collection":[{"href":"https:\/\/www.caesarstone.ca\/fr\/wp-json\/wp\/v2\/pages"}],"about":[{"href":"https:\/\/www.caesarstone.ca\/fr\/wp-json\/wp\/v2\/types\/page"}],"author":[{"embeddable":true,"href":"https:\/\/www.caesarstone.ca\/fr\/wp-json\/wp\/v2\/users\/6064"}],"replies":[{"embeddable":true,"href":"https:\/\/www.caesarstone.ca\/fr\/wp-json\/wp\/v2\/comments?post=72537"}],"version-history":[{"count":54,"href":"https:\/\/www.caesarstone.ca\/fr\/wp-json\/wp\/v2\/pages\/72537\/revisions"}],"predecessor-version":[{"id":75953,"href":"https:\/\/www.caesarstone.ca\/fr\/wp-json\/wp\/v2\/pages\/72537\/revisions\/75953"}],"acf:post":[{"embeddable":true,"href":"https:\/\/www.caesarstone.ca\/fr\/wp-json\/wp\/v2\/catalog\/71560"},{"embeddable":true,"href":"https:\/\/www.caesarstone.ca\/fr\/wp-json\/wp\/v2\/catalog\/71561"},{"embeddable":true,"href":"https:\/\/www.caesarstone.ca\/fr\/wp-json\/wp\/v2\/catalog\/71425"},{"embeddable":true,"href":"https:\/\/www.caesarstone.ca\/fr\/wp-json\/wp\/v2\/catalog\/71562"},{"embeddable":true,"href":"https:\/\/www.caesarstone.ca\/fr\/wp-json\/wp\/v2\/catalog\/71426"},{"embeddable":true,"href":"https:\/\/www.caesarstone.ca\/fr\/wp-json\/wp\/v2\/catalog\/71597"},{"embeddable":true,"href":"https:\/\/www.caesarstone.ca\/fr\/wp-json\/wp\/v2\/catalog\/71596"},{"embeddable":true,"href":"https:\/\/www.caesarstone.ca\/fr\/wp-json\/wp\/v2\/catalog\/71567"},{"embeddable":true,"href":"https:\/\/www.caesarstone.ca\/fr\/wp-json\/wp\/v2\/catalog\/71599"},{"embeddable":true,"href":"https:\/\/www.caesarstone.ca\/fr\/wp-json\/wp\/v2\/catalog\/71600"},{"embeddable":true,"href":"https:\/\/www.caesarstone.ca\/fr\/wp-json\/wp\/v2\/catalog\/71565"},{"embeddable":true,"href":"https:\/\/www.caesarstone.ca\/fr\/wp-json\/wp\/v2\/catalog\/71602"},{"embeddable":true,"href":"https:\/\/www.caesarstone.ca\/fr\/wp-json\/wp\/v2\/catalog\/71553"}],"wp:featuredmedia":[{"embeddable":true,"href":"https:\/\/www.caesarstone.ca\/fr\/wp-json\/wp\/v2\/media\/72754"}],"wp:attachment":[{"href":"https:\/\/www.caesarstone.ca\/fr\/wp-json\/wp\/v2\/media?parent=72537"}],"curies":[{"name":"wp","href":"https:\/\/api.w.org\/{rel}","templated":true}]}}