{"id":74991,"date":"2024-07-18T01:55:11","date_gmt":"2024-07-18T07:55:11","guid":{"rendered":"https:\/\/www.caesarstone.ca\/?page_id=74991"},"modified":"2025-12-23T15:10:26","modified_gmt":"2025-12-23T22:10:26","slug":"home-page-fr","status":"publish","type":"page","link":"https:\/\/www.caesarstone.ca\/fr\/","title":{"rendered":"Home Page FR"},"content":{"rendered":"","protected":false},"excerpt":{"rendered":"","protected":false},"author":7,"featured_media":0,"parent":0,"menu_order":0,"comment_status":"closed","ping_status":"closed","template":"front-page.php","meta":{"_acf_changed":false,"footnotes":""},"class_list":["post-74991","page","type-page","status-publish","hentry"],"acf":{"from_news":{"title":"","items":[{"quote":"","company":"","role":"","image":83544,"url":""},{"quote":"","company":"","role":"","image":83546,"url":""},{"quote":"","company":"","role":"","image":83548,"url":""},{"quote":"","company":"","role":"","image":83550,"url":""}]},"hero":{"items":[{"image":80430,"mobile_image":80428,"video_url":"https:\/\/vimeo.com\/1091739592","mobile_video_url":"https:\/\/vimeo.com\/1092385766","contents_non_video":{"title":"","link":null},"contents_video":[{"title":"La collection 2025 ICON de Caesarstone","link":{"title":"Regardez de plus pr\u00e8s","url":"https:\/\/www.caesarstone.ca\/fr\/caesarstone-icon-2025-collection\/","target":""},"start":0,"end":100}],"is_content_reverse":false,"pagination_title":"*Plongez au c\u0153ur<br>de la collection 2025*","is_dark":false},{"image":78331,"mobile_image":78333,"video_url":"https:\/\/vimeo.com\/1078587109","mobile_video_url":"https:\/\/vimeo.com\/1079096771","contents_non_video":{"title":"","link":null},"contents_video":[{"title":"Concevez sans aucun regret","link":{"title":"Explorez davantage","url":"https:\/\/www.caesarstone.ca\/icon\/","target":""},"start":0,"end":100}],"is_content_reverse":false,"pagination_title":"*Caesarstone ICON. <br>Faites un choix iconique pour l\u2019avenir.*","is_dark":false},{"image":67199,"mobile_image":67201,"video_url":"https:\/\/vimeo.com\/979930278","mobile_video_url":"https:\/\/vimeo.com\/843775783?share","contents_non_video":{"title":"Caesarstone se soucie de la sant\u00e9 et de la s\u00e9curit\u00e9.","link":{"title":"D\u00e9couvrez nos actions","url":"https:\/\/mos.caesarstone.ca\/fr\/page-d-accueil\/lobby-collection\/sant%C3%A9-et-s%C3%A9curit%C3%A9\/","target":""}},"contents_video":[{"title":"Planifiez-le. Sp\u00e9cifiez-le.<br>Cr\u00e9ez-le.","link":{"title":"Inscrivez-vous d\u00e8s aujourd\u2019hui ","url":"https:\/\/csstudio.caesarstone.ca\/fr\/","target":""},"start":0,"end":100}],"is_content_reverse":false,"pagination_title":"*Caesarstone Studio.<br>Le compagnon num\u00e9rique des professionnels.*","is_dark":false},{"image":74858,"mobile_image":74854,"video_url":"","mobile_video_url":"https:\/\/vimeo.com\/1079096771","contents_non_video":{"title":"Caesarstone se soucie de la sant\u00e9 et de la s\u00e9curit\u00e9.","link":{"title":"D\u00e9couvrez nos actions","url":"https:\/\/mos.caesarstone.ca\/fr\/page-d-accueil\/lobby-collection\/sant%C3%A9-et-s%C3%A9curit%C3%A9\/","target":""}},"contents_video":[{"title":"Concevez sans aucun regret","link":{"title":"Explorez davantage","url":"https:\/\/www.caesarstone.ca\/icon\/","target":""},"start":0,"end":100}],"is_content_reverse":false,"pagination_title":"*Caesarstone se soucie<br>de la sant\u00e9 et de la s\u00e9curit\u00e9..*","is_dark":false}]},"intro":{"title":"Votre r\u00eave grav\u00e9 dans la pierre","content":"Depuis plus de 30 ans, nous concevons les comptoirs les plus fiables en alliant un design exquis \u00e0 une durabilit\u00e9 optimale. Joignez-vous \u00e0 nous sur ce chemin de partenariat et de cr\u00e9ativit\u00e9, pour r\u00e9aliser votre r\u00eave avec le comptoir qui lui donne vie.\r\n\r\n","link":{"title":"Catalogue de couleurs","url":"https:\/\/www.caesarstone.ca\/fr\/countertops\/","target":""}},"intro_carousel":[{"color":3977,"image":null},{"color":4071,"image":null},{"color":58155,"image":null},{"color":4061,"image":null},{"color":3997,"image":null},{"color":56619,"image":null},{"color":56603,"image":null},{"color":56622,"image":null},{"color":56621,"image":null}],"image_accordion":{"image":74860,"title":"Voyez votre comptoir prendre vie","desc":"D\u00e9couvrez des outils conviviaux pour visualiser et s\u00e9lectionner votre comptoir id\u00e9al.\r\nExplorez, \u00e9chantillonnez et trouvez sans effort votre comptoir parfait.","show_icons":false,"items":[{"collapse_icon":false,"title":"View In Room","content":"<p data-start=\"39\" data-end=\"201\">\u00a0T\u00e9l\u00e9versez la photo de votre pi\u00e8ce pour voir les surfaces Caesarstone prendre vie \u2014 simple, inspirant et pr\u00eat \u00e0 faciliter votre d\u00e9cision.<\/p>\r\n<p data-start=\"203\" data-end=\"361\"><\/p>","link":{"title":"View In Room","url":"#roomvo-visualizer","target":""}},{"collapse_icon":false,"title":"O\u00f9 acheter","content":"<p data-start=\"39\" data-end=\"137\">Trouvez des d\u00e9taillants, fabricants et salles d\u2019exposition dans votre r\u00e9gion.<\/p>\r\n<p data-start=\"139\" data-end=\"261\"><\/p>","link":{"title":"O\u00f9 acheter","url":"https:\/\/www.caesarstone.ca\/fr\/ou-acheter-nos-produits\/","target":""}},{"collapse_icon":false,"title":"Order sample","content":"<p data-start=\"139\" data-end=\"261\">D\u00e9couvrez votre nouveau comptoir avec notre kit d\u2019\u00e9chantillons.<br data-start=\"221\" data-end=\"224\" \/>Choisissez la couleur et commandez.<\/p>\r\n<p data-start=\"263\" data-end=\"319\" data-is-last-node=\"\" data-is-only-node=\"\"><\/p>","link":{"title":"Choisir &amp; commander","url":"https:\/\/www.caesarstone.ca\/fr\/countertops\/","target":""}}]},"collection_slider":{"title":"En savoir plus\r\n\u00e0 propos de C\u00e9sarstone","cards":[{"image":74866,"title":"Nouveau! Rapport de d\u00e9veloppement durable 2023","desc":"Notre excellence environnementale, sociale et de gouvernance (ESG) est ancr\u00e9e dans tout ce que nous faisons, comme le d\u00e9montre notre rapport d\u2019\u00e9tape ESG.","link":{"title":"Durabilit\u00e9 ","url":"https:\/\/www.caesarstone.ca\/fr\/sustainability\/","target":""}},{"image":75303,"title":"Choisissez Caesarstone","desc":"Nous sommes \u00e0 la t\u00eate de l\u2019innovation des surfaces depuis 1987, pouss\u00e9s par notre passion du design et notre puissance technologique de pointe.","link":{"title":"Pourquoi choisir Caesarstone","url":"https:\/\/www.caesarstone.ca\/fr\/pourquoi-choisir-caesarstone\/","target":""}},{"image":74862,"title":"Nos finis","desc":"Caesarstone offre une vari\u00e9t\u00e9 de six finitions, habillant la surface d'une mani\u00e8re qui fait ressortir le meilleur de la conception tout en garantissant qu'elle reste durable sans avoir besoin de mastics ou de cire.","link":{"title":"Caract\u00e9ristiques et design","url":"https:\/\/www.caesarstone.ca\/fr\/caracteristiques-et-design\/","target":""}}]},"image_paragraph":{"title":"Notre garantie \u00e0 vie*,\r\nvotre tranquillit\u00e9 d\u2019esprit.","content":"Nous allons au-del\u00e0 de l\u2019excellence pour que vous soyez assur\u00e9 que votre surface demeure prot\u00e9g\u00e9e, durable et d\u2019une beaut\u00e9 intemporelle.","link":{"title":"Notre garantie \u00e0 vie","url":"https:\/\/www.caesarstone.ca\/fr\/garantie\/","target":""},"image":74868,"icon":74870},"wide_video":{"title":"","image":null,"mobile_image":null,"show_video":false,"video_url":"","mobile_video_url":""},"testimonials_slider":{"title":"D\u00e9couvrez ce que les gens disent de Caesarstone","link":"","cards":[{"title":"Ellen Bennett","image":43503,"desc":"Fondatrice et directrice g\u00e9n\u00e9rale, Hedley &amp; Bennett\r\n","is_color":false,"link":{"title":"T\u00e9moignages et avis","url":"https:\/\/www.caesarstone.ca\/fr\/temoignages-et-commentaires-sur-caesarstone\/","target":""},"color":null,"video_url":"https:\/\/youtu.be\/9XQMUSwG8vI"},{"title":"Camille Styles","image":3168,"desc":"Fondatrice, camillestyles.com\r\n","is_color":false,"link":{"title":"T\u00e9moignages et avis","url":"https:\/\/www.caesarstone.ca\/testimonials-and-reviews\/","target":""},"color":null,"video_url":"https:\/\/youtu.be\/ANUw_aepMi4"},{"title":"Sid Kim","image":75014,"desc":"Fondateur et directeur g\u00e9n\u00e9ral, Vatos Urban Tacos\r\n","is_color":false,"link":{"title":"T\u00e9moignages et avis","url":"https:\/\/www.caesarstone.ca\/testimonials-and-reviews\/","target":""},"color":null,"video_url":"https:\/\/www.youtube.com\/watch?v=Fx7R98Cmls4"}]},"cs_related_posts":{"title":"","link":"","articles":"","show_pagination":false,"show_arrows":true,"space_desktop":{"top":0,"bottom":0},"space_mobile":{"top":0,"bottom":0},"background":"#f7f7f7","text_color":"#252525"},"related_post_card":{"title":"","desc":"","image":null,"video_url":""}},"yoast_head":"<!-- This site is optimized with the Yoast SEO Premium plugin v27.2 (Yoast SEO v27.2) - https:\/\/yoast.com\/product\/yoast-seo-premium-wordpress\/ -->\n<title>Quartz &amp; Porcelain Countertop Surfaces | Caesarstone Canada<\/title>\n<meta name=\"description\" content=\"Durable surfaces in timeless designs, by Caesarstone Canada, the quartz countertop pioneer since 1987, now available in porcelain material.\" \/>\n<meta name=\"robots\" content=\"index, follow, max-snippet:-1, max-image-preview:large, max-video-preview:-1\" \/>\n<link rel=\"canonical\" href=\"https:\/\/www.caesarstone.ca\/fr\/\" \/>\n<meta property=\"og:locale\" content=\"fr_CA\" \/>\n<meta property=\"og:type\" content=\"article\" \/>\n<meta property=\"og:title\" content=\"Home Page FR\" \/>\n<meta property=\"og:description\" content=\"Durable surfaces in timeless designs, by Caesarstone Canada, the quartz countertop pioneer since 1987, now available in porcelain material.\" \/>\n<meta property=\"og:url\" content=\"https:\/\/www.caesarstone.ca\/fr\/\" \/>\n<meta property=\"og:site_name\" content=\"Caesarstone Canada\" \/>\n<meta property=\"article:publisher\" content=\"https:\/\/www.facebook.com\/CaesarstoneCA\" \/>\n<meta property=\"article:modified_time\" content=\"2025-12-23T22:10:26+00:00\" \/>\n<meta name=\"twitter:card\" content=\"summary_large_image\" \/>\n<script type=\"application\/ld+json\" class=\"yoast-schema-graph\">{\"@context\":\"https:\/\/schema.org\",\"@graph\":[{\"@type\":\"WebPage\",\"@id\":\"https:\/\/www.caesarstone.ca\/fr\/\",\"url\":\"https:\/\/www.caesarstone.ca\/fr\/\",\"name\":\"Quartz & Porcelain Countertop Surfaces | Caesarstone Canada\",\"isPartOf\":{\"@id\":\"https:\/\/www.caesarstone.ca\/fr\/#website\"},\"datePublished\":\"2024-07-18T07:55:11+00:00\",\"dateModified\":\"2025-12-23T22:10:26+00:00\",\"description\":\"Durable surfaces in timeless designs, by Caesarstone Canada, the quartz countertop pioneer since 1987, now available in porcelain material.\",\"breadcrumb\":{\"@id\":\"https:\/\/www.caesarstone.ca\/fr\/#breadcrumb\"},\"inLanguage\":\"fr-CA\",\"potentialAction\":[{\"@type\":\"ReadAction\",\"target\":[\"https:\/\/www.caesarstone.ca\/fr\/\"]}]},{\"@type\":\"BreadcrumbList\",\"@id\":\"https:\/\/www.caesarstone.ca\/fr\/#breadcrumb\",\"itemListElement\":[{\"@type\":\"ListItem\",\"position\":1,\"name\":\"Home\",\"item\":\"https:\/\/www.caesarstone.ca\/fr\/\"},{\"@type\":\"ListItem\",\"position\":2,\"name\":\"Home Page FR\"}]},{\"@type\":\"WebSite\",\"@id\":\"https:\/\/www.caesarstone.ca\/fr\/#website\",\"url\":\"https:\/\/www.caesarstone.ca\/fr\/\",\"name\":\"Caesarstone Canada\",\"description\":\"Life in Stone\",\"publisher\":{\"@id\":\"https:\/\/www.caesarstone.ca\/fr\/#organization\"},\"potentialAction\":[{\"@type\":\"SearchAction\",\"target\":{\"@type\":\"EntryPoint\",\"urlTemplate\":\"https:\/\/www.caesarstone.ca\/fr\/?s={search_term_string}\"},\"query-input\":{\"@type\":\"PropertyValueSpecification\",\"valueRequired\":true,\"valueName\":\"search_term_string\"}}],\"inLanguage\":\"fr-CA\"},{\"@type\":\"Organization\",\"@id\":\"https:\/\/www.caesarstone.ca\/fr\/#organization\",\"name\":\"Caesarstone Canada\",\"url\":\"https:\/\/www.caesarstone.ca\/fr\/\",\"logo\":{\"@type\":\"ImageObject\",\"inLanguage\":\"fr-CA\",\"@id\":\"https:\/\/www.caesarstone.ca\/fr\/#\/schema\/logo\/image\/\",\"url\":\"https:\/\/www.caesarstone.ca\/wp-content\/uploads\/sites\/5\/2026\/03\/Caesarstone_logo.jpg\",\"contentUrl\":\"https:\/\/www.caesarstone.ca\/wp-content\/uploads\/sites\/5\/2026\/03\/Caesarstone_logo.jpg\",\"width\":1000,\"height\":158,\"caption\":\"Caesarstone Canada\"},\"image\":{\"@id\":\"https:\/\/www.caesarstone.ca\/fr\/#\/schema\/logo\/image\/\"},\"sameAs\":[\"https:\/\/www.facebook.com\/CaesarstoneCA\",\"https:\/\/www.instagram.com\/caesarstoneca\/\",\"https:\/\/www.linkedin.com\/company\/caesarstone-canada\/\",\"https:\/\/www.youtube.com\/@CaesarstoneNA\"]}]}<\/script>\n<!-- \/ Yoast SEO Premium plugin. -->","yoast_head_json":{"title":"Quartz & Porcelain Countertop Surfaces | Caesarstone Canada","description":"Durable surfaces in timeless designs, by Caesarstone Canada, the quartz countertop pioneer since 1987, now available in porcelain material.","robots":{"index":"index","follow":"follow","max-snippet":"max-snippet:-1","max-image-preview":"max-image-preview:large","max-video-preview":"max-video-preview:-1"},"canonical":"https:\/\/www.caesarstone.ca\/fr\/","og_locale":"fr_CA","og_type":"article","og_title":"Home Page FR","og_description":"Durable surfaces in timeless designs, by Caesarstone Canada, the quartz countertop pioneer since 1987, now available in porcelain material.","og_url":"https:\/\/www.caesarstone.ca\/fr\/","og_site_name":"Caesarstone Canada","article_publisher":"https:\/\/www.facebook.com\/CaesarstoneCA","article_modified_time":"2025-12-23T22:10:26+00:00","twitter_card":"summary_large_image","schema":{"@context":"https:\/\/schema.org","@graph":[{"@type":"WebPage","@id":"https:\/\/www.caesarstone.ca\/fr\/","url":"https:\/\/www.caesarstone.ca\/fr\/","name":"Quartz & Porcelain Countertop Surfaces | Caesarstone Canada","isPartOf":{"@id":"https:\/\/www.caesarstone.ca\/fr\/#website"},"datePublished":"2024-07-18T07:55:11+00:00","dateModified":"2025-12-23T22:10:26+00:00","description":"Durable surfaces in timeless designs, by Caesarstone Canada, the quartz countertop pioneer since 1987, now available in porcelain material.","breadcrumb":{"@id":"https:\/\/www.caesarstone.ca\/fr\/#breadcrumb"},"inLanguage":"fr-CA","potentialAction":[{"@type":"ReadAction","target":["https:\/\/www.caesarstone.ca\/fr\/"]}]},{"@type":"BreadcrumbList","@id":"https:\/\/www.caesarstone.ca\/fr\/#breadcrumb","itemListElement":[{"@type":"ListItem","position":1,"name":"Home","item":"https:\/\/www.caesarstone.ca\/fr\/"},{"@type":"ListItem","position":2,"name":"Home Page FR"}]},{"@type":"WebSite","@id":"https:\/\/www.caesarstone.ca\/fr\/#website","url":"https:\/\/www.caesarstone.ca\/fr\/","name":"Caesarstone Canada","description":"Life in Stone","publisher":{"@id":"https:\/\/www.caesarstone.ca\/fr\/#organization"},"potentialAction":[{"@type":"SearchAction","target":{"@type":"EntryPoint","urlTemplate":"https:\/\/www.caesarstone.ca\/fr\/?s={search_term_string}"},"query-input":{"@type":"PropertyValueSpecification","valueRequired":true,"valueName":"search_term_string"}}],"inLanguage":"fr-CA"},{"@type":"Organization","@id":"https:\/\/www.caesarstone.ca\/fr\/#organization","name":"Caesarstone Canada","url":"https:\/\/www.caesarstone.ca\/fr\/","logo":{"@type":"ImageObject","inLanguage":"fr-CA","@id":"https:\/\/www.caesarstone.ca\/fr\/#\/schema\/logo\/image\/","url":"https:\/\/www.caesarstone.ca\/wp-content\/uploads\/sites\/5\/2026\/03\/Caesarstone_logo.jpg","contentUrl":"https:\/\/www.caesarstone.ca\/wp-content\/uploads\/sites\/5\/2026\/03\/Caesarstone_logo.jpg","width":1000,"height":158,"caption":"Caesarstone Canada"},"image":{"@id":"https:\/\/www.caesarstone.ca\/fr\/#\/schema\/logo\/image\/"},"sameAs":["https:\/\/www.facebook.com\/CaesarstoneCA","https:\/\/www.instagram.com\/caesarstoneca\/","https:\/\/www.linkedin.com\/company\/caesarstone-canada\/","https:\/\/www.youtube.com\/@CaesarstoneNA"]}]}},"_links":{"self":[{"href":"https:\/\/www.caesarstone.ca\/fr\/wp-json\/wp\/v2\/pages\/74991","targetHints":{"allow":["GET"]}}],"collection":[{"href":"https:\/\/www.caesarstone.ca\/fr\/wp-json\/wp\/v2\/pages"}],"about":[{"href":"https:\/\/www.caesarstone.ca\/fr\/wp-json\/wp\/v2\/types\/page"}],"author":[{"embeddable":true,"href":"https:\/\/www.caesarstone.ca\/fr\/wp-json\/wp\/v2\/users\/7"}],"replies":[{"embeddable":true,"href":"https:\/\/www.caesarstone.ca\/fr\/wp-json\/wp\/v2\/comments?post=74991"}],"version-history":[{"count":31,"href":"https:\/\/www.caesarstone.ca\/fr\/wp-json\/wp\/v2\/pages\/74991\/revisions"}],"predecessor-version":[{"id":83562,"href":"https:\/\/www.caesarstone.ca\/fr\/wp-json\/wp\/v2\/pages\/74991\/revisions\/83562"}],"wp:attachment":[{"href":"https:\/\/www.caesarstone.ca\/fr\/wp-json\/wp\/v2\/media?parent=74991"}],"curies":[{"name":"wp","href":"https:\/\/api.w.org\/{rel}","templated":true}]}}