{"id":78356,"date":"2025-03-10T07:50:30","date_gmt":"2025-03-10T13:50:30","guid":{"rendered":"https:\/\/www.caesarstone.ca\/?page_id=78356"},"modified":"2026-01-14T01:56:38","modified_gmt":"2026-01-14T08:56:38","slug":"icon","status":"publish","type":"page","link":"https:\/\/www.caesarstone.ca\/fr\/icon\/","title":{"rendered":"Caesarstone ICON &#8211; surfaces sup\u00e9rieures de mat\u00e9riaux fusionn\u00e9s"},"content":{"rendered":"","protected":false},"excerpt":{"rendered":"","protected":false},"author":6071,"featured_media":0,"parent":0,"menu_order":0,"comment_status":"closed","ping_status":"closed","template":"templates\/icon-lp.php","meta":{"_acf_changed":false,"footnotes":""},"class_list":["post-78356","page","type-page","status-publish","hentry"],"acf":{"text_typing":{"text":"Caesarstone poursuit son r\u00f4le de pionni\u00e8re dans l\u2019industrie et propose des innovations avant-gardistes. Servez-vous de cr\u00e9ations \u00e9blouissantes et \u00e9coresponsables pour donner vie \u00e0 votre style personnel."},"vertical_gallery":{"show_section":true,"items":[{"image":78335,"image_with_logos":null,"background_image":78337,"title":"Un int\u00e9rieur soign\u00e9 avec des surfaces en mat\u00e9riaux recycl\u00e9s","content":"Nous fabriquons nos surfaces sup\u00e9rieures de mat\u00e9riaux fusionn\u00e9s avec environ 80\u00a0% de mat\u00e9riaux recycl\u00e9s, y compris du verre recycl\u00e9 post-industriel de qualit\u00e9 sup\u00e9rieure, et nous \u00e9tablissons ainsi une nouvelle norme en mati\u00e8re de durabilit\u00e9.","logos":null,"link":""},{"image":78339,"image_with_logos":78341,"background_image":78343,"title":"Surfaces sans silice cristalline*","content":"Gr\u00e2ce \u00e0 des technologies de pointe, nos surfaces de fusion sans silice cristalline respectent les normes de fabrication les plus strictes de Caesarstone, surpassant ainsi les tests rigoureux de l'industrie et de s\u00e9curit\u00e9.\r\n\r\n*Peut contenir des traces de moins de 1 % de silice cristalline","logos":null,"link":""},{"image":78345,"image_with_logos":null,"background_image":78347,"title":"La qualit\u00e9 distincte de Caesarstone associ\u00e9e \u00e0 une conception embl\u00e9matique","content":"Nos nouvelles surfaces r\u00e9volutionnaires, dot\u00e9es de caract\u00e9ristiques innovantes, permettent d\u2019optimiser les possibilit\u00e9s de conception et d\u2019offrir une profondeur et une transparence sans pr\u00e9c\u00e9dent.","logos":null,"link":""}]},"color_strip":{"show_section":true,"title":"Restez \u00e0 l\u2019aff\u00fbt, car nous d\u00e9voilerons tout au long de l\u2019ann\u00e9e de nouveaux mod\u00e8les.","items":[79586,79589]},"animated_cards":{"show_section":true,"text_color":false,"title":"Prenez une d\u00e9cision symbolique","bg_image":78350,"mobile_bg_image":78352,"items":[{"title":"Surfaces sup\u00e9rieures de mat\u00e9riaux fusionn\u00e9s","content":"M\u00e9lange unique en instance de brevet contenant moins de 1 % de silice cristalline. Combinaison de mat\u00e9riaux innovants et de mat\u00e9riaux recycl\u00e9s.","logos":null},{"title":"Mat\u00e9riaux recycl\u00e9s de premi\u00e8re qualit\u00e9","content":"Composants recycl\u00e9s de haute qualit\u00e9 soigneusement s\u00e9lectionn\u00e9s.","logos":null},{"title":"Technologie de pointe","content":"Con\u00e7u avec une innovation de pointe pour red\u00e9finir les surfaces modernes.","logos":null},{"title":"Rendement sup\u00e9rieur \u00e0 celui de tout autre mat\u00e9riau de surface","content":"Offre une solidit\u00e9 et une r\u00e9sistance aux chocs in\u00e9gal\u00e9es ainsi qu\u2019un entretien facile.","logos":null},{"title":"Une fabrication exemplaire","content":"Offre une qualit\u00e9 et une pr\u00e9cision exceptionnelles.","logos":null},{"title":"Test\u00e9 par des sp\u00e9cialistes","content":"Conforme aux normes de qualit\u00e9 et de fabrication les plus strictes de Caesarstone, cette surface satisfait aux tests les plus rigoureux de l\u2019industrie, y compris en mati\u00e8re de s\u00e9curit\u00e9.\r\n\r\n<em>*Peut contenir des traces de silice cristalline inf\u00e9rieures \u00e0 1\u00a0%.<\/em>","logos":null},{"title":"Garantie \u00e0 vie","content":"Durabilit\u00e9 garantie pour une utilisation \u00e0 vie.","logos":null},{"title":"Cheffe de file de l\u2019industrie","content":"Pionni\u00e8re de l\u2019industrie des surfaces depuis 1987.","logos":null}]},"bottom_color_strip":{"show_section":false,"title":"","items":[79586,79589]},"faqs":{"title":"","tags":[],"results_limit":5},"video":{"show_section":true,"title":"L\u2019innovation \u00e0 l\u2019origine de tout","subtitle":"Voyez par vous-m\u00eame comment nous menons la r\u00e9volution pour l\u2019absence de silice cristalline gr\u00e2ce \u00e0 nos nouvelles surfaces Caesarstone Icon.","image":null,"show_video":true,"video_url":"https:\/\/vimeo.com\/1079120604","mobile_video_url":"https:\/\/vimeo.com\/1079120604"},"related_articles":{"show_section":false,"title":"","description":"","link":"","items":null},"icons_links":{"title":"","items":null},"hero":{"items":[{"image":78331,"mobile_image":78333,"video_url":"https:\/\/vimeo.com\/1061699819","mobile_video_url":"https:\/\/vimeo.com\/1061700129","contents":[{"title":"","link":""}]}]},"related_post_card":{"title":"","desc":"","image":null,"video_url":""}},"yoast_head":"<!-- This site is optimized with the Yoast SEO Premium plugin v27.2 (Yoast SEO v27.2) - https:\/\/yoast.com\/product\/yoast-seo-premium-wordpress\/ -->\n<title>Caesarstone ICON - surfaces sup\u00e9rieures de mat\u00e9riaux fusionn\u00e9s - Caesarstone Canada<\/title>\n<meta name=\"description\" content=\"Caesarstone ICON - surfaces sup\u00e9rieures de mat\u00e9riaux fusionn\u00e9s. Get inspired and discover your own personal style. Click, to explore great countertop ideas and design styles from Caesarstone Canada.\" \/>\n<meta name=\"robots\" content=\"index, follow, max-snippet:-1, max-image-preview:large, max-video-preview:-1\" \/>\n<link rel=\"canonical\" href=\"https:\/\/www.caesarstone.ca\/fr\/icon\/\" \/>\n<meta property=\"og:locale\" content=\"fr_CA\" \/>\n<meta property=\"og:type\" content=\"article\" \/>\n<meta property=\"og:title\" content=\"Caesarstone ICON - surfaces sup\u00e9rieures de mat\u00e9riaux fusionn\u00e9s\" \/>\n<meta property=\"og:description\" content=\"Caesarstone ICON - surfaces sup\u00e9rieures de mat\u00e9riaux fusionn\u00e9s. Get inspired and discover your own personal style. Click, to explore great countertop ideas and design styles from Caesarstone Canada.\" \/>\n<meta property=\"og:url\" content=\"https:\/\/www.caesarstone.ca\/fr\/icon\/\" \/>\n<meta property=\"og:site_name\" content=\"Caesarstone Canada\" \/>\n<meta property=\"article:publisher\" content=\"https:\/\/www.facebook.com\/CaesarstoneCA\" \/>\n<meta property=\"article:modified_time\" content=\"2026-01-14T08:56:38+00:00\" \/>\n<meta name=\"twitter:card\" content=\"summary_large_image\" \/>\n<script type=\"application\/ld+json\" class=\"yoast-schema-graph\">{\"@context\":\"https:\/\/schema.org\",\"@graph\":[{\"@type\":\"WebPage\",\"@id\":\"https:\/\/www.caesarstone.ca\/fr\/icon\/\",\"url\":\"https:\/\/www.caesarstone.ca\/fr\/icon\/\",\"name\":\"Caesarstone ICON - surfaces sup\u00e9rieures de mat\u00e9riaux fusionn\u00e9s - Caesarstone Canada\",\"isPartOf\":{\"@id\":\"https:\/\/www.caesarstone.ca\/fr\/#website\"},\"datePublished\":\"2025-03-10T13:50:30+00:00\",\"dateModified\":\"2026-01-14T08:56:38+00:00\",\"description\":\"Caesarstone ICON - surfaces sup\u00e9rieures de mat\u00e9riaux fusionn\u00e9s. Get inspired and discover your own personal style. Click, to explore great countertop ideas and design styles from Caesarstone Canada.\",\"breadcrumb\":{\"@id\":\"https:\/\/www.caesarstone.ca\/fr\/icon\/#breadcrumb\"},\"inLanguage\":\"fr-CA\",\"potentialAction\":[{\"@type\":\"ReadAction\",\"target\":[\"https:\/\/www.caesarstone.ca\/fr\/icon\/\"]}]},{\"@type\":\"BreadcrumbList\",\"@id\":\"https:\/\/www.caesarstone.ca\/fr\/icon\/#breadcrumb\",\"itemListElement\":[{\"@type\":\"ListItem\",\"position\":1,\"name\":\"Home\",\"item\":\"https:\/\/www.caesarstone.ca\/fr\/\"},{\"@type\":\"ListItem\",\"position\":2,\"name\":\"Caesarstone ICON &#8211; surfaces sup\u00e9rieures de mat\u00e9riaux fusionn\u00e9s\"}]},{\"@type\":\"WebSite\",\"@id\":\"https:\/\/www.caesarstone.ca\/fr\/#website\",\"url\":\"https:\/\/www.caesarstone.ca\/fr\/\",\"name\":\"Caesarstone Canada\",\"description\":\"Life in Stone\",\"publisher\":{\"@id\":\"https:\/\/www.caesarstone.ca\/fr\/#organization\"},\"potentialAction\":[{\"@type\":\"SearchAction\",\"target\":{\"@type\":\"EntryPoint\",\"urlTemplate\":\"https:\/\/www.caesarstone.ca\/fr\/?s={search_term_string}\"},\"query-input\":{\"@type\":\"PropertyValueSpecification\",\"valueRequired\":true,\"valueName\":\"search_term_string\"}}],\"inLanguage\":\"fr-CA\"},{\"@type\":\"Organization\",\"@id\":\"https:\/\/www.caesarstone.ca\/fr\/#organization\",\"name\":\"Caesarstone Canada\",\"url\":\"https:\/\/www.caesarstone.ca\/fr\/\",\"logo\":{\"@type\":\"ImageObject\",\"inLanguage\":\"fr-CA\",\"@id\":\"https:\/\/www.caesarstone.ca\/fr\/#\/schema\/logo\/image\/\",\"url\":\"https:\/\/www.caesarstone.ca\/wp-content\/uploads\/sites\/5\/2026\/03\/Caesarstone_logo.jpg\",\"contentUrl\":\"https:\/\/www.caesarstone.ca\/wp-content\/uploads\/sites\/5\/2026\/03\/Caesarstone_logo.jpg\",\"width\":1000,\"height\":158,\"caption\":\"Caesarstone Canada\"},\"image\":{\"@id\":\"https:\/\/www.caesarstone.ca\/fr\/#\/schema\/logo\/image\/\"},\"sameAs\":[\"https:\/\/www.facebook.com\/CaesarstoneCA\",\"https:\/\/www.instagram.com\/caesarstoneca\/\",\"https:\/\/www.linkedin.com\/company\/caesarstone-canada\/\",\"https:\/\/www.youtube.com\/@CaesarstoneNA\"]}]}<\/script>\n<!-- \/ Yoast SEO Premium plugin. -->","yoast_head_json":{"title":"Caesarstone ICON - surfaces sup\u00e9rieures de mat\u00e9riaux fusionn\u00e9s - Caesarstone Canada","description":"Caesarstone ICON - surfaces sup\u00e9rieures de mat\u00e9riaux fusionn\u00e9s. Get inspired and discover your own personal style. Click, to explore great countertop ideas and design styles from Caesarstone Canada.","robots":{"index":"index","follow":"follow","max-snippet":"max-snippet:-1","max-image-preview":"max-image-preview:large","max-video-preview":"max-video-preview:-1"},"canonical":"https:\/\/www.caesarstone.ca\/fr\/icon\/","og_locale":"fr_CA","og_type":"article","og_title":"Caesarstone ICON - surfaces sup\u00e9rieures de mat\u00e9riaux fusionn\u00e9s","og_description":"Caesarstone ICON - surfaces sup\u00e9rieures de mat\u00e9riaux fusionn\u00e9s. Get inspired and discover your own personal style. Click, to explore great countertop ideas and design styles from Caesarstone Canada.","og_url":"https:\/\/www.caesarstone.ca\/fr\/icon\/","og_site_name":"Caesarstone Canada","article_publisher":"https:\/\/www.facebook.com\/CaesarstoneCA","article_modified_time":"2026-01-14T08:56:38+00:00","twitter_card":"summary_large_image","schema":{"@context":"https:\/\/schema.org","@graph":[{"@type":"WebPage","@id":"https:\/\/www.caesarstone.ca\/fr\/icon\/","url":"https:\/\/www.caesarstone.ca\/fr\/icon\/","name":"Caesarstone ICON - surfaces sup\u00e9rieures de mat\u00e9riaux fusionn\u00e9s - Caesarstone Canada","isPartOf":{"@id":"https:\/\/www.caesarstone.ca\/fr\/#website"},"datePublished":"2025-03-10T13:50:30+00:00","dateModified":"2026-01-14T08:56:38+00:00","description":"Caesarstone ICON - surfaces sup\u00e9rieures de mat\u00e9riaux fusionn\u00e9s. Get inspired and discover your own personal style. Click, to explore great countertop ideas and design styles from Caesarstone Canada.","breadcrumb":{"@id":"https:\/\/www.caesarstone.ca\/fr\/icon\/#breadcrumb"},"inLanguage":"fr-CA","potentialAction":[{"@type":"ReadAction","target":["https:\/\/www.caesarstone.ca\/fr\/icon\/"]}]},{"@type":"BreadcrumbList","@id":"https:\/\/www.caesarstone.ca\/fr\/icon\/#breadcrumb","itemListElement":[{"@type":"ListItem","position":1,"name":"Home","item":"https:\/\/www.caesarstone.ca\/fr\/"},{"@type":"ListItem","position":2,"name":"Caesarstone ICON &#8211; surfaces sup\u00e9rieures de mat\u00e9riaux fusionn\u00e9s"}]},{"@type":"WebSite","@id":"https:\/\/www.caesarstone.ca\/fr\/#website","url":"https:\/\/www.caesarstone.ca\/fr\/","name":"Caesarstone Canada","description":"Life in Stone","publisher":{"@id":"https:\/\/www.caesarstone.ca\/fr\/#organization"},"potentialAction":[{"@type":"SearchAction","target":{"@type":"EntryPoint","urlTemplate":"https:\/\/www.caesarstone.ca\/fr\/?s={search_term_string}"},"query-input":{"@type":"PropertyValueSpecification","valueRequired":true,"valueName":"search_term_string"}}],"inLanguage":"fr-CA"},{"@type":"Organization","@id":"https:\/\/www.caesarstone.ca\/fr\/#organization","name":"Caesarstone Canada","url":"https:\/\/www.caesarstone.ca\/fr\/","logo":{"@type":"ImageObject","inLanguage":"fr-CA","@id":"https:\/\/www.caesarstone.ca\/fr\/#\/schema\/logo\/image\/","url":"https:\/\/www.caesarstone.ca\/wp-content\/uploads\/sites\/5\/2026\/03\/Caesarstone_logo.jpg","contentUrl":"https:\/\/www.caesarstone.ca\/wp-content\/uploads\/sites\/5\/2026\/03\/Caesarstone_logo.jpg","width":1000,"height":158,"caption":"Caesarstone Canada"},"image":{"@id":"https:\/\/www.caesarstone.ca\/fr\/#\/schema\/logo\/image\/"},"sameAs":["https:\/\/www.facebook.com\/CaesarstoneCA","https:\/\/www.instagram.com\/caesarstoneca\/","https:\/\/www.linkedin.com\/company\/caesarstone-canada\/","https:\/\/www.youtube.com\/@CaesarstoneNA"]}]}},"_links":{"self":[{"href":"https:\/\/www.caesarstone.ca\/fr\/wp-json\/wp\/v2\/pages\/78356","targetHints":{"allow":["GET"]}}],"collection":[{"href":"https:\/\/www.caesarstone.ca\/fr\/wp-json\/wp\/v2\/pages"}],"about":[{"href":"https:\/\/www.caesarstone.ca\/fr\/wp-json\/wp\/v2\/types\/page"}],"author":[{"embeddable":true,"href":"https:\/\/www.caesarstone.ca\/fr\/wp-json\/wp\/v2\/users\/6071"}],"replies":[{"embeddable":true,"href":"https:\/\/www.caesarstone.ca\/fr\/wp-json\/wp\/v2\/comments?post=78356"}],"version-history":[{"count":17,"href":"https:\/\/www.caesarstone.ca\/fr\/wp-json\/wp\/v2\/pages\/78356\/revisions"}],"predecessor-version":[{"id":83797,"href":"https:\/\/www.caesarstone.ca\/fr\/wp-json\/wp\/v2\/pages\/78356\/revisions\/83797"}],"wp:attachment":[{"href":"https:\/\/www.caesarstone.ca\/fr\/wp-json\/wp\/v2\/media?parent=78356"}],"curies":[{"name":"wp","href":"https:\/\/api.w.org\/{rel}","templated":true}]}}