{"id":80442,"date":"2025-07-15T02:20:46","date_gmt":"2025-07-15T08:20:46","guid":{"rendered":"https:\/\/www.caesarstone.ca\/?page_id=80442"},"modified":"2026-03-03T15:31:44","modified_gmt":"2026-03-03T22:31:44","slug":"caesarstone-icon-2025-collection","status":"publish","type":"page","link":"https:\/\/www.caesarstone.ca\/fr\/caesarstone-icon-2025-collection\/","title":{"rendered":"Caesarstone ICON\u2122 2025 collection"},"content":{"rendered":"","protected":false},"excerpt":{"rendered":"","protected":false},"author":7,"featured_media":0,"parent":0,"menu_order":0,"comment_status":"closed","ping_status":"closed","template":"templates\/collection-master.php","meta":{"_acf_changed":false,"footnotes":""},"class_list":["post-80442","page","type-page","status-publish","hentry"],"acf":{"show_intro":true,"intro":{"title":"Innover aujourd\u2019hui pour un avenir plus durable.\r\n","content":"Forte de plusieurs d\u00e9cennies d\u2019engagement en faveur de l\u2019excellence en mati\u00e8re de conception et de qualit\u00e9, Caesarstone a con\u00e7u Caesarstone ICON\u2122, une collection de produits compos\u00e9s \u00e0 environ 85 % de mat\u00e9riaux recycl\u00e9s et r\u00e9sistants \u00e0 un usage quotidien intensif.","link":{"title":" Consultez notre catalogue","url":"https:\/\/www.caesarstone.ca\/fr\/countertops\/?material=surfaces-de-materiaux-fusionnes","target":""},"large_image":84617,"image":80505},"show_intro_paragraph":false,"intro_paragraph":{"title":"","content":"","link":null},"show_text_typing":false,"text_typing":{"text":""},"show_upper_gallery":false,"upper_gallery":[{"use_dynamic_data":false,"catalog_item":[79586],"dynamic_data":{"upper_text":"","upper_desc":"","title":"","link":null},"render_image":80426,"slab_image":80351,"is_white":false},{"use_dynamic_data":false,"catalog_item":[79589],"dynamic_data":{"upper_text":"","upper_desc":"","title":"","link":null},"render_image":80422,"slab_image":80371,"is_white":false},{"use_dynamic_data":false,"catalog_item":[80013],"dynamic_data":{"upper_text":"","upper_desc":"","title":"","link":null},"render_image":84617,"slab_image":84619,"is_white":false}],"show_technical_information":true,"technical_information":{"title":" Explorez la collection en profondeur","items":[{"catalog_item":[79586],"desc":"La surface Clearlight pr\u00e9sente un motif blanc os et de d\u00e9licates veinures gris clair qui s\u2019estompent doucement en arri\u00e8re-plan, ce qui offre une esth\u00e9tique sereine et intemporelle. Les d\u00e9licates lignes grises produisent un soup\u00e7on de texture unique et rehaussent le relief authentique du mod\u00e8le, en plus de d\u00e9gager une ambiance calme et paisible dans n\u2019importe quelle pi\u00e8ce.","link_1":"","link_2":"","frame_url":"https:\/\/app.vectary.com\/p\/5TWFO311ghHjc1dzUIDguT"},{"catalog_item":[79589],"desc":"Une base inspir\u00e9e des profondeurs marines, parsem\u00e9e de mousse cr\u00e9meuse et de veinures d\u2019algues sombres qui s\u2019estompent en des nuages gris fum\u00e9. Sa texture organique conf\u00e8re une \u00e9nergie sophistiqu\u00e9e et naturelle \u00e0 tous les int\u00e9rieurs, en plus de s\u2019harmoniser parfaitement avec les d\u00e9cors traditionnels et modernes.","link_1":"","link_2":"","frame_url":"https:\/\/app.vectary.com\/p\/1ZfZBUr6YD9YKD16kOcDRU"},{"catalog_item":[80013],"desc":"La surface Calacatta Nobella allie la beaut\u00e9 intemporelle du marbre \u00e0 un effet spectaculaire de veinures gris clair, que de chaleureuses nuances cuivr\u00e9es mettent en valeur. Cette surface embl\u00e9matique insuffle une \u00e9nergie dynamique et un contraste luxueux aux int\u00e9rieurs modernes et traditionnels. De plus, elle s\u2019harmonise aussi parfaitement \u00e0 des tons neutres \u00e9pur\u00e9s qu\u2019\u00e0 des finitions en bois textur\u00e9.","link_1":"","link_2":"","frame_url":"https:\/\/app.vectary.com\/p\/6NA2B4Ss6bVLj99n5mKDHb"}]},"show_lower_gallery":false,"lower_gallery":null,"show_paragraph_logos":true,"paragraph_logos":{"title":"D\u00e9couvrez d\u2019autres cr\u00e9ations de Caesarstone ICON\u2122\r\n","content":"Con\u00e7ues gr\u00e2ce \u00e0 des d\u00e9cennies d\u2019engagement envers un design exceptionnel et une qualit\u00e9 sup\u00e9rieure, les surfaces avanc\u00e9es Caesarstone ICON sont sans* silice cristalline et fabriqu\u00e9es avec environ 85 % de mat\u00e9riaux recycl\u00e9s. Elles r\u00e9sistent \u00e0 toutes les exigences d\u2019une vie pleinement v\u00e9cue. *Peut contenir des traces de silice cristalline inf\u00e9rieures \u00e0 1 %.","link":{"title":"Explorez notre nouveau mat\u00e9riaux","url":"https:\/\/www.caesarstone.ca\/fr\/icon\/","target":""},"logos":[80540,80538]},"show_color_strip":true,"color_strip":[79586,79589,80013],"show_technologies":false,"technologies":{"title":"","content":"","cards":null},"show_benefits":false,"benefits":{"hide":false,"title":"","items":null},"show_technologies_collection":false,"technologies_collection":{"title":"","cards":null},"show_paragraph_single":true,"paragraph_single":{"title":"La v\u00e9ritable beaut\u00e9 se trouve sous la surface.\r\n","content":"Inspir\u00e9e de la beaut\u00e9 brute de la nature et compos\u00e9e \u00e0 environ 85 % de mat\u00e9riaux recycl\u00e9s, la collection ICON de Caesarstone 2025 est l\u00e9g\u00e8rement translucide et d\u00e9gage une subtile luminosit\u00e9 int\u00e9rieure. *Peut contenir des traces de silice cristalline inf\u00e9rieures \u00e0 1 %.","link":{"title":"Voir toute la collection","url":"https:\/\/www.caesarstone.ca\/fr\/countertops\/?material=surfaces-de-materiaux-fusionnes","target":""},"image":80438,"mobile_image":80436},"show_quote":true,"quote":{"title":"Notre nouvelle collection donne une touche translucide \u00e0 des textures harmonieuses dans une palette de couleurs apaisantes qui s\u2019inspirent de la brume, du clair de lune, de l\u2019\u00e9cume de mer et des pierres pr\u00e9cieuses.","image":80510,"mobile_image":80505},"show_services":false,"services":null,"video":{"show_section":true,"title":"Optez pour un choix iconique pour l\u2019avenir","subtitle":"","image":null,"show_video":true,"video_url":"https:\/\/vimeo.com\/1091730340","mobile_video_url":""},"related_articles":{"show_section":false,"title":"","description":"","link":"","items":""},"faq":{"show_section":true,"title":"FAQ","items":[{"title":"Qu\u2019est-ce que Caesarstone ICON?","content":"<strong>Icon de Caesarstone<\/strong> est une nouvelle marque pour <strong>notre derni\u00e8re innovation en mati\u00e8re de technologie des surfaces<\/strong> \u2013 les surfaces sophistiqu\u00e9es de mat\u00e9riaux fusionn\u00e9s. Ces surfaces r\u00e9volutionnaires sont fabriqu\u00e9es \u00e0 partir d\u2019un m\u00e9lange unique qui contient environ 85 % de mat\u00e9riaux recycl\u00e9s et des mat\u00e9riaux innovants sophistiqu\u00e9s. Caesarstone Icon est sans silice cristalline* et \u00e9tablit une nouvelle r\u00e9f\u00e9rence en mati\u00e8re de durabilit\u00e9, d\u2019esth\u00e9tique et de performance dans l\u2019industrie des surfaces.\r\n<ul data-start=\"269\" data-end=\"581\">\r\n \t<li data-start=\"269\" data-end=\"364\">\r\n<p data-start=\"271\" data-end=\"364\">M\u00e9lange unique en instance de brevet contenant moins de 1 % de silice cristalline.<\/p>\r\n<\/li>\r\n \t<li data-start=\"365\" data-end=\"441\">\r\n<p data-start=\"367\" data-end=\"441\"><strong data-start=\"367\" data-end=\"380\">Durable :<\/strong> M\u00e9lange de mat\u00e9riaux innovants et de mat\u00e9riaux recycl\u00e9s<\/p>\r\n<\/li>\r\n \t<li data-start=\"442\" data-end=\"581\">\r\n<p data-start=\"444\" data-end=\"581\"><strong data-start=\"444\" data-end=\"457\">Superbes : <\/strong>Le nouveau m\u00e9lange nous permet d\u2019optimiser les possibilit\u00e9s de conception, y compris la profondeur et la transparence.<\/p>\r\n<\/li>\r\n<\/ul>","link":""},{"title":"Que sont les surfaces sophistiqu\u00e9es de mat\u00e9riaux fusionn\u00e9s? ","content":"Le dernier cri de notre technologie en mati\u00e8re de surfaces repose sur un<strong> m\u00e9lange de mat\u00e9riaux sans silice cristalline, en instance de brevet<\/strong>\u00a0: une formule unique qui \u00e9tablit une nouvelle norme en mati\u00e8re d\u2019innovation et de durabilit\u00e9. Ce mat\u00e9riau sophistiqu\u00e9 se compose d\u2019un <strong>m\u00e9lange exclusif d\u2019ingr\u00e9dients innovants et de contenu recycl\u00e9<\/strong>, con\u00e7u pour satisfaire aux besoins en constante \u00e9volution de l\u2019industrie, sans toutefois compromettre le rendement ou l\u2019esth\u00e9tique.\r\n\r\nNous ne pouvons pas divulguer tous les d\u00e9tails de sa composition en raison de sa <strong>nature d\u00e9licate sur le plan commercial<\/strong>, mais nous pouvons confirmer que ce mat\u00e9riau r\u00e9volutionnaire est con\u00e7u selon <strong>le m\u00eame proc\u00e9d\u00e9 de fabrication \u00e9prouv\u00e9 et utilis\u00e9 pour les surfaces traditionnelles en quartz<\/strong>, ce qui en garantit l\u2019uniformit\u00e9, la qualit\u00e9 et le caract\u00e8re \u00e9volutif, et ce, dans <strong>toutes les installations de production \u00e0 l\u2019\u00e9chelle mondiale<\/strong>.\r\n\r\nNous pr\u00e9voyons d\u2019obtenir les <strong>brevets pour cette technologie et ses mati\u00e8res premi\u00e8res<\/strong> d\u2019ici un \u00e0 deux ans, ce qui renforcera notre engagement envers l\u2019innovation continue et notre position avant-gardiste au sein de l\u2019industrie.","link":""},{"title":"Les surfaces Caesarstone Icon sont-elles respectueuses de l\u2019environnement?","content":"<strong>Oui, Caesarstone ICON est l\u2019un des produits les plus respectueux de l\u2019environnement offerts sur le march\u00e9 aujourd\u2019hui.<\/strong>\r\n\r\nFabriqu\u00e9s \u00e0 partir d\u2019environ <strong>85 % de mat\u00e9riaux recycl\u00e9s<\/strong>, les produits de la collection Caesarstone ICON sont soigneusement con\u00e7us pour r\u00e9duire l\u2019impact environnemental sans faire de compromis sur le rendement ou le style.\r\n\r\nLa collection Caesarstone ICON est \u00e9galement <strong>certifi\u00e9e selon des normes rigoureuses en mati\u00e8re de durabilit\u00e9<\/strong>, ce qui refl\u00e8te notre engagement envers une fabrication responsable et une gestion environnementale \u00e0 long terme.\r\n\r\n** M\u00e9lange unique en instance de brevet contenant moins de 1 % de silice cristalline.","link":""},{"title":"Les surfaces Caesarstone ICON contiennent-elles toutes des mat\u00e9riaux recycl\u00e9s? ","content":"Oui, toutes les surfaces ICON de Caesarstone contiennent environ 85 % de mat\u00e9riaux recycl\u00e9s.\u00a0 **M\u00e9lange unique en instance de brevet contenant moins de 1 % de silice cristalline.","link":""}],"link":""},"show_closing_cta":false,"closing_cta":{"title":"","items":null},"show_cta":false,"ctas":null,"use_geniq_logo":false,"hero":{"items":[{"image":80510,"mobile_image":80534,"video_url":"https:\/\/vimeo.com\/1101463825","mobile_video_url":"https:\/\/vimeo.com\/1101464194","contents":[{"title":"","link":""}]}]},"related_post_card":{"title":"","desc":"","image":null,"video_url":""}},"yoast_head":"<!-- This site is optimized with the Yoast SEO Premium plugin v27.2 (Yoast SEO v27.2) - https:\/\/yoast.com\/product\/yoast-seo-premium-wordpress\/ -->\n<title>Caesarstone ICON\u2122 2025 collection - Caesarstone Canada<\/title>\n<meta name=\"description\" content=\"Caesarstone ICON\u2122 2025 collection. Get inspired and discover your own personal style. Click, to explore great countertop ideas and design styles from Caesarstone Canada.\" \/>\n<meta name=\"robots\" content=\"index, follow, max-snippet:-1, max-image-preview:large, max-video-preview:-1\" \/>\n<link rel=\"canonical\" href=\"https:\/\/www.caesarstone.ca\/fr\/caesarstone-icon-2025-collection\/\" \/>\n<meta property=\"og:locale\" content=\"fr_CA\" \/>\n<meta property=\"og:type\" content=\"article\" \/>\n<meta property=\"og:title\" content=\"Caesarstone ICON\u2122 2025 collection\" \/>\n<meta property=\"og:description\" content=\"Caesarstone ICON\u2122 2025 collection. Get inspired and discover your own personal style. Click, to explore great countertop ideas and design styles from Caesarstone Canada.\" \/>\n<meta property=\"og:url\" content=\"https:\/\/www.caesarstone.ca\/fr\/caesarstone-icon-2025-collection\/\" \/>\n<meta property=\"og:site_name\" content=\"Caesarstone Canada\" \/>\n<meta property=\"article:publisher\" content=\"https:\/\/www.facebook.com\/CaesarstoneCA\" \/>\n<meta property=\"article:modified_time\" content=\"2026-03-03T22:31:44+00:00\" \/>\n<meta name=\"twitter:card\" content=\"summary_large_image\" \/>\n<script type=\"application\/ld+json\" class=\"yoast-schema-graph\">{\"@context\":\"https:\/\/schema.org\",\"@graph\":[{\"@type\":\"WebPage\",\"@id\":\"https:\/\/www.caesarstone.ca\/fr\/caesarstone-icon-2025-collection\/\",\"url\":\"https:\/\/www.caesarstone.ca\/fr\/caesarstone-icon-2025-collection\/\",\"name\":\"Caesarstone ICON\u2122 2025 collection - Caesarstone Canada\",\"isPartOf\":{\"@id\":\"https:\/\/www.caesarstone.ca\/fr\/#website\"},\"datePublished\":\"2025-07-15T08:20:46+00:00\",\"dateModified\":\"2026-03-03T22:31:44+00:00\",\"description\":\"Caesarstone ICON\u2122 2025 collection. Get inspired and discover your own personal style. Click, to explore great countertop ideas and design styles from Caesarstone Canada.\",\"breadcrumb\":{\"@id\":\"https:\/\/www.caesarstone.ca\/fr\/caesarstone-icon-2025-collection\/#breadcrumb\"},\"inLanguage\":\"fr-CA\",\"potentialAction\":[{\"@type\":\"ReadAction\",\"target\":[\"https:\/\/www.caesarstone.ca\/fr\/caesarstone-icon-2025-collection\/\"]}]},{\"@type\":\"BreadcrumbList\",\"@id\":\"https:\/\/www.caesarstone.ca\/fr\/caesarstone-icon-2025-collection\/#breadcrumb\",\"itemListElement\":[{\"@type\":\"ListItem\",\"position\":1,\"name\":\"Home\",\"item\":\"https:\/\/www.caesarstone.ca\/fr\/\"},{\"@type\":\"ListItem\",\"position\":2,\"name\":\"Caesarstone ICON\u2122 2025 collection\"}]},{\"@type\":\"WebSite\",\"@id\":\"https:\/\/www.caesarstone.ca\/fr\/#website\",\"url\":\"https:\/\/www.caesarstone.ca\/fr\/\",\"name\":\"Caesarstone Canada\",\"description\":\"Life in Stone\",\"publisher\":{\"@id\":\"https:\/\/www.caesarstone.ca\/fr\/#organization\"},\"potentialAction\":[{\"@type\":\"SearchAction\",\"target\":{\"@type\":\"EntryPoint\",\"urlTemplate\":\"https:\/\/www.caesarstone.ca\/fr\/?s={search_term_string}\"},\"query-input\":{\"@type\":\"PropertyValueSpecification\",\"valueRequired\":true,\"valueName\":\"search_term_string\"}}],\"inLanguage\":\"fr-CA\"},{\"@type\":\"Organization\",\"@id\":\"https:\/\/www.caesarstone.ca\/fr\/#organization\",\"name\":\"Caesarstone Canada\",\"url\":\"https:\/\/www.caesarstone.ca\/fr\/\",\"logo\":{\"@type\":\"ImageObject\",\"inLanguage\":\"fr-CA\",\"@id\":\"https:\/\/www.caesarstone.ca\/fr\/#\/schema\/logo\/image\/\",\"url\":\"https:\/\/www.caesarstone.ca\/wp-content\/uploads\/sites\/5\/2026\/03\/Caesarstone_logo.jpg\",\"contentUrl\":\"https:\/\/www.caesarstone.ca\/wp-content\/uploads\/sites\/5\/2026\/03\/Caesarstone_logo.jpg\",\"width\":1000,\"height\":158,\"caption\":\"Caesarstone Canada\"},\"image\":{\"@id\":\"https:\/\/www.caesarstone.ca\/fr\/#\/schema\/logo\/image\/\"},\"sameAs\":[\"https:\/\/www.facebook.com\/CaesarstoneCA\",\"https:\/\/www.instagram.com\/caesarstoneca\/\",\"https:\/\/www.linkedin.com\/company\/caesarstone-canada\/\",\"https:\/\/www.youtube.com\/@CaesarstoneNA\"]}]}<\/script>\n<!-- \/ Yoast SEO Premium plugin. -->","yoast_head_json":{"title":"Caesarstone ICON\u2122 2025 collection - Caesarstone Canada","description":"Caesarstone ICON\u2122 2025 collection. Get inspired and discover your own personal style. Click, to explore great countertop ideas and design styles from Caesarstone Canada.","robots":{"index":"index","follow":"follow","max-snippet":"max-snippet:-1","max-image-preview":"max-image-preview:large","max-video-preview":"max-video-preview:-1"},"canonical":"https:\/\/www.caesarstone.ca\/fr\/caesarstone-icon-2025-collection\/","og_locale":"fr_CA","og_type":"article","og_title":"Caesarstone ICON\u2122 2025 collection","og_description":"Caesarstone ICON\u2122 2025 collection. Get inspired and discover your own personal style. Click, to explore great countertop ideas and design styles from Caesarstone Canada.","og_url":"https:\/\/www.caesarstone.ca\/fr\/caesarstone-icon-2025-collection\/","og_site_name":"Caesarstone Canada","article_publisher":"https:\/\/www.facebook.com\/CaesarstoneCA","article_modified_time":"2026-03-03T22:31:44+00:00","twitter_card":"summary_large_image","schema":{"@context":"https:\/\/schema.org","@graph":[{"@type":"WebPage","@id":"https:\/\/www.caesarstone.ca\/fr\/caesarstone-icon-2025-collection\/","url":"https:\/\/www.caesarstone.ca\/fr\/caesarstone-icon-2025-collection\/","name":"Caesarstone ICON\u2122 2025 collection - Caesarstone Canada","isPartOf":{"@id":"https:\/\/www.caesarstone.ca\/fr\/#website"},"datePublished":"2025-07-15T08:20:46+00:00","dateModified":"2026-03-03T22:31:44+00:00","description":"Caesarstone ICON\u2122 2025 collection. Get inspired and discover your own personal style. Click, to explore great countertop ideas and design styles from Caesarstone Canada.","breadcrumb":{"@id":"https:\/\/www.caesarstone.ca\/fr\/caesarstone-icon-2025-collection\/#breadcrumb"},"inLanguage":"fr-CA","potentialAction":[{"@type":"ReadAction","target":["https:\/\/www.caesarstone.ca\/fr\/caesarstone-icon-2025-collection\/"]}]},{"@type":"BreadcrumbList","@id":"https:\/\/www.caesarstone.ca\/fr\/caesarstone-icon-2025-collection\/#breadcrumb","itemListElement":[{"@type":"ListItem","position":1,"name":"Home","item":"https:\/\/www.caesarstone.ca\/fr\/"},{"@type":"ListItem","position":2,"name":"Caesarstone ICON\u2122 2025 collection"}]},{"@type":"WebSite","@id":"https:\/\/www.caesarstone.ca\/fr\/#website","url":"https:\/\/www.caesarstone.ca\/fr\/","name":"Caesarstone Canada","description":"Life in Stone","publisher":{"@id":"https:\/\/www.caesarstone.ca\/fr\/#organization"},"potentialAction":[{"@type":"SearchAction","target":{"@type":"EntryPoint","urlTemplate":"https:\/\/www.caesarstone.ca\/fr\/?s={search_term_string}"},"query-input":{"@type":"PropertyValueSpecification","valueRequired":true,"valueName":"search_term_string"}}],"inLanguage":"fr-CA"},{"@type":"Organization","@id":"https:\/\/www.caesarstone.ca\/fr\/#organization","name":"Caesarstone Canada","url":"https:\/\/www.caesarstone.ca\/fr\/","logo":{"@type":"ImageObject","inLanguage":"fr-CA","@id":"https:\/\/www.caesarstone.ca\/fr\/#\/schema\/logo\/image\/","url":"https:\/\/www.caesarstone.ca\/wp-content\/uploads\/sites\/5\/2026\/03\/Caesarstone_logo.jpg","contentUrl":"https:\/\/www.caesarstone.ca\/wp-content\/uploads\/sites\/5\/2026\/03\/Caesarstone_logo.jpg","width":1000,"height":158,"caption":"Caesarstone Canada"},"image":{"@id":"https:\/\/www.caesarstone.ca\/fr\/#\/schema\/logo\/image\/"},"sameAs":["https:\/\/www.facebook.com\/CaesarstoneCA","https:\/\/www.instagram.com\/caesarstoneca\/","https:\/\/www.linkedin.com\/company\/caesarstone-canada\/","https:\/\/www.youtube.com\/@CaesarstoneNA"]}]}},"_links":{"self":[{"href":"https:\/\/www.caesarstone.ca\/fr\/wp-json\/wp\/v2\/pages\/80442","targetHints":{"allow":["GET"]}}],"collection":[{"href":"https:\/\/www.caesarstone.ca\/fr\/wp-json\/wp\/v2\/pages"}],"about":[{"href":"https:\/\/www.caesarstone.ca\/fr\/wp-json\/wp\/v2\/types\/page"}],"author":[{"embeddable":true,"href":"https:\/\/www.caesarstone.ca\/fr\/wp-json\/wp\/v2\/users\/7"}],"replies":[{"embeddable":true,"href":"https:\/\/www.caesarstone.ca\/fr\/wp-json\/wp\/v2\/comments?post=80442"}],"version-history":[{"count":23,"href":"https:\/\/www.caesarstone.ca\/fr\/wp-json\/wp\/v2\/pages\/80442\/revisions"}],"predecessor-version":[{"id":84636,"href":"https:\/\/www.caesarstone.ca\/fr\/wp-json\/wp\/v2\/pages\/80442\/revisions\/84636"}],"acf:post":[{"embeddable":true,"href":"https:\/\/www.caesarstone.ca\/fr\/wp-json\/wp\/v2\/catalog\/80013"},{"embeddable":true,"href":"https:\/\/www.caesarstone.ca\/fr\/wp-json\/wp\/v2\/catalog\/79589"},{"embeddable":true,"href":"https:\/\/www.caesarstone.ca\/fr\/wp-json\/wp\/v2\/catalog\/79586"}],"wp:attachment":[{"href":"https:\/\/www.caesarstone.ca\/fr\/wp-json\/wp\/v2\/media?parent=80442"}],"curies":[{"name":"wp","href":"https:\/\/api.w.org\/{rel}","templated":true}]}}