{"id":81712,"date":"2025-09-04T12:42:25","date_gmt":"2025-09-04T18:42:25","guid":{"rendered":"https:\/\/www.caesarstone.ca\/?page_id=81712"},"modified":"2025-12-23T15:11:57","modified_gmt":"2025-12-23T22:11:57","slug":"solution-revetements-de-sol","status":"publish","type":"page","link":"https:\/\/www.caesarstone.ca\/fr\/solution-revetements-de-sol\/","title":{"rendered":"Solution Rev\u00eatements de sol"},"content":{"rendered":"","protected":false},"excerpt":{"rendered":"","protected":false},"author":6071,"featured_media":0,"parent":0,"menu_order":0,"comment_status":"closed","ping_status":"closed","template":"templates\/solution.php","meta":{"_acf_changed":false,"footnotes":""},"class_list":["post-81712","page","type-page","status-publish","hentry"],"acf":{"related_post_card":{"title":"","desc":"","image":null,"video_url":""}},"yoast_head":"<!-- This site is optimized with the Yoast SEO Premium plugin v27.2 (Yoast SEO v27.2) - https:\/\/yoast.com\/product\/yoast-seo-premium-wordpress\/ -->\n<title>Solution Rev\u00eatements de sol - Caesarstone Canada<\/title>\n<meta name=\"description\" content=\"Lioli de Caesarstone \u2013 rev\u00eatement de plancher en porcelaine de haute performance pour dedans et dehors. Tr\u00e8s durable, non poreux, antid\u00e9rapant (Safe-Grip), respectueux de l\u2019environnement et facile \u00e0 nettoyer.\" \/>\n<meta name=\"robots\" content=\"index, follow, max-snippet:-1, max-image-preview:large, max-video-preview:-1\" \/>\n<link rel=\"canonical\" href=\"https:\/\/www.caesarstone.ca\/fr\/solution-revetements-de-sol\/\" \/>\n<meta property=\"og:locale\" content=\"fr_CA\" \/>\n<meta property=\"og:type\" content=\"article\" \/>\n<meta property=\"og:title\" content=\"Solution Rev\u00eatements de sol\" \/>\n<meta property=\"og:description\" content=\"Lioli de Caesarstone \u2013 rev\u00eatement de plancher en porcelaine de haute performance pour dedans et dehors. Tr\u00e8s durable, non poreux, antid\u00e9rapant (Safe-Grip), respectueux de l\u2019environnement et facile \u00e0 nettoyer.\" \/>\n<meta property=\"og:url\" content=\"https:\/\/www.caesarstone.ca\/fr\/solution-revetements-de-sol\/\" \/>\n<meta property=\"og:site_name\" content=\"Caesarstone Canada\" \/>\n<meta property=\"article:publisher\" content=\"https:\/\/www.facebook.com\/CaesarstoneCA\" \/>\n<meta property=\"article:modified_time\" content=\"2025-12-23T22:11:57+00:00\" \/>\n<meta name=\"twitter:card\" content=\"summary_large_image\" \/>\n<script type=\"application\/ld+json\" class=\"yoast-schema-graph\">{\"@context\":\"https:\/\/schema.org\",\"@graph\":[{\"@type\":\"WebPage\",\"@id\":\"https:\/\/www.caesarstone.ca\/fr\/solution-revetements-de-sol\/\",\"url\":\"https:\/\/www.caesarstone.ca\/fr\/solution-revetements-de-sol\/\",\"name\":\"Solution Rev\u00eatements de sol - Caesarstone Canada\",\"isPartOf\":{\"@id\":\"https:\/\/www.caesarstone.ca\/fr\/#website\"},\"datePublished\":\"2025-09-04T18:42:25+00:00\",\"dateModified\":\"2025-12-23T22:11:57+00:00\",\"description\":\"Lioli de Caesarstone \u2013 rev\u00eatement de plancher en porcelaine de haute performance pour dedans et dehors. Tr\u00e8s durable, non poreux, antid\u00e9rapant (Safe-Grip), respectueux de l\u2019environnement et facile \u00e0 nettoyer.\",\"breadcrumb\":{\"@id\":\"https:\/\/www.caesarstone.ca\/fr\/solution-revetements-de-sol\/#breadcrumb\"},\"inLanguage\":\"fr-CA\",\"potentialAction\":[{\"@type\":\"ReadAction\",\"target\":[\"https:\/\/www.caesarstone.ca\/fr\/solution-revetements-de-sol\/\"]}]},{\"@type\":\"BreadcrumbList\",\"@id\":\"https:\/\/www.caesarstone.ca\/fr\/solution-revetements-de-sol\/#breadcrumb\",\"itemListElement\":[{\"@type\":\"ListItem\",\"position\":1,\"name\":\"Home\",\"item\":\"https:\/\/www.caesarstone.ca\/fr\/\"},{\"@type\":\"ListItem\",\"position\":2,\"name\":\"Solution Rev\u00eatements de sol\"}]},{\"@type\":\"WebSite\",\"@id\":\"https:\/\/www.caesarstone.ca\/fr\/#website\",\"url\":\"https:\/\/www.caesarstone.ca\/fr\/\",\"name\":\"Caesarstone Canada\",\"description\":\"Life in Stone\",\"publisher\":{\"@id\":\"https:\/\/www.caesarstone.ca\/fr\/#organization\"},\"potentialAction\":[{\"@type\":\"SearchAction\",\"target\":{\"@type\":\"EntryPoint\",\"urlTemplate\":\"https:\/\/www.caesarstone.ca\/fr\/?s={search_term_string}\"},\"query-input\":{\"@type\":\"PropertyValueSpecification\",\"valueRequired\":true,\"valueName\":\"search_term_string\"}}],\"inLanguage\":\"fr-CA\"},{\"@type\":\"Organization\",\"@id\":\"https:\/\/www.caesarstone.ca\/fr\/#organization\",\"name\":\"Caesarstone Canada\",\"url\":\"https:\/\/www.caesarstone.ca\/fr\/\",\"logo\":{\"@type\":\"ImageObject\",\"inLanguage\":\"fr-CA\",\"@id\":\"https:\/\/www.caesarstone.ca\/fr\/#\/schema\/logo\/image\/\",\"url\":\"https:\/\/www.caesarstone.ca\/wp-content\/uploads\/sites\/5\/2026\/03\/Caesarstone_logo.jpg\",\"contentUrl\":\"https:\/\/www.caesarstone.ca\/wp-content\/uploads\/sites\/5\/2026\/03\/Caesarstone_logo.jpg\",\"width\":1000,\"height\":158,\"caption\":\"Caesarstone Canada\"},\"image\":{\"@id\":\"https:\/\/www.caesarstone.ca\/fr\/#\/schema\/logo\/image\/\"},\"sameAs\":[\"https:\/\/www.facebook.com\/CaesarstoneCA\",\"https:\/\/www.instagram.com\/caesarstoneca\/\",\"https:\/\/www.linkedin.com\/company\/caesarstone-canada\/\",\"https:\/\/www.youtube.com\/@CaesarstoneNA\"]}]}<\/script>\n<!-- \/ Yoast SEO Premium plugin. -->","yoast_head_json":{"title":"Solution Rev\u00eatements de sol - Caesarstone Canada","description":"Lioli de Caesarstone \u2013 rev\u00eatement de plancher en porcelaine de haute performance pour dedans et dehors. Tr\u00e8s durable, non poreux, antid\u00e9rapant (Safe-Grip), respectueux de l\u2019environnement et facile \u00e0 nettoyer.","robots":{"index":"index","follow":"follow","max-snippet":"max-snippet:-1","max-image-preview":"max-image-preview:large","max-video-preview":"max-video-preview:-1"},"canonical":"https:\/\/www.caesarstone.ca\/fr\/solution-revetements-de-sol\/","og_locale":"fr_CA","og_type":"article","og_title":"Solution Rev\u00eatements de sol","og_description":"Lioli de Caesarstone \u2013 rev\u00eatement de plancher en porcelaine de haute performance pour dedans et dehors. Tr\u00e8s durable, non poreux, antid\u00e9rapant (Safe-Grip), respectueux de l\u2019environnement et facile \u00e0 nettoyer.","og_url":"https:\/\/www.caesarstone.ca\/fr\/solution-revetements-de-sol\/","og_site_name":"Caesarstone Canada","article_publisher":"https:\/\/www.facebook.com\/CaesarstoneCA","article_modified_time":"2025-12-23T22:11:57+00:00","twitter_card":"summary_large_image","schema":{"@context":"https:\/\/schema.org","@graph":[{"@type":"WebPage","@id":"https:\/\/www.caesarstone.ca\/fr\/solution-revetements-de-sol\/","url":"https:\/\/www.caesarstone.ca\/fr\/solution-revetements-de-sol\/","name":"Solution Rev\u00eatements de sol - Caesarstone Canada","isPartOf":{"@id":"https:\/\/www.caesarstone.ca\/fr\/#website"},"datePublished":"2025-09-04T18:42:25+00:00","dateModified":"2025-12-23T22:11:57+00:00","description":"Lioli de Caesarstone \u2013 rev\u00eatement de plancher en porcelaine de haute performance pour dedans et dehors. Tr\u00e8s durable, non poreux, antid\u00e9rapant (Safe-Grip), respectueux de l\u2019environnement et facile \u00e0 nettoyer.","breadcrumb":{"@id":"https:\/\/www.caesarstone.ca\/fr\/solution-revetements-de-sol\/#breadcrumb"},"inLanguage":"fr-CA","potentialAction":[{"@type":"ReadAction","target":["https:\/\/www.caesarstone.ca\/fr\/solution-revetements-de-sol\/"]}]},{"@type":"BreadcrumbList","@id":"https:\/\/www.caesarstone.ca\/fr\/solution-revetements-de-sol\/#breadcrumb","itemListElement":[{"@type":"ListItem","position":1,"name":"Home","item":"https:\/\/www.caesarstone.ca\/fr\/"},{"@type":"ListItem","position":2,"name":"Solution Rev\u00eatements de sol"}]},{"@type":"WebSite","@id":"https:\/\/www.caesarstone.ca\/fr\/#website","url":"https:\/\/www.caesarstone.ca\/fr\/","name":"Caesarstone Canada","description":"Life in Stone","publisher":{"@id":"https:\/\/www.caesarstone.ca\/fr\/#organization"},"potentialAction":[{"@type":"SearchAction","target":{"@type":"EntryPoint","urlTemplate":"https:\/\/www.caesarstone.ca\/fr\/?s={search_term_string}"},"query-input":{"@type":"PropertyValueSpecification","valueRequired":true,"valueName":"search_term_string"}}],"inLanguage":"fr-CA"},{"@type":"Organization","@id":"https:\/\/www.caesarstone.ca\/fr\/#organization","name":"Caesarstone Canada","url":"https:\/\/www.caesarstone.ca\/fr\/","logo":{"@type":"ImageObject","inLanguage":"fr-CA","@id":"https:\/\/www.caesarstone.ca\/fr\/#\/schema\/logo\/image\/","url":"https:\/\/www.caesarstone.ca\/wp-content\/uploads\/sites\/5\/2026\/03\/Caesarstone_logo.jpg","contentUrl":"https:\/\/www.caesarstone.ca\/wp-content\/uploads\/sites\/5\/2026\/03\/Caesarstone_logo.jpg","width":1000,"height":158,"caption":"Caesarstone Canada"},"image":{"@id":"https:\/\/www.caesarstone.ca\/fr\/#\/schema\/logo\/image\/"},"sameAs":["https:\/\/www.facebook.com\/CaesarstoneCA","https:\/\/www.instagram.com\/caesarstoneca\/","https:\/\/www.linkedin.com\/company\/caesarstone-canada\/","https:\/\/www.youtube.com\/@CaesarstoneNA"]}]}},"_links":{"self":[{"href":"https:\/\/www.caesarstone.ca\/fr\/wp-json\/wp\/v2\/pages\/81712","targetHints":{"allow":["GET"]}}],"collection":[{"href":"https:\/\/www.caesarstone.ca\/fr\/wp-json\/wp\/v2\/pages"}],"about":[{"href":"https:\/\/www.caesarstone.ca\/fr\/wp-json\/wp\/v2\/types\/page"}],"author":[{"embeddable":true,"href":"https:\/\/www.caesarstone.ca\/fr\/wp-json\/wp\/v2\/users\/6071"}],"replies":[{"embeddable":true,"href":"https:\/\/www.caesarstone.ca\/fr\/wp-json\/wp\/v2\/comments?post=81712"}],"version-history":[{"count":15,"href":"https:\/\/www.caesarstone.ca\/fr\/wp-json\/wp\/v2\/pages\/81712\/revisions"}],"predecessor-version":[{"id":83563,"href":"https:\/\/www.caesarstone.ca\/fr\/wp-json\/wp\/v2\/pages\/81712\/revisions\/83563"}],"wp:attachment":[{"href":"https:\/\/www.caesarstone.ca\/fr\/wp-json\/wp\/v2\/media?parent=81712"}],"curies":[{"name":"wp","href":"https:\/\/api.w.org\/{rel}","templated":true}]}}