{"id":81727,"date":"2025-09-04T12:35:10","date_gmt":"2025-09-04T18:35:10","guid":{"rendered":"https:\/\/www.caesarstone.ca\/?page_id=81727"},"modified":"2025-09-25T08:35:04","modified_gmt":"2025-09-25T14:35:04","slug":"porcelain-de-caesarstone","status":"publish","type":"page","link":"https:\/\/www.caesarstone.ca\/fr\/porcelain-de-caesarstone\/","title":{"rendered":"Porcelain de Caesarstone"},"content":{"rendered":"","protected":false},"excerpt":{"rendered":"","protected":false},"author":6071,"featured_media":0,"parent":0,"menu_order":0,"comment_status":"closed","ping_status":"closed","template":"templates\/collection-master.php","meta":{"_acf_changed":false,"footnotes":""},"class_list":["post-81727","page","type-page","status-publish","hentry"],"acf":{"show_intro":true,"intro":{"title":"Profiter des nuances de la vie :\r\nLa toute nouvelle collection porcelaine 2025\r\n","content":"Dans une c\u00e9l\u00e9bration audacieuse de la beaut\u00e9 tactile, la nouvelle collection de Caesarstone vous invite \u00e0 tisser de v\u00e9ritables liens et \u00e0 vous sentir chez vous dans le pr\u00e9sent. ","link":{"title":"Voir le catalogue ","url":"https:\/\/www.caesarstone.ca\/fr\/countertops\/?material=porcelaine","target":""},"large_image":null,"image":null},"show_intro_paragraph":false,"intro_paragraph":{"title":"","content":"","link":null},"show_text_typing":false,"text_typing":{"text":""},"show_upper_gallery":false,"upper_gallery":[{"use_dynamic_data":false,"catalog_item":[81362],"dynamic_data":{"upper_text":"","upper_desc":"","title":"","link":null},"render_image":81104,"slab_image":81102,"is_white":false},{"use_dynamic_data":false,"catalog_item":[81450],"dynamic_data":{"upper_text":"","upper_desc":"","title":"","link":null},"render_image":81671,"slab_image":81674,"is_white":false},{"use_dynamic_data":false,"catalog_item":[81425],"dynamic_data":{"upper_text":"","upper_desc":"","title":"","link":null},"render_image":81676,"slab_image":81678,"is_white":false},{"use_dynamic_data":false,"catalog_item":[81398],"dynamic_data":{"upper_text":"","upper_desc":"","title":"","link":null},"render_image":81116,"slab_image":81114,"is_white":false}],"show_technical_information":false,"technical_information":{"title":"","items":null},"show_lower_gallery":false,"lower_gallery":null,"show_paragraph_logos":false,"paragraph_logos":{"title":"Adopter l\u2019aspect brut et \r\nnon raffin\u00e9 ","content":"Des couches ondul\u00e9es d\u2019onyx aux veinures marbr\u00e9es audacieuses en passant par la beaut\u00e9 alluviale du travertin, la collection Porcelain de 2025 offre une profondeur tactile et des qualit\u00e9s visuelles \u00e9poustouflantes.","link":"","logos":null},"show_color_strip":true,"color_strip":[81380,81362,81389,81371,81398,81407,81416,81425,81440,81450,81522,81466],"show_technologies":true,"technologies":{"title":"C\u00e9l\u00e9brer la pr\u00e9sence authentique","content":"En utilisant des technologies de pointe pour obtenir une richesse visuelle et texturale, la toute nouvelle collection Lioli Porcelain r\u00e9volutionne le monde des comptoirs. ","cards":[{"title":"In-Sync","desc":"L\u2019unique technologie In-Sync de Lioli permet d\u2019assurer la continuit\u00e9 entre le corps, la surface et les bords pour ainsi am\u00e9liorer l\u2019esth\u00e9tique authentique de la pierre. ","link":"","image":80971,"show_video":false,"video_url":""},{"title":"Effet lustr\u00e9","desc":"L\u2019effet lustr\u00e9 enrichit les surfaces avec des veinures en relief et tactiles et cr\u00e9e ainsi des textures qui \u00e9voquent la beaut\u00e9 brute des pierres naturelles.","link":"","image":81122,"show_video":false,"video_url":"https:\/\/vimeo.com\/1099101525"},{"title":"Effet sculpt\u00e9","desc":"D\u2019une singularit\u00e9 s\u00e9duisante, l\u2019effet sculpt\u00e9 s\u2019harmonise aux veinures des surfaces en cr\u00e9ant des rainures peu profondes qui se fondent pour former des textures \u00e9tonnamment douces sur la pierre.","link":"","image":null,"show_video":false,"video_url":"https:\/\/vimeo.com\/1098716708"}]},"show_benefits":false,"benefits":{"hide":false,"title":"","items":null},"show_technologies_collection":false,"technologies_collection":{"title":"","cards":null},"show_paragraph_single":false,"paragraph_single":{"title":"","content":"","link":"","image":null,"mobile_image":null},"show_quote":false,"quote":{"title":"","image":null,"mobile_image":null},"show_services":false,"services":null,"video":{"show_section":false,"title":"","subtitle":"","image":null,"show_video":false,"video_url":"","mobile_video_url":""},"related_articles":{"show_section":false,"title":"","description":"","link":"","items":""},"faq":{"show_section":false,"title":"Foire aux questions","items":[{"title":"La collection Lioli Porcelain de 2025 est-elle fiable en mati\u00e8re de durabilit\u00e9 et de thermor\u00e9sistance?","content":"La collection Porcelain de 2025 allie design sup\u00e9rieur et durabilit\u00e9. Faciles \u00e0 nettoyer et r\u00e9sistantes \u00e0 la chaleur, aux rayures et aux taches, ces surfaces \u00e9tablissent une nouvelle norme pour les belles cuisines, les salles de bains luxueuses et les bars \u00e9l\u00e9gants, dedans comme dehors.","link":""},{"title":"Ces surfaces sont-elles con\u00e7ues pour une utilisation ext\u00e9rieure?","content":"Absolument. Les surfaces en porcelaine de Caesarstone conviennent pour une installation aussi bien dedans que dehors. La r\u00e9sistance aux rayons UV des comptoirs Lioli en fait la solution id\u00e9ale pour les cuisines ext\u00e9rieures.","link":""},{"title":"Quelles sont les conditions de garantie de la collection? ","content":"Les comptoirs Caesarstone pour les installations domestiques sont assortis de notre garantie \u00e0 vie.","link":""}],"link":""},"show_closing_cta":false,"closing_cta":{"title":"R\u00e9alisez votre d\u00e9cor de r\u00eave avec Caesarstone","items":[{"global_icon":"json\/color-catalog.json","alt":"","link":{"title":"Consulter le catalogue de couleurs","url":"https:\/\/www.caesarstone.ca\/fr\/countertops\/","target":""}},{"global_icon":"json\/samples.json","alt":"","link":{"title":"Commandez des \u00e9chantillons","url":"https:\/\/www.caesarstone.ca\/fr\/commande-dechantillons\/","target":""}},{"global_icon":"json\/location.json","alt":"","link":{"title":"O\u00f9 acheter","url":"https:\/\/www.caesarstone.ca\/fr\/ou-acheter-nos-produits\/","target":""}}]},"show_cta":false,"ctas":null,"use_geniq_logo":false,"hero":{"items":[{"image":81094,"mobile_image":81096,"video_url":"https:\/\/vimeo.com\/1098716494","mobile_video_url":"https:\/\/vimeo.com\/1098716708","contents":[{"title":"Une beaut\u00e9 fid\u00e8le au toucher","link":{"title":"D\u00e9couvrez la collection ","url":"https:\/\/www.caesarstone.ca\/fr\/countertops\/?material=porcelaine","target":""}}]}]},"related_post_card":{"title":"","desc":"","image":null,"video_url":""}},"yoast_head":"<!-- This site is optimized with the Yoast SEO Premium plugin v27.2 (Yoast SEO v27.2) - https:\/\/yoast.com\/product\/yoast-seo-premium-wordpress\/ -->\n<title>Porcelain de Caesarstone - Caesarstone Canada<\/title>\n<meta name=\"description\" content=\"Collection Caesarstone Porcelain\u202f\u2013 des surfaces tactiles de haute performance avec des designs audacieux, extr\u00eamement durables et faciles d\u2019entretien; elles sont con\u00e7ues pour un usage dedans et dehors.\" \/>\n<meta name=\"robots\" content=\"index, follow, max-snippet:-1, max-image-preview:large, max-video-preview:-1\" \/>\n<link rel=\"canonical\" href=\"https:\/\/www.caesarstone.ca\/fr\/porcelain-de-caesarstone\/\" \/>\n<meta property=\"og:locale\" content=\"fr_CA\" \/>\n<meta property=\"og:type\" content=\"article\" \/>\n<meta property=\"og:title\" content=\"Porcelain de Caesarstone\" \/>\n<meta property=\"og:description\" content=\"Collection Caesarstone Porcelain\u202f\u2013 des surfaces tactiles de haute performance avec des designs audacieux, extr\u00eamement durables et faciles d\u2019entretien; elles sont con\u00e7ues pour un usage dedans et dehors.\" \/>\n<meta property=\"og:url\" content=\"https:\/\/www.caesarstone.ca\/fr\/porcelain-de-caesarstone\/\" \/>\n<meta property=\"og:site_name\" content=\"Caesarstone Canada\" \/>\n<meta property=\"article:publisher\" content=\"https:\/\/www.facebook.com\/CaesarstoneCA\" \/>\n<meta property=\"article:modified_time\" content=\"2025-09-25T14:35:04+00:00\" \/>\n<meta name=\"twitter:card\" content=\"summary_large_image\" \/>\n<script type=\"application\/ld+json\" class=\"yoast-schema-graph\">{\"@context\":\"https:\/\/schema.org\",\"@graph\":[{\"@type\":\"WebPage\",\"@id\":\"https:\/\/www.caesarstone.ca\/fr\/porcelain-de-caesarstone\/\",\"url\":\"https:\/\/www.caesarstone.ca\/fr\/porcelain-de-caesarstone\/\",\"name\":\"Porcelain de Caesarstone - Caesarstone Canada\",\"isPartOf\":{\"@id\":\"https:\/\/www.caesarstone.ca\/fr\/#website\"},\"datePublished\":\"2025-09-04T18:35:10+00:00\",\"dateModified\":\"2025-09-25T14:35:04+00:00\",\"description\":\"Collection Caesarstone Porcelain\u202f\u2013 des surfaces tactiles de haute performance avec des designs audacieux, extr\u00eamement durables et faciles d\u2019entretien; elles sont con\u00e7ues pour un usage dedans et dehors.\",\"breadcrumb\":{\"@id\":\"https:\/\/www.caesarstone.ca\/fr\/porcelain-de-caesarstone\/#breadcrumb\"},\"inLanguage\":\"fr-CA\",\"potentialAction\":[{\"@type\":\"ReadAction\",\"target\":[\"https:\/\/www.caesarstone.ca\/fr\/porcelain-de-caesarstone\/\"]}]},{\"@type\":\"BreadcrumbList\",\"@id\":\"https:\/\/www.caesarstone.ca\/fr\/porcelain-de-caesarstone\/#breadcrumb\",\"itemListElement\":[{\"@type\":\"ListItem\",\"position\":1,\"name\":\"Home\",\"item\":\"https:\/\/www.caesarstone.ca\/fr\/\"},{\"@type\":\"ListItem\",\"position\":2,\"name\":\"Porcelain de Caesarstone\"}]},{\"@type\":\"WebSite\",\"@id\":\"https:\/\/www.caesarstone.ca\/fr\/#website\",\"url\":\"https:\/\/www.caesarstone.ca\/fr\/\",\"name\":\"Caesarstone Canada\",\"description\":\"Life in Stone\",\"publisher\":{\"@id\":\"https:\/\/www.caesarstone.ca\/fr\/#organization\"},\"potentialAction\":[{\"@type\":\"SearchAction\",\"target\":{\"@type\":\"EntryPoint\",\"urlTemplate\":\"https:\/\/www.caesarstone.ca\/fr\/?s={search_term_string}\"},\"query-input\":{\"@type\":\"PropertyValueSpecification\",\"valueRequired\":true,\"valueName\":\"search_term_string\"}}],\"inLanguage\":\"fr-CA\"},{\"@type\":\"Organization\",\"@id\":\"https:\/\/www.caesarstone.ca\/fr\/#organization\",\"name\":\"Caesarstone Canada\",\"url\":\"https:\/\/www.caesarstone.ca\/fr\/\",\"logo\":{\"@type\":\"ImageObject\",\"inLanguage\":\"fr-CA\",\"@id\":\"https:\/\/www.caesarstone.ca\/fr\/#\/schema\/logo\/image\/\",\"url\":\"https:\/\/www.caesarstone.ca\/wp-content\/uploads\/sites\/5\/2026\/03\/Caesarstone_logo.jpg\",\"contentUrl\":\"https:\/\/www.caesarstone.ca\/wp-content\/uploads\/sites\/5\/2026\/03\/Caesarstone_logo.jpg\",\"width\":1000,\"height\":158,\"caption\":\"Caesarstone Canada\"},\"image\":{\"@id\":\"https:\/\/www.caesarstone.ca\/fr\/#\/schema\/logo\/image\/\"},\"sameAs\":[\"https:\/\/www.facebook.com\/CaesarstoneCA\",\"https:\/\/www.instagram.com\/caesarstoneca\/\",\"https:\/\/www.linkedin.com\/company\/caesarstone-canada\/\",\"https:\/\/www.youtube.com\/@CaesarstoneNA\"]}]}<\/script>\n<!-- \/ Yoast SEO Premium plugin. -->","yoast_head_json":{"title":"Porcelain de Caesarstone - Caesarstone Canada","description":"Collection Caesarstone Porcelain\u202f\u2013 des surfaces tactiles de haute performance avec des designs audacieux, extr\u00eamement durables et faciles d\u2019entretien; elles sont con\u00e7ues pour un usage dedans et dehors.","robots":{"index":"index","follow":"follow","max-snippet":"max-snippet:-1","max-image-preview":"max-image-preview:large","max-video-preview":"max-video-preview:-1"},"canonical":"https:\/\/www.caesarstone.ca\/fr\/porcelain-de-caesarstone\/","og_locale":"fr_CA","og_type":"article","og_title":"Porcelain de Caesarstone","og_description":"Collection Caesarstone Porcelain\u202f\u2013 des surfaces tactiles de haute performance avec des designs audacieux, extr\u00eamement durables et faciles d\u2019entretien; elles sont con\u00e7ues pour un usage dedans et dehors.","og_url":"https:\/\/www.caesarstone.ca\/fr\/porcelain-de-caesarstone\/","og_site_name":"Caesarstone Canada","article_publisher":"https:\/\/www.facebook.com\/CaesarstoneCA","article_modified_time":"2025-09-25T14:35:04+00:00","twitter_card":"summary_large_image","schema":{"@context":"https:\/\/schema.org","@graph":[{"@type":"WebPage","@id":"https:\/\/www.caesarstone.ca\/fr\/porcelain-de-caesarstone\/","url":"https:\/\/www.caesarstone.ca\/fr\/porcelain-de-caesarstone\/","name":"Porcelain de Caesarstone - Caesarstone Canada","isPartOf":{"@id":"https:\/\/www.caesarstone.ca\/fr\/#website"},"datePublished":"2025-09-04T18:35:10+00:00","dateModified":"2025-09-25T14:35:04+00:00","description":"Collection Caesarstone Porcelain\u202f\u2013 des surfaces tactiles de haute performance avec des designs audacieux, extr\u00eamement durables et faciles d\u2019entretien; elles sont con\u00e7ues pour un usage dedans et dehors.","breadcrumb":{"@id":"https:\/\/www.caesarstone.ca\/fr\/porcelain-de-caesarstone\/#breadcrumb"},"inLanguage":"fr-CA","potentialAction":[{"@type":"ReadAction","target":["https:\/\/www.caesarstone.ca\/fr\/porcelain-de-caesarstone\/"]}]},{"@type":"BreadcrumbList","@id":"https:\/\/www.caesarstone.ca\/fr\/porcelain-de-caesarstone\/#breadcrumb","itemListElement":[{"@type":"ListItem","position":1,"name":"Home","item":"https:\/\/www.caesarstone.ca\/fr\/"},{"@type":"ListItem","position":2,"name":"Porcelain de Caesarstone"}]},{"@type":"WebSite","@id":"https:\/\/www.caesarstone.ca\/fr\/#website","url":"https:\/\/www.caesarstone.ca\/fr\/","name":"Caesarstone Canada","description":"Life in Stone","publisher":{"@id":"https:\/\/www.caesarstone.ca\/fr\/#organization"},"potentialAction":[{"@type":"SearchAction","target":{"@type":"EntryPoint","urlTemplate":"https:\/\/www.caesarstone.ca\/fr\/?s={search_term_string}"},"query-input":{"@type":"PropertyValueSpecification","valueRequired":true,"valueName":"search_term_string"}}],"inLanguage":"fr-CA"},{"@type":"Organization","@id":"https:\/\/www.caesarstone.ca\/fr\/#organization","name":"Caesarstone Canada","url":"https:\/\/www.caesarstone.ca\/fr\/","logo":{"@type":"ImageObject","inLanguage":"fr-CA","@id":"https:\/\/www.caesarstone.ca\/fr\/#\/schema\/logo\/image\/","url":"https:\/\/www.caesarstone.ca\/wp-content\/uploads\/sites\/5\/2026\/03\/Caesarstone_logo.jpg","contentUrl":"https:\/\/www.caesarstone.ca\/wp-content\/uploads\/sites\/5\/2026\/03\/Caesarstone_logo.jpg","width":1000,"height":158,"caption":"Caesarstone Canada"},"image":{"@id":"https:\/\/www.caesarstone.ca\/fr\/#\/schema\/logo\/image\/"},"sameAs":["https:\/\/www.facebook.com\/CaesarstoneCA","https:\/\/www.instagram.com\/caesarstoneca\/","https:\/\/www.linkedin.com\/company\/caesarstone-canada\/","https:\/\/www.youtube.com\/@CaesarstoneNA"]}]}},"_links":{"self":[{"href":"https:\/\/www.caesarstone.ca\/fr\/wp-json\/wp\/v2\/pages\/81727","targetHints":{"allow":["GET"]}}],"collection":[{"href":"https:\/\/www.caesarstone.ca\/fr\/wp-json\/wp\/v2\/pages"}],"about":[{"href":"https:\/\/www.caesarstone.ca\/fr\/wp-json\/wp\/v2\/types\/page"}],"author":[{"embeddable":true,"href":"https:\/\/www.caesarstone.ca\/fr\/wp-json\/wp\/v2\/users\/6071"}],"replies":[{"embeddable":true,"href":"https:\/\/www.caesarstone.ca\/fr\/wp-json\/wp\/v2\/comments?post=81727"}],"version-history":[{"count":12,"href":"https:\/\/www.caesarstone.ca\/fr\/wp-json\/wp\/v2\/pages\/81727\/revisions"}],"predecessor-version":[{"id":82351,"href":"https:\/\/www.caesarstone.ca\/fr\/wp-json\/wp\/v2\/pages\/81727\/revisions\/82351"}],"acf:post":[{"embeddable":true,"href":"https:\/\/www.caesarstone.ca\/fr\/wp-json\/wp\/v2\/catalog\/81466"},{"embeddable":true,"href":"https:\/\/www.caesarstone.ca\/fr\/wp-json\/wp\/v2\/catalog\/81522"},{"embeddable":true,"href":"https:\/\/www.caesarstone.ca\/fr\/wp-json\/wp\/v2\/catalog\/81450"},{"embeddable":true,"href":"https:\/\/www.caesarstone.ca\/fr\/wp-json\/wp\/v2\/catalog\/81440"},{"embeddable":true,"href":"https:\/\/www.caesarstone.ca\/fr\/wp-json\/wp\/v2\/catalog\/81425"},{"embeddable":true,"href":"https:\/\/www.caesarstone.ca\/fr\/wp-json\/wp\/v2\/catalog\/81416"},{"embeddable":true,"href":"https:\/\/www.caesarstone.ca\/fr\/wp-json\/wp\/v2\/catalog\/81407"},{"embeddable":true,"href":"https:\/\/www.caesarstone.ca\/fr\/wp-json\/wp\/v2\/catalog\/81398"},{"embeddable":true,"href":"https:\/\/www.caesarstone.ca\/fr\/wp-json\/wp\/v2\/catalog\/81371"},{"embeddable":true,"href":"https:\/\/www.caesarstone.ca\/fr\/wp-json\/wp\/v2\/catalog\/81389"},{"embeddable":true,"href":"https:\/\/www.caesarstone.ca\/fr\/wp-json\/wp\/v2\/catalog\/81362"},{"embeddable":true,"href":"https:\/\/www.caesarstone.ca\/fr\/wp-json\/wp\/v2\/catalog\/81380"}],"wp:attachment":[{"href":"https:\/\/www.caesarstone.ca\/fr\/wp-json\/wp\/v2\/media?parent=81727"}],"curies":[{"name":"wp","href":"https:\/\/api.w.org\/{rel}","templated":true}]}}