{"id":83119,"date":"2025-11-19T03:01:49","date_gmt":"2025-11-19T10:01:49","guid":{"rendered":"https:\/\/www.caesarstone.ca\/our-surfaces\/"},"modified":"2026-03-25T13:35:01","modified_gmt":"2026-03-25T19:35:01","slug":"our-surfaces","status":"publish","type":"page","link":"https:\/\/www.caesarstone.ca\/fr\/our-surfaces\/","title":{"rendered":"Nos surfaces"},"content":{"rendered":"","protected":false},"excerpt":{"rendered":"","protected":false},"author":7,"featured_media":0,"parent":0,"menu_order":0,"comment_status":"closed","ping_status":"closed","template":"templates\/our-surfaces.php","meta":{"_acf_changed":false,"footnotes":""},"class_list":["post-83119","page","type-page","status-publish","hentry"],"acf":{"intro":{"title":"Nos surfaces","content":"D\u00e9couvrez en d\u00e9tail nos mat\u00e9riaux de surface. Nous avons couvert toutes les propri\u00e9t\u00e9s et tous les avantages essentiels, afin que vous puissiez r\u00e9pondre en toute confiance aux besoins r\u00e9sidentiels et commerciaux de vos clients."},"cards":{"items":[{"title":"Quartz","content":"Gr\u00e2ce \u00e0 un savoir-faire et \u00e0 une minutie d'experts, nous avons cr\u00e9\u00e9 des comptoirs en quartz compos\u00e9s de jusqu'\u00e0 90 % de min\u00e9raux de quartz. Nos surfaces en quartz se caract\u00e9risent par une durabilit\u00e9 et une r\u00e9sistance sup\u00e9rieures, compl\u00e9t\u00e9es par une gamme de motifs au design naturel.","link":{"title":"Catalogue","url":"https:\/\/www.caesarstone.ca\/fr\/countertops\/?material=quartz-fr","target":""},"image":83080,"image_mobile":null,"video_url":""},{"title":"Porcelaine","content":"Nos surfaces en porcelaine sont une merveille de technologie et de beaut\u00e9. Avec leur cadre exceptionnellement dur, leurs capacit\u00e9s \u00e9prouv\u00e9es de r\u00e9sistance \u00e0 la chaleur et leurs couleurs audacieuses, ces surfaces sont con\u00e7ues pour une utilisation intensive.","link":{"title":"Catalogue","url":"https:\/\/www.caesarstone.ca\/fr\/countertops\/?material=porcelaine","target":""},"image":83082,"image_mobile":83085,"video_url":""},{"title":"Min\u00e9ral","content":"Les surfaces min\u00e9rales Caesarstone se caract\u00e9risent par une formulation unique de min\u00e9raux naturels, de mat\u00e9riaux innovants et de mat\u00e9riaux recycl\u00e9s, qui font \u00e9voluer la pierre artificielle pour cr\u00e9er la prochaine g\u00e9n\u00e9ration de surfaces.","link":{"title":"Catalogue","url":"https:\/\/www.caesarstone.ca\/fr\/countertops\/?material=mineral-fr","target":""},"image":83087,"image_mobile":83089,"video_url":""},{"title":"ICON - Surfaces de fusion avanc\u00e9es","content":"Red\u00e9finir l'innovation gr\u00e2ce \u00e0 un m\u00e9lange de mat\u00e9riaux avanc\u00e9s et recycl\u00e9s sans silice cristalline, en instance de brevet. Ils offrent une durabilit\u00e9 exceptionnelle, une \u00e9l\u00e9gance moderne et un design respectueux de l'environnement, \u00e9tablissant ainsi une nouvelle norme pour les surfaces durables.\r\n","link":{"title":"Catalogue","url":"https:\/\/www.caesarstone.ca\/fr\/countertops\/?material=surfaces-de-materiaux-fusionnes","target":""},"image":83091,"image_mobile":83093,"video_url":""}],"link":{"title":"Explorez nos couleurs","url":"https:\/\/www.caesarstone.ca\/fr\/countertops\/","target":""}},"benefits":{"title":"D\u00e9couvrez les avantages","info":[{"material":"Fusion","description":"Surfaces de fusion avanc\u00e9es","cards":[{"global_icon":"Silica_Free_Black.svg","title":"Sans silice cristalline","content":"Un m\u00e9lange unique de mat\u00e9riaux innovants et recycl\u00e9s sans silice cristalline, en instance de brevet.\r\n\r\n*Peut contenir des traces de silice cristalline inf\u00e9rieures \u00e0 1\u00a0%."},{"global_icon":"recycled_materials_black_svg.svg","title":"\u00c9coresponsable ","content":"Compos\u00e9 d\u2019environ 80 % de mat\u00e9riaux recycl\u00e9s."},{"global_icon":"durable 10 01.svg","title":"Durable","content":"Plus dur, plus solide et plus s\u00fbr que le marbre, le granit et d'autres pierres naturelles."},{"global_icon":"nonporous-05-01.svg","title":"Non poreux","content":"Remarquablement imp\u00e9n\u00e9trable, dense et r\u00e9sistant pour une qualit\u00e9 durable."},{"global_icon":"Easy_Care_to_Clean.svg","title":"Facile \u00e0 nettoyer","content":"Entretien simple qui ne n\u00e9cessite que du savon et de l'eau, sans avoir besoin de sceller."},{"global_icon":"Strength.svg","title":"R\u00e9sistance aux chocs","content":"Un mat\u00e9riau hautement r\u00e9sistant aux chocs est moins susceptible de se fracturer suite \u00e0 des coups forts ou des chocs."},{"global_icon":"Stain Resistance.svg","title":"Sans taches","content":"Surface imp\u00e9n\u00e9trable qui est hautement non poreuse, non absorbante et facile \u00e0 entretenir. Les taches sont tr\u00e8s faciles \u00e0 enlever."},{"global_icon":"Scratch_Resistance.svg","title":"R\u00e9sistant aux rayures","content":"R\u00e9sistance impressionnante aux rayures. Non sensible aux griffures ou aux \u00e9raflures."}],"link_1":{"title":"Caesarstone ICON - surfaces sup\u00e9rieures de mat\u00e9riaux fusionn\u00e9s ","url":"https:\/\/www.caesarstone.ca\/fr\/icon\/","target":""},"link_2":{"title":"Caesarstone ICON\u2122 2025 collection ","url":"https:\/\/www.caesarstone.ca\/fr\/caesarstone-icon-2025-collection\/","target":""}},{"material":"Quartz","description":"","cards":[{"global_icon":"durable 10 01.svg","title":"Durable","content":"Plus dur, plus solide et plus s\u00fbr que le marbre, le granit et d'autres pierres naturelles."},{"global_icon":"nonporous-05-01.svg","title":"Non poreux","content":"Remarquablement imp\u00e9n\u00e9trable, dense et r\u00e9sistant pour une qualit\u00e9 durable."},{"global_icon":"Easy_Care_to_Clean.svg","title":"Facile \u00e0 nettoyer","content":"Entretien simple qui ne n\u00e9cessite que du savon et de l'eau, sans avoir besoin de sceller."},{"global_icon":"Strength.svg","title":"R\u00e9sistance aux chocs","content":"Un mat\u00e9riau hautement r\u00e9sistant aux chocs est moins susceptible de se fracturer suite \u00e0 des coups forts ou des chocs."},{"global_icon":"Stain Resistance.svg","title":"Sans taches","content":"Surface imp\u00e9n\u00e9trable qui est hautement non poreuse, non absorbante et facile \u00e0 entretenir. Les taches sont tr\u00e8s faciles \u00e0 enlever."},{"global_icon":"Scratch_Resistance.svg","title":"R\u00e9sistant aux rayures","content":"R\u00e9sistance impressionnante aux rayures. Non sensible aux griffures ou aux \u00e9raflures."}],"link_1":{"title":"En savoir plus sur les Quartz","url":"https:\/\/www.caesarstone.ca\/fr\/comptoirs-en-quartz\/","target":""},"link_2":""},{"material":"Porcelaine","description":"","cards":[{"global_icon":"Extreme_heat_resistant.svg","title":"R\u00e9sistante \u00e0 la chaleur extr\u00eame","content":"R\u00e9siste \u00e0 des temp\u00e9ratures tr\u00e8s \u00e9lev\u00e9es, permettant un contact direct avec des objets chauff\u00e9s."},{"global_icon":"Indoor_Outdoor.svg","title":"Int\u00e9rieur et ext\u00e9rieur","content":"R\u00e9siste \u00e0 l'exposition aux UV et adapt\u00e9e aux espaces int\u00e9rieurs et ext\u00e9rieurs."},{"global_icon":"Strength.svg","title":"Cadre fortifi\u00e9","content":"Renforc\u00e9 avec un support en maille de fibre de verre pour un nouveau degr\u00e9 de durabilit\u00e9."},{"global_icon":"nonporous-05-01.svg","title":"Non poreuse et r\u00e9sistante aux taches","content":"Non poreuse, non absorbante et facile \u00e0 entretenir. Les taches sont tr\u00e8s faciles \u00e0 enlever."},{"global_icon":"Scratch_Resistance.svg","title":"R\u00e9sistante aux rayures","content":"Qualit\u00e9s impressionnantes de r\u00e9sistance aux rayures. Non sensible aux griffures ou aux \u00e9raflures."},{"global_icon":"Easy_Care_to_Clean.svg","title":"Facile \u00e0 nettoyer","content":"Entretetien simple qui ne n\u00e9cessite que du savon et de l'eau, sans avoir besoin de sceller. Peut \u00eatre nettoy\u00e9e avec presque tous les produits de nettoyage lorsque cela est n\u00e9cessaire."}],"link_1":{"title":"Collection Lioli Porcelain","url":"https:\/\/www.caesarstone.ca\/fr\/lioli-lp\/","target":""},"link_2":{"title":"Porcelain de Caesarstone","url":"https:\/\/www.caesarstone.ca\/fr\/porcelain-de-caesarstone\/","target":""}},{"material":"Min\u00e9ral","description":"","cards":[{"global_icon":"Environmentally friendly 09 01.svg","title":"Engagement en faveur du d\u00e9veloppement durable","content":"Nous utilisons des min\u00e9raux naturels, des mat\u00e9riaux innovants et des mat\u00e9riaux recycl\u00e9s pour proposer des solutions avanc\u00e9es et durables."},{"global_icon":"durable-10-01.svg","title":"Durabilit\u00e9","content":"Plus dur et plus r\u00e9sistant que les comptoirs et autres surfaces stratifi\u00e9s."},{"global_icon":"Stain Resistance.svg","title":"Non poreux et sans tache","content":"Hautement imp\u00e9n\u00e9trable, une surface non poreuse r\u00e9sistante aux taches, garantissant une haute qualit\u00e9 et des performances durables."},{"global_icon":"Easy_Care_to_Clean.svg","title":"Facile \u00e0 nettoyer","content":"Presque sans effort et tr\u00e8s facile \u00e0 entretenir avec de l'eau et du savon.\u00a0 Il n'est pas n\u00e9cessaire de sceller."},{"global_icon":"Scratch_Resistance.svg","title":"R\u00e9sistant aux rayures","content":"Remarquable r\u00e9sistance aux rayures et aux \u00e9raflures."}],"link_1":{"title":"En savoir plus sur les Min\u00e9ral","url":"https:\/\/www.caesarstone.ca\/fr\/comptoirs-mineral\/","target":""},"link_2":""}]},"surfaces_info":{"title":"Faites bon usage de nos surfaces","":null,"lines":[{"title":"Int\u00e9rieur","is_text_list":false,"icons_list":[{"material":"Quartz","value":true},{"material":"Fusion","value":true},{"material":"Porcelaine","value":true},{"material":"Min\u00e9ral","value":true}],"text_list":null,"comment":""},{"title":"Ext\u00e9rieur","is_text_list":false,"icons_list":[{"material":"Quartz*","value":true},{"material":"Fusion","value":true},{"material":"Porcelaine","value":true},{"material":"Min\u00e9ral","value":true}],"text_list":null,"comment":"*Couleurs sp\u00e9cifiques"},{"title":"Rev\u00eatement de sol ","is_text_list":false,"icons_list":[{"material":"Quartz","value":false},{"material":"Fusion","value":false},{"material":"Porcelaine","value":true},{"material":"Min\u00e9ral","value":false}],"text_list":[{"material":"Quartz","text":"Poli, Adouci, Naturel, B\u00e9ton, Brut"},{"material":"Fusion","text":"Poli"},{"material":"Porcelaine","text":"Adouci, Ultra Brut, Soyeuse"},{"material":"Min\u00e9ral","text":"Poli, Adouci, Brut"}],"comment":"*Lioli"},{"title":"Rev\u00eatement mural","is_text_list":false,"icons_list":[{"material":"Quartz","value":true},{"material":"Fusion","value":true},{"material":"Porcelaine","value":true},{"material":"Min\u00e9ral","value":false}],"text_list":null,"comment":"*Lioli porcelaine est la plus adapt\u00e9e pour le rev\u00eatement; le quartz et la fusion n\u00e9cessitent un soutien suppl\u00e9mentaire"},{"title":"Finis","is_text_list":true,"icons_list":[{"material":"Quartz","value":true},{"material":"Fusion","value":true},{"material":"Porcelaine","value":false},{"material":"Min\u00e9ral","value":true}],"text_list":[{"material":"Quartz","text":"Poli, Adouci, Naturel, B\u00e9ton, Brut"},{"material":"Fusion","text":"Poli"},{"material":"Porcelaine","text":"Adouci, Ultra Brut, Soyeuse"},{"material":"Min\u00e9ral","text":"Poli, Adouci, Brut"}],"comment":""},{"title":"Mati\u00e8re du corps entier","is_text_list":false,"icons_list":[{"material":"Quartz","value":true},{"material":"Fusion","value":true},{"material":"Porcelaine","value":false},{"material":"Min\u00e9ral","value":true}],"text_list":null,"comment":""},{"title":"Thermoformage","is_text_list":false,"icons_list":[{"material":"Quartz","value":true},{"material":"Fusion","value":true},{"material":"Porcelaine","value":false},{"material":"Min\u00e9ral","value":true}],"text_list":null,"comment":"Non couvert par la garantie"},{"title":"Cr\u00e9dence","is_text_list":false,"icons_list":[{"material":"Quartz","value":true},{"material":"Fusion","value":true},{"material":"Porcelaine","value":true},{"material":"Min\u00e9ral","value":true}],"text_list":null,"comment":"Couverture de garantie si quelque chose n'allait pas avec le mat\u00e9riau et une cr\u00e9dence  de moins de 16'' (40,64 cm) de haut."},{"title":"\u00c9vier int\u00e9gr\u00e9","is_text_list":false,"icons_list":[{"material":"Quartz","value":true},{"material":"Fusion","value":true},{"material":"Porcelaine","value":true},{"material":"Min\u00e9ral","value":true}],"text_list":null,"comment":"Tant qu'il est effectu\u00e9 dans une installation inf\u00e9rieure"},{"title":"Saillie","is_text_list":false,"icons_list":[{"material":"Quartz","value":true},{"material":"Fusion","value":true},{"material":"Porcelaine","value":true},{"material":"Min\u00e9ral","value":true}],"text_list":null,"comment":"25 cm et plus : besoin d'un support suppl\u00e9mentaire."},{"title":"Qualification construction verte","is_text_list":false,"icons_list":[{"material":"Quartz","value":true},{"material":"Fusion","value":true},{"material":"Porcelaine","value":true},{"material":"Min\u00e9ral","value":true}],"text_list":null,"comment":""}]},"faq":{"title":"","items":null,"link":""},"bottom_link":{"title":"Brochure Caesarstone","url":"https:\/\/www.caesarstone.ca\/wp-content\/uploads\/sites\/5\/2026\/03\/CS-Digital-Brochure-2026-FR.pdf","target":""},"cs_related_posts":{"title":"","link":"","articles":"","show_pagination":false,"show_arrows":true,"space_desktop":{"top":0,"bottom":0},"space_mobile":{"top":0,"bottom":0},"background":"#f7f7f7","text_color":"#252525"},"related_post_card":{"title":"","desc":"","image":null,"video_url":""}},"yoast_head":"<!-- This site is optimized with the Yoast SEO Premium plugin v27.2 (Yoast SEO v27.2) - https:\/\/yoast.com\/product\/yoast-seo-premium-wordpress\/ -->\n<title>Nos surfaces - Caesarstone Canada<\/title>\n<meta name=\"description\" content=\"Nos surfaces. Get inspired and discover your own personal style. Click, to explore great countertop ideas and design styles from Caesarstone Canada.\" \/>\n<meta name=\"robots\" content=\"index, follow, max-snippet:-1, max-image-preview:large, max-video-preview:-1\" \/>\n<link rel=\"canonical\" href=\"https:\/\/www.caesarstone.ca\/fr\/our-surfaces\/\" \/>\n<meta property=\"og:locale\" content=\"fr_CA\" \/>\n<meta property=\"og:type\" content=\"article\" \/>\n<meta property=\"og:title\" content=\"Nos surfaces\" \/>\n<meta property=\"og:description\" content=\"Nos surfaces. Get inspired and discover your own personal style. Click, to explore great countertop ideas and design styles from Caesarstone Canada.\" \/>\n<meta property=\"og:url\" content=\"https:\/\/www.caesarstone.ca\/fr\/our-surfaces\/\" \/>\n<meta property=\"og:site_name\" content=\"Caesarstone Canada\" \/>\n<meta property=\"article:publisher\" content=\"https:\/\/www.facebook.com\/CaesarstoneCA\" \/>\n<meta property=\"article:modified_time\" content=\"2026-03-25T19:35:01+00:00\" \/>\n<meta name=\"twitter:card\" content=\"summary_large_image\" \/>\n<script type=\"application\/ld+json\" class=\"yoast-schema-graph\">{\"@context\":\"https:\/\/schema.org\",\"@graph\":[{\"@type\":\"WebPage\",\"@id\":\"https:\/\/www.caesarstone.ca\/fr\/our-surfaces\/\",\"url\":\"https:\/\/www.caesarstone.ca\/fr\/our-surfaces\/\",\"name\":\"Nos surfaces - Caesarstone Canada\",\"isPartOf\":{\"@id\":\"https:\/\/www.caesarstone.ca\/fr\/#website\"},\"datePublished\":\"2025-11-19T10:01:49+00:00\",\"dateModified\":\"2026-03-25T19:35:01+00:00\",\"description\":\"Nos surfaces. Get inspired and discover your own personal style. Click, to explore great countertop ideas and design styles from Caesarstone Canada.\",\"breadcrumb\":{\"@id\":\"https:\/\/www.caesarstone.ca\/fr\/our-surfaces\/#breadcrumb\"},\"inLanguage\":\"fr-CA\",\"potentialAction\":[{\"@type\":\"ReadAction\",\"target\":[\"https:\/\/www.caesarstone.ca\/fr\/our-surfaces\/\"]}]},{\"@type\":\"BreadcrumbList\",\"@id\":\"https:\/\/www.caesarstone.ca\/fr\/our-surfaces\/#breadcrumb\",\"itemListElement\":[{\"@type\":\"ListItem\",\"position\":1,\"name\":\"Home\",\"item\":\"https:\/\/www.caesarstone.ca\/fr\/\"},{\"@type\":\"ListItem\",\"position\":2,\"name\":\"Nos surfaces\"}]},{\"@type\":\"WebSite\",\"@id\":\"https:\/\/www.caesarstone.ca\/fr\/#website\",\"url\":\"https:\/\/www.caesarstone.ca\/fr\/\",\"name\":\"Caesarstone Canada\",\"description\":\"Life in Stone\",\"publisher\":{\"@id\":\"https:\/\/www.caesarstone.ca\/fr\/#organization\"},\"potentialAction\":[{\"@type\":\"SearchAction\",\"target\":{\"@type\":\"EntryPoint\",\"urlTemplate\":\"https:\/\/www.caesarstone.ca\/fr\/?s={search_term_string}\"},\"query-input\":{\"@type\":\"PropertyValueSpecification\",\"valueRequired\":true,\"valueName\":\"search_term_string\"}}],\"inLanguage\":\"fr-CA\"},{\"@type\":\"Organization\",\"@id\":\"https:\/\/www.caesarstone.ca\/fr\/#organization\",\"name\":\"Caesarstone Canada\",\"url\":\"https:\/\/www.caesarstone.ca\/fr\/\",\"logo\":{\"@type\":\"ImageObject\",\"inLanguage\":\"fr-CA\",\"@id\":\"https:\/\/www.caesarstone.ca\/fr\/#\/schema\/logo\/image\/\",\"url\":\"https:\/\/www.caesarstone.ca\/wp-content\/uploads\/sites\/5\/2026\/03\/Caesarstone_logo.jpg\",\"contentUrl\":\"https:\/\/www.caesarstone.ca\/wp-content\/uploads\/sites\/5\/2026\/03\/Caesarstone_logo.jpg\",\"width\":1000,\"height\":158,\"caption\":\"Caesarstone Canada\"},\"image\":{\"@id\":\"https:\/\/www.caesarstone.ca\/fr\/#\/schema\/logo\/image\/\"},\"sameAs\":[\"https:\/\/www.facebook.com\/CaesarstoneCA\",\"https:\/\/www.instagram.com\/caesarstoneca\/\",\"https:\/\/www.linkedin.com\/company\/caesarstone-canada\/\",\"https:\/\/www.youtube.com\/@CaesarstoneNA\"]}]}<\/script>\n<!-- \/ Yoast SEO Premium plugin. -->","yoast_head_json":{"title":"Nos surfaces - Caesarstone Canada","description":"Nos surfaces. Get inspired and discover your own personal style. Click, to explore great countertop ideas and design styles from Caesarstone Canada.","robots":{"index":"index","follow":"follow","max-snippet":"max-snippet:-1","max-image-preview":"max-image-preview:large","max-video-preview":"max-video-preview:-1"},"canonical":"https:\/\/www.caesarstone.ca\/fr\/our-surfaces\/","og_locale":"fr_CA","og_type":"article","og_title":"Nos surfaces","og_description":"Nos surfaces. Get inspired and discover your own personal style. Click, to explore great countertop ideas and design styles from Caesarstone Canada.","og_url":"https:\/\/www.caesarstone.ca\/fr\/our-surfaces\/","og_site_name":"Caesarstone Canada","article_publisher":"https:\/\/www.facebook.com\/CaesarstoneCA","article_modified_time":"2026-03-25T19:35:01+00:00","twitter_card":"summary_large_image","schema":{"@context":"https:\/\/schema.org","@graph":[{"@type":"WebPage","@id":"https:\/\/www.caesarstone.ca\/fr\/our-surfaces\/","url":"https:\/\/www.caesarstone.ca\/fr\/our-surfaces\/","name":"Nos surfaces - Caesarstone Canada","isPartOf":{"@id":"https:\/\/www.caesarstone.ca\/fr\/#website"},"datePublished":"2025-11-19T10:01:49+00:00","dateModified":"2026-03-25T19:35:01+00:00","description":"Nos surfaces. Get inspired and discover your own personal style. Click, to explore great countertop ideas and design styles from Caesarstone Canada.","breadcrumb":{"@id":"https:\/\/www.caesarstone.ca\/fr\/our-surfaces\/#breadcrumb"},"inLanguage":"fr-CA","potentialAction":[{"@type":"ReadAction","target":["https:\/\/www.caesarstone.ca\/fr\/our-surfaces\/"]}]},{"@type":"BreadcrumbList","@id":"https:\/\/www.caesarstone.ca\/fr\/our-surfaces\/#breadcrumb","itemListElement":[{"@type":"ListItem","position":1,"name":"Home","item":"https:\/\/www.caesarstone.ca\/fr\/"},{"@type":"ListItem","position":2,"name":"Nos surfaces"}]},{"@type":"WebSite","@id":"https:\/\/www.caesarstone.ca\/fr\/#website","url":"https:\/\/www.caesarstone.ca\/fr\/","name":"Caesarstone Canada","description":"Life in Stone","publisher":{"@id":"https:\/\/www.caesarstone.ca\/fr\/#organization"},"potentialAction":[{"@type":"SearchAction","target":{"@type":"EntryPoint","urlTemplate":"https:\/\/www.caesarstone.ca\/fr\/?s={search_term_string}"},"query-input":{"@type":"PropertyValueSpecification","valueRequired":true,"valueName":"search_term_string"}}],"inLanguage":"fr-CA"},{"@type":"Organization","@id":"https:\/\/www.caesarstone.ca\/fr\/#organization","name":"Caesarstone Canada","url":"https:\/\/www.caesarstone.ca\/fr\/","logo":{"@type":"ImageObject","inLanguage":"fr-CA","@id":"https:\/\/www.caesarstone.ca\/fr\/#\/schema\/logo\/image\/","url":"https:\/\/www.caesarstone.ca\/wp-content\/uploads\/sites\/5\/2026\/03\/Caesarstone_logo.jpg","contentUrl":"https:\/\/www.caesarstone.ca\/wp-content\/uploads\/sites\/5\/2026\/03\/Caesarstone_logo.jpg","width":1000,"height":158,"caption":"Caesarstone Canada"},"image":{"@id":"https:\/\/www.caesarstone.ca\/fr\/#\/schema\/logo\/image\/"},"sameAs":["https:\/\/www.facebook.com\/CaesarstoneCA","https:\/\/www.instagram.com\/caesarstoneca\/","https:\/\/www.linkedin.com\/company\/caesarstone-canada\/","https:\/\/www.youtube.com\/@CaesarstoneNA"]}]}},"_links":{"self":[{"href":"https:\/\/www.caesarstone.ca\/fr\/wp-json\/wp\/v2\/pages\/83119","targetHints":{"allow":["GET"]}}],"collection":[{"href":"https:\/\/www.caesarstone.ca\/fr\/wp-json\/wp\/v2\/pages"}],"about":[{"href":"https:\/\/www.caesarstone.ca\/fr\/wp-json\/wp\/v2\/types\/page"}],"author":[{"embeddable":true,"href":"https:\/\/www.caesarstone.ca\/fr\/wp-json\/wp\/v2\/users\/7"}],"replies":[{"embeddable":true,"href":"https:\/\/www.caesarstone.ca\/fr\/wp-json\/wp\/v2\/comments?post=83119"}],"version-history":[{"count":36,"href":"https:\/\/www.caesarstone.ca\/fr\/wp-json\/wp\/v2\/pages\/83119\/revisions"}],"predecessor-version":[{"id":85143,"href":"https:\/\/www.caesarstone.ca\/fr\/wp-json\/wp\/v2\/pages\/83119\/revisions\/85143"}],"wp:attachment":[{"href":"https:\/\/www.caesarstone.ca\/fr\/wp-json\/wp\/v2\/media?parent=83119"}],"curies":[{"name":"wp","href":"https:\/\/api.w.org\/{rel}","templated":true}]}}