{"id":85714,"date":"2026-05-04T11:22:34","date_gmt":"2026-05-04T17:22:34","guid":{"rendered":"https:\/\/www.caesarstone.ca\/?page_id=85714"},"modified":"2026-05-04T12:15:04","modified_gmt":"2026-05-04T18:15:04","slug":"unearthed-collection-2026","status":"publish","type":"page","link":"https:\/\/www.caesarstone.ca\/fr\/unearthed-collection-2026\/","title":{"rendered":"The Unearthed Collection 2026"},"content":{"rendered":"","protected":false},"excerpt":{"rendered":"","protected":false},"author":6071,"featured_media":0,"parent":0,"menu_order":0,"comment_status":"closed","ping_status":"closed","template":"templates\/collection-master.php","meta":{"_acf_changed":false,"footnotes":""},"class_list":["post-85714","page","type-page","status-publish","hentry"],"acf":{"show_intro":true,"intro":{"title":"D\u00e9couvrez votre r\u00eave.","content":"La nouvelle collection Unearthed de Caesarstone ICON\u2122 s\u2019inspire des tendances r\u00e9volutionnaires en art et en design, et se distingue par ses surfaces sophistiqu\u00e9es compos\u00e9es de mat\u00e9riaux fusionn\u00e9s qui contient environ 85 % de mat\u00e9riaux recycl\u00e9s. Cette collection refl\u00e8te une r\u00e9flexion profonde sur notre \u00e9poque caract\u00e9ris\u00e9e par un progr\u00e8s effr\u00e9n\u00e9. ","link":"","large_image":85681,"image":85683},"show_intro_paragraph":false,"intro_paragraph":{"title":"","content":"","link":null},"show_text_typing":false,"text_typing":{"text":""},"show_upper_gallery":true,"upper_gallery":[{"use_dynamic_data":true,"catalog_item":null,"dynamic_data":{"upper_text":"","upper_desc":"","title":"8251 Taj Whisper","link":{"title":"Afficher la couleur","url":"https:\/\/www.caesarstone.ca\/fr\/countertops\/8251-taj-whisper\/","target":""}},"render_image":85690,"slab_image":85692,"is_white":false},{"use_dynamic_data":true,"catalog_item":null,"dynamic_data":{"upper_text":"","upper_desc":"","title":"8252 Sedara","link":{"title":"Afficher la couleur","url":"https:\/\/www.caesarstone.ca\/fr\/countertops\/8252-sedara\/","target":""}},"render_image":85694,"slab_image":85696,"is_white":false},{"use_dynamic_data":true,"catalog_item":null,"dynamic_data":{"upper_text":"","upper_desc":"","title":"5105 Calacatta Dreamwave","link":{"title":"Afficher la couleur","url":"https:\/\/www.caesarstone.ca\/fr\/countertops\/5105-calacatta-dreamwave\/","target":""}},"render_image":85699,"slab_image":85701,"is_white":false}],"show_technical_information":false,"technical_information":{"title":"","items":null},"show_lower_gallery":false,"lower_gallery":null,"show_paragraph_logos":true,"paragraph_logos":{"title":"Une beaut\u00e9 aussi sobre que s\u00e9duisante.","content":"Gr\u00e2ce \u00e0 ses tons de terre et \u00e0 ses palettes de couleurs chaudes, la collection Unearthed de Caesarstone ICON\u2122 insuffle une nouvelle vitalit\u00e9 dans des d\u00e9cors familiers. Elle r\u00e9interpr\u00e8te des concepts que l\u2019on croyait immuables, comme le luxe.","link":"","logos":null},"show_color_strip":true,"color_strip":[85477,85475,85476],"show_technologies":true,"technologies":{"title":"Une conception sans regret.","content":"La collection Unearthed utilise exclusivement les surfaces sophistiqu\u00e9es compos\u00e9es de mat\u00e9riaux fusionn\u00e9s de Caesarstone ICON\u2122, qui incarnent la durabilit\u00e9 en mati\u00e8re de conception.","cards":[{"title":"Prenez soin de votre int\u00e9rieur","desc":"Les surfaces sophistiqu\u00e9es de mat\u00e9riaux fusionn\u00e9s de cette collection fabriqu\u00e9es \u00e0 partir d\u2019un m\u00e9lange en instance de brevet sont compos\u00e9es \u00e0 environ 85 % de mat\u00e9riaux recycl\u00e9s et de mat\u00e9riaux innovants.","link":"","image":85705,"show_video":false,"video_url":""},{"title":"Conception iconique","desc":"Gr\u00e2ce \u00e0 leur profondeur et leur transparence sans pr\u00e9c\u00e9dent, les surfaces Caesarstone ICON\u2122 offrent de nouvelles possibilit\u00e9s de conception.","link":"","image":85707,"show_video":false,"video_url":""},{"title":"Mat\u00e9riau innovateur","desc":"Toutes les surfaces Caesarstone ICON\u2122 sont exemptes de silice cristalline* (* Peut contenir des traces de silice cristalline inf\u00e9rieures \u00e0 1 %).","link":"","image":85709,"show_video":false,"video_url":""}]},"show_benefits":false,"benefits":{"hide":false,"title":"","items":null},"show_technologies_collection":false,"technologies_collection":{"title":"","cards":null},"show_paragraph_single":false,"paragraph_single":{"title":"","content":"","link":"","image":null,"mobile_image":null},"show_quote":false,"quote":{"title":"","image":null,"mobile_image":null},"show_services":true,"services":[{"title":"C\u00e9l\u00e9brez la d\u00e9couverte de l\u2019authenticit\u00e9","subtext":"Transformer les tendances actuelles en cr\u00e9ations intemporelles.","content":"Nos nouvelles surfaces \u00e9liminent le superflu pour r\u00e9v\u00e9ler l\u2019\u00e9l\u00e9gance sobre de Caesarstone. Elles sont pens\u00e9es pour cr\u00e9er des d\u00e9cors int\u00e9rieurs authentiques, personnalis\u00e9s et rassurants, qui seront totalement inclusifs et accueillants. ","link":{"title":"Notre approche","url":"https:\/\/www.caesarstone.ca\/fr\/pourquoi-choisir-caesarstone\/","target":""},"image":85712,"mobile_image":null}],"video":{"show_section":false,"title":"","subtitle":"","image":null,"show_video":false,"video_url":"","mobile_video_url":""},"related_articles":{"show_section":false,"title":"","description":"","link":"","items":""},"faq":{"show_section":true,"title":"FAQ","items":[{"title":"Qu\u2019est-ce que ICON de Caesarstone?","content":"ICON de Caesarstone est le nom de marque de notre technologie innovante en mati\u00e8re de surfaces\u00a0: des surfaces sophistiqu\u00e9es de mat\u00e9riaux fusionn\u00e9s. Depuis deux ans, ces surfaces r\u00e9volutionnaires connaissent un franc succ\u00e8s. Elles sont fabriqu\u00e9es \u00e0 partir d\u2019un m\u00e9lange unique contenant environ 85\u00a0% de mat\u00e9riaux recycl\u00e9s et de mat\u00e9riaux innovants sophistiqu\u00e9s. Icon de Caesarstone est sans silice cristalline* et \u00e9tablit une nouvelle r\u00e9f\u00e9rence en mati\u00e8re de durabilit\u00e9, d\u2019esth\u00e9tique et de rendement dans l\u2019industrie des surfaces.\r\n\r\nLa d\u00e9finition du mat\u00e9riau correspond \u00e0 des surfaces sophistiqu\u00e9es de mat\u00e9riaux fusionn\u00e9s\r\n<ul>\r\n \t<li>Notre m\u00e9lange unique en instance de brevet contient moins de 1\u00a0% de silice cristalline.<\/li>\r\n \t<li><strong>Durables\u00a0:<\/strong> M\u00e9lange de mat\u00e9riaux innovants et de mat\u00e9riaux recycl\u00e9s.<\/li>\r\n \t<li><strong>Superbes\u00a0:<\/strong> Le nouveau m\u00e9lange nous permet d\u2019optimiser les possibilit\u00e9s de conception, y compris la profondeur et la transparence.<\/li>\r\n<\/ul>\r\n*Peut contenir des traces de silice cristalline inf\u00e9rieures \u00e0 1\u00a0%.","link":""},{"title":"Que sont les surfaces sophistiqu\u00e9es de mat\u00e9riaux fusionn\u00e9s?","content":"Le dernier cri de notre technologie en mati\u00e8re de surfaces repose sur un m\u00e9lange de mat\u00e9riaux sans silice cristalline, en instance de brevet\u00a0: une formule unique qui \u00e9tablit une nouvelle norme en mati\u00e8re d\u2019innovation et de durabilit\u00e9. Ce mat\u00e9riau avanc\u00e9 se compose d\u2019un m\u00e9lange exclusif d\u2019ingr\u00e9dients innovants et de contenu recycl\u00e9, con\u00e7u pour satisfaire aux besoins en constante \u00e9volution de l\u2019industrie, sans toutefois compromettre le rendement ou l\u2019esth\u00e9tique.\r\n\r\nNous ne pouvons pas divulguer tous les d\u00e9tails de sa composition en raison de sa nature d\u00e9licate sur le plan commercial, mais nous pouvons confirmer que ce mat\u00e9riau r\u00e9volutionnaire est con\u00e7u selon le m\u00eame proc\u00e9d\u00e9 de fabrication \u00e9prouv\u00e9 et utilis\u00e9 pour les surfaces traditionnelles en quartz, ce qui en garantit l\u2019uniformit\u00e9, la qualit\u00e9 et le caract\u00e8re \u00e9volutif, et ce, dans toutes les installations de production \u00e0 l\u2019\u00e9chelle mondiale.\r\n\r\nNous pr\u00e9voyons d\u2019obtenir les brevets pour cette technologie et ses mati\u00e8res premi\u00e8res d\u2019ici un \u00e0 deux ans, ce qui renforcera notre engagement envers l\u2019innovation continue et notre position avant-gardiste au sein de l\u2019industrie.","link":""},{"title":"Quelles sont les principales sources d\u2019inspiration de la collection Unearthed?","content":"Dans la continuit\u00e9 de la collection ICON de Caesarstone\u00a02025, la collection Unearthed s\u2019inspire des tendances actuelles en art, en mode et en d\u00e9coration int\u00e9rieure, qui regorgent de tons terreux, de palettes de couleurs chaudes et de patines envo\u00fbtantes. La nature demeure une source d\u2019inspiration incontournable\u00a0: la beaut\u00e9 des pierres naturelles, la terre nourrici\u00e8re, la v\u00e9g\u00e9tation luxuriante, et m\u00eame nos propres souvenirs et traditions.","link":""},{"title":"Quels styles et quelles pi\u00e8ces s\u2019harmonisent le mieux avec les surfaces Unearthed?","content":"Les tons chaleureux et terreux de cette collection s\u2019agencent \u00e0 merveille aux d\u00e9cors, tant modernes que traditionnels, et conviennent autant aux int\u00e9rieurs r\u00e9sidentiels qu\u2019aux \u00e9tablissements h\u00f4teliers ou aux centres de bien-\u00eatre. Lorsque vient le temps de choisir la surface Unearthed id\u00e9ale pour votre d\u00e9cor, plusieurs facteurs sont \u00e0 consid\u00e9rer\u00a0: la couleur du plancher et des murs, la menuiserie, les rev\u00eatements textiles, l\u2019\u00e9clairage et, surtout, vos go\u00fbts personnels. Les designers et les propri\u00e9taires \u00e0 la recherche d\u2019une surface \u00e0 la mode trouveront certainement leur bonheur parmi la gamme de produits de la collection Unearthed. Nous vous recommandons \u00e9galement d\u2019explorer la gamme compl\u00e8te des produits ICON de Caesarstone, qui compte 59\u00a0magnifiques cr\u00e9ations.","link":""},{"title":"Quelle est la meilleure description du style de la collection Unearthed?","content":"Pour la cr\u00e9ation de la collection Unearthed, nos designers ont d\u00e9cid\u00e9 de transformer les tendances actuelles en cr\u00e9ations intemporelles. Face \u00e0 l\u2019engouement croissant pour les tons neutres et les patines naturelles, les couleurs de fond des surfaces vont du gris opaque au blanc cass\u00e9 chaleureux, en passant par des tons sable et beige. La collection met \u00e9galement \u00e0 l\u2019honneur les veinures\u00a0: des veinures vertes, terracotta et brunes d\u00e9gagent une beaut\u00e9 organique qui met en valeur la complexit\u00e9 des couleurs et la richesse des textures.","link":""}],"link":""},"show_closing_cta":false,"closing_cta":{"title":"","items":null},"show_cta":false,"ctas":null,"use_geniq_logo":false,"hero":{"items":[{"image":85685,"mobile_image":85687,"video_url":"https:\/\/vimeo.com\/1174700780","mobile_video_url":"https:\/\/vimeo.com\/1174701845","contents":[{"title":"Caesarstone ICON\u2122<br>La collection Unearthed","link":{"title":"Voir le catalogue","url":"https:\/\/www.caesarstone.ca\/fr\/countertops\/?material=surfaces-de-materiaux-fusionnes","target":""}}]}]},"related_post_card":{"title":"","desc":"","image":null,"video_url":""}},"yoast_head":"<!-- This site is optimized with the Yoast SEO Premium plugin v27.2 (Yoast SEO v27.2) - https:\/\/yoast.com\/product\/yoast-seo-premium-wordpress\/ -->\n<title>Caesarstone ICON\u2122 Collection Unearthed | Surfaces de mat\u00e9riaux fusionn\u00e9s recycl\u00e9s<\/title>\n<meta name=\"description\" content=\"D\u00e9couvrez la collection Unearthed de Caesarstone ICON\u2122 : des surfaces sophistiqu\u00e9es compos\u00e9es d&#039;environ 85 % de mat\u00e9riaux recycl\u00e9s, sans silice cristalline. Tons terreux, veinures organiques et esth\u00e9tique intemporelle pour vos int\u00e9rieurs.\" \/>\n<meta name=\"robots\" content=\"index, follow, max-snippet:-1, max-image-preview:large, max-video-preview:-1\" \/>\n<link rel=\"canonical\" href=\"https:\/\/www.caesarstone.ca\/fr\/unearthed-collection-2026\/\" \/>\n<meta property=\"og:locale\" content=\"fr_CA\" \/>\n<meta property=\"og:type\" content=\"article\" \/>\n<meta property=\"og:title\" content=\"The Unearthed Collection 2026\" \/>\n<meta property=\"og:description\" content=\"D\u00e9couvrez la collection Unearthed de Caesarstone ICON\u2122 : des surfaces sophistiqu\u00e9es compos\u00e9es d&#039;environ 85 % de mat\u00e9riaux recycl\u00e9s, sans silice cristalline. Tons terreux, veinures organiques et esth\u00e9tique intemporelle pour vos int\u00e9rieurs.\" \/>\n<meta property=\"og:url\" content=\"https:\/\/www.caesarstone.ca\/fr\/unearthed-collection-2026\/\" \/>\n<meta property=\"og:site_name\" content=\"Caesarstone Canada\" \/>\n<meta property=\"article:publisher\" content=\"https:\/\/www.facebook.com\/CaesarstoneCA\" \/>\n<meta property=\"article:modified_time\" content=\"2026-05-04T18:15:04+00:00\" \/>\n<meta name=\"twitter:card\" content=\"summary_large_image\" \/>\n<meta name=\"twitter:label1\" content=\"Est. reading time\" \/>\n\t<meta name=\"twitter:data1\" content=\"7 minutes\" \/>\n<script type=\"application\/ld+json\" class=\"yoast-schema-graph\">{\"@context\":\"https:\/\/schema.org\",\"@graph\":[{\"@type\":\"WebPage\",\"@id\":\"https:\/\/www.caesarstone.ca\/fr\/unearthed-collection-2026\/\",\"url\":\"https:\/\/www.caesarstone.ca\/fr\/unearthed-collection-2026\/\",\"name\":\"Caesarstone ICON\u2122 Collection Unearthed | Surfaces de mat\u00e9riaux fusionn\u00e9s recycl\u00e9s\",\"isPartOf\":{\"@id\":\"https:\/\/www.caesarstone.ca\/fr\/#website\"},\"datePublished\":\"2026-05-04T17:22:34+00:00\",\"dateModified\":\"2026-05-04T18:15:04+00:00\",\"description\":\"D\u00e9couvrez la collection Unearthed de Caesarstone ICON\u2122 : des surfaces sophistiqu\u00e9es compos\u00e9es d'environ 85 % de mat\u00e9riaux recycl\u00e9s, sans silice cristalline. Tons terreux, veinures organiques et esth\u00e9tique intemporelle pour vos int\u00e9rieurs.\",\"breadcrumb\":{\"@id\":\"https:\/\/www.caesarstone.ca\/fr\/unearthed-collection-2026\/#breadcrumb\"},\"inLanguage\":\"fr-CA\",\"potentialAction\":[{\"@type\":\"ReadAction\",\"target\":[\"https:\/\/www.caesarstone.ca\/fr\/unearthed-collection-2026\/\"]}]},{\"@type\":\"BreadcrumbList\",\"@id\":\"https:\/\/www.caesarstone.ca\/fr\/unearthed-collection-2026\/#breadcrumb\",\"itemListElement\":[{\"@type\":\"ListItem\",\"position\":1,\"name\":\"Home\",\"item\":\"https:\/\/www.caesarstone.ca\/fr\/\"},{\"@type\":\"ListItem\",\"position\":2,\"name\":\"The Unearthed Collection 2026\"}]},{\"@type\":\"WebSite\",\"@id\":\"https:\/\/www.caesarstone.ca\/fr\/#website\",\"url\":\"https:\/\/www.caesarstone.ca\/fr\/\",\"name\":\"Caesarstone Canada\",\"description\":\"Life in Stone\",\"publisher\":{\"@id\":\"https:\/\/www.caesarstone.ca\/fr\/#organization\"},\"potentialAction\":[{\"@type\":\"SearchAction\",\"target\":{\"@type\":\"EntryPoint\",\"urlTemplate\":\"https:\/\/www.caesarstone.ca\/fr\/?s={search_term_string}\"},\"query-input\":{\"@type\":\"PropertyValueSpecification\",\"valueRequired\":true,\"valueName\":\"search_term_string\"}}],\"inLanguage\":\"fr-CA\"},{\"@type\":\"Organization\",\"@id\":\"https:\/\/www.caesarstone.ca\/fr\/#organization\",\"name\":\"Caesarstone Canada\",\"url\":\"https:\/\/www.caesarstone.ca\/fr\/\",\"logo\":{\"@type\":\"ImageObject\",\"inLanguage\":\"fr-CA\",\"@id\":\"https:\/\/www.caesarstone.ca\/fr\/#\/schema\/logo\/image\/\",\"url\":\"https:\/\/www.caesarstone.ca\/wp-content\/uploads\/sites\/5\/2026\/03\/Caesarstone_logo.jpg\",\"contentUrl\":\"https:\/\/www.caesarstone.ca\/wp-content\/uploads\/sites\/5\/2026\/03\/Caesarstone_logo.jpg\",\"width\":1000,\"height\":158,\"caption\":\"Caesarstone Canada\"},\"image\":{\"@id\":\"https:\/\/www.caesarstone.ca\/fr\/#\/schema\/logo\/image\/\"},\"sameAs\":[\"https:\/\/www.facebook.com\/CaesarstoneCA\",\"https:\/\/www.instagram.com\/caesarstoneca\/\",\"https:\/\/www.linkedin.com\/company\/caesarstone-canada\/\",\"https:\/\/www.youtube.com\/@CaesarstoneNA\"]}]}<\/script>\n<!-- \/ Yoast SEO Premium plugin. -->","yoast_head_json":{"title":"Caesarstone ICON\u2122 Collection Unearthed | Surfaces de mat\u00e9riaux fusionn\u00e9s recycl\u00e9s","description":"D\u00e9couvrez la collection Unearthed de Caesarstone ICON\u2122 : des surfaces sophistiqu\u00e9es compos\u00e9es d'environ 85 % de mat\u00e9riaux recycl\u00e9s, sans silice cristalline. Tons terreux, veinures organiques et esth\u00e9tique intemporelle pour vos int\u00e9rieurs.","robots":{"index":"index","follow":"follow","max-snippet":"max-snippet:-1","max-image-preview":"max-image-preview:large","max-video-preview":"max-video-preview:-1"},"canonical":"https:\/\/www.caesarstone.ca\/fr\/unearthed-collection-2026\/","og_locale":"fr_CA","og_type":"article","og_title":"The Unearthed Collection 2026","og_description":"D\u00e9couvrez la collection Unearthed de Caesarstone ICON\u2122 : des surfaces sophistiqu\u00e9es compos\u00e9es d'environ 85 % de mat\u00e9riaux recycl\u00e9s, sans silice cristalline. Tons terreux, veinures organiques et esth\u00e9tique intemporelle pour vos int\u00e9rieurs.","og_url":"https:\/\/www.caesarstone.ca\/fr\/unearthed-collection-2026\/","og_site_name":"Caesarstone Canada","article_publisher":"https:\/\/www.facebook.com\/CaesarstoneCA","article_modified_time":"2026-05-04T18:15:04+00:00","twitter_card":"summary_large_image","twitter_misc":{"Est. reading time":"7 minutes"},"schema":{"@context":"https:\/\/schema.org","@graph":[{"@type":"WebPage","@id":"https:\/\/www.caesarstone.ca\/fr\/unearthed-collection-2026\/","url":"https:\/\/www.caesarstone.ca\/fr\/unearthed-collection-2026\/","name":"Caesarstone ICON\u2122 Collection Unearthed | Surfaces de mat\u00e9riaux fusionn\u00e9s recycl\u00e9s","isPartOf":{"@id":"https:\/\/www.caesarstone.ca\/fr\/#website"},"datePublished":"2026-05-04T17:22:34+00:00","dateModified":"2026-05-04T18:15:04+00:00","description":"D\u00e9couvrez la collection Unearthed de Caesarstone ICON\u2122 : des surfaces sophistiqu\u00e9es compos\u00e9es d'environ 85 % de mat\u00e9riaux recycl\u00e9s, sans silice cristalline. Tons terreux, veinures organiques et esth\u00e9tique intemporelle pour vos int\u00e9rieurs.","breadcrumb":{"@id":"https:\/\/www.caesarstone.ca\/fr\/unearthed-collection-2026\/#breadcrumb"},"inLanguage":"fr-CA","potentialAction":[{"@type":"ReadAction","target":["https:\/\/www.caesarstone.ca\/fr\/unearthed-collection-2026\/"]}]},{"@type":"BreadcrumbList","@id":"https:\/\/www.caesarstone.ca\/fr\/unearthed-collection-2026\/#breadcrumb","itemListElement":[{"@type":"ListItem","position":1,"name":"Home","item":"https:\/\/www.caesarstone.ca\/fr\/"},{"@type":"ListItem","position":2,"name":"The Unearthed Collection 2026"}]},{"@type":"WebSite","@id":"https:\/\/www.caesarstone.ca\/fr\/#website","url":"https:\/\/www.caesarstone.ca\/fr\/","name":"Caesarstone Canada","description":"Life in Stone","publisher":{"@id":"https:\/\/www.caesarstone.ca\/fr\/#organization"},"potentialAction":[{"@type":"SearchAction","target":{"@type":"EntryPoint","urlTemplate":"https:\/\/www.caesarstone.ca\/fr\/?s={search_term_string}"},"query-input":{"@type":"PropertyValueSpecification","valueRequired":true,"valueName":"search_term_string"}}],"inLanguage":"fr-CA"},{"@type":"Organization","@id":"https:\/\/www.caesarstone.ca\/fr\/#organization","name":"Caesarstone Canada","url":"https:\/\/www.caesarstone.ca\/fr\/","logo":{"@type":"ImageObject","inLanguage":"fr-CA","@id":"https:\/\/www.caesarstone.ca\/fr\/#\/schema\/logo\/image\/","url":"https:\/\/www.caesarstone.ca\/wp-content\/uploads\/sites\/5\/2026\/03\/Caesarstone_logo.jpg","contentUrl":"https:\/\/www.caesarstone.ca\/wp-content\/uploads\/sites\/5\/2026\/03\/Caesarstone_logo.jpg","width":1000,"height":158,"caption":"Caesarstone Canada"},"image":{"@id":"https:\/\/www.caesarstone.ca\/fr\/#\/schema\/logo\/image\/"},"sameAs":["https:\/\/www.facebook.com\/CaesarstoneCA","https:\/\/www.instagram.com\/caesarstoneca\/","https:\/\/www.linkedin.com\/company\/caesarstone-canada\/","https:\/\/www.youtube.com\/@CaesarstoneNA"]}]}},"_links":{"self":[{"href":"https:\/\/www.caesarstone.ca\/fr\/wp-json\/wp\/v2\/pages\/85714","targetHints":{"allow":["GET"]}}],"collection":[{"href":"https:\/\/www.caesarstone.ca\/fr\/wp-json\/wp\/v2\/pages"}],"about":[{"href":"https:\/\/www.caesarstone.ca\/fr\/wp-json\/wp\/v2\/types\/page"}],"author":[{"embeddable":true,"href":"https:\/\/www.caesarstone.ca\/fr\/wp-json\/wp\/v2\/users\/6071"}],"replies":[{"embeddable":true,"href":"https:\/\/www.caesarstone.ca\/fr\/wp-json\/wp\/v2\/comments?post=85714"}],"version-history":[{"count":11,"href":"https:\/\/www.caesarstone.ca\/fr\/wp-json\/wp\/v2\/pages\/85714\/revisions"}],"predecessor-version":[{"id":85856,"href":"https:\/\/www.caesarstone.ca\/fr\/wp-json\/wp\/v2\/pages\/85714\/revisions\/85856"}],"acf:post":[{"embeddable":true,"href":"https:\/\/www.caesarstone.ca\/fr\/wp-json\/wp\/v2\/catalog\/85476"},{"embeddable":true,"href":"https:\/\/www.caesarstone.ca\/fr\/wp-json\/wp\/v2\/catalog\/85475"},{"embeddable":true,"href":"https:\/\/www.caesarstone.ca\/fr\/wp-json\/wp\/v2\/catalog\/85477"}],"wp:attachment":[{"href":"https:\/\/www.caesarstone.ca\/fr\/wp-json\/wp\/v2\/media?parent=85714"}],"curies":[{"name":"wp","href":"https:\/\/api.w.org\/{rel}","templated":true}]}}